{"id":102,"date":"2012-05-28T16:02:01","date_gmt":"2012-05-28T15:02:01","guid":{"rendered":"https:\/\/www.itakaescolapios.org\/?page_id=102"},"modified":"2025-03-19T11:32:52","modified_gmt":"2025-03-19T10:32:52","slug":"cabana-de-trueba","status":"publish","type":"page","link":"https:\/\/www.itakaescolapios.org\/ca\/que-fem\/albergs\/cabana-de-trueba\/","title":{"rendered":"Caba\u00f1a de Trueba"},"content":{"rendered":"<p align=\"JUSTIFY\">La caba\u00f1a de Estacas de Trueba se encuentra en Sel de Losa en el Valle de Trueba en la provincia de Burgos, a 90 km de Bilbao.<\/p>\n<p align=\"JUSTIFY\">Salida de Bilbao direcci\u00f3n Balmaseda (BI-636). Desde all\u00ed hay que ir a Espinosa de los Monteros, pasando al lado de Villasana de Mena y subiendo el Puerto de El Cabrio.Pasar Espinosa de los Monteros, salir del pueblo y seguir direcci\u00f3n a Las Machorras. Tras pasar este pueblo encontraremos un cruce que divide la carretera en dos, una direcci\u00f3n carretera hacia Lunada (no coger esta carretera) y otra en direcci\u00f3n al puerto de ESTACAS DE TRUEBA (esta es la carretera que hay que coger). A unos 8 km del cruce encontraremos la verja de entrada a la caba\u00f1a.<\/p>\n<p align=\"JUSTIFY\">La Caba\u00f1a tiene una capacidad para cerca de 40 personas. Dispone de calefacci\u00f3n y agua caliente.<\/p>\n<p align=\"JUSTIFY\">La casa consta de 2 plantas. En la planta baja est\u00e1 la cocina, sala grande de comedor, sala de juegos (futbol\u00edn y mesa de ping pong) y zona de ba\u00f1os y duchas. En la 1\u00aa planta hay un dormitorio grande con literas y una habitaci\u00f3n peque\u00f1a de 2 literas dobles. Hay una sala de reuniones contigua con chimenea y TV y DVD.<\/p>\n<p align=\"JUSTIFY\">Los exteriores son amplias campas que lindan con el r\u00edo Trueba. Hay posibilidad de muchas excursiones por la zona, Castro Balnera, Valle del Pas, T\u00fanel de La Enga\u00f1a\u2026<\/p>\n<p align=\"JUSTIFY\">La casa puede alquilarse al completo y est\u00e1 totalmente equipada. Tienen prioridad en las reservas los colegios, ikastolas, parroquias, clubs de tiempo libre y asociaciones de trasfondo principalmente educativo.<\/p>\n<p align=\"JUSTIFY\">No se ofrece servicio de cocinera.<\/p>\n<p align=\"JUSTIFY\">Para consultar los precios y disponibilidad, p\u00f3ngase en contacto con la oficina de la sede de Bilbao de la Fundaci\u00f3n Itaka Escolapios.<\/p>\n<p><!--more--><\/p>\n","protected":false},"excerpt":{"rendered":"<p>La caba\u00f1a de Estacas de Trueba se encuentra en Sel de Losa en el Valle de Trueba en la provincia de Burgos, a 90 km de Bilbao. Salida de Bilbao [&hellip;]<\/p>\n","protected":false},"author":1,"featured_media":1179,"parent":51317,"menu_order":2,"comment_status":"closed","ping_status":"closed","template":"","meta":{"_et_pb_use_builder":"","_et_pb_old_content":"","_et_gb_content_width":"","footnotes":""},"class_list":["post-102","page","type-page","status-publish","has-post-thumbnail","hentry"],"yoast_head":"<!-- This site is optimized with the Yoast SEO plugin v27.3 - https:\/\/yoast.com\/product\/yoast-seo-wordpress\/ -->\n<title>Caba\u00f1a de Trueba<\/title>\n<meta name=\"description\" content=\"La caba\u00f1a de Estacas de Trueba se encuentra en Sel de Losa en el Valle de Trueba en la provincia de Burgos, a 90 km de Bilbao. Salida de Bilbao direcci\u00f3n Balmaseda (BI-636). Desde all\u00ed hay que ir a Espinosa de los Monteros, pasando al lado de Villasana de Mena y subiendo el Puerto de&hellip;\" \/>\n<meta name=\"robots\" content=\"index, follow, max-snippet:-1, max-image-preview:large, max-video-preview:-1\" \/>\n<link rel=\"canonical\" href=\"http:\/\/La%20caba\u00f1a%20de%20Estacas%20de%20Trueba%20se%20encuentra%20en%20Sel%20de%20Losa%20en%20el%20Valle%20de%20Trueba%20en%20la%20provincia%20de%20Burgos,%20a%2090%20km%20de%20Bilbao.%20Salida%20de%20Bilbao%20direcci\u00f3n%20Balmaseda%20(BI-636).%20Desde%20all\u00ed%20hay%20que%20ir%20a%20Espinosa%20de%20los%20Monteros,%20pasando%20al%20lado%20de%20Villasana%20de%20Mena%20y%20subiendo%20el%20Puerto%20de&hellip;\" \/>\n<meta property=\"og:locale\" content=\"ca_ES\" \/>\n<meta property=\"og:type\" content=\"article\" \/>\n<meta property=\"og:title\" content=\"Caba\u00f1a de Trueba\" \/>\n<meta property=\"og:description\" content=\"La caba\u00f1a de Estacas de Trueba se encuentra en Sel de Losa en el Valle de Trueba en la provincia de Burgos, a 90 km de Bilbao. Salida de Bilbao direcci\u00f3n Balmaseda (BI-636). Desde all\u00ed hay que ir a Espinosa de los Monteros, pasando al lado de Villasana de Mena y subiendo el Puerto de&hellip;\" \/>\n<meta property=\"og:url\" content=\"https:\/\/www.itakaescolapios.org\/ca\/que-fem\/albergs\/cabana-de-trueba\/\" \/>\n<meta property=\"og:site_name\" content=\"Itaka-Escolapios\" \/>\n<meta property=\"article:modified_time\" content=\"2025-03-19T10:32:52+00:00\" \/>\n<meta property=\"og:image\" content=\"https:\/\/www.itakaescolapios.org\/wp-content\/uploads\/2012\/05\/Albergues-Trueba-1-Bilbao.jpg\" \/>\n\t<meta property=\"og:image:width\" content=\"1980\" \/>\n\t<meta property=\"og:image:height\" content=\"1500\" \/>\n\t<meta property=\"og:image:type\" content=\"image\/jpeg\" \/>\n<meta name=\"twitter:card\" content=\"summary_large_image\" \/>\n<meta name=\"twitter:label1\" content=\"Temps estimat de lectura\" \/>\n\t<meta name=\"twitter:data1\" content=\"2 minuts\" \/>\n<script type=\"application\/ld+json\" class=\"yoast-schema-graph\">{\"@context\":\"https:\\\/\\\/schema.org\",\"@graph\":[{\"@type\":\"WebPage\",\"@id\":\"https:\\\/\\\/www.itakaescolapios.org\\\/ca\\\/que-fem\\\/albergs\\\/cabana-de-trueba\\\/\",\"url\":\"https:\\\/\\\/www.itakaescolapios.org\\\/ca\\\/que-fem\\\/albergs\\\/cabana-de-trueba\\\/\",\"name\":\"Caba\u00f1a de Trueba - Itaka-Escolapios\",\"isPartOf\":{\"@id\":\"https:\\\/\\\/www.itakaescolapios.org\\\/es\\\/#website\"},\"primaryImageOfPage\":{\"@id\":\"https:\\\/\\\/www.itakaescolapios.org\\\/ca\\\/que-fem\\\/albergs\\\/cabana-de-trueba\\\/#primaryimage\"},\"image\":{\"@id\":\"https:\\\/\\\/www.itakaescolapios.org\\\/ca\\\/que-fem\\\/albergs\\\/cabana-de-trueba\\\/#primaryimage\"},\"thumbnailUrl\":\"https:\\\/\\\/www.itakaescolapios.org\\\/wp-content\\\/uploads\\\/2012\\\/05\\\/Albergues-Trueba-1-Bilbao.jpg\",\"datePublished\":\"2012-05-28T15:02:01+00:00\",\"dateModified\":\"2025-03-19T10:32:52+00:00\",\"breadcrumb\":{\"@id\":\"https:\\\/\\\/www.itakaescolapios.org\\\/ca\\\/que-fem\\\/albergs\\\/cabana-de-trueba\\\/#breadcrumb\"},\"inLanguage\":\"ca\",\"potentialAction\":[{\"@type\":\"ReadAction\",\"target\":[\"https:\\\/\\\/www.itakaescolapios.org\\\/ca\\\/que-fem\\\/albergs\\\/cabana-de-trueba\\\/\"]}]},{\"@type\":\"ImageObject\",\"inLanguage\":\"ca\",\"@id\":\"https:\\\/\\\/www.itakaescolapios.org\\\/ca\\\/que-fem\\\/albergs\\\/cabana-de-trueba\\\/#primaryimage\",\"url\":\"https:\\\/\\\/www.itakaescolapios.org\\\/wp-content\\\/uploads\\\/2012\\\/05\\\/Albergues-Trueba-1-Bilbao.jpg\",\"contentUrl\":\"https:\\\/\\\/www.itakaescolapios.org\\\/wp-content\\\/uploads\\\/2012\\\/05\\\/Albergues-Trueba-1-Bilbao.jpg\",\"width\":1980,\"height\":1500},{\"@type\":\"BreadcrumbList\",\"@id\":\"https:\\\/\\\/www.itakaescolapios.org\\\/ca\\\/que-fem\\\/albergs\\\/cabana-de-trueba\\\/#breadcrumb\",\"itemListElement\":[{\"@type\":\"ListItem\",\"position\":1,\"name\":\"Itaka-Escolapios\",\"item\":\"https:\\\/\\\/www.itakaescolapios.org\\\/es\\\/\"},{\"@type\":\"ListItem\",\"position\":2,\"name\":\"Qu\u00e8 fem\",\"item\":\"https:\\\/\\\/www.itakaescolapios.org\\\/es\\\/que-hacemos\\\/\"},{\"@type\":\"ListItem\",\"position\":3,\"name\":\"Albergs\",\"item\":\"https:\\\/\\\/www.itakaescolapios.org\\\/es\\\/que-hacemos\\\/albergues-es\\\/\"},{\"@type\":\"ListItem\",\"position\":4,\"name\":\"Caba\u00f1a de Trueba\"}]},{\"@type\":\"WebSite\",\"@id\":\"https:\\\/\\\/www.itakaescolapios.org\\\/ca\\\/es\\\/#website\",\"url\":\"https:\\\/\\\/www.itakaescolapios.org\\\/ca\\\/es\\\/\",\"name\":\"Itaka-Escolapios\",\"description\":\"Red de Itaka-Escolapios\",\"publisher\":{\"@id\":\"https:\\\/\\\/www.itakaescolapios.org\\\/ca\\\/es\\\/#organization\"},\"potentialAction\":[{\"@type\":\"SearchAction\",\"target\":{\"@type\":\"EntryPoint\",\"urlTemplate\":\"https:\\\/\\\/www.itakaescolapios.org\\\/ca\\\/es\\\/?s={search_term_string}\"},\"query-input\":{\"@type\":\"PropertyValueSpecification\",\"valueRequired\":true,\"valueName\":\"search_term_string\"}}],\"inLanguage\":\"ca\"},{\"@type\":\"Organization\",\"@id\":\"https:\\\/\\\/www.itakaescolapios.org\\\/ca\\\/es\\\/#organization\",\"name\":\"Fundaci\u00f3 Itaka-Escolapios\",\"url\":\"https:\\\/\\\/www.itakaescolapios.org\\\/ca\\\/es\\\/\",\"logo\":{\"@type\":\"ImageObject\",\"inLanguage\":\"ca\",\"@id\":\"https:\\\/\\\/www.itakaescolapios.org\\\/ca\\\/es\\\/#\\\/schema\\\/logo\\\/image\\\/\",\"url\":\"https:\\\/\\\/www.itakaescolapios.org\\\/wp-content\\\/uploads\\\/2024\\\/04\\\/Logo-itakaescolapios-peque.png\",\"contentUrl\":\"https:\\\/\\\/www.itakaescolapios.org\\\/wp-content\\\/uploads\\\/2024\\\/04\\\/Logo-itakaescolapios-peque.png\",\"width\":500,\"height\":199,\"caption\":\"Fundaci\u00f3 Itaka-Escolapios\"},\"image\":{\"@id\":\"https:\\\/\\\/www.itakaescolapios.org\\\/ca\\\/es\\\/#\\\/schema\\\/logo\\\/image\\\/\"}}]}<\/script>\n<!-- \/ Yoast SEO plugin. -->","yoast_head_json":{"title":"Caba\u00f1a de Trueba","description":"La caba\u00f1a de Estacas de Trueba se encuentra en Sel de Losa en el Valle de Trueba en la provincia de Burgos, a 90 km de Bilbao. Salida de Bilbao direcci\u00f3n Balmaseda (BI-636). Desde all\u00ed hay que ir a Espinosa de los Monteros, pasando al lado de Villasana de Mena y subiendo el Puerto de&hellip;","robots":{"index":"index","follow":"follow","max-snippet":"max-snippet:-1","max-image-preview":"max-image-preview:large","max-video-preview":"max-video-preview:-1"},"canonical":"La caba\u00f1a de Estacas de Trueba se encuentra en Sel de Losa en el Valle de Trueba en la provincia de Burgos, a 90 km de Bilbao. Salida de Bilbao direcci\u00f3n Balmaseda (BI-636). Desde all\u00ed hay que ir a Espinosa de los Monteros, pasando al lado de Villasana de Mena y subiendo el Puerto de&hellip;","og_locale":"ca_ES","og_type":"article","og_title":"Caba\u00f1a de Trueba","og_description":"La caba\u00f1a de Estacas de Trueba se encuentra en Sel de Losa en el Valle de Trueba en la provincia de Burgos, a 90 km de Bilbao. Salida de Bilbao direcci\u00f3n Balmaseda (BI-636). Desde all\u00ed hay que ir a Espinosa de los Monteros, pasando al lado de Villasana de Mena y subiendo el Puerto de&hellip;","og_url":"https:\/\/www.itakaescolapios.org\/ca\/que-fem\/albergs\/cabana-de-trueba\/","og_site_name":"Itaka-Escolapios","article_modified_time":"2025-03-19T10:32:52+00:00","og_image":[{"width":1980,"height":1500,"url":"https:\/\/www.itakaescolapios.org\/wp-content\/uploads\/2012\/05\/Albergues-Trueba-1-Bilbao.jpg","type":"image\/jpeg"}],"twitter_card":"summary_large_image","twitter_misc":{"Temps estimat de lectura":"2 minuts"},"schema":{"@context":"https:\/\/schema.org","@graph":[{"@type":"WebPage","@id":"https:\/\/www.itakaescolapios.org\/ca\/que-fem\/albergs\/cabana-de-trueba\/","url":"https:\/\/www.itakaescolapios.org\/ca\/que-fem\/albergs\/cabana-de-trueba\/","name":"Caba\u00f1a de Trueba - Itaka-Escolapios","isPartOf":{"@id":"https:\/\/www.itakaescolapios.org\/es\/#website"},"primaryImageOfPage":{"@id":"https:\/\/www.itakaescolapios.org\/ca\/que-fem\/albergs\/cabana-de-trueba\/#primaryimage"},"image":{"@id":"https:\/\/www.itakaescolapios.org\/ca\/que-fem\/albergs\/cabana-de-trueba\/#primaryimage"},"thumbnailUrl":"https:\/\/www.itakaescolapios.org\/wp-content\/uploads\/2012\/05\/Albergues-Trueba-1-Bilbao.jpg","datePublished":"2012-05-28T15:02:01+00:00","dateModified":"2025-03-19T10:32:52+00:00","breadcrumb":{"@id":"https:\/\/www.itakaescolapios.org\/ca\/que-fem\/albergs\/cabana-de-trueba\/#breadcrumb"},"inLanguage":"ca","potentialAction":[{"@type":"ReadAction","target":["https:\/\/www.itakaescolapios.org\/ca\/que-fem\/albergs\/cabana-de-trueba\/"]}]},{"@type":"ImageObject","inLanguage":"ca","@id":"https:\/\/www.itakaescolapios.org\/ca\/que-fem\/albergs\/cabana-de-trueba\/#primaryimage","url":"https:\/\/www.itakaescolapios.org\/wp-content\/uploads\/2012\/05\/Albergues-Trueba-1-Bilbao.jpg","contentUrl":"https:\/\/www.itakaescolapios.org\/wp-content\/uploads\/2012\/05\/Albergues-Trueba-1-Bilbao.jpg","width":1980,"height":1500},{"@type":"BreadcrumbList","@id":"https:\/\/www.itakaescolapios.org\/ca\/que-fem\/albergs\/cabana-de-trueba\/#breadcrumb","itemListElement":[{"@type":"ListItem","position":1,"name":"Itaka-Escolapios","item":"https:\/\/www.itakaescolapios.org\/es\/"},{"@type":"ListItem","position":2,"name":"Qu\u00e8 fem","item":"https:\/\/www.itakaescolapios.org\/es\/que-hacemos\/"},{"@type":"ListItem","position":3,"name":"Albergs","item":"https:\/\/www.itakaescolapios.org\/es\/que-hacemos\/albergues-es\/"},{"@type":"ListItem","position":4,"name":"Caba\u00f1a de Trueba"}]},{"@type":"WebSite","@id":"https:\/\/www.itakaescolapios.org\/ca\/es\/#website","url":"https:\/\/www.itakaescolapios.org\/ca\/es\/","name":"Itaka-Escolapios","description":"Red de Itaka-Escolapios","publisher":{"@id":"https:\/\/www.itakaescolapios.org\/ca\/es\/#organization"},"potentialAction":[{"@type":"SearchAction","target":{"@type":"EntryPoint","urlTemplate":"https:\/\/www.itakaescolapios.org\/ca\/es\/?s={search_term_string}"},"query-input":{"@type":"PropertyValueSpecification","valueRequired":true,"valueName":"search_term_string"}}],"inLanguage":"ca"},{"@type":"Organization","@id":"https:\/\/www.itakaescolapios.org\/ca\/es\/#organization","name":"Fundaci\u00f3 Itaka-Escolapios","url":"https:\/\/www.itakaescolapios.org\/ca\/es\/","logo":{"@type":"ImageObject","inLanguage":"ca","@id":"https:\/\/www.itakaescolapios.org\/ca\/es\/#\/schema\/logo\/image\/","url":"https:\/\/www.itakaescolapios.org\/wp-content\/uploads\/2024\/04\/Logo-itakaescolapios-peque.png","contentUrl":"https:\/\/www.itakaescolapios.org\/wp-content\/uploads\/2024\/04\/Logo-itakaescolapios-peque.png","width":500,"height":199,"caption":"Fundaci\u00f3 Itaka-Escolapios"},"image":{"@id":"https:\/\/www.itakaescolapios.org\/ca\/es\/#\/schema\/logo\/image\/"}}]}},"_links":{"self":[{"href":"https:\/\/www.itakaescolapios.org\/ca\/wp-json\/wp\/v2\/pages\/102","targetHints":{"allow":["GET"]}}],"collection":[{"href":"https:\/\/www.itakaescolapios.org\/ca\/wp-json\/wp\/v2\/pages"}],"about":[{"href":"https:\/\/www.itakaescolapios.org\/ca\/wp-json\/wp\/v2\/types\/page"}],"author":[{"embeddable":true,"href":"https:\/\/www.itakaescolapios.org\/ca\/wp-json\/wp\/v2\/users\/1"}],"replies":[{"embeddable":true,"href":"https:\/\/www.itakaescolapios.org\/ca\/wp-json\/wp\/v2\/comments?post=102"}],"version-history":[{"count":9,"href":"https:\/\/www.itakaescolapios.org\/ca\/wp-json\/wp\/v2\/pages\/102\/revisions"}],"predecessor-version":[{"id":50330,"href":"https:\/\/www.itakaescolapios.org\/ca\/wp-json\/wp\/v2\/pages\/102\/revisions\/50330"}],"up":[{"embeddable":true,"href":"https:\/\/www.itakaescolapios.org\/ca\/wp-json\/wp\/v2\/pages\/51317"}],"wp:featuredmedia":[{"embeddable":true,"href":"https:\/\/www.itakaescolapios.org\/ca\/wp-json\/wp\/v2\/media\/1179"}],"wp:attachment":[{"href":"https:\/\/www.itakaescolapios.org\/ca\/wp-json\/wp\/v2\/media?parent=102"}],"curies":[{"name":"wp","href":"https:\/\/api.w.org\/{rel}","templated":true}]}}