{"id":11860,"date":"2015-02-11T14:45:54","date_gmt":"2015-02-11T13:45:54","guid":{"rendered":"https:\/\/www.itakaescolapios.org\/?page_id=11860"},"modified":"2023-11-28T12:38:47","modified_gmt":"2023-11-28T11:38:47","slug":"itavere-en-zaragoza-espana","status":"publish","type":"page","link":"https:\/\/www.itakaescolapios.org\/ca\/que-fem\/centros-socio-educativos\/itavere-en-zaragoza-espana\/","title":{"rendered":"IT\u00c1VERE EN ZARAGOZA (ESPA\u00d1A)"},"content":{"rendered":"<p>IT\u00c1VERE es un proyecto social de car\u00e1cter integrador y destinado a chicos y chicas con edades comprendidas entre 6 y 13 a\u00f1os. Se desarrolla en la ciudad de Zaragoza y para llevarlo a cabo se emplean las instalaciones del colegio Escuelas P\u00edas.<!--?xml:namespace prefix = \"o\" ns = \"urn:schemas-microsoft-com:office:office\" \/--><\/p>\n<p>Su nombre surge de la uni\u00f3n de las palabras Itaka y Trast\u00e9vere, siendo el barrio de San Pablo (lugar en el que se desarrolla) un barrio similar en los que San Jos\u00e9 de Calasanz trabajaba.<\/p>\n<p>Dicho proyecto surge de la necesidad que presenta el barrio de ofrecerles a los ni\u00f1os y j\u00f3venes un tiempo y un espacio id\u00f3neo para que adquieran y desarrollen habilidades sociales necesarias para poner en pr\u00e1ctica en su d\u00eda a d\u00eda. As\u00ed como para que desarrollen h\u00e1bitos positivos en su tiempo libre y para que generen oportunidades para mejorar su integraci\u00f3n social.<\/p>\n<p>Con It\u00e1vere buscamos que los ni\u00f1os m\u00e1s desfavorecidos y con riesgo de\u00a0exclusi\u00f3n social, tengan un espacio de convivencia con otros ni\u00f1os y puedan disfrutar de actividades y recursos que no est\u00e1n habitualmente a su alcance.<\/p>\n<p>El proyecto es factible gracias al trabajo voluntario de educadores sociales, maestros, monitores y entrenadores deportivos.<!--more--><\/p>\n","protected":false},"excerpt":{"rendered":"<p>IT\u00c1VERE es un proyecto social de car\u00e1cter integrador y destinado a chicos y chicas con edades comprendidas entre 6 y 13 a\u00f1os. Se desarrolla en la ciudad de Zaragoza y [&hellip;]<\/p>\n","protected":false},"author":46,"featured_media":11864,"parent":83,"menu_order":12,"comment_status":"closed","ping_status":"closed","template":"","meta":{"_et_pb_use_builder":"","_et_pb_old_content":"","_et_gb_content_width":"","footnotes":""},"class_list":["post-11860","page","type-page","status-publish","has-post-thumbnail","hentry"],"yoast_head":"<!-- This site is optimized with the Yoast SEO plugin v27.3 - https:\/\/yoast.com\/product\/yoast-seo-wordpress\/ -->\n<title>IT\u00c1VERE EN ZARAGOZA (ESPA\u00d1A)<\/title>\n<meta name=\"description\" content=\"IT\u00c1VERE es un proyecto social de car\u00e1cter integrador y destinado a chicos y chicas con edades comprendidas entre 6 y 13 a\u00f1os. Se desarrolla en la ciudad de Zaragoza y para llevarlo a cabo se emplean las instalaciones del colegio Escuelas P\u00edas. Su nombre surge de la uni\u00f3n de las palabras Itaka y Trast\u00e9vere, siendo&hellip;\" \/>\n<meta name=\"robots\" content=\"index, follow, max-snippet:-1, max-image-preview:large, max-video-preview:-1\" \/>\n<link rel=\"canonical\" href=\"http:\/\/IT\u00c1VERE%20es%20un%20proyecto%20social%20de%20car\u00e1cter%20integrador%20y%20destinado%20a%20chicos%20y%20chicas%20con%20edades%20comprendidas%20entre%206%20y%2013%20a\u00f1os.%20Se%20desarrolla%20en%20la%20ciudad%20de%20Zaragoza%20y%20para%20llevarlo%20a%20cabo%20se%20emplean%20las%20instalaciones%20del%20colegio%20Escuelas%20P\u00edas.%20Su%20nombre%20surge%20de%20la%20uni\u00f3n%20de%20las%20palabras%20Itaka%20y%20Trast\u00e9vere,%20siendo&hellip;\" \/>\n<meta property=\"og:locale\" content=\"ca_ES\" \/>\n<meta property=\"og:type\" content=\"article\" \/>\n<meta property=\"og:title\" content=\"IT\u00c1VERE EN ZARAGOZA (ESPA\u00d1A)\" \/>\n<meta property=\"og:description\" content=\"IT\u00c1VERE es un proyecto social de car\u00e1cter integrador y destinado a chicos y chicas con edades comprendidas entre 6 y 13 a\u00f1os. Se desarrolla en la ciudad de Zaragoza y para llevarlo a cabo se emplean las instalaciones del colegio Escuelas P\u00edas. Su nombre surge de la uni\u00f3n de las palabras Itaka y Trast\u00e9vere, siendo&hellip;\" \/>\n<meta property=\"og:url\" content=\"https:\/\/www.itakaescolapios.org\/ca\/que-fem\/centros-socio-educativos\/itavere-en-zaragoza-espana\/\" \/>\n<meta property=\"og:site_name\" content=\"Itaka-Escolapios\" \/>\n<meta property=\"article:modified_time\" content=\"2023-11-28T11:38:47+00:00\" \/>\n<meta property=\"og:image\" content=\"https:\/\/www.itakaescolapios.org\/wp-content\/uploads\/2015\/02\/Itavere-2.jpg\" \/>\n\t<meta property=\"og:image:width\" content=\"2000\" \/>\n\t<meta property=\"og:image:height\" content=\"1500\" \/>\n\t<meta property=\"og:image:type\" content=\"image\/jpeg\" \/>\n<meta name=\"twitter:card\" content=\"summary_large_image\" \/>\n<meta name=\"twitter:label1\" content=\"Temps estimat de lectura\" \/>\n\t<meta name=\"twitter:data1\" content=\"1 minut\" \/>\n<script type=\"application\/ld+json\" class=\"yoast-schema-graph\">{\"@context\":\"https:\\\/\\\/schema.org\",\"@graph\":[{\"@type\":\"WebPage\",\"@id\":\"https:\\\/\\\/www.itakaescolapios.org\\\/ca\\\/que-fem\\\/centros-socio-educativos\\\/itavere-en-zaragoza-espana\\\/\",\"url\":\"https:\\\/\\\/www.itakaescolapios.org\\\/ca\\\/que-fem\\\/centros-socio-educativos\\\/itavere-en-zaragoza-espana\\\/\",\"name\":\"IT\u00c1VERE EN ZARAGOZA (ESPA\u00d1A) - Itaka-Escolapios\",\"isPartOf\":{\"@id\":\"https:\\\/\\\/www.itakaescolapios.org\\\/es\\\/#website\"},\"primaryImageOfPage\":{\"@id\":\"https:\\\/\\\/www.itakaescolapios.org\\\/ca\\\/que-fem\\\/centros-socio-educativos\\\/itavere-en-zaragoza-espana\\\/#primaryimage\"},\"image\":{\"@id\":\"https:\\\/\\\/www.itakaescolapios.org\\\/ca\\\/que-fem\\\/centros-socio-educativos\\\/itavere-en-zaragoza-espana\\\/#primaryimage\"},\"thumbnailUrl\":\"https:\\\/\\\/www.itakaescolapios.org\\\/wp-content\\\/uploads\\\/2015\\\/02\\\/Itavere-2.jpg\",\"datePublished\":\"2015-02-11T13:45:54+00:00\",\"dateModified\":\"2023-11-28T11:38:47+00:00\",\"breadcrumb\":{\"@id\":\"https:\\\/\\\/www.itakaescolapios.org\\\/ca\\\/que-fem\\\/centros-socio-educativos\\\/itavere-en-zaragoza-espana\\\/#breadcrumb\"},\"inLanguage\":\"ca\",\"potentialAction\":[{\"@type\":\"ReadAction\",\"target\":[\"https:\\\/\\\/www.itakaescolapios.org\\\/ca\\\/que-fem\\\/centros-socio-educativos\\\/itavere-en-zaragoza-espana\\\/\"]}]},{\"@type\":\"ImageObject\",\"inLanguage\":\"ca\",\"@id\":\"https:\\\/\\\/www.itakaescolapios.org\\\/ca\\\/que-fem\\\/centros-socio-educativos\\\/itavere-en-zaragoza-espana\\\/#primaryimage\",\"url\":\"https:\\\/\\\/www.itakaescolapios.org\\\/wp-content\\\/uploads\\\/2015\\\/02\\\/Itavere-2.jpg\",\"contentUrl\":\"https:\\\/\\\/www.itakaescolapios.org\\\/wp-content\\\/uploads\\\/2015\\\/02\\\/Itavere-2.jpg\",\"width\":2000,\"height\":1500},{\"@type\":\"BreadcrumbList\",\"@id\":\"https:\\\/\\\/www.itakaescolapios.org\\\/ca\\\/que-fem\\\/centros-socio-educativos\\\/itavere-en-zaragoza-espana\\\/#breadcrumb\",\"itemListElement\":[{\"@type\":\"ListItem\",\"position\":1,\"name\":\"Itaka-Escolapios\",\"item\":\"https:\\\/\\\/www.itakaescolapios.org\\\/es\\\/\"},{\"@type\":\"ListItem\",\"position\":2,\"name\":\"Qu\u00e8 fem\",\"item\":\"https:\\\/\\\/www.itakaescolapios.org\\\/es\\\/que-hacemos\\\/\"},{\"@type\":\"ListItem\",\"position\":3,\"name\":\"Centros Socio-Educativos\",\"item\":\"https:\\\/\\\/www.itakaescolapios.org\\\/es\\\/que-hacemos\\\/centros-socio-educativos\\\/\"},{\"@type\":\"ListItem\",\"position\":4,\"name\":\"IT\u00c1VERE EN ZARAGOZA (ESPA\u00d1A)\"}]},{\"@type\":\"WebSite\",\"@id\":\"https:\\\/\\\/www.itakaescolapios.org\\\/ca\\\/es\\\/#website\",\"url\":\"https:\\\/\\\/www.itakaescolapios.org\\\/ca\\\/es\\\/\",\"name\":\"Itaka-Escolapios\",\"description\":\"Red de Itaka-Escolapios\",\"publisher\":{\"@id\":\"https:\\\/\\\/www.itakaescolapios.org\\\/ca\\\/es\\\/#organization\"},\"potentialAction\":[{\"@type\":\"SearchAction\",\"target\":{\"@type\":\"EntryPoint\",\"urlTemplate\":\"https:\\\/\\\/www.itakaescolapios.org\\\/ca\\\/es\\\/?s={search_term_string}\"},\"query-input\":{\"@type\":\"PropertyValueSpecification\",\"valueRequired\":true,\"valueName\":\"search_term_string\"}}],\"inLanguage\":\"ca\"},{\"@type\":\"Organization\",\"@id\":\"https:\\\/\\\/www.itakaescolapios.org\\\/ca\\\/es\\\/#organization\",\"name\":\"Fundaci\u00f3 Itaka-Escolapios\",\"url\":\"https:\\\/\\\/www.itakaescolapios.org\\\/ca\\\/es\\\/\",\"logo\":{\"@type\":\"ImageObject\",\"inLanguage\":\"ca\",\"@id\":\"https:\\\/\\\/www.itakaescolapios.org\\\/ca\\\/es\\\/#\\\/schema\\\/logo\\\/image\\\/\",\"url\":\"https:\\\/\\\/www.itakaescolapios.org\\\/wp-content\\\/uploads\\\/2024\\\/04\\\/Logo-itakaescolapios-peque.png\",\"contentUrl\":\"https:\\\/\\\/www.itakaescolapios.org\\\/wp-content\\\/uploads\\\/2024\\\/04\\\/Logo-itakaescolapios-peque.png\",\"width\":500,\"height\":199,\"caption\":\"Fundaci\u00f3 Itaka-Escolapios\"},\"image\":{\"@id\":\"https:\\\/\\\/www.itakaescolapios.org\\\/ca\\\/es\\\/#\\\/schema\\\/logo\\\/image\\\/\"}}]}<\/script>\n<!-- \/ Yoast SEO plugin. -->","yoast_head_json":{"title":"IT\u00c1VERE EN ZARAGOZA (ESPA\u00d1A)","description":"IT\u00c1VERE es un proyecto social de car\u00e1cter integrador y destinado a chicos y chicas con edades comprendidas entre 6 y 13 a\u00f1os. Se desarrolla en la ciudad de Zaragoza y para llevarlo a cabo se emplean las instalaciones del colegio Escuelas P\u00edas. Su nombre surge de la uni\u00f3n de las palabras Itaka y Trast\u00e9vere, siendo&hellip;","robots":{"index":"index","follow":"follow","max-snippet":"max-snippet:-1","max-image-preview":"max-image-preview:large","max-video-preview":"max-video-preview:-1"},"canonical":"IT\u00c1VERE es un proyecto social de car\u00e1cter integrador y destinado a chicos y chicas con edades comprendidas entre 6 y 13 a\u00f1os. Se desarrolla en la ciudad de Zaragoza y para llevarlo a cabo se emplean las instalaciones del colegio Escuelas P\u00edas. Su nombre surge de la uni\u00f3n de las palabras Itaka y Trast\u00e9vere, siendo&hellip;","og_locale":"ca_ES","og_type":"article","og_title":"IT\u00c1VERE EN ZARAGOZA (ESPA\u00d1A)","og_description":"IT\u00c1VERE es un proyecto social de car\u00e1cter integrador y destinado a chicos y chicas con edades comprendidas entre 6 y 13 a\u00f1os. Se desarrolla en la ciudad de Zaragoza y para llevarlo a cabo se emplean las instalaciones del colegio Escuelas P\u00edas. Su nombre surge de la uni\u00f3n de las palabras Itaka y Trast\u00e9vere, siendo&hellip;","og_url":"https:\/\/www.itakaescolapios.org\/ca\/que-fem\/centros-socio-educativos\/itavere-en-zaragoza-espana\/","og_site_name":"Itaka-Escolapios","article_modified_time":"2023-11-28T11:38:47+00:00","og_image":[{"width":2000,"height":1500,"url":"https:\/\/www.itakaescolapios.org\/wp-content\/uploads\/2015\/02\/Itavere-2.jpg","type":"image\/jpeg"}],"twitter_card":"summary_large_image","twitter_misc":{"Temps estimat de lectura":"1 minut"},"schema":{"@context":"https:\/\/schema.org","@graph":[{"@type":"WebPage","@id":"https:\/\/www.itakaescolapios.org\/ca\/que-fem\/centros-socio-educativos\/itavere-en-zaragoza-espana\/","url":"https:\/\/www.itakaescolapios.org\/ca\/que-fem\/centros-socio-educativos\/itavere-en-zaragoza-espana\/","name":"IT\u00c1VERE EN ZARAGOZA (ESPA\u00d1A) - Itaka-Escolapios","isPartOf":{"@id":"https:\/\/www.itakaescolapios.org\/es\/#website"},"primaryImageOfPage":{"@id":"https:\/\/www.itakaescolapios.org\/ca\/que-fem\/centros-socio-educativos\/itavere-en-zaragoza-espana\/#primaryimage"},"image":{"@id":"https:\/\/www.itakaescolapios.org\/ca\/que-fem\/centros-socio-educativos\/itavere-en-zaragoza-espana\/#primaryimage"},"thumbnailUrl":"https:\/\/www.itakaescolapios.org\/wp-content\/uploads\/2015\/02\/Itavere-2.jpg","datePublished":"2015-02-11T13:45:54+00:00","dateModified":"2023-11-28T11:38:47+00:00","breadcrumb":{"@id":"https:\/\/www.itakaescolapios.org\/ca\/que-fem\/centros-socio-educativos\/itavere-en-zaragoza-espana\/#breadcrumb"},"inLanguage":"ca","potentialAction":[{"@type":"ReadAction","target":["https:\/\/www.itakaescolapios.org\/ca\/que-fem\/centros-socio-educativos\/itavere-en-zaragoza-espana\/"]}]},{"@type":"ImageObject","inLanguage":"ca","@id":"https:\/\/www.itakaescolapios.org\/ca\/que-fem\/centros-socio-educativos\/itavere-en-zaragoza-espana\/#primaryimage","url":"https:\/\/www.itakaescolapios.org\/wp-content\/uploads\/2015\/02\/Itavere-2.jpg","contentUrl":"https:\/\/www.itakaescolapios.org\/wp-content\/uploads\/2015\/02\/Itavere-2.jpg","width":2000,"height":1500},{"@type":"BreadcrumbList","@id":"https:\/\/www.itakaescolapios.org\/ca\/que-fem\/centros-socio-educativos\/itavere-en-zaragoza-espana\/#breadcrumb","itemListElement":[{"@type":"ListItem","position":1,"name":"Itaka-Escolapios","item":"https:\/\/www.itakaescolapios.org\/es\/"},{"@type":"ListItem","position":2,"name":"Qu\u00e8 fem","item":"https:\/\/www.itakaescolapios.org\/es\/que-hacemos\/"},{"@type":"ListItem","position":3,"name":"Centros Socio-Educativos","item":"https:\/\/www.itakaescolapios.org\/es\/que-hacemos\/centros-socio-educativos\/"},{"@type":"ListItem","position":4,"name":"IT\u00c1VERE EN ZARAGOZA (ESPA\u00d1A)"}]},{"@type":"WebSite","@id":"https:\/\/www.itakaescolapios.org\/ca\/es\/#website","url":"https:\/\/www.itakaescolapios.org\/ca\/es\/","name":"Itaka-Escolapios","description":"Red de Itaka-Escolapios","publisher":{"@id":"https:\/\/www.itakaescolapios.org\/ca\/es\/#organization"},"potentialAction":[{"@type":"SearchAction","target":{"@type":"EntryPoint","urlTemplate":"https:\/\/www.itakaescolapios.org\/ca\/es\/?s={search_term_string}"},"query-input":{"@type":"PropertyValueSpecification","valueRequired":true,"valueName":"search_term_string"}}],"inLanguage":"ca"},{"@type":"Organization","@id":"https:\/\/www.itakaescolapios.org\/ca\/es\/#organization","name":"Fundaci\u00f3 Itaka-Escolapios","url":"https:\/\/www.itakaescolapios.org\/ca\/es\/","logo":{"@type":"ImageObject","inLanguage":"ca","@id":"https:\/\/www.itakaescolapios.org\/ca\/es\/#\/schema\/logo\/image\/","url":"https:\/\/www.itakaescolapios.org\/wp-content\/uploads\/2024\/04\/Logo-itakaescolapios-peque.png","contentUrl":"https:\/\/www.itakaescolapios.org\/wp-content\/uploads\/2024\/04\/Logo-itakaescolapios-peque.png","width":500,"height":199,"caption":"Fundaci\u00f3 Itaka-Escolapios"},"image":{"@id":"https:\/\/www.itakaescolapios.org\/ca\/es\/#\/schema\/logo\/image\/"}}]}},"_links":{"self":[{"href":"https:\/\/www.itakaescolapios.org\/ca\/wp-json\/wp\/v2\/pages\/11860","targetHints":{"allow":["GET"]}}],"collection":[{"href":"https:\/\/www.itakaescolapios.org\/ca\/wp-json\/wp\/v2\/pages"}],"about":[{"href":"https:\/\/www.itakaescolapios.org\/ca\/wp-json\/wp\/v2\/types\/page"}],"author":[{"embeddable":true,"href":"https:\/\/www.itakaescolapios.org\/ca\/wp-json\/wp\/v2\/users\/46"}],"replies":[{"embeddable":true,"href":"https:\/\/www.itakaescolapios.org\/ca\/wp-json\/wp\/v2\/comments?post=11860"}],"version-history":[{"count":11,"href":"https:\/\/www.itakaescolapios.org\/ca\/wp-json\/wp\/v2\/pages\/11860\/revisions"}],"predecessor-version":[{"id":48757,"href":"https:\/\/www.itakaescolapios.org\/ca\/wp-json\/wp\/v2\/pages\/11860\/revisions\/48757"}],"up":[{"embeddable":true,"href":"https:\/\/www.itakaescolapios.org\/ca\/wp-json\/wp\/v2\/pages\/83"}],"wp:featuredmedia":[{"embeddable":true,"href":"https:\/\/www.itakaescolapios.org\/ca\/wp-json\/wp\/v2\/media\/11864"}],"wp:attachment":[{"href":"https:\/\/www.itakaescolapios.org\/ca\/wp-json\/wp\/v2\/media?parent=11860"}],"curies":[{"name":"wp","href":"https:\/\/api.w.org\/{rel}","templated":true}]}}