{"id":13298,"date":"2015-10-21T10:31:40","date_gmt":"2015-10-21T09:31:40","guid":{"rendered":"https:\/\/www.itakaescolapios.org\/?page_id=13298"},"modified":"2023-11-28T12:38:37","modified_gmt":"2023-11-28T11:38:37","slug":"2015-2016-al-encuentro-de-atambua","status":"publish","type":"page","link":"https:\/\/www.itakaescolapios.org\/ca\/campanas\/2015-2016-al-encuentro-de-atambua\/","title":{"rendered":"2015-2016 AL ENCUENTRO CON ATAMB\u00daA"},"content":{"rendered":"<p><iframe loading=\"lazy\" title=\"Video de la Campa\u00f1a 2015-2016 AL encuentro con Atambua\" width=\"1080\" height=\"608\" src=\"https:\/\/www.youtube.com\/embed\/a64CEhPGgJA?feature=oembed\"  allow=\"accelerometer; autoplay; clipboard-write; encrypted-media; gyroscope; picture-in-picture; web-share\" referrerpolicy=\"strict-origin-when-cross-origin\" allowfullscreen><\/iframe><\/p>\n<p>Desc\u00e1rgate en el siguiente enlace el powerpoint que presenta la Campa\u00f1a de Solidaridad<\/p>\n<p><strong><span style=\"color: #800000;\"><a href=\"https:\/\/mega.nz\/#!p5B2ibxQ!Q3fqXVPiBdzh1i_RWlgrt9E_GNpTJ7cepkuMt_Xwyx4\" target=\"_blank\" rel=\"noopener noreferrer\"><span style=\"color: #800000;\">AL ENCUENTRO CON ATAMBUA<\/span><\/a><\/span><\/strong><\/p>\n<p><strong><span style=\"color: #808000;\">&#8212;&#8212;&#8212;&#8212;&#8212;&#8212;&#8212;&#8212;&#8212;&#8212;&#8212;&#8212;&#8212;&#8212;&#8212;&#8212;&#8212;&#8212;&#8212;&#8212;&#8212;&#8212;&#8212;&#8212;&#8212;&#8212;&#8212;&#8212;&#8212;&#8212;&#8212;&#8212;&#8212;&#8212;&#8212;&#8212;&#8212;&#8212;&#8212;&#8211;<\/span><\/strong><\/p>\n<p>Con el hilo conductor \u201cAl encuentro\u201d, <i>nos re-encontramos<\/i> una vez m\u00e1s con una de las iniciativas m\u00e1s significativas que en Itaka-Escolapios impulsamos conjuntamente a lo largo del a\u00f1o: la campa\u00f1a de solidaridad a favor de la misi\u00f3n escolapia en los pa\u00edses empobrecidos del Sur.<\/p>\n<p>Este curso con un objetivo doble: por un lado, <i>encontrarnos con<\/i> las Escuelas P\u00edas en Indonesia, una de las presencias escolapias m\u00e1s recientemente fundadas en el mundo y adem\u00e1s de esto, que nuestra solidaridad <i>se encuentre con<\/i> la de muchas otras personas para hacer posible un proyecto especialmente necesario hoy en Atamb\u00faa: la construcci\u00f3n de un internado. Obra que acoger\u00e1 a ni\u00f1os y j\u00f3venes con escasos recursos procedentes de las zonas rurales, a fin de que puedan continuar sus estudios de secundaria y tener unas mejores expectativas para su vida y para el futuro de sus comunidades.<\/p>\n<p>Apuntamos a continuaci\u00f3n el contenido que podr\u00e1s encontrar en la web de la campa\u00f1a de solidaridad \u201cAL ENCUENTRO CON ATAMBUA\u201d<\/p>\n<ul>\n<li><strong><span style=\"color: #808000;\"><a href=\"https:\/\/www.itakaescolapios.org\/campanas\/2015-2016-al-encuentro-de-atambua\/recordando-la-campana-ven-y-veras-la-realidad-que-hay-detras\/\"><span style=\"color: #808000;\">RECORDANDO LA CAMPA\u00d1A: \u201cVEN Y VER\u00c1S, LA REALIDAD QUE HAY DETR\u00c1S\u201d<\/span><\/a><\/span><\/strong><\/li>\n<li><strong><span style=\"color: #808000;\"><a href=\"https:\/\/www.itakaescolapios.org\/campanas\/2015-2016-al-encuentro-de-atambua\/al-encuentro-con-atambua-berjumpa-dengan-atambua\/\"><span style=\"color: #808000;\">AL ENCUENTRO CON ATAMB\u00daA \/ BERJUMPA DENGAN ATAMBUA<\/span><\/a><\/span><\/strong><\/li>\n<li><strong><span style=\"color: #808000;\"><a href=\"https:\/\/www.itakaescolapios.org\/campanas\/2015-2016-al-encuentro-de-atambua\/asrama-proyecto-escolapio-apoyado-con-la-campana-de-solidaridad\/\"><span style=\"color: #808000;\">ASRAMA. PROYECTO ESCOLAPIO APOYADO CON LA CAMPA\u00d1A DE SOLIDARIDAD<\/span><\/a><\/span><\/strong><\/li>\n<li><strong><span style=\"color: #808000;\"> <a href=\"https:\/\/www.itakaescolapios.org\/campanas\/2015-2016-al-encuentro-de-atambua\/la-tripulacion-itaka-escolapios\/\"><span style=\"color: #808000;\">LA TRIPULACI\u00d3N ITAKA-ESCOLAPIOS<\/span><\/a><\/span><\/strong><\/li>\n<li><strong><span style=\"color: #808000;\"><a href=\"https:\/\/www.itakaescolapios.org\/campanas\/2015-2016-al-encuentro-de-atambua\/actividades-centrales-de-la-campana-para-todas-las-edades\/\"><span style=\"color: #808000;\">ACTIVIDADES CENTRALES DE LA CAMPA\u00d1A, PARA TODAS LAS EDADES<\/span><\/a><\/span><\/strong><\/li>\n<li><strong><span style=\"color: #808000;\"><a href=\"https:\/\/www.itakaescolapios.org\/campanas\/2015-2016-al-encuentro-de-atambua\/actividades-para-el-movimiento-calasanz-y-grupos-de-tiempo-libre\/\"><span style=\"color: #808000;\">ACTIVIDADES PARA EL MOVIMIENTO CALASANZ Y GRUPOS DE TIEMPO LIBRE<\/span><\/a><\/span><\/strong><\/li>\n<li><strong><span style=\"color: #808000;\"><a href=\"https:\/\/www.itakaescolapios.org\/campanas\/2015-2016-al-encuentro-de-atambua\/dossier-de-actividades-para-el-aula-2\/\"><span style=\"color: #808000;\">DOSSIER DE ACTIVIDADES PARA EL AULA<\/span><\/a><\/span><\/strong><\/li>\n<li><strong><span style=\"color: #808000;\"><a href=\"https:\/\/www.itakaescolapios.org\/campanas\/2015-2016-al-encuentro-de-atambua\/carteleria\/\"><span style=\"color: #808000;\">CARTELER\u00cdA<\/span><\/a><\/span><\/strong><\/li>\n<li><strong><span style=\"color: #808000;\"><a href=\"https:\/\/www.itakaescolapios.org\/campanas\/2015-2016-al-encuentro-de-atambua\/otros-recursos\/\"><span style=\"color: #808000;\">OTROS RECURSOS<\/span><\/a><\/span><\/strong><\/li>\n<\/ul>\n<p><!--more--><\/p>\n","protected":false},"excerpt":{"rendered":"<p>Desc\u00e1rgate en el siguiente enlace el powerpoint que presenta la Campa\u00f1a de Solidaridad AL ENCUENTRO CON ATAMBUA &#8212;&#8212;&#8212;&#8212;&#8212;&#8212;&#8212;&#8212;&#8212;&#8212;&#8212;&#8212;&#8212;&#8212;&#8212;&#8212;&#8212;&#8212;&#8212;&#8212;&#8212;&#8212;&#8212;&#8212;&#8212;&#8212;&#8212;&#8212;&#8212;&#8212;&#8212;&#8212;&#8212;&#8212;&#8212;&#8212;&#8212;&#8212;&#8212;&#8211; Con el hilo conductor \u201cAl encuentro\u201d, nos re-encontramos una vez m\u00e1s con [&hellip;]<\/p>\n","protected":false},"author":46,"featured_media":0,"parent":7523,"menu_order":6,"comment_status":"closed","ping_status":"closed","template":"","meta":{"_et_pb_use_builder":"","_et_pb_old_content":"","_et_gb_content_width":"","footnotes":""},"class_list":["post-13298","page","type-page","status-publish","hentry"],"yoast_head":"<!-- This site is optimized with the Yoast SEO plugin v27.3 - https:\/\/yoast.com\/product\/yoast-seo-wordpress\/ -->\n<title>2015-2016 AL ENCUENTRO CON ATAMB\u00daA<\/title>\n<meta name=\"description\" content=\"https:\/\/youtu.be\/a64CEhPGgJA Desc\u00e1rgate en el siguiente enlace el powerpoint que presenta la Campa\u00f1a de Solidaridad AL ENCUENTRO CON ATAMBUA ----------------------------------------------------------------------------------------------------------------------- Con el hilo conductor \u201cAl encuentro\u201d, nos re-encontramos una vez m\u00e1s con una de las iniciativas m\u00e1s significativas que en Itaka-Escolapios impulsamos conjuntamente a lo largo del a\u00f1o: la campa\u00f1a de solidaridad a favor de la&hellip;\" \/>\n<meta name=\"robots\" content=\"index, follow, max-snippet:-1, max-image-preview:large, max-video-preview:-1\" \/>\n<link rel=\"canonical\" href=\"https:\/\/youtu.be\/a64CEhPGgJA%20Desc\u00e1rgate%20en%20el%20siguiente%20enlace%20el%20powerpoint%20que%20presenta%20la%20Campa\u00f1a%20de%20Solidaridad%20AL%20ENCUENTRO%20CON%20ATAMBUA%20-----------------------------------------------------------------------------------------------------------------------%20Con%20el%20hilo%20conductor%20\u201cAl%20encuentro\u201d,%20nos%20re-encontramos%20una%20vez%20m\u00e1s%20con%20una%20de%20las%20iniciativas%20m\u00e1s%20significativas%20que%20en%20Itaka-Escolapios%20impulsamos%20conjuntamente%20a%20lo%20largo%20del%20a\u00f1o:%20la%20campa\u00f1a%20de%20solidaridad%20a%20favor%20de%20la&hellip;\" \/>\n<meta property=\"og:locale\" content=\"ca_ES\" \/>\n<meta property=\"og:type\" content=\"article\" \/>\n<meta property=\"og:title\" content=\"2015-2016 AL ENCUENTRO CON ATAMB\u00daA\" \/>\n<meta property=\"og:description\" content=\"https:\/\/youtu.be\/a64CEhPGgJA Desc\u00e1rgate en el siguiente enlace el powerpoint que presenta la Campa\u00f1a de Solidaridad AL ENCUENTRO CON ATAMBUA ----------------------------------------------------------------------------------------------------------------------- Con el hilo conductor \u201cAl encuentro\u201d, nos re-encontramos una vez m\u00e1s con una de las iniciativas m\u00e1s significativas que en Itaka-Escolapios impulsamos conjuntamente a lo largo del a\u00f1o: la campa\u00f1a de solidaridad a favor de la&hellip;\" \/>\n<meta property=\"og:url\" content=\"https:\/\/www.itakaescolapios.org\/ca\/campanas\/2015-2016-al-encuentro-de-atambua\/\" \/>\n<meta property=\"og:site_name\" content=\"Itaka-Escolapios\" \/>\n<meta property=\"article:modified_time\" content=\"2023-11-28T11:38:37+00:00\" \/>\n<meta name=\"twitter:card\" content=\"summary_large_image\" \/>\n<meta name=\"twitter:label1\" content=\"Temps estimat de lectura\" \/>\n\t<meta name=\"twitter:data1\" content=\"1 minut\" \/>\n<script type=\"application\/ld+json\" class=\"yoast-schema-graph\">{\"@context\":\"https:\\\/\\\/schema.org\",\"@graph\":[{\"@type\":\"WebPage\",\"@id\":\"https:\\\/\\\/www.itakaescolapios.org\\\/ca\\\/campanas\\\/2015-2016-al-encuentro-de-atambua\\\/\",\"url\":\"https:\\\/\\\/www.itakaescolapios.org\\\/ca\\\/campanas\\\/2015-2016-al-encuentro-de-atambua\\\/\",\"name\":\"2015-2016 AL ENCUENTRO CON ATAMB\u00daA - Itaka-Escolapios\",\"isPartOf\":{\"@id\":\"https:\\\/\\\/www.itakaescolapios.org\\\/es\\\/#website\"},\"datePublished\":\"2015-10-21T09:31:40+00:00\",\"dateModified\":\"2023-11-28T11:38:37+00:00\",\"breadcrumb\":{\"@id\":\"https:\\\/\\\/www.itakaescolapios.org\\\/ca\\\/campanas\\\/2015-2016-al-encuentro-de-atambua\\\/#breadcrumb\"},\"inLanguage\":\"ca\",\"potentialAction\":[{\"@type\":\"ReadAction\",\"target\":[\"https:\\\/\\\/www.itakaescolapios.org\\\/ca\\\/campanas\\\/2015-2016-al-encuentro-de-atambua\\\/\"]}]},{\"@type\":\"BreadcrumbList\",\"@id\":\"https:\\\/\\\/www.itakaescolapios.org\\\/ca\\\/campanas\\\/2015-2016-al-encuentro-de-atambua\\\/#breadcrumb\",\"itemListElement\":[{\"@type\":\"ListItem\",\"position\":1,\"name\":\"Itaka-Escolapios\",\"item\":\"https:\\\/\\\/www.itakaescolapios.org\\\/es\\\/\"},{\"@type\":\"ListItem\",\"position\":2,\"name\":\"Campa\u00f1as\",\"item\":\"https:\\\/\\\/www.itakaescolapios.org\\\/es\\\/campanas\\\/\"},{\"@type\":\"ListItem\",\"position\":3,\"name\":\"2015-2016 AL ENCUENTRO CON ATAMB\u00daA\"}]},{\"@type\":\"WebSite\",\"@id\":\"https:\\\/\\\/www.itakaescolapios.org\\\/ca\\\/es\\\/#website\",\"url\":\"https:\\\/\\\/www.itakaescolapios.org\\\/ca\\\/es\\\/\",\"name\":\"Itaka-Escolapios\",\"description\":\"Red de Itaka-Escolapios\",\"publisher\":{\"@id\":\"https:\\\/\\\/www.itakaescolapios.org\\\/ca\\\/es\\\/#organization\"},\"potentialAction\":[{\"@type\":\"SearchAction\",\"target\":{\"@type\":\"EntryPoint\",\"urlTemplate\":\"https:\\\/\\\/www.itakaescolapios.org\\\/ca\\\/es\\\/?s={search_term_string}\"},\"query-input\":{\"@type\":\"PropertyValueSpecification\",\"valueRequired\":true,\"valueName\":\"search_term_string\"}}],\"inLanguage\":\"ca\"},{\"@type\":\"Organization\",\"@id\":\"https:\\\/\\\/www.itakaescolapios.org\\\/ca\\\/es\\\/#organization\",\"name\":\"Fundaci\u00f3 Itaka-Escolapios\",\"url\":\"https:\\\/\\\/www.itakaescolapios.org\\\/ca\\\/es\\\/\",\"logo\":{\"@type\":\"ImageObject\",\"inLanguage\":\"ca\",\"@id\":\"https:\\\/\\\/www.itakaescolapios.org\\\/ca\\\/es\\\/#\\\/schema\\\/logo\\\/image\\\/\",\"url\":\"https:\\\/\\\/www.itakaescolapios.org\\\/wp-content\\\/uploads\\\/2024\\\/04\\\/Logo-itakaescolapios-peque.png\",\"contentUrl\":\"https:\\\/\\\/www.itakaescolapios.org\\\/wp-content\\\/uploads\\\/2024\\\/04\\\/Logo-itakaescolapios-peque.png\",\"width\":500,\"height\":199,\"caption\":\"Fundaci\u00f3 Itaka-Escolapios\"},\"image\":{\"@id\":\"https:\\\/\\\/www.itakaescolapios.org\\\/ca\\\/es\\\/#\\\/schema\\\/logo\\\/image\\\/\"}}]}<\/script>\n<!-- \/ Yoast SEO plugin. -->","yoast_head_json":{"title":"2015-2016 AL ENCUENTRO CON ATAMB\u00daA","description":"https:\/\/youtu.be\/a64CEhPGgJA Desc\u00e1rgate en el siguiente enlace el powerpoint que presenta la Campa\u00f1a de Solidaridad AL ENCUENTRO CON ATAMBUA ----------------------------------------------------------------------------------------------------------------------- Con el hilo conductor \u201cAl encuentro\u201d, nos re-encontramos una vez m\u00e1s con una de las iniciativas m\u00e1s significativas que en Itaka-Escolapios impulsamos conjuntamente a lo largo del a\u00f1o: la campa\u00f1a de solidaridad a favor de la&hellip;","robots":{"index":"index","follow":"follow","max-snippet":"max-snippet:-1","max-image-preview":"max-image-preview:large","max-video-preview":"max-video-preview:-1"},"canonical":"https:\/\/youtu.be\/a64CEhPGgJA Desc\u00e1rgate en el siguiente enlace el powerpoint que presenta la Campa\u00f1a de Solidaridad AL ENCUENTRO CON ATAMBUA ----------------------------------------------------------------------------------------------------------------------- Con el hilo conductor \u201cAl encuentro\u201d, nos re-encontramos una vez m\u00e1s con una de las iniciativas m\u00e1s significativas que en Itaka-Escolapios impulsamos conjuntamente a lo largo del a\u00f1o: la campa\u00f1a de solidaridad a favor de la&hellip;","og_locale":"ca_ES","og_type":"article","og_title":"2015-2016 AL ENCUENTRO CON ATAMB\u00daA","og_description":"https:\/\/youtu.be\/a64CEhPGgJA Desc\u00e1rgate en el siguiente enlace el powerpoint que presenta la Campa\u00f1a de Solidaridad AL ENCUENTRO CON ATAMBUA ----------------------------------------------------------------------------------------------------------------------- Con el hilo conductor \u201cAl encuentro\u201d, nos re-encontramos una vez m\u00e1s con una de las iniciativas m\u00e1s significativas que en Itaka-Escolapios impulsamos conjuntamente a lo largo del a\u00f1o: la campa\u00f1a de solidaridad a favor de la&hellip;","og_url":"https:\/\/www.itakaescolapios.org\/ca\/campanas\/2015-2016-al-encuentro-de-atambua\/","og_site_name":"Itaka-Escolapios","article_modified_time":"2023-11-28T11:38:37+00:00","twitter_card":"summary_large_image","twitter_misc":{"Temps estimat de lectura":"1 minut"},"schema":{"@context":"https:\/\/schema.org","@graph":[{"@type":"WebPage","@id":"https:\/\/www.itakaescolapios.org\/ca\/campanas\/2015-2016-al-encuentro-de-atambua\/","url":"https:\/\/www.itakaescolapios.org\/ca\/campanas\/2015-2016-al-encuentro-de-atambua\/","name":"2015-2016 AL ENCUENTRO CON ATAMB\u00daA - Itaka-Escolapios","isPartOf":{"@id":"https:\/\/www.itakaescolapios.org\/es\/#website"},"datePublished":"2015-10-21T09:31:40+00:00","dateModified":"2023-11-28T11:38:37+00:00","breadcrumb":{"@id":"https:\/\/www.itakaescolapios.org\/ca\/campanas\/2015-2016-al-encuentro-de-atambua\/#breadcrumb"},"inLanguage":"ca","potentialAction":[{"@type":"ReadAction","target":["https:\/\/www.itakaescolapios.org\/ca\/campanas\/2015-2016-al-encuentro-de-atambua\/"]}]},{"@type":"BreadcrumbList","@id":"https:\/\/www.itakaescolapios.org\/ca\/campanas\/2015-2016-al-encuentro-de-atambua\/#breadcrumb","itemListElement":[{"@type":"ListItem","position":1,"name":"Itaka-Escolapios","item":"https:\/\/www.itakaescolapios.org\/es\/"},{"@type":"ListItem","position":2,"name":"Campa\u00f1as","item":"https:\/\/www.itakaescolapios.org\/es\/campanas\/"},{"@type":"ListItem","position":3,"name":"2015-2016 AL ENCUENTRO CON ATAMB\u00daA"}]},{"@type":"WebSite","@id":"https:\/\/www.itakaescolapios.org\/ca\/es\/#website","url":"https:\/\/www.itakaescolapios.org\/ca\/es\/","name":"Itaka-Escolapios","description":"Red de Itaka-Escolapios","publisher":{"@id":"https:\/\/www.itakaescolapios.org\/ca\/es\/#organization"},"potentialAction":[{"@type":"SearchAction","target":{"@type":"EntryPoint","urlTemplate":"https:\/\/www.itakaescolapios.org\/ca\/es\/?s={search_term_string}"},"query-input":{"@type":"PropertyValueSpecification","valueRequired":true,"valueName":"search_term_string"}}],"inLanguage":"ca"},{"@type":"Organization","@id":"https:\/\/www.itakaescolapios.org\/ca\/es\/#organization","name":"Fundaci\u00f3 Itaka-Escolapios","url":"https:\/\/www.itakaescolapios.org\/ca\/es\/","logo":{"@type":"ImageObject","inLanguage":"ca","@id":"https:\/\/www.itakaescolapios.org\/ca\/es\/#\/schema\/logo\/image\/","url":"https:\/\/www.itakaescolapios.org\/wp-content\/uploads\/2024\/04\/Logo-itakaescolapios-peque.png","contentUrl":"https:\/\/www.itakaescolapios.org\/wp-content\/uploads\/2024\/04\/Logo-itakaescolapios-peque.png","width":500,"height":199,"caption":"Fundaci\u00f3 Itaka-Escolapios"},"image":{"@id":"https:\/\/www.itakaescolapios.org\/ca\/es\/#\/schema\/logo\/image\/"}}]}},"_links":{"self":[{"href":"https:\/\/www.itakaescolapios.org\/ca\/wp-json\/wp\/v2\/pages\/13298","targetHints":{"allow":["GET"]}}],"collection":[{"href":"https:\/\/www.itakaescolapios.org\/ca\/wp-json\/wp\/v2\/pages"}],"about":[{"href":"https:\/\/www.itakaescolapios.org\/ca\/wp-json\/wp\/v2\/types\/page"}],"author":[{"embeddable":true,"href":"https:\/\/www.itakaescolapios.org\/ca\/wp-json\/wp\/v2\/users\/46"}],"replies":[{"embeddable":true,"href":"https:\/\/www.itakaescolapios.org\/ca\/wp-json\/wp\/v2\/comments?post=13298"}],"version-history":[{"count":27,"href":"https:\/\/www.itakaescolapios.org\/ca\/wp-json\/wp\/v2\/pages\/13298\/revisions"}],"predecessor-version":[{"id":48588,"href":"https:\/\/www.itakaescolapios.org\/ca\/wp-json\/wp\/v2\/pages\/13298\/revisions\/48588"}],"up":[{"embeddable":true,"href":"https:\/\/www.itakaescolapios.org\/ca\/wp-json\/wp\/v2\/pages\/7523"}],"wp:attachment":[{"href":"https:\/\/www.itakaescolapios.org\/ca\/wp-json\/wp\/v2\/media?parent=13298"}],"curies":[{"name":"wp","href":"https:\/\/api.w.org\/{rel}","templated":true}]}}