{"id":13543,"date":"2015-11-03T16:12:43","date_gmt":"2015-11-03T15:12:43","guid":{"rendered":"https:\/\/www.itakaescolapios.org\/?page_id=13543"},"modified":"2023-11-28T12:38:35","modified_gmt":"2023-11-28T11:38:35","slug":"el-gran-mural-del-asrama","status":"publish","type":"page","link":"https:\/\/www.itakaescolapios.org\/ca\/el-gran-mural-del-asrama\/","title":{"rendered":"EL GRAN MURAL DEL ASRAMA"},"content":{"rendered":"<p style=\"text-align: center;\"><a href=\"https:\/\/www.itakaescolapios.org\/wp-content\/uploads\/2015\/11\/Valla.png\"><img decoding=\"async\" class=\"wp-image-13668 aligncenter\" alt=\"Valla\" src=\"https:\/\/www.itakaescolapios.org\/wp-content\/uploads\/2015\/11\/Valla-1024x576.png\" width=\"614\" height=\"346\" srcset=\"https:\/\/www.itakaescolapios.org\/wp-content\/uploads\/2015\/11\/Valla-1024x576.png 1024w, https:\/\/www.itakaescolapios.org\/wp-content\/uploads\/2015\/11\/Valla-300x168.png 300w, https:\/\/www.itakaescolapios.org\/wp-content\/uploads\/2015\/11\/Valla-250x140.png 250w, https:\/\/www.itakaescolapios.org\/wp-content\/uploads\/2015\/11\/Valla.png 1380w\" sizes=\"(max-width: 614px) 100vw, 614px\" \/><\/a><\/p>\n<p>Os apuntamos un peque\u00f1o esquema para desarrollar la actividad en el colegio:<\/p>\n<p><strong><a href=\"https:\/\/www.itakaescolapios.org\/wp-content\/uploads\/2015\/10\/Actividad-global-colegio-sede.pdf\">ESQUEMA DESARROLLO DE LA ACTIVIDAD<\/a><\/strong><\/p>\n<p style=\"text-align: justify;\"><span style=\"color: #808000;\"><strong>&#8212;&#8212;&#8212;&#8212;&#8212;&#8212;&#8212;&#8212;&#8212;&#8212;&#8212;&#8212;&#8212;&#8212;&#8212;&#8212;&#8212;&#8212;&#8212;&#8212;&#8212;&#8212;&#8212;&#8212;&#8212;&#8212;&#8212;&#8212;&#8212;&#8212;&#8212;&#8212;&#8212;&#8212;&#8212;&#8212;&#8212;&#8212;&#8212;<\/strong><\/span><\/p>\n<p style=\"text-align: justify;\">La Tripulaci\u00f3n nos propone en esta actividad que realicemos un mural de manera compartida, entre todos los alumnos y alumnas del colegio, que presente el proyecto del ASRAMA a toda la Comunidad Educativa.<\/p>\n<p style=\"text-align: justify;\">En un lugar central del colegio (soportales de los patios, secretar\u00eda) colocaremos un gran mural de 3 x 4 metros, dividido en los siguientes apartados: explicaci\u00f3n del proyecto, localizaci\u00f3n f\u00edsica y contexto geogr\u00e1fico, contexto demogr\u00e1fico y cultural, contexto educativo y religioso, Atamb\u00faa, beneficiarios, plano de obra,\u2026 Cada curso ser\u00e1 el encargado de confeccionar uno de los apartados del mural. Para ello los profesores\/as elegir\u00e1n uno de los murales de cada curso, utilizando el para decorar los pasillos del centro o las propias aulas. El mural elegido ser colocar\u00e1 en el apartado correspondiente del gran mural.<\/p>\n<p style=\"text-align: center;\"><span style=\"color: #808000;\"><strong><a href=\"https:\/\/www.itakaescolapios.org\/wp-content\/uploads\/2015\/11\/GRAN-MURAL-DEL-ASRAMA.pdf\"><span style=\"color: #808000;\">Desc\u00e1rgate los contenidos por curso del GRAN MURAL DEL ASRAMA<\/span><\/a><\/strong><\/span><\/p>\n<p style=\"text-align: justify;\"><span style=\"text-decoration: underline;\"><em>Desc\u00e1rgate alguno de los materiales necesarios:<\/em><\/span><\/p>\n<p style=\"text-align: justify;\">INFANTIL: <span style=\"color: #808000;\"><strong><a href=\"https:\/\/www.itakaescolapios.org\/wp-content\/uploads\/2015\/11\/caretas.pdf\"><span style=\"color: #808000;\">Caretas<\/span><\/a><\/strong><\/span><\/p>\n<p style=\"text-align: justify;\">1\u00ba PRIMARIA: <span style=\"color: #808000;\"><strong><a href=\"https:\/\/www.itakaescolapios.org\/wp-content\/uploads\/2015\/11\/mu\u00f1ecos.pdf\"><span style=\"color: #808000;\">Beneficiarios para recortar y colorear<\/span><\/a><\/strong><\/span><\/p>\n<p style=\"text-align: justify;\">2\u00ba PRIMARIA: <span style=\"color: #808000;\"><strong><a href=\"https:\/\/www.itakaescolapios.org\/wp-content\/uploads\/2015\/11\/Planos-Asrama-Atamb\u00faa.pdf\"><span style=\"color: #808000;\">Planos Asrama Atamb\u00faa<\/span><\/a><\/strong><\/span><\/p>\n<p>Para acceder a informaci\u00f3n con la que trabajar en el aula pincha en el siguiente enlace:<\/p>\n<p style=\"text-align: center;\"><span style=\"color: #9d9f37;\"><strong><a href=\"https:\/\/www.itakaescolapios.org\/informacion-sobre-indonesia-atambua-el-asrama\/\" target=\"_blank\" rel=\"noopener\"><span style=\"color: #9d9f37;\">MAS INFORMACI\u00d3N SOBRE INDONESIA, ATAMBUA, EL ASRAMA, LOS ESCOLAPIOS EN INDONESIA, ..<\/span><\/a><\/strong><\/span><\/p>\n<p><!--more--><\/p>\n","protected":false},"excerpt":{"rendered":"<p>Os apuntamos un peque\u00f1o esquema para desarrollar la actividad en el colegio: ESQUEMA DESARROLLO DE LA ACTIVIDAD &#8212;&#8212;&#8212;&#8212;&#8212;&#8212;&#8212;&#8212;&#8212;&#8212;&#8212;&#8212;&#8212;&#8212;&#8212;&#8212;&#8212;&#8212;&#8212;&#8212;&#8212;&#8212;&#8212;&#8212;&#8212;&#8212;&#8212;&#8212;&#8212;&#8212;&#8212;&#8212;&#8212;&#8212;&#8212;&#8212;&#8212;&#8212;&#8212; La Tripulaci\u00f3n nos propone en esta actividad que realicemos un mural de [&hellip;]<\/p>\n","protected":false},"author":46,"featured_media":0,"parent":0,"menu_order":0,"comment_status":"closed","ping_status":"closed","template":"","meta":{"_et_pb_use_builder":"","_et_pb_old_content":"","_et_gb_content_width":"","footnotes":""},"class_list":["post-13543","page","type-page","status-publish","hentry"],"yoast_head":"<!-- This site is optimized with the Yoast SEO plugin v27.3 - https:\/\/yoast.com\/product\/yoast-seo-wordpress\/ -->\n<title>EL GRAN MURAL DEL ASRAMA<\/title>\n<meta name=\"description\" content=\"Os apuntamos un peque\u00f1o esquema para desarrollar la actividad en el colegio: ESQUEMA DESARROLLO DE LA ACTIVIDAD --------------------------------------------------------------------------------------------------------------------- La Tripulaci\u00f3n nos propone en esta actividad que realicemos un mural de manera compartida, entre todos los alumnos y alumnas del colegio, que presente el proyecto del ASRAMA a toda la Comunidad Educativa. En un lugar central&hellip;\" \/>\n<meta name=\"robots\" content=\"index, follow, max-snippet:-1, max-image-preview:large, max-video-preview:-1\" \/>\n<link rel=\"canonical\" href=\"\" \/>\n<meta property=\"og:locale\" content=\"ca_ES\" \/>\n<meta property=\"og:type\" content=\"article\" \/>\n<meta property=\"og:title\" content=\"EL GRAN MURAL DEL ASRAMA\" \/>\n<meta property=\"og:description\" content=\"Os apuntamos un peque\u00f1o esquema para desarrollar la actividad en el colegio: ESQUEMA DESARROLLO DE LA ACTIVIDAD --------------------------------------------------------------------------------------------------------------------- La Tripulaci\u00f3n nos propone en esta actividad que realicemos un mural de manera compartida, entre todos los alumnos y alumnas del colegio, que presente el proyecto del ASRAMA a toda la Comunidad Educativa. En un lugar central&hellip;\" \/>\n<meta property=\"og:url\" content=\"https:\/\/www.itakaescolapios.org\/ca\/el-gran-mural-del-asrama\/\" \/>\n<meta property=\"og:site_name\" content=\"Itaka-Escolapios\" \/>\n<meta property=\"article:modified_time\" content=\"2023-11-28T11:38:35+00:00\" \/>\n<meta property=\"og:image\" content=\"https:\/\/www.itakaescolapios.org\/wp-content\/uploads\/2015\/11\/Valla.png\" \/>\n\t<meta property=\"og:image:width\" content=\"1380\" \/>\n\t<meta property=\"og:image:height\" content=\"777\" \/>\n\t<meta property=\"og:image:type\" content=\"image\/png\" \/>\n<meta name=\"twitter:card\" content=\"summary_large_image\" \/>\n<meta name=\"twitter:label1\" content=\"Temps estimat de lectura\" \/>\n\t<meta name=\"twitter:data1\" content=\"1 minut\" \/>\n<script type=\"application\/ld+json\" class=\"yoast-schema-graph\">{\"@context\":\"https:\\\/\\\/schema.org\",\"@graph\":[{\"@type\":\"WebPage\",\"@id\":\"https:\\\/\\\/www.itakaescolapios.org\\\/ca\\\/el-gran-mural-del-asrama\\\/\",\"url\":\"https:\\\/\\\/www.itakaescolapios.org\\\/ca\\\/el-gran-mural-del-asrama\\\/\",\"name\":\"EL GRAN MURAL DEL ASRAMA - Itaka-Escolapios\",\"isPartOf\":{\"@id\":\"https:\\\/\\\/www.itakaescolapios.org\\\/es\\\/#website\"},\"primaryImageOfPage\":{\"@id\":\"https:\\\/\\\/www.itakaescolapios.org\\\/ca\\\/el-gran-mural-del-asrama\\\/#primaryimage\"},\"image\":{\"@id\":\"https:\\\/\\\/www.itakaescolapios.org\\\/ca\\\/el-gran-mural-del-asrama\\\/#primaryimage\"},\"thumbnailUrl\":\"https:\\\/\\\/www.itakaescolapios.org\\\/wp-content\\\/uploads\\\/2015\\\/11\\\/Valla-1024x576.png\",\"datePublished\":\"2015-11-03T15:12:43+00:00\",\"dateModified\":\"2023-11-28T11:38:35+00:00\",\"breadcrumb\":{\"@id\":\"https:\\\/\\\/www.itakaescolapios.org\\\/ca\\\/el-gran-mural-del-asrama\\\/#breadcrumb\"},\"inLanguage\":\"ca\",\"potentialAction\":[{\"@type\":\"ReadAction\",\"target\":[\"https:\\\/\\\/www.itakaescolapios.org\\\/ca\\\/el-gran-mural-del-asrama\\\/\"]}]},{\"@type\":\"ImageObject\",\"inLanguage\":\"ca\",\"@id\":\"https:\\\/\\\/www.itakaescolapios.org\\\/ca\\\/el-gran-mural-del-asrama\\\/#primaryimage\",\"url\":\"https:\\\/\\\/www.itakaescolapios.org\\\/wp-content\\\/uploads\\\/2015\\\/11\\\/Valla-1024x576.png\",\"contentUrl\":\"https:\\\/\\\/www.itakaescolapios.org\\\/wp-content\\\/uploads\\\/2015\\\/11\\\/Valla-1024x576.png\"},{\"@type\":\"BreadcrumbList\",\"@id\":\"https:\\\/\\\/www.itakaescolapios.org\\\/ca\\\/el-gran-mural-del-asrama\\\/#breadcrumb\",\"itemListElement\":[{\"@type\":\"ListItem\",\"position\":1,\"name\":\"Itaka-Escolapios\",\"item\":\"https:\\\/\\\/www.itakaescolapios.org\\\/es\\\/\"},{\"@type\":\"ListItem\",\"position\":2,\"name\":\"EL GRAN MURAL DEL ASRAMA\"}]},{\"@type\":\"WebSite\",\"@id\":\"https:\\\/\\\/www.itakaescolapios.org\\\/ca\\\/es\\\/#website\",\"url\":\"https:\\\/\\\/www.itakaescolapios.org\\\/ca\\\/es\\\/\",\"name\":\"Itaka-Escolapios\",\"description\":\"Red de Itaka-Escolapios\",\"publisher\":{\"@id\":\"https:\\\/\\\/www.itakaescolapios.org\\\/ca\\\/es\\\/#organization\"},\"potentialAction\":[{\"@type\":\"SearchAction\",\"target\":{\"@type\":\"EntryPoint\",\"urlTemplate\":\"https:\\\/\\\/www.itakaescolapios.org\\\/ca\\\/es\\\/?s={search_term_string}\"},\"query-input\":{\"@type\":\"PropertyValueSpecification\",\"valueRequired\":true,\"valueName\":\"search_term_string\"}}],\"inLanguage\":\"ca\"},{\"@type\":\"Organization\",\"@id\":\"https:\\\/\\\/www.itakaescolapios.org\\\/ca\\\/es\\\/#organization\",\"name\":\"Fundaci\u00f3 Itaka-Escolapios\",\"url\":\"https:\\\/\\\/www.itakaescolapios.org\\\/ca\\\/es\\\/\",\"logo\":{\"@type\":\"ImageObject\",\"inLanguage\":\"ca\",\"@id\":\"https:\\\/\\\/www.itakaescolapios.org\\\/ca\\\/es\\\/#\\\/schema\\\/logo\\\/image\\\/\",\"url\":\"https:\\\/\\\/www.itakaescolapios.org\\\/wp-content\\\/uploads\\\/2024\\\/04\\\/Logo-itakaescolapios-peque.png\",\"contentUrl\":\"https:\\\/\\\/www.itakaescolapios.org\\\/wp-content\\\/uploads\\\/2024\\\/04\\\/Logo-itakaescolapios-peque.png\",\"width\":500,\"height\":199,\"caption\":\"Fundaci\u00f3 Itaka-Escolapios\"},\"image\":{\"@id\":\"https:\\\/\\\/www.itakaescolapios.org\\\/ca\\\/es\\\/#\\\/schema\\\/logo\\\/image\\\/\"}}]}<\/script>\n<!-- \/ Yoast SEO plugin. -->","yoast_head_json":{"title":"EL GRAN MURAL DEL ASRAMA","description":"Os apuntamos un peque\u00f1o esquema para desarrollar la actividad en el colegio: ESQUEMA DESARROLLO DE LA ACTIVIDAD --------------------------------------------------------------------------------------------------------------------- La Tripulaci\u00f3n nos propone en esta actividad que realicemos un mural de manera compartida, entre todos los alumnos y alumnas del colegio, que presente el proyecto del ASRAMA a toda la Comunidad Educativa. En un lugar central&hellip;","robots":{"index":"index","follow":"follow","max-snippet":"max-snippet:-1","max-image-preview":"max-image-preview:large","max-video-preview":"max-video-preview:-1"},"canonical":"Os apuntamos un peque\u00f1o esquema para desarrollar la actividad en el colegio: ESQUEMA DESARROLLO DE LA ACTIVIDAD --------------------------------------------------------------------------------------------------------------------- La Tripulaci\u00f3n nos propone en esta actividad que realicemos un mural de manera compartida, entre todos los alumnos y alumnas del colegio, que presente el proyecto del ASRAMA a toda la Comunidad Educativa. En un lugar central&hellip;","og_locale":"ca_ES","og_type":"article","og_title":"EL GRAN MURAL DEL ASRAMA","og_description":"Os apuntamos un peque\u00f1o esquema para desarrollar la actividad en el colegio: ESQUEMA DESARROLLO DE LA ACTIVIDAD --------------------------------------------------------------------------------------------------------------------- La Tripulaci\u00f3n nos propone en esta actividad que realicemos un mural de manera compartida, entre todos los alumnos y alumnas del colegio, que presente el proyecto del ASRAMA a toda la Comunidad Educativa. En un lugar central&hellip;","og_url":"https:\/\/www.itakaescolapios.org\/ca\/el-gran-mural-del-asrama\/","og_site_name":"Itaka-Escolapios","article_modified_time":"2023-11-28T11:38:35+00:00","og_image":[{"width":1380,"height":777,"url":"https:\/\/www.itakaescolapios.org\/wp-content\/uploads\/2015\/11\/Valla.png","type":"image\/png"}],"twitter_card":"summary_large_image","twitter_misc":{"Temps estimat de lectura":"1 minut"},"schema":{"@context":"https:\/\/schema.org","@graph":[{"@type":"WebPage","@id":"https:\/\/www.itakaescolapios.org\/ca\/el-gran-mural-del-asrama\/","url":"https:\/\/www.itakaescolapios.org\/ca\/el-gran-mural-del-asrama\/","name":"EL GRAN MURAL DEL ASRAMA - Itaka-Escolapios","isPartOf":{"@id":"https:\/\/www.itakaescolapios.org\/es\/#website"},"primaryImageOfPage":{"@id":"https:\/\/www.itakaescolapios.org\/ca\/el-gran-mural-del-asrama\/#primaryimage"},"image":{"@id":"https:\/\/www.itakaescolapios.org\/ca\/el-gran-mural-del-asrama\/#primaryimage"},"thumbnailUrl":"https:\/\/www.itakaescolapios.org\/wp-content\/uploads\/2015\/11\/Valla-1024x576.png","datePublished":"2015-11-03T15:12:43+00:00","dateModified":"2023-11-28T11:38:35+00:00","breadcrumb":{"@id":"https:\/\/www.itakaescolapios.org\/ca\/el-gran-mural-del-asrama\/#breadcrumb"},"inLanguage":"ca","potentialAction":[{"@type":"ReadAction","target":["https:\/\/www.itakaescolapios.org\/ca\/el-gran-mural-del-asrama\/"]}]},{"@type":"ImageObject","inLanguage":"ca","@id":"https:\/\/www.itakaescolapios.org\/ca\/el-gran-mural-del-asrama\/#primaryimage","url":"https:\/\/www.itakaescolapios.org\/wp-content\/uploads\/2015\/11\/Valla-1024x576.png","contentUrl":"https:\/\/www.itakaescolapios.org\/wp-content\/uploads\/2015\/11\/Valla-1024x576.png"},{"@type":"BreadcrumbList","@id":"https:\/\/www.itakaescolapios.org\/ca\/el-gran-mural-del-asrama\/#breadcrumb","itemListElement":[{"@type":"ListItem","position":1,"name":"Itaka-Escolapios","item":"https:\/\/www.itakaescolapios.org\/es\/"},{"@type":"ListItem","position":2,"name":"EL GRAN MURAL DEL ASRAMA"}]},{"@type":"WebSite","@id":"https:\/\/www.itakaescolapios.org\/ca\/es\/#website","url":"https:\/\/www.itakaescolapios.org\/ca\/es\/","name":"Itaka-Escolapios","description":"Red de Itaka-Escolapios","publisher":{"@id":"https:\/\/www.itakaescolapios.org\/ca\/es\/#organization"},"potentialAction":[{"@type":"SearchAction","target":{"@type":"EntryPoint","urlTemplate":"https:\/\/www.itakaescolapios.org\/ca\/es\/?s={search_term_string}"},"query-input":{"@type":"PropertyValueSpecification","valueRequired":true,"valueName":"search_term_string"}}],"inLanguage":"ca"},{"@type":"Organization","@id":"https:\/\/www.itakaescolapios.org\/ca\/es\/#organization","name":"Fundaci\u00f3 Itaka-Escolapios","url":"https:\/\/www.itakaescolapios.org\/ca\/es\/","logo":{"@type":"ImageObject","inLanguage":"ca","@id":"https:\/\/www.itakaescolapios.org\/ca\/es\/#\/schema\/logo\/image\/","url":"https:\/\/www.itakaescolapios.org\/wp-content\/uploads\/2024\/04\/Logo-itakaescolapios-peque.png","contentUrl":"https:\/\/www.itakaescolapios.org\/wp-content\/uploads\/2024\/04\/Logo-itakaescolapios-peque.png","width":500,"height":199,"caption":"Fundaci\u00f3 Itaka-Escolapios"},"image":{"@id":"https:\/\/www.itakaescolapios.org\/ca\/es\/#\/schema\/logo\/image\/"}}]}},"_links":{"self":[{"href":"https:\/\/www.itakaescolapios.org\/ca\/wp-json\/wp\/v2\/pages\/13543","targetHints":{"allow":["GET"]}}],"collection":[{"href":"https:\/\/www.itakaescolapios.org\/ca\/wp-json\/wp\/v2\/pages"}],"about":[{"href":"https:\/\/www.itakaescolapios.org\/ca\/wp-json\/wp\/v2\/types\/page"}],"author":[{"embeddable":true,"href":"https:\/\/www.itakaescolapios.org\/ca\/wp-json\/wp\/v2\/users\/46"}],"replies":[{"embeddable":true,"href":"https:\/\/www.itakaescolapios.org\/ca\/wp-json\/wp\/v2\/comments?post=13543"}],"version-history":[{"count":43,"href":"https:\/\/www.itakaescolapios.org\/ca\/wp-json\/wp\/v2\/pages\/13543\/revisions"}],"predecessor-version":[{"id":48568,"href":"https:\/\/www.itakaescolapios.org\/ca\/wp-json\/wp\/v2\/pages\/13543\/revisions\/48568"}],"wp:attachment":[{"href":"https:\/\/www.itakaescolapios.org\/ca\/wp-json\/wp\/v2\/media?parent=13543"}],"curies":[{"name":"wp","href":"https:\/\/api.w.org\/{rel}","templated":true}]}}