{"id":13551,"date":"2015-11-03T16:36:35","date_gmt":"2015-11-03T15:36:35","guid":{"rendered":"https:\/\/www.itakaescolapios.org\/?page_id=13551"},"modified":"2023-11-28T12:38:35","modified_gmt":"2023-11-28T11:38:35","slug":"telegrama-tweet","status":"publish","type":"page","link":"https:\/\/www.itakaescolapios.org\/ca\/telegrama-tweet\/","title":{"rendered":"TELEGRAMA - TWEET"},"content":{"rendered":"<p><a href=\"https:\/\/www.itakaescolapios.org\/wp-content\/uploads\/2015\/11\/Twitter-Tips.png\"><img decoding=\"async\" class=\"size-full wp-image-13670 alignleft\" alt=\"Twitter-Tips\" src=\"https:\/\/www.itakaescolapios.org\/wp-content\/uploads\/2015\/11\/Twitter-Tips.png\" width=\"300\" height=\"300\" srcset=\"https:\/\/www.itakaescolapios.org\/wp-content\/uploads\/2015\/11\/Twitter-Tips.png 300w, https:\/\/www.itakaescolapios.org\/wp-content\/uploads\/2015\/11\/Twitter-Tips-90x90.png 90w, https:\/\/www.itakaescolapios.org\/wp-content\/uploads\/2015\/11\/Twitter-Tips-250x250.png 250w\" sizes=\"(max-width: 300px) 100vw, 300px\" \/><\/a> Bla<b>, <\/b>es la telegrafista de la tripulaci\u00f3n Itaka y su misi\u00f3n es comunicar y difundir todo lo que ocurre. Si alg\u00fan barco se acerca, si se avecina tormenta, mandar un S.O.S, enviar telegramas a las familias para que sepan c\u00f3mo est\u00e1n\u2026<\/p>\n<p>En esta actividad queremos implicar a las familias para ayudar a BLA en su labor. Para ello, crearemos Tweet-Telegramas. Como sabemos los telegramas son un mensaje de texto breve que se env\u00eda r\u00e1pidamente mediante una codificaci\u00f3n. Se utilizaba para transmitir informaci\u00f3n importante con pocas palabras.<\/p>\n<p>Actualmente los Tweets son la versi\u00f3n moderna de los telegramas. De ah\u00ed, que uniendo el pasado y el presente, y la generaci\u00f3n de padres con la de sus hijos\/as. Creemos los Tweet-telegramas.<\/p>\n<p>En el aula el profesor\/a dar\u00e1 a los ni\u00f1os una hoja en forma de telegrama\u00a0para que la lleve a casa, y all\u00ed las familias escribir\u00e1n un Tweet-telegrama que puede ser de dos formas:<\/p>\n<p>1. Escribir un m\u00e1ximo 125 caracteres actitudes que fomenten el encuentro con el otro. El salir al encuentro.<\/p>\n<p>2. Algo que al ni\u00f1o\/a le haya sorprendido o haya aprendido sobre la realidad de Indonesia.<\/p>\n<p>El profesor escoger\u00e1 los tweet- telegramas que prefiera y los enviar\u00e1 al siguiente e-mail: <a href=\"mailto:solidary@itakaescolapios.org\">solidarity@itakaescolapios.org<\/a> . Desde Itaka-Escolapios los difundiremos a trav\u00e9s de las redes sociales.<\/p>\n<p>Desc\u00e1rgate una ficha para escribir tu<span style=\"color: #a09a35;\"> <strong><a href=\"https:\/\/www.itakaescolapios.org\/wp-content\/uploads\/2015\/11\/TELEGRAMA-TWEET.pdf\"><span style=\"color: #a09a35;\">TELEGRAMA &#8211; TWEET<\/span><\/a><\/strong><\/span><!--more--><\/p>\n","protected":false},"excerpt":{"rendered":"<p>Bla, es la telegrafista de la tripulaci\u00f3n Itaka y su misi\u00f3n es comunicar y difundir todo lo que ocurre. Si alg\u00fan barco se acerca, si se avecina tormenta, mandar un [&hellip;]<\/p>\n","protected":false},"author":46,"featured_media":0,"parent":0,"menu_order":0,"comment_status":"closed","ping_status":"closed","template":"","meta":{"_et_pb_use_builder":"","_et_pb_old_content":"","_et_gb_content_width":"","footnotes":""},"class_list":["post-13551","page","type-page","status-publish","hentry"],"yoast_head":"<!-- This site is optimized with the Yoast SEO plugin v27.3 - https:\/\/yoast.com\/product\/yoast-seo-wordpress\/ -->\n<title>TELEGRAMA - TWEET<\/title>\n<meta name=\"description\" content=\"Bla, es la telegrafista de la tripulaci\u00f3n Itaka y su misi\u00f3n es comunicar y difundir todo lo que ocurre. Si alg\u00fan barco se acerca, si se avecina tormenta, mandar un S.O.S, enviar telegramas a las familias para que sepan c\u00f3mo est\u00e1n\u2026 En esta actividad queremos implicar a las familias para ayudar a BLA en su&hellip;\" \/>\n<meta name=\"robots\" content=\"index, follow, max-snippet:-1, max-image-preview:large, max-video-preview:-1\" \/>\n<link rel=\"canonical\" href=\"http:\/\/Bla,%20es%20la%20telegrafista%20de%20la%20tripulaci\u00f3n%20Itaka%20y%20su%20misi\u00f3n%20es%20comunicar%20y%20difundir%20todo%20lo%20que%20ocurre.%20Si%20alg\u00fan%20barco%20se%20acerca,%20si%20se%20avecina%20tormenta,%20mandar%20un%20S.O.S,%20enviar%20telegramas%20a%20las%20familias%20para%20que%20sepan%20c\u00f3mo%20est\u00e1n\u2026%20En%20esta%20actividad%20queremos%20implicar%20a%20las%20familias%20para%20ayudar%20a%20BLA%20en%20su&hellip;\" \/>\n<meta property=\"og:locale\" content=\"ca_ES\" \/>\n<meta property=\"og:type\" content=\"article\" \/>\n<meta property=\"og:title\" content=\"TELEGRAMA - TWEET\" \/>\n<meta property=\"og:description\" content=\"Bla, es la telegrafista de la tripulaci\u00f3n Itaka y su misi\u00f3n es comunicar y difundir todo lo que ocurre. Si alg\u00fan barco se acerca, si se avecina tormenta, mandar un S.O.S, enviar telegramas a las familias para que sepan c\u00f3mo est\u00e1n\u2026 En esta actividad queremos implicar a las familias para ayudar a BLA en su&hellip;\" \/>\n<meta property=\"og:url\" content=\"https:\/\/www.itakaescolapios.org\/ca\/telegrama-tweet\/\" \/>\n<meta property=\"og:site_name\" content=\"Itaka-Escolapios\" \/>\n<meta property=\"article:modified_time\" content=\"2023-11-28T11:38:35+00:00\" \/>\n<meta property=\"og:image\" content=\"https:\/\/www.itakaescolapios.org\/wp-content\/uploads\/2015\/11\/Twitter-Tips.png\" \/>\n\t<meta property=\"og:image:width\" content=\"300\" \/>\n\t<meta property=\"og:image:height\" content=\"300\" \/>\n\t<meta property=\"og:image:type\" content=\"image\/png\" \/>\n<meta name=\"twitter:card\" content=\"summary_large_image\" \/>\n<meta name=\"twitter:label1\" content=\"Temps estimat de lectura\" \/>\n\t<meta name=\"twitter:data1\" content=\"1 minut\" \/>\n<script type=\"application\/ld+json\" class=\"yoast-schema-graph\">{\"@context\":\"https:\\\/\\\/schema.org\",\"@graph\":[{\"@type\":\"WebPage\",\"@id\":\"https:\\\/\\\/www.itakaescolapios.org\\\/ca\\\/telegrama-tweet\\\/\",\"url\":\"https:\\\/\\\/www.itakaescolapios.org\\\/ca\\\/telegrama-tweet\\\/\",\"name\":\"TELEGRAMA - TWEET - Itaka-Escolapios\",\"isPartOf\":{\"@id\":\"https:\\\/\\\/www.itakaescolapios.org\\\/es\\\/#website\"},\"primaryImageOfPage\":{\"@id\":\"https:\\\/\\\/www.itakaescolapios.org\\\/ca\\\/telegrama-tweet\\\/#primaryimage\"},\"image\":{\"@id\":\"https:\\\/\\\/www.itakaescolapios.org\\\/ca\\\/telegrama-tweet\\\/#primaryimage\"},\"thumbnailUrl\":\"https:\\\/\\\/www.itakaescolapios.org\\\/wp-content\\\/uploads\\\/2015\\\/11\\\/Twitter-Tips.png\",\"datePublished\":\"2015-11-03T15:36:35+00:00\",\"dateModified\":\"2023-11-28T11:38:35+00:00\",\"breadcrumb\":{\"@id\":\"https:\\\/\\\/www.itakaescolapios.org\\\/ca\\\/telegrama-tweet\\\/#breadcrumb\"},\"inLanguage\":\"ca\",\"potentialAction\":[{\"@type\":\"ReadAction\",\"target\":[\"https:\\\/\\\/www.itakaescolapios.org\\\/ca\\\/telegrama-tweet\\\/\"]}]},{\"@type\":\"ImageObject\",\"inLanguage\":\"ca\",\"@id\":\"https:\\\/\\\/www.itakaescolapios.org\\\/ca\\\/telegrama-tweet\\\/#primaryimage\",\"url\":\"https:\\\/\\\/www.itakaescolapios.org\\\/wp-content\\\/uploads\\\/2015\\\/11\\\/Twitter-Tips.png\",\"contentUrl\":\"https:\\\/\\\/www.itakaescolapios.org\\\/wp-content\\\/uploads\\\/2015\\\/11\\\/Twitter-Tips.png\"},{\"@type\":\"BreadcrumbList\",\"@id\":\"https:\\\/\\\/www.itakaescolapios.org\\\/ca\\\/telegrama-tweet\\\/#breadcrumb\",\"itemListElement\":[{\"@type\":\"ListItem\",\"position\":1,\"name\":\"Itaka-Escolapios\",\"item\":\"https:\\\/\\\/www.itakaescolapios.org\\\/es\\\/\"},{\"@type\":\"ListItem\",\"position\":2,\"name\":\"TELEGRAMA - TWEET\"}]},{\"@type\":\"WebSite\",\"@id\":\"https:\\\/\\\/www.itakaescolapios.org\\\/ca\\\/es\\\/#website\",\"url\":\"https:\\\/\\\/www.itakaescolapios.org\\\/ca\\\/es\\\/\",\"name\":\"Itaka-Escolapios\",\"description\":\"Red de Itaka-Escolapios\",\"publisher\":{\"@id\":\"https:\\\/\\\/www.itakaescolapios.org\\\/ca\\\/es\\\/#organization\"},\"potentialAction\":[{\"@type\":\"SearchAction\",\"target\":{\"@type\":\"EntryPoint\",\"urlTemplate\":\"https:\\\/\\\/www.itakaescolapios.org\\\/ca\\\/es\\\/?s={search_term_string}\"},\"query-input\":{\"@type\":\"PropertyValueSpecification\",\"valueRequired\":true,\"valueName\":\"search_term_string\"}}],\"inLanguage\":\"ca\"},{\"@type\":\"Organization\",\"@id\":\"https:\\\/\\\/www.itakaescolapios.org\\\/ca\\\/es\\\/#organization\",\"name\":\"Fundaci\u00f3 Itaka-Escolapios\",\"url\":\"https:\\\/\\\/www.itakaescolapios.org\\\/ca\\\/es\\\/\",\"logo\":{\"@type\":\"ImageObject\",\"inLanguage\":\"ca\",\"@id\":\"https:\\\/\\\/www.itakaescolapios.org\\\/ca\\\/es\\\/#\\\/schema\\\/logo\\\/image\\\/\",\"url\":\"https:\\\/\\\/www.itakaescolapios.org\\\/wp-content\\\/uploads\\\/2024\\\/04\\\/Logo-itakaescolapios-peque.png\",\"contentUrl\":\"https:\\\/\\\/www.itakaescolapios.org\\\/wp-content\\\/uploads\\\/2024\\\/04\\\/Logo-itakaescolapios-peque.png\",\"width\":500,\"height\":199,\"caption\":\"Fundaci\u00f3 Itaka-Escolapios\"},\"image\":{\"@id\":\"https:\\\/\\\/www.itakaescolapios.org\\\/ca\\\/es\\\/#\\\/schema\\\/logo\\\/image\\\/\"}}]}<\/script>\n<!-- \/ Yoast SEO plugin. -->","yoast_head_json":{"title":"TELEGRAMA - TWEET","description":"Bla, es la telegrafista de la tripulaci\u00f3n Itaka y su misi\u00f3n es comunicar y difundir todo lo que ocurre. Si alg\u00fan barco se acerca, si se avecina tormenta, mandar un S.O.S, enviar telegramas a las familias para que sepan c\u00f3mo est\u00e1n\u2026 En esta actividad queremos implicar a las familias para ayudar a BLA en su&hellip;","robots":{"index":"index","follow":"follow","max-snippet":"max-snippet:-1","max-image-preview":"max-image-preview:large","max-video-preview":"max-video-preview:-1"},"canonical":"Bla, es la telegrafista de la tripulaci\u00f3n Itaka y su misi\u00f3n es comunicar y difundir todo lo que ocurre. Si alg\u00fan barco se acerca, si se avecina tormenta, mandar un S.O.S, enviar telegramas a las familias para que sepan c\u00f3mo est\u00e1n\u2026 En esta actividad queremos implicar a las familias para ayudar a BLA en su&hellip;","og_locale":"ca_ES","og_type":"article","og_title":"TELEGRAMA - TWEET","og_description":"Bla, es la telegrafista de la tripulaci\u00f3n Itaka y su misi\u00f3n es comunicar y difundir todo lo que ocurre. Si alg\u00fan barco se acerca, si se avecina tormenta, mandar un S.O.S, enviar telegramas a las familias para que sepan c\u00f3mo est\u00e1n\u2026 En esta actividad queremos implicar a las familias para ayudar a BLA en su&hellip;","og_url":"https:\/\/www.itakaescolapios.org\/ca\/telegrama-tweet\/","og_site_name":"Itaka-Escolapios","article_modified_time":"2023-11-28T11:38:35+00:00","og_image":[{"width":300,"height":300,"url":"https:\/\/www.itakaescolapios.org\/wp-content\/uploads\/2015\/11\/Twitter-Tips.png","type":"image\/png"}],"twitter_card":"summary_large_image","twitter_misc":{"Temps estimat de lectura":"1 minut"},"schema":{"@context":"https:\/\/schema.org","@graph":[{"@type":"WebPage","@id":"https:\/\/www.itakaescolapios.org\/ca\/telegrama-tweet\/","url":"https:\/\/www.itakaescolapios.org\/ca\/telegrama-tweet\/","name":"TELEGRAMA - TWEET - Itaka-Escolapios","isPartOf":{"@id":"https:\/\/www.itakaescolapios.org\/es\/#website"},"primaryImageOfPage":{"@id":"https:\/\/www.itakaescolapios.org\/ca\/telegrama-tweet\/#primaryimage"},"image":{"@id":"https:\/\/www.itakaescolapios.org\/ca\/telegrama-tweet\/#primaryimage"},"thumbnailUrl":"https:\/\/www.itakaescolapios.org\/wp-content\/uploads\/2015\/11\/Twitter-Tips.png","datePublished":"2015-11-03T15:36:35+00:00","dateModified":"2023-11-28T11:38:35+00:00","breadcrumb":{"@id":"https:\/\/www.itakaescolapios.org\/ca\/telegrama-tweet\/#breadcrumb"},"inLanguage":"ca","potentialAction":[{"@type":"ReadAction","target":["https:\/\/www.itakaescolapios.org\/ca\/telegrama-tweet\/"]}]},{"@type":"ImageObject","inLanguage":"ca","@id":"https:\/\/www.itakaescolapios.org\/ca\/telegrama-tweet\/#primaryimage","url":"https:\/\/www.itakaescolapios.org\/wp-content\/uploads\/2015\/11\/Twitter-Tips.png","contentUrl":"https:\/\/www.itakaescolapios.org\/wp-content\/uploads\/2015\/11\/Twitter-Tips.png"},{"@type":"BreadcrumbList","@id":"https:\/\/www.itakaescolapios.org\/ca\/telegrama-tweet\/#breadcrumb","itemListElement":[{"@type":"ListItem","position":1,"name":"Itaka-Escolapios","item":"https:\/\/www.itakaescolapios.org\/es\/"},{"@type":"ListItem","position":2,"name":"TELEGRAMA - TWEET"}]},{"@type":"WebSite","@id":"https:\/\/www.itakaescolapios.org\/ca\/es\/#website","url":"https:\/\/www.itakaescolapios.org\/ca\/es\/","name":"Itaka-Escolapios","description":"Red de Itaka-Escolapios","publisher":{"@id":"https:\/\/www.itakaescolapios.org\/ca\/es\/#organization"},"potentialAction":[{"@type":"SearchAction","target":{"@type":"EntryPoint","urlTemplate":"https:\/\/www.itakaescolapios.org\/ca\/es\/?s={search_term_string}"},"query-input":{"@type":"PropertyValueSpecification","valueRequired":true,"valueName":"search_term_string"}}],"inLanguage":"ca"},{"@type":"Organization","@id":"https:\/\/www.itakaescolapios.org\/ca\/es\/#organization","name":"Fundaci\u00f3 Itaka-Escolapios","url":"https:\/\/www.itakaescolapios.org\/ca\/es\/","logo":{"@type":"ImageObject","inLanguage":"ca","@id":"https:\/\/www.itakaescolapios.org\/ca\/es\/#\/schema\/logo\/image\/","url":"https:\/\/www.itakaescolapios.org\/wp-content\/uploads\/2024\/04\/Logo-itakaescolapios-peque.png","contentUrl":"https:\/\/www.itakaescolapios.org\/wp-content\/uploads\/2024\/04\/Logo-itakaescolapios-peque.png","width":500,"height":199,"caption":"Fundaci\u00f3 Itaka-Escolapios"},"image":{"@id":"https:\/\/www.itakaescolapios.org\/ca\/es\/#\/schema\/logo\/image\/"}}]}},"_links":{"self":[{"href":"https:\/\/www.itakaescolapios.org\/ca\/wp-json\/wp\/v2\/pages\/13551","targetHints":{"allow":["GET"]}}],"collection":[{"href":"https:\/\/www.itakaescolapios.org\/ca\/wp-json\/wp\/v2\/pages"}],"about":[{"href":"https:\/\/www.itakaescolapios.org\/ca\/wp-json\/wp\/v2\/types\/page"}],"author":[{"embeddable":true,"href":"https:\/\/www.itakaescolapios.org\/ca\/wp-json\/wp\/v2\/users\/46"}],"replies":[{"embeddable":true,"href":"https:\/\/www.itakaescolapios.org\/ca\/wp-json\/wp\/v2\/comments?post=13551"}],"version-history":[{"count":16,"href":"https:\/\/www.itakaescolapios.org\/ca\/wp-json\/wp\/v2\/pages\/13551\/revisions"}],"predecessor-version":[{"id":48566,"href":"https:\/\/www.itakaescolapios.org\/ca\/wp-json\/wp\/v2\/pages\/13551\/revisions\/48566"}],"wp:attachment":[{"href":"https:\/\/www.itakaescolapios.org\/ca\/wp-json\/wp\/v2\/media?parent=13551"}],"curies":[{"name":"wp","href":"https:\/\/api.w.org\/{rel}","templated":true}]}}