{"id":16888,"date":"2016-11-02T10:07:48","date_gmt":"2016-11-02T09:07:48","guid":{"rendered":"https:\/\/www.itakaescolapios.org\/?page_id=16888"},"modified":"2023-11-28T12:38:19","modified_gmt":"2023-11-28T11:38:19","slug":"educar-anunciar-transformar","status":"publish","type":"page","link":"https:\/\/www.itakaescolapios.org\/ca\/campanas\/2016-2017-expedicion-kamda-educar-anunciar-transformar\/educar-anunciar-transformar\/","title":{"rendered":"EDUCAR, ANUNCIAR, TRANSFORMAR"},"content":{"rendered":"<p><a href=\"https:\/\/www.itakaescolapios.org\/wp-content\/uploads\/2016\/11\/logotipo-1617-esp.jpg\"><img decoding=\"async\" class=\"alignleft  wp-image-16932\" alt=\"logotipo-1617-esp\" src=\"https:\/\/www.itakaescolapios.org\/wp-content\/uploads\/2016\/11\/logotipo-1617-esp.jpg\" width=\"314\" height=\"176\" srcset=\"https:\/\/www.itakaescolapios.org\/wp-content\/uploads\/2016\/11\/logotipo-1617-esp.jpg 921w, https:\/\/www.itakaescolapios.org\/wp-content\/uploads\/2016\/11\/logotipo-1617-esp-300x169.jpg 300w, https:\/\/www.itakaescolapios.org\/wp-content\/uploads\/2016\/11\/logotipo-1617-esp-250x140.jpg 250w\" sizes=\"(max-width: 314px) 100vw, 314px\" \/><\/a><\/p>\n<p style=\"text-align: justify;\">La campa\u00f1a de solidaridad llega en un momento muy especial para las Escuelas P\u00edas y para Itaka-Escolapios: celebramos el a\u00f1o jubilar escolapio con el que conmemoramos los 400 a\u00f1os de historia de la congregaci\u00f3n y los 250 de la canonizaci\u00f3n de su fundador Jos\u00e9 de Calasanz. Es un a\u00f1o de celebraci\u00f3n, de contemplar el camino recorrido desde el recuerdo agradecido por tan larga y fruct\u00edfera trayectoria. Y es tambi\u00e9n una ocasi\u00f3n para mirar al frente, hacia el ilusionante futuro que aparece ante las Escuelas P\u00edas y hacia los desaf\u00edos de la misi\u00f3n escolapia en el mundo actual y venidero.<\/p>\n<p style=\"text-align: justify;\">Es por ello que el lema para este a\u00f1o jubilar es una triple llamada a la acci\u00f3n: EDUCAR, ANUNCIAR, TRANSFORMAR. En estos tres verbos se resume la esencia de la misi\u00f3n escolapia, tal y como Calasanz la dibuj\u00f3 hace cuatro siglos y se nos ha ido trasmitiendo hasta hoy. Y siempre poniendo el acento en algo que tambi\u00e9n es muy calasancio y que Itaka-Escolapios intenta llevar a todos sus proyectos: el entrelazar estas tres grandes dimensiones de la misi\u00f3n \u2013la educativa, la evangelizadora y la de transformaci\u00f3n social- y potenciar desde cada una las dem\u00e1s, con una visi\u00f3n integral.<\/p>\n<p style=\"text-align: justify;\">Siendo este el contexto del curso, la nueva campa\u00f1a de solidaridad de Itaka-Escolapios es una magn\u00edfica oportunidad para celebrar y comprometerse con lo que supone el a\u00f1o jubilar. Primero, porque orientar nuestro esfuerzo solidario hacia la misi\u00f3n escolapia en el mundo empobrecido es una manera de ser hoy fieles a Calasanz y consecuentes con aquello a lo que \u00e9l entreg\u00f3 su vida, tras escuchar la llamada de los ni\u00f1os m\u00e1s pobres. Y en segundo lugar, porque hacerlo juntos, en una campa\u00f1a impulsada desde varios pa\u00edses a trav\u00e9s de la red Itaka-Escolapios, nos ayuda a sentirnos m\u00e1s corresponsables, m\u00e1s parte de las Escuelas P\u00edas y m\u00e1s comprometidos con su futuro.<\/p>\n<p style=\"text-align: justify;\">El proyecto al que va dirigida la campa\u00f1a de solidaridad de este curso representa muy bien las claves que acabamos de mencionar. En India, las Escuelas P\u00edas son muy j\u00f3venes (datan de 1994, casi ayer en comparaci\u00f3n con los cuatro siglos de historia), con mucho futuro, pero a la vez con grandes retos a superar. Y dentro de India, la de Kamda, una peque\u00f1a localidad al nordeste del pa\u00eds de poblaci\u00f3n <i>adivasi<\/i>, es una presencia especialmente necesitada de apoyo, donde la pobreza y la falta de oportunidades educativas se dejan ver con mayor rotundidad.<\/p>\n<p style=\"text-align: justify;\">La escuela escolapia de Kamda est\u00e1 siendo ya una respuesta a esa realidad, pero las instalaciones y los medios actuales no son suficientes para atender como se merecen a los ni\u00f1os, ni\u00f1as y j\u00f3venes del entorno, procedentes de familias pobres. Por eso es necesaria una fuerte inversi\u00f3n para mejorar las condiciones de esta escuela y, a ser posible, construir unas nuevas instalaciones para poder dar una mayor y mejor respuesta a las necesidades educativas del lugar.<\/p>\n<p style=\"text-align: justify;\">Os invitamos a participar e implicaros con ilusi\u00f3n en esta campa\u00f1a de solidaridad, sintiendo que con ello contribuimos a hacer realidad, tanto en Kamda como en nuestro entorno m\u00e1s cercano, la llamada que las Escuelas P\u00edas nos hacen este a\u00f1o a EDUCAR, ANUNCIAR y TRANSFORMAR.<\/p>\n","protected":false},"excerpt":{"rendered":"<p>La campa\u00f1a de solidaridad llega en un momento muy especial para las Escuelas P\u00edas y para Itaka-Escolapios: celebramos el a\u00f1o jubilar escolapio con el que conmemoramos los 400 a\u00f1os de [&hellip;]<\/p>\n","protected":false},"author":46,"featured_media":0,"parent":16881,"menu_order":2,"comment_status":"closed","ping_status":"closed","template":"","meta":{"_et_pb_use_builder":"","_et_pb_old_content":"","_et_gb_content_width":"","footnotes":""},"class_list":["post-16888","page","type-page","status-publish","hentry"],"yoast_head":"<!-- This site is optimized with the Yoast SEO plugin v27.3 - https:\/\/yoast.com\/product\/yoast-seo-wordpress\/ -->\n<title>EDUCAR, ANUNCIAR, TRANSFORMAR<\/title>\n<meta name=\"description\" content=\"La campa\u00f1a de solidaridad llega en un momento muy especial para las Escuelas P\u00edas y para Itaka-Escolapios: celebramos el a\u00f1o jubilar escolapio con el que conmemoramos los 400 a\u00f1os de historia de la congregaci\u00f3n y los 250 de la canonizaci\u00f3n de su fundador Jos\u00e9 de Calasanz. Es un a\u00f1o de celebraci\u00f3n, de contemplar el camino&hellip;\" \/>\n<meta name=\"robots\" content=\"index, follow, max-snippet:-1, max-image-preview:large, max-video-preview:-1\" \/>\n<link rel=\"canonical\" href=\"\" \/>\n<meta property=\"og:locale\" content=\"ca_ES\" \/>\n<meta property=\"og:type\" content=\"article\" \/>\n<meta property=\"og:title\" content=\"EDUCAR, ANUNCIAR, TRANSFORMAR\" \/>\n<meta property=\"og:description\" content=\"La campa\u00f1a de solidaridad llega en un momento muy especial para las Escuelas P\u00edas y para Itaka-Escolapios: celebramos el a\u00f1o jubilar escolapio con el que conmemoramos los 400 a\u00f1os de historia de la congregaci\u00f3n y los 250 de la canonizaci\u00f3n de su fundador Jos\u00e9 de Calasanz. Es un a\u00f1o de celebraci\u00f3n, de contemplar el camino&hellip;\" \/>\n<meta property=\"og:url\" content=\"https:\/\/www.itakaescolapios.org\/ca\/campanas\/2016-2017-expedicion-kamda-educar-anunciar-transformar\/educar-anunciar-transformar\/\" \/>\n<meta property=\"og:site_name\" content=\"Itaka-Escolapios\" \/>\n<meta property=\"article:modified_time\" content=\"2023-11-28T11:38:19+00:00\" \/>\n<meta property=\"og:image\" content=\"https:\/\/www.itakaescolapios.org\/wp-content\/uploads\/2016\/11\/logotipo-1617-esp.jpg\" \/>\n\t<meta property=\"og:image:width\" content=\"921\" \/>\n\t<meta property=\"og:image:height\" content=\"519\" \/>\n\t<meta property=\"og:image:type\" content=\"image\/jpeg\" \/>\n<meta name=\"twitter:card\" content=\"summary_large_image\" \/>\n<meta name=\"twitter:label1\" content=\"Temps estimat de lectura\" \/>\n\t<meta name=\"twitter:data1\" content=\"3 minuts\" \/>\n<script type=\"application\/ld+json\" class=\"yoast-schema-graph\">{\"@context\":\"https:\\\/\\\/schema.org\",\"@graph\":[{\"@type\":\"WebPage\",\"@id\":\"https:\\\/\\\/www.itakaescolapios.org\\\/ca\\\/campanas\\\/2016-2017-expedicion-kamda-educar-anunciar-transformar\\\/educar-anunciar-transformar\\\/\",\"url\":\"https:\\\/\\\/www.itakaescolapios.org\\\/ca\\\/campanas\\\/2016-2017-expedicion-kamda-educar-anunciar-transformar\\\/educar-anunciar-transformar\\\/\",\"name\":\"EDUCAR, ANUNCIAR, TRANSFORMAR - Itaka-Escolapios\",\"isPartOf\":{\"@id\":\"https:\\\/\\\/www.itakaescolapios.org\\\/es\\\/#website\"},\"primaryImageOfPage\":{\"@id\":\"https:\\\/\\\/www.itakaescolapios.org\\\/ca\\\/campanas\\\/2016-2017-expedicion-kamda-educar-anunciar-transformar\\\/educar-anunciar-transformar\\\/#primaryimage\"},\"image\":{\"@id\":\"https:\\\/\\\/www.itakaescolapios.org\\\/ca\\\/campanas\\\/2016-2017-expedicion-kamda-educar-anunciar-transformar\\\/educar-anunciar-transformar\\\/#primaryimage\"},\"thumbnailUrl\":\"https:\\\/\\\/www.itakaescolapios.org\\\/wp-content\\\/uploads\\\/2016\\\/11\\\/logotipo-1617-esp.jpg\",\"datePublished\":\"2016-11-02T09:07:48+00:00\",\"dateModified\":\"2023-11-28T11:38:19+00:00\",\"breadcrumb\":{\"@id\":\"https:\\\/\\\/www.itakaescolapios.org\\\/ca\\\/campanas\\\/2016-2017-expedicion-kamda-educar-anunciar-transformar\\\/educar-anunciar-transformar\\\/#breadcrumb\"},\"inLanguage\":\"ca\",\"potentialAction\":[{\"@type\":\"ReadAction\",\"target\":[\"https:\\\/\\\/www.itakaescolapios.org\\\/ca\\\/campanas\\\/2016-2017-expedicion-kamda-educar-anunciar-transformar\\\/educar-anunciar-transformar\\\/\"]}]},{\"@type\":\"ImageObject\",\"inLanguage\":\"ca\",\"@id\":\"https:\\\/\\\/www.itakaescolapios.org\\\/ca\\\/campanas\\\/2016-2017-expedicion-kamda-educar-anunciar-transformar\\\/educar-anunciar-transformar\\\/#primaryimage\",\"url\":\"https:\\\/\\\/www.itakaescolapios.org\\\/wp-content\\\/uploads\\\/2016\\\/11\\\/logotipo-1617-esp.jpg\",\"contentUrl\":\"https:\\\/\\\/www.itakaescolapios.org\\\/wp-content\\\/uploads\\\/2016\\\/11\\\/logotipo-1617-esp.jpg\"},{\"@type\":\"BreadcrumbList\",\"@id\":\"https:\\\/\\\/www.itakaescolapios.org\\\/ca\\\/campanas\\\/2016-2017-expedicion-kamda-educar-anunciar-transformar\\\/educar-anunciar-transformar\\\/#breadcrumb\",\"itemListElement\":[{\"@type\":\"ListItem\",\"position\":1,\"name\":\"Itaka-Escolapios\",\"item\":\"https:\\\/\\\/www.itakaescolapios.org\\\/es\\\/\"},{\"@type\":\"ListItem\",\"position\":2,\"name\":\"Campa\u00f1as\",\"item\":\"https:\\\/\\\/www.itakaescolapios.org\\\/es\\\/campanas\\\/\"},{\"@type\":\"ListItem\",\"position\":3,\"name\":\"2016-2017 EXPEDICI\u00d3N KAMDA: EDUCAR, ANUNCIAR, TRANSFORMAR\",\"item\":\"https:\\\/\\\/www.itakaescolapios.org\\\/es\\\/campanas\\\/2016-2017-expedicion-kamda-educar-anunciar-transformar\\\/\"},{\"@type\":\"ListItem\",\"position\":4,\"name\":\"EDUCAR, ANUNCIAR, TRANSFORMAR\"}]},{\"@type\":\"WebSite\",\"@id\":\"https:\\\/\\\/www.itakaescolapios.org\\\/ca\\\/es\\\/#website\",\"url\":\"https:\\\/\\\/www.itakaescolapios.org\\\/ca\\\/es\\\/\",\"name\":\"Itaka-Escolapios\",\"description\":\"Red de Itaka-Escolapios\",\"publisher\":{\"@id\":\"https:\\\/\\\/www.itakaescolapios.org\\\/ca\\\/es\\\/#organization\"},\"potentialAction\":[{\"@type\":\"SearchAction\",\"target\":{\"@type\":\"EntryPoint\",\"urlTemplate\":\"https:\\\/\\\/www.itakaescolapios.org\\\/ca\\\/es\\\/?s={search_term_string}\"},\"query-input\":{\"@type\":\"PropertyValueSpecification\",\"valueRequired\":true,\"valueName\":\"search_term_string\"}}],\"inLanguage\":\"ca\"},{\"@type\":\"Organization\",\"@id\":\"https:\\\/\\\/www.itakaescolapios.org\\\/ca\\\/es\\\/#organization\",\"name\":\"Fundaci\u00f3 Itaka-Escolapios\",\"url\":\"https:\\\/\\\/www.itakaescolapios.org\\\/ca\\\/es\\\/\",\"logo\":{\"@type\":\"ImageObject\",\"inLanguage\":\"ca\",\"@id\":\"https:\\\/\\\/www.itakaescolapios.org\\\/ca\\\/es\\\/#\\\/schema\\\/logo\\\/image\\\/\",\"url\":\"https:\\\/\\\/www.itakaescolapios.org\\\/wp-content\\\/uploads\\\/2024\\\/04\\\/Logo-itakaescolapios-peque.png\",\"contentUrl\":\"https:\\\/\\\/www.itakaescolapios.org\\\/wp-content\\\/uploads\\\/2024\\\/04\\\/Logo-itakaescolapios-peque.png\",\"width\":500,\"height\":199,\"caption\":\"Fundaci\u00f3 Itaka-Escolapios\"},\"image\":{\"@id\":\"https:\\\/\\\/www.itakaescolapios.org\\\/ca\\\/es\\\/#\\\/schema\\\/logo\\\/image\\\/\"}}]}<\/script>\n<!-- \/ Yoast SEO plugin. -->","yoast_head_json":{"title":"EDUCAR, ANUNCIAR, TRANSFORMAR","description":"La campa\u00f1a de solidaridad llega en un momento muy especial para las Escuelas P\u00edas y para Itaka-Escolapios: celebramos el a\u00f1o jubilar escolapio con el que conmemoramos los 400 a\u00f1os de historia de la congregaci\u00f3n y los 250 de la canonizaci\u00f3n de su fundador Jos\u00e9 de Calasanz. Es un a\u00f1o de celebraci\u00f3n, de contemplar el camino&hellip;","robots":{"index":"index","follow":"follow","max-snippet":"max-snippet:-1","max-image-preview":"max-image-preview:large","max-video-preview":"max-video-preview:-1"},"canonical":"La campa\u00f1a de solidaridad llega en un momento muy especial para las Escuelas P\u00edas y para Itaka-Escolapios: celebramos el a\u00f1o jubilar escolapio con el que conmemoramos los 400 a\u00f1os de historia de la congregaci\u00f3n y los 250 de la canonizaci\u00f3n de su fundador Jos\u00e9 de Calasanz. Es un a\u00f1o de celebraci\u00f3n, de contemplar el camino&hellip;","og_locale":"ca_ES","og_type":"article","og_title":"EDUCAR, ANUNCIAR, TRANSFORMAR","og_description":"La campa\u00f1a de solidaridad llega en un momento muy especial para las Escuelas P\u00edas y para Itaka-Escolapios: celebramos el a\u00f1o jubilar escolapio con el que conmemoramos los 400 a\u00f1os de historia de la congregaci\u00f3n y los 250 de la canonizaci\u00f3n de su fundador Jos\u00e9 de Calasanz. Es un a\u00f1o de celebraci\u00f3n, de contemplar el camino&hellip;","og_url":"https:\/\/www.itakaescolapios.org\/ca\/campanas\/2016-2017-expedicion-kamda-educar-anunciar-transformar\/educar-anunciar-transformar\/","og_site_name":"Itaka-Escolapios","article_modified_time":"2023-11-28T11:38:19+00:00","og_image":[{"width":921,"height":519,"url":"https:\/\/www.itakaescolapios.org\/wp-content\/uploads\/2016\/11\/logotipo-1617-esp.jpg","type":"image\/jpeg"}],"twitter_card":"summary_large_image","twitter_misc":{"Temps estimat de lectura":"3 minuts"},"schema":{"@context":"https:\/\/schema.org","@graph":[{"@type":"WebPage","@id":"https:\/\/www.itakaescolapios.org\/ca\/campanas\/2016-2017-expedicion-kamda-educar-anunciar-transformar\/educar-anunciar-transformar\/","url":"https:\/\/www.itakaescolapios.org\/ca\/campanas\/2016-2017-expedicion-kamda-educar-anunciar-transformar\/educar-anunciar-transformar\/","name":"EDUCAR, ANUNCIAR, TRANSFORMAR - Itaka-Escolapios","isPartOf":{"@id":"https:\/\/www.itakaescolapios.org\/es\/#website"},"primaryImageOfPage":{"@id":"https:\/\/www.itakaescolapios.org\/ca\/campanas\/2016-2017-expedicion-kamda-educar-anunciar-transformar\/educar-anunciar-transformar\/#primaryimage"},"image":{"@id":"https:\/\/www.itakaescolapios.org\/ca\/campanas\/2016-2017-expedicion-kamda-educar-anunciar-transformar\/educar-anunciar-transformar\/#primaryimage"},"thumbnailUrl":"https:\/\/www.itakaescolapios.org\/wp-content\/uploads\/2016\/11\/logotipo-1617-esp.jpg","datePublished":"2016-11-02T09:07:48+00:00","dateModified":"2023-11-28T11:38:19+00:00","breadcrumb":{"@id":"https:\/\/www.itakaescolapios.org\/ca\/campanas\/2016-2017-expedicion-kamda-educar-anunciar-transformar\/educar-anunciar-transformar\/#breadcrumb"},"inLanguage":"ca","potentialAction":[{"@type":"ReadAction","target":["https:\/\/www.itakaescolapios.org\/ca\/campanas\/2016-2017-expedicion-kamda-educar-anunciar-transformar\/educar-anunciar-transformar\/"]}]},{"@type":"ImageObject","inLanguage":"ca","@id":"https:\/\/www.itakaescolapios.org\/ca\/campanas\/2016-2017-expedicion-kamda-educar-anunciar-transformar\/educar-anunciar-transformar\/#primaryimage","url":"https:\/\/www.itakaescolapios.org\/wp-content\/uploads\/2016\/11\/logotipo-1617-esp.jpg","contentUrl":"https:\/\/www.itakaescolapios.org\/wp-content\/uploads\/2016\/11\/logotipo-1617-esp.jpg"},{"@type":"BreadcrumbList","@id":"https:\/\/www.itakaescolapios.org\/ca\/campanas\/2016-2017-expedicion-kamda-educar-anunciar-transformar\/educar-anunciar-transformar\/#breadcrumb","itemListElement":[{"@type":"ListItem","position":1,"name":"Itaka-Escolapios","item":"https:\/\/www.itakaescolapios.org\/es\/"},{"@type":"ListItem","position":2,"name":"Campa\u00f1as","item":"https:\/\/www.itakaescolapios.org\/es\/campanas\/"},{"@type":"ListItem","position":3,"name":"2016-2017 EXPEDICI\u00d3N KAMDA: EDUCAR, ANUNCIAR, TRANSFORMAR","item":"https:\/\/www.itakaescolapios.org\/es\/campanas\/2016-2017-expedicion-kamda-educar-anunciar-transformar\/"},{"@type":"ListItem","position":4,"name":"EDUCAR, ANUNCIAR, TRANSFORMAR"}]},{"@type":"WebSite","@id":"https:\/\/www.itakaescolapios.org\/ca\/es\/#website","url":"https:\/\/www.itakaescolapios.org\/ca\/es\/","name":"Itaka-Escolapios","description":"Red de Itaka-Escolapios","publisher":{"@id":"https:\/\/www.itakaescolapios.org\/ca\/es\/#organization"},"potentialAction":[{"@type":"SearchAction","target":{"@type":"EntryPoint","urlTemplate":"https:\/\/www.itakaescolapios.org\/ca\/es\/?s={search_term_string}"},"query-input":{"@type":"PropertyValueSpecification","valueRequired":true,"valueName":"search_term_string"}}],"inLanguage":"ca"},{"@type":"Organization","@id":"https:\/\/www.itakaescolapios.org\/ca\/es\/#organization","name":"Fundaci\u00f3 Itaka-Escolapios","url":"https:\/\/www.itakaescolapios.org\/ca\/es\/","logo":{"@type":"ImageObject","inLanguage":"ca","@id":"https:\/\/www.itakaescolapios.org\/ca\/es\/#\/schema\/logo\/image\/","url":"https:\/\/www.itakaescolapios.org\/wp-content\/uploads\/2024\/04\/Logo-itakaescolapios-peque.png","contentUrl":"https:\/\/www.itakaescolapios.org\/wp-content\/uploads\/2024\/04\/Logo-itakaescolapios-peque.png","width":500,"height":199,"caption":"Fundaci\u00f3 Itaka-Escolapios"},"image":{"@id":"https:\/\/www.itakaescolapios.org\/ca\/es\/#\/schema\/logo\/image\/"}}]}},"_links":{"self":[{"href":"https:\/\/www.itakaescolapios.org\/ca\/wp-json\/wp\/v2\/pages\/16888","targetHints":{"allow":["GET"]}}],"collection":[{"href":"https:\/\/www.itakaescolapios.org\/ca\/wp-json\/wp\/v2\/pages"}],"about":[{"href":"https:\/\/www.itakaescolapios.org\/ca\/wp-json\/wp\/v2\/types\/page"}],"author":[{"embeddable":true,"href":"https:\/\/www.itakaescolapios.org\/ca\/wp-json\/wp\/v2\/users\/46"}],"replies":[{"embeddable":true,"href":"https:\/\/www.itakaescolapios.org\/ca\/wp-json\/wp\/v2\/comments?post=16888"}],"version-history":[{"count":10,"href":"https:\/\/www.itakaescolapios.org\/ca\/wp-json\/wp\/v2\/pages\/16888\/revisions"}],"predecessor-version":[{"id":48135,"href":"https:\/\/www.itakaescolapios.org\/ca\/wp-json\/wp\/v2\/pages\/16888\/revisions\/48135"}],"up":[{"embeddable":true,"href":"https:\/\/www.itakaescolapios.org\/ca\/wp-json\/wp\/v2\/pages\/16881"}],"wp:attachment":[{"href":"https:\/\/www.itakaescolapios.org\/ca\/wp-json\/wp\/v2\/media?parent=16888"}],"curies":[{"name":"wp","href":"https:\/\/api.w.org\/{rel}","templated":true}]}}