{"id":17226,"date":"2016-11-14T16:48:23","date_gmt":"2016-11-14T15:48:23","guid":{"rendered":"https:\/\/www.itakaescolapios.org\/?page_id=17226"},"modified":"2023-11-28T12:38:18","modified_gmt":"2023-11-28T11:38:18","slug":"photocalll","status":"publish","type":"page","link":"https:\/\/www.itakaescolapios.org\/ca\/photocalll\/","title":{"rendered":"PHOTOCALLL"},"content":{"rendered":"<p style=\"text-align: center;\"><a href=\"https:\/\/www.itakaescolapios.org\/wp-content\/uploads\/2016\/11\/Captura-de-pantalla-2016-11-14-16.52.30.png\"><img decoding=\"async\" class=\"wp-image-17230 aligncenter\" alt=\"captura-de-pantalla-2016-11-14-16-52-30\" src=\"https:\/\/www.itakaescolapios.org\/wp-content\/uploads\/2016\/11\/Captura-de-pantalla-2016-11-14-16.52.30-1024x577.png\" width=\"368\" height=\"208\" srcset=\"https:\/\/www.itakaescolapios.org\/wp-content\/uploads\/2016\/11\/Captura-de-pantalla-2016-11-14-16.52.30-1024x577.png 1024w, https:\/\/www.itakaescolapios.org\/wp-content\/uploads\/2016\/11\/Captura-de-pantalla-2016-11-14-16.52.30-300x169.png 300w, https:\/\/www.itakaescolapios.org\/wp-content\/uploads\/2016\/11\/Captura-de-pantalla-2016-11-14-16.52.30-250x140.png 250w, https:\/\/www.itakaescolapios.org\/wp-content\/uploads\/2016\/11\/Captura-de-pantalla-2016-11-14-16.52.30.png 1265w\" sizes=\"(max-width: 368px) 100vw, 368px\" \/><\/a><\/p>\n<p>Jiwa como responsable de mantener a punto el autob\u00fas de la expedici\u00f3n nos propone una doble actividad:<\/p>\n<p>1. Construir con una plantilla un autob\u00fas para colocarlo en un punto de paso del colegio a modo de photocall. Es importante que est\u00e9 en un lugar accesible para que tanto el alumnado como las familias o cualquier persona que nos visite pueda sacarse una foto.<\/p>\n<p>Desc\u00e1rgate la <span style=\"color: #808000;\"><a href=\"https:\/\/www.itakaescolapios.org\/wp-content\/uploads\/2016\/11\/photocall-campa\u00f1a.pdf\" target=\"_blank\" rel=\"noopener\"><span style=\"color: #808000;\"><strong>plantilla del AUTOB\u00daS de la EXPEDICI\u00d3N KAMDA<\/strong> <\/span><\/a><\/span><\/p>\n<p>2. En otro lugar del colegio (zonas cubiertas de los patios por ejemplo) colocaremos un gran mural de 3 x 4 metros (con forma de autob\u00fas). El interior del autob\u00fas lo dividiremos en tantos apartados como cursos haya en tu centro educativo (13 desde infantil hasta bachillerato). En cada una de las divisiones colocaremos un mural, tama\u00f1o cartulina, con los contenidos que detallamos a continuaci\u00f3n.<\/p>\n<p>Desc\u00e1rgate los <strong><span style=\"color: #808000;\"><a href=\"https:\/\/www.itakaescolapios.org\/wp-content\/uploads\/2016\/11\/Distribuci\u00f3n-de-actividades-mural.pdf\" target=\"_blank\" rel=\"noopener\"><span style=\"color: #808000;\">contenidos por curso del MURAL de la EXPEDICI\u00d3N KAMDA<\/span><\/a><\/span><\/strong><\/p>\n","protected":false},"excerpt":{"rendered":"<p>Jiwa como responsable de mantener a punto el autob\u00fas de la expedici\u00f3n nos propone una doble actividad: 1. Construir con una plantilla un autob\u00fas para colocarlo en un punto de [&hellip;]<\/p>\n","protected":false},"author":46,"featured_media":0,"parent":0,"menu_order":0,"comment_status":"closed","ping_status":"closed","template":"","meta":{"_et_pb_use_builder":"","_et_pb_old_content":"","_et_gb_content_width":"","footnotes":""},"class_list":["post-17226","page","type-page","status-publish","hentry"],"yoast_head":"<!-- This site is optimized with the Yoast SEO plugin v27.3 - https:\/\/yoast.com\/product\/yoast-seo-wordpress\/ -->\n<title>PHOTOCALLL<\/title>\n<meta name=\"description\" content=\"Jiwa como responsable de mantener a punto el autob\u00fas de la expedici\u00f3n nos propone una doble actividad: 1. Construir con una plantilla un autob\u00fas para colocarlo en un punto de paso del colegio a modo de photocall. Es importante que est\u00e9 en un lugar accesible para que tanto el alumnado como las familias o cualquier&hellip;\" \/>\n<meta name=\"robots\" content=\"index, follow, max-snippet:-1, max-image-preview:large, max-video-preview:-1\" \/>\n<link rel=\"canonical\" href=\"\" \/>\n<meta property=\"og:locale\" content=\"ca_ES\" \/>\n<meta property=\"og:type\" content=\"article\" \/>\n<meta property=\"og:title\" content=\"PHOTOCALLL\" \/>\n<meta property=\"og:description\" content=\"Jiwa como responsable de mantener a punto el autob\u00fas de la expedici\u00f3n nos propone una doble actividad: 1. Construir con una plantilla un autob\u00fas para colocarlo en un punto de paso del colegio a modo de photocall. Es importante que est\u00e9 en un lugar accesible para que tanto el alumnado como las familias o cualquier&hellip;\" \/>\n<meta property=\"og:url\" content=\"https:\/\/www.itakaescolapios.org\/ca\/photocalll\/\" \/>\n<meta property=\"og:site_name\" content=\"Itaka-Escolapios\" \/>\n<meta property=\"article:modified_time\" content=\"2023-11-28T11:38:18+00:00\" \/>\n<meta property=\"og:image\" content=\"https:\/\/www.itakaescolapios.org\/wp-content\/uploads\/2016\/11\/Captura-de-pantalla-2016-11-14-16.52.30.png\" \/>\n\t<meta property=\"og:image:width\" content=\"1265\" \/>\n\t<meta property=\"og:image:height\" content=\"713\" \/>\n\t<meta property=\"og:image:type\" content=\"image\/png\" \/>\n<meta name=\"twitter:card\" content=\"summary_large_image\" \/>\n<meta name=\"twitter:label1\" content=\"Temps estimat de lectura\" \/>\n\t<meta name=\"twitter:data1\" content=\"1 minut\" \/>\n<script type=\"application\/ld+json\" class=\"yoast-schema-graph\">{\"@context\":\"https:\\\/\\\/schema.org\",\"@graph\":[{\"@type\":\"WebPage\",\"@id\":\"https:\\\/\\\/www.itakaescolapios.org\\\/ca\\\/photocalll\\\/\",\"url\":\"https:\\\/\\\/www.itakaescolapios.org\\\/ca\\\/photocalll\\\/\",\"name\":\"PHOTOCALLL - Itaka-Escolapios\",\"isPartOf\":{\"@id\":\"https:\\\/\\\/www.itakaescolapios.org\\\/es\\\/#website\"},\"primaryImageOfPage\":{\"@id\":\"https:\\\/\\\/www.itakaescolapios.org\\\/ca\\\/photocalll\\\/#primaryimage\"},\"image\":{\"@id\":\"https:\\\/\\\/www.itakaescolapios.org\\\/ca\\\/photocalll\\\/#primaryimage\"},\"thumbnailUrl\":\"https:\\\/\\\/www.itakaescolapios.org\\\/wp-content\\\/uploads\\\/2016\\\/11\\\/Captura-de-pantalla-2016-11-14-16.52.30-1024x577.png\",\"datePublished\":\"2016-11-14T15:48:23+00:00\",\"dateModified\":\"2023-11-28T11:38:18+00:00\",\"breadcrumb\":{\"@id\":\"https:\\\/\\\/www.itakaescolapios.org\\\/ca\\\/photocalll\\\/#breadcrumb\"},\"inLanguage\":\"ca\",\"potentialAction\":[{\"@type\":\"ReadAction\",\"target\":[\"https:\\\/\\\/www.itakaescolapios.org\\\/ca\\\/photocalll\\\/\"]}]},{\"@type\":\"ImageObject\",\"inLanguage\":\"ca\",\"@id\":\"https:\\\/\\\/www.itakaescolapios.org\\\/ca\\\/photocalll\\\/#primaryimage\",\"url\":\"https:\\\/\\\/www.itakaescolapios.org\\\/wp-content\\\/uploads\\\/2016\\\/11\\\/Captura-de-pantalla-2016-11-14-16.52.30-1024x577.png\",\"contentUrl\":\"https:\\\/\\\/www.itakaescolapios.org\\\/wp-content\\\/uploads\\\/2016\\\/11\\\/Captura-de-pantalla-2016-11-14-16.52.30-1024x577.png\"},{\"@type\":\"BreadcrumbList\",\"@id\":\"https:\\\/\\\/www.itakaescolapios.org\\\/ca\\\/photocalll\\\/#breadcrumb\",\"itemListElement\":[{\"@type\":\"ListItem\",\"position\":1,\"name\":\"Itaka-Escolapios\",\"item\":\"https:\\\/\\\/www.itakaescolapios.org\\\/es\\\/\"},{\"@type\":\"ListItem\",\"position\":2,\"name\":\"PHOTOCALLL\"}]},{\"@type\":\"WebSite\",\"@id\":\"https:\\\/\\\/www.itakaescolapios.org\\\/ca\\\/es\\\/#website\",\"url\":\"https:\\\/\\\/www.itakaescolapios.org\\\/ca\\\/es\\\/\",\"name\":\"Itaka-Escolapios\",\"description\":\"Red de Itaka-Escolapios\",\"publisher\":{\"@id\":\"https:\\\/\\\/www.itakaescolapios.org\\\/ca\\\/es\\\/#organization\"},\"potentialAction\":[{\"@type\":\"SearchAction\",\"target\":{\"@type\":\"EntryPoint\",\"urlTemplate\":\"https:\\\/\\\/www.itakaescolapios.org\\\/ca\\\/es\\\/?s={search_term_string}\"},\"query-input\":{\"@type\":\"PropertyValueSpecification\",\"valueRequired\":true,\"valueName\":\"search_term_string\"}}],\"inLanguage\":\"ca\"},{\"@type\":\"Organization\",\"@id\":\"https:\\\/\\\/www.itakaescolapios.org\\\/ca\\\/es\\\/#organization\",\"name\":\"Fundaci\u00f3 Itaka-Escolapios\",\"url\":\"https:\\\/\\\/www.itakaescolapios.org\\\/ca\\\/es\\\/\",\"logo\":{\"@type\":\"ImageObject\",\"inLanguage\":\"ca\",\"@id\":\"https:\\\/\\\/www.itakaescolapios.org\\\/ca\\\/es\\\/#\\\/schema\\\/logo\\\/image\\\/\",\"url\":\"https:\\\/\\\/www.itakaescolapios.org\\\/wp-content\\\/uploads\\\/2024\\\/04\\\/Logo-itakaescolapios-peque.png\",\"contentUrl\":\"https:\\\/\\\/www.itakaescolapios.org\\\/wp-content\\\/uploads\\\/2024\\\/04\\\/Logo-itakaescolapios-peque.png\",\"width\":500,\"height\":199,\"caption\":\"Fundaci\u00f3 Itaka-Escolapios\"},\"image\":{\"@id\":\"https:\\\/\\\/www.itakaescolapios.org\\\/ca\\\/es\\\/#\\\/schema\\\/logo\\\/image\\\/\"}}]}<\/script>\n<!-- \/ Yoast SEO plugin. -->","yoast_head_json":{"title":"PHOTOCALLL","description":"Jiwa como responsable de mantener a punto el autob\u00fas de la expedici\u00f3n nos propone una doble actividad: 1. Construir con una plantilla un autob\u00fas para colocarlo en un punto de paso del colegio a modo de photocall. Es importante que est\u00e9 en un lugar accesible para que tanto el alumnado como las familias o cualquier&hellip;","robots":{"index":"index","follow":"follow","max-snippet":"max-snippet:-1","max-image-preview":"max-image-preview:large","max-video-preview":"max-video-preview:-1"},"canonical":"Jiwa como responsable de mantener a punto el autob\u00fas de la expedici\u00f3n nos propone una doble actividad: 1. Construir con una plantilla un autob\u00fas para colocarlo en un punto de paso del colegio a modo de photocall. Es importante que est\u00e9 en un lugar accesible para que tanto el alumnado como las familias o cualquier&hellip;","og_locale":"ca_ES","og_type":"article","og_title":"PHOTOCALLL","og_description":"Jiwa como responsable de mantener a punto el autob\u00fas de la expedici\u00f3n nos propone una doble actividad: 1. Construir con una plantilla un autob\u00fas para colocarlo en un punto de paso del colegio a modo de photocall. Es importante que est\u00e9 en un lugar accesible para que tanto el alumnado como las familias o cualquier&hellip;","og_url":"https:\/\/www.itakaescolapios.org\/ca\/photocalll\/","og_site_name":"Itaka-Escolapios","article_modified_time":"2023-11-28T11:38:18+00:00","og_image":[{"width":1265,"height":713,"url":"https:\/\/www.itakaescolapios.org\/wp-content\/uploads\/2016\/11\/Captura-de-pantalla-2016-11-14-16.52.30.png","type":"image\/png"}],"twitter_card":"summary_large_image","twitter_misc":{"Temps estimat de lectura":"1 minut"},"schema":{"@context":"https:\/\/schema.org","@graph":[{"@type":"WebPage","@id":"https:\/\/www.itakaescolapios.org\/ca\/photocalll\/","url":"https:\/\/www.itakaescolapios.org\/ca\/photocalll\/","name":"PHOTOCALLL - Itaka-Escolapios","isPartOf":{"@id":"https:\/\/www.itakaescolapios.org\/es\/#website"},"primaryImageOfPage":{"@id":"https:\/\/www.itakaescolapios.org\/ca\/photocalll\/#primaryimage"},"image":{"@id":"https:\/\/www.itakaescolapios.org\/ca\/photocalll\/#primaryimage"},"thumbnailUrl":"https:\/\/www.itakaescolapios.org\/wp-content\/uploads\/2016\/11\/Captura-de-pantalla-2016-11-14-16.52.30-1024x577.png","datePublished":"2016-11-14T15:48:23+00:00","dateModified":"2023-11-28T11:38:18+00:00","breadcrumb":{"@id":"https:\/\/www.itakaescolapios.org\/ca\/photocalll\/#breadcrumb"},"inLanguage":"ca","potentialAction":[{"@type":"ReadAction","target":["https:\/\/www.itakaescolapios.org\/ca\/photocalll\/"]}]},{"@type":"ImageObject","inLanguage":"ca","@id":"https:\/\/www.itakaescolapios.org\/ca\/photocalll\/#primaryimage","url":"https:\/\/www.itakaescolapios.org\/wp-content\/uploads\/2016\/11\/Captura-de-pantalla-2016-11-14-16.52.30-1024x577.png","contentUrl":"https:\/\/www.itakaescolapios.org\/wp-content\/uploads\/2016\/11\/Captura-de-pantalla-2016-11-14-16.52.30-1024x577.png"},{"@type":"BreadcrumbList","@id":"https:\/\/www.itakaescolapios.org\/ca\/photocalll\/#breadcrumb","itemListElement":[{"@type":"ListItem","position":1,"name":"Itaka-Escolapios","item":"https:\/\/www.itakaescolapios.org\/es\/"},{"@type":"ListItem","position":2,"name":"PHOTOCALLL"}]},{"@type":"WebSite","@id":"https:\/\/www.itakaescolapios.org\/ca\/es\/#website","url":"https:\/\/www.itakaescolapios.org\/ca\/es\/","name":"Itaka-Escolapios","description":"Red de Itaka-Escolapios","publisher":{"@id":"https:\/\/www.itakaescolapios.org\/ca\/es\/#organization"},"potentialAction":[{"@type":"SearchAction","target":{"@type":"EntryPoint","urlTemplate":"https:\/\/www.itakaescolapios.org\/ca\/es\/?s={search_term_string}"},"query-input":{"@type":"PropertyValueSpecification","valueRequired":true,"valueName":"search_term_string"}}],"inLanguage":"ca"},{"@type":"Organization","@id":"https:\/\/www.itakaescolapios.org\/ca\/es\/#organization","name":"Fundaci\u00f3 Itaka-Escolapios","url":"https:\/\/www.itakaescolapios.org\/ca\/es\/","logo":{"@type":"ImageObject","inLanguage":"ca","@id":"https:\/\/www.itakaescolapios.org\/ca\/es\/#\/schema\/logo\/image\/","url":"https:\/\/www.itakaescolapios.org\/wp-content\/uploads\/2024\/04\/Logo-itakaescolapios-peque.png","contentUrl":"https:\/\/www.itakaescolapios.org\/wp-content\/uploads\/2024\/04\/Logo-itakaescolapios-peque.png","width":500,"height":199,"caption":"Fundaci\u00f3 Itaka-Escolapios"},"image":{"@id":"https:\/\/www.itakaescolapios.org\/ca\/es\/#\/schema\/logo\/image\/"}}]}},"_links":{"self":[{"href":"https:\/\/www.itakaescolapios.org\/ca\/wp-json\/wp\/v2\/pages\/17226","targetHints":{"allow":["GET"]}}],"collection":[{"href":"https:\/\/www.itakaescolapios.org\/ca\/wp-json\/wp\/v2\/pages"}],"about":[{"href":"https:\/\/www.itakaescolapios.org\/ca\/wp-json\/wp\/v2\/types\/page"}],"author":[{"embeddable":true,"href":"https:\/\/www.itakaescolapios.org\/ca\/wp-json\/wp\/v2\/users\/46"}],"replies":[{"embeddable":true,"href":"https:\/\/www.itakaescolapios.org\/ca\/wp-json\/wp\/v2\/comments?post=17226"}],"version-history":[{"count":14,"href":"https:\/\/www.itakaescolapios.org\/ca\/wp-json\/wp\/v2\/pages\/17226\/revisions"}],"predecessor-version":[{"id":48092,"href":"https:\/\/www.itakaescolapios.org\/ca\/wp-json\/wp\/v2\/pages\/17226\/revisions\/48092"}],"wp:attachment":[{"href":"https:\/\/www.itakaescolapios.org\/ca\/wp-json\/wp\/v2\/media?parent=17226"}],"curies":[{"name":"wp","href":"https:\/\/api.w.org\/{rel}","templated":true}]}}