{"id":201,"date":"2012-05-31T17:44:39","date_gmt":"2012-05-31T16:44:39","guid":{"rendered":"https:\/\/www.itakaescolapios.org\/?page_id=201"},"modified":"2023-11-28T12:39:49","modified_gmt":"2023-11-28T11:39:49","slug":"ojala","status":"publish","type":"page","link":"https:\/\/www.itakaescolapios.org\/ca\/que-fem\/alfabetizacion-y-apoyo-escolar\/ojala\/","title":{"rendered":"Ojal\u00e1 \/ El Faro"},"content":{"rendered":"<p>El primer programa de alfabetizaci\u00f3n que Itaka-Escolapios puso en marcha fue en la ciudad de <a href=\"https:\/\/www.itakaescolapios.org\/donde-estamos\/spain\/granada\/\">Granada<\/a>, <b>El Faro<\/b>. Posteriormente se han ido incorporando las sedes de <a href=\"https:\/\/www.itakaescolapios.org\/donde-estamos\/spain\/vitoria\/\">Vitoria-Gasteiz<\/a>, <a href=\"https:\/\/www.itakaescolapios.org\/donde-estamos\/spain\/bilbao\/\">Bilbao<\/a>, <a href=\"https:\/\/www.itakaescolapios.org\/donde-estamos\/spain\/sevilla\/\">Sevilla<\/a> y <a href=\"https:\/\/www.itakaescolapios.org\/donde-estamos\/spain\/soria\/\">Soria<\/a>, con el desarrollo del programa <b>Ojal\u00e1. <\/b>Adem\u00e1s de estas sedes, <a href=\"https:\/\/www.itakaescolapios.org\/donde-estamos\/spain\/pamplona-iruna\/\">Pamplona-Iru\u00f1a<\/a> tambi\u00e9n imparte clases de castellano desde su programa <b>Ikaskide.<\/b><\/p>\n<p>En dichos programas se ofrecen cursos gratuitos de castellano a personas inmigrantes (hombre y mujeres) que derivan de recursos sociales y de empleo. Se imparten las clases en los locales de Itaka Escolapios.<\/p>\n<p>Los objetivos son:<\/p>\n<ul>\n<li>Adquirir un buen nivel de compresi\u00f3n y expresi\u00f3n del castellano hablado.<\/li>\n<li>Adquirir habilidades de la comunicaci\u00f3n y relaci\u00f3n para la vida diaria, tales como la escucha y la empat\u00eda.<\/li>\n<li>Participar activamente en las actividades propuestas y conocer e intercambiar aspectos culturales de la ciudad y de sus pa\u00edses de origen.<\/li>\n<li>Sensibilizar en nuestro entorno sobre la realidad de las personas inmigrantes.<\/li>\n<li>Ofrecer un lugar de referencia para nuestro alumnado.<\/li>\n<li>Informar de los recursos disponibles a los que tiene acceso la poblaci\u00f3n inmigrante.<\/li>\n<\/ul>\n<p>Las personas beneficiarias de este programa son personas adultas inmigrantes en procesos de inserci\u00f3n laboral, con dificultades socio-econ\u00f3micas, que no se encuentran dentro del sistema educativo formal y que demuestran inter\u00e9s en realizar un proceso de alfabetizaci\u00f3n. Las mujeres tienen prioridad de atenci\u00f3n en el programa.<\/p>\n<p>En los casos de Bilbao y Vitoria existe ludoteca para la atenci\u00f3n de los ni\u00f1os y ni\u00f1as de las mujeres que acuden al aula.<!--more--><\/p>\n","protected":false},"excerpt":{"rendered":"<p>El primer programa de alfabetizaci\u00f3n que Itaka-Escolapios puso en marcha fue en la ciudad de Granada, El Faro. Posteriormente se han ido incorporando las sedes de Vitoria-Gasteiz, Bilbao, Sevilla y [&hellip;]<\/p>\n","protected":false},"author":1,"featured_media":13830,"parent":78,"menu_order":2,"comment_status":"closed","ping_status":"closed","template":"","meta":{"_et_pb_use_builder":"","_et_pb_old_content":"","_et_gb_content_width":"","footnotes":""},"class_list":["post-201","page","type-page","status-publish","has-post-thumbnail","hentry"],"yoast_head":"<!-- This site is optimized with the Yoast SEO plugin v27.3 - https:\/\/yoast.com\/product\/yoast-seo-wordpress\/ -->\n<title>Ojal\u00e1 \/ El Faro<\/title>\n<meta name=\"description\" content=\"El primer programa de alfabetizaci\u00f3n que Itaka-Escolapios puso en marcha fue en la ciudad de Granada, El Faro. Posteriormente se han ido incorporando las sedes de Vitoria-Gasteiz, Bilbao, Sevilla y Soria, con el desarrollo del programa Ojal\u00e1. Adem\u00e1s de estas sedes, Pamplona-Iru\u00f1a tambi\u00e9n imparte clases de castellano desde su programa Ikaskide. En dichos programas se&hellip;\" \/>\n<meta name=\"robots\" content=\"index, follow, max-snippet:-1, max-image-preview:large, max-video-preview:-1\" \/>\n<link rel=\"canonical\" href=\"http:\/\/El%20primer%20programa%20de%20alfabetizaci\u00f3n%20que%20Itaka-Escolapios%20puso%20en%20marcha%20fue%20en%20la%20ciudad%20de%20Granada,%20El%20Faro.%20Posteriormente%20se%20han%20ido%20incorporando%20las%20sedes%20de%20Vitoria-Gasteiz,%20Bilbao,%20Sevilla%20y%20Soria,%20con%20el%20desarrollo%20del%20programa%20Ojal\u00e1.%20Adem\u00e1s%20de%20estas%20sedes,%20Pamplona-Iru\u00f1a%20tambi\u00e9n%20imparte%20clases%20de%20castellano%20desde%20su%20programa%20Ikaskide.%20En%20dichos%20programas%20se&hellip;\" \/>\n<meta property=\"og:locale\" content=\"ca_ES\" \/>\n<meta property=\"og:type\" content=\"article\" \/>\n<meta property=\"og:title\" content=\"Ojal\u00e1 \/ El Faro\" \/>\n<meta property=\"og:description\" content=\"El primer programa de alfabetizaci\u00f3n que Itaka-Escolapios puso en marcha fue en la ciudad de Granada, El Faro. Posteriormente se han ido incorporando las sedes de Vitoria-Gasteiz, Bilbao, Sevilla y Soria, con el desarrollo del programa Ojal\u00e1. Adem\u00e1s de estas sedes, Pamplona-Iru\u00f1a tambi\u00e9n imparte clases de castellano desde su programa Ikaskide. En dichos programas se&hellip;\" \/>\n<meta property=\"og:url\" content=\"https:\/\/www.itakaescolapios.org\/ca\/que-fem\/alfabetizacion-y-apoyo-escolar\/ojala\/\" \/>\n<meta property=\"og:site_name\" content=\"Itaka-Escolapios\" \/>\n<meta property=\"article:modified_time\" content=\"2023-11-28T11:39:49+00:00\" \/>\n<meta property=\"og:image\" content=\"https:\/\/www.itakaescolapios.org\/wp-content\/uploads\/2012\/05\/10548021_896396700404826_8386743555456042976_o.jpg\" \/>\n\t<meta property=\"og:image:width\" content=\"1125\" \/>\n\t<meta property=\"og:image:height\" content=\"1500\" \/>\n\t<meta property=\"og:image:type\" content=\"image\/jpeg\" \/>\n<meta name=\"twitter:card\" content=\"summary_large_image\" \/>\n<meta name=\"twitter:label1\" content=\"Temps estimat de lectura\" \/>\n\t<meta name=\"twitter:data1\" content=\"1 minut\" \/>\n<script type=\"application\/ld+json\" class=\"yoast-schema-graph\">{\"@context\":\"https:\\\/\\\/schema.org\",\"@graph\":[{\"@type\":\"WebPage\",\"@id\":\"https:\\\/\\\/www.itakaescolapios.org\\\/ca\\\/que-fem\\\/alfabetizacion-y-apoyo-escolar\\\/ojala\\\/\",\"url\":\"https:\\\/\\\/www.itakaescolapios.org\\\/ca\\\/que-fem\\\/alfabetizacion-y-apoyo-escolar\\\/ojala\\\/\",\"name\":\"Ojal\u00e1 \\\/ El Faro - Itaka-Escolapios\",\"isPartOf\":{\"@id\":\"https:\\\/\\\/www.itakaescolapios.org\\\/es\\\/#website\"},\"primaryImageOfPage\":{\"@id\":\"https:\\\/\\\/www.itakaescolapios.org\\\/ca\\\/que-fem\\\/alfabetizacion-y-apoyo-escolar\\\/ojala\\\/#primaryimage\"},\"image\":{\"@id\":\"https:\\\/\\\/www.itakaescolapios.org\\\/ca\\\/que-fem\\\/alfabetizacion-y-apoyo-escolar\\\/ojala\\\/#primaryimage\"},\"thumbnailUrl\":\"https:\\\/\\\/www.itakaescolapios.org\\\/wp-content\\\/uploads\\\/2012\\\/05\\\/10548021_896396700404826_8386743555456042976_o.jpg\",\"datePublished\":\"2012-05-31T16:44:39+00:00\",\"dateModified\":\"2023-11-28T11:39:49+00:00\",\"breadcrumb\":{\"@id\":\"https:\\\/\\\/www.itakaescolapios.org\\\/ca\\\/que-fem\\\/alfabetizacion-y-apoyo-escolar\\\/ojala\\\/#breadcrumb\"},\"inLanguage\":\"ca\",\"potentialAction\":[{\"@type\":\"ReadAction\",\"target\":[\"https:\\\/\\\/www.itakaescolapios.org\\\/ca\\\/que-fem\\\/alfabetizacion-y-apoyo-escolar\\\/ojala\\\/\"]}]},{\"@type\":\"ImageObject\",\"inLanguage\":\"ca\",\"@id\":\"https:\\\/\\\/www.itakaescolapios.org\\\/ca\\\/que-fem\\\/alfabetizacion-y-apoyo-escolar\\\/ojala\\\/#primaryimage\",\"url\":\"https:\\\/\\\/www.itakaescolapios.org\\\/wp-content\\\/uploads\\\/2012\\\/05\\\/10548021_896396700404826_8386743555456042976_o.jpg\",\"contentUrl\":\"https:\\\/\\\/www.itakaescolapios.org\\\/wp-content\\\/uploads\\\/2012\\\/05\\\/10548021_896396700404826_8386743555456042976_o.jpg\",\"width\":1125,\"height\":1500},{\"@type\":\"BreadcrumbList\",\"@id\":\"https:\\\/\\\/www.itakaescolapios.org\\\/ca\\\/que-fem\\\/alfabetizacion-y-apoyo-escolar\\\/ojala\\\/#breadcrumb\",\"itemListElement\":[{\"@type\":\"ListItem\",\"position\":1,\"name\":\"Itaka-Escolapios\",\"item\":\"https:\\\/\\\/www.itakaescolapios.org\\\/es\\\/\"},{\"@type\":\"ListItem\",\"position\":2,\"name\":\"Qu\u00e8 fem\",\"item\":\"https:\\\/\\\/www.itakaescolapios.org\\\/es\\\/que-hacemos\\\/\"},{\"@type\":\"ListItem\",\"position\":3,\"name\":\"Alfabetizaci\u00f3n y apoyo escolar\",\"item\":\"https:\\\/\\\/www.itakaescolapios.org\\\/es\\\/que-hacemos\\\/alfabetizacion-y-apoyo-escolar\\\/\"},{\"@type\":\"ListItem\",\"position\":4,\"name\":\"Ojal\u00e1 \\\/ El Faro\"}]},{\"@type\":\"WebSite\",\"@id\":\"https:\\\/\\\/www.itakaescolapios.org\\\/ca\\\/es\\\/#website\",\"url\":\"https:\\\/\\\/www.itakaescolapios.org\\\/ca\\\/es\\\/\",\"name\":\"Itaka-Escolapios\",\"description\":\"Red de Itaka-Escolapios\",\"publisher\":{\"@id\":\"https:\\\/\\\/www.itakaescolapios.org\\\/ca\\\/es\\\/#organization\"},\"potentialAction\":[{\"@type\":\"SearchAction\",\"target\":{\"@type\":\"EntryPoint\",\"urlTemplate\":\"https:\\\/\\\/www.itakaescolapios.org\\\/ca\\\/es\\\/?s={search_term_string}\"},\"query-input\":{\"@type\":\"PropertyValueSpecification\",\"valueRequired\":true,\"valueName\":\"search_term_string\"}}],\"inLanguage\":\"ca\"},{\"@type\":\"Organization\",\"@id\":\"https:\\\/\\\/www.itakaescolapios.org\\\/ca\\\/es\\\/#organization\",\"name\":\"Fundaci\u00f3 Itaka-Escolapios\",\"url\":\"https:\\\/\\\/www.itakaescolapios.org\\\/ca\\\/es\\\/\",\"logo\":{\"@type\":\"ImageObject\",\"inLanguage\":\"ca\",\"@id\":\"https:\\\/\\\/www.itakaescolapios.org\\\/ca\\\/es\\\/#\\\/schema\\\/logo\\\/image\\\/\",\"url\":\"https:\\\/\\\/www.itakaescolapios.org\\\/wp-content\\\/uploads\\\/2024\\\/04\\\/Logo-itakaescolapios-peque.png\",\"contentUrl\":\"https:\\\/\\\/www.itakaescolapios.org\\\/wp-content\\\/uploads\\\/2024\\\/04\\\/Logo-itakaescolapios-peque.png\",\"width\":500,\"height\":199,\"caption\":\"Fundaci\u00f3 Itaka-Escolapios\"},\"image\":{\"@id\":\"https:\\\/\\\/www.itakaescolapios.org\\\/ca\\\/es\\\/#\\\/schema\\\/logo\\\/image\\\/\"}}]}<\/script>\n<!-- \/ Yoast SEO plugin. -->","yoast_head_json":{"title":"Ojal\u00e1 \/ El Faro","description":"El primer programa de alfabetizaci\u00f3n que Itaka-Escolapios puso en marcha fue en la ciudad de Granada, El Faro. Posteriormente se han ido incorporando las sedes de Vitoria-Gasteiz, Bilbao, Sevilla y Soria, con el desarrollo del programa Ojal\u00e1. Adem\u00e1s de estas sedes, Pamplona-Iru\u00f1a tambi\u00e9n imparte clases de castellano desde su programa Ikaskide. En dichos programas se&hellip;","robots":{"index":"index","follow":"follow","max-snippet":"max-snippet:-1","max-image-preview":"max-image-preview:large","max-video-preview":"max-video-preview:-1"},"canonical":"El primer programa de alfabetizaci\u00f3n que Itaka-Escolapios puso en marcha fue en la ciudad de Granada, El Faro. Posteriormente se han ido incorporando las sedes de Vitoria-Gasteiz, Bilbao, Sevilla y Soria, con el desarrollo del programa Ojal\u00e1. Adem\u00e1s de estas sedes, Pamplona-Iru\u00f1a tambi\u00e9n imparte clases de castellano desde su programa Ikaskide. En dichos programas se&hellip;","og_locale":"ca_ES","og_type":"article","og_title":"Ojal\u00e1 \/ El Faro","og_description":"El primer programa de alfabetizaci\u00f3n que Itaka-Escolapios puso en marcha fue en la ciudad de Granada, El Faro. Posteriormente se han ido incorporando las sedes de Vitoria-Gasteiz, Bilbao, Sevilla y Soria, con el desarrollo del programa Ojal\u00e1. Adem\u00e1s de estas sedes, Pamplona-Iru\u00f1a tambi\u00e9n imparte clases de castellano desde su programa Ikaskide. En dichos programas se&hellip;","og_url":"https:\/\/www.itakaescolapios.org\/ca\/que-fem\/alfabetizacion-y-apoyo-escolar\/ojala\/","og_site_name":"Itaka-Escolapios","article_modified_time":"2023-11-28T11:39:49+00:00","og_image":[{"width":1125,"height":1500,"url":"https:\/\/www.itakaescolapios.org\/wp-content\/uploads\/2012\/05\/10548021_896396700404826_8386743555456042976_o.jpg","type":"image\/jpeg"}],"twitter_card":"summary_large_image","twitter_misc":{"Temps estimat de lectura":"1 minut"},"schema":{"@context":"https:\/\/schema.org","@graph":[{"@type":"WebPage","@id":"https:\/\/www.itakaescolapios.org\/ca\/que-fem\/alfabetizacion-y-apoyo-escolar\/ojala\/","url":"https:\/\/www.itakaescolapios.org\/ca\/que-fem\/alfabetizacion-y-apoyo-escolar\/ojala\/","name":"Ojal\u00e1 \/ El Faro - Itaka-Escolapios","isPartOf":{"@id":"https:\/\/www.itakaescolapios.org\/es\/#website"},"primaryImageOfPage":{"@id":"https:\/\/www.itakaescolapios.org\/ca\/que-fem\/alfabetizacion-y-apoyo-escolar\/ojala\/#primaryimage"},"image":{"@id":"https:\/\/www.itakaescolapios.org\/ca\/que-fem\/alfabetizacion-y-apoyo-escolar\/ojala\/#primaryimage"},"thumbnailUrl":"https:\/\/www.itakaescolapios.org\/wp-content\/uploads\/2012\/05\/10548021_896396700404826_8386743555456042976_o.jpg","datePublished":"2012-05-31T16:44:39+00:00","dateModified":"2023-11-28T11:39:49+00:00","breadcrumb":{"@id":"https:\/\/www.itakaescolapios.org\/ca\/que-fem\/alfabetizacion-y-apoyo-escolar\/ojala\/#breadcrumb"},"inLanguage":"ca","potentialAction":[{"@type":"ReadAction","target":["https:\/\/www.itakaescolapios.org\/ca\/que-fem\/alfabetizacion-y-apoyo-escolar\/ojala\/"]}]},{"@type":"ImageObject","inLanguage":"ca","@id":"https:\/\/www.itakaescolapios.org\/ca\/que-fem\/alfabetizacion-y-apoyo-escolar\/ojala\/#primaryimage","url":"https:\/\/www.itakaescolapios.org\/wp-content\/uploads\/2012\/05\/10548021_896396700404826_8386743555456042976_o.jpg","contentUrl":"https:\/\/www.itakaescolapios.org\/wp-content\/uploads\/2012\/05\/10548021_896396700404826_8386743555456042976_o.jpg","width":1125,"height":1500},{"@type":"BreadcrumbList","@id":"https:\/\/www.itakaescolapios.org\/ca\/que-fem\/alfabetizacion-y-apoyo-escolar\/ojala\/#breadcrumb","itemListElement":[{"@type":"ListItem","position":1,"name":"Itaka-Escolapios","item":"https:\/\/www.itakaescolapios.org\/es\/"},{"@type":"ListItem","position":2,"name":"Qu\u00e8 fem","item":"https:\/\/www.itakaescolapios.org\/es\/que-hacemos\/"},{"@type":"ListItem","position":3,"name":"Alfabetizaci\u00f3n y apoyo escolar","item":"https:\/\/www.itakaescolapios.org\/es\/que-hacemos\/alfabetizacion-y-apoyo-escolar\/"},{"@type":"ListItem","position":4,"name":"Ojal\u00e1 \/ El Faro"}]},{"@type":"WebSite","@id":"https:\/\/www.itakaescolapios.org\/ca\/es\/#website","url":"https:\/\/www.itakaescolapios.org\/ca\/es\/","name":"Itaka-Escolapios","description":"Red de Itaka-Escolapios","publisher":{"@id":"https:\/\/www.itakaescolapios.org\/ca\/es\/#organization"},"potentialAction":[{"@type":"SearchAction","target":{"@type":"EntryPoint","urlTemplate":"https:\/\/www.itakaescolapios.org\/ca\/es\/?s={search_term_string}"},"query-input":{"@type":"PropertyValueSpecification","valueRequired":true,"valueName":"search_term_string"}}],"inLanguage":"ca"},{"@type":"Organization","@id":"https:\/\/www.itakaescolapios.org\/ca\/es\/#organization","name":"Fundaci\u00f3 Itaka-Escolapios","url":"https:\/\/www.itakaescolapios.org\/ca\/es\/","logo":{"@type":"ImageObject","inLanguage":"ca","@id":"https:\/\/www.itakaescolapios.org\/ca\/es\/#\/schema\/logo\/image\/","url":"https:\/\/www.itakaescolapios.org\/wp-content\/uploads\/2024\/04\/Logo-itakaescolapios-peque.png","contentUrl":"https:\/\/www.itakaescolapios.org\/wp-content\/uploads\/2024\/04\/Logo-itakaescolapios-peque.png","width":500,"height":199,"caption":"Fundaci\u00f3 Itaka-Escolapios"},"image":{"@id":"https:\/\/www.itakaescolapios.org\/ca\/es\/#\/schema\/logo\/image\/"}}]}},"_links":{"self":[{"href":"https:\/\/www.itakaescolapios.org\/ca\/wp-json\/wp\/v2\/pages\/201","targetHints":{"allow":["GET"]}}],"collection":[{"href":"https:\/\/www.itakaescolapios.org\/ca\/wp-json\/wp\/v2\/pages"}],"about":[{"href":"https:\/\/www.itakaescolapios.org\/ca\/wp-json\/wp\/v2\/types\/page"}],"author":[{"embeddable":true,"href":"https:\/\/www.itakaescolapios.org\/ca\/wp-json\/wp\/v2\/users\/1"}],"replies":[{"embeddable":true,"href":"https:\/\/www.itakaescolapios.org\/ca\/wp-json\/wp\/v2\/comments?post=201"}],"version-history":[{"count":22,"href":"https:\/\/www.itakaescolapios.org\/ca\/wp-json\/wp\/v2\/pages\/201\/revisions"}],"predecessor-version":[{"id":50317,"href":"https:\/\/www.itakaescolapios.org\/ca\/wp-json\/wp\/v2\/pages\/201\/revisions\/50317"}],"up":[{"embeddable":true,"href":"https:\/\/www.itakaescolapios.org\/ca\/wp-json\/wp\/v2\/pages\/78"}],"wp:featuredmedia":[{"embeddable":true,"href":"https:\/\/www.itakaescolapios.org\/ca\/wp-json\/wp\/v2\/media\/13830"}],"wp:attachment":[{"href":"https:\/\/www.itakaescolapios.org\/ca\/wp-json\/wp\/v2\/media?parent=201"}],"curies":[{"name":"wp","href":"https:\/\/api.w.org\/{rel}","templated":true}]}}