{"id":20617,"date":"2017-10-24T15:32:22","date_gmt":"2017-10-24T14:32:22","guid":{"rendered":"https:\/\/www.itakaescolapios.org\/?page_id=20617"},"modified":"2023-11-28T12:37:48","modified_gmt":"2023-11-28T11:37:48","slug":"recordando-la-campana-expedicion-kamda-educar-anunciar-transforma","status":"publish","type":"page","link":"https:\/\/www.itakaescolapios.org\/ca\/campanas\/2017-2018-el-tesoro-de-senegal\/recordando-la-campana-expedicion-kamda-educar-anunciar-transforma\/","title":{"rendered":"RECORDANDO LA CAMPA\u00d1A \"EXPEDICI\u00d3N KAMDA: EDUCAR, ANUNCIAR, TRANSFORMAR\""},"content":{"rendered":"<p>Con la campa\u00f1a de solidaridad del curso 2016-2017 quisimos ahondar en la fuerza transformadora de la educaci\u00f3n promoviendo una educaci\u00f3n de calidad en el norte de la India, en Kamda. Nos propon\u00edamos mejorar la formaci\u00f3n del profesorado y la mejora de la actual escuela, pensando en recaudar fondos para en el futuro construir una nueva escuela.<\/p>\n<p>Cincuenta y dos colegios y centros culturales escolapios de Bolivia, Brasil, Camer\u00fan, Espa\u00f1a, Gab\u00f3n, Guinea Ecuatorial, Indonesia y Venezuela trabajaron en las aulas el valor de la educaci\u00f3n como motor de cambio, conociendo la realidad escolapia de la India.<\/p>\n<p>Gracias a \u00e9ste trabajo de sensibilizaci\u00f3n vamos a poder enviar un total de 198.495,29 \u20ac, que garantizar\u00e1n una educaci\u00f3n de calidad en la escuela de Kamda y nos permiten so\u00f1ar con la construcci\u00f3n de una nueva en un futuro no muy lejano.<\/p>\n<p>\u00a1Gracias! Thanks! Merci! Obrigado!<\/p>\n<h1><span style=\"color: #808000;\">Pincha en los gr\u00e1ficos para seguir la evoluci\u00f3n de los \u00faltimos a\u00f1os:<\/span><\/h1>\n<p><a href=\"https:\/\/www.itakaescolapios.org\/wp-content\/uploads\/2017\/10\/grafico-dinero-recaudado.png\" target=\"_blank\" rel=\"noopener\"><img decoding=\"async\" class=\"alignleft  wp-image-20831\" alt=\"grafico dinero recaudado\" src=\"https:\/\/www.itakaescolapios.org\/wp-content\/uploads\/2017\/10\/grafico-dinero-recaudado-300x184.png\" width=\"300\" height=\"184\" srcset=\"https:\/\/www.itakaescolapios.org\/wp-content\/uploads\/2017\/10\/grafico-dinero-recaudado-300x184.png 300w, https:\/\/www.itakaescolapios.org\/wp-content\/uploads\/2017\/10\/grafico-dinero-recaudado-1024x630.png 1024w, https:\/\/www.itakaescolapios.org\/wp-content\/uploads\/2017\/10\/grafico-dinero-recaudado-250x153.png 250w, https:\/\/www.itakaescolapios.org\/wp-content\/uploads\/2017\/10\/grafico-dinero-recaudado.png 1347w\" sizes=\"(max-width: 300px) 100vw, 300px\" \/><\/a> <a href=\"https:\/\/www.itakaescolapios.org\/wp-content\/uploads\/2017\/10\/grafico-centros.png\" target=\"_blank\" rel=\"noopener\"><img decoding=\"async\" class=\"alignleft  wp-image-20832\" alt=\"grafico centros\" src=\"https:\/\/www.itakaescolapios.org\/wp-content\/uploads\/2017\/10\/grafico-centros-300x234.png\" width=\"255\" height=\"199\" srcset=\"https:\/\/www.itakaescolapios.org\/wp-content\/uploads\/2017\/10\/grafico-centros-300x234.png 300w, https:\/\/www.itakaescolapios.org\/wp-content\/uploads\/2017\/10\/grafico-centros-1024x801.png 1024w, https:\/\/www.itakaescolapios.org\/wp-content\/uploads\/2017\/10\/grafico-centros-250x195.png 250w, https:\/\/www.itakaescolapios.org\/wp-content\/uploads\/2017\/10\/grafico-centros.png 1082w\" sizes=\"(max-width: 255px) 100vw, 255px\" \/><\/a><!--more--><\/p>\n","protected":false},"excerpt":{"rendered":"<p>Con la campa\u00f1a de solidaridad del curso 2016-2017 quisimos ahondar en la fuerza transformadora de la educaci\u00f3n promoviendo una educaci\u00f3n de calidad en el norte de la India, en Kamda. [&hellip;]<\/p>\n","protected":false},"author":46,"featured_media":0,"parent":20613,"menu_order":1,"comment_status":"closed","ping_status":"closed","template":"","meta":{"_et_pb_use_builder":"","_et_pb_old_content":"","_et_gb_content_width":"","footnotes":""},"class_list":["post-20617","page","type-page","status-publish","hentry"],"yoast_head":"<!-- This site is optimized with the Yoast SEO plugin v27.3 - https:\/\/yoast.com\/product\/yoast-seo-wordpress\/ -->\n<title>RECORDANDO LA CAMPA\u00d1A &quot;EXPEDICI\u00d3N KAMDA: EDUCAR, ANUNCIAR, TRANSFORMAR&quot;<\/title>\n<meta name=\"description\" content=\"Con la campa\u00f1a de solidaridad del curso 2016-2017 quisimos ahondar en la fuerza transformadora de la educaci\u00f3n promoviendo una educaci\u00f3n de calidad en el norte de la India, en Kamda. Nos propon\u00edamos mejorar la formaci\u00f3n del profesorado y la mejora de la actual escuela, pensando en recaudar fondos para en el futuro construir una nueva&hellip;\" \/>\n<meta name=\"robots\" content=\"index, follow, max-snippet:-1, max-image-preview:large, max-video-preview:-1\" \/>\n<link rel=\"canonical\" href=\"http:\/\/Con%20la%20campa\u00f1a%20de%20solidaridad%20del%20curso%202016-2017%20quisimos%20ahondar%20en%20la%20fuerza%20transformadora%20de%20la%20educaci\u00f3n%20promoviendo%20una%20educaci\u00f3n%20de%20calidad%20en%20el%20norte%20de%20la%20India,%20en%20Kamda.%20Nos%20propon\u00edamos%20mejorar%20la%20formaci\u00f3n%20del%20profesorado%20y%20la%20mejora%20de%20la%20actual%20escuela,%20pensando%20en%20recaudar%20fondos%20para%20en%20el%20futuro%20construir%20una%20nueva&hellip;\" \/>\n<meta property=\"og:locale\" content=\"ca_ES\" \/>\n<meta property=\"og:type\" content=\"article\" \/>\n<meta property=\"og:title\" content=\"RECORDANDO LA CAMPA\u00d1A &quot;EXPEDICI\u00d3N KAMDA: EDUCAR, ANUNCIAR, TRANSFORMAR&quot;\" \/>\n<meta property=\"og:description\" content=\"Con la campa\u00f1a de solidaridad del curso 2016-2017 quisimos ahondar en la fuerza transformadora de la educaci\u00f3n promoviendo una educaci\u00f3n de calidad en el norte de la India, en Kamda. Nos propon\u00edamos mejorar la formaci\u00f3n del profesorado y la mejora de la actual escuela, pensando en recaudar fondos para en el futuro construir una nueva&hellip;\" \/>\n<meta property=\"og:url\" content=\"https:\/\/www.itakaescolapios.org\/ca\/campanas\/2017-2018-el-tesoro-de-senegal\/recordando-la-campana-expedicion-kamda-educar-anunciar-transforma\/\" \/>\n<meta property=\"og:site_name\" content=\"Itaka-Escolapios\" \/>\n<meta property=\"article:modified_time\" content=\"2023-11-28T11:37:48+00:00\" \/>\n<meta property=\"og:image\" content=\"https:\/\/www.itakaescolapios.org\/wp-content\/uploads\/2017\/10\/grafico-dinero-recaudado.png\" \/>\n\t<meta property=\"og:image:width\" content=\"1347\" \/>\n\t<meta property=\"og:image:height\" content=\"829\" \/>\n\t<meta property=\"og:image:type\" content=\"image\/png\" \/>\n<meta name=\"twitter:card\" content=\"summary_large_image\" \/>\n<meta name=\"twitter:label1\" content=\"Temps estimat de lectura\" \/>\n\t<meta name=\"twitter:data1\" content=\"1 minut\" \/>\n<script type=\"application\/ld+json\" class=\"yoast-schema-graph\">{\"@context\":\"https:\\\/\\\/schema.org\",\"@graph\":[{\"@type\":\"WebPage\",\"@id\":\"https:\\\/\\\/www.itakaescolapios.org\\\/ca\\\/campanas\\\/2017-2018-el-tesoro-de-senegal\\\/recordando-la-campana-expedicion-kamda-educar-anunciar-transforma\\\/\",\"url\":\"https:\\\/\\\/www.itakaescolapios.org\\\/ca\\\/campanas\\\/2017-2018-el-tesoro-de-senegal\\\/recordando-la-campana-expedicion-kamda-educar-anunciar-transforma\\\/\",\"name\":\"RECORDANDO LA CAMPA\u00d1A \\\"EXPEDICI\u00d3N KAMDA: EDUCAR, ANUNCIAR, TRANSFORMAR\\\" - Itaka-Escolapios\",\"isPartOf\":{\"@id\":\"https:\\\/\\\/www.itakaescolapios.org\\\/es\\\/#website\"},\"primaryImageOfPage\":{\"@id\":\"https:\\\/\\\/www.itakaescolapios.org\\\/ca\\\/campanas\\\/2017-2018-el-tesoro-de-senegal\\\/recordando-la-campana-expedicion-kamda-educar-anunciar-transforma\\\/#primaryimage\"},\"image\":{\"@id\":\"https:\\\/\\\/www.itakaescolapios.org\\\/ca\\\/campanas\\\/2017-2018-el-tesoro-de-senegal\\\/recordando-la-campana-expedicion-kamda-educar-anunciar-transforma\\\/#primaryimage\"},\"thumbnailUrl\":\"https:\\\/\\\/www.itakaescolapios.org\\\/wp-content\\\/uploads\\\/2017\\\/10\\\/grafico-dinero-recaudado-300x184.png\",\"datePublished\":\"2017-10-24T14:32:22+00:00\",\"dateModified\":\"2023-11-28T11:37:48+00:00\",\"breadcrumb\":{\"@id\":\"https:\\\/\\\/www.itakaescolapios.org\\\/ca\\\/campanas\\\/2017-2018-el-tesoro-de-senegal\\\/recordando-la-campana-expedicion-kamda-educar-anunciar-transforma\\\/#breadcrumb\"},\"inLanguage\":\"ca\",\"potentialAction\":[{\"@type\":\"ReadAction\",\"target\":[\"https:\\\/\\\/www.itakaescolapios.org\\\/ca\\\/campanas\\\/2017-2018-el-tesoro-de-senegal\\\/recordando-la-campana-expedicion-kamda-educar-anunciar-transforma\\\/\"]}]},{\"@type\":\"ImageObject\",\"inLanguage\":\"ca\",\"@id\":\"https:\\\/\\\/www.itakaescolapios.org\\\/ca\\\/campanas\\\/2017-2018-el-tesoro-de-senegal\\\/recordando-la-campana-expedicion-kamda-educar-anunciar-transforma\\\/#primaryimage\",\"url\":\"https:\\\/\\\/www.itakaescolapios.org\\\/wp-content\\\/uploads\\\/2017\\\/10\\\/grafico-dinero-recaudado-300x184.png\",\"contentUrl\":\"https:\\\/\\\/www.itakaescolapios.org\\\/wp-content\\\/uploads\\\/2017\\\/10\\\/grafico-dinero-recaudado-300x184.png\"},{\"@type\":\"BreadcrumbList\",\"@id\":\"https:\\\/\\\/www.itakaescolapios.org\\\/ca\\\/campanas\\\/2017-2018-el-tesoro-de-senegal\\\/recordando-la-campana-expedicion-kamda-educar-anunciar-transforma\\\/#breadcrumb\",\"itemListElement\":[{\"@type\":\"ListItem\",\"position\":1,\"name\":\"Itaka-Escolapios\",\"item\":\"https:\\\/\\\/www.itakaescolapios.org\\\/es\\\/\"},{\"@type\":\"ListItem\",\"position\":2,\"name\":\"Campa\u00f1as\",\"item\":\"https:\\\/\\\/www.itakaescolapios.org\\\/es\\\/campanas\\\/\"},{\"@type\":\"ListItem\",\"position\":3,\"name\":\"2017-2018 EL TESORO DE SENEGAL\",\"item\":\"https:\\\/\\\/www.itakaescolapios.org\\\/es\\\/campanas\\\/2017-2018-el-tesoro-de-senegal\\\/\"},{\"@type\":\"ListItem\",\"position\":4,\"name\":\"RECORDANDO LA CAMPA\u00d1A \\\"EXPEDICI\u00d3N KAMDA: EDUCAR, ANUNCIAR, TRANSFORMAR\\\"\"}]},{\"@type\":\"WebSite\",\"@id\":\"https:\\\/\\\/www.itakaescolapios.org\\\/ca\\\/es\\\/#website\",\"url\":\"https:\\\/\\\/www.itakaescolapios.org\\\/ca\\\/es\\\/\",\"name\":\"Itaka-Escolapios\",\"description\":\"Red de Itaka-Escolapios\",\"publisher\":{\"@id\":\"https:\\\/\\\/www.itakaescolapios.org\\\/ca\\\/es\\\/#organization\"},\"potentialAction\":[{\"@type\":\"SearchAction\",\"target\":{\"@type\":\"EntryPoint\",\"urlTemplate\":\"https:\\\/\\\/www.itakaescolapios.org\\\/ca\\\/es\\\/?s={search_term_string}\"},\"query-input\":{\"@type\":\"PropertyValueSpecification\",\"valueRequired\":true,\"valueName\":\"search_term_string\"}}],\"inLanguage\":\"ca\"},{\"@type\":\"Organization\",\"@id\":\"https:\\\/\\\/www.itakaescolapios.org\\\/ca\\\/es\\\/#organization\",\"name\":\"Fundaci\u00f3 Itaka-Escolapios\",\"url\":\"https:\\\/\\\/www.itakaescolapios.org\\\/ca\\\/es\\\/\",\"logo\":{\"@type\":\"ImageObject\",\"inLanguage\":\"ca\",\"@id\":\"https:\\\/\\\/www.itakaescolapios.org\\\/ca\\\/es\\\/#\\\/schema\\\/logo\\\/image\\\/\",\"url\":\"https:\\\/\\\/www.itakaescolapios.org\\\/wp-content\\\/uploads\\\/2024\\\/04\\\/Logo-itakaescolapios-peque.png\",\"contentUrl\":\"https:\\\/\\\/www.itakaescolapios.org\\\/wp-content\\\/uploads\\\/2024\\\/04\\\/Logo-itakaescolapios-peque.png\",\"width\":500,\"height\":199,\"caption\":\"Fundaci\u00f3 Itaka-Escolapios\"},\"image\":{\"@id\":\"https:\\\/\\\/www.itakaescolapios.org\\\/ca\\\/es\\\/#\\\/schema\\\/logo\\\/image\\\/\"}}]}<\/script>\n<!-- \/ Yoast SEO plugin. -->","yoast_head_json":{"title":"RECORDANDO LA CAMPA\u00d1A \"EXPEDICI\u00d3N KAMDA: EDUCAR, ANUNCIAR, TRANSFORMAR\"","description":"Con la campa\u00f1a de solidaridad del curso 2016-2017 quisimos ahondar en la fuerza transformadora de la educaci\u00f3n promoviendo una educaci\u00f3n de calidad en el norte de la India, en Kamda. Nos propon\u00edamos mejorar la formaci\u00f3n del profesorado y la mejora de la actual escuela, pensando en recaudar fondos para en el futuro construir una nueva&hellip;","robots":{"index":"index","follow":"follow","max-snippet":"max-snippet:-1","max-image-preview":"max-image-preview:large","max-video-preview":"max-video-preview:-1"},"canonical":"Con la campa\u00f1a de solidaridad del curso 2016-2017 quisimos ahondar en la fuerza transformadora de la educaci\u00f3n promoviendo una educaci\u00f3n de calidad en el norte de la India, en Kamda. Nos propon\u00edamos mejorar la formaci\u00f3n del profesorado y la mejora de la actual escuela, pensando en recaudar fondos para en el futuro construir una nueva&hellip;","og_locale":"ca_ES","og_type":"article","og_title":"RECORDANDO LA CAMPA\u00d1A \"EXPEDICI\u00d3N KAMDA: EDUCAR, ANUNCIAR, TRANSFORMAR\"","og_description":"Con la campa\u00f1a de solidaridad del curso 2016-2017 quisimos ahondar en la fuerza transformadora de la educaci\u00f3n promoviendo una educaci\u00f3n de calidad en el norte de la India, en Kamda. Nos propon\u00edamos mejorar la formaci\u00f3n del profesorado y la mejora de la actual escuela, pensando en recaudar fondos para en el futuro construir una nueva&hellip;","og_url":"https:\/\/www.itakaescolapios.org\/ca\/campanas\/2017-2018-el-tesoro-de-senegal\/recordando-la-campana-expedicion-kamda-educar-anunciar-transforma\/","og_site_name":"Itaka-Escolapios","article_modified_time":"2023-11-28T11:37:48+00:00","og_image":[{"width":1347,"height":829,"url":"https:\/\/www.itakaescolapios.org\/wp-content\/uploads\/2017\/10\/grafico-dinero-recaudado.png","type":"image\/png"}],"twitter_card":"summary_large_image","twitter_misc":{"Temps estimat de lectura":"1 minut"},"schema":{"@context":"https:\/\/schema.org","@graph":[{"@type":"WebPage","@id":"https:\/\/www.itakaescolapios.org\/ca\/campanas\/2017-2018-el-tesoro-de-senegal\/recordando-la-campana-expedicion-kamda-educar-anunciar-transforma\/","url":"https:\/\/www.itakaescolapios.org\/ca\/campanas\/2017-2018-el-tesoro-de-senegal\/recordando-la-campana-expedicion-kamda-educar-anunciar-transforma\/","name":"RECORDANDO LA CAMPA\u00d1A \"EXPEDICI\u00d3N KAMDA: EDUCAR, ANUNCIAR, TRANSFORMAR\" - Itaka-Escolapios","isPartOf":{"@id":"https:\/\/www.itakaescolapios.org\/es\/#website"},"primaryImageOfPage":{"@id":"https:\/\/www.itakaescolapios.org\/ca\/campanas\/2017-2018-el-tesoro-de-senegal\/recordando-la-campana-expedicion-kamda-educar-anunciar-transforma\/#primaryimage"},"image":{"@id":"https:\/\/www.itakaescolapios.org\/ca\/campanas\/2017-2018-el-tesoro-de-senegal\/recordando-la-campana-expedicion-kamda-educar-anunciar-transforma\/#primaryimage"},"thumbnailUrl":"https:\/\/www.itakaescolapios.org\/wp-content\/uploads\/2017\/10\/grafico-dinero-recaudado-300x184.png","datePublished":"2017-10-24T14:32:22+00:00","dateModified":"2023-11-28T11:37:48+00:00","breadcrumb":{"@id":"https:\/\/www.itakaescolapios.org\/ca\/campanas\/2017-2018-el-tesoro-de-senegal\/recordando-la-campana-expedicion-kamda-educar-anunciar-transforma\/#breadcrumb"},"inLanguage":"ca","potentialAction":[{"@type":"ReadAction","target":["https:\/\/www.itakaescolapios.org\/ca\/campanas\/2017-2018-el-tesoro-de-senegal\/recordando-la-campana-expedicion-kamda-educar-anunciar-transforma\/"]}]},{"@type":"ImageObject","inLanguage":"ca","@id":"https:\/\/www.itakaescolapios.org\/ca\/campanas\/2017-2018-el-tesoro-de-senegal\/recordando-la-campana-expedicion-kamda-educar-anunciar-transforma\/#primaryimage","url":"https:\/\/www.itakaescolapios.org\/wp-content\/uploads\/2017\/10\/grafico-dinero-recaudado-300x184.png","contentUrl":"https:\/\/www.itakaescolapios.org\/wp-content\/uploads\/2017\/10\/grafico-dinero-recaudado-300x184.png"},{"@type":"BreadcrumbList","@id":"https:\/\/www.itakaescolapios.org\/ca\/campanas\/2017-2018-el-tesoro-de-senegal\/recordando-la-campana-expedicion-kamda-educar-anunciar-transforma\/#breadcrumb","itemListElement":[{"@type":"ListItem","position":1,"name":"Itaka-Escolapios","item":"https:\/\/www.itakaescolapios.org\/es\/"},{"@type":"ListItem","position":2,"name":"Campa\u00f1as","item":"https:\/\/www.itakaescolapios.org\/es\/campanas\/"},{"@type":"ListItem","position":3,"name":"2017-2018 EL TESORO DE SENEGAL","item":"https:\/\/www.itakaescolapios.org\/es\/campanas\/2017-2018-el-tesoro-de-senegal\/"},{"@type":"ListItem","position":4,"name":"RECORDANDO LA CAMPA\u00d1A \"EXPEDICI\u00d3N KAMDA: EDUCAR, ANUNCIAR, TRANSFORMAR\""}]},{"@type":"WebSite","@id":"https:\/\/www.itakaescolapios.org\/ca\/es\/#website","url":"https:\/\/www.itakaescolapios.org\/ca\/es\/","name":"Itaka-Escolapios","description":"Red de Itaka-Escolapios","publisher":{"@id":"https:\/\/www.itakaescolapios.org\/ca\/es\/#organization"},"potentialAction":[{"@type":"SearchAction","target":{"@type":"EntryPoint","urlTemplate":"https:\/\/www.itakaescolapios.org\/ca\/es\/?s={search_term_string}"},"query-input":{"@type":"PropertyValueSpecification","valueRequired":true,"valueName":"search_term_string"}}],"inLanguage":"ca"},{"@type":"Organization","@id":"https:\/\/www.itakaescolapios.org\/ca\/es\/#organization","name":"Fundaci\u00f3 Itaka-Escolapios","url":"https:\/\/www.itakaescolapios.org\/ca\/es\/","logo":{"@type":"ImageObject","inLanguage":"ca","@id":"https:\/\/www.itakaescolapios.org\/ca\/es\/#\/schema\/logo\/image\/","url":"https:\/\/www.itakaescolapios.org\/wp-content\/uploads\/2024\/04\/Logo-itakaescolapios-peque.png","contentUrl":"https:\/\/www.itakaescolapios.org\/wp-content\/uploads\/2024\/04\/Logo-itakaescolapios-peque.png","width":500,"height":199,"caption":"Fundaci\u00f3 Itaka-Escolapios"},"image":{"@id":"https:\/\/www.itakaescolapios.org\/ca\/es\/#\/schema\/logo\/image\/"}}]}},"_links":{"self":[{"href":"https:\/\/www.itakaescolapios.org\/ca\/wp-json\/wp\/v2\/pages\/20617","targetHints":{"allow":["GET"]}}],"collection":[{"href":"https:\/\/www.itakaescolapios.org\/ca\/wp-json\/wp\/v2\/pages"}],"about":[{"href":"https:\/\/www.itakaescolapios.org\/ca\/wp-json\/wp\/v2\/types\/page"}],"author":[{"embeddable":true,"href":"https:\/\/www.itakaescolapios.org\/ca\/wp-json\/wp\/v2\/users\/46"}],"replies":[{"embeddable":true,"href":"https:\/\/www.itakaescolapios.org\/ca\/wp-json\/wp\/v2\/comments?post=20617"}],"version-history":[{"count":21,"href":"https:\/\/www.itakaescolapios.org\/ca\/wp-json\/wp\/v2\/pages\/20617\/revisions"}],"predecessor-version":[{"id":47318,"href":"https:\/\/www.itakaescolapios.org\/ca\/wp-json\/wp\/v2\/pages\/20617\/revisions\/47318"}],"up":[{"embeddable":true,"href":"https:\/\/www.itakaescolapios.org\/ca\/wp-json\/wp\/v2\/pages\/20613"}],"wp:attachment":[{"href":"https:\/\/www.itakaescolapios.org\/ca\/wp-json\/wp\/v2\/media?parent=20617"}],"curies":[{"name":"wp","href":"https:\/\/api.w.org\/{rel}","templated":true}]}}