{"id":20694,"date":"2017-10-30T11:39:52","date_gmt":"2017-10-30T10:39:52","guid":{"rendered":"https:\/\/www.itakaescolapios.org\/?page_id=20694"},"modified":"2023-11-28T12:37:48","modified_gmt":"2023-11-28T11:37:48","slug":"los-escolapios-en-africa-del-oeste-y-los-internados-de-senegal","status":"publish","type":"page","link":"https:\/\/www.itakaescolapios.org\/ca\/campanas\/2017-2018-el-tesoro-de-senegal\/los-escolapios-en-africa-del-oeste-y-los-internados-de-senegal\/","title":{"rendered":"LOS ESCOLAPIOS EN AFRICA DEL OESTE Y LOS INTERNADOS DE SENEGAL"},"content":{"rendered":"<p><a href=\"https:\/\/www.itakaescolapios.org\/wp-content\/uploads\/2017\/10\/logo-africa-oeste.png\"><img decoding=\"async\" class=\"alignleft size-medium wp-image-20778\" alt=\"logo africa oeste\" src=\"https:\/\/www.itakaescolapios.org\/wp-content\/uploads\/2017\/10\/logo-africa-oeste-295x300.png\" width=\"295\" height=\"300\" srcset=\"https:\/\/www.itakaescolapios.org\/wp-content\/uploads\/2017\/10\/logo-africa-oeste-295x300.png 295w, https:\/\/www.itakaescolapios.org\/wp-content\/uploads\/2017\/10\/logo-africa-oeste-250x253.png 250w, https:\/\/www.itakaescolapios.org\/wp-content\/uploads\/2017\/10\/logo-africa-oeste.png 886w\" sizes=\"(max-width: 295px) 100vw, 295px\" \/><\/a>Los escolapios mantienen presencia estable y permanente en Senegal desde 1963, buscando brindar una educaci\u00f3n de calidad para los ni\u00f1os y ni\u00f1as senegaleses. Para ello, cuentan con cuatro escuelas de primaria, tres de secundaria, dos granjas-escuelas y un centro t\u00e9cnico, que en total atienden a m\u00e1s de 2.000 ni\u00f1as y ni\u00f1os.<\/p>\n<p>El curso pasado fue el primero en el que la presencia escolapia de \u00c1frica del Oeste se sum\u00f3 a la red de solidaridad de Itaka-Escolapios. En \u00c1frica del Oeste, los escolapios est\u00e1n, adem\u00e1s de en Senegal, en Costa de Marfil y pronto en Burkina Faso.<\/p>\n<p>Entre los proyectos apoyados por Itaka-Escolapios en \u00c1frica del Oeste destacan cinco internados y una guarder\u00eda en Senegal, dos centros sociales en Senegal y Costa de Marfil, los grupos del Movimiento Calasanz y de catequesis en Senegal y Costa de Marfil (pronto tambi\u00e9n en Burkina Faso), y proyectos de alfabetizaci\u00f3n para inmigrantes en varios lugares, as\u00ed como otras labores de promoci\u00f3n del voluntariado.<\/p>\n<p>A continuaci\u00f3n os pod\u00e9is descargar dos fichas para trabajar en el aula y poder profundizar sobre la realidad de Senegal y de los escolapios en el pa\u00eds.<\/p>\n<p style=\"text-align: center;\"><strong><span style=\"color: #808000;\"><a href=\"https:\/\/www.itakaescolapios.org\/wp-content\/uploads\/2017\/10\/ficha-senegal-EL-PAIS.pdf\" target=\"_blank\" rel=\"noopener\"><span style=\"color: #808000;\">SENEGAL &#8211; SUNU GAAL<\/span><\/a><\/span><\/strong><\/p>\n<p style=\"text-align: center;\"><strong><span style=\"color: #808000;\"><a href=\"https:\/\/www.itakaescolapios.org\/wp-content\/uploads\/2017\/10\/ficha-senegal-ESCOLAPIOS-EN-AFRICA.pdf\" target=\"_blank\" rel=\"noopener\"><span style=\"color: #808000;\">LOS ESCOLAPIOS EN \u00c1FRICA DEL OESTE<\/span><\/a><\/span><\/strong><\/p>\n<p style=\"text-align: center;\"><strong><span style=\"color: #808000;\"><a href=\"https:\/\/www.itakaescolapios.org\/wp-content\/uploads\/2017\/10\/ficha-senegal-INTERNADOS.pdf\" target=\"_blank\" rel=\"noopener\"><span style=\"color: #808000;\">INTERNADOS RURALES DE LA RED ITAKA-ESCOLAPIOS<\/span><\/a><\/span><\/strong><\/p>\n<p style=\"text-align: left;\">Puedes conocer m\u00e1s sobre los internados entrando en la p\u00e1gina web de Itaka-Escolapios, pinchando en el siguiente enlace.<\/p>\n<p style=\"text-align: left;\"><strong><span style=\"color: #808000;\"><a href=\"https:\/\/www.itakaescolapios.org\/donde-estamos\/senegal\/dakar\/\" target=\"_blank\" rel=\"noopener\"><span style=\"color: #808000;\">https:\/\/www.itakaescolapios.org\/donde-estamos\/senegal\/dakar\/<\/span><\/a><\/span><\/strong><\/p>\n<p style=\"text-align: left;\">O bien descarg\u00e1ndote un powerpoint sobre Senegal y la realidad de los internados escolapios:<\/p>\n<p style=\"text-align: left;\"><strong><span style=\"color: #808000;\"><a href=\"https:\/\/mega.nz\/#!7VBSiZQQ!b7GTXyBA9kiiJuYzX_a2BP5YIKZCvzBxHKaTJYLuRD4\" target=\"_blank\" rel=\"noopener\"><span style=\"color: #808000;\">Powerpoint<\/span><\/a><\/span><\/strong><\/p>\n<p style=\"text-align: left;\">\n<p><!--more--><\/p>\n","protected":false},"excerpt":{"rendered":"<p>Los escolapios mantienen presencia estable y permanente en Senegal desde 1963, buscando brindar una educaci\u00f3n de calidad para los ni\u00f1os y ni\u00f1as senegaleses. Para ello, cuentan con cuatro escuelas de [&hellip;]<\/p>\n","protected":false},"author":46,"featured_media":0,"parent":20613,"menu_order":3,"comment_status":"closed","ping_status":"closed","template":"","meta":{"_et_pb_use_builder":"","_et_pb_old_content":"","_et_gb_content_width":"","footnotes":""},"class_list":["post-20694","page","type-page","status-publish","hentry"],"yoast_head":"<!-- This site is optimized with the Yoast SEO plugin v27.3 - https:\/\/yoast.com\/product\/yoast-seo-wordpress\/ -->\n<title>LOS ESCOLAPIOS EN AFRICA DEL OESTE Y LOS INTERNADOS DE SENEGAL<\/title>\n<meta name=\"description\" content=\"Los escolapios mantienen presencia estable y permanente en Senegal desde 1963, buscando brindar una educaci\u00f3n de calidad para los ni\u00f1os y ni\u00f1as senegaleses. Para ello, cuentan con cuatro escuelas de primaria, tres de secundaria, dos granjas-escuelas y un centro t\u00e9cnico, que en total atienden a m\u00e1s de 2.000 ni\u00f1as y ni\u00f1os. El curso pasado fue&hellip;\" \/>\n<meta name=\"robots\" content=\"index, follow, max-snippet:-1, max-image-preview:large, max-video-preview:-1\" \/>\n<link rel=\"canonical\" href=\"http:\/\/Los%20escolapios%20mantienen%20presencia%20estable%20y%20permanente%20en%20Senegal%20desde%201963,%20buscando%20brindar%20una%20educaci\u00f3n%20de%20calidad%20para%20los%20ni\u00f1os%20y%20ni\u00f1as%20senegaleses.%20Para%20ello,%20cuentan%20con%20cuatro%20escuelas%20de%20primaria,%20tres%20de%20secundaria,%20dos%20granjas-escuelas%20y%20un%20centro%20t\u00e9cnico,%20que%20en%20total%20atienden%20a%20m\u00e1s%20de%202.000%20ni\u00f1as%20y%20ni\u00f1os.%20El%20curso%20pasado%20fue&hellip;\" \/>\n<meta property=\"og:locale\" content=\"ca_ES\" \/>\n<meta property=\"og:type\" content=\"article\" \/>\n<meta property=\"og:title\" content=\"LOS ESCOLAPIOS EN AFRICA DEL OESTE Y LOS INTERNADOS DE SENEGAL\" \/>\n<meta property=\"og:description\" content=\"Los escolapios mantienen presencia estable y permanente en Senegal desde 1963, buscando brindar una educaci\u00f3n de calidad para los ni\u00f1os y ni\u00f1as senegaleses. Para ello, cuentan con cuatro escuelas de primaria, tres de secundaria, dos granjas-escuelas y un centro t\u00e9cnico, que en total atienden a m\u00e1s de 2.000 ni\u00f1as y ni\u00f1os. El curso pasado fue&hellip;\" \/>\n<meta property=\"og:url\" content=\"https:\/\/www.itakaescolapios.org\/ca\/campanas\/2017-2018-el-tesoro-de-senegal\/los-escolapios-en-africa-del-oeste-y-los-internados-de-senegal\/\" \/>\n<meta property=\"og:site_name\" content=\"Itaka-Escolapios\" \/>\n<meta property=\"article:modified_time\" content=\"2023-11-28T11:37:48+00:00\" \/>\n<meta property=\"og:image\" content=\"https:\/\/www.itakaescolapios.org\/wp-content\/uploads\/2017\/10\/logo-africa-oeste.png\" \/>\n\t<meta property=\"og:image:width\" content=\"886\" \/>\n\t<meta property=\"og:image:height\" content=\"898\" \/>\n\t<meta property=\"og:image:type\" content=\"image\/png\" \/>\n<meta name=\"twitter:card\" content=\"summary_large_image\" \/>\n<meta name=\"twitter:label1\" content=\"Temps estimat de lectura\" \/>\n\t<meta name=\"twitter:data1\" content=\"1 minut\" \/>\n<script type=\"application\/ld+json\" class=\"yoast-schema-graph\">{\"@context\":\"https:\\\/\\\/schema.org\",\"@graph\":[{\"@type\":\"WebPage\",\"@id\":\"https:\\\/\\\/www.itakaescolapios.org\\\/ca\\\/campanas\\\/2017-2018-el-tesoro-de-senegal\\\/los-escolapios-en-africa-del-oeste-y-los-internados-de-senegal\\\/\",\"url\":\"https:\\\/\\\/www.itakaescolapios.org\\\/ca\\\/campanas\\\/2017-2018-el-tesoro-de-senegal\\\/los-escolapios-en-africa-del-oeste-y-los-internados-de-senegal\\\/\",\"name\":\"LOS ESCOLAPIOS EN AFRICA DEL OESTE Y LOS INTERNADOS DE SENEGAL - Itaka-Escolapios\",\"isPartOf\":{\"@id\":\"https:\\\/\\\/www.itakaescolapios.org\\\/es\\\/#website\"},\"primaryImageOfPage\":{\"@id\":\"https:\\\/\\\/www.itakaescolapios.org\\\/ca\\\/campanas\\\/2017-2018-el-tesoro-de-senegal\\\/los-escolapios-en-africa-del-oeste-y-los-internados-de-senegal\\\/#primaryimage\"},\"image\":{\"@id\":\"https:\\\/\\\/www.itakaescolapios.org\\\/ca\\\/campanas\\\/2017-2018-el-tesoro-de-senegal\\\/los-escolapios-en-africa-del-oeste-y-los-internados-de-senegal\\\/#primaryimage\"},\"thumbnailUrl\":\"https:\\\/\\\/www.itakaescolapios.org\\\/wp-content\\\/uploads\\\/2017\\\/10\\\/logo-africa-oeste-295x300.png\",\"datePublished\":\"2017-10-30T10:39:52+00:00\",\"dateModified\":\"2023-11-28T11:37:48+00:00\",\"breadcrumb\":{\"@id\":\"https:\\\/\\\/www.itakaescolapios.org\\\/ca\\\/campanas\\\/2017-2018-el-tesoro-de-senegal\\\/los-escolapios-en-africa-del-oeste-y-los-internados-de-senegal\\\/#breadcrumb\"},\"inLanguage\":\"ca\",\"potentialAction\":[{\"@type\":\"ReadAction\",\"target\":[\"https:\\\/\\\/www.itakaescolapios.org\\\/ca\\\/campanas\\\/2017-2018-el-tesoro-de-senegal\\\/los-escolapios-en-africa-del-oeste-y-los-internados-de-senegal\\\/\"]}]},{\"@type\":\"ImageObject\",\"inLanguage\":\"ca\",\"@id\":\"https:\\\/\\\/www.itakaescolapios.org\\\/ca\\\/campanas\\\/2017-2018-el-tesoro-de-senegal\\\/los-escolapios-en-africa-del-oeste-y-los-internados-de-senegal\\\/#primaryimage\",\"url\":\"https:\\\/\\\/www.itakaescolapios.org\\\/wp-content\\\/uploads\\\/2017\\\/10\\\/logo-africa-oeste-295x300.png\",\"contentUrl\":\"https:\\\/\\\/www.itakaescolapios.org\\\/wp-content\\\/uploads\\\/2017\\\/10\\\/logo-africa-oeste-295x300.png\"},{\"@type\":\"BreadcrumbList\",\"@id\":\"https:\\\/\\\/www.itakaescolapios.org\\\/ca\\\/campanas\\\/2017-2018-el-tesoro-de-senegal\\\/los-escolapios-en-africa-del-oeste-y-los-internados-de-senegal\\\/#breadcrumb\",\"itemListElement\":[{\"@type\":\"ListItem\",\"position\":1,\"name\":\"Itaka-Escolapios\",\"item\":\"https:\\\/\\\/www.itakaescolapios.org\\\/es\\\/\"},{\"@type\":\"ListItem\",\"position\":2,\"name\":\"Campa\u00f1as\",\"item\":\"https:\\\/\\\/www.itakaescolapios.org\\\/es\\\/campanas\\\/\"},{\"@type\":\"ListItem\",\"position\":3,\"name\":\"2017-2018 EL TESORO DE SENEGAL\",\"item\":\"https:\\\/\\\/www.itakaescolapios.org\\\/es\\\/campanas\\\/2017-2018-el-tesoro-de-senegal\\\/\"},{\"@type\":\"ListItem\",\"position\":4,\"name\":\"LOS ESCOLAPIOS EN AFRICA DEL OESTE Y LOS INTERNADOS DE SENEGAL\"}]},{\"@type\":\"WebSite\",\"@id\":\"https:\\\/\\\/www.itakaescolapios.org\\\/ca\\\/es\\\/#website\",\"url\":\"https:\\\/\\\/www.itakaescolapios.org\\\/ca\\\/es\\\/\",\"name\":\"Itaka-Escolapios\",\"description\":\"Red de Itaka-Escolapios\",\"publisher\":{\"@id\":\"https:\\\/\\\/www.itakaescolapios.org\\\/ca\\\/es\\\/#organization\"},\"potentialAction\":[{\"@type\":\"SearchAction\",\"target\":{\"@type\":\"EntryPoint\",\"urlTemplate\":\"https:\\\/\\\/www.itakaescolapios.org\\\/ca\\\/es\\\/?s={search_term_string}\"},\"query-input\":{\"@type\":\"PropertyValueSpecification\",\"valueRequired\":true,\"valueName\":\"search_term_string\"}}],\"inLanguage\":\"ca\"},{\"@type\":\"Organization\",\"@id\":\"https:\\\/\\\/www.itakaescolapios.org\\\/ca\\\/es\\\/#organization\",\"name\":\"Fundaci\u00f3 Itaka-Escolapios\",\"url\":\"https:\\\/\\\/www.itakaescolapios.org\\\/ca\\\/es\\\/\",\"logo\":{\"@type\":\"ImageObject\",\"inLanguage\":\"ca\",\"@id\":\"https:\\\/\\\/www.itakaescolapios.org\\\/ca\\\/es\\\/#\\\/schema\\\/logo\\\/image\\\/\",\"url\":\"https:\\\/\\\/www.itakaescolapios.org\\\/wp-content\\\/uploads\\\/2024\\\/04\\\/Logo-itakaescolapios-peque.png\",\"contentUrl\":\"https:\\\/\\\/www.itakaescolapios.org\\\/wp-content\\\/uploads\\\/2024\\\/04\\\/Logo-itakaescolapios-peque.png\",\"width\":500,\"height\":199,\"caption\":\"Fundaci\u00f3 Itaka-Escolapios\"},\"image\":{\"@id\":\"https:\\\/\\\/www.itakaescolapios.org\\\/ca\\\/es\\\/#\\\/schema\\\/logo\\\/image\\\/\"}}]}<\/script>\n<!-- \/ Yoast SEO plugin. -->","yoast_head_json":{"title":"LOS ESCOLAPIOS EN AFRICA DEL OESTE Y LOS INTERNADOS DE SENEGAL","description":"Los escolapios mantienen presencia estable y permanente en Senegal desde 1963, buscando brindar una educaci\u00f3n de calidad para los ni\u00f1os y ni\u00f1as senegaleses. Para ello, cuentan con cuatro escuelas de primaria, tres de secundaria, dos granjas-escuelas y un centro t\u00e9cnico, que en total atienden a m\u00e1s de 2.000 ni\u00f1as y ni\u00f1os. El curso pasado fue&hellip;","robots":{"index":"index","follow":"follow","max-snippet":"max-snippet:-1","max-image-preview":"max-image-preview:large","max-video-preview":"max-video-preview:-1"},"canonical":"Los escolapios mantienen presencia estable y permanente en Senegal desde 1963, buscando brindar una educaci\u00f3n de calidad para los ni\u00f1os y ni\u00f1as senegaleses. Para ello, cuentan con cuatro escuelas de primaria, tres de secundaria, dos granjas-escuelas y un centro t\u00e9cnico, que en total atienden a m\u00e1s de 2.000 ni\u00f1as y ni\u00f1os. El curso pasado fue&hellip;","og_locale":"ca_ES","og_type":"article","og_title":"LOS ESCOLAPIOS EN AFRICA DEL OESTE Y LOS INTERNADOS DE SENEGAL","og_description":"Los escolapios mantienen presencia estable y permanente en Senegal desde 1963, buscando brindar una educaci\u00f3n de calidad para los ni\u00f1os y ni\u00f1as senegaleses. Para ello, cuentan con cuatro escuelas de primaria, tres de secundaria, dos granjas-escuelas y un centro t\u00e9cnico, que en total atienden a m\u00e1s de 2.000 ni\u00f1as y ni\u00f1os. El curso pasado fue&hellip;","og_url":"https:\/\/www.itakaescolapios.org\/ca\/campanas\/2017-2018-el-tesoro-de-senegal\/los-escolapios-en-africa-del-oeste-y-los-internados-de-senegal\/","og_site_name":"Itaka-Escolapios","article_modified_time":"2023-11-28T11:37:48+00:00","og_image":[{"width":886,"height":898,"url":"https:\/\/www.itakaescolapios.org\/wp-content\/uploads\/2017\/10\/logo-africa-oeste.png","type":"image\/png"}],"twitter_card":"summary_large_image","twitter_misc":{"Temps estimat de lectura":"1 minut"},"schema":{"@context":"https:\/\/schema.org","@graph":[{"@type":"WebPage","@id":"https:\/\/www.itakaescolapios.org\/ca\/campanas\/2017-2018-el-tesoro-de-senegal\/los-escolapios-en-africa-del-oeste-y-los-internados-de-senegal\/","url":"https:\/\/www.itakaescolapios.org\/ca\/campanas\/2017-2018-el-tesoro-de-senegal\/los-escolapios-en-africa-del-oeste-y-los-internados-de-senegal\/","name":"LOS ESCOLAPIOS EN AFRICA DEL OESTE Y LOS INTERNADOS DE SENEGAL - Itaka-Escolapios","isPartOf":{"@id":"https:\/\/www.itakaescolapios.org\/es\/#website"},"primaryImageOfPage":{"@id":"https:\/\/www.itakaescolapios.org\/ca\/campanas\/2017-2018-el-tesoro-de-senegal\/los-escolapios-en-africa-del-oeste-y-los-internados-de-senegal\/#primaryimage"},"image":{"@id":"https:\/\/www.itakaescolapios.org\/ca\/campanas\/2017-2018-el-tesoro-de-senegal\/los-escolapios-en-africa-del-oeste-y-los-internados-de-senegal\/#primaryimage"},"thumbnailUrl":"https:\/\/www.itakaescolapios.org\/wp-content\/uploads\/2017\/10\/logo-africa-oeste-295x300.png","datePublished":"2017-10-30T10:39:52+00:00","dateModified":"2023-11-28T11:37:48+00:00","breadcrumb":{"@id":"https:\/\/www.itakaescolapios.org\/ca\/campanas\/2017-2018-el-tesoro-de-senegal\/los-escolapios-en-africa-del-oeste-y-los-internados-de-senegal\/#breadcrumb"},"inLanguage":"ca","potentialAction":[{"@type":"ReadAction","target":["https:\/\/www.itakaescolapios.org\/ca\/campanas\/2017-2018-el-tesoro-de-senegal\/los-escolapios-en-africa-del-oeste-y-los-internados-de-senegal\/"]}]},{"@type":"ImageObject","inLanguage":"ca","@id":"https:\/\/www.itakaescolapios.org\/ca\/campanas\/2017-2018-el-tesoro-de-senegal\/los-escolapios-en-africa-del-oeste-y-los-internados-de-senegal\/#primaryimage","url":"https:\/\/www.itakaescolapios.org\/wp-content\/uploads\/2017\/10\/logo-africa-oeste-295x300.png","contentUrl":"https:\/\/www.itakaescolapios.org\/wp-content\/uploads\/2017\/10\/logo-africa-oeste-295x300.png"},{"@type":"BreadcrumbList","@id":"https:\/\/www.itakaescolapios.org\/ca\/campanas\/2017-2018-el-tesoro-de-senegal\/los-escolapios-en-africa-del-oeste-y-los-internados-de-senegal\/#breadcrumb","itemListElement":[{"@type":"ListItem","position":1,"name":"Itaka-Escolapios","item":"https:\/\/www.itakaescolapios.org\/es\/"},{"@type":"ListItem","position":2,"name":"Campa\u00f1as","item":"https:\/\/www.itakaescolapios.org\/es\/campanas\/"},{"@type":"ListItem","position":3,"name":"2017-2018 EL TESORO DE SENEGAL","item":"https:\/\/www.itakaescolapios.org\/es\/campanas\/2017-2018-el-tesoro-de-senegal\/"},{"@type":"ListItem","position":4,"name":"LOS ESCOLAPIOS EN AFRICA DEL OESTE Y LOS INTERNADOS DE SENEGAL"}]},{"@type":"WebSite","@id":"https:\/\/www.itakaescolapios.org\/ca\/es\/#website","url":"https:\/\/www.itakaescolapios.org\/ca\/es\/","name":"Itaka-Escolapios","description":"Red de Itaka-Escolapios","publisher":{"@id":"https:\/\/www.itakaescolapios.org\/ca\/es\/#organization"},"potentialAction":[{"@type":"SearchAction","target":{"@type":"EntryPoint","urlTemplate":"https:\/\/www.itakaescolapios.org\/ca\/es\/?s={search_term_string}"},"query-input":{"@type":"PropertyValueSpecification","valueRequired":true,"valueName":"search_term_string"}}],"inLanguage":"ca"},{"@type":"Organization","@id":"https:\/\/www.itakaescolapios.org\/ca\/es\/#organization","name":"Fundaci\u00f3 Itaka-Escolapios","url":"https:\/\/www.itakaescolapios.org\/ca\/es\/","logo":{"@type":"ImageObject","inLanguage":"ca","@id":"https:\/\/www.itakaescolapios.org\/ca\/es\/#\/schema\/logo\/image\/","url":"https:\/\/www.itakaescolapios.org\/wp-content\/uploads\/2024\/04\/Logo-itakaescolapios-peque.png","contentUrl":"https:\/\/www.itakaescolapios.org\/wp-content\/uploads\/2024\/04\/Logo-itakaescolapios-peque.png","width":500,"height":199,"caption":"Fundaci\u00f3 Itaka-Escolapios"},"image":{"@id":"https:\/\/www.itakaescolapios.org\/ca\/es\/#\/schema\/logo\/image\/"}}]}},"_links":{"self":[{"href":"https:\/\/www.itakaescolapios.org\/ca\/wp-json\/wp\/v2\/pages\/20694","targetHints":{"allow":["GET"]}}],"collection":[{"href":"https:\/\/www.itakaescolapios.org\/ca\/wp-json\/wp\/v2\/pages"}],"about":[{"href":"https:\/\/www.itakaescolapios.org\/ca\/wp-json\/wp\/v2\/types\/page"}],"author":[{"embeddable":true,"href":"https:\/\/www.itakaescolapios.org\/ca\/wp-json\/wp\/v2\/users\/46"}],"replies":[{"embeddable":true,"href":"https:\/\/www.itakaescolapios.org\/ca\/wp-json\/wp\/v2\/comments?post=20694"}],"version-history":[{"count":17,"href":"https:\/\/www.itakaescolapios.org\/ca\/wp-json\/wp\/v2\/pages\/20694\/revisions"}],"predecessor-version":[{"id":47294,"href":"https:\/\/www.itakaescolapios.org\/ca\/wp-json\/wp\/v2\/pages\/20694\/revisions\/47294"}],"up":[{"embeddable":true,"href":"https:\/\/www.itakaescolapios.org\/ca\/wp-json\/wp\/v2\/pages\/20613"}],"wp:attachment":[{"href":"https:\/\/www.itakaescolapios.org\/ca\/wp-json\/wp\/v2\/media?parent=20694"}],"curies":[{"name":"wp","href":"https:\/\/api.w.org\/{rel}","templated":true}]}}