{"id":20698,"date":"2017-10-30T11:42:38","date_gmt":"2017-10-30T10:42:38","guid":{"rendered":"https:\/\/www.itakaescolapios.org\/?page_id=20698"},"modified":"2023-11-28T12:37:48","modified_gmt":"2023-11-28T11:37:48","slug":"los-exploradores-de-itaka-escolapios","status":"publish","type":"page","link":"https:\/\/www.itakaescolapios.org\/ca\/campanas\/2017-2018-el-tesoro-de-senegal\/los-exploradores-de-itaka-escolapios\/","title":{"rendered":"LOS EXPLORADORES DE ITAKA-ESCOLAPIOS"},"content":{"rendered":"<p><a href=\"https:\/\/www.itakaescolapios.org\/wp-content\/uploads\/2017\/10\/canoa.jpg\"><img decoding=\"async\" class=\"alignleft  wp-image-20765\" alt=\"canoa\" src=\"https:\/\/www.itakaescolapios.org\/wp-content\/uploads\/2017\/10\/canoa-300x197.jpg\" width=\"318\" height=\"209\" srcset=\"https:\/\/www.itakaescolapios.org\/wp-content\/uploads\/2017\/10\/canoa-300x197.jpg 300w, https:\/\/www.itakaescolapios.org\/wp-content\/uploads\/2017\/10\/canoa-1024x672.jpg 1024w, https:\/\/www.itakaescolapios.org\/wp-content\/uploads\/2017\/10\/canoa-250x164.jpg 250w, https:\/\/www.itakaescolapios.org\/wp-content\/uploads\/2017\/10\/canoa.jpg 2000w\" sizes=\"(max-width: 318px) 100vw, 318px\" \/><\/a><\/p>\n<p>Tras finalizar la campa\u00f1a del curso pasado que ten\u00eda como objetivo mejorar la calidad educativa en Kamda (India), comenzamos una nueva aventura capitaneados por Calasanz con el objetivo de descubrir la realidad escolapia en \u00c1frica del Oeste, m\u00e1s en concreto en Senegal.<\/p>\n<p>Nuestra expedici\u00f3n toca tierra y tras embarcarse en una canoa, que ir\u00e1 surcando el rio Senegal, nos presentar\u00e1 los proyectos de la red de solidaridad de Itaka-Escolapios.<\/p>\n<p><strong><span style=\"color: #808000;\"><a href=\"https:\/\/www.itakaescolapios.org\/wp-content\/uploads\/2017\/10\/calasanz.pdf\" target=\"_blank\" rel=\"noopener\"><span style=\"color: #808000;\">CALASANZ<\/span><\/a><\/span><\/strong> Impulsor del derecho de la educaci\u00f3n universal, encabeza la expedici\u00f3n siendo el m\u00e1ximo responsable de todo lo que sucede en la misma. Su empe\u00f1o: llenar de \u201cPiedad y Letras\u201d todos los rincones del planeta.<\/p>\n<p><strong><span style=\"color: #808000;\"><a href=\"https:\/\/www.itakaescolapios.org\/wp-content\/uploads\/2017\/10\/quisap.pdf\" target=\"_blank\" rel=\"noopener\"><span style=\"color: #808000;\">QUISAP<\/span><\/a><\/span><\/strong> Naci\u00f3 en un cercano pueblo a la escuela de Kamda, lugar inserto en plena naturaleza. Es por ello un gran amante del medio ambiente y del desarrollo sostenible. De ah\u00ed que su lema sea \u201cverde que te veo verde\u201d.<\/p>\n<p><strong><span style=\"color: #808000;\"><a href=\"https:\/\/www.itakaescolapios.org\/wp-content\/uploads\/2017\/10\/marine.pdf\" target=\"_blank\" rel=\"noopener\"><span style=\"color: #808000;\">MARINE <\/span><\/a><\/span><\/strong>Esta peque\u00f1a ni\u00f1a africana, pese a ser la m\u00e1s joven de la expedici\u00f3n es la responsable junto con Calasanz de guiar al grupo por sendas y caminos. Tiene la habilidad de descifrar mapas y un gran sentido de la orientaci\u00f3n. Es una gran conocedora de la realidad escolapia, lo que le ha hecho una trabajadora en favor de las personas excluidas. De Senegal adopt\u00f3 el lema: \u201ctodos estamos en la misma canoa\u201d<\/p>\n<p><strong><span style=\"color: #808000;\"><a href=\"https:\/\/www.itakaescolapios.org\/wp-content\/uploads\/2017\/10\/sukal.pdf\" target=\"_blank\" rel=\"noopener\"><span style=\"color: #808000;\">SUKAL<\/span><\/a><\/span><\/strong>. Ni\u00f1o europeo, el mayor de los expedicionarios. Su misi\u00f3n ser\u00e1 la de alimentar a todos los miembros de la expedici\u00f3n. Le gustan las campa\u00f1as de solidaridad, porque le encanta trabajar con alimentos de todos los pa\u00edses y probar todo tipo de ingredientes. Ese conocimiento lo ha hecho ser un conocedor y mediador entre diferentes culturas. Su lema: \u201chay que poner sal a la vida\u201d.<\/p>\n<p><strong><span style=\"color: #808000;\"><a href=\"https:\/\/www.itakaescolapios.org\/wp-content\/uploads\/2017\/10\/bla.pdf\" target=\"_blank\" rel=\"noopener\"><span style=\"color: #808000;\">BLA<\/span><\/a><\/span><\/strong>. Nuestra adolescente centroamericana es la responsable de comunicar y difundir todo lo que ocurra en la expedici\u00f3n. Se maneja como la mejor en las redes sociales. Lo mismo se comunica en morse que con 140 caracteres. Esa capacidad de comunicar le ha hecho una gran mediadora y trabajadora por la paz, no en vano su lema es \u201ctodo es cuesti\u00f3n de di\u00e1logo\u201d<\/p>\n<p><strong><span style=\"color: #808000;\"><a href=\"https:\/\/www.itakaescolapios.org\/wp-content\/uploads\/2017\/10\/jiwa.pdf\" target=\"_blank\" rel=\"noopener\"><span style=\"color: #808000;\">JIWA<\/span><\/a><\/span><\/strong>. \u00c9sta sudamericana es la mec\u00e1nica y \u201cmanitas\u201d de la expedici\u00f3n. Tiene una pasi\u00f3n: montar, desmontar y arreglar todo tipo de mecanismos. Sabe que todo se puede arreglar con trabajo e investigaci\u00f3n. Sabe buscar soluciones concretas a problemas grandes y peque\u00f1os.<!--more--><\/p>\n","protected":false},"excerpt":{"rendered":"<p>Tras finalizar la campa\u00f1a del curso pasado que ten\u00eda como objetivo mejorar la calidad educativa en Kamda (India), comenzamos una nueva aventura capitaneados por Calasanz con el objetivo de descubrir [&hellip;]<\/p>\n","protected":false},"author":46,"featured_media":0,"parent":20613,"menu_order":4,"comment_status":"closed","ping_status":"closed","template":"","meta":{"_et_pb_use_builder":"","_et_pb_old_content":"","_et_gb_content_width":"","footnotes":""},"class_list":["post-20698","page","type-page","status-publish","hentry"],"yoast_head":"<!-- This site is optimized with the Yoast SEO plugin v27.3 - https:\/\/yoast.com\/product\/yoast-seo-wordpress\/ -->\n<title>LOS EXPLORADORES DE ITAKA-ESCOLAPIOS<\/title>\n<meta name=\"description\" content=\"Tras finalizar la campa\u00f1a del curso pasado que ten\u00eda como objetivo mejorar la calidad educativa en Kamda (India), comenzamos una nueva aventura capitaneados por Calasanz con el objetivo de descubrir la realidad escolapia en \u00c1frica del Oeste, m\u00e1s en concreto en Senegal. Nuestra expedici\u00f3n toca tierra y tras embarcarse en una canoa, que ir\u00e1 surcando&hellip;\" \/>\n<meta name=\"robots\" content=\"index, follow, max-snippet:-1, max-image-preview:large, max-video-preview:-1\" \/>\n<link rel=\"canonical\" href=\"http:\/\/Tras%20finalizar%20la%20campa\u00f1a%20del%20curso%20pasado%20que%20ten\u00eda%20como%20objetivo%20mejorar%20la%20calidad%20educativa%20en%20Kamda%20(India),%20comenzamos%20una%20nueva%20aventura%20capitaneados%20por%20Calasanz%20con%20el%20objetivo%20de%20descubrir%20la%20realidad%20escolapia%20en%20\u00c1frica%20del%20Oeste,%20m\u00e1s%20en%20concreto%20en%20Senegal.%20Nuestra%20expedici\u00f3n%20toca%20tierra%20y%20tras%20embarcarse%20en%20una%20canoa,%20que%20ir\u00e1%20surcando&hellip;\" \/>\n<meta property=\"og:locale\" content=\"ca_ES\" \/>\n<meta property=\"og:type\" content=\"article\" \/>\n<meta property=\"og:title\" content=\"LOS EXPLORADORES DE ITAKA-ESCOLAPIOS\" \/>\n<meta property=\"og:description\" content=\"Tras finalizar la campa\u00f1a del curso pasado que ten\u00eda como objetivo mejorar la calidad educativa en Kamda (India), comenzamos una nueva aventura capitaneados por Calasanz con el objetivo de descubrir la realidad escolapia en \u00c1frica del Oeste, m\u00e1s en concreto en Senegal. Nuestra expedici\u00f3n toca tierra y tras embarcarse en una canoa, que ir\u00e1 surcando&hellip;\" \/>\n<meta property=\"og:url\" content=\"https:\/\/www.itakaescolapios.org\/ca\/campanas\/2017-2018-el-tesoro-de-senegal\/los-exploradores-de-itaka-escolapios\/\" \/>\n<meta property=\"og:site_name\" content=\"Itaka-Escolapios\" \/>\n<meta property=\"article:modified_time\" content=\"2023-11-28T11:37:48+00:00\" \/>\n<meta property=\"og:image\" content=\"https:\/\/www.itakaescolapios.org\/wp-content\/uploads\/2017\/10\/canoa.jpg\" \/>\n\t<meta property=\"og:image:width\" content=\"2000\" \/>\n\t<meta property=\"og:image:height\" content=\"1313\" \/>\n\t<meta property=\"og:image:type\" content=\"image\/jpeg\" \/>\n<meta name=\"twitter:card\" content=\"summary_large_image\" \/>\n<meta name=\"twitter:label1\" content=\"Temps estimat de lectura\" \/>\n\t<meta name=\"twitter:data1\" content=\"2 minuts\" \/>\n<script type=\"application\/ld+json\" class=\"yoast-schema-graph\">{\"@context\":\"https:\\\/\\\/schema.org\",\"@graph\":[{\"@type\":\"WebPage\",\"@id\":\"https:\\\/\\\/www.itakaescolapios.org\\\/ca\\\/campanas\\\/2017-2018-el-tesoro-de-senegal\\\/los-exploradores-de-itaka-escolapios\\\/\",\"url\":\"https:\\\/\\\/www.itakaescolapios.org\\\/ca\\\/campanas\\\/2017-2018-el-tesoro-de-senegal\\\/los-exploradores-de-itaka-escolapios\\\/\",\"name\":\"LOS EXPLORADORES DE ITAKA-ESCOLAPIOS - Itaka-Escolapios\",\"isPartOf\":{\"@id\":\"https:\\\/\\\/www.itakaescolapios.org\\\/es\\\/#website\"},\"primaryImageOfPage\":{\"@id\":\"https:\\\/\\\/www.itakaescolapios.org\\\/ca\\\/campanas\\\/2017-2018-el-tesoro-de-senegal\\\/los-exploradores-de-itaka-escolapios\\\/#primaryimage\"},\"image\":{\"@id\":\"https:\\\/\\\/www.itakaescolapios.org\\\/ca\\\/campanas\\\/2017-2018-el-tesoro-de-senegal\\\/los-exploradores-de-itaka-escolapios\\\/#primaryimage\"},\"thumbnailUrl\":\"https:\\\/\\\/www.itakaescolapios.org\\\/wp-content\\\/uploads\\\/2017\\\/10\\\/canoa-300x197.jpg\",\"datePublished\":\"2017-10-30T10:42:38+00:00\",\"dateModified\":\"2023-11-28T11:37:48+00:00\",\"breadcrumb\":{\"@id\":\"https:\\\/\\\/www.itakaescolapios.org\\\/ca\\\/campanas\\\/2017-2018-el-tesoro-de-senegal\\\/los-exploradores-de-itaka-escolapios\\\/#breadcrumb\"},\"inLanguage\":\"ca\",\"potentialAction\":[{\"@type\":\"ReadAction\",\"target\":[\"https:\\\/\\\/www.itakaescolapios.org\\\/ca\\\/campanas\\\/2017-2018-el-tesoro-de-senegal\\\/los-exploradores-de-itaka-escolapios\\\/\"]}]},{\"@type\":\"ImageObject\",\"inLanguage\":\"ca\",\"@id\":\"https:\\\/\\\/www.itakaescolapios.org\\\/ca\\\/campanas\\\/2017-2018-el-tesoro-de-senegal\\\/los-exploradores-de-itaka-escolapios\\\/#primaryimage\",\"url\":\"https:\\\/\\\/www.itakaescolapios.org\\\/wp-content\\\/uploads\\\/2017\\\/10\\\/canoa-300x197.jpg\",\"contentUrl\":\"https:\\\/\\\/www.itakaescolapios.org\\\/wp-content\\\/uploads\\\/2017\\\/10\\\/canoa-300x197.jpg\"},{\"@type\":\"BreadcrumbList\",\"@id\":\"https:\\\/\\\/www.itakaescolapios.org\\\/ca\\\/campanas\\\/2017-2018-el-tesoro-de-senegal\\\/los-exploradores-de-itaka-escolapios\\\/#breadcrumb\",\"itemListElement\":[{\"@type\":\"ListItem\",\"position\":1,\"name\":\"Itaka-Escolapios\",\"item\":\"https:\\\/\\\/www.itakaescolapios.org\\\/es\\\/\"},{\"@type\":\"ListItem\",\"position\":2,\"name\":\"Campa\u00f1as\",\"item\":\"https:\\\/\\\/www.itakaescolapios.org\\\/es\\\/campanas\\\/\"},{\"@type\":\"ListItem\",\"position\":3,\"name\":\"2017-2018 EL TESORO DE SENEGAL\",\"item\":\"https:\\\/\\\/www.itakaescolapios.org\\\/es\\\/campanas\\\/2017-2018-el-tesoro-de-senegal\\\/\"},{\"@type\":\"ListItem\",\"position\":4,\"name\":\"LOS EXPLORADORES DE ITAKA-ESCOLAPIOS\"}]},{\"@type\":\"WebSite\",\"@id\":\"https:\\\/\\\/www.itakaescolapios.org\\\/ca\\\/es\\\/#website\",\"url\":\"https:\\\/\\\/www.itakaescolapios.org\\\/ca\\\/es\\\/\",\"name\":\"Itaka-Escolapios\",\"description\":\"Red de Itaka-Escolapios\",\"publisher\":{\"@id\":\"https:\\\/\\\/www.itakaescolapios.org\\\/ca\\\/es\\\/#organization\"},\"potentialAction\":[{\"@type\":\"SearchAction\",\"target\":{\"@type\":\"EntryPoint\",\"urlTemplate\":\"https:\\\/\\\/www.itakaescolapios.org\\\/ca\\\/es\\\/?s={search_term_string}\"},\"query-input\":{\"@type\":\"PropertyValueSpecification\",\"valueRequired\":true,\"valueName\":\"search_term_string\"}}],\"inLanguage\":\"ca\"},{\"@type\":\"Organization\",\"@id\":\"https:\\\/\\\/www.itakaescolapios.org\\\/ca\\\/es\\\/#organization\",\"name\":\"Fundaci\u00f3 Itaka-Escolapios\",\"url\":\"https:\\\/\\\/www.itakaescolapios.org\\\/ca\\\/es\\\/\",\"logo\":{\"@type\":\"ImageObject\",\"inLanguage\":\"ca\",\"@id\":\"https:\\\/\\\/www.itakaescolapios.org\\\/ca\\\/es\\\/#\\\/schema\\\/logo\\\/image\\\/\",\"url\":\"https:\\\/\\\/www.itakaescolapios.org\\\/wp-content\\\/uploads\\\/2024\\\/04\\\/Logo-itakaescolapios-peque.png\",\"contentUrl\":\"https:\\\/\\\/www.itakaescolapios.org\\\/wp-content\\\/uploads\\\/2024\\\/04\\\/Logo-itakaescolapios-peque.png\",\"width\":500,\"height\":199,\"caption\":\"Fundaci\u00f3 Itaka-Escolapios\"},\"image\":{\"@id\":\"https:\\\/\\\/www.itakaescolapios.org\\\/ca\\\/es\\\/#\\\/schema\\\/logo\\\/image\\\/\"}}]}<\/script>\n<!-- \/ Yoast SEO plugin. -->","yoast_head_json":{"title":"LOS EXPLORADORES DE ITAKA-ESCOLAPIOS","description":"Tras finalizar la campa\u00f1a del curso pasado que ten\u00eda como objetivo mejorar la calidad educativa en Kamda (India), comenzamos una nueva aventura capitaneados por Calasanz con el objetivo de descubrir la realidad escolapia en \u00c1frica del Oeste, m\u00e1s en concreto en Senegal. Nuestra expedici\u00f3n toca tierra y tras embarcarse en una canoa, que ir\u00e1 surcando&hellip;","robots":{"index":"index","follow":"follow","max-snippet":"max-snippet:-1","max-image-preview":"max-image-preview:large","max-video-preview":"max-video-preview:-1"},"canonical":"Tras finalizar la campa\u00f1a del curso pasado que ten\u00eda como objetivo mejorar la calidad educativa en Kamda (India), comenzamos una nueva aventura capitaneados por Calasanz con el objetivo de descubrir la realidad escolapia en \u00c1frica del Oeste, m\u00e1s en concreto en Senegal. Nuestra expedici\u00f3n toca tierra y tras embarcarse en una canoa, que ir\u00e1 surcando&hellip;","og_locale":"ca_ES","og_type":"article","og_title":"LOS EXPLORADORES DE ITAKA-ESCOLAPIOS","og_description":"Tras finalizar la campa\u00f1a del curso pasado que ten\u00eda como objetivo mejorar la calidad educativa en Kamda (India), comenzamos una nueva aventura capitaneados por Calasanz con el objetivo de descubrir la realidad escolapia en \u00c1frica del Oeste, m\u00e1s en concreto en Senegal. Nuestra expedici\u00f3n toca tierra y tras embarcarse en una canoa, que ir\u00e1 surcando&hellip;","og_url":"https:\/\/www.itakaescolapios.org\/ca\/campanas\/2017-2018-el-tesoro-de-senegal\/los-exploradores-de-itaka-escolapios\/","og_site_name":"Itaka-Escolapios","article_modified_time":"2023-11-28T11:37:48+00:00","og_image":[{"width":2000,"height":1313,"url":"https:\/\/www.itakaescolapios.org\/wp-content\/uploads\/2017\/10\/canoa.jpg","type":"image\/jpeg"}],"twitter_card":"summary_large_image","twitter_misc":{"Temps estimat de lectura":"2 minuts"},"schema":{"@context":"https:\/\/schema.org","@graph":[{"@type":"WebPage","@id":"https:\/\/www.itakaescolapios.org\/ca\/campanas\/2017-2018-el-tesoro-de-senegal\/los-exploradores-de-itaka-escolapios\/","url":"https:\/\/www.itakaescolapios.org\/ca\/campanas\/2017-2018-el-tesoro-de-senegal\/los-exploradores-de-itaka-escolapios\/","name":"LOS EXPLORADORES DE ITAKA-ESCOLAPIOS - Itaka-Escolapios","isPartOf":{"@id":"https:\/\/www.itakaescolapios.org\/es\/#website"},"primaryImageOfPage":{"@id":"https:\/\/www.itakaescolapios.org\/ca\/campanas\/2017-2018-el-tesoro-de-senegal\/los-exploradores-de-itaka-escolapios\/#primaryimage"},"image":{"@id":"https:\/\/www.itakaescolapios.org\/ca\/campanas\/2017-2018-el-tesoro-de-senegal\/los-exploradores-de-itaka-escolapios\/#primaryimage"},"thumbnailUrl":"https:\/\/www.itakaescolapios.org\/wp-content\/uploads\/2017\/10\/canoa-300x197.jpg","datePublished":"2017-10-30T10:42:38+00:00","dateModified":"2023-11-28T11:37:48+00:00","breadcrumb":{"@id":"https:\/\/www.itakaescolapios.org\/ca\/campanas\/2017-2018-el-tesoro-de-senegal\/los-exploradores-de-itaka-escolapios\/#breadcrumb"},"inLanguage":"ca","potentialAction":[{"@type":"ReadAction","target":["https:\/\/www.itakaescolapios.org\/ca\/campanas\/2017-2018-el-tesoro-de-senegal\/los-exploradores-de-itaka-escolapios\/"]}]},{"@type":"ImageObject","inLanguage":"ca","@id":"https:\/\/www.itakaescolapios.org\/ca\/campanas\/2017-2018-el-tesoro-de-senegal\/los-exploradores-de-itaka-escolapios\/#primaryimage","url":"https:\/\/www.itakaescolapios.org\/wp-content\/uploads\/2017\/10\/canoa-300x197.jpg","contentUrl":"https:\/\/www.itakaescolapios.org\/wp-content\/uploads\/2017\/10\/canoa-300x197.jpg"},{"@type":"BreadcrumbList","@id":"https:\/\/www.itakaescolapios.org\/ca\/campanas\/2017-2018-el-tesoro-de-senegal\/los-exploradores-de-itaka-escolapios\/#breadcrumb","itemListElement":[{"@type":"ListItem","position":1,"name":"Itaka-Escolapios","item":"https:\/\/www.itakaescolapios.org\/es\/"},{"@type":"ListItem","position":2,"name":"Campa\u00f1as","item":"https:\/\/www.itakaescolapios.org\/es\/campanas\/"},{"@type":"ListItem","position":3,"name":"2017-2018 EL TESORO DE SENEGAL","item":"https:\/\/www.itakaescolapios.org\/es\/campanas\/2017-2018-el-tesoro-de-senegal\/"},{"@type":"ListItem","position":4,"name":"LOS EXPLORADORES DE ITAKA-ESCOLAPIOS"}]},{"@type":"WebSite","@id":"https:\/\/www.itakaescolapios.org\/ca\/es\/#website","url":"https:\/\/www.itakaescolapios.org\/ca\/es\/","name":"Itaka-Escolapios","description":"Red de Itaka-Escolapios","publisher":{"@id":"https:\/\/www.itakaescolapios.org\/ca\/es\/#organization"},"potentialAction":[{"@type":"SearchAction","target":{"@type":"EntryPoint","urlTemplate":"https:\/\/www.itakaescolapios.org\/ca\/es\/?s={search_term_string}"},"query-input":{"@type":"PropertyValueSpecification","valueRequired":true,"valueName":"search_term_string"}}],"inLanguage":"ca"},{"@type":"Organization","@id":"https:\/\/www.itakaescolapios.org\/ca\/es\/#organization","name":"Fundaci\u00f3 Itaka-Escolapios","url":"https:\/\/www.itakaescolapios.org\/ca\/es\/","logo":{"@type":"ImageObject","inLanguage":"ca","@id":"https:\/\/www.itakaescolapios.org\/ca\/es\/#\/schema\/logo\/image\/","url":"https:\/\/www.itakaescolapios.org\/wp-content\/uploads\/2024\/04\/Logo-itakaescolapios-peque.png","contentUrl":"https:\/\/www.itakaescolapios.org\/wp-content\/uploads\/2024\/04\/Logo-itakaescolapios-peque.png","width":500,"height":199,"caption":"Fundaci\u00f3 Itaka-Escolapios"},"image":{"@id":"https:\/\/www.itakaescolapios.org\/ca\/es\/#\/schema\/logo\/image\/"}}]}},"_links":{"self":[{"href":"https:\/\/www.itakaescolapios.org\/ca\/wp-json\/wp\/v2\/pages\/20698","targetHints":{"allow":["GET"]}}],"collection":[{"href":"https:\/\/www.itakaescolapios.org\/ca\/wp-json\/wp\/v2\/pages"}],"about":[{"href":"https:\/\/www.itakaescolapios.org\/ca\/wp-json\/wp\/v2\/types\/page"}],"author":[{"embeddable":true,"href":"https:\/\/www.itakaescolapios.org\/ca\/wp-json\/wp\/v2\/users\/46"}],"replies":[{"embeddable":true,"href":"https:\/\/www.itakaescolapios.org\/ca\/wp-json\/wp\/v2\/comments?post=20698"}],"version-history":[{"count":18,"href":"https:\/\/www.itakaescolapios.org\/ca\/wp-json\/wp\/v2\/pages\/20698\/revisions"}],"predecessor-version":[{"id":47292,"href":"https:\/\/www.itakaescolapios.org\/ca\/wp-json\/wp\/v2\/pages\/20698\/revisions\/47292"}],"up":[{"embeddable":true,"href":"https:\/\/www.itakaescolapios.org\/ca\/wp-json\/wp\/v2\/pages\/20613"}],"wp:attachment":[{"href":"https:\/\/www.itakaescolapios.org\/ca\/wp-json\/wp\/v2\/media?parent=20698"}],"curies":[{"name":"wp","href":"https:\/\/api.w.org\/{rel}","templated":true}]}}