{"id":20706,"date":"2017-10-30T12:01:46","date_gmt":"2017-10-30T11:01:46","guid":{"rendered":"https:\/\/www.itakaescolapios.org\/?page_id=20706"},"modified":"2023-11-28T12:37:47","modified_gmt":"2023-11-28T11:37:47","slug":"dossier-de-actividades-para-el-aula","status":"publish","type":"page","link":"https:\/\/www.itakaescolapios.org\/ca\/campanas\/2017-2018-el-tesoro-de-senegal\/dossier-de-actividades-para-el-aula\/","title":{"rendered":"DOSSIER DE ACTIVIDADES PARA EL AULA"},"content":{"rendered":"<p><a href=\"https:\/\/www.itakaescolapios.org\/wp-content\/uploads\/2017\/11\/cropped-lapices-de-colores-colores-185722.jpg\"><img decoding=\"async\" class=\"alignleft  wp-image-20844\" alt=\"cropped-lapices-de-colores-colores-185722\" src=\"https:\/\/www.itakaescolapios.org\/wp-content\/uploads\/2017\/11\/cropped-lapices-de-colores-colores-185722-218x300.jpg\" width=\"131\" height=\"180\" srcset=\"https:\/\/www.itakaescolapios.org\/wp-content\/uploads\/2017\/11\/cropped-lapices-de-colores-colores-185722-218x300.jpg 218w, https:\/\/www.itakaescolapios.org\/wp-content\/uploads\/2017\/11\/cropped-lapices-de-colores-colores-185722-250x343.jpg 250w, https:\/\/www.itakaescolapios.org\/wp-content\/uploads\/2017\/11\/cropped-lapices-de-colores-colores-185722.jpg 284w\" sizes=\"(max-width: 131px) 100vw, 131px\" \/><\/a>A continuaci\u00f3n presentamos una serie de actividades orientativas para trabajar en las aulas (tambi\u00e9n pueden ser trasladadas al \u00e1mbito extraescolar), la importancia de la educaci\u00f3n como elemento de cambio personal y de transformaci\u00f3n social.<\/p>\n<p>Hemos intentado hacer una selecci\u00f3n atractiva que complemente a las cinco actividades centrales de la campa\u00f1a: rezamos con Senegal, fiesta senegales, juego de cartas, nuestro tesoro y photocall.<\/p>\n<table width=\"491\" border=\"0\" cellspacing=\"0\" cellpadding=\"0\">\n<colgroup>\n<col width=\"80\" \/>\n<col width=\"197\" \/>\n<col width=\"214\" \/> <\/colgroup>\n<tbody>\n<tr>\n<td width=\"80\" height=\"22\"><strong>EDAD<\/strong><\/td>\n<td width=\"197\"><strong>ACTIVIDAD<\/strong><\/td>\n<td width=\"214\"><strong>ANEXOS<\/strong><\/td>\n<\/tr>\n<tr>\n<td height=\"22\">3-4<\/td>\n<td><strong><span style=\"color: #ff6600;\"><a href=\"https:\/\/www.itakaescolapios.org\/wp-content\/uploads\/2017\/10\/1\u00baInfantil_MEMORY.pdf\" target=\"_blank\" rel=\"noopener\"><span style=\"color: #ff6600;\">MEMORY<\/span><\/a><\/span><\/strong><\/td>\n<td><span style=\"color: #0000ff;\"><strong><a href=\"https:\/\/www.itakaescolapios.org\/wp-content\/uploads\/2017\/10\/Anexos-Memory.pdf\" target=\"_blank\" rel=\"noopener\"><span style=\"color: #0000ff;\">Anexos<\/span><\/a><a href=\"https:\/\/www.itakaescolapios.org\/wp-content\/uploads\/2017\/10\/Anexos-Memory.pdf\" target=\"_blank\" rel=\"noopener\"><span style=\"color: #0000ff;\"> Memory<\/span><\/a><\/strong><\/span><\/td>\n<\/tr>\n<tr>\n<td height=\"22\">4-5<\/td>\n<td><strong><span style=\"color: #ff6600;\"><a href=\"https:\/\/www.itakaescolapios.org\/wp-content\/uploads\/2017\/10\/2\u00ba-Infantil_FOTOBAILA-b.pdf\" target=\"_blank\" rel=\"noopener\"><span style=\"color: #ff6600;\">FOTOBAILA<\/span><\/a><\/span><\/strong><\/td>\n<td><strong><span style=\"color: #0000ff;\"><a href=\"https:\/\/www.itakaescolapios.org\/wp-content\/uploads\/2017\/10\/Anexos-Fotobaila.pdf\" target=\"_blank\" rel=\"noopener\"><span style=\"color: #0000ff;\">Anexos Fotobaila<\/span><\/a><\/span><\/strong><\/td>\n<\/tr>\n<tr>\n<td height=\"22\">5-6<\/td>\n<td><span style=\"color: #ff6600;\"><strong><a href=\"https:\/\/www.itakaescolapios.org\/wp-content\/uploads\/2017\/10\/3\u00ba-Infantil_EXPEDICI\u00d3N.pdf\" target=\"_blank\" rel=\"noopener\"><span style=\"color: #ff6600;\">EXPEDICI\u00d3N<\/span><\/a><\/strong><\/span><\/td>\n<td><strong><span style=\"color: #0000ff;\"><a href=\"https:\/\/www.itakaescolapios.org\/wp-content\/uploads\/2017\/10\/Anexos-Expedici\u00f3n.pdf\" target=\"_blank\" rel=\"noopener\"><span style=\"color: #0000ff;\">Anexos Expedici\u00f3n<\/span><\/a><\/span><\/strong><\/td>\n<\/tr>\n<tr>\n<td height=\"22\">6-7<\/td>\n<td><strong><span style=\"color: #ff6600;\"><a href=\"https:\/\/www.itakaescolapios.org\/wp-content\/uploads\/2017\/10\/1\u00baPrim_juega-con-la-Expedici\u00f3n.pdf\" target=\"_blank\" rel=\"noopener\"><span style=\"color: #ff6600;\">JUEGA CON LA EXPEDICI\u00d3N<\/span><\/a><\/span><\/strong><\/td>\n<td><strong><span style=\"color: #0000ff;\"><a href=\"https:\/\/www.itakaescolapios.org\/wp-content\/uploads\/2017\/10\/Anexos-Juega-con-la-expedici\u00f3n.pdf\"><span style=\"color: #0000ff;\">Anexos Juega con la expedici\u00f3n<\/span><\/a><\/span><\/strong><\/td>\n<\/tr>\n<tr>\n<td height=\"22\">7-8<\/td>\n<td><span style=\"color: #ff6600;\"><strong><a href=\"https:\/\/www.itakaescolapios.org\/wp-content\/uploads\/2017\/10\/2\u00baPrim_Leyendas-de-Senegal.pdf\" target=\"_blank\" rel=\"noopener\"><span style=\"color: #ff6600;\">LEYENDAS DE SENEGAL<\/span><\/a><\/strong><\/span><\/td>\n<td><span style=\"color: #0000ff;\"><strong><a href=\"https:\/\/www.itakaescolapios.org\/wp-content\/uploads\/2017\/10\/Anexos-Leyendas-de-Senegal.pdf\" target=\"_blank\" rel=\"noopener\"><span style=\"color: #0000ff;\">Anexos Leyendas de Senegal<\/span><\/a><\/strong><\/span><\/td>\n<\/tr>\n<tr>\n<td height=\"22\">8-9<\/td>\n<td><span style=\"color: #ff6600;\"><strong><a href=\"https:\/\/www.itakaescolapios.org\/wp-content\/uploads\/2017\/10\/3\u00baPrim_Colores-de-Senegal.pdf\" target=\"_blank\" rel=\"noopener\"><span style=\"color: #ff6600;\">COLORES DE SENEGAL<\/span><\/a><\/strong><\/span><\/td>\n<td><span style=\"color: #0000ff;\"><strong><a href=\"https:\/\/www.itakaescolapios.org\/wp-content\/uploads\/2017\/10\/Anexos-Colores-de-Senegal.pdf\" target=\"_blank\" rel=\"noopener\"><span style=\"color: #0000ff;\">Anexos Colores de Senegal<\/span><\/a><\/strong><\/span><\/td>\n<\/tr>\n<tr>\n<td height=\"22\">9-10<\/td>\n<td><span style=\"color: #ff6600;\"><strong><a href=\"https:\/\/www.itakaescolapios.org\/wp-content\/uploads\/2017\/10\/4\u00baPrim_juegos-en-Senegal.pdf\" target=\"_blank\" rel=\"noopener\"><span style=\"color: #ff6600;\">JUEGOS EN SENEGAL<\/span><\/a><\/strong><\/span><\/td>\n<td><\/td>\n<\/tr>\n<tr>\n<td height=\"22\">10-11<\/td>\n<td><span style=\"color: #ff6600;\"><strong><a href=\"https:\/\/www.itakaescolapios.org\/wp-content\/uploads\/2017\/10\/5\u00baPrim_camino-a-la-escuela.pdf\" target=\"_blank\" rel=\"noopener\"><span style=\"color: #ff6600;\">CAMINO A LA ESCUELA<\/span><\/a><\/strong><\/span><\/td>\n<td><\/td>\n<\/tr>\n<tr>\n<td height=\"22\">11-12<\/td>\n<td><strong><span style=\"color: #ff6600;\"><a href=\"https:\/\/www.itakaescolapios.org\/wp-content\/uploads\/2017\/10\/6\u00baPrim_Memory-senegal\u00e9s.pdf\" target=\"_blank\" rel=\"noopener\"><span style=\"color: #ff6600;\">MEMORY SENEGAL\u00c9S<\/span><\/a><\/span><\/strong><\/td>\n<td><strong><span style=\"color: #0000ff;\"><a href=\"https:\/\/www.itakaescolapios.org\/wp-content\/uploads\/2017\/10\/Anexo-1_Memory.pdf\"><span style=\"color: #0000ff;\">Anexo Memory<\/span><\/a><\/span><\/strong><\/td>\n<\/tr>\n<tr>\n<td height=\"22\">12-13<\/td>\n<td><strong><span style=\"color: #ff6600;\"><a href=\"https:\/\/www.itakaescolapios.org\/wp-content\/uploads\/2017\/10\/1\u00baESO_TELARA\u00d1A_IDIOMAS.pdf\" target=\"_blank\" rel=\"noopener\"><span style=\"color: #ff6600;\">TELARA\u00d1A DE IDIOMAS<\/span><\/a><\/span><\/strong><\/td>\n<td><strong><span style=\"color: #0000ff;\"><a href=\"https:\/\/www.itakaescolapios.org\/wp-content\/uploads\/2017\/10\/Anexo-1\u00aa-ESO_-Telara\u00f1a-de-palabras.pdf\" target=\"_blank\" rel=\"noopener\"><span style=\"color: #0000ff;\">Anexos Telara\u00f1a De Idiomas<\/span><\/a><\/span><\/strong><\/td>\n<\/tr>\n<tr>\n<td height=\"22\">13-14<\/td>\n<td><strong><span style=\"color: #ff6600;\"><a href=\"https:\/\/www.itakaescolapios.org\/wp-content\/uploads\/2017\/10\/2\u00ba-ESO-Ayuda-a-los-Internados.pdf\" target=\"_blank\" rel=\"noopener\"><span style=\"color: #ff6600;\">INTERNADOS A TODO COLOR<\/span><\/a><\/span><\/strong><\/td>\n<td><\/td>\n<\/tr>\n<tr>\n<td height=\"22\">14-15<\/td>\n<td><strong><span style=\"color: #ff6600;\"><a href=\"https:\/\/www.itakaescolapios.org\/wp-content\/uploads\/2017\/10\/3\u00ba-ESO_RITMOS-AFRICANOS.pdf\" target=\"_blank\" rel=\"noopener\"><span style=\"color: #ff6600;\">RITMOS AFRICANOS<\/span><\/a><\/span><\/strong><\/td>\n<td><strong><span style=\"color: #0000ff;\"><span style=\"color: #0000ff;\"><audio class=\"wp-audio-shortcode\" id=\"audio-20706-1\" preload=\"none\" style=\"width: 100%;\" controls=\"controls\"><source type=\"audio\/mpeg\" src=\"https:\/\/www.itakaescolapios.org\/wp-content\/uploads\/2017\/10\/Ritmos-africanos1.mp3?_=1\" \/><a href=\"https:\/\/www.itakaescolapios.org\/wp-content\/uploads\/2017\/10\/Ritmos-africanos1.mp3\">https:\/\/www.itakaescolapios.org\/wp-content\/uploads\/2017\/10\/Ritmos-africanos1.mp3<\/a><\/audio><\/span><\/span><\/strong><\/td>\n<\/tr>\n<tr>\n<td height=\"22\">15-16<\/td>\n<td><strong><span style=\"color: #ff6600;\"><a href=\"https:\/\/www.itakaescolapios.org\/wp-content\/uploads\/2017\/10\/4\u00ba-eso_tesoros-de-senegal.pdf\" target=\"_blank\" rel=\"noopener\"><span style=\"color: #ff6600;\">TESOROS DE SENEGAL<\/span><\/a><\/span><\/strong><\/td>\n<td><strong><span style=\"color: #0000ff;\"><a href=\"https:\/\/www.itakaescolapios.org\/wp-content\/uploads\/2017\/10\/Anexo-1_informaci\u00f3n-4\u00ba-ESO.pdf\" target=\"_blank\" rel=\"noopener\"><span style=\"color: #0000ff;\">Anexos Tesoros De Senegal<\/span><\/a><\/span><\/strong><\/td>\n<\/tr>\n<tr>\n<td height=\"22\">16-17<\/td>\n<td><strong><span style=\"color: #ff6600;\"><a href=\"https:\/\/www.itakaescolapios.org\/wp-content\/uploads\/2017\/10\/1\u00ba-bach_esclavitud.pdf\" target=\"_blank\" rel=\"noopener\"><span style=\"color: #ff6600;\">LA ESCLAVITUD<\/span><\/a><\/span><\/strong><\/td>\n<td><\/td>\n<\/tr>\n<tr>\n<td height=\"22\">17-18<\/td>\n<td><strong><span style=\"color: #ff6600;\"><a href=\"https:\/\/www.itakaescolapios.org\/wp-content\/uploads\/2017\/10\/2\u00baBACH_La-Declaraci\u00f3n-de-Dakar.pdf\" target=\"_blank\" rel=\"noopener\"><span style=\"color: #ff6600;\">LA DECLARACI\u00d3N DE DAKAR<\/span><\/a><\/span><\/strong><\/td>\n<td><span style=\"color: #0000ff;\"><strong><a href=\"https:\/\/www.itakaescolapios.org\/wp-content\/uploads\/2017\/10\/Anexos-declaraci\u00f3n-de-Dakar.pdf\"><span style=\"color: #0000ff;\">Anexos Declaraci\u00f3n de Dakar<\/span><\/a><\/strong><\/span><\/td>\n<\/tr>\n<\/tbody>\n<\/table>\n<p><!--more--><\/p>\n","protected":false},"excerpt":{"rendered":"<p>A continuaci\u00f3n presentamos una serie de actividades orientativas para trabajar en las aulas (tambi\u00e9n pueden ser trasladadas al \u00e1mbito extraescolar), la importancia de la educaci\u00f3n como elemento de cambio personal [&hellip;]<\/p>\n","protected":false},"author":46,"featured_media":0,"parent":20613,"menu_order":6,"comment_status":"closed","ping_status":"closed","template":"","meta":{"_et_pb_use_builder":"","_et_pb_old_content":"","_et_gb_content_width":"","footnotes":""},"class_list":["post-20706","page","type-page","status-publish","hentry"],"yoast_head":"<!-- This site is optimized with the Yoast SEO plugin v27.3 - https:\/\/yoast.com\/product\/yoast-seo-wordpress\/ -->\n<title>DOSSIER DE ACTIVIDADES PARA EL AULA<\/title>\n<meta name=\"description\" content=\"A continuaci\u00f3n presentamos una serie de actividades orientativas para trabajar en las aulas (tambi\u00e9n pueden ser trasladadas al \u00e1mbito extraescolar), la importancia de la educaci\u00f3n como elemento de cambio personal y de transformaci\u00f3n social. Hemos intentado hacer una selecci\u00f3n atractiva que complemente a las cinco actividades centrales de la campa\u00f1a: rezamos con Senegal, fiesta senegales,&hellip;\" \/>\n<meta name=\"robots\" content=\"index, follow, max-snippet:-1, max-image-preview:large, max-video-preview:-1\" \/>\n<link rel=\"canonical\" href=\"\" \/>\n<meta property=\"og:locale\" content=\"ca_ES\" \/>\n<meta property=\"og:type\" content=\"article\" \/>\n<meta property=\"og:title\" content=\"DOSSIER DE ACTIVIDADES PARA EL AULA\" \/>\n<meta property=\"og:description\" content=\"A continuaci\u00f3n presentamos una serie de actividades orientativas para trabajar en las aulas (tambi\u00e9n pueden ser trasladadas al \u00e1mbito extraescolar), la importancia de la educaci\u00f3n como elemento de cambio personal y de transformaci\u00f3n social. Hemos intentado hacer una selecci\u00f3n atractiva que complemente a las cinco actividades centrales de la campa\u00f1a: rezamos con Senegal, fiesta senegales,&hellip;\" \/>\n<meta property=\"og:url\" content=\"https:\/\/www.itakaescolapios.org\/ca\/campanas\/2017-2018-el-tesoro-de-senegal\/dossier-de-actividades-para-el-aula\/\" \/>\n<meta property=\"og:site_name\" content=\"Itaka-Escolapios\" \/>\n<meta property=\"article:modified_time\" content=\"2023-11-28T11:37:47+00:00\" \/>\n<meta property=\"og:image\" content=\"https:\/\/www.itakaescolapios.org\/wp-content\/uploads\/2017\/11\/cropped-lapices-de-colores-colores-185722.jpg\" \/>\n\t<meta property=\"og:image:width\" content=\"284\" \/>\n\t<meta property=\"og:image:height\" content=\"390\" \/>\n\t<meta property=\"og:image:type\" content=\"image\/jpeg\" \/>\n<meta name=\"twitter:card\" content=\"summary_large_image\" \/>\n<meta name=\"twitter:label1\" content=\"Temps estimat de lectura\" \/>\n\t<meta name=\"twitter:data1\" content=\"1 minut\" \/>\n<script type=\"application\/ld+json\" class=\"yoast-schema-graph\">{\"@context\":\"https:\\\/\\\/schema.org\",\"@graph\":[{\"@type\":\"WebPage\",\"@id\":\"https:\\\/\\\/www.itakaescolapios.org\\\/ca\\\/campanas\\\/2017-2018-el-tesoro-de-senegal\\\/dossier-de-actividades-para-el-aula\\\/\",\"url\":\"https:\\\/\\\/www.itakaescolapios.org\\\/ca\\\/campanas\\\/2017-2018-el-tesoro-de-senegal\\\/dossier-de-actividades-para-el-aula\\\/\",\"name\":\"DOSSIER DE ACTIVIDADES PARA EL AULA - Itaka-Escolapios\",\"isPartOf\":{\"@id\":\"https:\\\/\\\/www.itakaescolapios.org\\\/es\\\/#website\"},\"primaryImageOfPage\":{\"@id\":\"https:\\\/\\\/www.itakaescolapios.org\\\/ca\\\/campanas\\\/2017-2018-el-tesoro-de-senegal\\\/dossier-de-actividades-para-el-aula\\\/#primaryimage\"},\"image\":{\"@id\":\"https:\\\/\\\/www.itakaescolapios.org\\\/ca\\\/campanas\\\/2017-2018-el-tesoro-de-senegal\\\/dossier-de-actividades-para-el-aula\\\/#primaryimage\"},\"thumbnailUrl\":\"https:\\\/\\\/www.itakaescolapios.org\\\/wp-content\\\/uploads\\\/2017\\\/11\\\/cropped-lapices-de-colores-colores-185722-218x300.jpg\",\"datePublished\":\"2017-10-30T11:01:46+00:00\",\"dateModified\":\"2023-11-28T11:37:47+00:00\",\"breadcrumb\":{\"@id\":\"https:\\\/\\\/www.itakaescolapios.org\\\/ca\\\/campanas\\\/2017-2018-el-tesoro-de-senegal\\\/dossier-de-actividades-para-el-aula\\\/#breadcrumb\"},\"inLanguage\":\"ca\",\"potentialAction\":[{\"@type\":\"ReadAction\",\"target\":[\"https:\\\/\\\/www.itakaescolapios.org\\\/ca\\\/campanas\\\/2017-2018-el-tesoro-de-senegal\\\/dossier-de-actividades-para-el-aula\\\/\"]}]},{\"@type\":\"ImageObject\",\"inLanguage\":\"ca\",\"@id\":\"https:\\\/\\\/www.itakaescolapios.org\\\/ca\\\/campanas\\\/2017-2018-el-tesoro-de-senegal\\\/dossier-de-actividades-para-el-aula\\\/#primaryimage\",\"url\":\"https:\\\/\\\/www.itakaescolapios.org\\\/wp-content\\\/uploads\\\/2017\\\/11\\\/cropped-lapices-de-colores-colores-185722-218x300.jpg\",\"contentUrl\":\"https:\\\/\\\/www.itakaescolapios.org\\\/wp-content\\\/uploads\\\/2017\\\/11\\\/cropped-lapices-de-colores-colores-185722-218x300.jpg\"},{\"@type\":\"BreadcrumbList\",\"@id\":\"https:\\\/\\\/www.itakaescolapios.org\\\/ca\\\/campanas\\\/2017-2018-el-tesoro-de-senegal\\\/dossier-de-actividades-para-el-aula\\\/#breadcrumb\",\"itemListElement\":[{\"@type\":\"ListItem\",\"position\":1,\"name\":\"Itaka-Escolapios\",\"item\":\"https:\\\/\\\/www.itakaescolapios.org\\\/es\\\/\"},{\"@type\":\"ListItem\",\"position\":2,\"name\":\"Campa\u00f1as\",\"item\":\"https:\\\/\\\/www.itakaescolapios.org\\\/es\\\/campanas\\\/\"},{\"@type\":\"ListItem\",\"position\":3,\"name\":\"2017-2018 EL TESORO DE SENEGAL\",\"item\":\"https:\\\/\\\/www.itakaescolapios.org\\\/es\\\/campanas\\\/2017-2018-el-tesoro-de-senegal\\\/\"},{\"@type\":\"ListItem\",\"position\":4,\"name\":\"DOSSIER DE ACTIVIDADES PARA EL AULA\"}]},{\"@type\":\"WebSite\",\"@id\":\"https:\\\/\\\/www.itakaescolapios.org\\\/ca\\\/es\\\/#website\",\"url\":\"https:\\\/\\\/www.itakaescolapios.org\\\/ca\\\/es\\\/\",\"name\":\"Itaka-Escolapios\",\"description\":\"Red de Itaka-Escolapios\",\"publisher\":{\"@id\":\"https:\\\/\\\/www.itakaescolapios.org\\\/ca\\\/es\\\/#organization\"},\"potentialAction\":[{\"@type\":\"SearchAction\",\"target\":{\"@type\":\"EntryPoint\",\"urlTemplate\":\"https:\\\/\\\/www.itakaescolapios.org\\\/ca\\\/es\\\/?s={search_term_string}\"},\"query-input\":{\"@type\":\"PropertyValueSpecification\",\"valueRequired\":true,\"valueName\":\"search_term_string\"}}],\"inLanguage\":\"ca\"},{\"@type\":\"Organization\",\"@id\":\"https:\\\/\\\/www.itakaescolapios.org\\\/ca\\\/es\\\/#organization\",\"name\":\"Fundaci\u00f3 Itaka-Escolapios\",\"url\":\"https:\\\/\\\/www.itakaescolapios.org\\\/ca\\\/es\\\/\",\"logo\":{\"@type\":\"ImageObject\",\"inLanguage\":\"ca\",\"@id\":\"https:\\\/\\\/www.itakaescolapios.org\\\/ca\\\/es\\\/#\\\/schema\\\/logo\\\/image\\\/\",\"url\":\"https:\\\/\\\/www.itakaescolapios.org\\\/wp-content\\\/uploads\\\/2024\\\/04\\\/Logo-itakaescolapios-peque.png\",\"contentUrl\":\"https:\\\/\\\/www.itakaescolapios.org\\\/wp-content\\\/uploads\\\/2024\\\/04\\\/Logo-itakaescolapios-peque.png\",\"width\":500,\"height\":199,\"caption\":\"Fundaci\u00f3 Itaka-Escolapios\"},\"image\":{\"@id\":\"https:\\\/\\\/www.itakaescolapios.org\\\/ca\\\/es\\\/#\\\/schema\\\/logo\\\/image\\\/\"}}]}<\/script>\n<!-- \/ Yoast SEO plugin. -->","yoast_head_json":{"title":"DOSSIER DE ACTIVIDADES PARA EL AULA","description":"A continuaci\u00f3n presentamos una serie de actividades orientativas para trabajar en las aulas (tambi\u00e9n pueden ser trasladadas al \u00e1mbito extraescolar), la importancia de la educaci\u00f3n como elemento de cambio personal y de transformaci\u00f3n social. Hemos intentado hacer una selecci\u00f3n atractiva que complemente a las cinco actividades centrales de la campa\u00f1a: rezamos con Senegal, fiesta senegales,&hellip;","robots":{"index":"index","follow":"follow","max-snippet":"max-snippet:-1","max-image-preview":"max-image-preview:large","max-video-preview":"max-video-preview:-1"},"canonical":"A continuaci\u00f3n presentamos una serie de actividades orientativas para trabajar en las aulas (tambi\u00e9n pueden ser trasladadas al \u00e1mbito extraescolar), la importancia de la educaci\u00f3n como elemento de cambio personal y de transformaci\u00f3n social. Hemos intentado hacer una selecci\u00f3n atractiva que complemente a las cinco actividades centrales de la campa\u00f1a: rezamos con Senegal, fiesta senegales,&hellip;","og_locale":"ca_ES","og_type":"article","og_title":"DOSSIER DE ACTIVIDADES PARA EL AULA","og_description":"A continuaci\u00f3n presentamos una serie de actividades orientativas para trabajar en las aulas (tambi\u00e9n pueden ser trasladadas al \u00e1mbito extraescolar), la importancia de la educaci\u00f3n como elemento de cambio personal y de transformaci\u00f3n social. Hemos intentado hacer una selecci\u00f3n atractiva que complemente a las cinco actividades centrales de la campa\u00f1a: rezamos con Senegal, fiesta senegales,&hellip;","og_url":"https:\/\/www.itakaescolapios.org\/ca\/campanas\/2017-2018-el-tesoro-de-senegal\/dossier-de-actividades-para-el-aula\/","og_site_name":"Itaka-Escolapios","article_modified_time":"2023-11-28T11:37:47+00:00","og_image":[{"width":284,"height":390,"url":"https:\/\/www.itakaescolapios.org\/wp-content\/uploads\/2017\/11\/cropped-lapices-de-colores-colores-185722.jpg","type":"image\/jpeg"}],"twitter_card":"summary_large_image","twitter_misc":{"Temps estimat de lectura":"1 minut"},"schema":{"@context":"https:\/\/schema.org","@graph":[{"@type":"WebPage","@id":"https:\/\/www.itakaescolapios.org\/ca\/campanas\/2017-2018-el-tesoro-de-senegal\/dossier-de-actividades-para-el-aula\/","url":"https:\/\/www.itakaescolapios.org\/ca\/campanas\/2017-2018-el-tesoro-de-senegal\/dossier-de-actividades-para-el-aula\/","name":"DOSSIER DE ACTIVIDADES PARA EL AULA - Itaka-Escolapios","isPartOf":{"@id":"https:\/\/www.itakaescolapios.org\/es\/#website"},"primaryImageOfPage":{"@id":"https:\/\/www.itakaescolapios.org\/ca\/campanas\/2017-2018-el-tesoro-de-senegal\/dossier-de-actividades-para-el-aula\/#primaryimage"},"image":{"@id":"https:\/\/www.itakaescolapios.org\/ca\/campanas\/2017-2018-el-tesoro-de-senegal\/dossier-de-actividades-para-el-aula\/#primaryimage"},"thumbnailUrl":"https:\/\/www.itakaescolapios.org\/wp-content\/uploads\/2017\/11\/cropped-lapices-de-colores-colores-185722-218x300.jpg","datePublished":"2017-10-30T11:01:46+00:00","dateModified":"2023-11-28T11:37:47+00:00","breadcrumb":{"@id":"https:\/\/www.itakaescolapios.org\/ca\/campanas\/2017-2018-el-tesoro-de-senegal\/dossier-de-actividades-para-el-aula\/#breadcrumb"},"inLanguage":"ca","potentialAction":[{"@type":"ReadAction","target":["https:\/\/www.itakaescolapios.org\/ca\/campanas\/2017-2018-el-tesoro-de-senegal\/dossier-de-actividades-para-el-aula\/"]}]},{"@type":"ImageObject","inLanguage":"ca","@id":"https:\/\/www.itakaescolapios.org\/ca\/campanas\/2017-2018-el-tesoro-de-senegal\/dossier-de-actividades-para-el-aula\/#primaryimage","url":"https:\/\/www.itakaescolapios.org\/wp-content\/uploads\/2017\/11\/cropped-lapices-de-colores-colores-185722-218x300.jpg","contentUrl":"https:\/\/www.itakaescolapios.org\/wp-content\/uploads\/2017\/11\/cropped-lapices-de-colores-colores-185722-218x300.jpg"},{"@type":"BreadcrumbList","@id":"https:\/\/www.itakaescolapios.org\/ca\/campanas\/2017-2018-el-tesoro-de-senegal\/dossier-de-actividades-para-el-aula\/#breadcrumb","itemListElement":[{"@type":"ListItem","position":1,"name":"Itaka-Escolapios","item":"https:\/\/www.itakaescolapios.org\/es\/"},{"@type":"ListItem","position":2,"name":"Campa\u00f1as","item":"https:\/\/www.itakaescolapios.org\/es\/campanas\/"},{"@type":"ListItem","position":3,"name":"2017-2018 EL TESORO DE SENEGAL","item":"https:\/\/www.itakaescolapios.org\/es\/campanas\/2017-2018-el-tesoro-de-senegal\/"},{"@type":"ListItem","position":4,"name":"DOSSIER DE ACTIVIDADES PARA EL AULA"}]},{"@type":"WebSite","@id":"https:\/\/www.itakaescolapios.org\/ca\/es\/#website","url":"https:\/\/www.itakaescolapios.org\/ca\/es\/","name":"Itaka-Escolapios","description":"Red de Itaka-Escolapios","publisher":{"@id":"https:\/\/www.itakaescolapios.org\/ca\/es\/#organization"},"potentialAction":[{"@type":"SearchAction","target":{"@type":"EntryPoint","urlTemplate":"https:\/\/www.itakaescolapios.org\/ca\/es\/?s={search_term_string}"},"query-input":{"@type":"PropertyValueSpecification","valueRequired":true,"valueName":"search_term_string"}}],"inLanguage":"ca"},{"@type":"Organization","@id":"https:\/\/www.itakaescolapios.org\/ca\/es\/#organization","name":"Fundaci\u00f3 Itaka-Escolapios","url":"https:\/\/www.itakaescolapios.org\/ca\/es\/","logo":{"@type":"ImageObject","inLanguage":"ca","@id":"https:\/\/www.itakaescolapios.org\/ca\/es\/#\/schema\/logo\/image\/","url":"https:\/\/www.itakaescolapios.org\/wp-content\/uploads\/2024\/04\/Logo-itakaescolapios-peque.png","contentUrl":"https:\/\/www.itakaescolapios.org\/wp-content\/uploads\/2024\/04\/Logo-itakaescolapios-peque.png","width":500,"height":199,"caption":"Fundaci\u00f3 Itaka-Escolapios"},"image":{"@id":"https:\/\/www.itakaescolapios.org\/ca\/es\/#\/schema\/logo\/image\/"}}]}},"_links":{"self":[{"href":"https:\/\/www.itakaescolapios.org\/ca\/wp-json\/wp\/v2\/pages\/20706","targetHints":{"allow":["GET"]}}],"collection":[{"href":"https:\/\/www.itakaescolapios.org\/ca\/wp-json\/wp\/v2\/pages"}],"about":[{"href":"https:\/\/www.itakaescolapios.org\/ca\/wp-json\/wp\/v2\/types\/page"}],"author":[{"embeddable":true,"href":"https:\/\/www.itakaescolapios.org\/ca\/wp-json\/wp\/v2\/users\/46"}],"replies":[{"embeddable":true,"href":"https:\/\/www.itakaescolapios.org\/ca\/wp-json\/wp\/v2\/comments?post=20706"}],"version-history":[{"count":42,"href":"https:\/\/www.itakaescolapios.org\/ca\/wp-json\/wp\/v2\/pages\/20706\/revisions"}],"predecessor-version":[{"id":47288,"href":"https:\/\/www.itakaescolapios.org\/ca\/wp-json\/wp\/v2\/pages\/20706\/revisions\/47288"}],"up":[{"embeddable":true,"href":"https:\/\/www.itakaescolapios.org\/ca\/wp-json\/wp\/v2\/pages\/20613"}],"wp:attachment":[{"href":"https:\/\/www.itakaescolapios.org\/ca\/wp-json\/wp\/v2\/media?parent=20706"}],"curies":[{"name":"wp","href":"https:\/\/api.w.org\/{rel}","templated":true}]}}