{"id":20708,"date":"2017-10-30T12:02:05","date_gmt":"2017-10-30T11:02:05","guid":{"rendered":"https:\/\/www.itakaescolapios.org\/?page_id=20708"},"modified":"2023-11-28T12:37:47","modified_gmt":"2023-11-28T11:37:47","slug":"carteleria","status":"publish","type":"page","link":"https:\/\/www.itakaescolapios.org\/ca\/campanas\/2017-2018-el-tesoro-de-senegal\/carteleria\/","title":{"rendered":"CARTELER\u00cdA"},"content":{"rendered":"<p>Desc\u00e1rgate la carteler\u00eda e im\u00e1genes de la campa\u00f1a, pinchado en cada uno de los enlaces:<\/p>\n<table width=\"499\" border=\"0\" cellspacing=\"0\" cellpadding=\"0\">\n<colgroup>\n<col width=\"99\" \/>\n<col width=\"100\" \/>\n<col width=\"98\" \/>\n<col width=\"96\" \/>\n<col width=\"106\" \/> <\/colgroup>\n<tbody>\n<tr>\n<td style=\"text-align: center;\" colspan=\"3\" width=\"297\" height=\"22\"><strong><span style=\"color: #333333;\">CARTELER\u00cdA<\/span><\/strong><\/td>\n<td style=\"text-align: center;\" colspan=\"2\" width=\"202\"><strong><span style=\"color: #333333;\">PERSONAJES<\/span><\/strong><\/td>\n<\/tr>\n<tr>\n<td width=\"99\" height=\"64\"><strong><span style=\"color: #808000;\">LOGO CAMPA\u00d1A<\/span><\/strong><\/td>\n<td width=\"100\"><strong><span style=\"color: #808000;\">CARTEL CAMPA\u00d1A<\/span><\/strong><\/td>\n<td width=\"98\"><strong><span style=\"color: #808000;\">GRACIAS KAMDA<\/span><\/strong><\/td>\n<td width=\"96\"><strong><span style=\"color: #808000;\">COLOR<\/span><\/strong><\/td>\n<td width=\"106\"><strong><span style=\"color: #808000;\">PARA COLOREAR<\/span><\/strong><\/td>\n<\/tr>\n<tr>\n<td width=\"99\" height=\"41\"><strong><span style=\"color: #993300;\"><a href=\"https:\/\/www.itakaescolapios.org\/wp-content\/uploads\/2017\/10\/LOGO-ETS-ESP.pdf\" target=\"_blank\" rel=\"noopener\"><span style=\"color: #993300;\">ESPA\u00d1OL<\/span><\/a><\/span><\/strong><\/td>\n<td width=\"100\"><strong><span style=\"color: #008000;\"><a href=\"https:\/\/www.itakaescolapios.org\/wp-content\/uploads\/2017\/10\/CARTEL-ESPA\u00d1OL.pdf\" target=\"_blank\" rel=\"noopener\"><span style=\"color: #008000;\">ESPA\u00d1OL<\/span><\/a><\/span><\/strong><\/td>\n<td width=\"98\"><strong><span style=\"color: #0000ff;\"><a href=\"https:\/\/www.itakaescolapios.org\/wp-content\/uploads\/2017\/10\/cartel-GRACIAS-2017-ESP.pdf\" target=\"_blank\" rel=\"noopener\"><span style=\"color: #0000ff;\">GRACIAS<\/span><\/a><\/span><\/strong><\/td>\n<td width=\"96\"><strong><span style=\"color: #ff6600;\"><a href=\"https:\/\/www.itakaescolapios.org\/wp-content\/uploads\/2017\/10\/calasanz-sin-fondo.pdf\" target=\"_blank\" rel=\"noopener\"><span style=\"color: #ff6600;\">CALASANZ<\/span><\/a><\/span><\/strong><\/td>\n<td width=\"106\"><strong><span style=\"color: #800080;\"><a href=\"https:\/\/www.itakaescolapios.org\/wp-content\/uploads\/2017\/10\/calasanz_blanco-y-negro.pdf\" target=\"_blank\" rel=\"noopener\"><span style=\"color: #800080;\">CALASANZ l\u00ednea<\/span><\/a><\/span><\/strong><\/td>\n<\/tr>\n<tr>\n<td width=\"99\" height=\"41\"><strong><span style=\"color: #993300;\"><a href=\"https:\/\/www.itakaescolapios.org\/wp-content\/uploads\/2017\/10\/LOGO-ETS-ENG.pdf\" target=\"_blank\" rel=\"noopener\"><span style=\"color: #993300;\">INGL\u00c9S<\/span><\/a><\/span><\/strong><\/td>\n<td width=\"100\"><strong><span style=\"color: #008000;\"><a href=\"https:\/\/www.itakaescolapios.org\/wp-content\/uploads\/2017\/10\/CARTEL-INGL\u00c9S.pdf\" target=\"_blank\" rel=\"noopener\"><span style=\"color: #008000;\">INGL\u00c9S<\/span><\/a><\/span><\/strong><\/td>\n<td width=\"98\"><\/td>\n<td width=\"96\"><strong><span style=\"color: #ff6600;\"><a href=\"https:\/\/www.itakaescolapios.org\/wp-content\/uploads\/2017\/10\/marine-sin-fondo.pdf\" target=\"_blank\" rel=\"noopener\"><span style=\"color: #ff6600;\">MARINE<\/span><\/a><\/span><\/strong><\/td>\n<td width=\"106\"><strong><span style=\"color: #800080;\"><a href=\"https:\/\/www.itakaescolapios.org\/wp-content\/uploads\/2017\/10\/marine_blanco-y-negro.pdf\" target=\"_blank\" rel=\"noopener\"><span style=\"color: #800080;\">MARINE l\u00ednea<\/span><\/a><\/span><\/strong><\/td>\n<\/tr>\n<tr>\n<td width=\"99\" height=\"22\"><strong><span style=\"color: #993300;\"><a href=\"https:\/\/www.itakaescolapios.org\/wp-content\/uploads\/2017\/10\/LOGO-ETS-FRA.pdf\" target=\"_blank\" rel=\"noopener\"><span style=\"color: #993300;\">FRANC\u00c9S<\/span><\/a><\/span><\/strong><\/td>\n<td width=\"100\"><strong><span style=\"color: #008000;\"><a href=\"https:\/\/www.itakaescolapios.org\/wp-content\/uploads\/2017\/10\/CARTEL-ITAKA-C1718-FRA.pdf\" target=\"_blank\" rel=\"noopener\"><span style=\"color: #008000;\">FRANC\u00c9S<\/span><\/a><\/span><\/strong><\/td>\n<td width=\"98\"><\/td>\n<td width=\"96\"><strong><span style=\"color: #ff6600;\"><a href=\"https:\/\/www.itakaescolapios.org\/wp-content\/uploads\/2017\/10\/bla_3-sin-fondo.pdf\" target=\"_blank\" rel=\"noopener\"><span style=\"color: #ff6600;\">BLA<\/span><\/a><\/span><\/strong><\/td>\n<td width=\"106\"><strong><span style=\"color: #800080;\"><a href=\"https:\/\/www.itakaescolapios.org\/wp-content\/uploads\/2017\/10\/bla_blanco-y-negro.pdf\" target=\"_blank\" rel=\"noopener\"><span style=\"color: #800080;\">BLA l\u00ednea<\/span><\/a><\/span><\/strong><\/td>\n<\/tr>\n<tr>\n<td width=\"99\" height=\"41\"><strong><span style=\"color: #993300;\"><a href=\"https:\/\/www.itakaescolapios.org\/wp-content\/uploads\/2017\/10\/LOGO-ETS-PORT.pdf\" target=\"_blank\" rel=\"noopener\"><span style=\"color: #993300;\">PORTUGU\u00c9S<\/span><\/a><\/span><\/strong><\/td>\n<td width=\"100\"><strong><span style=\"color: #008000;\"><a href=\"https:\/\/www.itakaescolapios.org\/wp-content\/uploads\/2017\/10\/CARTEL-PORTUGUES1.pdf\" target=\"_blank\" rel=\"noopener\"><span style=\"color: #008000;\">PORTUGU\u00c9S<\/span><\/a><\/span><\/strong><\/td>\n<td width=\"98\"><\/td>\n<td width=\"96\"><strong><span style=\"color: #ff6600;\"><a href=\"https:\/\/www.itakaescolapios.org\/wp-content\/uploads\/2017\/10\/jiwa-sin-fondo.pdf\" target=\"_blank\" rel=\"noopener\"><span style=\"color: #ff6600;\">JIWA<\/span><\/a><\/span><\/strong><\/td>\n<td width=\"106\"><strong><span style=\"color: #800080;\"><a href=\"https:\/\/www.itakaescolapios.org\/wp-content\/uploads\/2017\/10\/jiwa_blanco-y-negro.pdf\" target=\"_blank\" rel=\"noopener\"><span style=\"color: #800080;\">JIWA l\u00ednea<\/span><\/a><\/span><\/strong><\/td>\n<\/tr>\n<tr>\n<td width=\"99\" height=\"41\"><strong><span style=\"color: #993300;\"><a href=\"https:\/\/www.itakaescolapios.org\/wp-content\/uploads\/2017\/10\/LOGO-ETS-EUSK.pdf\" target=\"_blank\" rel=\"noopener\"><span style=\"color: #993300;\">EUSKERA<\/span><\/a><\/span><\/strong><\/td>\n<td width=\"100\"><strong><span style=\"color: #008000;\"><a href=\"https:\/\/www.itakaescolapios.org\/wp-content\/uploads\/2017\/10\/CARTEL-EUSKERA.pdf\" target=\"_blank\" rel=\"noopener\"><span style=\"color: #008000;\">EUSKERA<\/span><\/a><\/span><\/strong><\/td>\n<td width=\"98\"><strong><span style=\"color: #0000ff;\"><a href=\"https:\/\/www.itakaescolapios.org\/wp-content\/uploads\/2017\/10\/cartel-GRACIAS-2017-EUSK.pdf\" target=\"_blank\" rel=\"noopener\"><span style=\"color: #0000ff;\">ESKERRIK ASKO<\/span><\/a><\/span><\/strong><\/td>\n<td width=\"96\"><strong><span style=\"color: #ff6600;\"><a href=\"https:\/\/www.itakaescolapios.org\/wp-content\/uploads\/2017\/10\/sukal__-sin-fondo.pdf\" target=\"_blank\" rel=\"noopener\"><span style=\"color: #ff6600;\">SUKAL<\/span><\/a><\/span><\/strong><\/td>\n<td width=\"106\"><strong><span style=\"color: #800080;\"><a href=\"https:\/\/www.itakaescolapios.org\/wp-content\/uploads\/2017\/10\/sukal_blanco-y-negro.pdf\" target=\"_blank\" rel=\"noopener\"><span style=\"color: #800080;\">SUKAL l\u00ednea<\/span><\/a><\/span><\/strong><\/td>\n<\/tr>\n<tr>\n<td width=\"99\" height=\"41\"><strong><span style=\"color: #993300;\"><a href=\"https:\/\/www.itakaescolapios.org\/wp-content\/uploads\/2017\/10\/LOGO-ETS-VAL.pdf\" target=\"_blank\" rel=\"noopener\"><span style=\"color: #993300;\">VALENCIANO<\/span><\/a><\/span><\/strong><\/td>\n<td width=\"100\"><strong><span style=\"color: #008000;\"><a href=\"https:\/\/www.itakaescolapios.org\/wp-content\/uploads\/2017\/10\/CARTEL-VALENCIANO.pdf\" target=\"_blank\" rel=\"noopener\"><span style=\"color: #008000;\">VALENCIANO<\/span><\/a><\/span><\/strong><\/td>\n<td width=\"98\"><strong><span style=\"color: #0000ff;\">GRACIES<\/span><\/strong><\/td>\n<td width=\"96\"><strong><span style=\"color: #ff6600;\"><a href=\"https:\/\/www.itakaescolapios.org\/wp-content\/uploads\/2017\/10\/quisap4-sin-fondo.pdf\" target=\"_blank\" rel=\"noopener\"><span style=\"color: #ff6600;\">QUISAP<\/span><\/a><\/span><\/strong><\/td>\n<td width=\"106\"><strong><span style=\"color: #800080;\"><a href=\"https:\/\/www.itakaescolapios.org\/wp-content\/uploads\/2017\/10\/quisap_blanco-y-negro.pdf\" target=\"_blank\" rel=\"noopener\"><span style=\"color: #800080;\">QUISAP l\u00ednea<\/span><\/a><\/span><\/strong><\/td>\n<\/tr>\n<tr>\n<td width=\"99\" height=\"41\"><strong><span style=\"color: #993300;\"><a href=\"https:\/\/www.itakaescolapios.org\/wp-content\/uploads\/2017\/10\/LOGO-ETS-GAL.pdf\" target=\"_blank\" rel=\"noopener\"><span style=\"color: #993300;\">GALLEGO<\/span><\/a><\/span><\/strong><\/td>\n<td width=\"100\"><strong><span style=\"color: #008000;\"><a href=\"https:\/\/www.itakaescolapios.org\/wp-content\/uploads\/2017\/10\/CARTEL-GALLEGO.pdf\" target=\"_blank\" rel=\"noopener\"><span style=\"color: #008000;\">GALLEGO<\/span><\/a><\/span><\/strong><\/td>\n<td width=\"98\"><\/td>\n<td width=\"96\"><strong><span style=\"color: #ff6600;\"><a href=\"https:\/\/www.itakaescolapios.org\/wp-content\/uploads\/2017\/10\/canoa1.pdf\" target=\"_blank\" rel=\"noopener\"><span style=\"color: #ff6600;\">CANOA<\/span><\/a><\/span><\/strong><\/td>\n<td width=\"106\"><strong><span style=\"color: #800080;\"><a href=\"https:\/\/www.itakaescolapios.org\/wp-content\/uploads\/2017\/10\/canoa_blanco-y-negro.pdf\" target=\"_blank\" rel=\"noopener\"><span style=\"color: #800080;\">CANOA l\u00ednea<\/span><\/a><\/span><\/strong><\/td>\n<\/tr>\n<tr>\n<td width=\"99\" height=\"22\"><strong><span style=\"color: #993300;\"><a href=\"https:\/\/www.itakaescolapios.org\/wp-content\/uploads\/2017\/10\/LOGO-ETS-QUECHUA.pdf\" target=\"_blank\" rel=\"noopener\"><span style=\"color: #993300;\">QUECHUA<\/span><\/a><\/span><\/strong><\/td>\n<td width=\"100\"><strong><span style=\"color: #008000;\"><a href=\"https:\/\/www.itakaescolapios.org\/wp-content\/uploads\/2017\/10\/CARTEL-QUECHUA.pdf\" target=\"_blank\" rel=\"noopener\"><span style=\"color: #008000;\">QUECHUA<\/span><\/a><\/span><\/strong><\/td>\n<td width=\"98\"><\/td>\n<td width=\"96\"><\/td>\n<td width=\"106\"><\/td>\n<\/tr>\n<tr>\n<td width=\"99\" height=\"22\"><strong><span style=\"color: #993300;\"><a href=\"https:\/\/www.itakaescolapios.org\/wp-content\/uploads\/2017\/10\/LOGO-ETS-WOLOF.pdf\" target=\"_blank\" rel=\"noopener\"><span style=\"color: #993300;\">WOLOF<\/span><\/a><\/span><\/strong><\/td>\n<td width=\"100\"><\/td>\n<td width=\"98\"><\/td>\n<td width=\"96\"><\/td>\n<td width=\"106\"><\/td>\n<\/tr>\n<tr>\n<td width=\"99\" height=\"22\"><strong><span style=\"color: #993300;\"><a href=\"https:\/\/www.itakaescolapios.org\/wp-content\/uploads\/2017\/10\/LOGO-ETS-BAHASA.pdf\" target=\"_blank\" rel=\"noopener\"><span style=\"color: #993300;\">BAHASA<\/span><\/a><\/span><\/strong><\/td>\n<td width=\"100\"><strong><span style=\"color: #008000;\"><a href=\"https:\/\/www.itakaescolapios.org\/wp-content\/uploads\/2017\/10\/CARTEL-ITAKA-C1718-INDO.pdf\" target=\"_blank\" rel=\"noopener\"><span style=\"color: #008000;\">BAHASA<\/span><\/a><\/span><\/strong><\/td>\n<td width=\"98\"><\/td>\n<td width=\"96\"><\/td>\n<td width=\"106\"><\/td>\n<\/tr>\n<tr>\n<td width=\"99\" height=\"22\"><strong><span style=\"color: #993300;\"><a href=\"https:\/\/www.itakaescolapios.org\/wp-content\/uploads\/2017\/10\/LOGO-ETS-TAGALO.pdf\"><span style=\"color: #993300;\">TAGALO<\/span><\/a><\/span><\/strong><\/td>\n<td width=\"100\"><strong><span style=\"color: #008000;\"><a href=\"https:\/\/www.itakaescolapios.org\/wp-content\/uploads\/2017\/10\/CARTEL-ITAKA-C1718-TAGALO.pdf\"><span style=\"color: #008000;\">TAGALO<\/span><\/a><\/span><\/strong><\/td>\n<td width=\"98\"><\/td>\n<td width=\"96\"><\/td>\n<td width=\"106\"><\/td>\n<\/tr>\n<\/tbody>\n<\/table>\n<p><!--more--><\/p>\n","protected":false},"excerpt":{"rendered":"<p>Desc\u00e1rgate la carteler\u00eda e im\u00e1genes de la campa\u00f1a, pinchado en cada uno de los enlaces: CARTELER\u00cdA PERSONAJES LOGO CAMPA\u00d1A CARTEL CAMPA\u00d1A GRACIAS KAMDA COLOR PARA COLOREAR ESPA\u00d1OL ESPA\u00d1OL GRACIAS CALASANZ [&hellip;]<\/p>\n","protected":false},"author":46,"featured_media":0,"parent":20613,"menu_order":7,"comment_status":"closed","ping_status":"closed","template":"","meta":{"_et_pb_use_builder":"","_et_pb_old_content":"","_et_gb_content_width":"","footnotes":""},"class_list":["post-20708","page","type-page","status-publish","hentry"],"yoast_head":"<!-- This site is optimized with the Yoast SEO plugin v27.3 - https:\/\/yoast.com\/product\/yoast-seo-wordpress\/ -->\n<title>CARTELER\u00cdA<\/title>\n<meta name=\"description\" content=\"Desc\u00e1rgate la carteler\u00eda e im\u00e1genes de la campa\u00f1a, pinchado en cada uno de los enlaces: CARTELER\u00cdA PERSONAJES LOGO CAMPA\u00d1A CARTEL CAMPA\u00d1A GRACIAS KAMDA COLOR PARA COLOREAR ESPA\u00d1OL ESPA\u00d1OL GRACIAS CALASANZ CALASANZ l\u00ednea INGL\u00c9S INGL\u00c9S MARINE MARINE l\u00ednea FRANC\u00c9S FRANC\u00c9S BLA BLA l\u00ednea PORTUGU\u00c9S PORTUGU\u00c9S JIWA JIWA l\u00ednea EUSKERA EUSKERA ESKERRIK ASKO SUKAL SUKAL l\u00ednea VALENCIANO&hellip;\" \/>\n<meta name=\"robots\" content=\"index, follow, max-snippet:-1, max-image-preview:large, max-video-preview:-1\" \/>\n<link rel=\"canonical\" href=\"\" \/>\n<meta property=\"og:locale\" content=\"ca_ES\" \/>\n<meta property=\"og:type\" content=\"article\" \/>\n<meta property=\"og:title\" content=\"CARTELER\u00cdA\" \/>\n<meta property=\"og:description\" content=\"Desc\u00e1rgate la carteler\u00eda e im\u00e1genes de la campa\u00f1a, pinchado en cada uno de los enlaces: CARTELER\u00cdA PERSONAJES LOGO CAMPA\u00d1A CARTEL CAMPA\u00d1A GRACIAS KAMDA COLOR PARA COLOREAR ESPA\u00d1OL ESPA\u00d1OL GRACIAS CALASANZ CALASANZ l\u00ednea INGL\u00c9S INGL\u00c9S MARINE MARINE l\u00ednea FRANC\u00c9S FRANC\u00c9S BLA BLA l\u00ednea PORTUGU\u00c9S PORTUGU\u00c9S JIWA JIWA l\u00ednea EUSKERA EUSKERA ESKERRIK ASKO SUKAL SUKAL l\u00ednea VALENCIANO&hellip;\" \/>\n<meta property=\"og:url\" content=\"https:\/\/www.itakaescolapios.org\/ca\/campanas\/2017-2018-el-tesoro-de-senegal\/carteleria\/\" \/>\n<meta property=\"og:site_name\" content=\"Itaka-Escolapios\" \/>\n<meta property=\"article:modified_time\" content=\"2023-11-28T11:37:47+00:00\" \/>\n<meta name=\"twitter:card\" content=\"summary_large_image\" \/>\n<script type=\"application\/ld+json\" class=\"yoast-schema-graph\">{\"@context\":\"https:\\\/\\\/schema.org\",\"@graph\":[{\"@type\":\"WebPage\",\"@id\":\"https:\\\/\\\/www.itakaescolapios.org\\\/ca\\\/campanas\\\/2017-2018-el-tesoro-de-senegal\\\/carteleria\\\/\",\"url\":\"https:\\\/\\\/www.itakaescolapios.org\\\/ca\\\/campanas\\\/2017-2018-el-tesoro-de-senegal\\\/carteleria\\\/\",\"name\":\"CARTELER\u00cdA - Itaka-Escolapios\",\"isPartOf\":{\"@id\":\"https:\\\/\\\/www.itakaescolapios.org\\\/es\\\/#website\"},\"datePublished\":\"2017-10-30T11:02:05+00:00\",\"dateModified\":\"2023-11-28T11:37:47+00:00\",\"breadcrumb\":{\"@id\":\"https:\\\/\\\/www.itakaescolapios.org\\\/ca\\\/campanas\\\/2017-2018-el-tesoro-de-senegal\\\/carteleria\\\/#breadcrumb\"},\"inLanguage\":\"ca\",\"potentialAction\":[{\"@type\":\"ReadAction\",\"target\":[\"https:\\\/\\\/www.itakaescolapios.org\\\/ca\\\/campanas\\\/2017-2018-el-tesoro-de-senegal\\\/carteleria\\\/\"]}]},{\"@type\":\"BreadcrumbList\",\"@id\":\"https:\\\/\\\/www.itakaescolapios.org\\\/ca\\\/campanas\\\/2017-2018-el-tesoro-de-senegal\\\/carteleria\\\/#breadcrumb\",\"itemListElement\":[{\"@type\":\"ListItem\",\"position\":1,\"name\":\"Itaka-Escolapios\",\"item\":\"https:\\\/\\\/www.itakaescolapios.org\\\/es\\\/\"},{\"@type\":\"ListItem\",\"position\":2,\"name\":\"Campa\u00f1as\",\"item\":\"https:\\\/\\\/www.itakaescolapios.org\\\/es\\\/campanas\\\/\"},{\"@type\":\"ListItem\",\"position\":3,\"name\":\"2017-2018 EL TESORO DE SENEGAL\",\"item\":\"https:\\\/\\\/www.itakaescolapios.org\\\/es\\\/campanas\\\/2017-2018-el-tesoro-de-senegal\\\/\"},{\"@type\":\"ListItem\",\"position\":4,\"name\":\"CARTELER\u00cdA\"}]},{\"@type\":\"WebSite\",\"@id\":\"https:\\\/\\\/www.itakaescolapios.org\\\/ca\\\/es\\\/#website\",\"url\":\"https:\\\/\\\/www.itakaescolapios.org\\\/ca\\\/es\\\/\",\"name\":\"Itaka-Escolapios\",\"description\":\"Red de Itaka-Escolapios\",\"publisher\":{\"@id\":\"https:\\\/\\\/www.itakaescolapios.org\\\/ca\\\/es\\\/#organization\"},\"potentialAction\":[{\"@type\":\"SearchAction\",\"target\":{\"@type\":\"EntryPoint\",\"urlTemplate\":\"https:\\\/\\\/www.itakaescolapios.org\\\/ca\\\/es\\\/?s={search_term_string}\"},\"query-input\":{\"@type\":\"PropertyValueSpecification\",\"valueRequired\":true,\"valueName\":\"search_term_string\"}}],\"inLanguage\":\"ca\"},{\"@type\":\"Organization\",\"@id\":\"https:\\\/\\\/www.itakaescolapios.org\\\/ca\\\/es\\\/#organization\",\"name\":\"Fundaci\u00f3 Itaka-Escolapios\",\"url\":\"https:\\\/\\\/www.itakaescolapios.org\\\/ca\\\/es\\\/\",\"logo\":{\"@type\":\"ImageObject\",\"inLanguage\":\"ca\",\"@id\":\"https:\\\/\\\/www.itakaescolapios.org\\\/ca\\\/es\\\/#\\\/schema\\\/logo\\\/image\\\/\",\"url\":\"https:\\\/\\\/www.itakaescolapios.org\\\/wp-content\\\/uploads\\\/2024\\\/04\\\/Logo-itakaescolapios-peque.png\",\"contentUrl\":\"https:\\\/\\\/www.itakaescolapios.org\\\/wp-content\\\/uploads\\\/2024\\\/04\\\/Logo-itakaescolapios-peque.png\",\"width\":500,\"height\":199,\"caption\":\"Fundaci\u00f3 Itaka-Escolapios\"},\"image\":{\"@id\":\"https:\\\/\\\/www.itakaescolapios.org\\\/ca\\\/es\\\/#\\\/schema\\\/logo\\\/image\\\/\"}}]}<\/script>\n<!-- \/ Yoast SEO plugin. -->","yoast_head_json":{"title":"CARTELER\u00cdA","description":"Desc\u00e1rgate la carteler\u00eda e im\u00e1genes de la campa\u00f1a, pinchado en cada uno de los enlaces: CARTELER\u00cdA PERSONAJES LOGO CAMPA\u00d1A CARTEL CAMPA\u00d1A GRACIAS KAMDA COLOR PARA COLOREAR ESPA\u00d1OL ESPA\u00d1OL GRACIAS CALASANZ CALASANZ l\u00ednea INGL\u00c9S INGL\u00c9S MARINE MARINE l\u00ednea FRANC\u00c9S FRANC\u00c9S BLA BLA l\u00ednea PORTUGU\u00c9S PORTUGU\u00c9S JIWA JIWA l\u00ednea EUSKERA EUSKERA ESKERRIK ASKO SUKAL SUKAL l\u00ednea VALENCIANO&hellip;","robots":{"index":"index","follow":"follow","max-snippet":"max-snippet:-1","max-image-preview":"max-image-preview:large","max-video-preview":"max-video-preview:-1"},"canonical":"Desc\u00e1rgate la carteler\u00eda e im\u00e1genes de la campa\u00f1a, pinchado en cada uno de los enlaces: CARTELER\u00cdA PERSONAJES LOGO CAMPA\u00d1A CARTEL CAMPA\u00d1A GRACIAS KAMDA COLOR PARA COLOREAR ESPA\u00d1OL ESPA\u00d1OL GRACIAS CALASANZ CALASANZ l\u00ednea INGL\u00c9S INGL\u00c9S MARINE MARINE l\u00ednea FRANC\u00c9S FRANC\u00c9S BLA BLA l\u00ednea PORTUGU\u00c9S PORTUGU\u00c9S JIWA JIWA l\u00ednea EUSKERA EUSKERA ESKERRIK ASKO SUKAL SUKAL l\u00ednea VALENCIANO&hellip;","og_locale":"ca_ES","og_type":"article","og_title":"CARTELER\u00cdA","og_description":"Desc\u00e1rgate la carteler\u00eda e im\u00e1genes de la campa\u00f1a, pinchado en cada uno de los enlaces: CARTELER\u00cdA PERSONAJES LOGO CAMPA\u00d1A CARTEL CAMPA\u00d1A GRACIAS KAMDA COLOR PARA COLOREAR ESPA\u00d1OL ESPA\u00d1OL GRACIAS CALASANZ CALASANZ l\u00ednea INGL\u00c9S INGL\u00c9S MARINE MARINE l\u00ednea FRANC\u00c9S FRANC\u00c9S BLA BLA l\u00ednea PORTUGU\u00c9S PORTUGU\u00c9S JIWA JIWA l\u00ednea EUSKERA EUSKERA ESKERRIK ASKO SUKAL SUKAL l\u00ednea VALENCIANO&hellip;","og_url":"https:\/\/www.itakaescolapios.org\/ca\/campanas\/2017-2018-el-tesoro-de-senegal\/carteleria\/","og_site_name":"Itaka-Escolapios","article_modified_time":"2023-11-28T11:37:47+00:00","twitter_card":"summary_large_image","schema":{"@context":"https:\/\/schema.org","@graph":[{"@type":"WebPage","@id":"https:\/\/www.itakaescolapios.org\/ca\/campanas\/2017-2018-el-tesoro-de-senegal\/carteleria\/","url":"https:\/\/www.itakaescolapios.org\/ca\/campanas\/2017-2018-el-tesoro-de-senegal\/carteleria\/","name":"CARTELER\u00cdA - Itaka-Escolapios","isPartOf":{"@id":"https:\/\/www.itakaescolapios.org\/es\/#website"},"datePublished":"2017-10-30T11:02:05+00:00","dateModified":"2023-11-28T11:37:47+00:00","breadcrumb":{"@id":"https:\/\/www.itakaescolapios.org\/ca\/campanas\/2017-2018-el-tesoro-de-senegal\/carteleria\/#breadcrumb"},"inLanguage":"ca","potentialAction":[{"@type":"ReadAction","target":["https:\/\/www.itakaescolapios.org\/ca\/campanas\/2017-2018-el-tesoro-de-senegal\/carteleria\/"]}]},{"@type":"BreadcrumbList","@id":"https:\/\/www.itakaescolapios.org\/ca\/campanas\/2017-2018-el-tesoro-de-senegal\/carteleria\/#breadcrumb","itemListElement":[{"@type":"ListItem","position":1,"name":"Itaka-Escolapios","item":"https:\/\/www.itakaescolapios.org\/es\/"},{"@type":"ListItem","position":2,"name":"Campa\u00f1as","item":"https:\/\/www.itakaescolapios.org\/es\/campanas\/"},{"@type":"ListItem","position":3,"name":"2017-2018 EL TESORO DE SENEGAL","item":"https:\/\/www.itakaescolapios.org\/es\/campanas\/2017-2018-el-tesoro-de-senegal\/"},{"@type":"ListItem","position":4,"name":"CARTELER\u00cdA"}]},{"@type":"WebSite","@id":"https:\/\/www.itakaescolapios.org\/ca\/es\/#website","url":"https:\/\/www.itakaescolapios.org\/ca\/es\/","name":"Itaka-Escolapios","description":"Red de Itaka-Escolapios","publisher":{"@id":"https:\/\/www.itakaescolapios.org\/ca\/es\/#organization"},"potentialAction":[{"@type":"SearchAction","target":{"@type":"EntryPoint","urlTemplate":"https:\/\/www.itakaescolapios.org\/ca\/es\/?s={search_term_string}"},"query-input":{"@type":"PropertyValueSpecification","valueRequired":true,"valueName":"search_term_string"}}],"inLanguage":"ca"},{"@type":"Organization","@id":"https:\/\/www.itakaescolapios.org\/ca\/es\/#organization","name":"Fundaci\u00f3 Itaka-Escolapios","url":"https:\/\/www.itakaescolapios.org\/ca\/es\/","logo":{"@type":"ImageObject","inLanguage":"ca","@id":"https:\/\/www.itakaescolapios.org\/ca\/es\/#\/schema\/logo\/image\/","url":"https:\/\/www.itakaescolapios.org\/wp-content\/uploads\/2024\/04\/Logo-itakaescolapios-peque.png","contentUrl":"https:\/\/www.itakaescolapios.org\/wp-content\/uploads\/2024\/04\/Logo-itakaescolapios-peque.png","width":500,"height":199,"caption":"Fundaci\u00f3 Itaka-Escolapios"},"image":{"@id":"https:\/\/www.itakaescolapios.org\/ca\/es\/#\/schema\/logo\/image\/"}}]}},"_links":{"self":[{"href":"https:\/\/www.itakaescolapios.org\/ca\/wp-json\/wp\/v2\/pages\/20708","targetHints":{"allow":["GET"]}}],"collection":[{"href":"https:\/\/www.itakaescolapios.org\/ca\/wp-json\/wp\/v2\/pages"}],"about":[{"href":"https:\/\/www.itakaescolapios.org\/ca\/wp-json\/wp\/v2\/types\/page"}],"author":[{"embeddable":true,"href":"https:\/\/www.itakaescolapios.org\/ca\/wp-json\/wp\/v2\/users\/46"}],"replies":[{"embeddable":true,"href":"https:\/\/www.itakaescolapios.org\/ca\/wp-json\/wp\/v2\/comments?post=20708"}],"version-history":[{"count":33,"href":"https:\/\/www.itakaescolapios.org\/ca\/wp-json\/wp\/v2\/pages\/20708\/revisions"}],"predecessor-version":[{"id":47286,"href":"https:\/\/www.itakaescolapios.org\/ca\/wp-json\/wp\/v2\/pages\/20708\/revisions\/47286"}],"up":[{"embeddable":true,"href":"https:\/\/www.itakaescolapios.org\/ca\/wp-json\/wp\/v2\/pages\/20613"}],"wp:attachment":[{"href":"https:\/\/www.itakaescolapios.org\/ca\/wp-json\/wp\/v2\/media?parent=20708"}],"curies":[{"name":"wp","href":"https:\/\/api.w.org\/{rel}","templated":true}]}}