{"id":20937,"date":"2017-11-07T14:43:54","date_gmt":"2017-11-07T13:43:54","guid":{"rendered":"https:\/\/www.itakaescolapios.org\/?page_id=20937"},"modified":"2023-11-28T12:37:46","modified_gmt":"2023-11-28T11:37:46","slug":"aviso-legal","status":"publish","type":"page","link":"https:\/\/www.itakaescolapios.org\/ca\/avis-legal\/","title":{"rendered":"Av\u00eds legal"},"content":{"rendered":"<h2>1. OBJECTE<\/h2>\n<p>Aquest av\u00eds legal regula l&#8217;\u00fas i utilitzaci\u00f3 del lloc web itakaescolapios.org, del qual \u00e9s titular la Fundaci\u00f3 Itaka-Escolapios (en endavant, ITAKA-ESCOLAPIOS).<\/p>\n<p>La navegaci\u00f3 pel lloc web d&#8217;ITAKA-ESCOLAPIOS t&#8217;atribueix la condici\u00f3 d&#8217;USUARI del mateix i comporta la teua acceptaci\u00f3 plena i sense reserves de totes i cadascuna de les condicions publicades en aquest av\u00eds legal, advertint que aquestes condicions podran ser modificades sense notificaci\u00f3 pr\u00e8via per part d&#8217;ITAKA-ESCOLAPIOS, en qual cas es procedir\u00e0 a la seua publicaci\u00f3 i av\u00eds amb la m\u00e0xima antelaci\u00f3 possible.<\/p>\n<p>Per aix\u00f2 \u00e9s recomanable llegir atentament el seu contingut en cas de voler accedir i fer \u00fas de la informaci\u00f3 i dels serveis oferts des d&#8217;aquest lloc web.<\/p>\n<p>L&#8217;usuari, a m\u00e9s, s&#8217;obliga a fer un \u00fas correcte del lloc web d&#8217;acord amb les lleis, la bona fe, l&#8217;ordre p\u00fablic, els usos del tr\u00e0fic i el present Av\u00eds Legal, i respondr\u00e0 davant d&#8217;ITAKA-ESCOLAPIOS o davant de tercers, de qualsevol dany o perjudici que es poguera causar com a conseq\u00fc\u00e8ncia de l&#8217;incompliment d&#8217;aquesta obligaci\u00f3.<\/p>\n<p>Qualsevol utilitzaci\u00f3 diferent de l&#8217;autoritzada est\u00e0 expressament prohibida, podent ITAKA-ESCOLAPIOS denegar o retirar l&#8217;acc\u00e9s i el seu \u00fas en qualsevol moment.<\/p>\n<h2>2. IDENTIFICACI\u00d3<\/h2>\n<p>ITAKA-ESCOLAPIOS, en compliment de la Llei 34\/2002, de 11 de juliol, de Serveis de la Societat de la Informaci\u00f3 i de Comer\u00e7 Electr\u00f2nic, t&#8217;informa que:<\/p>\n<p>La seua denominaci\u00f3 social \u00e9s Fundaci\u00f3 Itaka-Escolapios.<\/p>\n<p>El seu domicili social es troba a c\/ Juan de Ajuriaguerra 15, 48009 Bilbao, Biscaia, Espanya.<\/p>\n<p>El seu NIF \u00e9s G95146841.<\/p>\n<p>Est\u00e0 inscrita en el Registre de Fundacions del Ministeri de Just\u00edcia amb el n\u00famero de registre 1329.<\/p>\n<h2>3. COMUNICACIONS<\/h2>\n<p>Per a comunicar-te amb nosaltres, posem a la teua disposici\u00f3 diferents mitjans de contacte que detallem a continuaci\u00f3:<\/p>\n<p>Tel\u00e8fon: 944244954 (att. responsable de protecci\u00f3 de dades)<\/p>\n<p>Correu electr\u00f2nic: protecciondedatos@itakaescolapios.org<\/p>\n<p>Totes les notificacions i comunicacions entre els usuaris i ITAKA-ESCOLAPIOS es consideraran efectives, a tots els efectes, quan es realitzen a trav\u00e9s de qualsevol mitj\u00e0 dels detallats anteriorment.<\/p>\n<h2>4. CONDICIONS D&#8217;ACC\u00c9S I UTILITZACI\u00d3<\/h2>\n<p>El lloc web i els seus serveis s\u00f3n d&#8217;acc\u00e9s lliure i gratu\u00eft. No obstant aix\u00f2, ITAKA-ESCOLAPIOS pot condicionar la utilitzaci\u00f3 d&#8217;alguns dels serveis oferts en la seua web a la pr\u00e8via complimentaci\u00f3 del corresponent formulari.<\/p>\n<p>L&#8217;usuari garanteix l&#8217;autenticitat i actualitat de totes aquelles dades que comunique a ITAKA-ESCOLAPIOS i ser\u00e0 l&#8217;\u00fanic responsable de les manifestacions falses o inexactes que realitze.<\/p>\n<p>L&#8217;usuari es compromet expressament a fer un \u00fas adequat dels continguts i serveis d&#8217;ITAKA-ESCOLAPIOS i a no emprar-los per, entre altres:<\/p>\n<p>a) Difondre continguts delictius, violents, pornogr\u00e0fics, racistes, xen\u00f2fobs, ofensius, d&#8217;apologia del terrorisme o, en general, contr\u00e0ries a la llei o a l&#8217;ordre p\u00fablic.<\/p>\n<p>b) Introduir en la xarxa virus inform\u00e0tics o realitzar actuacions susceptibles d&#8217;alterar, espatllar, interrompre o generar errors o danys en els documents electr\u00f2nics, dades o sistemes f\u00edsics i l\u00f2gics d&#8217;ITAKA-ESCOLAPIOS o de terceres persones; aix\u00ed com obstaculitzar l&#8217;acc\u00e9s d&#8217;altres usuaris al lloc web i als seus serveis mitjan\u00e7ant el consum massiu dels recursos inform\u00e0tics a trav\u00e9s dels quals ITAKA-ESCOLAPIOS presta els seus serveis.<\/p>\n<p>c) Intentar accedir a les comptes de correu electr\u00f2nic d&#8217;altres usuaris o a \u00e0rees restringides dels sistemes inform\u00e0tics d&#8217;ITAKA-ESCOLAPIOS o de tercers i, en el seu cas, extreure informaci\u00f3.<\/p>\n<p>d) Violar els drets de propietat intel\u00b7lectual o industrial, aix\u00ed com violar la confidencialitat de la informaci\u00f3 d&#8217;ITAKA-ESCOLAPIOS o de tercers.<\/p>\n<p>e) Suplantar la identitat de qualsevol altre usuari.<\/p>\n<p>f) Reproduir, copiar, distribuir, posar a disposici\u00f3 de, o qualsevol altra forma de comunicaci\u00f3 p\u00fablica, transformar o modificar els continguts, a menys que es compte amb l&#8217;autoritzaci\u00f3 del titular dels corresponents drets o aix\u00f2 resulte legalment perm\u00e9s.<\/p>\n<p>g) Recollir dades amb finalitat publicit\u00e0ria i de remetre publicitat de qualsevol classe i comunicacions amb fins de venda o altres de naturalesa comercial sense que medie la seua pr\u00e8via sol\u00b7licitud o consentiment.<\/p>\n<p>Tots els continguts del lloc web, com textos, fotografies, gr\u00e0fics, imatges, icones, tecnologia, programari, aix\u00ed com el seu disseny gr\u00e0fic i codis font, constitueixen una obra la propietat de la qual pertany a ITAKA-ESCOLAPIOS o est\u00e0 cedida a ITAKA-ESCOLAPIOS, sense que puguen entendre&#8217;s cedits a l&#8217;usuari cap dels drets d&#8217;explotaci\u00f3 sobre els mateixos m\u00e9s enll\u00e0 del estrictament necessari per al correcte \u00fas de la web.<\/p>\n<p>En definitiva, els usuaris que accedisquen a aquest lloc web poden visualitzar els continguts i efectuar, en el seu cas, c\u00f2pies privades autoritzades sempre que els elements reprodu\u00efts no siguen cedits posteriorment a tercers, ni s&#8217;instal\u00b7len en servidors connectats a xarxes, ni siguen objecte de cap tipus d&#8217;explotaci\u00f3.<\/p>\n<p>Aix\u00ed mateix, totes les marques, noms comercials o signes distintius de qualsevol classe que apareguen en el lloc web s\u00f3n propietat d&#8217;ITAKA-ESCOLAPIOS o de tercers, sense que puga entendre&#8217;s que l&#8217;\u00fas o acc\u00e9s al mateix atribu\u00efsca a l&#8217;usuari dret algun sobre els mateixos.<\/p>\n<p>La distribuci\u00f3, modificaci\u00f3, cessi\u00f3 o comunicaci\u00f3 p\u00fablica dels continguts i qualsevol altre acte que no haja estat expressament autoritzat pel titular dels drets d&#8217;explotaci\u00f3 queden prohibits.<\/p>\n<p>L&#8217;establiment d&#8217;un hiperenlla\u00e7 no implica en cap cas l&#8217;exist\u00e8ncia de relacions entre ITAKA-ESCOLAPIOS i el propietari del lloc web en la qual s&#8217;estableixca, ni l&#8217;acceptaci\u00f3 i aprovaci\u00f3 per part d&#8217;ITAKA-ESCOLAPIOS dels seus continguts o serveis.<\/p>\n<p>ITAKA-ESCOLAPIOS no es responsabilitza de l&#8217;\u00fas que cada usuari li done als materials posats a disposici\u00f3 en aquest lloc web ni de les actuacions que realitze en base als mateixos.<\/p>\n<h2>4.1. EXCLUSI\u00d3 DE GARANTIES I DE RESPONSABILITAT EN L&#8217;ACC\u00c9S I LA UTILITZACI\u00d3<\/h2>\n<p>El contingut del present lloc web \u00e9s de car\u00e0cter general i t\u00e9 una finalitat merament informativa, sense que es garanteixca plenament l&#8217;acc\u00e9s a tots els continguts, ni la seua exhaustivitat, correcci\u00f3, vig\u00e8ncia o actualitat, ni la seua idone\u00eftat o utilitat per a un objectiu espec\u00edfic.<\/p>\n<p>ITAKA-ESCOLAPIOS exclou, fins on permet l&#8217;ordenament jur\u00eddic, qualsevol responsabilitat pels danys i perjudicis de tota naturalesa derivats de:<\/p>\n<p>a) La impossibilitat d&#8217;acc\u00e9s al lloc web o la falta de veracitat, exactitud, exhaustivitat i\/o actualitat dels continguts, aix\u00ed com l&#8217;exist\u00e8ncia de vicis i defectes de tota classe dels continguts transmesos, difosos, emmagatzemats, posats a disposici\u00f3, als quals s&#8217;haja accedit a trav\u00e9s del lloc web o dels serveis que s&#8217;ofereixen.<\/p>\n<p>b) La pres\u00e8ncia de virus o d&#8217;altres elements en els continguts que puguen produir alteracions en els sistemes inform\u00e0tics, documents electr\u00f2nics o dades dels usuaris.<\/p>\n<p>c) L&#8217;incompliment de les lleis, la bona fe, l&#8217;ordre p\u00fablic, els usos del tr\u00e0fic i el present av\u00eds legal com a conseq\u00fc\u00e8ncia de l&#8217;\u00fas incorrecte del lloc web. En particular, i a mode exemplificatiu, ITAKA-ESCOLAPIOS no es fa responsable de les actuacions de tercers que vulneren drets de propietat intel\u00b7lectual i industrial, secrets empresarials, drets a l&#8217;honor, a la intimitat personal i familiar i a la pr\u00f2pia imatge, aix\u00ed com la normativa en mat\u00e8ria de compet\u00e8ncia deslleial i publicitat il\u00b7l\u00edcita.<\/p>\n<p>Aix\u00ed mateix, ITAKA-ESCOLAPIOS declina qualsevol responsabilitat respecte a la informaci\u00f3 que es trobe fora d&#8217;aquesta web i no siga gestionada directament per ITAKA-ESCOLAPIOS. La funci\u00f3 dels enlla\u00e7os que apareixen en aquesta web \u00e9s exclusivament la d&#8217;informar a l&#8217;usuari sobre l&#8217;exist\u00e8ncia d&#8217;altres fonts susceptibles d&#8217;ampliar els continguts que ofereix aquest lloc web. ITAKA-ESCOLAPIOS no garanteix ni es responsabilitza del funcionament o accessibilitat dels llocs enlla\u00e7ats; ni suggereix, convida o recomana la visita als mateixos, per la qual cosa tampoc ser\u00e0 responsable del resultat obtingut. ITAKA-ESCOLAPIOS no es responsabilitza de l&#8217;establiment d&#8217;hiperenlla\u00e7os per part de tercers.<\/p>\n<h2>4.2. PROCEDIMENT EN CAS DE REALITZACI\u00d3 D&#8217;ACTIVITATS DE CAR\u00c0CTER IL\u00b7L\u00cdCIT<\/h2>\n<p>En el cas que qualsevol usuari o un tercer considere que existeixen fets o circumst\u00e0ncies que revelen el car\u00e0cter il\u00b7l\u00edcit de la utilitzaci\u00f3 de qualsevol contingut i\/o de la realitzaci\u00f3 de qualsevol activitat en les p\u00e0gines web incloses o accessibles a trav\u00e9s del lloc web, haur\u00e0 d&#8217;enviar una notificaci\u00f3 a ITAKA-ESCOLAPIOS identificant-se degudament i especificant les suposades infraccions.<\/p>\n<h2>4.3. PUBLICACIONS<\/h2>\n<p>La informaci\u00f3 administrativa facilitada a trav\u00e9s del lloc web no substitueix la publicitat legal de les lleis, normatives, plans, disposicions generals i actes que hagen de ser publicats formalment als diaris oficials de les administracions p\u00fabliques, que constitueixen l&#8217;\u00fanic instrument que dona fe de la seua autenticitat i contingut. La informaci\u00f3 disponible en aquest lloc web s&#8217;ha d&#8217;entendre com una guia sense prop\u00f2sit de validesa legal.<\/p>\n<h2>5. LEGISLACI\u00d3 APLICABLE<\/h2>\n<p>Les condicions presents es regiran per la legislaci\u00f3 espanyola vigent.<\/p>\n<p>La llengua utilitzada ser\u00e0 el castell\u00e0.<\/p>\n","protected":false},"excerpt":{"rendered":"<p>1. OBJECTE Aquest av\u00eds legal regula l&#8217;\u00fas i utilitzaci\u00f3 del lloc web itakaescolapios.org, del qual \u00e9s titular la Fundaci\u00f3 Itaka-Escolapios (en endavant, ITAKA-ESCOLAPIOS). La navegaci\u00f3 pel lloc web d&#8217;ITAKA-ESCOLAPIOS t&#8217;atribueix [&hellip;]<\/p>\n","protected":false},"author":1,"featured_media":0,"parent":0,"menu_order":0,"comment_status":"closed","ping_status":"closed","template":"","meta":{"_et_pb_use_builder":"","_et_pb_old_content":"","_et_gb_content_width":"","footnotes":""},"class_list":["post-20937","page","type-page","status-publish","hentry"],"yoast_head":"<!-- This site is optimized with the Yoast SEO plugin v27.3 - https:\/\/yoast.com\/product\/yoast-seo-wordpress\/ -->\n<title>Av\u00eds legal<\/title>\n<meta name=\"description\" content=\"1. OBJECTE Aquest av\u00eds legal regula l&#039;\u00fas i utilitzaci\u00f3 del lloc web itakaescolapios.org, del qual \u00e9s titular la Fundaci\u00f3 Itaka-Escolapios (en endavant, ITAKA-ESCOLAPIOS). La navegaci\u00f3 pel lloc web d&#039;ITAKA-ESCOLAPIOS t&#039;atribueix la condici\u00f3 d&#039;USUARI del mateix i comporta la teua acceptaci\u00f3 plena i sense reserves de totes i cadascuna de les condicions publicades en aquest av\u00eds&hellip;\" \/>\n<meta name=\"robots\" content=\"index, follow, max-snippet:-1, max-image-preview:large, max-video-preview:-1\" \/>\n<link rel=\"canonical\" href=\"http:\/\/1.%20OBJECTE%20Aquest%20av\u00eds%20legal%20regula%20l'\u00fas%20i%20utilitzaci\u00f3%20del%20lloc%20web%20itakaescolapios.org,%20del%20qual%20\u00e9s%20titular%20la%20Fundaci\u00f3%20Itaka-Escolapios%20(en%20endavant,%20ITAKA-ESCOLAPIOS).%20La%20navegaci\u00f3%20pel%20lloc%20web%20d'ITAKA-ESCOLAPIOS%20t'atribueix%20la%20condici\u00f3%20d'USUARI%20del%20mateix%20i%20comporta%20la%20teua%20acceptaci\u00f3%20plena%20i%20sense%20reserves%20de%20totes%20i%20cadascuna%20de%20les%20condicions%20publicades%20en%20aquest%20av\u00eds&hellip;\" \/>\n<meta property=\"og:locale\" content=\"ca_ES\" \/>\n<meta property=\"og:type\" content=\"article\" \/>\n<meta property=\"og:title\" content=\"Av\u00eds legal\" \/>\n<meta property=\"og:description\" content=\"1. OBJECTE Aquest av\u00eds legal regula l&#039;\u00fas i utilitzaci\u00f3 del lloc web itakaescolapios.org, del qual \u00e9s titular la Fundaci\u00f3 Itaka-Escolapios (en endavant, ITAKA-ESCOLAPIOS). La navegaci\u00f3 pel lloc web d&#039;ITAKA-ESCOLAPIOS t&#039;atribueix la condici\u00f3 d&#039;USUARI del mateix i comporta la teua acceptaci\u00f3 plena i sense reserves de totes i cadascuna de les condicions publicades en aquest av\u00eds&hellip;\" \/>\n<meta property=\"og:url\" content=\"https:\/\/www.itakaescolapios.org\/ca\/avis-legal\/\" \/>\n<meta property=\"og:site_name\" content=\"Itaka-Escolapios\" \/>\n<meta property=\"article:modified_time\" content=\"2023-11-28T11:37:46+00:00\" \/>\n<meta name=\"twitter:card\" content=\"summary_large_image\" \/>\n<meta name=\"twitter:label1\" content=\"Temps estimat de lectura\" \/>\n\t<meta name=\"twitter:data1\" content=\"8 minuts\" \/>\n<script type=\"application\/ld+json\" class=\"yoast-schema-graph\">{\"@context\":\"https:\\\/\\\/schema.org\",\"@graph\":[{\"@type\":\"WebPage\",\"@id\":\"https:\\\/\\\/www.itakaescolapios.org\\\/ca\\\/avis-legal\\\/\",\"url\":\"https:\\\/\\\/www.itakaescolapios.org\\\/ca\\\/avis-legal\\\/\",\"name\":\"Aviso legal - Itaka-Escolapios\",\"isPartOf\":{\"@id\":\"https:\\\/\\\/www.itakaescolapios.org\\\/es\\\/#website\"},\"datePublished\":\"2017-11-07T13:43:54+00:00\",\"dateModified\":\"2023-11-28T11:37:46+00:00\",\"breadcrumb\":{\"@id\":\"https:\\\/\\\/www.itakaescolapios.org\\\/ca\\\/avis-legal\\\/#breadcrumb\"},\"inLanguage\":\"ca\",\"potentialAction\":[{\"@type\":\"ReadAction\",\"target\":[\"https:\\\/\\\/www.itakaescolapios.org\\\/ca\\\/avis-legal\\\/\"]}]},{\"@type\":\"BreadcrumbList\",\"@id\":\"https:\\\/\\\/www.itakaescolapios.org\\\/ca\\\/avis-legal\\\/#breadcrumb\",\"itemListElement\":[{\"@type\":\"ListItem\",\"position\":1,\"name\":\"Itaka-Escolapios\",\"item\":\"https:\\\/\\\/www.itakaescolapios.org\\\/es\\\/\"},{\"@type\":\"ListItem\",\"position\":2,\"name\":\"Av\u00eds legal\"}]},{\"@type\":\"WebSite\",\"@id\":\"https:\\\/\\\/www.itakaescolapios.org\\\/ca\\\/es\\\/#website\",\"url\":\"https:\\\/\\\/www.itakaescolapios.org\\\/ca\\\/es\\\/\",\"name\":\"Itaka-Escolapios\",\"description\":\"Red de Itaka-Escolapios\",\"publisher\":{\"@id\":\"https:\\\/\\\/www.itakaescolapios.org\\\/ca\\\/es\\\/#organization\"},\"potentialAction\":[{\"@type\":\"SearchAction\",\"target\":{\"@type\":\"EntryPoint\",\"urlTemplate\":\"https:\\\/\\\/www.itakaescolapios.org\\\/ca\\\/es\\\/?s={search_term_string}\"},\"query-input\":{\"@type\":\"PropertyValueSpecification\",\"valueRequired\":true,\"valueName\":\"search_term_string\"}}],\"inLanguage\":\"ca\"},{\"@type\":\"Organization\",\"@id\":\"https:\\\/\\\/www.itakaescolapios.org\\\/ca\\\/es\\\/#organization\",\"name\":\"Fundaci\u00f3 Itaka-Escolapios\",\"url\":\"https:\\\/\\\/www.itakaescolapios.org\\\/ca\\\/es\\\/\",\"logo\":{\"@type\":\"ImageObject\",\"inLanguage\":\"ca\",\"@id\":\"https:\\\/\\\/www.itakaescolapios.org\\\/ca\\\/es\\\/#\\\/schema\\\/logo\\\/image\\\/\",\"url\":\"https:\\\/\\\/www.itakaescolapios.org\\\/wp-content\\\/uploads\\\/2024\\\/04\\\/Logo-itakaescolapios-peque.png\",\"contentUrl\":\"https:\\\/\\\/www.itakaescolapios.org\\\/wp-content\\\/uploads\\\/2024\\\/04\\\/Logo-itakaescolapios-peque.png\",\"width\":500,\"height\":199,\"caption\":\"Fundaci\u00f3 Itaka-Escolapios\"},\"image\":{\"@id\":\"https:\\\/\\\/www.itakaescolapios.org\\\/ca\\\/es\\\/#\\\/schema\\\/logo\\\/image\\\/\"}}]}<\/script>\n<!-- \/ Yoast SEO plugin. -->","yoast_head_json":{"title":"Av\u00eds legal","description":"1. OBJECTE Aquest av\u00eds legal regula l'\u00fas i utilitzaci\u00f3 del lloc web itakaescolapios.org, del qual \u00e9s titular la Fundaci\u00f3 Itaka-Escolapios (en endavant, ITAKA-ESCOLAPIOS). La navegaci\u00f3 pel lloc web d'ITAKA-ESCOLAPIOS t'atribueix la condici\u00f3 d'USUARI del mateix i comporta la teua acceptaci\u00f3 plena i sense reserves de totes i cadascuna de les condicions publicades en aquest av\u00eds&hellip;","robots":{"index":"index","follow":"follow","max-snippet":"max-snippet:-1","max-image-preview":"max-image-preview:large","max-video-preview":"max-video-preview:-1"},"canonical":"1. OBJECTE Aquest av\u00eds legal regula l'\u00fas i utilitzaci\u00f3 del lloc web itakaescolapios.org, del qual \u00e9s titular la Fundaci\u00f3 Itaka-Escolapios (en endavant, ITAKA-ESCOLAPIOS). La navegaci\u00f3 pel lloc web d'ITAKA-ESCOLAPIOS t'atribueix la condici\u00f3 d'USUARI del mateix i comporta la teua acceptaci\u00f3 plena i sense reserves de totes i cadascuna de les condicions publicades en aquest av\u00eds&hellip;","og_locale":"ca_ES","og_type":"article","og_title":"Av\u00eds legal","og_description":"1. OBJECTE Aquest av\u00eds legal regula l'\u00fas i utilitzaci\u00f3 del lloc web itakaescolapios.org, del qual \u00e9s titular la Fundaci\u00f3 Itaka-Escolapios (en endavant, ITAKA-ESCOLAPIOS). La navegaci\u00f3 pel lloc web d'ITAKA-ESCOLAPIOS t'atribueix la condici\u00f3 d'USUARI del mateix i comporta la teua acceptaci\u00f3 plena i sense reserves de totes i cadascuna de les condicions publicades en aquest av\u00eds&hellip;","og_url":"https:\/\/www.itakaescolapios.org\/ca\/avis-legal\/","og_site_name":"Itaka-Escolapios","article_modified_time":"2023-11-28T11:37:46+00:00","twitter_card":"summary_large_image","twitter_misc":{"Temps estimat de lectura":"8 minuts"},"schema":{"@context":"https:\/\/schema.org","@graph":[{"@type":"WebPage","@id":"https:\/\/www.itakaescolapios.org\/ca\/avis-legal\/","url":"https:\/\/www.itakaescolapios.org\/ca\/avis-legal\/","name":"Aviso legal - Itaka-Escolapios","isPartOf":{"@id":"https:\/\/www.itakaescolapios.org\/es\/#website"},"datePublished":"2017-11-07T13:43:54+00:00","dateModified":"2023-11-28T11:37:46+00:00","breadcrumb":{"@id":"https:\/\/www.itakaescolapios.org\/ca\/avis-legal\/#breadcrumb"},"inLanguage":"ca","potentialAction":[{"@type":"ReadAction","target":["https:\/\/www.itakaescolapios.org\/ca\/avis-legal\/"]}]},{"@type":"BreadcrumbList","@id":"https:\/\/www.itakaescolapios.org\/ca\/avis-legal\/#breadcrumb","itemListElement":[{"@type":"ListItem","position":1,"name":"Itaka-Escolapios","item":"https:\/\/www.itakaescolapios.org\/es\/"},{"@type":"ListItem","position":2,"name":"Av\u00eds legal"}]},{"@type":"WebSite","@id":"https:\/\/www.itakaescolapios.org\/ca\/es\/#website","url":"https:\/\/www.itakaescolapios.org\/ca\/es\/","name":"Itaka-Escolapios","description":"Red de Itaka-Escolapios","publisher":{"@id":"https:\/\/www.itakaescolapios.org\/ca\/es\/#organization"},"potentialAction":[{"@type":"SearchAction","target":{"@type":"EntryPoint","urlTemplate":"https:\/\/www.itakaescolapios.org\/ca\/es\/?s={search_term_string}"},"query-input":{"@type":"PropertyValueSpecification","valueRequired":true,"valueName":"search_term_string"}}],"inLanguage":"ca"},{"@type":"Organization","@id":"https:\/\/www.itakaescolapios.org\/ca\/es\/#organization","name":"Fundaci\u00f3 Itaka-Escolapios","url":"https:\/\/www.itakaescolapios.org\/ca\/es\/","logo":{"@type":"ImageObject","inLanguage":"ca","@id":"https:\/\/www.itakaescolapios.org\/ca\/es\/#\/schema\/logo\/image\/","url":"https:\/\/www.itakaescolapios.org\/wp-content\/uploads\/2024\/04\/Logo-itakaescolapios-peque.png","contentUrl":"https:\/\/www.itakaescolapios.org\/wp-content\/uploads\/2024\/04\/Logo-itakaescolapios-peque.png","width":500,"height":199,"caption":"Fundaci\u00f3 Itaka-Escolapios"},"image":{"@id":"https:\/\/www.itakaescolapios.org\/ca\/es\/#\/schema\/logo\/image\/"}}]}},"_links":{"self":[{"href":"https:\/\/www.itakaescolapios.org\/ca\/wp-json\/wp\/v2\/pages\/20937","targetHints":{"allow":["GET"]}}],"collection":[{"href":"https:\/\/www.itakaescolapios.org\/ca\/wp-json\/wp\/v2\/pages"}],"about":[{"href":"https:\/\/www.itakaescolapios.org\/ca\/wp-json\/wp\/v2\/types\/page"}],"author":[{"embeddable":true,"href":"https:\/\/www.itakaescolapios.org\/ca\/wp-json\/wp\/v2\/users\/1"}],"replies":[{"embeddable":true,"href":"https:\/\/www.itakaescolapios.org\/ca\/wp-json\/wp\/v2\/comments?post=20937"}],"version-history":[{"count":10,"href":"https:\/\/www.itakaescolapios.org\/ca\/wp-json\/wp\/v2\/pages\/20937\/revisions"}],"predecessor-version":[{"id":47268,"href":"https:\/\/www.itakaescolapios.org\/ca\/wp-json\/wp\/v2\/pages\/20937\/revisions\/47268"}],"wp:attachment":[{"href":"https:\/\/www.itakaescolapios.org\/ca\/wp-json\/wp\/v2\/media?parent=20937"}],"curies":[{"name":"wp","href":"https:\/\/api.w.org\/{rel}","templated":true}]}}