{"id":24891,"date":"2018-10-17T14:36:17","date_gmt":"2018-10-17T13:36:17","guid":{"rendered":"https:\/\/www.itakaescolapios.org\/?page_id=24891"},"modified":"2023-11-28T12:37:11","modified_gmt":"2023-11-28T11:37:11","slug":"cultivando","status":"publish","type":"page","link":"https:\/\/www.itakaescolapios.org\/ca\/cultivando\/","title":{"rendered":"CULTIVANDO"},"content":{"rendered":"<p><a href=\"https:\/\/www.itakaescolapios.org\/wp-content\/uploads\/2018\/10\/sukal.png\"><img decoding=\"async\" class=\"alignleft size-medium wp-image-25059\" alt=\"sukal\" src=\"https:\/\/www.itakaescolapios.org\/wp-content\/uploads\/2018\/10\/sukal-176x300.png\" width=\"176\" height=\"300\" srcset=\"https:\/\/www.itakaescolapios.org\/wp-content\/uploads\/2018\/10\/sukal-176x300.png 176w, https:\/\/www.itakaescolapios.org\/wp-content\/uploads\/2018\/10\/sukal-600x1024.png 600w, https:\/\/www.itakaescolapios.org\/wp-content\/uploads\/2018\/10\/sukal-250x426.png 250w, https:\/\/www.itakaescolapios.org\/wp-content\/uploads\/2018\/10\/sukal.png 880w\" sizes=\"(max-width: 176px) 100vw, 176px\" \/><\/a>Sukal, gran amante de los alimentos de todos los pa\u00edses y aliado de todo tipo de ingredientes, nos propone conocer la realidad del pa\u00eds, finalizando la actividad en el grupo con el cultivo de unas semillas de tomate en el aula y cuidando de las mismas hasta que den fruto.<\/p>\n<p>La actividad nos presenta la realidad alimentaria de la Rep\u00fablica Democr\u00e1tica del Congo. Un pa\u00eds pobre, que ocupa el puesto 176 de 188 pa\u00edses en el \u00cdndice de Desarrollo Humano de las Naciones Unidas para 2017, donde el 87,7% de su poblaci\u00f3n vive por debajo de la l\u00ednea de pobreza (1,25 d\u00f3lares diarios) y con desigualdades muy marcadas a pesar de su riqueza m\u00faltiple y diversa. Un pa\u00eds en el que el 44% de las mujeres no tienen ingresos y en el que m\u00e1s de dos millones de ni\u00f1os y ni\u00f1as sufren desnutrici\u00f3n severa.<\/p>\n<p>Descarga la <strong><span style=\"text-decoration: underline;\">FICHA DE ACTIVIDAD<\/span><\/strong><\/p>\n<ul>\n<li><strong><span style=\"color: #808000;\"><a href=\"https:\/\/www.itakaescolapios.org\/wp-content\/uploads\/2018\/10\/FICHA-CULTIVANDO-3-10-a\u00f1os.pdf\" target=\"_blank\" rel=\"noopener\"><span style=\"color: #808000;\">FICHA CULTIVANDO 3-10 a\u00f1os<\/span><\/a><\/span><\/strong><\/li>\n<li><strong><span style=\"color: #808000;\"><a href=\"https:\/\/www.itakaescolapios.org\/wp-content\/uploads\/2018\/10\/FICHA-CULTIVANDO-11-14-a\u00f1os.pdf\" target=\"_blank\" rel=\"noopener\"><span style=\"color: #808000;\">FICHA CULTIVANDO 11-14 a\u00f1os<\/span><\/a><\/span><\/strong><\/li>\n<li><strong><span style=\"color: #808000;\"><a href=\"https:\/\/www.itakaescolapios.org\/wp-content\/uploads\/2018\/10\/FICHA-CULTIVANDO-15-18-a\u00f1os.pdf\" target=\"_blank\" rel=\"noopener\"><span style=\"color: #808000;\">FICHA CULTIVANDO 15-18 a\u00f1os<\/span><\/a><\/span><\/strong><\/li>\n<\/ul>\n<ul>\n<li><strong><span style=\"color: #808000;\"><a href=\"https:\/\/www.itakaescolapios.org\/wp-content\/uploads\/2018\/10\/ANEXO-CULTIVANDO-SUKAL.pdf\" target=\"_blank\" rel=\"noopener\"><span style=\"color: #808000;\">ANEXO CULTIVANDO SUKAL<\/span><\/a><\/span><\/strong><\/li>\n<li><strong><span style=\"color: #808000;\"><a href=\"https:\/\/www.itakaescolapios.org\/wp-content\/uploads\/2018\/10\/ANEXO-CULTIVANDO-VEGETALES-RDC.pdf\" target=\"_blank\" rel=\"noopener\"><span style=\"color: #808000;\">ANEXO CULTIVANDO VEGETALES RDC<\/span><\/a><\/span><\/strong><\/li>\n<\/ul>\n<p><!--more--><\/p>\n","protected":false},"excerpt":{"rendered":"<p>Sukal, gran amante de los alimentos de todos los pa\u00edses y aliado de todo tipo de ingredientes, nos propone conocer la realidad del pa\u00eds, finalizando la actividad en el grupo [&hellip;]<\/p>\n","protected":false},"author":46,"featured_media":0,"parent":0,"menu_order":0,"comment_status":"closed","ping_status":"closed","template":"","meta":{"_et_pb_use_builder":"","_et_pb_old_content":"","_et_gb_content_width":"","footnotes":""},"class_list":["post-24891","page","type-page","status-publish","hentry"],"yoast_head":"<!-- This site is optimized with the Yoast SEO plugin v27.3 - https:\/\/yoast.com\/product\/yoast-seo-wordpress\/ -->\n<title>CULTIVANDO<\/title>\n<meta name=\"description\" content=\"Sukal, gran amante de los alimentos de todos los pa\u00edses y aliado de todo tipo de ingredientes, nos propone conocer la realidad del pa\u00eds, finalizando la actividad en el grupo con el cultivo de unas semillas de tomate en el aula y cuidando de las mismas hasta que den fruto. La actividad nos presenta la&hellip;\" \/>\n<meta name=\"robots\" content=\"index, follow, max-snippet:-1, max-image-preview:large, max-video-preview:-1\" \/>\n<link rel=\"canonical\" href=\"http:\/\/Sukal,%20gran%20amante%20de%20los%20alimentos%20de%20todos%20los%20pa\u00edses%20y%20aliado%20de%20todo%20tipo%20de%20ingredientes,%20nos%20propone%20conocer%20la%20realidad%20del%20pa\u00eds,%20finalizando%20la%20actividad%20en%20el%20grupo%20con%20el%20cultivo%20de%20unas%20semillas%20de%20tomate%20en%20el%20aula%20y%20cuidando%20de%20las%20mismas%20hasta%20que%20den%20fruto.%20La%20actividad%20nos%20presenta%20la&hellip;\" \/>\n<meta property=\"og:locale\" content=\"ca_ES\" \/>\n<meta property=\"og:type\" content=\"article\" \/>\n<meta property=\"og:title\" content=\"CULTIVANDO\" \/>\n<meta property=\"og:description\" content=\"Sukal, gran amante de los alimentos de todos los pa\u00edses y aliado de todo tipo de ingredientes, nos propone conocer la realidad del pa\u00eds, finalizando la actividad en el grupo con el cultivo de unas semillas de tomate en el aula y cuidando de las mismas hasta que den fruto. La actividad nos presenta la&hellip;\" \/>\n<meta property=\"og:url\" content=\"https:\/\/www.itakaescolapios.org\/ca\/cultivando\/\" \/>\n<meta property=\"og:site_name\" content=\"Itaka-Escolapios\" \/>\n<meta property=\"article:modified_time\" content=\"2023-11-28T11:37:11+00:00\" \/>\n<meta property=\"og:image\" content=\"https:\/\/www.itakaescolapios.org\/wp-content\/uploads\/2018\/10\/sukal.png\" \/>\n\t<meta property=\"og:image:width\" content=\"880\" \/>\n\t<meta property=\"og:image:height\" content=\"1500\" \/>\n\t<meta property=\"og:image:type\" content=\"image\/png\" \/>\n<meta name=\"twitter:card\" content=\"summary_large_image\" \/>\n<meta name=\"twitter:label1\" content=\"Temps estimat de lectura\" \/>\n\t<meta name=\"twitter:data1\" content=\"1 minut\" \/>\n<script type=\"application\/ld+json\" class=\"yoast-schema-graph\">{\"@context\":\"https:\\\/\\\/schema.org\",\"@graph\":[{\"@type\":\"WebPage\",\"@id\":\"https:\\\/\\\/www.itakaescolapios.org\\\/ca\\\/cultivando\\\/\",\"url\":\"https:\\\/\\\/www.itakaescolapios.org\\\/ca\\\/cultivando\\\/\",\"name\":\"CULTIVANDO - Itaka-Escolapios\",\"isPartOf\":{\"@id\":\"https:\\\/\\\/www.itakaescolapios.org\\\/es\\\/#website\"},\"primaryImageOfPage\":{\"@id\":\"https:\\\/\\\/www.itakaescolapios.org\\\/ca\\\/cultivando\\\/#primaryimage\"},\"image\":{\"@id\":\"https:\\\/\\\/www.itakaescolapios.org\\\/ca\\\/cultivando\\\/#primaryimage\"},\"thumbnailUrl\":\"https:\\\/\\\/www.itakaescolapios.org\\\/wp-content\\\/uploads\\\/2018\\\/10\\\/sukal-176x300.png\",\"datePublished\":\"2018-10-17T13:36:17+00:00\",\"dateModified\":\"2023-11-28T11:37:11+00:00\",\"breadcrumb\":{\"@id\":\"https:\\\/\\\/www.itakaescolapios.org\\\/ca\\\/cultivando\\\/#breadcrumb\"},\"inLanguage\":\"ca\",\"potentialAction\":[{\"@type\":\"ReadAction\",\"target\":[\"https:\\\/\\\/www.itakaescolapios.org\\\/ca\\\/cultivando\\\/\"]}]},{\"@type\":\"ImageObject\",\"inLanguage\":\"ca\",\"@id\":\"https:\\\/\\\/www.itakaescolapios.org\\\/ca\\\/cultivando\\\/#primaryimage\",\"url\":\"https:\\\/\\\/www.itakaescolapios.org\\\/wp-content\\\/uploads\\\/2018\\\/10\\\/sukal-176x300.png\",\"contentUrl\":\"https:\\\/\\\/www.itakaescolapios.org\\\/wp-content\\\/uploads\\\/2018\\\/10\\\/sukal-176x300.png\"},{\"@type\":\"BreadcrumbList\",\"@id\":\"https:\\\/\\\/www.itakaescolapios.org\\\/ca\\\/cultivando\\\/#breadcrumb\",\"itemListElement\":[{\"@type\":\"ListItem\",\"position\":1,\"name\":\"Itaka-Escolapios\",\"item\":\"https:\\\/\\\/www.itakaescolapios.org\\\/es\\\/\"},{\"@type\":\"ListItem\",\"position\":2,\"name\":\"CULTIVANDO\"}]},{\"@type\":\"WebSite\",\"@id\":\"https:\\\/\\\/www.itakaescolapios.org\\\/ca\\\/es\\\/#website\",\"url\":\"https:\\\/\\\/www.itakaescolapios.org\\\/ca\\\/es\\\/\",\"name\":\"Itaka-Escolapios\",\"description\":\"Red de Itaka-Escolapios\",\"publisher\":{\"@id\":\"https:\\\/\\\/www.itakaescolapios.org\\\/ca\\\/es\\\/#organization\"},\"potentialAction\":[{\"@type\":\"SearchAction\",\"target\":{\"@type\":\"EntryPoint\",\"urlTemplate\":\"https:\\\/\\\/www.itakaescolapios.org\\\/ca\\\/es\\\/?s={search_term_string}\"},\"query-input\":{\"@type\":\"PropertyValueSpecification\",\"valueRequired\":true,\"valueName\":\"search_term_string\"}}],\"inLanguage\":\"ca\"},{\"@type\":\"Organization\",\"@id\":\"https:\\\/\\\/www.itakaescolapios.org\\\/ca\\\/es\\\/#organization\",\"name\":\"Fundaci\u00f3 Itaka-Escolapios\",\"url\":\"https:\\\/\\\/www.itakaescolapios.org\\\/ca\\\/es\\\/\",\"logo\":{\"@type\":\"ImageObject\",\"inLanguage\":\"ca\",\"@id\":\"https:\\\/\\\/www.itakaescolapios.org\\\/ca\\\/es\\\/#\\\/schema\\\/logo\\\/image\\\/\",\"url\":\"https:\\\/\\\/www.itakaescolapios.org\\\/wp-content\\\/uploads\\\/2024\\\/04\\\/Logo-itakaescolapios-peque.png\",\"contentUrl\":\"https:\\\/\\\/www.itakaescolapios.org\\\/wp-content\\\/uploads\\\/2024\\\/04\\\/Logo-itakaescolapios-peque.png\",\"width\":500,\"height\":199,\"caption\":\"Fundaci\u00f3 Itaka-Escolapios\"},\"image\":{\"@id\":\"https:\\\/\\\/www.itakaescolapios.org\\\/ca\\\/es\\\/#\\\/schema\\\/logo\\\/image\\\/\"}}]}<\/script>\n<!-- \/ Yoast SEO plugin. -->","yoast_head_json":{"title":"CULTIVANDO","description":"Sukal, gran amante de los alimentos de todos los pa\u00edses y aliado de todo tipo de ingredientes, nos propone conocer la realidad del pa\u00eds, finalizando la actividad en el grupo con el cultivo de unas semillas de tomate en el aula y cuidando de las mismas hasta que den fruto. La actividad nos presenta la&hellip;","robots":{"index":"index","follow":"follow","max-snippet":"max-snippet:-1","max-image-preview":"max-image-preview:large","max-video-preview":"max-video-preview:-1"},"canonical":"Sukal, gran amante de los alimentos de todos los pa\u00edses y aliado de todo tipo de ingredientes, nos propone conocer la realidad del pa\u00eds, finalizando la actividad en el grupo con el cultivo de unas semillas de tomate en el aula y cuidando de las mismas hasta que den fruto. La actividad nos presenta la&hellip;","og_locale":"ca_ES","og_type":"article","og_title":"CULTIVANDO","og_description":"Sukal, gran amante de los alimentos de todos los pa\u00edses y aliado de todo tipo de ingredientes, nos propone conocer la realidad del pa\u00eds, finalizando la actividad en el grupo con el cultivo de unas semillas de tomate en el aula y cuidando de las mismas hasta que den fruto. La actividad nos presenta la&hellip;","og_url":"https:\/\/www.itakaescolapios.org\/ca\/cultivando\/","og_site_name":"Itaka-Escolapios","article_modified_time":"2023-11-28T11:37:11+00:00","og_image":[{"width":880,"height":1500,"url":"https:\/\/www.itakaescolapios.org\/wp-content\/uploads\/2018\/10\/sukal.png","type":"image\/png"}],"twitter_card":"summary_large_image","twitter_misc":{"Temps estimat de lectura":"1 minut"},"schema":{"@context":"https:\/\/schema.org","@graph":[{"@type":"WebPage","@id":"https:\/\/www.itakaescolapios.org\/ca\/cultivando\/","url":"https:\/\/www.itakaescolapios.org\/ca\/cultivando\/","name":"CULTIVANDO - Itaka-Escolapios","isPartOf":{"@id":"https:\/\/www.itakaescolapios.org\/es\/#website"},"primaryImageOfPage":{"@id":"https:\/\/www.itakaescolapios.org\/ca\/cultivando\/#primaryimage"},"image":{"@id":"https:\/\/www.itakaescolapios.org\/ca\/cultivando\/#primaryimage"},"thumbnailUrl":"https:\/\/www.itakaescolapios.org\/wp-content\/uploads\/2018\/10\/sukal-176x300.png","datePublished":"2018-10-17T13:36:17+00:00","dateModified":"2023-11-28T11:37:11+00:00","breadcrumb":{"@id":"https:\/\/www.itakaescolapios.org\/ca\/cultivando\/#breadcrumb"},"inLanguage":"ca","potentialAction":[{"@type":"ReadAction","target":["https:\/\/www.itakaescolapios.org\/ca\/cultivando\/"]}]},{"@type":"ImageObject","inLanguage":"ca","@id":"https:\/\/www.itakaescolapios.org\/ca\/cultivando\/#primaryimage","url":"https:\/\/www.itakaescolapios.org\/wp-content\/uploads\/2018\/10\/sukal-176x300.png","contentUrl":"https:\/\/www.itakaescolapios.org\/wp-content\/uploads\/2018\/10\/sukal-176x300.png"},{"@type":"BreadcrumbList","@id":"https:\/\/www.itakaescolapios.org\/ca\/cultivando\/#breadcrumb","itemListElement":[{"@type":"ListItem","position":1,"name":"Itaka-Escolapios","item":"https:\/\/www.itakaescolapios.org\/es\/"},{"@type":"ListItem","position":2,"name":"CULTIVANDO"}]},{"@type":"WebSite","@id":"https:\/\/www.itakaescolapios.org\/ca\/es\/#website","url":"https:\/\/www.itakaescolapios.org\/ca\/es\/","name":"Itaka-Escolapios","description":"Red de Itaka-Escolapios","publisher":{"@id":"https:\/\/www.itakaescolapios.org\/ca\/es\/#organization"},"potentialAction":[{"@type":"SearchAction","target":{"@type":"EntryPoint","urlTemplate":"https:\/\/www.itakaescolapios.org\/ca\/es\/?s={search_term_string}"},"query-input":{"@type":"PropertyValueSpecification","valueRequired":true,"valueName":"search_term_string"}}],"inLanguage":"ca"},{"@type":"Organization","@id":"https:\/\/www.itakaescolapios.org\/ca\/es\/#organization","name":"Fundaci\u00f3 Itaka-Escolapios","url":"https:\/\/www.itakaescolapios.org\/ca\/es\/","logo":{"@type":"ImageObject","inLanguage":"ca","@id":"https:\/\/www.itakaescolapios.org\/ca\/es\/#\/schema\/logo\/image\/","url":"https:\/\/www.itakaescolapios.org\/wp-content\/uploads\/2024\/04\/Logo-itakaescolapios-peque.png","contentUrl":"https:\/\/www.itakaescolapios.org\/wp-content\/uploads\/2024\/04\/Logo-itakaescolapios-peque.png","width":500,"height":199,"caption":"Fundaci\u00f3 Itaka-Escolapios"},"image":{"@id":"https:\/\/www.itakaescolapios.org\/ca\/es\/#\/schema\/logo\/image\/"}}]}},"_links":{"self":[{"href":"https:\/\/www.itakaescolapios.org\/ca\/wp-json\/wp\/v2\/pages\/24891","targetHints":{"allow":["GET"]}}],"collection":[{"href":"https:\/\/www.itakaescolapios.org\/ca\/wp-json\/wp\/v2\/pages"}],"about":[{"href":"https:\/\/www.itakaescolapios.org\/ca\/wp-json\/wp\/v2\/types\/page"}],"author":[{"embeddable":true,"href":"https:\/\/www.itakaescolapios.org\/ca\/wp-json\/wp\/v2\/users\/46"}],"replies":[{"embeddable":true,"href":"https:\/\/www.itakaescolapios.org\/ca\/wp-json\/wp\/v2\/comments?post=24891"}],"version-history":[{"count":13,"href":"https:\/\/www.itakaescolapios.org\/ca\/wp-json\/wp\/v2\/pages\/24891\/revisions"}],"predecessor-version":[{"id":46232,"href":"https:\/\/www.itakaescolapios.org\/ca\/wp-json\/wp\/v2\/pages\/24891\/revisions\/46232"}],"wp:attachment":[{"href":"https:\/\/www.itakaescolapios.org\/ca\/wp-json\/wp\/v2\/media?parent=24891"}],"curies":[{"name":"wp","href":"https:\/\/api.w.org\/{rel}","templated":true}]}}