{"id":25388,"date":"2018-11-11T19:26:46","date_gmt":"2018-11-11T18:26:46","guid":{"rendered":"https:\/\/www.itakaescolapios.org\/?page_id=25388"},"modified":"2023-11-28T12:37:08","modified_gmt":"2023-11-28T11:37:08","slug":"actividades-para-los-y-las-mas-pequenas","status":"publish","type":"page","link":"https:\/\/www.itakaescolapios.org\/ca\/campanas\/2018-2019-al-ritmo-del-congo\/actividades-para-los-y-las-mas-pequenas\/","title":{"rendered":"ACTIVIDADES PARA LOS Y LAS M\u00c1S PEQUE\u00d1AS"},"content":{"rendered":"<p><a href=\"https:\/\/www.itakaescolapios.org\/wp-content\/uploads\/2018\/11\/esengo.png\"><img decoding=\"async\" class=\"alignleft size-medium wp-image-25519\" alt=\"esengo\" src=\"https:\/\/www.itakaescolapios.org\/wp-content\/uploads\/2018\/11\/esengo-292x300.png\" width=\"292\" height=\"300\" srcset=\"https:\/\/www.itakaescolapios.org\/wp-content\/uploads\/2018\/11\/esengo-292x300.png 292w, https:\/\/www.itakaescolapios.org\/wp-content\/uploads\/2018\/11\/esengo-250x256.png 250w, https:\/\/www.itakaescolapios.org\/wp-content\/uploads\/2018\/11\/esengo.png 596w\" sizes=\"(max-width: 292px) 100vw, 292px\" \/><\/a><\/p>\n<p>Esengo nos hace una propuesta de actividades para los y las m\u00e1s peque\u00f1as, aquellas que inician su andadura en nuestros centros educativos. Ni\u00f1os y ni\u00f1as de las etapas de infantil, k\u00ednder, maternal \u2026<\/p>\n<p>Esengo nos deja tres documentos que nos acercar\u00e1n a la Rep\u00fablica Democr\u00e1tica del Congo, a trav\u00e9s de su geograf\u00eda, naturaleza, cultura y gastronom\u00eda, y a la realidad de los escolapios en el pa\u00eds.<\/p>\n<p>&nbsp;<\/p>\n<p>&nbsp;<\/p>\n<ul>\n<li>\n<h1><span style=\"color: #cc99ff;\"><strong><a href=\"https:\/\/www.itakaescolapios.org\/wp-content\/uploads\/2018\/11\/Congo-geograf\u00eda.pdf\" target=\"_blank\" rel=\"noopener\"><span style=\"color: #cc99ff;\">GEOGRAF\u00cdA Y NATURALEZA<\/span><\/a><\/strong><\/span><\/h1>\n<\/li>\n<li>\n<h1><span style=\"color: #cc99ff;\"><strong><a href=\"https:\/\/www.itakaescolapios.org\/wp-content\/uploads\/2018\/11\/Congo-cultura-y-gastronom\u00eda.pdf\" target=\"_blank\" rel=\"noopener\"><span style=\"color: #cc99ff;\">CULTURA Y ALIMENTOS<\/span><\/a><\/strong><\/span><\/h1>\n<\/li>\n<li>\n<h1><span style=\"color: #cc99ff;\"><strong><a href=\"https:\/\/www.itakaescolapios.org\/wp-content\/uploads\/2018\/11\/Congo-Educaci\u00f3n-y-Escolapios.pdf\" target=\"_blank\" rel=\"noopener\"><span style=\"color: #cc99ff;\">ESCOLAPIOS<\/span><\/a><\/strong><\/span><\/h1>\n<\/li>\n<\/ul>\n<p>A continuaci\u00f3n puedes descargar las actividades para realizar en tu centro.<\/p>\n<table width=\"529\" border=\"0\" cellspacing=\"0\" cellpadding=\"0\">\n<colgroup>\n<col width=\"80\" \/>\n<col width=\"100\" \/>\n<col span=\"3\" width=\"111\" \/>\n<col width=\"80\" \/> <\/colgroup>\n<tbody>\n<tr>\n<td width=\"80\" height=\"20\"><\/td>\n<td width=\"100\"><strong><span style=\"color: #333333;\">ACTIVIDAD<\/span><\/strong><\/td>\n<td colspan=\"3\" width=\"333\"><strong><span style=\"color: #333333;\">ANEXOS<\/span><\/strong><\/td>\n<td width=\"80\"><\/td>\n<\/tr>\n<tr>\n<td rowspan=\"2\" width=\"80\" height=\"64\"><strong><span style=\"color: #000000;\">1\u00ba INFANTIL<\/span><\/strong><\/td>\n<td rowspan=\"2\" width=\"100\"><strong><span style=\"color: #333300;\"><a href=\"https:\/\/www.itakaescolapios.org\/wp-content\/uploads\/2018\/11\/1\u00ba-Infantil_MEMORY.pdf\" target=\"_blank\" rel=\"noopener\"><span style=\"color: #333300;\">MEMORY<\/span><\/a><\/span><\/strong><\/td>\n<td width=\"111\"><strong><span style=\"color: #808000;\"><a href=\"https:\/\/www.itakaescolapios.org\/wp-content\/uploads\/2018\/11\/ANEXO-0_MEMORY.pdf\" target=\"_blank\" rel=\"noopener\"><span style=\"color: #808000;\">ANEXO 0 MEMORY<\/span><\/a><\/span><\/strong><\/td>\n<td width=\"111\"><strong><span style=\"color: #808000;\"><a href=\"https:\/\/www.itakaescolapios.org\/wp-content\/uploads\/2018\/11\/ANEXO_-Juego-Memory.pdf\" target=\"_blank\" rel=\"noopener\"><span style=\"color: #808000;\">ANEXO Juego Memory<\/span><\/a><\/span><\/strong><\/td>\n<td width=\"111\"><strong><span style=\"color: #808000;\"><a href=\"https:\/\/www.itakaescolapios.org\/wp-content\/uploads\/2018\/11\/ANEXO-1_MEMORY_Elykia-Esengo-y-Quisap.pdf\" target=\"_blank\" rel=\"noopener\"><span style=\"color: #808000;\">ANEXO 1 Elykia, Esengo y Quisap<\/span><\/a><\/span><\/strong><\/td>\n<td rowspan=\"2\" width=\"80\"><span style=\"color: #99cc00;\"><strong><a href=\"https:\/\/www.itakaescolapios.org\/wp-content\/uploads\/2018\/11\/DIPLOMA.pdf\" target=\"_blank\" rel=\"noopener\"><span style=\"color: #99cc00;\">DIPLOMA<\/span><\/a><\/strong><\/span><\/td>\n<\/tr>\n<tr>\n<td width=\"111\" height=\"32\"><strong><span style=\"color: #808000;\"><a href=\"https:\/\/www.itakaescolapios.org\/wp-content\/uploads\/2018\/11\/ANEXO-2_MEMORY_Sukal-y-Marine.pdf\" target=\"_blank\" rel=\"noopener\"><span style=\"color: #808000;\">ANEXO 2 Sukal y Marine<\/span><\/a><\/span><\/strong><\/td>\n<td width=\"111\"><span style=\"color: #808000;\"><strong><a href=\"https:\/\/www.itakaescolapios.org\/wp-content\/uploads\/2018\/11\/ANEXO-3_MEMORY_Bla-y-Jiwa.pdf\" target=\"_blank\" rel=\"noopener\"><span style=\"color: #808000;\">ANEXO 3 Bla y Jiwa<\/span><\/a><\/strong><\/span><\/td>\n<td width=\"111\"><strong><span style=\"color: #808000;\"><a href=\"https:\/\/www.itakaescolapios.org\/wp-content\/uploads\/2018\/11\/ANEXO-4_MEMORY_Actividad-final.pdf\" target=\"_blank\" rel=\"noopener\"><span style=\"color: #808000;\">ANEXO 4 Actividad final<\/span><\/a><\/span><\/strong><\/td>\n<\/tr>\n<tr>\n<td height=\"11\"><\/td>\n<td><\/td>\n<td><\/td>\n<td><\/td>\n<td><\/td>\n<td><\/td>\n<\/tr>\n<tr>\n<td rowspan=\"2\" width=\"80\" height=\"64\"><strong><span style=\"color: #000000;\">2\u00ba INFANTIL<\/span><\/strong><\/td>\n<td rowspan=\"2\" width=\"100\"><strong><span style=\"color: #993300;\"><a href=\"https:\/\/www.itakaescolapios.org\/wp-content\/uploads\/2018\/11\/2\u00ba-Infantil_COMPLEMENTOS.pdf\" target=\"_blank\" rel=\"noopener\"><span style=\"color: #993300;\">COMPLEMENTOS<\/span><\/a><\/span><\/strong><\/td>\n<td width=\"111\"><strong><span style=\"color: #ff6600;\"><a href=\"https:\/\/www.itakaescolapios.org\/wp-content\/uploads\/2018\/11\/ANEXO-0_COMPLEMENTOS.pdf\" target=\"_blank\" rel=\"noopener\"><span style=\"color: #ff6600;\">ANEXO 0 COMPLEMENTOS<\/span><\/a><\/span><\/strong><\/td>\n<td width=\"111\"><strong><span style=\"color: #ff6600;\"><a href=\"https:\/\/www.itakaescolapios.org\/wp-content\/uploads\/2018\/11\/ANEXO-CIRCULAR-FAMILIAS.pdf\" target=\"_blank\" rel=\"noopener\"><span style=\"color: #ff6600;\">Circular familias<\/span><\/a><\/span><\/strong><\/td>\n<td width=\"111\"><strong><span style=\"color: #ff6600;\"><a href=\"https:\/\/www.itakaescolapios.org\/wp-content\/uploads\/2018\/11\/ANEXO-1_COMPLEMENTOS_Elykia-Esengo-y-Quisap.pdf\" target=\"_blank\" rel=\"noopener\"><span style=\"color: #ff6600;\">ANEXO 1 Elykia, Esengo y Quisap<\/span><\/a><\/span><\/strong><\/td>\n<td rowspan=\"2\" width=\"80\"><span style=\"color: #ff9900;\"><strong><a href=\"https:\/\/www.itakaescolapios.org\/wp-content\/uploads\/2018\/11\/DIPLOMA.pdf\" target=\"_blank\" rel=\"noopener\"><span style=\"color: #ff9900;\">DIPLOMA<\/span><\/a><\/strong><\/span><\/td>\n<\/tr>\n<tr>\n<td width=\"111\" height=\"32\"><strong><span style=\"color: #ff6600;\"><a href=\"https:\/\/www.itakaescolapios.org\/wp-content\/uploads\/2018\/11\/ANEXO-2_COMPLEMENTOS_Sukal-y-Marine.pdf\" target=\"_blank\" rel=\"noopener\"><span style=\"color: #ff6600;\">ANEXO 2 Sukal y Marine<\/span><\/a><\/span><\/strong><\/td>\n<td width=\"111\"><strong><span style=\"color: #ff6600;\"><a href=\"https:\/\/www.itakaescolapios.org\/wp-content\/uploads\/2018\/11\/ANEXO-3_COMPLEMENTOS_Bla-y-Jiwa.pdf\" target=\"_blank\" rel=\"noopener\"><span style=\"color: #ff6600;\">ANEXO 3 Bla y Jiwa<\/span><\/a><\/span><\/strong><\/td>\n<td width=\"111\"><strong><span style=\"color: #ff6600;\"><a href=\"https:\/\/www.itakaescolapios.org\/wp-content\/uploads\/2018\/11\/ANEXO-4_COMPLEMENTOS_Actividad-final.pdf\" target=\"_blank\" rel=\"noopener\"><span style=\"color: #ff6600;\">ANEXO 4 Actividad final<\/span><\/a><\/span><\/strong><\/td>\n<\/tr>\n<tr>\n<td height=\"11\"><\/td>\n<td><\/td>\n<td><\/td>\n<td><\/td>\n<td><\/td>\n<td><\/td>\n<\/tr>\n<tr>\n<td rowspan=\"2\" width=\"80\" height=\"64\"><span style=\"color: #000000;\"><strong>3\u00ba INFANTIL<\/strong><\/span><\/td>\n<td rowspan=\"2\" width=\"100\"><strong><span style=\"color: #000080;\"><a href=\"https:\/\/www.itakaescolapios.org\/wp-content\/uploads\/2018\/11\/3\u00ba-Infantil_EXPEDICI\u00d3N.pdf\" target=\"_blank\" rel=\"noopener\"><span style=\"color: #000080;\">EXPEDICI\u00d3N<\/span><\/a><\/span><\/strong><\/td>\n<td width=\"111\"><strong><span style=\"color: #0000ff;\"><a href=\"https:\/\/www.itakaescolapios.org\/wp-content\/uploads\/2018\/11\/ANEXO-0_EXPEDICI\u00d3N.pdf\" target=\"_blank\" rel=\"noopener\"><span style=\"color: #0000ff;\">ANEXO 0 EXPEDICI\u00d3N<\/span><\/a><\/span><\/strong><\/td>\n<td width=\"111\"><strong><span style=\"color: #0000ff;\"><a href=\"https:\/\/www.itakaescolapios.org\/wp-content\/uploads\/2018\/11\/ANEXO_Figuras-I.pdf\" target=\"_blank\" rel=\"noopener\"><span style=\"color: #0000ff;\">ANEXO Figuras<\/span><\/a><\/span><\/strong><\/td>\n<td width=\"111\"><strong><span style=\"color: #0000ff;\"><a href=\"https:\/\/www.itakaescolapios.org\/wp-content\/uploads\/2018\/11\/ANEXO-1_EXPEDICI\u00d3N_Elykia-Esengo-y-Quisap.pdf\" target=\"_blank\" rel=\"noopener\"><span style=\"color: #0000ff;\">ANEXO 1 Elykia, Esengo y Quisap<\/span><\/a><\/span><\/strong><\/td>\n<td rowspan=\"2\" width=\"80\"><span style=\"color: #3366ff;\"><strong><a href=\"https:\/\/www.itakaescolapios.org\/wp-content\/uploads\/2018\/11\/DIPLOMA.pdf\"><span style=\"color: #3366ff;\">DIPLOMA<\/span><\/a><\/strong><\/span><\/td>\n<\/tr>\n<tr>\n<td width=\"111\" height=\"32\"><strong><span style=\"color: #0000ff;\"><a href=\"https:\/\/www.itakaescolapios.org\/wp-content\/uploads\/2018\/11\/ANEXO-2_EXPEDICI\u00d3N_Sukal-y-Marine.pdf\" target=\"_blank\" rel=\"noopener\"><span style=\"color: #0000ff;\">ANEXO 2 Sukal y Marine<\/span><\/a><\/span><\/strong><\/td>\n<td width=\"111\"><strong><span style=\"color: #0000ff;\"><a href=\"https:\/\/www.itakaescolapios.org\/wp-content\/uploads\/2018\/11\/ANEXO-3_EXPEDICI\u00d3N_Bla-y-Jiwa.pdf\" target=\"_blank\" rel=\"noopener\"><span style=\"color: #0000ff;\">ANEXO 3 Bla y Jiwa<\/span><\/a><\/span><\/strong><\/td>\n<td width=\"111\"><span style=\"color: #0000ff;\"><strong><a href=\"https:\/\/www.itakaescolapios.org\/wp-content\/uploads\/2018\/11\/ANEXO-4_EXPEDICI\u00d3N_Actividad-final.pdf\" target=\"_blank\" rel=\"noopener\"><span style=\"color: #0000ff;\">ANEXO 4 Actividad final<\/span><\/a><\/strong><\/span><\/td>\n<\/tr>\n<\/tbody>\n<\/table>\n<p><!--more--><\/p>\n","protected":false},"excerpt":{"rendered":"<p>Esengo nos hace una propuesta de actividades para los y las m\u00e1s peque\u00f1as, aquellas que inician su andadura en nuestros centros educativos. Ni\u00f1os y ni\u00f1as de las etapas de infantil, [&hellip;]<\/p>\n","protected":false},"author":46,"featured_media":0,"parent":24641,"menu_order":6,"comment_status":"closed","ping_status":"closed","template":"","meta":{"_et_pb_use_builder":"","_et_pb_old_content":"","_et_gb_content_width":"","footnotes":""},"class_list":["post-25388","page","type-page","status-publish","hentry"],"yoast_head":"<!-- This site is optimized with the Yoast SEO plugin v27.4 - https:\/\/yoast.com\/product\/yoast-seo-wordpress\/ -->\n<title>ACTIVIDADES PARA LOS Y LAS M\u00c1S PEQUE\u00d1AS<\/title>\n<meta name=\"description\" content=\"Esengo nos hace una propuesta de actividades para los y las m\u00e1s peque\u00f1as, aquellas que inician su andadura en nuestros centros educativos. Ni\u00f1os y ni\u00f1as de las etapas de infantil, k\u00ednder, maternal \u2026 Esengo nos deja tres documentos que nos acercar\u00e1n a la Rep\u00fablica Democr\u00e1tica del Congo, a trav\u00e9s de su geograf\u00eda, naturaleza, cultura y&hellip;\" \/>\n<meta name=\"robots\" content=\"index, follow, max-snippet:-1, max-image-preview:large, max-video-preview:-1\" \/>\n<link rel=\"canonical\" href=\"http:\/\/Esengo%20nos%20hace%20una%20propuesta%20de%20actividades%20para%20los%20y%20las%20m\u00e1s%20peque\u00f1as,%20aquellas%20que%20inician%20su%20andadura%20en%20nuestros%20centros%20educativos.%20Ni\u00f1os%20y%20ni\u00f1as%20de%20las%20etapas%20de%20infantil,%20k\u00ednder,%20maternal%20\u2026%20Esengo%20nos%20deja%20tres%20documentos%20que%20nos%20acercar\u00e1n%20a%20la%20Rep\u00fablica%20Democr\u00e1tica%20del%20Congo,%20a%20trav\u00e9s%20de%20su%20geograf\u00eda,%20naturaleza,%20cultura%20y&hellip;\" \/>\n<meta property=\"og:locale\" content=\"ca_ES\" \/>\n<meta property=\"og:type\" content=\"article\" \/>\n<meta property=\"og:title\" content=\"ACTIVIDADES PARA LOS Y LAS M\u00c1S PEQUE\u00d1AS\" \/>\n<meta property=\"og:description\" content=\"Esengo nos hace una propuesta de actividades para los y las m\u00e1s peque\u00f1as, aquellas que inician su andadura en nuestros centros educativos. Ni\u00f1os y ni\u00f1as de las etapas de infantil, k\u00ednder, maternal \u2026 Esengo nos deja tres documentos que nos acercar\u00e1n a la Rep\u00fablica Democr\u00e1tica del Congo, a trav\u00e9s de su geograf\u00eda, naturaleza, cultura y&hellip;\" \/>\n<meta property=\"og:url\" content=\"https:\/\/www.itakaescolapios.org\/ca\/campanas\/2018-2019-al-ritmo-del-congo\/actividades-para-los-y-las-mas-pequenas\/\" \/>\n<meta property=\"og:site_name\" content=\"Itaka-Escolapios\" \/>\n<meta property=\"article:modified_time\" content=\"2023-11-28T11:37:08+00:00\" \/>\n<meta property=\"og:image\" content=\"https:\/\/www.itakaescolapios.org\/wp-content\/uploads\/2018\/11\/esengo.png\" \/>\n\t<meta property=\"og:image:width\" content=\"596\" \/>\n\t<meta property=\"og:image:height\" content=\"611\" \/>\n\t<meta property=\"og:image:type\" content=\"image\/png\" \/>\n<meta name=\"twitter:card\" content=\"summary_large_image\" \/>\n<meta name=\"twitter:label1\" content=\"Temps estimat de lectura\" \/>\n\t<meta name=\"twitter:data1\" content=\"1 minut\" \/>\n<script type=\"application\/ld+json\" class=\"yoast-schema-graph\">{\"@context\":\"https:\\\/\\\/schema.org\",\"@graph\":[{\"@type\":\"WebPage\",\"@id\":\"https:\\\/\\\/www.itakaescolapios.org\\\/ca\\\/campanas\\\/2018-2019-al-ritmo-del-congo\\\/actividades-para-los-y-las-mas-pequenas\\\/\",\"url\":\"https:\\\/\\\/www.itakaescolapios.org\\\/ca\\\/campanas\\\/2018-2019-al-ritmo-del-congo\\\/actividades-para-los-y-las-mas-pequenas\\\/\",\"name\":\"ACTIVIDADES PARA LOS Y LAS M\u00c1S PEQUE\u00d1AS - Itaka-Escolapios\",\"isPartOf\":{\"@id\":\"https:\\\/\\\/www.itakaescolapios.org\\\/es\\\/#website\"},\"primaryImageOfPage\":{\"@id\":\"https:\\\/\\\/www.itakaescolapios.org\\\/ca\\\/campanas\\\/2018-2019-al-ritmo-del-congo\\\/actividades-para-los-y-las-mas-pequenas\\\/#primaryimage\"},\"image\":{\"@id\":\"https:\\\/\\\/www.itakaescolapios.org\\\/ca\\\/campanas\\\/2018-2019-al-ritmo-del-congo\\\/actividades-para-los-y-las-mas-pequenas\\\/#primaryimage\"},\"thumbnailUrl\":\"https:\\\/\\\/www.itakaescolapios.org\\\/wp-content\\\/uploads\\\/2018\\\/11\\\/esengo-292x300.png\",\"datePublished\":\"2018-11-11T18:26:46+00:00\",\"dateModified\":\"2023-11-28T11:37:08+00:00\",\"breadcrumb\":{\"@id\":\"https:\\\/\\\/www.itakaescolapios.org\\\/ca\\\/campanas\\\/2018-2019-al-ritmo-del-congo\\\/actividades-para-los-y-las-mas-pequenas\\\/#breadcrumb\"},\"inLanguage\":\"ca\",\"potentialAction\":[{\"@type\":\"ReadAction\",\"target\":[\"https:\\\/\\\/www.itakaescolapios.org\\\/ca\\\/campanas\\\/2018-2019-al-ritmo-del-congo\\\/actividades-para-los-y-las-mas-pequenas\\\/\"]}]},{\"@type\":\"ImageObject\",\"inLanguage\":\"ca\",\"@id\":\"https:\\\/\\\/www.itakaescolapios.org\\\/ca\\\/campanas\\\/2018-2019-al-ritmo-del-congo\\\/actividades-para-los-y-las-mas-pequenas\\\/#primaryimage\",\"url\":\"https:\\\/\\\/www.itakaescolapios.org\\\/wp-content\\\/uploads\\\/2018\\\/11\\\/esengo-292x300.png\",\"contentUrl\":\"https:\\\/\\\/www.itakaescolapios.org\\\/wp-content\\\/uploads\\\/2018\\\/11\\\/esengo-292x300.png\"},{\"@type\":\"BreadcrumbList\",\"@id\":\"https:\\\/\\\/www.itakaescolapios.org\\\/ca\\\/campanas\\\/2018-2019-al-ritmo-del-congo\\\/actividades-para-los-y-las-mas-pequenas\\\/#breadcrumb\",\"itemListElement\":[{\"@type\":\"ListItem\",\"position\":1,\"name\":\"Itaka-Escolapios\",\"item\":\"https:\\\/\\\/www.itakaescolapios.org\\\/es\\\/\"},{\"@type\":\"ListItem\",\"position\":2,\"name\":\"Campa\u00f1as\",\"item\":\"https:\\\/\\\/www.itakaescolapios.org\\\/es\\\/campanas\\\/\"},{\"@type\":\"ListItem\",\"position\":3,\"name\":\"2018-2019 AL RITMO DE CONGO\",\"item\":\"https:\\\/\\\/www.itakaescolapios.org\\\/es\\\/campanas\\\/2018-2019-al-ritmo-del-congo\\\/\"},{\"@type\":\"ListItem\",\"position\":4,\"name\":\"ACTIVIDADES PARA LOS Y LAS M\u00c1S PEQUE\u00d1AS\"}]},{\"@type\":\"WebSite\",\"@id\":\"https:\\\/\\\/www.itakaescolapios.org\\\/ca\\\/es\\\/#website\",\"url\":\"https:\\\/\\\/www.itakaescolapios.org\\\/ca\\\/es\\\/\",\"name\":\"Itaka-Escolapios\",\"description\":\"Red de Itaka-Escolapios\",\"publisher\":{\"@id\":\"https:\\\/\\\/www.itakaescolapios.org\\\/ca\\\/es\\\/#organization\"},\"potentialAction\":[{\"@type\":\"SearchAction\",\"target\":{\"@type\":\"EntryPoint\",\"urlTemplate\":\"https:\\\/\\\/www.itakaescolapios.org\\\/ca\\\/es\\\/?s={search_term_string}\"},\"query-input\":{\"@type\":\"PropertyValueSpecification\",\"valueRequired\":true,\"valueName\":\"search_term_string\"}}],\"inLanguage\":\"ca\"},{\"@type\":\"Organization\",\"@id\":\"https:\\\/\\\/www.itakaescolapios.org\\\/ca\\\/es\\\/#organization\",\"name\":\"Fundaci\u00f3 Itaka-Escolapios\",\"url\":\"https:\\\/\\\/www.itakaescolapios.org\\\/ca\\\/es\\\/\",\"logo\":{\"@type\":\"ImageObject\",\"inLanguage\":\"ca\",\"@id\":\"https:\\\/\\\/www.itakaescolapios.org\\\/ca\\\/es\\\/#\\\/schema\\\/logo\\\/image\\\/\",\"url\":\"https:\\\/\\\/www.itakaescolapios.org\\\/wp-content\\\/uploads\\\/2024\\\/04\\\/Logo-itakaescolapios-peque.png\",\"contentUrl\":\"https:\\\/\\\/www.itakaescolapios.org\\\/wp-content\\\/uploads\\\/2024\\\/04\\\/Logo-itakaescolapios-peque.png\",\"width\":500,\"height\":199,\"caption\":\"Fundaci\u00f3 Itaka-Escolapios\"},\"image\":{\"@id\":\"https:\\\/\\\/www.itakaescolapios.org\\\/ca\\\/es\\\/#\\\/schema\\\/logo\\\/image\\\/\"}}]}<\/script>\n<!-- \/ Yoast SEO plugin. -->","yoast_head_json":{"title":"ACTIVIDADES PARA LOS Y LAS M\u00c1S PEQUE\u00d1AS","description":"Esengo nos hace una propuesta de actividades para los y las m\u00e1s peque\u00f1as, aquellas que inician su andadura en nuestros centros educativos. Ni\u00f1os y ni\u00f1as de las etapas de infantil, k\u00ednder, maternal \u2026 Esengo nos deja tres documentos que nos acercar\u00e1n a la Rep\u00fablica Democr\u00e1tica del Congo, a trav\u00e9s de su geograf\u00eda, naturaleza, cultura y&hellip;","robots":{"index":"index","follow":"follow","max-snippet":"max-snippet:-1","max-image-preview":"max-image-preview:large","max-video-preview":"max-video-preview:-1"},"canonical":"Esengo nos hace una propuesta de actividades para los y las m\u00e1s peque\u00f1as, aquellas que inician su andadura en nuestros centros educativos. Ni\u00f1os y ni\u00f1as de las etapas de infantil, k\u00ednder, maternal \u2026 Esengo nos deja tres documentos que nos acercar\u00e1n a la Rep\u00fablica Democr\u00e1tica del Congo, a trav\u00e9s de su geograf\u00eda, naturaleza, cultura y&hellip;","og_locale":"ca_ES","og_type":"article","og_title":"ACTIVIDADES PARA LOS Y LAS M\u00c1S PEQUE\u00d1AS","og_description":"Esengo nos hace una propuesta de actividades para los y las m\u00e1s peque\u00f1as, aquellas que inician su andadura en nuestros centros educativos. Ni\u00f1os y ni\u00f1as de las etapas de infantil, k\u00ednder, maternal \u2026 Esengo nos deja tres documentos que nos acercar\u00e1n a la Rep\u00fablica Democr\u00e1tica del Congo, a trav\u00e9s de su geograf\u00eda, naturaleza, cultura y&hellip;","og_url":"https:\/\/www.itakaescolapios.org\/ca\/campanas\/2018-2019-al-ritmo-del-congo\/actividades-para-los-y-las-mas-pequenas\/","og_site_name":"Itaka-Escolapios","article_modified_time":"2023-11-28T11:37:08+00:00","og_image":[{"width":596,"height":611,"url":"https:\/\/www.itakaescolapios.org\/wp-content\/uploads\/2018\/11\/esengo.png","type":"image\/png"}],"twitter_card":"summary_large_image","twitter_misc":{"Temps estimat de lectura":"1 minut"},"schema":{"@context":"https:\/\/schema.org","@graph":[{"@type":"WebPage","@id":"https:\/\/www.itakaescolapios.org\/ca\/campanas\/2018-2019-al-ritmo-del-congo\/actividades-para-los-y-las-mas-pequenas\/","url":"https:\/\/www.itakaescolapios.org\/ca\/campanas\/2018-2019-al-ritmo-del-congo\/actividades-para-los-y-las-mas-pequenas\/","name":"ACTIVIDADES PARA LOS Y LAS M\u00c1S PEQUE\u00d1AS - Itaka-Escolapios","isPartOf":{"@id":"https:\/\/www.itakaescolapios.org\/es\/#website"},"primaryImageOfPage":{"@id":"https:\/\/www.itakaescolapios.org\/ca\/campanas\/2018-2019-al-ritmo-del-congo\/actividades-para-los-y-las-mas-pequenas\/#primaryimage"},"image":{"@id":"https:\/\/www.itakaescolapios.org\/ca\/campanas\/2018-2019-al-ritmo-del-congo\/actividades-para-los-y-las-mas-pequenas\/#primaryimage"},"thumbnailUrl":"https:\/\/www.itakaescolapios.org\/wp-content\/uploads\/2018\/11\/esengo-292x300.png","datePublished":"2018-11-11T18:26:46+00:00","dateModified":"2023-11-28T11:37:08+00:00","breadcrumb":{"@id":"https:\/\/www.itakaescolapios.org\/ca\/campanas\/2018-2019-al-ritmo-del-congo\/actividades-para-los-y-las-mas-pequenas\/#breadcrumb"},"inLanguage":"ca","potentialAction":[{"@type":"ReadAction","target":["https:\/\/www.itakaescolapios.org\/ca\/campanas\/2018-2019-al-ritmo-del-congo\/actividades-para-los-y-las-mas-pequenas\/"]}]},{"@type":"ImageObject","inLanguage":"ca","@id":"https:\/\/www.itakaescolapios.org\/ca\/campanas\/2018-2019-al-ritmo-del-congo\/actividades-para-los-y-las-mas-pequenas\/#primaryimage","url":"https:\/\/www.itakaescolapios.org\/wp-content\/uploads\/2018\/11\/esengo-292x300.png","contentUrl":"https:\/\/www.itakaescolapios.org\/wp-content\/uploads\/2018\/11\/esengo-292x300.png"},{"@type":"BreadcrumbList","@id":"https:\/\/www.itakaescolapios.org\/ca\/campanas\/2018-2019-al-ritmo-del-congo\/actividades-para-los-y-las-mas-pequenas\/#breadcrumb","itemListElement":[{"@type":"ListItem","position":1,"name":"Itaka-Escolapios","item":"https:\/\/www.itakaescolapios.org\/es\/"},{"@type":"ListItem","position":2,"name":"Campa\u00f1as","item":"https:\/\/www.itakaescolapios.org\/es\/campanas\/"},{"@type":"ListItem","position":3,"name":"2018-2019 AL RITMO DE CONGO","item":"https:\/\/www.itakaescolapios.org\/es\/campanas\/2018-2019-al-ritmo-del-congo\/"},{"@type":"ListItem","position":4,"name":"ACTIVIDADES PARA LOS Y LAS M\u00c1S PEQUE\u00d1AS"}]},{"@type":"WebSite","@id":"https:\/\/www.itakaescolapios.org\/ca\/es\/#website","url":"https:\/\/www.itakaescolapios.org\/ca\/es\/","name":"Itaka-Escolapios","description":"Red de Itaka-Escolapios","publisher":{"@id":"https:\/\/www.itakaescolapios.org\/ca\/es\/#organization"},"potentialAction":[{"@type":"SearchAction","target":{"@type":"EntryPoint","urlTemplate":"https:\/\/www.itakaescolapios.org\/ca\/es\/?s={search_term_string}"},"query-input":{"@type":"PropertyValueSpecification","valueRequired":true,"valueName":"search_term_string"}}],"inLanguage":"ca"},{"@type":"Organization","@id":"https:\/\/www.itakaescolapios.org\/ca\/es\/#organization","name":"Fundaci\u00f3 Itaka-Escolapios","url":"https:\/\/www.itakaescolapios.org\/ca\/es\/","logo":{"@type":"ImageObject","inLanguage":"ca","@id":"https:\/\/www.itakaescolapios.org\/ca\/es\/#\/schema\/logo\/image\/","url":"https:\/\/www.itakaescolapios.org\/wp-content\/uploads\/2024\/04\/Logo-itakaescolapios-peque.png","contentUrl":"https:\/\/www.itakaescolapios.org\/wp-content\/uploads\/2024\/04\/Logo-itakaescolapios-peque.png","width":500,"height":199,"caption":"Fundaci\u00f3 Itaka-Escolapios"},"image":{"@id":"https:\/\/www.itakaescolapios.org\/ca\/es\/#\/schema\/logo\/image\/"}}]}},"_links":{"self":[{"href":"https:\/\/www.itakaescolapios.org\/ca\/wp-json\/wp\/v2\/pages\/25388","targetHints":{"allow":["GET"]}}],"collection":[{"href":"https:\/\/www.itakaescolapios.org\/ca\/wp-json\/wp\/v2\/pages"}],"about":[{"href":"https:\/\/www.itakaescolapios.org\/ca\/wp-json\/wp\/v2\/types\/page"}],"author":[{"embeddable":true,"href":"https:\/\/www.itakaescolapios.org\/ca\/wp-json\/wp\/v2\/users\/46"}],"replies":[{"embeddable":true,"href":"https:\/\/www.itakaescolapios.org\/ca\/wp-json\/wp\/v2\/comments?post=25388"}],"version-history":[{"count":25,"href":"https:\/\/www.itakaescolapios.org\/ca\/wp-json\/wp\/v2\/pages\/25388\/revisions"}],"predecessor-version":[{"id":46156,"href":"https:\/\/www.itakaescolapios.org\/ca\/wp-json\/wp\/v2\/pages\/25388\/revisions\/46156"}],"up":[{"embeddable":true,"href":"https:\/\/www.itakaescolapios.org\/ca\/wp-json\/wp\/v2\/pages\/24641"}],"wp:attachment":[{"href":"https:\/\/www.itakaescolapios.org\/ca\/wp-json\/wp\/v2\/media?parent=25388"}],"curies":[{"name":"wp","href":"https:\/\/api.w.org\/{rel}","templated":true}]}}