{"id":28648,"date":"2019-10-29T14:09:10","date_gmt":"2019-10-29T13:09:10","guid":{"rendered":"https:\/\/www.itakaescolapios.org\/?page_id=28648"},"modified":"2023-11-28T12:36:40","modified_gmt":"2023-11-28T11:36:40","slug":"centros-calasanz-en-america-latina","status":"publish","type":"page","link":"https:\/\/www.itakaescolapios.org\/ca\/campanas\/2019-2020-compartiendo-mucha-vida-juventuditakaescolapios\/centros-calasanz-en-america-latina\/","title":{"rendered":"LOS CENTROS CALASANZ EN AM\u00c9RICA LATINA"},"content":{"rendered":"<p>Itaka-Escolapios cuenta con una <strong>red de Centros<\/strong> culturales o socioeducativos <strong>que tienen como objetivo fomentar la educaci\u00f3n integral para ni\u00f1os, ni\u00f1as, j\u00f3venes y sus familias con vocaci\u00f3n de ser centros abiertos a la comunidad<\/strong>.<\/p>\n<p>En Am\u00e9rica, la red tiene centros en cinco pa\u00edses, abarcando un total de trece centros ubicados en Santa Cruz y Cochabamba en Bolivia, Gobernador Valadares, Belo Horizonte, Serra y Aracaju en Brasil, Campeche en M\u00e9xico, Santo Domingo en Rep\u00fablica Dominicana y en Barquisimeto, Caracas, Carora, Maracaibo y Valencia en Venezuela.<\/p>\n<p>La campa\u00f1a de solidaridad <strong>&#8220;COMPARTIENDO MUCHA VIDA. #juventuditakaescolapios\u201d se centra en el trabajo que se realiza en cinco de estos centros socioeducativos con cerca de 1.700 ni\u00f1os, ni\u00f1as y j\u00f3venes<\/strong>.<\/p>\n<p>Desc\u00e1rgate la informaci\u00f3n de los centros:<\/p>\n<table width=\"406\">\n<tbody>\n<tr>\n<td width=\"288\"><strong><span style=\"color: #666699;\"><a style=\"color: #666699;\" href=\"https:\/\/www.itakaescolapios.org\/wp-content\/uploads\/2019\/11\/COCHABAMBA.pdf\" target=\"_blank\" rel=\"noopener noreferrer\">CENTRO CALASANZ<\/a><\/span><\/strong><\/td>\n<td width=\"118\"><span style=\"color: #666699;\">COCHABAMBA<\/span><\/td>\n<\/tr>\n<tr>\n<td><strong><span style=\"color: #800080;\"><a style=\"color: #800080;\" href=\"https:\/\/www.itakaescolapios.org\/wp-content\/uploads\/2019\/11\/BARQUISIMETO.pdf\" target=\"_blank\" rel=\"noopener noreferrer\">CENTRO CULTURAL CALASANZ EL TROMPILLO<\/a><\/span><\/strong><\/td>\n<td><span style=\"color: #800080;\">BARQUISIMETO<\/span><\/td>\n<\/tr>\n<tr>\n<td><strong><span style=\"color: #008000;\"><a style=\"color: #008000;\" href=\"https:\/\/www.itakaescolapios.org\/wp-content\/uploads\/2019\/11\/CAMPECHE.pdf\" target=\"_blank\" rel=\"noopener noreferrer\">CENTRO CULTURAL CALASANZ CAMPECHE<\/a><\/span><\/strong><\/td>\n<td><span style=\"color: #008000;\">CHAPOT\u00d3N<\/span><\/td>\n<\/tr>\n<tr>\n<td><strong><span style=\"color: #008080;\"><a style=\"color: #008080;\" href=\"https:\/\/www.itakaescolapios.org\/wp-content\/uploads\/2019\/11\/LA-PUYA.pdf\" target=\"_blank\" rel=\"noopener noreferrer\">CENTRO CULTURAL CALASANZ LA PUYA<\/a><\/span><\/strong><\/td>\n<td><span style=\"color: #008080;\">SANTO DOMINGO<\/span><\/td>\n<\/tr>\n<tr>\n<td><strong><span style=\"color: #800000;\"><a style=\"color: #800000;\" href=\"https:\/\/www.itakaescolapios.org\/wp-content\/uploads\/2019\/11\/ARACAJU.pdf\" target=\"_blank\" rel=\"noopener noreferrer\">CENTRO SOCIAL SANTA TEREZINHA<\/a><\/span><\/strong><\/td>\n<td><span style=\"color: #800000;\">ARACAJU<\/span><\/td>\n<\/tr>\n<\/tbody>\n<\/table>\n<p>&nbsp;<\/p>\n<p><strong><span style=\"color: #808000;\">V\u00cdDEOS CON TESTIMONIOS DEL VOLUNTARIADO Y PERSONAL DE LOS CENTROS CALASANZ<\/span><\/strong><\/p>\n<p><iframe loading=\"lazy\" src=\"https:\/\/www.youtube.com\/embed\/E7V2mQIAS7w\" width=\"252\" height=\"142\" frameborder=\"0\" allowfullscreen=\"allowfullscreen\"><\/iframe> <iframe loading=\"lazy\" src=\"https:\/\/www.youtube.com\/embed\/UKjMrr9pcrc\" width=\"252\" height=\"142\" frameborder=\"0\" allowfullscreen=\"allowfullscreen\"><\/iframe><\/p>\n<p><iframe loading=\"lazy\" src=\"https:\/\/www.youtube.com\/embed\/eusmwuOOptA\" width=\"252\" height=\"142\" frameborder=\"0\" allowfullscreen=\"allowfullscreen\"><\/iframe> <iframe loading=\"lazy\" src=\"https:\/\/www.youtube.com\/embed\/iD1ZWkDUnB8\" width=\"252\" height=\"142\" frameborder=\"0\" allowfullscreen=\"allowfullscreen\"><\/iframe><\/p>\n<p><iframe loading=\"lazy\" src=\"https:\/\/www.youtube.com\/embed\/6I3i6b5hnfg\" width=\"252\" height=\"142\" frameborder=\"0\" allowfullscreen=\"allowfullscreen\"><\/iframe> <iframe loading=\"lazy\" src=\"https:\/\/www.youtube.com\/embed\/1aBgLHdFu7E\" width=\"252\" height=\"142\" frameborder=\"0\" allowfullscreen=\"allowfullscreen\"><\/iframe><\/p>\n<p><iframe loading=\"lazy\" src=\"https:\/\/www.youtube.com\/embed\/6o3or783_vs\" width=\"252\" height=\"142\" frameborder=\"0\" allowfullscreen=\"allowfullscreen\"><\/iframe><!--more--><\/p>\n","protected":false},"excerpt":{"rendered":"<p>Itaka-Escolapios cuenta con una red de Centros culturales o socioeducativos que tienen como objetivo fomentar la educaci\u00f3n integral para ni\u00f1os, ni\u00f1as, j\u00f3venes y sus familias con vocaci\u00f3n de ser centros [&hellip;]<\/p>\n","protected":false},"author":46,"featured_media":0,"parent":28602,"menu_order":5,"comment_status":"closed","ping_status":"closed","template":"","meta":{"_et_pb_use_builder":"","_et_pb_old_content":"","_et_gb_content_width":"","footnotes":""},"class_list":["post-28648","page","type-page","status-publish","hentry"],"yoast_head":"<!-- This site is optimized with the Yoast SEO plugin v27.5 - https:\/\/yoast.com\/product\/yoast-seo-wordpress\/ -->\n<title>LOS CENTROS CALASANZ EN AM\u00c9RICA LATINA<\/title>\n<meta name=\"description\" content=\"Itaka-Escolapios cuenta con una red de Centros culturales o socioeducativos que tienen como objetivo fomentar la educaci\u00f3n integral para ni\u00f1os, ni\u00f1as, j\u00f3venes y sus familias con vocaci\u00f3n de ser centros abiertos a la comunidad. En Am\u00e9rica, la red tiene centros en cinco pa\u00edses, abarcando un total de trece centros ubicados en Santa Cruz y Cochabamba&hellip;\" \/>\n<meta name=\"robots\" content=\"index, follow, max-snippet:-1, max-image-preview:large, max-video-preview:-1\" \/>\n<link rel=\"canonical\" href=\"http:\/\/Itaka-Escolapios%20cuenta%20con%20una%20red%20de%20Centros%20culturales%20o%20socioeducativos%20que%20tienen%20como%20objetivo%20fomentar%20la%20educaci\u00f3n%20integral%20para%20ni\u00f1os,%20ni\u00f1as,%20j\u00f3venes%20y%20sus%20familias%20con%20vocaci\u00f3n%20de%20ser%20centros%20abiertos%20a%20la%20comunidad.%20En%20Am\u00e9rica,%20la%20red%20tiene%20centros%20en%20cinco%20pa\u00edses,%20abarcando%20un%20total%20de%20trece%20centros%20ubicados%20en%20Santa%20Cruz%20y%20Cochabamba&hellip;\" \/>\n<meta property=\"og:locale\" content=\"ca_ES\" \/>\n<meta property=\"og:type\" content=\"article\" \/>\n<meta property=\"og:title\" content=\"LOS CENTROS CALASANZ EN AM\u00c9RICA LATINA\" \/>\n<meta property=\"og:description\" content=\"Itaka-Escolapios cuenta con una red de Centros culturales o socioeducativos que tienen como objetivo fomentar la educaci\u00f3n integral para ni\u00f1os, ni\u00f1as, j\u00f3venes y sus familias con vocaci\u00f3n de ser centros abiertos a la comunidad. En Am\u00e9rica, la red tiene centros en cinco pa\u00edses, abarcando un total de trece centros ubicados en Santa Cruz y Cochabamba&hellip;\" \/>\n<meta property=\"og:url\" content=\"https:\/\/www.itakaescolapios.org\/ca\/campanas\/2019-2020-compartiendo-mucha-vida-juventuditakaescolapios\/centros-calasanz-en-america-latina\/\" \/>\n<meta property=\"og:site_name\" content=\"Itaka-Escolapios\" \/>\n<meta property=\"article:modified_time\" content=\"2023-11-28T11:36:40+00:00\" \/>\n<meta name=\"twitter:card\" content=\"summary_large_image\" \/>\n<meta name=\"twitter:label1\" content=\"Temps estimat de lectura\" \/>\n\t<meta name=\"twitter:data1\" content=\"1 minut\" \/>\n<script type=\"application\/ld+json\" class=\"yoast-schema-graph\">{\"@context\":\"https:\\\/\\\/schema.org\",\"@graph\":[{\"@type\":\"WebPage\",\"@id\":\"https:\\\/\\\/www.itakaescolapios.org\\\/ca\\\/campanas\\\/2019-2020-compartiendo-mucha-vida-juventuditakaescolapios\\\/centros-calasanz-en-america-latina\\\/\",\"url\":\"https:\\\/\\\/www.itakaescolapios.org\\\/ca\\\/campanas\\\/2019-2020-compartiendo-mucha-vida-juventuditakaescolapios\\\/centros-calasanz-en-america-latina\\\/\",\"name\":\"LOS CENTROS CALASANZ EN AM\u00c9RICA LATINA - Itaka-Escolapios\",\"isPartOf\":{\"@id\":\"https:\\\/\\\/www.itakaescolapios.org\\\/es\\\/#website\"},\"datePublished\":\"2019-10-29T13:09:10+00:00\",\"dateModified\":\"2023-11-28T11:36:40+00:00\",\"breadcrumb\":{\"@id\":\"https:\\\/\\\/www.itakaescolapios.org\\\/ca\\\/campanas\\\/2019-2020-compartiendo-mucha-vida-juventuditakaescolapios\\\/centros-calasanz-en-america-latina\\\/#breadcrumb\"},\"inLanguage\":\"ca\",\"potentialAction\":[{\"@type\":\"ReadAction\",\"target\":[\"https:\\\/\\\/www.itakaescolapios.org\\\/ca\\\/campanas\\\/2019-2020-compartiendo-mucha-vida-juventuditakaescolapios\\\/centros-calasanz-en-america-latina\\\/\"]}]},{\"@type\":\"BreadcrumbList\",\"@id\":\"https:\\\/\\\/www.itakaescolapios.org\\\/ca\\\/campanas\\\/2019-2020-compartiendo-mucha-vida-juventuditakaescolapios\\\/centros-calasanz-en-america-latina\\\/#breadcrumb\",\"itemListElement\":[{\"@type\":\"ListItem\",\"position\":1,\"name\":\"Itaka-Escolapios\",\"item\":\"https:\\\/\\\/www.itakaescolapios.org\\\/es\\\/\"},{\"@type\":\"ListItem\",\"position\":2,\"name\":\"Campa\u00f1as\",\"item\":\"https:\\\/\\\/www.itakaescolapios.org\\\/es\\\/campanas\\\/\"},{\"@type\":\"ListItem\",\"position\":3,\"name\":\"2019-2020 COMPARTIENDO MUCHA VIDA #juventuditakaescolapios\",\"item\":\"https:\\\/\\\/www.itakaescolapios.org\\\/es\\\/campanas\\\/2019-2020-compartiendo-mucha-vida-juventuditakaescolapios\\\/\"},{\"@type\":\"ListItem\",\"position\":4,\"name\":\"LOS CENTROS CALASANZ EN AM\u00c9RICA LATINA\"}]},{\"@type\":\"WebSite\",\"@id\":\"https:\\\/\\\/www.itakaescolapios.org\\\/ca\\\/es\\\/#website\",\"url\":\"https:\\\/\\\/www.itakaescolapios.org\\\/ca\\\/es\\\/\",\"name\":\"Itaka-Escolapios\",\"description\":\"Red de Itaka-Escolapios\",\"publisher\":{\"@id\":\"https:\\\/\\\/www.itakaescolapios.org\\\/ca\\\/es\\\/#organization\"},\"potentialAction\":[{\"@type\":\"SearchAction\",\"target\":{\"@type\":\"EntryPoint\",\"urlTemplate\":\"https:\\\/\\\/www.itakaescolapios.org\\\/ca\\\/es\\\/?s={search_term_string}\"},\"query-input\":{\"@type\":\"PropertyValueSpecification\",\"valueRequired\":true,\"valueName\":\"search_term_string\"}}],\"inLanguage\":\"ca\"},{\"@type\":\"Organization\",\"@id\":\"https:\\\/\\\/www.itakaescolapios.org\\\/ca\\\/es\\\/#organization\",\"name\":\"Fundaci\u00f3 Itaka-Escolapios\",\"url\":\"https:\\\/\\\/www.itakaescolapios.org\\\/ca\\\/es\\\/\",\"logo\":{\"@type\":\"ImageObject\",\"inLanguage\":\"ca\",\"@id\":\"https:\\\/\\\/www.itakaescolapios.org\\\/ca\\\/es\\\/#\\\/schema\\\/logo\\\/image\\\/\",\"url\":\"https:\\\/\\\/www.itakaescolapios.org\\\/wp-content\\\/uploads\\\/2024\\\/04\\\/Logo-itakaescolapios-peque.png\",\"contentUrl\":\"https:\\\/\\\/www.itakaescolapios.org\\\/wp-content\\\/uploads\\\/2024\\\/04\\\/Logo-itakaescolapios-peque.png\",\"width\":500,\"height\":199,\"caption\":\"Fundaci\u00f3 Itaka-Escolapios\"},\"image\":{\"@id\":\"https:\\\/\\\/www.itakaescolapios.org\\\/ca\\\/es\\\/#\\\/schema\\\/logo\\\/image\\\/\"}}]}<\/script>\n<!-- \/ Yoast SEO plugin. -->","yoast_head_json":{"title":"LOS CENTROS CALASANZ EN AM\u00c9RICA LATINA","description":"Itaka-Escolapios cuenta con una red de Centros culturales o socioeducativos que tienen como objetivo fomentar la educaci\u00f3n integral para ni\u00f1os, ni\u00f1as, j\u00f3venes y sus familias con vocaci\u00f3n de ser centros abiertos a la comunidad. En Am\u00e9rica, la red tiene centros en cinco pa\u00edses, abarcando un total de trece centros ubicados en Santa Cruz y Cochabamba&hellip;","robots":{"index":"index","follow":"follow","max-snippet":"max-snippet:-1","max-image-preview":"max-image-preview:large","max-video-preview":"max-video-preview:-1"},"canonical":"Itaka-Escolapios cuenta con una red de Centros culturales o socioeducativos que tienen como objetivo fomentar la educaci\u00f3n integral para ni\u00f1os, ni\u00f1as, j\u00f3venes y sus familias con vocaci\u00f3n de ser centros abiertos a la comunidad. En Am\u00e9rica, la red tiene centros en cinco pa\u00edses, abarcando un total de trece centros ubicados en Santa Cruz y Cochabamba&hellip;","og_locale":"ca_ES","og_type":"article","og_title":"LOS CENTROS CALASANZ EN AM\u00c9RICA LATINA","og_description":"Itaka-Escolapios cuenta con una red de Centros culturales o socioeducativos que tienen como objetivo fomentar la educaci\u00f3n integral para ni\u00f1os, ni\u00f1as, j\u00f3venes y sus familias con vocaci\u00f3n de ser centros abiertos a la comunidad. En Am\u00e9rica, la red tiene centros en cinco pa\u00edses, abarcando un total de trece centros ubicados en Santa Cruz y Cochabamba&hellip;","og_url":"https:\/\/www.itakaescolapios.org\/ca\/campanas\/2019-2020-compartiendo-mucha-vida-juventuditakaescolapios\/centros-calasanz-en-america-latina\/","og_site_name":"Itaka-Escolapios","article_modified_time":"2023-11-28T11:36:40+00:00","twitter_card":"summary_large_image","twitter_misc":{"Temps estimat de lectura":"1 minut"},"schema":{"@context":"https:\/\/schema.org","@graph":[{"@type":"WebPage","@id":"https:\/\/www.itakaescolapios.org\/ca\/campanas\/2019-2020-compartiendo-mucha-vida-juventuditakaescolapios\/centros-calasanz-en-america-latina\/","url":"https:\/\/www.itakaescolapios.org\/ca\/campanas\/2019-2020-compartiendo-mucha-vida-juventuditakaescolapios\/centros-calasanz-en-america-latina\/","name":"LOS CENTROS CALASANZ EN AM\u00c9RICA LATINA - Itaka-Escolapios","isPartOf":{"@id":"https:\/\/www.itakaescolapios.org\/es\/#website"},"datePublished":"2019-10-29T13:09:10+00:00","dateModified":"2023-11-28T11:36:40+00:00","breadcrumb":{"@id":"https:\/\/www.itakaescolapios.org\/ca\/campanas\/2019-2020-compartiendo-mucha-vida-juventuditakaescolapios\/centros-calasanz-en-america-latina\/#breadcrumb"},"inLanguage":"ca","potentialAction":[{"@type":"ReadAction","target":["https:\/\/www.itakaescolapios.org\/ca\/campanas\/2019-2020-compartiendo-mucha-vida-juventuditakaescolapios\/centros-calasanz-en-america-latina\/"]}]},{"@type":"BreadcrumbList","@id":"https:\/\/www.itakaescolapios.org\/ca\/campanas\/2019-2020-compartiendo-mucha-vida-juventuditakaescolapios\/centros-calasanz-en-america-latina\/#breadcrumb","itemListElement":[{"@type":"ListItem","position":1,"name":"Itaka-Escolapios","item":"https:\/\/www.itakaescolapios.org\/es\/"},{"@type":"ListItem","position":2,"name":"Campa\u00f1as","item":"https:\/\/www.itakaescolapios.org\/es\/campanas\/"},{"@type":"ListItem","position":3,"name":"2019-2020 COMPARTIENDO MUCHA VIDA #juventuditakaescolapios","item":"https:\/\/www.itakaescolapios.org\/es\/campanas\/2019-2020-compartiendo-mucha-vida-juventuditakaescolapios\/"},{"@type":"ListItem","position":4,"name":"LOS CENTROS CALASANZ EN AM\u00c9RICA LATINA"}]},{"@type":"WebSite","@id":"https:\/\/www.itakaescolapios.org\/ca\/es\/#website","url":"https:\/\/www.itakaescolapios.org\/ca\/es\/","name":"Itaka-Escolapios","description":"Red de Itaka-Escolapios","publisher":{"@id":"https:\/\/www.itakaescolapios.org\/ca\/es\/#organization"},"potentialAction":[{"@type":"SearchAction","target":{"@type":"EntryPoint","urlTemplate":"https:\/\/www.itakaescolapios.org\/ca\/es\/?s={search_term_string}"},"query-input":{"@type":"PropertyValueSpecification","valueRequired":true,"valueName":"search_term_string"}}],"inLanguage":"ca"},{"@type":"Organization","@id":"https:\/\/www.itakaescolapios.org\/ca\/es\/#organization","name":"Fundaci\u00f3 Itaka-Escolapios","url":"https:\/\/www.itakaescolapios.org\/ca\/es\/","logo":{"@type":"ImageObject","inLanguage":"ca","@id":"https:\/\/www.itakaescolapios.org\/ca\/es\/#\/schema\/logo\/image\/","url":"https:\/\/www.itakaescolapios.org\/wp-content\/uploads\/2024\/04\/Logo-itakaescolapios-peque.png","contentUrl":"https:\/\/www.itakaescolapios.org\/wp-content\/uploads\/2024\/04\/Logo-itakaescolapios-peque.png","width":500,"height":199,"caption":"Fundaci\u00f3 Itaka-Escolapios"},"image":{"@id":"https:\/\/www.itakaescolapios.org\/ca\/es\/#\/schema\/logo\/image\/"}}]}},"_links":{"self":[{"href":"https:\/\/www.itakaescolapios.org\/ca\/wp-json\/wp\/v2\/pages\/28648","targetHints":{"allow":["GET"]}}],"collection":[{"href":"https:\/\/www.itakaescolapios.org\/ca\/wp-json\/wp\/v2\/pages"}],"about":[{"href":"https:\/\/www.itakaescolapios.org\/ca\/wp-json\/wp\/v2\/types\/page"}],"author":[{"embeddable":true,"href":"https:\/\/www.itakaescolapios.org\/ca\/wp-json\/wp\/v2\/users\/46"}],"replies":[{"embeddable":true,"href":"https:\/\/www.itakaescolapios.org\/ca\/wp-json\/wp\/v2\/comments?post=28648"}],"version-history":[{"count":18,"href":"https:\/\/www.itakaescolapios.org\/ca\/wp-json\/wp\/v2\/pages\/28648\/revisions"}],"predecessor-version":[{"id":45386,"href":"https:\/\/www.itakaescolapios.org\/ca\/wp-json\/wp\/v2\/pages\/28648\/revisions\/45386"}],"up":[{"embeddable":true,"href":"https:\/\/www.itakaescolapios.org\/ca\/wp-json\/wp\/v2\/pages\/28602"}],"wp:attachment":[{"href":"https:\/\/www.itakaescolapios.org\/ca\/wp-json\/wp\/v2\/media?parent=28648"}],"curies":[{"name":"wp","href":"https:\/\/api.w.org\/{rel}","templated":true}]}}