{"id":28653,"date":"2019-10-29T15:34:52","date_gmt":"2019-10-29T14:34:52","guid":{"rendered":"https:\/\/www.itakaescolapios.org\/?page_id=28653"},"modified":"2023-11-28T12:36:40","modified_gmt":"2023-11-28T11:36:40","slug":"actividades-para-los-y-las-mas-pequenas","status":"publish","type":"page","link":"https:\/\/www.itakaescolapios.org\/ca\/campanas\/2019-2020-compartiendo-mucha-vida-juventuditakaescolapios\/actividades-para-los-y-las-mas-pequenas\/","title":{"rendered":"ACTIVIDADES PARA LOS Y LAS M\u00c1S PEQUE\u00d1AS"},"content":{"rendered":"<p><a href=\"https:\/\/www.itakaescolapios.org\/wp-content\/uploads\/2019\/11\/ELIKIA-ESENGO_color.jpg\"><img decoding=\"async\" class=\"alignleft wp-image-28773\" src=\"https:\/\/www.itakaescolapios.org\/wp-content\/uploads\/2019\/11\/ELIKIA-ESENGO_color-214x300.jpg\" alt=\"\" width=\"171\" height=\"240\" srcset=\"https:\/\/www.itakaescolapios.org\/wp-content\/uploads\/2019\/11\/ELIKIA-ESENGO_color-214x300.jpg 214w, https:\/\/www.itakaescolapios.org\/wp-content\/uploads\/2019\/11\/ELIKIA-ESENGO_color-768x1075.jpg 768w, https:\/\/www.itakaescolapios.org\/wp-content\/uploads\/2019\/11\/ELIKIA-ESENGO_color-731x1024.jpg 731w, https:\/\/www.itakaescolapios.org\/wp-content\/uploads\/2019\/11\/ELIKIA-ESENGO_color-250x350.jpg 250w, https:\/\/www.itakaescolapios.org\/wp-content\/uploads\/2019\/11\/ELIKIA-ESENGO_color.jpg 1071w\" sizes=\"(max-width: 171px) 100vw, 171px\" \/><\/a><\/p>\n<p>&nbsp;<\/p>\n<p>Esengo nos hace una propuesta de actividades para los y las m\u00e1s peque\u00f1as, aquellas que inician su andadura en nuestros centros educativos. Ni\u00f1os y ni\u00f1as de las etapas de infantil, kinder, maternal \u2026<\/p>\n<p>En primer lugar encontrar\u00e1s los videos informativos de cada uno de los proyectos y tras ellos una tabla con las actividades propuestas para los y las m\u00e1s peque\u00f1as.<\/p>\n<p>&nbsp;<\/p>\n<p>CAMPECHE\u00a0 \u00a0 \u00a0 \u00a0 \u00a0 \u00a0 \u00a0 \u00a0 \u00a0 \u00a0 \u00a0 \u00a0 \u00a0 \u00a0 \u00a0 \u00a0 \u00a0 \u00a0 \u00a0 \u00a0 \u00a0 \u00a0 \u00a0 \u00a0 \u00a0 \u00a0 \u00a0 \u00a0 COCHABAMBA<\/p>\n<p><iframe loading=\"lazy\" src=\"https:\/\/www.youtube.com\/embed\/tYkYhMdRhRs\" width=\"252\" height=\"142\" frameborder=\"0\" allowfullscreen=\"allowfullscreen\"><\/iframe> <iframe loading=\"lazy\" width=\"252\" height=\"142\" src=\"https:\/\/www.youtube.com\/embed\/psXdkV4qwN4\" frameborder=\"0\" allow=\"accelerometer; autoplay; encrypted-media; gyroscope; picture-in-picture\" allowfullscreen><\/iframe><\/p>\n<p>LA PUYA\u00a0 \u00a0 \u00a0 \u00a0 \u00a0 \u00a0 \u00a0 \u00a0 \u00a0 \u00a0 \u00a0 \u00a0 \u00a0 \u00a0 \u00a0 \u00a0 \u00a0 \u00a0 \u00a0 \u00a0 \u00a0 \u00a0 \u00a0 \u00a0 \u00a0 \u00a0 \u00a0 \u00a0 \u00a0 \u00a0 \u00a0ARACAJU<br \/>\n<iframe loading=\"lazy\" src=\"https:\/\/www.youtube.com\/embed\/yNt3oCwhZCg\" width=\"252\" height=\"142\" frameborder=\"0\" allowfullscreen=\"allowfullscreen\"><\/iframe> <iframe loading=\"lazy\" src=\"https:\/\/www.youtube.com\/embed\/nz-5_DMhtT4\" width=\"252\" height=\"142\" frameborder=\"0\" allowfullscreen=\"allowfullscreen\"><\/iframe><\/p>\n<p>BARQUISIMETO<br \/>\n<iframe loading=\"lazy\" src=\"https:\/\/www.youtube.com\/embed\/dQ2jChgLUBA\" width=\"252\" height=\"142\" frameborder=\"0\" allowfullscreen=\"allowfullscreen\"><\/iframe><\/p>\n<table width=\"522\">\n<tbody>\n<tr>\n<td width=\"80\">Edad<\/td>\n<td width=\"114\">FICHA ACTIVIDAD<\/td>\n<td colspan=\"7\" width=\"248\">ANEXOS<\/td>\n<td width=\"80\"><\/td>\n<\/tr>\n<tr>\n<td width=\"80\"><span style=\"color: #993300;\">3 \u2013 4 a\u00f1os<\/span><\/td>\n<td width=\"114\"><span style=\"color: #993300;\"><strong><a style=\"color: #993300;\" href=\"https:\/\/www.itakaescolapios.org\/wp-content\/uploads\/2019\/11\/MEMORY.pdf\" target=\"_blank\" rel=\"noopener noreferrer\">MEMORY<\/a><\/strong><\/span><\/td>\n<td width=\"28\"><span style=\"color: #993300;\"><a style=\"color: #993300;\" href=\"https:\/\/www.itakaescolapios.org\/wp-content\/uploads\/2019\/11\/ANEXO-0_MEMORY.pdf\" target=\"_blank\" rel=\"noopener noreferrer\">0<\/a><\/span><\/td>\n<td width=\"28\"><span style=\"color: #993300;\"><a style=\"color: #993300;\" href=\"https:\/\/www.itakaescolapios.org\/wp-content\/uploads\/2019\/11\/ANEXO-1_MEMORY_Elykia-Esengo-y-Jiwa.pdf\" target=\"_blank\" rel=\"noopener noreferrer\">1<\/a><\/span><\/td>\n<td width=\"28\"><span style=\"color: #993300;\"><a style=\"color: #993300;\" href=\"https:\/\/www.itakaescolapios.org\/wp-content\/uploads\/2019\/11\/ANEXO-2_MEMORY_Quisap-y-Marine.pdf\" target=\"_blank\" rel=\"noopener noreferrer\">2<\/a><\/span><\/td>\n<td width=\"28\"><span style=\"color: #993300;\"><a style=\"color: #993300;\" href=\"https:\/\/www.itakaescolapios.org\/wp-content\/uploads\/2019\/11\/ANEXO-3_MEMORY_Bla.pdf\" target=\"_blank\" rel=\"noopener noreferrer\">3<\/a><\/span><\/td>\n<td width=\"28\"><span style=\"color: #993300;\"><a style=\"color: #993300;\" href=\"https:\/\/www.itakaescolapios.org\/wp-content\/uploads\/2019\/11\/ANEXO-4_MEMORY_Sukal.pdf\" target=\"_blank\" rel=\"noopener noreferrer\">4<\/a><\/span><\/td>\n<td width=\"28\"><span style=\"color: #993300;\"><a style=\"color: #993300;\" href=\"https:\/\/www.itakaescolapios.org\/wp-content\/uploads\/2019\/11\/ANEXO-5_MEMORY_Actividad-final.pdf\" target=\"_blank\" rel=\"noopener noreferrer\">5<\/a><\/span><\/td>\n<td width=\"80\"><span style=\"color: #993300;\"><a style=\"color: #993300;\" href=\"https:\/\/www.itakaescolapios.org\/wp-content\/uploads\/2019\/11\/ANEXO_-Juego-Memory.pdf\">Juego<\/a><\/span><\/td>\n<td width=\"80\"><span style=\"color: #993300;\"><a style=\"color: #993300;\" href=\"https:\/\/www.itakaescolapios.org\/wp-content\/uploads\/2019\/11\/ANEXO_Diploma.pdf\" target=\"_blank\" rel=\"noopener noreferrer\">Diploma<\/a><\/span><\/td>\n<\/tr>\n<tr>\n<td width=\"80\"><span style=\"color: #000080;\">4 \u2013 5 a\u00f1os<\/span><\/td>\n<td width=\"114\"><span style=\"color: #000080;\"><strong><a style=\"color: #000080;\" href=\"https:\/\/www.itakaescolapios.org\/wp-content\/uploads\/2019\/11\/COMPLEMENTOS.pdf\" target=\"_blank\" rel=\"noopener noreferrer\">COMPLEMENTOS<\/a><\/strong><\/span><\/td>\n<td width=\"28\"><\/td>\n<td width=\"28\"><span style=\"color: #000080;\"><a style=\"color: #000080;\" href=\"https:\/\/www.itakaescolapios.org\/wp-content\/uploads\/2019\/11\/ANEXO-1_COMPLEMENTOS_Elykia-Esengo-y-Jiwa.pdf\">1<\/a><\/span><\/td>\n<td width=\"28\"><span style=\"color: #000080;\"><a style=\"color: #000080;\" href=\"https:\/\/www.itakaescolapios.org\/wp-content\/uploads\/2019\/11\/ANEXO-2_COMPLEMENTOS_Quisap-y-Marine.pdf\">2<\/a><\/span><\/td>\n<td width=\"28\"><span style=\"color: #000080;\"><a style=\"color: #000080;\" href=\"https:\/\/www.itakaescolapios.org\/wp-content\/uploads\/2019\/11\/ANEXO-3_COMPLEMENTOS_Bla.pdf\" target=\"_blank\" rel=\"noopener noreferrer\">3<\/a><\/span><\/td>\n<td width=\"28\"><span style=\"color: #000080;\"><a style=\"color: #000080;\" href=\"https:\/\/www.itakaescolapios.org\/wp-content\/uploads\/2019\/11\/ANEXO-4_COMPLEMENTOS_Sukal.pdf\" target=\"_blank\" rel=\"noopener noreferrer\">4<\/a><\/span><\/td>\n<td width=\"28\"><span style=\"color: #000080;\"><a style=\"color: #000080;\" href=\"https:\/\/www.itakaescolapios.org\/wp-content\/uploads\/2019\/11\/ANEXO-5_COMPLEMENTOS_Actividad-final.pdf\" target=\"_blank\" rel=\"noopener noreferrer\">5<\/a><\/span><\/td>\n<td width=\"80\"><span style=\"color: #000080;\"><a style=\"color: #000080;\" href=\"https:\/\/www.itakaescolapios.org\/wp-content\/uploads\/2019\/11\/ANEXO-CIRCULAR-FAMILIAS-bueno.pdf\" target=\"_blank\" rel=\"noopener noreferrer\">Circular<\/a><\/span><\/td>\n<td width=\"80\"><span style=\"color: #000080;\"><a style=\"color: #000080;\" href=\"https:\/\/www.itakaescolapios.org\/wp-content\/uploads\/2019\/11\/ANEXO_Diploma.pdf\" target=\"_blank\" rel=\"noopener noreferrer\">Diploma<\/a><\/span><\/td>\n<\/tr>\n<tr>\n<td width=\"80\"><span style=\"color: #808000;\">5 \u2013 6 a\u00f1os<\/span><\/td>\n<td width=\"114\"><strong><span style=\"color: #808000;\"><a style=\"color: #808000;\" href=\"https:\/\/www.itakaescolapios.org\/wp-content\/uploads\/2019\/11\/EXPEDICI\u00d3N.pdf\" target=\"_blank\" rel=\"noopener noreferrer\">EXPEDICI\u00d3N<\/a><\/span><\/strong><\/td>\n<td width=\"28\"><\/td>\n<td width=\"28\"><span style=\"color: #808000;\"><a style=\"color: #808000;\" href=\"https:\/\/www.itakaescolapios.org\/wp-content\/uploads\/2019\/11\/ANEXO-1_EXPEDICI\u00d3N_Elykia-Esengo-y-Jiwa.pdf\" target=\"_blank\" rel=\"noopener noreferrer\">1<\/a><\/span><\/td>\n<td width=\"28\"><span style=\"color: #808000;\"><a style=\"color: #808000;\" href=\"https:\/\/www.itakaescolapios.org\/wp-content\/uploads\/2019\/11\/ANEXO-2_EXPEDICI\u00d3N_Quisap-y-Marine.pdf\" target=\"_blank\" rel=\"noopener noreferrer\">2<\/a><\/span><\/td>\n<td width=\"28\"><span style=\"color: #808000;\"><a style=\"color: #808000;\" href=\"https:\/\/www.itakaescolapios.org\/wp-content\/uploads\/2019\/11\/ANEXO-3_EXPEDICI\u00d3N_Bla.pdf\" target=\"_blank\" rel=\"noopener noreferrer\">3<\/a><\/span><\/td>\n<td width=\"28\"><span style=\"color: #808000;\"><a style=\"color: #808000;\" href=\"https:\/\/www.itakaescolapios.org\/wp-content\/uploads\/2019\/11\/ANEXO-4_EXPEDICI\u00d3N_Sukal.pdf\" target=\"_blank\" rel=\"noopener noreferrer\">4<\/a><\/span><\/td>\n<td width=\"28\"><span style=\"color: #808000;\"><a style=\"color: #808000;\" href=\"https:\/\/www.itakaescolapios.org\/wp-content\/uploads\/2019\/11\/ANEXO-5_EXPEDICI\u00d3N_Actividad-final.pdf\">5<\/a><\/span><\/td>\n<td width=\"80\"><span style=\"color: #808000;\"><a style=\"color: #808000;\" href=\"https:\/\/www.itakaescolapios.org\/wp-content\/uploads\/2019\/11\/ANEXO_-figuras.pdf\" target=\"_blank\" rel=\"noopener noreferrer\">Figuras<\/a><\/span><\/td>\n<td width=\"80\"><span style=\"color: #808000;\"><a style=\"color: #808000;\" href=\"https:\/\/www.itakaescolapios.org\/wp-content\/uploads\/2019\/11\/ANEXO_Diploma.pdf\" target=\"_blank\" rel=\"noopener noreferrer\">Diploma<\/a><\/span><\/td>\n<\/tr>\n<\/tbody>\n<\/table>\n<p><!--more--><\/p>\n","protected":false},"excerpt":{"rendered":"<p>&nbsp; Esengo nos hace una propuesta de actividades para los y las m\u00e1s peque\u00f1as, aquellas que inician su andadura en nuestros centros educativos. Ni\u00f1os y ni\u00f1as de las etapas de [&hellip;]<\/p>\n","protected":false},"author":46,"featured_media":0,"parent":28602,"menu_order":7,"comment_status":"closed","ping_status":"closed","template":"","meta":{"_et_pb_use_builder":"","_et_pb_old_content":"","_et_gb_content_width":"","footnotes":""},"class_list":["post-28653","page","type-page","status-publish","hentry"],"yoast_head":"<!-- This site is optimized with the Yoast SEO plugin v27.3 - https:\/\/yoast.com\/product\/yoast-seo-wordpress\/ -->\n<title>ACTIVIDADES PARA LOS Y LAS M\u00c1S PEQUE\u00d1AS<\/title>\n<meta name=\"description\" content=\"&nbsp; Esengo nos hace una propuesta de actividades para los y las m\u00e1s peque\u00f1as, aquellas que inician su andadura en nuestros centros educativos. Ni\u00f1os y ni\u00f1as de las etapas de infantil, kinder, maternal \u2026 En primer lugar encontrar\u00e1s los videos informativos de cada uno de los proyectos y tras ellos una tabla con las actividades&hellip;\" \/>\n<meta name=\"robots\" content=\"index, follow, max-snippet:-1, max-image-preview:large, max-video-preview:-1\" \/>\n<link rel=\"canonical\" href=\"http:\/\/&nbsp;%20Esengo%20nos%20hace%20una%20propuesta%20de%20actividades%20para%20los%20y%20las%20m\u00e1s%20peque\u00f1as,%20aquellas%20que%20inician%20su%20andadura%20en%20nuestros%20centros%20educativos.%20Ni\u00f1os%20y%20ni\u00f1as%20de%20las%20etapas%20de%20infantil,%20kinder,%20maternal%20\u2026%20En%20primer%20lugar%20encontrar\u00e1s%20los%20videos%20informativos%20de%20cada%20uno%20de%20los%20proyectos%20y%20tras%20ellos%20una%20tabla%20con%20las%20actividades&hellip;\" \/>\n<meta property=\"og:locale\" content=\"ca_ES\" \/>\n<meta property=\"og:type\" content=\"article\" \/>\n<meta property=\"og:title\" content=\"ACTIVIDADES PARA LOS Y LAS M\u00c1S PEQUE\u00d1AS\" \/>\n<meta property=\"og:description\" content=\"&nbsp; Esengo nos hace una propuesta de actividades para los y las m\u00e1s peque\u00f1as, aquellas que inician su andadura en nuestros centros educativos. Ni\u00f1os y ni\u00f1as de las etapas de infantil, kinder, maternal \u2026 En primer lugar encontrar\u00e1s los videos informativos de cada uno de los proyectos y tras ellos una tabla con las actividades&hellip;\" \/>\n<meta property=\"og:url\" content=\"https:\/\/www.itakaescolapios.org\/ca\/campanas\/2019-2020-compartiendo-mucha-vida-juventuditakaescolapios\/actividades-para-los-y-las-mas-pequenas\/\" \/>\n<meta property=\"og:site_name\" content=\"Itaka-Escolapios\" \/>\n<meta property=\"article:modified_time\" content=\"2023-11-28T11:36:40+00:00\" \/>\n<meta property=\"og:image\" content=\"https:\/\/www.itakaescolapios.org\/wp-content\/uploads\/2019\/11\/ELIKIA-ESENGO_color.jpg\" \/>\n\t<meta property=\"og:image:width\" content=\"1071\" \/>\n\t<meta property=\"og:image:height\" content=\"1500\" \/>\n\t<meta property=\"og:image:type\" content=\"image\/jpeg\" \/>\n<meta name=\"twitter:card\" content=\"summary_large_image\" \/>\n<script type=\"application\/ld+json\" class=\"yoast-schema-graph\">{\"@context\":\"https:\\\/\\\/schema.org\",\"@graph\":[{\"@type\":\"WebPage\",\"@id\":\"https:\\\/\\\/www.itakaescolapios.org\\\/ca\\\/campanas\\\/2019-2020-compartiendo-mucha-vida-juventuditakaescolapios\\\/actividades-para-los-y-las-mas-pequenas\\\/\",\"url\":\"https:\\\/\\\/www.itakaescolapios.org\\\/ca\\\/campanas\\\/2019-2020-compartiendo-mucha-vida-juventuditakaescolapios\\\/actividades-para-los-y-las-mas-pequenas\\\/\",\"name\":\"ACTIVIDADES PARA LOS Y LAS M\u00c1S PEQUE\u00d1AS - Itaka-Escolapios\",\"isPartOf\":{\"@id\":\"https:\\\/\\\/www.itakaescolapios.org\\\/es\\\/#website\"},\"primaryImageOfPage\":{\"@id\":\"https:\\\/\\\/www.itakaescolapios.org\\\/ca\\\/campanas\\\/2019-2020-compartiendo-mucha-vida-juventuditakaescolapios\\\/actividades-para-los-y-las-mas-pequenas\\\/#primaryimage\"},\"image\":{\"@id\":\"https:\\\/\\\/www.itakaescolapios.org\\\/ca\\\/campanas\\\/2019-2020-compartiendo-mucha-vida-juventuditakaescolapios\\\/actividades-para-los-y-las-mas-pequenas\\\/#primaryimage\"},\"thumbnailUrl\":\"https:\\\/\\\/www.itakaescolapios.org\\\/wp-content\\\/uploads\\\/2019\\\/11\\\/ELIKIA-ESENGO_color-214x300.jpg\",\"datePublished\":\"2019-10-29T14:34:52+00:00\",\"dateModified\":\"2023-11-28T11:36:40+00:00\",\"breadcrumb\":{\"@id\":\"https:\\\/\\\/www.itakaescolapios.org\\\/ca\\\/campanas\\\/2019-2020-compartiendo-mucha-vida-juventuditakaescolapios\\\/actividades-para-los-y-las-mas-pequenas\\\/#breadcrumb\"},\"inLanguage\":\"ca\",\"potentialAction\":[{\"@type\":\"ReadAction\",\"target\":[\"https:\\\/\\\/www.itakaescolapios.org\\\/ca\\\/campanas\\\/2019-2020-compartiendo-mucha-vida-juventuditakaescolapios\\\/actividades-para-los-y-las-mas-pequenas\\\/\"]}]},{\"@type\":\"ImageObject\",\"inLanguage\":\"ca\",\"@id\":\"https:\\\/\\\/www.itakaescolapios.org\\\/ca\\\/campanas\\\/2019-2020-compartiendo-mucha-vida-juventuditakaescolapios\\\/actividades-para-los-y-las-mas-pequenas\\\/#primaryimage\",\"url\":\"https:\\\/\\\/www.itakaescolapios.org\\\/wp-content\\\/uploads\\\/2019\\\/11\\\/ELIKIA-ESENGO_color-214x300.jpg\",\"contentUrl\":\"https:\\\/\\\/www.itakaescolapios.org\\\/wp-content\\\/uploads\\\/2019\\\/11\\\/ELIKIA-ESENGO_color-214x300.jpg\"},{\"@type\":\"BreadcrumbList\",\"@id\":\"https:\\\/\\\/www.itakaescolapios.org\\\/ca\\\/campanas\\\/2019-2020-compartiendo-mucha-vida-juventuditakaescolapios\\\/actividades-para-los-y-las-mas-pequenas\\\/#breadcrumb\",\"itemListElement\":[{\"@type\":\"ListItem\",\"position\":1,\"name\":\"Itaka-Escolapios\",\"item\":\"https:\\\/\\\/www.itakaescolapios.org\\\/es\\\/\"},{\"@type\":\"ListItem\",\"position\":2,\"name\":\"Campa\u00f1as\",\"item\":\"https:\\\/\\\/www.itakaescolapios.org\\\/es\\\/campanas\\\/\"},{\"@type\":\"ListItem\",\"position\":3,\"name\":\"2019-2020 COMPARTIENDO MUCHA VIDA #juventuditakaescolapios\",\"item\":\"https:\\\/\\\/www.itakaescolapios.org\\\/es\\\/campanas\\\/2019-2020-compartiendo-mucha-vida-juventuditakaescolapios\\\/\"},{\"@type\":\"ListItem\",\"position\":4,\"name\":\"ACTIVIDADES PARA LOS Y LAS M\u00c1S PEQUE\u00d1AS\"}]},{\"@type\":\"WebSite\",\"@id\":\"https:\\\/\\\/www.itakaescolapios.org\\\/ca\\\/es\\\/#website\",\"url\":\"https:\\\/\\\/www.itakaescolapios.org\\\/ca\\\/es\\\/\",\"name\":\"Itaka-Escolapios\",\"description\":\"Red de Itaka-Escolapios\",\"publisher\":{\"@id\":\"https:\\\/\\\/www.itakaescolapios.org\\\/ca\\\/es\\\/#organization\"},\"potentialAction\":[{\"@type\":\"SearchAction\",\"target\":{\"@type\":\"EntryPoint\",\"urlTemplate\":\"https:\\\/\\\/www.itakaescolapios.org\\\/ca\\\/es\\\/?s={search_term_string}\"},\"query-input\":{\"@type\":\"PropertyValueSpecification\",\"valueRequired\":true,\"valueName\":\"search_term_string\"}}],\"inLanguage\":\"ca\"},{\"@type\":\"Organization\",\"@id\":\"https:\\\/\\\/www.itakaescolapios.org\\\/ca\\\/es\\\/#organization\",\"name\":\"Fundaci\u00f3 Itaka-Escolapios\",\"url\":\"https:\\\/\\\/www.itakaescolapios.org\\\/ca\\\/es\\\/\",\"logo\":{\"@type\":\"ImageObject\",\"inLanguage\":\"ca\",\"@id\":\"https:\\\/\\\/www.itakaescolapios.org\\\/ca\\\/es\\\/#\\\/schema\\\/logo\\\/image\\\/\",\"url\":\"https:\\\/\\\/www.itakaescolapios.org\\\/wp-content\\\/uploads\\\/2024\\\/04\\\/Logo-itakaescolapios-peque.png\",\"contentUrl\":\"https:\\\/\\\/www.itakaescolapios.org\\\/wp-content\\\/uploads\\\/2024\\\/04\\\/Logo-itakaescolapios-peque.png\",\"width\":500,\"height\":199,\"caption\":\"Fundaci\u00f3 Itaka-Escolapios\"},\"image\":{\"@id\":\"https:\\\/\\\/www.itakaescolapios.org\\\/ca\\\/es\\\/#\\\/schema\\\/logo\\\/image\\\/\"}}]}<\/script>\n<!-- \/ Yoast SEO plugin. -->","yoast_head_json":{"title":"ACTIVIDADES PARA LOS Y LAS M\u00c1S PEQUE\u00d1AS","description":"&nbsp; Esengo nos hace una propuesta de actividades para los y las m\u00e1s peque\u00f1as, aquellas que inician su andadura en nuestros centros educativos. Ni\u00f1os y ni\u00f1as de las etapas de infantil, kinder, maternal \u2026 En primer lugar encontrar\u00e1s los videos informativos de cada uno de los proyectos y tras ellos una tabla con las actividades&hellip;","robots":{"index":"index","follow":"follow","max-snippet":"max-snippet:-1","max-image-preview":"max-image-preview:large","max-video-preview":"max-video-preview:-1"},"canonical":"&nbsp; Esengo nos hace una propuesta de actividades para los y las m\u00e1s peque\u00f1as, aquellas que inician su andadura en nuestros centros educativos. Ni\u00f1os y ni\u00f1as de las etapas de infantil, kinder, maternal \u2026 En primer lugar encontrar\u00e1s los videos informativos de cada uno de los proyectos y tras ellos una tabla con las actividades&hellip;","og_locale":"ca_ES","og_type":"article","og_title":"ACTIVIDADES PARA LOS Y LAS M\u00c1S PEQUE\u00d1AS","og_description":"&nbsp; Esengo nos hace una propuesta de actividades para los y las m\u00e1s peque\u00f1as, aquellas que inician su andadura en nuestros centros educativos. Ni\u00f1os y ni\u00f1as de las etapas de infantil, kinder, maternal \u2026 En primer lugar encontrar\u00e1s los videos informativos de cada uno de los proyectos y tras ellos una tabla con las actividades&hellip;","og_url":"https:\/\/www.itakaescolapios.org\/ca\/campanas\/2019-2020-compartiendo-mucha-vida-juventuditakaescolapios\/actividades-para-los-y-las-mas-pequenas\/","og_site_name":"Itaka-Escolapios","article_modified_time":"2023-11-28T11:36:40+00:00","og_image":[{"width":1071,"height":1500,"url":"https:\/\/www.itakaescolapios.org\/wp-content\/uploads\/2019\/11\/ELIKIA-ESENGO_color.jpg","type":"image\/jpeg"}],"twitter_card":"summary_large_image","schema":{"@context":"https:\/\/schema.org","@graph":[{"@type":"WebPage","@id":"https:\/\/www.itakaescolapios.org\/ca\/campanas\/2019-2020-compartiendo-mucha-vida-juventuditakaescolapios\/actividades-para-los-y-las-mas-pequenas\/","url":"https:\/\/www.itakaescolapios.org\/ca\/campanas\/2019-2020-compartiendo-mucha-vida-juventuditakaescolapios\/actividades-para-los-y-las-mas-pequenas\/","name":"ACTIVIDADES PARA LOS Y LAS M\u00c1S PEQUE\u00d1AS - Itaka-Escolapios","isPartOf":{"@id":"https:\/\/www.itakaescolapios.org\/es\/#website"},"primaryImageOfPage":{"@id":"https:\/\/www.itakaescolapios.org\/ca\/campanas\/2019-2020-compartiendo-mucha-vida-juventuditakaescolapios\/actividades-para-los-y-las-mas-pequenas\/#primaryimage"},"image":{"@id":"https:\/\/www.itakaescolapios.org\/ca\/campanas\/2019-2020-compartiendo-mucha-vida-juventuditakaescolapios\/actividades-para-los-y-las-mas-pequenas\/#primaryimage"},"thumbnailUrl":"https:\/\/www.itakaescolapios.org\/wp-content\/uploads\/2019\/11\/ELIKIA-ESENGO_color-214x300.jpg","datePublished":"2019-10-29T14:34:52+00:00","dateModified":"2023-11-28T11:36:40+00:00","breadcrumb":{"@id":"https:\/\/www.itakaescolapios.org\/ca\/campanas\/2019-2020-compartiendo-mucha-vida-juventuditakaescolapios\/actividades-para-los-y-las-mas-pequenas\/#breadcrumb"},"inLanguage":"ca","potentialAction":[{"@type":"ReadAction","target":["https:\/\/www.itakaescolapios.org\/ca\/campanas\/2019-2020-compartiendo-mucha-vida-juventuditakaescolapios\/actividades-para-los-y-las-mas-pequenas\/"]}]},{"@type":"ImageObject","inLanguage":"ca","@id":"https:\/\/www.itakaescolapios.org\/ca\/campanas\/2019-2020-compartiendo-mucha-vida-juventuditakaescolapios\/actividades-para-los-y-las-mas-pequenas\/#primaryimage","url":"https:\/\/www.itakaescolapios.org\/wp-content\/uploads\/2019\/11\/ELIKIA-ESENGO_color-214x300.jpg","contentUrl":"https:\/\/www.itakaescolapios.org\/wp-content\/uploads\/2019\/11\/ELIKIA-ESENGO_color-214x300.jpg"},{"@type":"BreadcrumbList","@id":"https:\/\/www.itakaescolapios.org\/ca\/campanas\/2019-2020-compartiendo-mucha-vida-juventuditakaescolapios\/actividades-para-los-y-las-mas-pequenas\/#breadcrumb","itemListElement":[{"@type":"ListItem","position":1,"name":"Itaka-Escolapios","item":"https:\/\/www.itakaescolapios.org\/es\/"},{"@type":"ListItem","position":2,"name":"Campa\u00f1as","item":"https:\/\/www.itakaescolapios.org\/es\/campanas\/"},{"@type":"ListItem","position":3,"name":"2019-2020 COMPARTIENDO MUCHA VIDA #juventuditakaescolapios","item":"https:\/\/www.itakaescolapios.org\/es\/campanas\/2019-2020-compartiendo-mucha-vida-juventuditakaescolapios\/"},{"@type":"ListItem","position":4,"name":"ACTIVIDADES PARA LOS Y LAS M\u00c1S PEQUE\u00d1AS"}]},{"@type":"WebSite","@id":"https:\/\/www.itakaescolapios.org\/ca\/es\/#website","url":"https:\/\/www.itakaescolapios.org\/ca\/es\/","name":"Itaka-Escolapios","description":"Red de Itaka-Escolapios","publisher":{"@id":"https:\/\/www.itakaescolapios.org\/ca\/es\/#organization"},"potentialAction":[{"@type":"SearchAction","target":{"@type":"EntryPoint","urlTemplate":"https:\/\/www.itakaescolapios.org\/ca\/es\/?s={search_term_string}"},"query-input":{"@type":"PropertyValueSpecification","valueRequired":true,"valueName":"search_term_string"}}],"inLanguage":"ca"},{"@type":"Organization","@id":"https:\/\/www.itakaescolapios.org\/ca\/es\/#organization","name":"Fundaci\u00f3 Itaka-Escolapios","url":"https:\/\/www.itakaescolapios.org\/ca\/es\/","logo":{"@type":"ImageObject","inLanguage":"ca","@id":"https:\/\/www.itakaescolapios.org\/ca\/es\/#\/schema\/logo\/image\/","url":"https:\/\/www.itakaescolapios.org\/wp-content\/uploads\/2024\/04\/Logo-itakaescolapios-peque.png","contentUrl":"https:\/\/www.itakaescolapios.org\/wp-content\/uploads\/2024\/04\/Logo-itakaescolapios-peque.png","width":500,"height":199,"caption":"Fundaci\u00f3 Itaka-Escolapios"},"image":{"@id":"https:\/\/www.itakaescolapios.org\/ca\/es\/#\/schema\/logo\/image\/"}}]}},"_links":{"self":[{"href":"https:\/\/www.itakaescolapios.org\/ca\/wp-json\/wp\/v2\/pages\/28653","targetHints":{"allow":["GET"]}}],"collection":[{"href":"https:\/\/www.itakaescolapios.org\/ca\/wp-json\/wp\/v2\/pages"}],"about":[{"href":"https:\/\/www.itakaescolapios.org\/ca\/wp-json\/wp\/v2\/types\/page"}],"author":[{"embeddable":true,"href":"https:\/\/www.itakaescolapios.org\/ca\/wp-json\/wp\/v2\/users\/46"}],"replies":[{"embeddable":true,"href":"https:\/\/www.itakaescolapios.org\/ca\/wp-json\/wp\/v2\/comments?post=28653"}],"version-history":[{"count":29,"href":"https:\/\/www.itakaescolapios.org\/ca\/wp-json\/wp\/v2\/pages\/28653\/revisions"}],"predecessor-version":[{"id":45382,"href":"https:\/\/www.itakaescolapios.org\/ca\/wp-json\/wp\/v2\/pages\/28653\/revisions\/45382"}],"up":[{"embeddable":true,"href":"https:\/\/www.itakaescolapios.org\/ca\/wp-json\/wp\/v2\/pages\/28602"}],"wp:attachment":[{"href":"https:\/\/www.itakaescolapios.org\/ca\/wp-json\/wp\/v2\/media?parent=28653"}],"curies":[{"name":"wp","href":"https:\/\/api.w.org\/{rel}","templated":true}]}}