{"id":30022,"date":"2020-02-14T16:41:40","date_gmt":"2020-02-14T15:41:40","guid":{"rendered":"https:\/\/www.itakaescolapios.org\/?page_id=30022"},"modified":"2023-11-28T12:36:29","modified_gmt":"2023-11-28T11:36:29","slug":"semana-de-la-paz-y-derechos-humanos-en-torno-al-30-de-enero","status":"publish","type":"page","link":"https:\/\/www.itakaescolapios.org\/ca\/que-fem\/sensibilizacion\/semana-de-la-paz-y-derechos-humanos-en-torno-al-30-de-enero\/","title":{"rendered":"SEMANA DE LA PAZ Y DERECHOS HUMANOS (EN TORNO AL 30 DE ENERO)"},"content":{"rendered":"<p>Semana<strong> inspirada en el Amor del Dios de Jes\u00fas de Nazareth y el mensaje de Paz de los evangelios<\/strong>. La realizamos en torno al d\u00eda escolar de la paz y no violencia y aniversario de la muerte de Gandhi. En ella damos a conocer <strong>la filosof\u00eda de la no violencia<\/strong>, trabajamos la resoluci\u00f3n de conflictos, el valor de la vida, los derechos humanos\u2026 y tambi\u00e9n <strong>actitudes cristianas<\/strong> como el perd\u00f3n, la reconciliaci\u00f3n, el amor incondicional\u2026<\/p>\n<p>Informaci\u00f3n y recursos en:<\/p>\n<blockquote class=\"wp-embedded-content\" data-secret=\"2adCBlyi8V\"><p><a href=\"https:\/\/www.educa.itakaescolapios.org\/campanas\">Campa\u00f1as<\/a><\/p><\/blockquote>\n<p><iframe loading=\"lazy\" class=\"wp-embedded-content\" sandbox=\"allow-scripts\" security=\"restricted\" style=\"position: absolute; visibility: hidden;\" title=\"\u00abCampa\u00f1as\u00bb \u2014 educa\" src=\"https:\/\/www.educa.itakaescolapios.org\/campanas\/embed#?secret=kyCmBnFtRT#?secret=2adCBlyi8V\" data-secret=\"2adCBlyi8V\" width=\"600\" height=\"338\" frameborder=\"0\" marginwidth=\"0\" marginheight=\"0\" scrolling=\"no\"><\/iframe><\/p>\n<p>https:\/\/www.itakaescolapios.org\/hemeroteca\/<\/p>\n","protected":false},"excerpt":{"rendered":"<p>Semana inspirada en el Amor del Dios de Jes\u00fas de Nazareth y el mensaje de Paz de los evangelios. La realizamos en torno al d\u00eda escolar de la paz y [&hellip;]<\/p>\n","protected":false},"author":4,"featured_media":0,"parent":95,"menu_order":4,"comment_status":"closed","ping_status":"closed","template":"","meta":{"_et_pb_use_builder":"","_et_pb_old_content":"","_et_gb_content_width":"","footnotes":""},"class_list":["post-30022","page","type-page","status-publish","hentry"],"yoast_head":"<!-- This site is optimized with the Yoast SEO plugin v27.3 - https:\/\/yoast.com\/product\/yoast-seo-wordpress\/ -->\n<title>SEMANA DE LA PAZ Y DERECHOS HUMANOS (EN TORNO AL 30 DE ENERO)<\/title>\n<meta name=\"description\" content=\"Semana inspirada en el Amor del Dios de Jes\u00fas de Nazareth y el mensaje de Paz de los evangelios. La realizamos en torno al d\u00eda escolar de la paz y no violencia y aniversario de la muerte de Gandhi. En ella damos a conocer la filosof\u00eda de la no violencia, trabajamos la resoluci\u00f3n de conflictos,&hellip;\" \/>\n<meta name=\"robots\" content=\"index, follow, max-snippet:-1, max-image-preview:large, max-video-preview:-1\" \/>\n<link rel=\"canonical\" href=\"http:\/\/Semana%20inspirada%20en%20el%20Amor%20del%20Dios%20de%20Jes\u00fas%20de%20Nazareth%20y%20el%20mensaje%20de%20Paz%20de%20los%20evangelios.%20La%20realizamos%20en%20torno%20al%20d\u00eda%20escolar%20de%20la%20paz%20y%20no%20violencia%20y%20aniversario%20de%20la%20muerte%20de%20Gandhi.%20En%20ella%20damos%20a%20conocer%20la%20filosof\u00eda%20de%20la%20no%20violencia,%20trabajamos%20la%20resoluci\u00f3n%20de%20conflictos,&hellip;\" \/>\n<meta property=\"og:locale\" content=\"ca_ES\" \/>\n<meta property=\"og:type\" content=\"article\" \/>\n<meta property=\"og:title\" content=\"SEMANA DE LA PAZ Y DERECHOS HUMANOS (EN TORNO AL 30 DE ENERO)\" \/>\n<meta property=\"og:description\" content=\"Semana inspirada en el Amor del Dios de Jes\u00fas de Nazareth y el mensaje de Paz de los evangelios. La realizamos en torno al d\u00eda escolar de la paz y no violencia y aniversario de la muerte de Gandhi. En ella damos a conocer la filosof\u00eda de la no violencia, trabajamos la resoluci\u00f3n de conflictos,&hellip;\" \/>\n<meta property=\"og:url\" content=\"https:\/\/www.itakaescolapios.org\/ca\/que-fem\/sensibilizacion\/semana-de-la-paz-y-derechos-humanos-en-torno-al-30-de-enero\/\" \/>\n<meta property=\"og:site_name\" content=\"Itaka-Escolapios\" \/>\n<meta property=\"article:modified_time\" content=\"2023-11-28T11:36:29+00:00\" \/>\n<meta name=\"twitter:card\" content=\"summary_large_image\" \/>\n<script type=\"application\/ld+json\" class=\"yoast-schema-graph\">{\"@context\":\"https:\\\/\\\/schema.org\",\"@graph\":[{\"@type\":\"WebPage\",\"@id\":\"https:\\\/\\\/www.itakaescolapios.org\\\/ca\\\/que-fem\\\/sensibilizacion\\\/semana-de-la-paz-y-derechos-humanos-en-torno-al-30-de-enero\\\/\",\"url\":\"https:\\\/\\\/www.itakaescolapios.org\\\/ca\\\/que-fem\\\/sensibilizacion\\\/semana-de-la-paz-y-derechos-humanos-en-torno-al-30-de-enero\\\/\",\"name\":\"SEMANA DE LA PAZ Y DERECHOS HUMANOS (EN TORNO AL 30 DE ENERO) - Itaka-Escolapios\",\"isPartOf\":{\"@id\":\"https:\\\/\\\/www.itakaescolapios.org\\\/es\\\/#website\"},\"datePublished\":\"2020-02-14T15:41:40+00:00\",\"dateModified\":\"2023-11-28T11:36:29+00:00\",\"breadcrumb\":{\"@id\":\"https:\\\/\\\/www.itakaescolapios.org\\\/ca\\\/que-fem\\\/sensibilizacion\\\/semana-de-la-paz-y-derechos-humanos-en-torno-al-30-de-enero\\\/#breadcrumb\"},\"inLanguage\":\"ca\",\"potentialAction\":[{\"@type\":\"ReadAction\",\"target\":[\"https:\\\/\\\/www.itakaescolapios.org\\\/ca\\\/que-fem\\\/sensibilizacion\\\/semana-de-la-paz-y-derechos-humanos-en-torno-al-30-de-enero\\\/\"]}]},{\"@type\":\"BreadcrumbList\",\"@id\":\"https:\\\/\\\/www.itakaescolapios.org\\\/ca\\\/que-fem\\\/sensibilizacion\\\/semana-de-la-paz-y-derechos-humanos-en-torno-al-30-de-enero\\\/#breadcrumb\",\"itemListElement\":[{\"@type\":\"ListItem\",\"position\":1,\"name\":\"Itaka-Escolapios\",\"item\":\"https:\\\/\\\/www.itakaescolapios.org\\\/es\\\/\"},{\"@type\":\"ListItem\",\"position\":2,\"name\":\"Qu\u00e8 fem\",\"item\":\"https:\\\/\\\/www.itakaescolapios.org\\\/es\\\/que-hacemos\\\/\"},{\"@type\":\"ListItem\",\"position\":3,\"name\":\"Sensibilizaci\u00f3n\",\"item\":\"https:\\\/\\\/www.itakaescolapios.org\\\/es\\\/que-hacemos\\\/sensibilizacion\\\/\"},{\"@type\":\"ListItem\",\"position\":4,\"name\":\"SEMANA DE LA PAZ Y DERECHOS HUMANOS (EN TORNO AL 30 DE ENERO)\"}]},{\"@type\":\"WebSite\",\"@id\":\"https:\\\/\\\/www.itakaescolapios.org\\\/ca\\\/es\\\/#website\",\"url\":\"https:\\\/\\\/www.itakaescolapios.org\\\/ca\\\/es\\\/\",\"name\":\"Itaka-Escolapios\",\"description\":\"Red de Itaka-Escolapios\",\"publisher\":{\"@id\":\"https:\\\/\\\/www.itakaescolapios.org\\\/ca\\\/es\\\/#organization\"},\"potentialAction\":[{\"@type\":\"SearchAction\",\"target\":{\"@type\":\"EntryPoint\",\"urlTemplate\":\"https:\\\/\\\/www.itakaescolapios.org\\\/ca\\\/es\\\/?s={search_term_string}\"},\"query-input\":{\"@type\":\"PropertyValueSpecification\",\"valueRequired\":true,\"valueName\":\"search_term_string\"}}],\"inLanguage\":\"ca\"},{\"@type\":\"Organization\",\"@id\":\"https:\\\/\\\/www.itakaescolapios.org\\\/ca\\\/es\\\/#organization\",\"name\":\"Fundaci\u00f3 Itaka-Escolapios\",\"url\":\"https:\\\/\\\/www.itakaescolapios.org\\\/ca\\\/es\\\/\",\"logo\":{\"@type\":\"ImageObject\",\"inLanguage\":\"ca\",\"@id\":\"https:\\\/\\\/www.itakaescolapios.org\\\/ca\\\/es\\\/#\\\/schema\\\/logo\\\/image\\\/\",\"url\":\"https:\\\/\\\/www.itakaescolapios.org\\\/wp-content\\\/uploads\\\/2024\\\/04\\\/Logo-itakaescolapios-peque.png\",\"contentUrl\":\"https:\\\/\\\/www.itakaescolapios.org\\\/wp-content\\\/uploads\\\/2024\\\/04\\\/Logo-itakaescolapios-peque.png\",\"width\":500,\"height\":199,\"caption\":\"Fundaci\u00f3 Itaka-Escolapios\"},\"image\":{\"@id\":\"https:\\\/\\\/www.itakaescolapios.org\\\/ca\\\/es\\\/#\\\/schema\\\/logo\\\/image\\\/\"}}]}<\/script>\n<!-- \/ Yoast SEO plugin. -->","yoast_head_json":{"title":"SEMANA DE LA PAZ Y DERECHOS HUMANOS (EN TORNO AL 30 DE ENERO)","description":"Semana inspirada en el Amor del Dios de Jes\u00fas de Nazareth y el mensaje de Paz de los evangelios. La realizamos en torno al d\u00eda escolar de la paz y no violencia y aniversario de la muerte de Gandhi. En ella damos a conocer la filosof\u00eda de la no violencia, trabajamos la resoluci\u00f3n de conflictos,&hellip;","robots":{"index":"index","follow":"follow","max-snippet":"max-snippet:-1","max-image-preview":"max-image-preview:large","max-video-preview":"max-video-preview:-1"},"canonical":"Semana inspirada en el Amor del Dios de Jes\u00fas de Nazareth y el mensaje de Paz de los evangelios. La realizamos en torno al d\u00eda escolar de la paz y no violencia y aniversario de la muerte de Gandhi. En ella damos a conocer la filosof\u00eda de la no violencia, trabajamos la resoluci\u00f3n de conflictos,&hellip;","og_locale":"ca_ES","og_type":"article","og_title":"SEMANA DE LA PAZ Y DERECHOS HUMANOS (EN TORNO AL 30 DE ENERO)","og_description":"Semana inspirada en el Amor del Dios de Jes\u00fas de Nazareth y el mensaje de Paz de los evangelios. La realizamos en torno al d\u00eda escolar de la paz y no violencia y aniversario de la muerte de Gandhi. En ella damos a conocer la filosof\u00eda de la no violencia, trabajamos la resoluci\u00f3n de conflictos,&hellip;","og_url":"https:\/\/www.itakaescolapios.org\/ca\/que-fem\/sensibilizacion\/semana-de-la-paz-y-derechos-humanos-en-torno-al-30-de-enero\/","og_site_name":"Itaka-Escolapios","article_modified_time":"2023-11-28T11:36:29+00:00","twitter_card":"summary_large_image","schema":{"@context":"https:\/\/schema.org","@graph":[{"@type":"WebPage","@id":"https:\/\/www.itakaescolapios.org\/ca\/que-fem\/sensibilizacion\/semana-de-la-paz-y-derechos-humanos-en-torno-al-30-de-enero\/","url":"https:\/\/www.itakaescolapios.org\/ca\/que-fem\/sensibilizacion\/semana-de-la-paz-y-derechos-humanos-en-torno-al-30-de-enero\/","name":"SEMANA DE LA PAZ Y DERECHOS HUMANOS (EN TORNO AL 30 DE ENERO) - Itaka-Escolapios","isPartOf":{"@id":"https:\/\/www.itakaescolapios.org\/es\/#website"},"datePublished":"2020-02-14T15:41:40+00:00","dateModified":"2023-11-28T11:36:29+00:00","breadcrumb":{"@id":"https:\/\/www.itakaescolapios.org\/ca\/que-fem\/sensibilizacion\/semana-de-la-paz-y-derechos-humanos-en-torno-al-30-de-enero\/#breadcrumb"},"inLanguage":"ca","potentialAction":[{"@type":"ReadAction","target":["https:\/\/www.itakaescolapios.org\/ca\/que-fem\/sensibilizacion\/semana-de-la-paz-y-derechos-humanos-en-torno-al-30-de-enero\/"]}]},{"@type":"BreadcrumbList","@id":"https:\/\/www.itakaescolapios.org\/ca\/que-fem\/sensibilizacion\/semana-de-la-paz-y-derechos-humanos-en-torno-al-30-de-enero\/#breadcrumb","itemListElement":[{"@type":"ListItem","position":1,"name":"Itaka-Escolapios","item":"https:\/\/www.itakaescolapios.org\/es\/"},{"@type":"ListItem","position":2,"name":"Qu\u00e8 fem","item":"https:\/\/www.itakaescolapios.org\/es\/que-hacemos\/"},{"@type":"ListItem","position":3,"name":"Sensibilizaci\u00f3n","item":"https:\/\/www.itakaescolapios.org\/es\/que-hacemos\/sensibilizacion\/"},{"@type":"ListItem","position":4,"name":"SEMANA DE LA PAZ Y DERECHOS HUMANOS (EN TORNO AL 30 DE ENERO)"}]},{"@type":"WebSite","@id":"https:\/\/www.itakaescolapios.org\/ca\/es\/#website","url":"https:\/\/www.itakaescolapios.org\/ca\/es\/","name":"Itaka-Escolapios","description":"Red de Itaka-Escolapios","publisher":{"@id":"https:\/\/www.itakaescolapios.org\/ca\/es\/#organization"},"potentialAction":[{"@type":"SearchAction","target":{"@type":"EntryPoint","urlTemplate":"https:\/\/www.itakaescolapios.org\/ca\/es\/?s={search_term_string}"},"query-input":{"@type":"PropertyValueSpecification","valueRequired":true,"valueName":"search_term_string"}}],"inLanguage":"ca"},{"@type":"Organization","@id":"https:\/\/www.itakaescolapios.org\/ca\/es\/#organization","name":"Fundaci\u00f3 Itaka-Escolapios","url":"https:\/\/www.itakaescolapios.org\/ca\/es\/","logo":{"@type":"ImageObject","inLanguage":"ca","@id":"https:\/\/www.itakaescolapios.org\/ca\/es\/#\/schema\/logo\/image\/","url":"https:\/\/www.itakaescolapios.org\/wp-content\/uploads\/2024\/04\/Logo-itakaescolapios-peque.png","contentUrl":"https:\/\/www.itakaescolapios.org\/wp-content\/uploads\/2024\/04\/Logo-itakaescolapios-peque.png","width":500,"height":199,"caption":"Fundaci\u00f3 Itaka-Escolapios"},"image":{"@id":"https:\/\/www.itakaescolapios.org\/ca\/es\/#\/schema\/logo\/image\/"}}]}},"_links":{"self":[{"href":"https:\/\/www.itakaescolapios.org\/ca\/wp-json\/wp\/v2\/pages\/30022","targetHints":{"allow":["GET"]}}],"collection":[{"href":"https:\/\/www.itakaescolapios.org\/ca\/wp-json\/wp\/v2\/pages"}],"about":[{"href":"https:\/\/www.itakaescolapios.org\/ca\/wp-json\/wp\/v2\/types\/page"}],"author":[{"embeddable":true,"href":"https:\/\/www.itakaescolapios.org\/ca\/wp-json\/wp\/v2\/users\/4"}],"replies":[{"embeddable":true,"href":"https:\/\/www.itakaescolapios.org\/ca\/wp-json\/wp\/v2\/comments?post=30022"}],"version-history":[{"count":3,"href":"https:\/\/www.itakaescolapios.org\/ca\/wp-json\/wp\/v2\/pages\/30022\/revisions"}],"predecessor-version":[{"id":45094,"href":"https:\/\/www.itakaescolapios.org\/ca\/wp-json\/wp\/v2\/pages\/30022\/revisions\/45094"}],"up":[{"embeddable":true,"href":"https:\/\/www.itakaescolapios.org\/ca\/wp-json\/wp\/v2\/pages\/95"}],"wp:attachment":[{"href":"https:\/\/www.itakaescolapios.org\/ca\/wp-json\/wp\/v2\/media?parent=30022"}],"curies":[{"name":"wp","href":"https:\/\/api.w.org\/{rel}","templated":true}]}}