{"id":31937,"date":"2020-11-12T10:17:32","date_gmt":"2020-11-12T09:17:32","guid":{"rendered":"https:\/\/www.itakaescolapios.org\/?page_id=31937"},"modified":"2023-11-28T12:36:08","modified_gmt":"2023-11-28T11:36:08","slug":"2020-2021-reiniciando-para-transformar","status":"publish","type":"page","link":"https:\/\/www.itakaescolapios.org\/ca\/campanas\/2020-2021-reiniciando-para-transformar\/","title":{"rendered":"2020-2021 REINICIANDO PARA TRANSFORMAR"},"content":{"rendered":"<p>Pincha en el enlace para acceder a la campa\u00f1a, que desde este a\u00f1o est\u00e1 en Educa.itakaescolapios.org<\/p>\n<blockquote class=\"wp-embedded-content\" data-secret=\"JZEGmLPKlg\"><p><a href=\"https:\/\/www.educa.itakaescolapios.org\/campanas\/2020-2021-reiniciando-para-transformar\">2020-2021 Reiniciando para transformar<\/a><\/p><\/blockquote>\n<p><iframe loading=\"lazy\" class=\"wp-embedded-content\" sandbox=\"allow-scripts\" security=\"restricted\" style=\"position: absolute; visibility: hidden;\" title=\"\u00ab2020-2021 Reiniciando para transformar\u00bb \u2014 educa\" src=\"https:\/\/www.educa.itakaescolapios.org\/campanas\/2020-2021-reiniciando-para-transformar\/embed#?secret=niZzGx0Ak0#?secret=JZEGmLPKlg\" data-secret=\"JZEGmLPKlg\" width=\"600\" height=\"338\" frameborder=\"0\" marginwidth=\"0\" marginheight=\"0\" scrolling=\"no\"><\/iframe><\/p>\n<p>&nbsp;<!--more--><\/p>\n","protected":false},"excerpt":{"rendered":"<p>Pincha en el enlace para acceder a la campa\u00f1a, que desde este a\u00f1o est\u00e1 en Educa.itakaescolapios.org 2020-2021 Reiniciando para transformar &nbsp;<\/p>\n","protected":false},"author":4,"featured_media":0,"parent":7523,"menu_order":1,"comment_status":"closed","ping_status":"closed","template":"","meta":{"_et_pb_use_builder":"","_et_pb_old_content":"","_et_gb_content_width":"","footnotes":""},"class_list":["post-31937","page","type-page","status-publish","hentry"],"yoast_head":"<!-- This site is optimized with the Yoast SEO plugin v27.3 - https:\/\/yoast.com\/product\/yoast-seo-wordpress\/ -->\n<title>2020-2021 REINICIANDO PARA TRANSFORMAR<\/title>\n<meta name=\"description\" content=\"Pincha en el enlace para acceder a la campa\u00f1a, que desde este a\u00f1o est\u00e1 en Educa.itakaescolapios.org https:\/\/www.educa.itakaescolapios.org\/campanas\/2020-2021-reiniciando-para-transformar &nbsp;\" \/>\n<meta name=\"robots\" content=\"index, follow, max-snippet:-1, max-image-preview:large, max-video-preview:-1\" \/>\n<link rel=\"canonical\" href=\"\" \/>\n<meta property=\"og:locale\" content=\"ca_ES\" \/>\n<meta property=\"og:type\" content=\"article\" \/>\n<meta property=\"og:title\" content=\"2020-2021 REINICIANDO PARA TRANSFORMAR\" \/>\n<meta property=\"og:description\" content=\"Pincha en el enlace para acceder a la campa\u00f1a, que desde este a\u00f1o est\u00e1 en Educa.itakaescolapios.org https:\/\/www.educa.itakaescolapios.org\/campanas\/2020-2021-reiniciando-para-transformar &nbsp;\" \/>\n<meta property=\"og:url\" content=\"https:\/\/www.itakaescolapios.org\/ca\/campanas\/2020-2021-reiniciando-para-transformar\/\" \/>\n<meta property=\"og:site_name\" content=\"Itaka-Escolapios\" \/>\n<meta property=\"article:modified_time\" content=\"2023-11-28T11:36:08+00:00\" \/>\n<meta name=\"twitter:card\" content=\"summary_large_image\" \/>\n<script type=\"application\/ld+json\" class=\"yoast-schema-graph\">{\"@context\":\"https:\\\/\\\/schema.org\",\"@graph\":[{\"@type\":\"WebPage\",\"@id\":\"https:\\\/\\\/www.itakaescolapios.org\\\/ca\\\/campanas\\\/2020-2021-reiniciando-para-transformar\\\/\",\"url\":\"https:\\\/\\\/www.itakaescolapios.org\\\/ca\\\/campanas\\\/2020-2021-reiniciando-para-transformar\\\/\",\"name\":\"2020-2021 REINICIANDO PARA TRANSFORMAR - Itaka-Escolapios\",\"isPartOf\":{\"@id\":\"https:\\\/\\\/www.itakaescolapios.org\\\/es\\\/#website\"},\"datePublished\":\"2020-11-12T09:17:32+00:00\",\"dateModified\":\"2023-11-28T11:36:08+00:00\",\"breadcrumb\":{\"@id\":\"https:\\\/\\\/www.itakaescolapios.org\\\/ca\\\/campanas\\\/2020-2021-reiniciando-para-transformar\\\/#breadcrumb\"},\"inLanguage\":\"ca\",\"potentialAction\":[{\"@type\":\"ReadAction\",\"target\":[\"https:\\\/\\\/www.itakaescolapios.org\\\/ca\\\/campanas\\\/2020-2021-reiniciando-para-transformar\\\/\"]}]},{\"@type\":\"BreadcrumbList\",\"@id\":\"https:\\\/\\\/www.itakaescolapios.org\\\/ca\\\/campanas\\\/2020-2021-reiniciando-para-transformar\\\/#breadcrumb\",\"itemListElement\":[{\"@type\":\"ListItem\",\"position\":1,\"name\":\"Itaka-Escolapios\",\"item\":\"https:\\\/\\\/www.itakaescolapios.org\\\/es\\\/\"},{\"@type\":\"ListItem\",\"position\":2,\"name\":\"Campa\u00f1as\",\"item\":\"https:\\\/\\\/www.itakaescolapios.org\\\/es\\\/campanas\\\/\"},{\"@type\":\"ListItem\",\"position\":3,\"name\":\"2020-2021 REINICIANDO PARA TRANSFORMAR\"}]},{\"@type\":\"WebSite\",\"@id\":\"https:\\\/\\\/www.itakaescolapios.org\\\/ca\\\/es\\\/#website\",\"url\":\"https:\\\/\\\/www.itakaescolapios.org\\\/ca\\\/es\\\/\",\"name\":\"Itaka-Escolapios\",\"description\":\"Red de Itaka-Escolapios\",\"publisher\":{\"@id\":\"https:\\\/\\\/www.itakaescolapios.org\\\/ca\\\/es\\\/#organization\"},\"potentialAction\":[{\"@type\":\"SearchAction\",\"target\":{\"@type\":\"EntryPoint\",\"urlTemplate\":\"https:\\\/\\\/www.itakaescolapios.org\\\/ca\\\/es\\\/?s={search_term_string}\"},\"query-input\":{\"@type\":\"PropertyValueSpecification\",\"valueRequired\":true,\"valueName\":\"search_term_string\"}}],\"inLanguage\":\"ca\"},{\"@type\":\"Organization\",\"@id\":\"https:\\\/\\\/www.itakaescolapios.org\\\/ca\\\/es\\\/#organization\",\"name\":\"Fundaci\u00f3 Itaka-Escolapios\",\"url\":\"https:\\\/\\\/www.itakaescolapios.org\\\/ca\\\/es\\\/\",\"logo\":{\"@type\":\"ImageObject\",\"inLanguage\":\"ca\",\"@id\":\"https:\\\/\\\/www.itakaescolapios.org\\\/ca\\\/es\\\/#\\\/schema\\\/logo\\\/image\\\/\",\"url\":\"https:\\\/\\\/www.itakaescolapios.org\\\/wp-content\\\/uploads\\\/2024\\\/04\\\/Logo-itakaescolapios-peque.png\",\"contentUrl\":\"https:\\\/\\\/www.itakaescolapios.org\\\/wp-content\\\/uploads\\\/2024\\\/04\\\/Logo-itakaescolapios-peque.png\",\"width\":500,\"height\":199,\"caption\":\"Fundaci\u00f3 Itaka-Escolapios\"},\"image\":{\"@id\":\"https:\\\/\\\/www.itakaescolapios.org\\\/ca\\\/es\\\/#\\\/schema\\\/logo\\\/image\\\/\"}}]}<\/script>\n<!-- \/ Yoast SEO plugin. -->","yoast_head_json":{"title":"2020-2021 REINICIANDO PARA TRANSFORMAR","description":"Pincha en el enlace para acceder a la campa\u00f1a, que desde este a\u00f1o est\u00e1 en Educa.itakaescolapios.org https:\/\/www.educa.itakaescolapios.org\/campanas\/2020-2021-reiniciando-para-transformar &nbsp;","robots":{"index":"index","follow":"follow","max-snippet":"max-snippet:-1","max-image-preview":"max-image-preview:large","max-video-preview":"max-video-preview:-1"},"canonical":"Pincha en el enlace para acceder a la campa\u00f1a, que desde este a\u00f1o est\u00e1 en Educa.itakaescolapios.org https:\/\/www.educa.itakaescolapios.org\/campanas\/2020-2021-reiniciando-para-transformar &nbsp;","og_locale":"ca_ES","og_type":"article","og_title":"2020-2021 REINICIANDO PARA TRANSFORMAR","og_description":"Pincha en el enlace para acceder a la campa\u00f1a, que desde este a\u00f1o est\u00e1 en Educa.itakaescolapios.org https:\/\/www.educa.itakaescolapios.org\/campanas\/2020-2021-reiniciando-para-transformar &nbsp;","og_url":"https:\/\/www.itakaescolapios.org\/ca\/campanas\/2020-2021-reiniciando-para-transformar\/","og_site_name":"Itaka-Escolapios","article_modified_time":"2023-11-28T11:36:08+00:00","twitter_card":"summary_large_image","schema":{"@context":"https:\/\/schema.org","@graph":[{"@type":"WebPage","@id":"https:\/\/www.itakaescolapios.org\/ca\/campanas\/2020-2021-reiniciando-para-transformar\/","url":"https:\/\/www.itakaescolapios.org\/ca\/campanas\/2020-2021-reiniciando-para-transformar\/","name":"2020-2021 REINICIANDO PARA TRANSFORMAR - Itaka-Escolapios","isPartOf":{"@id":"https:\/\/www.itakaescolapios.org\/es\/#website"},"datePublished":"2020-11-12T09:17:32+00:00","dateModified":"2023-11-28T11:36:08+00:00","breadcrumb":{"@id":"https:\/\/www.itakaescolapios.org\/ca\/campanas\/2020-2021-reiniciando-para-transformar\/#breadcrumb"},"inLanguage":"ca","potentialAction":[{"@type":"ReadAction","target":["https:\/\/www.itakaescolapios.org\/ca\/campanas\/2020-2021-reiniciando-para-transformar\/"]}]},{"@type":"BreadcrumbList","@id":"https:\/\/www.itakaescolapios.org\/ca\/campanas\/2020-2021-reiniciando-para-transformar\/#breadcrumb","itemListElement":[{"@type":"ListItem","position":1,"name":"Itaka-Escolapios","item":"https:\/\/www.itakaescolapios.org\/es\/"},{"@type":"ListItem","position":2,"name":"Campa\u00f1as","item":"https:\/\/www.itakaescolapios.org\/es\/campanas\/"},{"@type":"ListItem","position":3,"name":"2020-2021 REINICIANDO PARA TRANSFORMAR"}]},{"@type":"WebSite","@id":"https:\/\/www.itakaescolapios.org\/ca\/es\/#website","url":"https:\/\/www.itakaescolapios.org\/ca\/es\/","name":"Itaka-Escolapios","description":"Red de Itaka-Escolapios","publisher":{"@id":"https:\/\/www.itakaescolapios.org\/ca\/es\/#organization"},"potentialAction":[{"@type":"SearchAction","target":{"@type":"EntryPoint","urlTemplate":"https:\/\/www.itakaescolapios.org\/ca\/es\/?s={search_term_string}"},"query-input":{"@type":"PropertyValueSpecification","valueRequired":true,"valueName":"search_term_string"}}],"inLanguage":"ca"},{"@type":"Organization","@id":"https:\/\/www.itakaescolapios.org\/ca\/es\/#organization","name":"Fundaci\u00f3 Itaka-Escolapios","url":"https:\/\/www.itakaescolapios.org\/ca\/es\/","logo":{"@type":"ImageObject","inLanguage":"ca","@id":"https:\/\/www.itakaescolapios.org\/ca\/es\/#\/schema\/logo\/image\/","url":"https:\/\/www.itakaescolapios.org\/wp-content\/uploads\/2024\/04\/Logo-itakaescolapios-peque.png","contentUrl":"https:\/\/www.itakaescolapios.org\/wp-content\/uploads\/2024\/04\/Logo-itakaescolapios-peque.png","width":500,"height":199,"caption":"Fundaci\u00f3 Itaka-Escolapios"},"image":{"@id":"https:\/\/www.itakaescolapios.org\/ca\/es\/#\/schema\/logo\/image\/"}}]}},"_links":{"self":[{"href":"https:\/\/www.itakaescolapios.org\/ca\/wp-json\/wp\/v2\/pages\/31937","targetHints":{"allow":["GET"]}}],"collection":[{"href":"https:\/\/www.itakaescolapios.org\/ca\/wp-json\/wp\/v2\/pages"}],"about":[{"href":"https:\/\/www.itakaescolapios.org\/ca\/wp-json\/wp\/v2\/types\/page"}],"author":[{"embeddable":true,"href":"https:\/\/www.itakaescolapios.org\/ca\/wp-json\/wp\/v2\/users\/4"}],"replies":[{"embeddable":true,"href":"https:\/\/www.itakaescolapios.org\/ca\/wp-json\/wp\/v2\/comments?post=31937"}],"version-history":[{"count":6,"href":"https:\/\/www.itakaescolapios.org\/ca\/wp-json\/wp\/v2\/pages\/31937\/revisions"}],"predecessor-version":[{"id":44497,"href":"https:\/\/www.itakaescolapios.org\/ca\/wp-json\/wp\/v2\/pages\/31937\/revisions\/44497"}],"up":[{"embeddable":true,"href":"https:\/\/www.itakaescolapios.org\/ca\/wp-json\/wp\/v2\/pages\/7523"}],"wp:attachment":[{"href":"https:\/\/www.itakaescolapios.org\/ca\/wp-json\/wp\/v2\/media?parent=31937"}],"curies":[{"name":"wp","href":"https:\/\/api.w.org\/{rel}","templated":true}]}}