{"id":32773,"date":"2021-03-25T10:43:32","date_gmt":"2021-03-25T09:43:32","guid":{"rendered":"https:\/\/www.itakaescolapios.org\/?page_id=32773"},"modified":"2023-11-28T12:36:02","modified_gmt":"2023-11-28T11:36:02","slug":"ojala-logrono","status":"publish","type":"page","link":"https:\/\/www.itakaescolapios.org\/ca\/que-fem\/alfabetizacion-y-apoyo-escolar\/ojala\/ojala-logrono\/","title":{"rendered":"OJAL\u00c1 LOGRO\u00d1O"},"content":{"rendered":"<p>La Fundaci\u00f3n\u00a0Itaka\u00a0Escolapios en\u00a0Logro\u00f1o\u00a0viene desarrollando desde septiembre de 2017\u00a0un programa de alfabetizaci\u00f3n y clases de castellano llamado \u201cOjal\u00e1\u201d para personas inmigrantes. Desde el curso 2017-2018\u00a0dichas clases se destinan s\u00f3lo a mujeres inmigrantes de nivel inicial e intermedio y de lunes a mi\u00e9rcoles. Algunas de estas mujeres tienen serias dificultades para su inserci\u00f3n socio laboral, ya que muchas carecen incluso de formaci\u00f3n en sus pa\u00edses de procedencia.<\/p>\n<p>Muchas de las mujeres que acuden a las clases, son madres de alumnos\/as del colegio, que como hemos expuesto, no saben el idioma y muchas de ellas, carecen de formaci\u00f3n educativa, lo que genera que no puedan ayudar a sus hijos con las tareas m\u00e1s simples de clase, una situaci\u00f3n que se agrava en algunos casos en los cuales est\u00e1n ellas solas al cargo de sus hijos.<\/p>\n<p>Por todo ello, es muy importante la labor que realizan nuestros voluntarios\/as intentando ayudar a estas mujeres para que mejoren tanto con el idioma como con su nivel lectivo, porque a la vez, estas ayudando a que puedan servir de apoyo a sus hijos a nivel escolar, y a su vez para que puedan adquirir competencias para poder trabajar en Espa\u00f1a.<\/p>\n<p>En Logro\u00f1o, tenemos\u00a02\u00a0grupos de mujeres, que est\u00e1n divididas en funci\u00f3n del nivel que presentan cada una de estas mujeres, siendo uno m\u00e1s avanzado que el otro.<\/p>\n","protected":false},"excerpt":{"rendered":"<p>La Fundaci\u00f3n\u00a0Itaka\u00a0Escolapios en\u00a0Logro\u00f1o\u00a0viene desarrollando desde septiembre de 2017\u00a0un programa de alfabetizaci\u00f3n y clases de castellano llamado \u201cOjal\u00e1\u201d para personas inmigrantes. Desde el curso 2017-2018\u00a0dichas clases se destinan s\u00f3lo a mujeres [&hellip;]<\/p>\n","protected":false},"author":4,"featured_media":0,"parent":201,"menu_order":0,"comment_status":"closed","ping_status":"closed","template":"","meta":{"_et_pb_use_builder":"","_et_pb_old_content":"","_et_gb_content_width":"","footnotes":""},"class_list":["post-32773","page","type-page","status-publish","hentry"],"yoast_head":"<!-- This site is optimized with the Yoast SEO plugin v27.3 - https:\/\/yoast.com\/product\/yoast-seo-wordpress\/ -->\n<title>OJAL\u00c1 LOGRO\u00d1O<\/title>\n<meta name=\"description\" content=\"La Fundaci\u00f3n\u00a0Itaka\u00a0Escolapios en\u00a0Logro\u00f1o\u00a0viene desarrollando desde septiembre de 2017\u00a0un programa de alfabetizaci\u00f3n y clases de castellano llamado \u201cOjal\u00e1\u201d para personas inmigrantes. Desde el curso 2017-2018\u00a0dichas clases se destinan s\u00f3lo a mujeres inmigrantes de nivel inicial e intermedio y de lunes a mi\u00e9rcoles. Algunas de estas mujeres tienen serias dificultades para su inserci\u00f3n socio laboral, ya que&hellip;\" \/>\n<meta name=\"robots\" content=\"index, follow, max-snippet:-1, max-image-preview:large, max-video-preview:-1\" \/>\n<link rel=\"canonical\" href=\"http:\/\/La%20Fundaci\u00f3n\u00a0Itaka\u00a0Escolapios%20en\u00a0Logro\u00f1o\u00a0viene%20desarrollando%20desde%20septiembre%20de%202017\u00a0un%20programa%20de%20alfabetizaci\u00f3n%20y%20clases%20de%20castellano%20llamado%20\u201cOjal\u00e1\u201d%20para%20personas%20inmigrantes.%20Desde%20el%20curso%202017-2018\u00a0dichas%20clases%20se%20destinan%20s\u00f3lo%20a%20mujeres%20inmigrantes%20de%20nivel%20inicial%20e%20intermedio%20y%20de%20lunes%20a%20mi\u00e9rcoles.%20Algunas%20de%20estas%20mujeres%20tienen%20serias%20dificultades%20para%20su%20inserci\u00f3n%20socio%20laboral,%20ya%20que&hellip;\" \/>\n<meta property=\"og:locale\" content=\"ca_ES\" \/>\n<meta property=\"og:type\" content=\"article\" \/>\n<meta property=\"og:title\" content=\"OJAL\u00c1 LOGRO\u00d1O\" \/>\n<meta property=\"og:description\" content=\"La Fundaci\u00f3n\u00a0Itaka\u00a0Escolapios en\u00a0Logro\u00f1o\u00a0viene desarrollando desde septiembre de 2017\u00a0un programa de alfabetizaci\u00f3n y clases de castellano llamado \u201cOjal\u00e1\u201d para personas inmigrantes. Desde el curso 2017-2018\u00a0dichas clases se destinan s\u00f3lo a mujeres inmigrantes de nivel inicial e intermedio y de lunes a mi\u00e9rcoles. Algunas de estas mujeres tienen serias dificultades para su inserci\u00f3n socio laboral, ya que&hellip;\" \/>\n<meta property=\"og:url\" content=\"https:\/\/www.itakaescolapios.org\/ca\/que-fem\/alfabetizacion-y-apoyo-escolar\/ojala\/ojala-logrono\/\" \/>\n<meta property=\"og:site_name\" content=\"Itaka-Escolapios\" \/>\n<meta property=\"article:modified_time\" content=\"2023-11-28T11:36:02+00:00\" \/>\n<meta name=\"twitter:card\" content=\"summary_large_image\" \/>\n<meta name=\"twitter:label1\" content=\"Temps estimat de lectura\" \/>\n\t<meta name=\"twitter:data1\" content=\"1 minut\" \/>\n<script type=\"application\/ld+json\" class=\"yoast-schema-graph\">{\"@context\":\"https:\\\/\\\/schema.org\",\"@graph\":[{\"@type\":\"WebPage\",\"@id\":\"https:\\\/\\\/www.itakaescolapios.org\\\/ca\\\/que-fem\\\/alfabetizacion-y-apoyo-escolar\\\/ojala\\\/ojala-logrono\\\/\",\"url\":\"https:\\\/\\\/www.itakaescolapios.org\\\/ca\\\/que-fem\\\/alfabetizacion-y-apoyo-escolar\\\/ojala\\\/ojala-logrono\\\/\",\"name\":\"OJAL\u00c1 LOGRO\u00d1O - Itaka-Escolapios\",\"isPartOf\":{\"@id\":\"https:\\\/\\\/www.itakaescolapios.org\\\/es\\\/#website\"},\"datePublished\":\"2021-03-25T09:43:32+00:00\",\"dateModified\":\"2023-11-28T11:36:02+00:00\",\"breadcrumb\":{\"@id\":\"https:\\\/\\\/www.itakaescolapios.org\\\/ca\\\/que-fem\\\/alfabetizacion-y-apoyo-escolar\\\/ojala\\\/ojala-logrono\\\/#breadcrumb\"},\"inLanguage\":\"ca\",\"potentialAction\":[{\"@type\":\"ReadAction\",\"target\":[\"https:\\\/\\\/www.itakaescolapios.org\\\/ca\\\/que-fem\\\/alfabetizacion-y-apoyo-escolar\\\/ojala\\\/ojala-logrono\\\/\"]}]},{\"@type\":\"BreadcrumbList\",\"@id\":\"https:\\\/\\\/www.itakaescolapios.org\\\/ca\\\/que-fem\\\/alfabetizacion-y-apoyo-escolar\\\/ojala\\\/ojala-logrono\\\/#breadcrumb\",\"itemListElement\":[{\"@type\":\"ListItem\",\"position\":1,\"name\":\"Itaka-Escolapios\",\"item\":\"https:\\\/\\\/www.itakaescolapios.org\\\/es\\\/\"},{\"@type\":\"ListItem\",\"position\":2,\"name\":\"Qu\u00e8 fem\",\"item\":\"https:\\\/\\\/www.itakaescolapios.org\\\/es\\\/que-hacemos\\\/\"},{\"@type\":\"ListItem\",\"position\":3,\"name\":\"Alfabetizaci\u00f3n y apoyo escolar\",\"item\":\"https:\\\/\\\/www.itakaescolapios.org\\\/es\\\/que-hacemos\\\/alfabetizacion-y-apoyo-escolar\\\/\"},{\"@type\":\"ListItem\",\"position\":4,\"name\":\"Ojal\u00e1 \\\/ El Faro\",\"item\":\"https:\\\/\\\/www.itakaescolapios.org\\\/es\\\/que-hacemos\\\/alfabetizacion-y-apoyo-escolar\\\/ojala\\\/\"},{\"@type\":\"ListItem\",\"position\":5,\"name\":\"OJAL\u00c1 LOGRO\u00d1O\"}]},{\"@type\":\"WebSite\",\"@id\":\"https:\\\/\\\/www.itakaescolapios.org\\\/ca\\\/es\\\/#website\",\"url\":\"https:\\\/\\\/www.itakaescolapios.org\\\/ca\\\/es\\\/\",\"name\":\"Itaka-Escolapios\",\"description\":\"Red de Itaka-Escolapios\",\"publisher\":{\"@id\":\"https:\\\/\\\/www.itakaescolapios.org\\\/ca\\\/es\\\/#organization\"},\"potentialAction\":[{\"@type\":\"SearchAction\",\"target\":{\"@type\":\"EntryPoint\",\"urlTemplate\":\"https:\\\/\\\/www.itakaescolapios.org\\\/ca\\\/es\\\/?s={search_term_string}\"},\"query-input\":{\"@type\":\"PropertyValueSpecification\",\"valueRequired\":true,\"valueName\":\"search_term_string\"}}],\"inLanguage\":\"ca\"},{\"@type\":\"Organization\",\"@id\":\"https:\\\/\\\/www.itakaescolapios.org\\\/ca\\\/es\\\/#organization\",\"name\":\"Fundaci\u00f3 Itaka-Escolapios\",\"url\":\"https:\\\/\\\/www.itakaescolapios.org\\\/ca\\\/es\\\/\",\"logo\":{\"@type\":\"ImageObject\",\"inLanguage\":\"ca\",\"@id\":\"https:\\\/\\\/www.itakaescolapios.org\\\/ca\\\/es\\\/#\\\/schema\\\/logo\\\/image\\\/\",\"url\":\"https:\\\/\\\/www.itakaescolapios.org\\\/wp-content\\\/uploads\\\/2024\\\/04\\\/Logo-itakaescolapios-peque.png\",\"contentUrl\":\"https:\\\/\\\/www.itakaescolapios.org\\\/wp-content\\\/uploads\\\/2024\\\/04\\\/Logo-itakaescolapios-peque.png\",\"width\":500,\"height\":199,\"caption\":\"Fundaci\u00f3 Itaka-Escolapios\"},\"image\":{\"@id\":\"https:\\\/\\\/www.itakaescolapios.org\\\/ca\\\/es\\\/#\\\/schema\\\/logo\\\/image\\\/\"}}]}<\/script>\n<!-- \/ Yoast SEO plugin. -->","yoast_head_json":{"title":"OJAL\u00c1 LOGRO\u00d1O","description":"La Fundaci\u00f3n\u00a0Itaka\u00a0Escolapios en\u00a0Logro\u00f1o\u00a0viene desarrollando desde septiembre de 2017\u00a0un programa de alfabetizaci\u00f3n y clases de castellano llamado \u201cOjal\u00e1\u201d para personas inmigrantes. Desde el curso 2017-2018\u00a0dichas clases se destinan s\u00f3lo a mujeres inmigrantes de nivel inicial e intermedio y de lunes a mi\u00e9rcoles. Algunas de estas mujeres tienen serias dificultades para su inserci\u00f3n socio laboral, ya que&hellip;","robots":{"index":"index","follow":"follow","max-snippet":"max-snippet:-1","max-image-preview":"max-image-preview:large","max-video-preview":"max-video-preview:-1"},"canonical":"La Fundaci\u00f3n\u00a0Itaka\u00a0Escolapios en\u00a0Logro\u00f1o\u00a0viene desarrollando desde septiembre de 2017\u00a0un programa de alfabetizaci\u00f3n y clases de castellano llamado \u201cOjal\u00e1\u201d para personas inmigrantes. Desde el curso 2017-2018\u00a0dichas clases se destinan s\u00f3lo a mujeres inmigrantes de nivel inicial e intermedio y de lunes a mi\u00e9rcoles. Algunas de estas mujeres tienen serias dificultades para su inserci\u00f3n socio laboral, ya que&hellip;","og_locale":"ca_ES","og_type":"article","og_title":"OJAL\u00c1 LOGRO\u00d1O","og_description":"La Fundaci\u00f3n\u00a0Itaka\u00a0Escolapios en\u00a0Logro\u00f1o\u00a0viene desarrollando desde septiembre de 2017\u00a0un programa de alfabetizaci\u00f3n y clases de castellano llamado \u201cOjal\u00e1\u201d para personas inmigrantes. Desde el curso 2017-2018\u00a0dichas clases se destinan s\u00f3lo a mujeres inmigrantes de nivel inicial e intermedio y de lunes a mi\u00e9rcoles. Algunas de estas mujeres tienen serias dificultades para su inserci\u00f3n socio laboral, ya que&hellip;","og_url":"https:\/\/www.itakaescolapios.org\/ca\/que-fem\/alfabetizacion-y-apoyo-escolar\/ojala\/ojala-logrono\/","og_site_name":"Itaka-Escolapios","article_modified_time":"2023-11-28T11:36:02+00:00","twitter_card":"summary_large_image","twitter_misc":{"Temps estimat de lectura":"1 minut"},"schema":{"@context":"https:\/\/schema.org","@graph":[{"@type":"WebPage","@id":"https:\/\/www.itakaescolapios.org\/ca\/que-fem\/alfabetizacion-y-apoyo-escolar\/ojala\/ojala-logrono\/","url":"https:\/\/www.itakaescolapios.org\/ca\/que-fem\/alfabetizacion-y-apoyo-escolar\/ojala\/ojala-logrono\/","name":"OJAL\u00c1 LOGRO\u00d1O - Itaka-Escolapios","isPartOf":{"@id":"https:\/\/www.itakaescolapios.org\/es\/#website"},"datePublished":"2021-03-25T09:43:32+00:00","dateModified":"2023-11-28T11:36:02+00:00","breadcrumb":{"@id":"https:\/\/www.itakaescolapios.org\/ca\/que-fem\/alfabetizacion-y-apoyo-escolar\/ojala\/ojala-logrono\/#breadcrumb"},"inLanguage":"ca","potentialAction":[{"@type":"ReadAction","target":["https:\/\/www.itakaescolapios.org\/ca\/que-fem\/alfabetizacion-y-apoyo-escolar\/ojala\/ojala-logrono\/"]}]},{"@type":"BreadcrumbList","@id":"https:\/\/www.itakaescolapios.org\/ca\/que-fem\/alfabetizacion-y-apoyo-escolar\/ojala\/ojala-logrono\/#breadcrumb","itemListElement":[{"@type":"ListItem","position":1,"name":"Itaka-Escolapios","item":"https:\/\/www.itakaescolapios.org\/es\/"},{"@type":"ListItem","position":2,"name":"Qu\u00e8 fem","item":"https:\/\/www.itakaescolapios.org\/es\/que-hacemos\/"},{"@type":"ListItem","position":3,"name":"Alfabetizaci\u00f3n y apoyo escolar","item":"https:\/\/www.itakaescolapios.org\/es\/que-hacemos\/alfabetizacion-y-apoyo-escolar\/"},{"@type":"ListItem","position":4,"name":"Ojal\u00e1 \/ El Faro","item":"https:\/\/www.itakaescolapios.org\/es\/que-hacemos\/alfabetizacion-y-apoyo-escolar\/ojala\/"},{"@type":"ListItem","position":5,"name":"OJAL\u00c1 LOGRO\u00d1O"}]},{"@type":"WebSite","@id":"https:\/\/www.itakaescolapios.org\/ca\/es\/#website","url":"https:\/\/www.itakaescolapios.org\/ca\/es\/","name":"Itaka-Escolapios","description":"Red de Itaka-Escolapios","publisher":{"@id":"https:\/\/www.itakaescolapios.org\/ca\/es\/#organization"},"potentialAction":[{"@type":"SearchAction","target":{"@type":"EntryPoint","urlTemplate":"https:\/\/www.itakaescolapios.org\/ca\/es\/?s={search_term_string}"},"query-input":{"@type":"PropertyValueSpecification","valueRequired":true,"valueName":"search_term_string"}}],"inLanguage":"ca"},{"@type":"Organization","@id":"https:\/\/www.itakaescolapios.org\/ca\/es\/#organization","name":"Fundaci\u00f3 Itaka-Escolapios","url":"https:\/\/www.itakaescolapios.org\/ca\/es\/","logo":{"@type":"ImageObject","inLanguage":"ca","@id":"https:\/\/www.itakaescolapios.org\/ca\/es\/#\/schema\/logo\/image\/","url":"https:\/\/www.itakaescolapios.org\/wp-content\/uploads\/2024\/04\/Logo-itakaescolapios-peque.png","contentUrl":"https:\/\/www.itakaescolapios.org\/wp-content\/uploads\/2024\/04\/Logo-itakaescolapios-peque.png","width":500,"height":199,"caption":"Fundaci\u00f3 Itaka-Escolapios"},"image":{"@id":"https:\/\/www.itakaescolapios.org\/ca\/es\/#\/schema\/logo\/image\/"}}]}},"_links":{"self":[{"href":"https:\/\/www.itakaescolapios.org\/ca\/wp-json\/wp\/v2\/pages\/32773","targetHints":{"allow":["GET"]}}],"collection":[{"href":"https:\/\/www.itakaescolapios.org\/ca\/wp-json\/wp\/v2\/pages"}],"about":[{"href":"https:\/\/www.itakaescolapios.org\/ca\/wp-json\/wp\/v2\/types\/page"}],"author":[{"embeddable":true,"href":"https:\/\/www.itakaescolapios.org\/ca\/wp-json\/wp\/v2\/users\/4"}],"replies":[{"embeddable":true,"href":"https:\/\/www.itakaescolapios.org\/ca\/wp-json\/wp\/v2\/comments?post=32773"}],"version-history":[{"count":3,"href":"https:\/\/www.itakaescolapios.org\/ca\/wp-json\/wp\/v2\/pages\/32773\/revisions"}],"predecessor-version":[{"id":44338,"href":"https:\/\/www.itakaescolapios.org\/ca\/wp-json\/wp\/v2\/pages\/32773\/revisions\/44338"}],"up":[{"embeddable":true,"href":"https:\/\/www.itakaescolapios.org\/ca\/wp-json\/wp\/v2\/pages\/201"}],"wp:attachment":[{"href":"https:\/\/www.itakaescolapios.org\/ca\/wp-json\/wp\/v2\/media?parent=32773"}],"curies":[{"name":"wp","href":"https:\/\/api.w.org\/{rel}","templated":true}]}}