{"id":34726,"date":"2021-09-19T21:20:01","date_gmt":"2021-09-19T20:20:01","guid":{"rendered":"https:\/\/www.itakaescolapios.org\/?page_id=34726"},"modified":"2025-09-17T16:22:17","modified_gmt":"2025-09-17T15:22:17","slug":"inscripcion-a-iturralde-eskola-vitoria-gasteiz","status":"publish","type":"page","link":"https:\/\/www.itakaescolapios.org\/ca\/inscripcion-a-iturralde-eskola-vitoria-gasteiz\/","title":{"rendered":"Inscripci\u00f3n a Iturralde Eskola Vitoria-Gasteiz"},"content":{"rendered":"<p>Esta es la p\u00e1gina para inscribirte y solicitar mayor informaci\u00f3n sobre nuestros cursos. Te esperamos. <strong>PLAZO DE INSCRIPCI\u00d3N HASTA EL 1 DE OCTUBRE.<\/strong><\/p>\n<div class=\"_df_book df-lite\" id=\"df_34748\"  _slug=\"34748\" data-title=\"estriptico-escuela-vitoria\" wpoptions=\"true\" thumbtype=\"\" ><\/div><script class=\"df-shortcode-script\" nowprocket type=\"application\/javascript\">window.option_df_34748 = {\"outline\":[],\"autoEnableOutline\":\"false\",\"autoEnableThumbnail\":\"false\",\"overwritePDFOutline\":\"false\",\"direction\":\"1\",\"pageSize\":\"0\",\"source\":\"https:\\\/\\\/www.itakaescolapios.org\\\/wp-content\\\/uploads\\\/2021\\\/09\\\/Triptico-Escuela-Vitoria-25-26.pdf\",\"wpOptions\":\"true\"}; if(window.DFLIP && window.DFLIP.parseBooks){window.DFLIP.parseBooks();}<\/script>\n<div class=\"forminator-ui forminator-custom-form forminator-custom-form-42895 forminator-design--material  forminator_ajax\" data-forminator-render=\"0\" data-form=\"forminator-module-42895\" data-uid=\"69e38b258974e\"><br\/><\/div><form\n\t\t\t\tid=\"forminator-module-42895\"\n\t\t\t\tclass=\"forminator-ui forminator-custom-form forminator-custom-form-42895 forminator-design--material  forminator_ajax\"\n\t\t\t\tmethod=\"post\"\n\t\t\t\tdata-forminator-render=\"0\"\n\t\t\t\tdata-form-id=\"42895\"\n\t\t\t\t data-color-option=\"default\" data-design=\"material\" data-grid=\"open\" style=\"display: none;\"\n\t\t\t\tdata-uid=\"69e38b258974e\"\n\t\t\t><div role=\"alert\" aria-live=\"polite\" class=\"forminator-response-message forminator-error\" aria-hidden=\"true\"><\/div><div class=\"forminator-row\"><div id=\"name-1\" class=\"forminator-field-name forminator-col forminator-col-6 \"><div class=\"forminator-field\"><label for=\"forminator-field-name-1_69e38b258974e\" id=\"forminator-field-name-1_69e38b258974e-label\" class=\"forminator-label\">Nombre <span class=\"forminator-required\">*<\/span><\/label><input type=\"text\" name=\"name-1\" value=\"\" placeholder=\"Ej: Juan\" id=\"forminator-field-name-1_69e38b258974e\" class=\"forminator-input forminator-name--field\" aria-required=\"true\" autocomplete=\"name\" \/><\/div><\/div><div id=\"text-1\" class=\"forminator-field-text forminator-col forminator-col-6 \"><div class=\"forminator-field\"><label for=\"forminator-field-text-1_69e38b258974e\" id=\"forminator-field-text-1_69e38b258974e-label\" class=\"forminator-label\">Apellidos <span class=\"forminator-required\">*<\/span><\/label><input type=\"text\" name=\"text-1\" value=\"\" placeholder=\"Ej: P\u00e9rez Arana\" id=\"forminator-field-text-1_69e38b258974e\" class=\"forminator-input forminator-name--field\" data-required=\"1\" \/><\/div><\/div><\/div><div class=\"forminator-row\"><div id=\"text-3\" class=\"forminator-field-text forminator-col forminator-col-6 \"><div class=\"forminator-field\"><label for=\"forminator-field-text-3_69e38b258974e\" id=\"forminator-field-text-3_69e38b258974e-label\" class=\"forminator-label\">DNI\/NIE <span class=\"forminator-required\">*<\/span><\/label><input type=\"text\" name=\"text-3\" value=\"\" placeholder=\"Ej: 12345678W\" id=\"forminator-field-text-3_69e38b258974e\" class=\"forminator-input forminator-name--field\" data-required=\"1\" \/><\/div><\/div><div id=\"date-1\" class=\"forminator-field-date forminator-col forminator-col-6 \"><div class=\"forminator-field\"><label for=\"forminator-field-date-1-picker_69e38b258974e\" id=\"forminator-field-date-1-picker_69e38b258974e-label\" class=\"forminator-label\">Fecha de nacimiento <span class=\"forminator-required\">*<\/span><\/label><div class=\"forminator-input-with-icon\"><span class=\"forminator-icon-calendar\" aria-hidden=\"true\"><\/span><input autocomplete=\"off\" type=\"text\" size=\"1\" name=\"date-1\" value=\"\" placeholder=\"Elegir fecha\" id=\"forminator-field-date-1-picker_69e38b258974e\" class=\"forminator-input forminator-datepicker\" data-required=\"1\" data-format=\"dd-mm-yy\" data-restrict-type=\"\" data-restrict=\"\" data-start-year=\"1926\" data-end-year=\"2126\" data-past-dates=\"enable\" data-start-of-week=\"1\" data-start-date=\"\" data-end-date=\"\" data-start-field=\"\" data-end-field=\"\" data-start-offset=\"\" data-end-offset=\"\" data-disable-date=\"\" data-disable-range=\"\" \/><\/div><\/div><\/div><\/div><div class=\"forminator-row\"><div id=\"phone-1\" class=\"forminator-field-phone forminator-col forminator-col-6 \"><div class=\"forminator-field\"><label for=\"forminator-field-phone-1_69e38b258974e\" id=\"forminator-field-phone-1_69e38b258974e-label\" class=\"forminator-label\">N\u00famero de tel\u00e9fono <span class=\"forminator-required\">*<\/span><\/label><input type=\"text\" name=\"phone-1\" value=\"\" placeholder=\"Ej: 611111111\" id=\"forminator-field-phone-1_69e38b258974e\" class=\"forminator-input forminator-field--phone\" data-required=\"1\" aria-required=\"true\" autocomplete=\"off\" \/><\/div><\/div><div id=\"email-1\" class=\"forminator-field-email forminator-col forminator-col-6 \"><div class=\"forminator-field\"><label for=\"forminator-field-email-1_69e38b258974e\" id=\"forminator-field-email-1_69e38b258974e-label\" class=\"forminator-label\">Correo electr\u00f3nico <span class=\"forminator-required\">*<\/span><\/label><input type=\"email\" name=\"email-1\" value=\"\" placeholder=\"Ej . : juanperez@correo.com\" id=\"forminator-field-email-1_69e38b258974e\" class=\"forminator-input forminator-email--field\" data-required=\"true\" aria-required=\"true\" autocomplete=\"email\" \/><\/div><\/div><\/div><div class=\"forminator-row\"><div id=\"text-2\" class=\"forminator-field-text forminator-col forminator-col-12 \"><div class=\"forminator-field\"><label for=\"forminator-field-text-2_69e38b258974e\" id=\"forminator-field-text-2_69e38b258974e-label\" class=\"forminator-label\">Direcci\u00f3n <span class=\"forminator-required\">*<\/span><\/label><input type=\"text\" name=\"text-2\" value=\"\" placeholder=\"Ej: Federico Baraibar 36, 2\u00ba\" id=\"forminator-field-text-2_69e38b258974e\" class=\"forminator-input forminator-name--field\" data-required=\"1\" \/><\/div><\/div><\/div><div class=\"forminator-row\"><div id=\"text-5\" class=\"forminator-field-text forminator-col forminator-col-6 \"><div class=\"forminator-field\"><label for=\"forminator-field-text-5_69e38b258974e\" id=\"forminator-field-text-5_69e38b258974e-label\" class=\"forminator-label\">C\u00f3digo postal <span class=\"forminator-required\">*<\/span><\/label><input type=\"text\" name=\"text-5\" value=\"\" placeholder=\"Ej: 01003\" id=\"forminator-field-text-5_69e38b258974e\" class=\"forminator-input forminator-name--field\" data-required=\"1\" \/><\/div><\/div><div id=\"text-4\" class=\"forminator-field-text forminator-col forminator-col-6 \"><div class=\"forminator-field\"><label for=\"forminator-field-text-4_69e38b258974e\" id=\"forminator-field-text-4_69e38b258974e-label\" class=\"forminator-label\">Municipio <span class=\"forminator-required\">*<\/span><\/label><input type=\"text\" name=\"text-4\" value=\"\" placeholder=\"Ej: Vitoria-Gasteiz\" id=\"forminator-field-text-4_69e38b258974e\" class=\"forminator-input forminator-name--field\" data-required=\"1\" \/><\/div><\/div><\/div><div class=\"forminator-row\"><div id=\"radio-1\" class=\"forminator-field-radio forminator-col forminator-col-12 \"><div role=\"radiogroup\" class=\"forminator-field\" aria-labelledby=\"forminator-radiogroup-radio-1-69e38b258974e-label\"><span id=\"forminator-radiogroup-radio-1-69e38b258974e-label\" class=\"forminator-label\">Quiero... <span class=\"forminator-required\">*<\/span><\/span><label id=\"forminator-field-radio-1-label-1\" for=\"forminator-field-radio-1-1-69e38b258974e\" class=\"forminator-radio\" title=\"Inscribirme al curso\"><input type=\"radio\" name=\"radio-1\" value=\"inscribirme-al-curso\" id=\"forminator-field-radio-1-1-69e38b258974e\" aria-labelledby=\"forminator-field-radio-1-label-1\" data-calculation=\"0\"  \/><span class=\"forminator-radio-bullet\" aria-hidden=\"true\"><\/span><span class=\"forminator-radio-label\">Inscribirme al curso<\/span><\/label><label id=\"forminator-field-radio-1-label-2\" for=\"forminator-field-radio-1-2-69e38b258974e\" class=\"forminator-radio\" title=\"Informaci\u00f3n de los cursos...\"><input type=\"radio\" name=\"radio-1\" value=\"informacin-de-los-cursos\" id=\"forminator-field-radio-1-2-69e38b258974e\" aria-labelledby=\"forminator-field-radio-1-label-2\" data-calculation=\"0\"  \/><span class=\"forminator-radio-bullet\" aria-hidden=\"true\"><\/span><span class=\"forminator-radio-label\">Informaci\u00f3n de los cursos...<\/span><\/label><\/div><\/div><\/div><div class=\"forminator-row\"><div id=\"html-1\" class=\"forminator-field-html forminator-col forminator-col-12 \"><div class=\"forminator-field forminator-merge-tags\" data-field=\"html-1\"><p><strong>Curso bianual: <\/strong><\/p>\n<p><strong>Primer a\u00f1o (2025-2026):<\/strong>&nbsp;<br>7 al 9 de noviembre 2025<br>13 al 15 de marzo 2026<br>9 mayo 2026<br><strong>Segundo a\u00f1o (2026-2027):<br><\/strong>&nbsp;28 agosto al 1 septiembre 2026&nbsp;<br>16 al 18 octubre 2026<br>6 al 8 noviembre 2026&nbsp;<br><br><b>Adem\u00e1s:<\/b> 33 horas online.<\/p><\/div><\/div><\/div><div class=\"forminator-row\"><div id=\"gdprcheckbox-1\" class=\"forminator-field-gdprcheckbox forminator-col forminator-col-12 \"><div class=\"forminator-field\"><label for=\"forminator-field-gdprcheckbox-1_69e38b258974e\" class=\"forminator-checkbox\"><input type=\"checkbox\" name=\"gdprcheckbox-1\" value=\"true\" id=\"forminator-field-gdprcheckbox-1_69e38b258974e\" data-required=\"true\" aria-required=\"true\" \/><span class=\"forminator-checkbox-box\" aria-hidden=\"true\"><\/span><span class=\"forminator-checkbox-label\">S\u00ed, acepto la pol\u00edtica de privacidad de Itaka-Escolapios.<\/span><\/label><\/div><\/div><\/div><input type=\"hidden\" name=\"referer_url\" value=\"\" \/><script type=\"text\/javascript\" src=\"https:\/\/challenges.cloudflare.com\/turnstile\/v0\/api.js?render=explicit&amp;ver=6.9.4\" id=\"cfturnstile-js\"><\/script>\n<style>#cf-turnstile-fmntr-42895 { margin-left: 0px !important; }<\/style>\t\t<div id=\"cf-turnstile-fmntr-42895\"\r\n\t\tclass=\"cf-turnstile\" \t\tdata-sitekey=\"0x4AAAAAAAc7wYvyKY3hbjnf\"\r\n\t\tdata-theme=\"light\"\r\n\t\tdata-language=\"auto\"\r\n\t\tdata-size=\"normal\"\r\n\t\tdata-retry=\"auto\" data-retry-interval=\"1000\"\r\n\t\tdata-refresh-expired=\"auto\"\r\n\t\tdata-refresh-timeout=\"auto\"\r\n\t\tdata-action=\"forminator-form-42895\"\r\n\t\tdata-callback=\"turnstileForminatorCallback\"\r\n\t\t\t\tdata-appearance=\"always\"><\/div>\r\n\t\t\t<script>document.addEventListener(\"DOMContentLoaded\", function() { setTimeout(function(){ var e=document.getElementById(\"cf-turnstile-fmntr-42895\"); if(e&&!e.innerHTML.trim()){turnstile.render(e, {sitekey:\"0x4AAAAAAAc7wYvyKY3hbjnf\"});} }, 200); });<\/script>\r\n\t\t\t<br class=\"cf-turnstile-br cf-turnstile-br-fmntr-42895\">\r\n\t\t\t\t<style>#cf-turnstile-fmntr-42895 { margin-left: -15px; }<\/style>\r\n\t\t                        <script>\r\n            \/\/ On ajax.complete run turnstile.render if element is empty\r\n            jQuery(document).ajaxComplete(function() {\r\n                setTimeout(function() {\r\n                    if (document.getElementById('cf-turnstile-fmntr-42895')) {\r\n                        if(!document.getElementById('cf-turnstile-fmntr-42895').innerHTML.trim()) {\r\n                                turnstile.remove('#cf-turnstile-fmntr-42895');\r\n                                turnstile.render('#cf-turnstile-fmntr-42895');\r\n                        }\r\n                    }\r\n                }, 1000);\r\n            });\r\n            \/\/ Enable Submit Button Function\r\n            function turnstileForminatorCallback() {\r\n                document.querySelectorAll('.forminator-button, .forminator-button-submit').forEach(function(el) {\r\n                    el.style.pointerEvents = 'auto';\r\n                    el.style.opacity = '1';\r\n                });\r\n            }\r\n            \/\/ On submit re-render\r\n            jQuery(document).ready(function() {\r\n                jQuery('.forminator-custom-form').on('submit', function() {\r\n                    if(document.getElementById('cf-turnstile-fmntr-42895')) {\r\n                        setTimeout(function() {\r\n                            turnstile.remove('#cf-turnstile-fmntr-42895');\r\n                            turnstile.render('#cf-turnstile-fmntr-42895');\r\n                        }, 1000);\r\n                    }\r\n                });\r\n            });\r\n            <\/script>\r\n                        <div class=\"forminator-row forminator-row-last\"><div class=\"forminator-col\"><div class=\"forminator-field\"><button class=\"forminator-button forminator-button-submit\"><span>Solicitud<\/span><span aria-hidden=\"true\"><\/span><\/button><\/div><\/div><\/div><input type=\"hidden\" id=\"forminator_nonce\" name=\"forminator_nonce\" value=\"50f1b9a846\" \/><input type=\"hidden\" name=\"_wp_http_referer\" value=\"\/ca\/wp-json\/wp\/v2\/pages\/34726\" \/><input type=\"hidden\" name=\"form_id\" value=\"42895\"><input type=\"hidden\" name=\"page_id\" value=\"34726\"><input type=\"hidden\" name=\"form_type\" value=\"default\"><input type=\"hidden\" name=\"current_url\" value=\"https:\/\/www.itakaescolapios.org\/ca\/inscripcion-a-iturralde-eskola-vitoria-gasteiz\/\"><input type=\"hidden\" name=\"render_id\" value=\"0\"><input type=\"hidden\" name=\"action\" value=\"forminator_submit_form_custom-forms\"><label for=\"input_12\" class=\"forminator-hidden\" aria-hidden=\"true\">Please do not fill in this field. <input id=\"input_12\" type=\"text\" name=\"input_12\" value=\"\" autocomplete=\"off\"><\/label><\/form>\n","protected":false},"excerpt":{"rendered":"<p>Esta es la p\u00e1gina para inscribirte y solicitar mayor informaci\u00f3n sobre nuestros cursos. Te esperamos. PLAZO DE INSCRIPCI\u00d3N HASTA EL 1 DE OCTUBRE. Nombre *Apellidos *DNI\/NIE *Fecha de nacimiento *N\u00famero [&hellip;]<\/p>\n","protected":false},"author":1,"featured_media":0,"parent":0,"menu_order":0,"comment_status":"closed","ping_status":"closed","template":"","meta":{"_et_pb_use_builder":"","_et_pb_old_content":"","_et_gb_content_width":"","footnotes":""},"class_list":["post-34726","page","type-page","status-publish","hentry"],"yoast_head":"<!-- This site is optimized with the Yoast SEO plugin v27.3 - https:\/\/yoast.com\/product\/yoast-seo-wordpress\/ -->\n<title>Inscripci\u00f3n a Iturralde Eskola Vitoria-Gasteiz<\/title>\n<meta name=\"description\" content=\"Esta es la p\u00e1gina para inscribirte y solicitar mayor informaci\u00f3n sobre nuestros cursos. Te esperamos. PLAZO DE INSCRIPCI\u00d3N HASTA EL 1 DE OCTUBRE. [dflip id=&quot;34748&quot; ][\/dflip] [forminator_form id=&quot;42895&quot;]\" \/>\n<meta name=\"robots\" content=\"index, follow, max-snippet:-1, max-image-preview:large, max-video-preview:-1\" \/>\n<link rel=\"canonical\" href=\"http:\/\/Esta%20es%20la%20p\u00e1gina%20para%20inscribirte%20y%20solicitar%20mayor%20informaci\u00f3n%20sobre%20nuestros%20cursos.%20Te%20esperamos.%20PLAZO%20DE%20INSCRIPCI\u00d3N%20HASTA%20EL%201%20DE%20OCTUBRE.%20[dflip%20id=34748%20][\/dflip%5D%20%5Bforminator_form%20id=42895%5D\" \/>\n<meta property=\"og:locale\" content=\"ca_ES\" \/>\n<meta property=\"og:type\" content=\"article\" \/>\n<meta property=\"og:title\" content=\"Inscripci\u00f3n a Iturralde Eskola Vitoria-Gasteiz\" \/>\n<meta property=\"og:description\" content=\"Esta es la p\u00e1gina para inscribirte y solicitar mayor informaci\u00f3n sobre nuestros cursos. Te esperamos. PLAZO DE INSCRIPCI\u00d3N HASTA EL 1 DE OCTUBRE. [dflip id=&quot;34748&quot; ][\/dflip] [forminator_form id=&quot;42895&quot;]\" \/>\n<meta property=\"og:url\" content=\"https:\/\/www.itakaescolapios.org\/ca\/inscripcion-a-iturralde-eskola-vitoria-gasteiz\/\" \/>\n<meta property=\"og:site_name\" content=\"Itaka-Escolapios\" \/>\n<meta property=\"article:modified_time\" content=\"2025-09-17T15:22:17+00:00\" \/>\n<meta name=\"twitter:card\" content=\"summary_large_image\" \/>\n<meta name=\"twitter:label1\" content=\"Temps estimat de lectura\" \/>\n\t<meta name=\"twitter:data1\" content=\"1 minut\" \/>\n<script type=\"application\/ld+json\" class=\"yoast-schema-graph\">{\"@context\":\"https:\\\/\\\/schema.org\",\"@graph\":[{\"@type\":\"WebPage\",\"@id\":\"https:\\\/\\\/www.itakaescolapios.org\\\/ca\\\/inscripcion-a-iturralde-eskola-vitoria-gasteiz\\\/\",\"url\":\"https:\\\/\\\/www.itakaescolapios.org\\\/ca\\\/inscripcion-a-iturralde-eskola-vitoria-gasteiz\\\/\",\"name\":\"Inscripci\u00f3n a Iturralde Eskola Vitoria-Gasteiz - Itaka-Escolapios\",\"isPartOf\":{\"@id\":\"https:\\\/\\\/www.itakaescolapios.org\\\/es\\\/#website\"},\"datePublished\":\"2021-09-19T20:20:01+00:00\",\"dateModified\":\"2025-09-17T15:22:17+00:00\",\"breadcrumb\":{\"@id\":\"https:\\\/\\\/www.itakaescolapios.org\\\/ca\\\/inscripcion-a-iturralde-eskola-vitoria-gasteiz\\\/#breadcrumb\"},\"inLanguage\":\"ca\",\"potentialAction\":[{\"@type\":\"ReadAction\",\"target\":[\"https:\\\/\\\/www.itakaescolapios.org\\\/ca\\\/inscripcion-a-iturralde-eskola-vitoria-gasteiz\\\/\"]}]},{\"@type\":\"BreadcrumbList\",\"@id\":\"https:\\\/\\\/www.itakaescolapios.org\\\/ca\\\/inscripcion-a-iturralde-eskola-vitoria-gasteiz\\\/#breadcrumb\",\"itemListElement\":[{\"@type\":\"ListItem\",\"position\":1,\"name\":\"Itaka-Escolapios\",\"item\":\"https:\\\/\\\/www.itakaescolapios.org\\\/es\\\/\"},{\"@type\":\"ListItem\",\"position\":2,\"name\":\"Inscripci\u00f3n a Iturralde Eskola Vitoria-Gasteiz\"}]},{\"@type\":\"WebSite\",\"@id\":\"https:\\\/\\\/www.itakaescolapios.org\\\/ca\\\/es\\\/#website\",\"url\":\"https:\\\/\\\/www.itakaescolapios.org\\\/ca\\\/es\\\/\",\"name\":\"Itaka-Escolapios\",\"description\":\"Red de Itaka-Escolapios\",\"publisher\":{\"@id\":\"https:\\\/\\\/www.itakaescolapios.org\\\/ca\\\/es\\\/#organization\"},\"potentialAction\":[{\"@type\":\"SearchAction\",\"target\":{\"@type\":\"EntryPoint\",\"urlTemplate\":\"https:\\\/\\\/www.itakaescolapios.org\\\/ca\\\/es\\\/?s={search_term_string}\"},\"query-input\":{\"@type\":\"PropertyValueSpecification\",\"valueRequired\":true,\"valueName\":\"search_term_string\"}}],\"inLanguage\":\"ca\"},{\"@type\":\"Organization\",\"@id\":\"https:\\\/\\\/www.itakaescolapios.org\\\/ca\\\/es\\\/#organization\",\"name\":\"Fundaci\u00f3 Itaka-Escolapios\",\"url\":\"https:\\\/\\\/www.itakaescolapios.org\\\/ca\\\/es\\\/\",\"logo\":{\"@type\":\"ImageObject\",\"inLanguage\":\"ca\",\"@id\":\"https:\\\/\\\/www.itakaescolapios.org\\\/ca\\\/es\\\/#\\\/schema\\\/logo\\\/image\\\/\",\"url\":\"https:\\\/\\\/www.itakaescolapios.org\\\/wp-content\\\/uploads\\\/2024\\\/04\\\/Logo-itakaescolapios-peque.png\",\"contentUrl\":\"https:\\\/\\\/www.itakaescolapios.org\\\/wp-content\\\/uploads\\\/2024\\\/04\\\/Logo-itakaescolapios-peque.png\",\"width\":500,\"height\":199,\"caption\":\"Fundaci\u00f3 Itaka-Escolapios\"},\"image\":{\"@id\":\"https:\\\/\\\/www.itakaescolapios.org\\\/ca\\\/es\\\/#\\\/schema\\\/logo\\\/image\\\/\"}}]}<\/script>\n<!-- \/ Yoast SEO plugin. -->","yoast_head_json":{"title":"Inscripci\u00f3n a Iturralde Eskola Vitoria-Gasteiz","description":"Esta es la p\u00e1gina para inscribirte y solicitar mayor informaci\u00f3n sobre nuestros cursos. Te esperamos. PLAZO DE INSCRIPCI\u00d3N HASTA EL 1 DE OCTUBRE. [dflip id=\"34748\" ][\/dflip] [forminator_form id=\"42895\"]","robots":{"index":"index","follow":"follow","max-snippet":"max-snippet:-1","max-image-preview":"max-image-preview:large","max-video-preview":"max-video-preview:-1"},"canonical":"Esta es la p\u00e1gina para inscribirte y solicitar mayor informaci\u00f3n sobre nuestros cursos. Te esperamos. PLAZO DE INSCRIPCI\u00d3N HASTA EL 1 DE OCTUBRE. [dflip id=\"34748\" ][\/dflip] [forminator_form id=\"42895\"]","og_locale":"ca_ES","og_type":"article","og_title":"Inscripci\u00f3n a Iturralde Eskola Vitoria-Gasteiz","og_description":"Esta es la p\u00e1gina para inscribirte y solicitar mayor informaci\u00f3n sobre nuestros cursos. Te esperamos. PLAZO DE INSCRIPCI\u00d3N HASTA EL 1 DE OCTUBRE. [dflip id=\"34748\" ][\/dflip] [forminator_form id=\"42895\"]","og_url":"https:\/\/www.itakaescolapios.org\/ca\/inscripcion-a-iturralde-eskola-vitoria-gasteiz\/","og_site_name":"Itaka-Escolapios","article_modified_time":"2025-09-17T15:22:17+00:00","twitter_card":"summary_large_image","twitter_misc":{"Temps estimat de lectura":"1 minut"},"schema":{"@context":"https:\/\/schema.org","@graph":[{"@type":"WebPage","@id":"https:\/\/www.itakaescolapios.org\/ca\/inscripcion-a-iturralde-eskola-vitoria-gasteiz\/","url":"https:\/\/www.itakaescolapios.org\/ca\/inscripcion-a-iturralde-eskola-vitoria-gasteiz\/","name":"Inscripci\u00f3n a Iturralde Eskola Vitoria-Gasteiz - Itaka-Escolapios","isPartOf":{"@id":"https:\/\/www.itakaescolapios.org\/es\/#website"},"datePublished":"2021-09-19T20:20:01+00:00","dateModified":"2025-09-17T15:22:17+00:00","breadcrumb":{"@id":"https:\/\/www.itakaescolapios.org\/ca\/inscripcion-a-iturralde-eskola-vitoria-gasteiz\/#breadcrumb"},"inLanguage":"ca","potentialAction":[{"@type":"ReadAction","target":["https:\/\/www.itakaescolapios.org\/ca\/inscripcion-a-iturralde-eskola-vitoria-gasteiz\/"]}]},{"@type":"BreadcrumbList","@id":"https:\/\/www.itakaescolapios.org\/ca\/inscripcion-a-iturralde-eskola-vitoria-gasteiz\/#breadcrumb","itemListElement":[{"@type":"ListItem","position":1,"name":"Itaka-Escolapios","item":"https:\/\/www.itakaescolapios.org\/es\/"},{"@type":"ListItem","position":2,"name":"Inscripci\u00f3n a Iturralde Eskola Vitoria-Gasteiz"}]},{"@type":"WebSite","@id":"https:\/\/www.itakaescolapios.org\/ca\/es\/#website","url":"https:\/\/www.itakaescolapios.org\/ca\/es\/","name":"Itaka-Escolapios","description":"Red de Itaka-Escolapios","publisher":{"@id":"https:\/\/www.itakaescolapios.org\/ca\/es\/#organization"},"potentialAction":[{"@type":"SearchAction","target":{"@type":"EntryPoint","urlTemplate":"https:\/\/www.itakaescolapios.org\/ca\/es\/?s={search_term_string}"},"query-input":{"@type":"PropertyValueSpecification","valueRequired":true,"valueName":"search_term_string"}}],"inLanguage":"ca"},{"@type":"Organization","@id":"https:\/\/www.itakaescolapios.org\/ca\/es\/#organization","name":"Fundaci\u00f3 Itaka-Escolapios","url":"https:\/\/www.itakaescolapios.org\/ca\/es\/","logo":{"@type":"ImageObject","inLanguage":"ca","@id":"https:\/\/www.itakaescolapios.org\/ca\/es\/#\/schema\/logo\/image\/","url":"https:\/\/www.itakaescolapios.org\/wp-content\/uploads\/2024\/04\/Logo-itakaescolapios-peque.png","contentUrl":"https:\/\/www.itakaescolapios.org\/wp-content\/uploads\/2024\/04\/Logo-itakaescolapios-peque.png","width":500,"height":199,"caption":"Fundaci\u00f3 Itaka-Escolapios"},"image":{"@id":"https:\/\/www.itakaescolapios.org\/ca\/es\/#\/schema\/logo\/image\/"}}]}},"_links":{"self":[{"href":"https:\/\/www.itakaescolapios.org\/ca\/wp-json\/wp\/v2\/pages\/34726","targetHints":{"allow":["GET"]}}],"collection":[{"href":"https:\/\/www.itakaescolapios.org\/ca\/wp-json\/wp\/v2\/pages"}],"about":[{"href":"https:\/\/www.itakaescolapios.org\/ca\/wp-json\/wp\/v2\/types\/page"}],"author":[{"embeddable":true,"href":"https:\/\/www.itakaescolapios.org\/ca\/wp-json\/wp\/v2\/users\/1"}],"replies":[{"embeddable":true,"href":"https:\/\/www.itakaescolapios.org\/ca\/wp-json\/wp\/v2\/comments?post=34726"}],"version-history":[{"count":8,"href":"https:\/\/www.itakaescolapios.org\/ca\/wp-json\/wp\/v2\/pages\/34726\/revisions"}],"predecessor-version":[{"id":328488,"href":"https:\/\/www.itakaescolapios.org\/ca\/wp-json\/wp\/v2\/pages\/34726\/revisions\/328488"}],"wp:attachment":[{"href":"https:\/\/www.itakaescolapios.org\/ca\/wp-json\/wp\/v2\/media?parent=34726"}],"curies":[{"name":"wp","href":"https:\/\/api.w.org\/{rel}","templated":true}]}}