{"id":389,"date":"2012-06-04T11:19:24","date_gmt":"2012-06-04T10:19:24","guid":{"rendered":"https:\/\/www.itakaescolapios.org\/?page_id=389"},"modified":"2023-11-28T12:39:46","modified_gmt":"2023-11-28T11:39:46","slug":"beregain-bilbao","status":"publish","type":"page","link":"https:\/\/www.itakaescolapios.org\/ca\/que-fem\/hogares\/beregain-bilbao\/","title":{"rendered":"Beregain"},"content":{"rendered":"<p style=\"text-align: justify;\" align=\"JUSTIFY\">El Programa BEREGAIN contempla la constituci\u00f3n de unidades de convivencia para mujeres j\u00f3venes a cargo de familias monoparentales, donde desarrollar un trabajo individualizado con la joven y su hijo\/a de cara a conseguir su integraci\u00f3n laboral y social.<\/p>\n<p style=\"text-align: justify;\" align=\"JUSTIFY\">El programa tiene un convenio con la Diputaci\u00f3n Foral de Bizkaia (desde el a\u00f1o 2.002) en el que se marcan los objetivos del mismo:<\/p>\n<ul style=\"text-align: justify;\">\n<li>\n<p align=\"JUSTIFY\">Atender a las necesidades b\u00e1sicas del colectivo familiar (alojamiento y manutenci\u00f3n, salud, entorno seguro\u2026)<\/p>\n<\/li>\n<li>\n<p align=\"JUSTIFY\">Ofrecer una atenci\u00f3n socio-educativa de car\u00e1cter global para cada una de las personas miembros de la entidad familiar cuidando la positiva interacci\u00f3n entre ellas. Para su consecuci\u00f3n se servir\u00e1 de los recursos humanos y f\u00edsicos propios de la Fundaci\u00f3n as\u00ed como de los externos que sean necesarios (guarder\u00eda, escuela, acceso a cursos de formaci\u00f3n, abordaje de necesidades especiales\u2026)<\/p>\n<\/li>\n<li>\n<p align=\"JUSTIFY\">Preparar a las j\u00f3venes para la vida aut\u00f3noma (interiorizaci\u00f3n de modelos adecuados, aprovechamiento de aptitudes personales, inserci\u00f3n laboral, proyecto social\u2026)<\/p>\n<\/li>\n<li>\n<p align=\"JUSTIFY\">Desarrollar habilidades de maternaje a fin de que las j\u00f3venes adquieran la capacitaci\u00f3n necesaria para atender de manera apropiada a las necesidades f\u00edsicas y emocionales de sus hijos e hijas, permitiendo que se establezca un v\u00ednculo adecuado madre-hijo\/a.<\/p>\n<\/li>\n<li>\n<p align=\"JUSTIFY\">Ofrecer orientaci\u00f3n psicol\u00f3gica y pedag\u00f3gica de cara a potenciar el desarrollo emocional y psicol\u00f3gico de las madres y de los y las menores.<\/p>\n<\/li>\n<li>\n<p align=\"JUSTIFY\">Proporcionar un servicio de seguimiento ambulatorio a las usuarias del programa, una vez que se ha producido su salida del mismo para apoyarlas y orientarlas en sus procesos de emancipaci\u00f3n.<\/p>\n<\/li>\n<\/ul>\n<p style=\"text-align: justify;\" align=\"JUSTIFY\">El Programa Beregain cuenta con dos unidades de convivencia con un m\u00e1ximo de cuatro plazas para mujeres j\u00f3venes, y cinco plazas para menores, en cada hogar. Se atiende de esta forma a la posibilidad de que alguna unidad familiar est\u00e9 conformada por m\u00e1s de un ni\u00f1o o ni\u00f1a.<\/p>\n<p><!--more--><\/p>\n","protected":false},"excerpt":{"rendered":"<p>El Programa BEREGAIN contempla la constituci\u00f3n de unidades de convivencia para mujeres j\u00f3venes a cargo de familias monoparentales, donde desarrollar un trabajo individualizado con la joven y su hijo\/a de [&hellip;]<\/p>\n","protected":false},"author":1,"featured_media":1276,"parent":91,"menu_order":2,"comment_status":"closed","ping_status":"closed","template":"","meta":{"_et_pb_use_builder":"","_et_pb_old_content":"","_et_gb_content_width":"","footnotes":""},"class_list":["post-389","page","type-page","status-publish","has-post-thumbnail","hentry"],"yoast_head":"<!-- This site is optimized with the Yoast SEO plugin v27.3 - https:\/\/yoast.com\/product\/yoast-seo-wordpress\/ -->\n<title>Beregain<\/title>\n<meta name=\"description\" content=\"El Programa BEREGAIN contempla la constituci\u00f3n de unidades de convivencia para mujeres j\u00f3venes a cargo de familias monoparentales, donde desarrollar un trabajo individualizado con la joven y su hijo\/a de cara a conseguir su integraci\u00f3n laboral y social. El programa tiene un convenio con la Diputaci\u00f3n Foral de Bizkaia (desde el a\u00f1o 2.002) en el&hellip;\" \/>\n<meta name=\"robots\" content=\"index, follow, max-snippet:-1, max-image-preview:large, max-video-preview:-1\" \/>\n<link rel=\"canonical\" href=\"http:\/\/El%20Programa%20BEREGAIN%20contempla%20la%20constituci\u00f3n%20de%20unidades%20de%20convivencia%20para%20mujeres%20j\u00f3venes%20a%20cargo%20de%20familias%20monoparentales,%20donde%20desarrollar%20un%20trabajo%20individualizado%20con%20la%20joven%20y%20su%20hijo\/a%20de%20cara%20a%20conseguir%20su%20integraci\u00f3n%20laboral%20y%20social.%20El%20programa%20tiene%20un%20convenio%20con%20la%20Diputaci\u00f3n%20Foral%20de%20Bizkaia%20(desde%20el%20a\u00f1o%202.002)%20en%20el&hellip;\" \/>\n<meta property=\"og:locale\" content=\"ca_ES\" \/>\n<meta property=\"og:type\" content=\"article\" \/>\n<meta property=\"og:title\" content=\"Beregain\" \/>\n<meta property=\"og:description\" content=\"El Programa BEREGAIN contempla la constituci\u00f3n de unidades de convivencia para mujeres j\u00f3venes a cargo de familias monoparentales, donde desarrollar un trabajo individualizado con la joven y su hijo\/a de cara a conseguir su integraci\u00f3n laboral y social. El programa tiene un convenio con la Diputaci\u00f3n Foral de Bizkaia (desde el a\u00f1o 2.002) en el&hellip;\" \/>\n<meta property=\"og:url\" content=\"https:\/\/www.itakaescolapios.org\/ca\/que-fem\/hogares\/beregain-bilbao\/\" \/>\n<meta property=\"og:site_name\" content=\"Itaka-Escolapios\" \/>\n<meta property=\"article:modified_time\" content=\"2023-11-28T11:39:46+00:00\" \/>\n<meta property=\"og:image\" content=\"https:\/\/www.itakaescolapios.org\/wp-content\/uploads\/2012\/06\/Hogares-beregain-Bilbao-6.jpg\" \/>\n\t<meta property=\"og:image:width\" content=\"1125\" \/>\n\t<meta property=\"og:image:height\" content=\"1500\" \/>\n\t<meta property=\"og:image:type\" content=\"image\/jpeg\" \/>\n<meta name=\"twitter:card\" content=\"summary_large_image\" \/>\n<meta name=\"twitter:label1\" content=\"Temps estimat de lectura\" \/>\n\t<meta name=\"twitter:data1\" content=\"2 minuts\" \/>\n<script type=\"application\/ld+json\" class=\"yoast-schema-graph\">{\"@context\":\"https:\\\/\\\/schema.org\",\"@graph\":[{\"@type\":\"WebPage\",\"@id\":\"https:\\\/\\\/www.itakaescolapios.org\\\/ca\\\/que-fem\\\/hogares\\\/beregain-bilbao\\\/\",\"url\":\"https:\\\/\\\/www.itakaescolapios.org\\\/ca\\\/que-fem\\\/hogares\\\/beregain-bilbao\\\/\",\"name\":\"Beregain - Itaka-Escolapios\",\"isPartOf\":{\"@id\":\"https:\\\/\\\/www.itakaescolapios.org\\\/es\\\/#website\"},\"primaryImageOfPage\":{\"@id\":\"https:\\\/\\\/www.itakaescolapios.org\\\/ca\\\/que-fem\\\/hogares\\\/beregain-bilbao\\\/#primaryimage\"},\"image\":{\"@id\":\"https:\\\/\\\/www.itakaescolapios.org\\\/ca\\\/que-fem\\\/hogares\\\/beregain-bilbao\\\/#primaryimage\"},\"thumbnailUrl\":\"https:\\\/\\\/www.itakaescolapios.org\\\/wp-content\\\/uploads\\\/2012\\\/06\\\/Hogares-beregain-Bilbao-6.jpg\",\"datePublished\":\"2012-06-04T10:19:24+00:00\",\"dateModified\":\"2023-11-28T11:39:46+00:00\",\"breadcrumb\":{\"@id\":\"https:\\\/\\\/www.itakaescolapios.org\\\/ca\\\/que-fem\\\/hogares\\\/beregain-bilbao\\\/#breadcrumb\"},\"inLanguage\":\"ca\",\"potentialAction\":[{\"@type\":\"ReadAction\",\"target\":[\"https:\\\/\\\/www.itakaescolapios.org\\\/ca\\\/que-fem\\\/hogares\\\/beregain-bilbao\\\/\"]}]},{\"@type\":\"ImageObject\",\"inLanguage\":\"ca\",\"@id\":\"https:\\\/\\\/www.itakaescolapios.org\\\/ca\\\/que-fem\\\/hogares\\\/beregain-bilbao\\\/#primaryimage\",\"url\":\"https:\\\/\\\/www.itakaescolapios.org\\\/wp-content\\\/uploads\\\/2012\\\/06\\\/Hogares-beregain-Bilbao-6.jpg\",\"contentUrl\":\"https:\\\/\\\/www.itakaescolapios.org\\\/wp-content\\\/uploads\\\/2012\\\/06\\\/Hogares-beregain-Bilbao-6.jpg\",\"width\":1125,\"height\":1500},{\"@type\":\"BreadcrumbList\",\"@id\":\"https:\\\/\\\/www.itakaescolapios.org\\\/ca\\\/que-fem\\\/hogares\\\/beregain-bilbao\\\/#breadcrumb\",\"itemListElement\":[{\"@type\":\"ListItem\",\"position\":1,\"name\":\"Itaka-Escolapios\",\"item\":\"https:\\\/\\\/www.itakaescolapios.org\\\/es\\\/\"},{\"@type\":\"ListItem\",\"position\":2,\"name\":\"Qu\u00e8 fem\",\"item\":\"https:\\\/\\\/www.itakaescolapios.org\\\/es\\\/que-hacemos\\\/\"},{\"@type\":\"ListItem\",\"position\":3,\"name\":\"Hogares\",\"item\":\"https:\\\/\\\/www.itakaescolapios.org\\\/es\\\/que-hacemos\\\/hogares\\\/\"},{\"@type\":\"ListItem\",\"position\":4,\"name\":\"Beregain\"}]},{\"@type\":\"WebSite\",\"@id\":\"https:\\\/\\\/www.itakaescolapios.org\\\/ca\\\/es\\\/#website\",\"url\":\"https:\\\/\\\/www.itakaescolapios.org\\\/ca\\\/es\\\/\",\"name\":\"Itaka-Escolapios\",\"description\":\"Red de Itaka-Escolapios\",\"publisher\":{\"@id\":\"https:\\\/\\\/www.itakaescolapios.org\\\/ca\\\/es\\\/#organization\"},\"potentialAction\":[{\"@type\":\"SearchAction\",\"target\":{\"@type\":\"EntryPoint\",\"urlTemplate\":\"https:\\\/\\\/www.itakaescolapios.org\\\/ca\\\/es\\\/?s={search_term_string}\"},\"query-input\":{\"@type\":\"PropertyValueSpecification\",\"valueRequired\":true,\"valueName\":\"search_term_string\"}}],\"inLanguage\":\"ca\"},{\"@type\":\"Organization\",\"@id\":\"https:\\\/\\\/www.itakaescolapios.org\\\/ca\\\/es\\\/#organization\",\"name\":\"Fundaci\u00f3 Itaka-Escolapios\",\"url\":\"https:\\\/\\\/www.itakaescolapios.org\\\/ca\\\/es\\\/\",\"logo\":{\"@type\":\"ImageObject\",\"inLanguage\":\"ca\",\"@id\":\"https:\\\/\\\/www.itakaescolapios.org\\\/ca\\\/es\\\/#\\\/schema\\\/logo\\\/image\\\/\",\"url\":\"https:\\\/\\\/www.itakaescolapios.org\\\/wp-content\\\/uploads\\\/2024\\\/04\\\/Logo-itakaescolapios-peque.png\",\"contentUrl\":\"https:\\\/\\\/www.itakaescolapios.org\\\/wp-content\\\/uploads\\\/2024\\\/04\\\/Logo-itakaescolapios-peque.png\",\"width\":500,\"height\":199,\"caption\":\"Fundaci\u00f3 Itaka-Escolapios\"},\"image\":{\"@id\":\"https:\\\/\\\/www.itakaescolapios.org\\\/ca\\\/es\\\/#\\\/schema\\\/logo\\\/image\\\/\"}}]}<\/script>\n<!-- \/ Yoast SEO plugin. -->","yoast_head_json":{"title":"Beregain","description":"El Programa BEREGAIN contempla la constituci\u00f3n de unidades de convivencia para mujeres j\u00f3venes a cargo de familias monoparentales, donde desarrollar un trabajo individualizado con la joven y su hijo\/a de cara a conseguir su integraci\u00f3n laboral y social. El programa tiene un convenio con la Diputaci\u00f3n Foral de Bizkaia (desde el a\u00f1o 2.002) en el&hellip;","robots":{"index":"index","follow":"follow","max-snippet":"max-snippet:-1","max-image-preview":"max-image-preview:large","max-video-preview":"max-video-preview:-1"},"canonical":"El Programa BEREGAIN contempla la constituci\u00f3n de unidades de convivencia para mujeres j\u00f3venes a cargo de familias monoparentales, donde desarrollar un trabajo individualizado con la joven y su hijo\/a de cara a conseguir su integraci\u00f3n laboral y social. El programa tiene un convenio con la Diputaci\u00f3n Foral de Bizkaia (desde el a\u00f1o 2.002) en el&hellip;","og_locale":"ca_ES","og_type":"article","og_title":"Beregain","og_description":"El Programa BEREGAIN contempla la constituci\u00f3n de unidades de convivencia para mujeres j\u00f3venes a cargo de familias monoparentales, donde desarrollar un trabajo individualizado con la joven y su hijo\/a de cara a conseguir su integraci\u00f3n laboral y social. El programa tiene un convenio con la Diputaci\u00f3n Foral de Bizkaia (desde el a\u00f1o 2.002) en el&hellip;","og_url":"https:\/\/www.itakaescolapios.org\/ca\/que-fem\/hogares\/beregain-bilbao\/","og_site_name":"Itaka-Escolapios","article_modified_time":"2023-11-28T11:39:46+00:00","og_image":[{"width":1125,"height":1500,"url":"https:\/\/www.itakaescolapios.org\/wp-content\/uploads\/2012\/06\/Hogares-beregain-Bilbao-6.jpg","type":"image\/jpeg"}],"twitter_card":"summary_large_image","twitter_misc":{"Temps estimat de lectura":"2 minuts"},"schema":{"@context":"https:\/\/schema.org","@graph":[{"@type":"WebPage","@id":"https:\/\/www.itakaescolapios.org\/ca\/que-fem\/hogares\/beregain-bilbao\/","url":"https:\/\/www.itakaescolapios.org\/ca\/que-fem\/hogares\/beregain-bilbao\/","name":"Beregain - Itaka-Escolapios","isPartOf":{"@id":"https:\/\/www.itakaescolapios.org\/es\/#website"},"primaryImageOfPage":{"@id":"https:\/\/www.itakaescolapios.org\/ca\/que-fem\/hogares\/beregain-bilbao\/#primaryimage"},"image":{"@id":"https:\/\/www.itakaescolapios.org\/ca\/que-fem\/hogares\/beregain-bilbao\/#primaryimage"},"thumbnailUrl":"https:\/\/www.itakaescolapios.org\/wp-content\/uploads\/2012\/06\/Hogares-beregain-Bilbao-6.jpg","datePublished":"2012-06-04T10:19:24+00:00","dateModified":"2023-11-28T11:39:46+00:00","breadcrumb":{"@id":"https:\/\/www.itakaescolapios.org\/ca\/que-fem\/hogares\/beregain-bilbao\/#breadcrumb"},"inLanguage":"ca","potentialAction":[{"@type":"ReadAction","target":["https:\/\/www.itakaescolapios.org\/ca\/que-fem\/hogares\/beregain-bilbao\/"]}]},{"@type":"ImageObject","inLanguage":"ca","@id":"https:\/\/www.itakaescolapios.org\/ca\/que-fem\/hogares\/beregain-bilbao\/#primaryimage","url":"https:\/\/www.itakaescolapios.org\/wp-content\/uploads\/2012\/06\/Hogares-beregain-Bilbao-6.jpg","contentUrl":"https:\/\/www.itakaescolapios.org\/wp-content\/uploads\/2012\/06\/Hogares-beregain-Bilbao-6.jpg","width":1125,"height":1500},{"@type":"BreadcrumbList","@id":"https:\/\/www.itakaescolapios.org\/ca\/que-fem\/hogares\/beregain-bilbao\/#breadcrumb","itemListElement":[{"@type":"ListItem","position":1,"name":"Itaka-Escolapios","item":"https:\/\/www.itakaescolapios.org\/es\/"},{"@type":"ListItem","position":2,"name":"Qu\u00e8 fem","item":"https:\/\/www.itakaescolapios.org\/es\/que-hacemos\/"},{"@type":"ListItem","position":3,"name":"Hogares","item":"https:\/\/www.itakaescolapios.org\/es\/que-hacemos\/hogares\/"},{"@type":"ListItem","position":4,"name":"Beregain"}]},{"@type":"WebSite","@id":"https:\/\/www.itakaescolapios.org\/ca\/es\/#website","url":"https:\/\/www.itakaescolapios.org\/ca\/es\/","name":"Itaka-Escolapios","description":"Red de Itaka-Escolapios","publisher":{"@id":"https:\/\/www.itakaescolapios.org\/ca\/es\/#organization"},"potentialAction":[{"@type":"SearchAction","target":{"@type":"EntryPoint","urlTemplate":"https:\/\/www.itakaescolapios.org\/ca\/es\/?s={search_term_string}"},"query-input":{"@type":"PropertyValueSpecification","valueRequired":true,"valueName":"search_term_string"}}],"inLanguage":"ca"},{"@type":"Organization","@id":"https:\/\/www.itakaescolapios.org\/ca\/es\/#organization","name":"Fundaci\u00f3 Itaka-Escolapios","url":"https:\/\/www.itakaescolapios.org\/ca\/es\/","logo":{"@type":"ImageObject","inLanguage":"ca","@id":"https:\/\/www.itakaescolapios.org\/ca\/es\/#\/schema\/logo\/image\/","url":"https:\/\/www.itakaescolapios.org\/wp-content\/uploads\/2024\/04\/Logo-itakaescolapios-peque.png","contentUrl":"https:\/\/www.itakaescolapios.org\/wp-content\/uploads\/2024\/04\/Logo-itakaescolapios-peque.png","width":500,"height":199,"caption":"Fundaci\u00f3 Itaka-Escolapios"},"image":{"@id":"https:\/\/www.itakaescolapios.org\/ca\/es\/#\/schema\/logo\/image\/"}}]}},"_links":{"self":[{"href":"https:\/\/www.itakaescolapios.org\/ca\/wp-json\/wp\/v2\/pages\/389","targetHints":{"allow":["GET"]}}],"collection":[{"href":"https:\/\/www.itakaescolapios.org\/ca\/wp-json\/wp\/v2\/pages"}],"about":[{"href":"https:\/\/www.itakaescolapios.org\/ca\/wp-json\/wp\/v2\/types\/page"}],"author":[{"embeddable":true,"href":"https:\/\/www.itakaescolapios.org\/ca\/wp-json\/wp\/v2\/users\/1"}],"replies":[{"embeddable":true,"href":"https:\/\/www.itakaescolapios.org\/ca\/wp-json\/wp\/v2\/comments?post=389"}],"version-history":[{"count":10,"href":"https:\/\/www.itakaescolapios.org\/ca\/wp-json\/wp\/v2\/pages\/389\/revisions"}],"predecessor-version":[{"id":50237,"href":"https:\/\/www.itakaescolapios.org\/ca\/wp-json\/wp\/v2\/pages\/389\/revisions\/50237"}],"up":[{"embeddable":true,"href":"https:\/\/www.itakaescolapios.org\/ca\/wp-json\/wp\/v2\/pages\/91"}],"wp:featuredmedia":[{"embeddable":true,"href":"https:\/\/www.itakaescolapios.org\/ca\/wp-json\/wp\/v2\/media\/1276"}],"wp:attachment":[{"href":"https:\/\/www.itakaescolapios.org\/ca\/wp-json\/wp\/v2\/media?parent=389"}],"curies":[{"name":"wp","href":"https:\/\/api.w.org\/{rel}","templated":true}]}}