{"id":415,"date":"2012-06-04T12:02:50","date_gmt":"2012-06-04T11:02:50","guid":{"rendered":"https:\/\/www.itakaescolapios.org\/?page_id=415"},"modified":"2023-11-28T12:39:46","modified_gmt":"2023-11-28T11:39:46","slug":"mugitzen-tafalla","status":"publish","type":"page","link":"https:\/\/www.itakaescolapios.org\/ca\/que-fem\/voluntariado\/mugitzen-tafalla\/","title":{"rendered":"ESCUELA DE VOLUNTARIADO MUGITZEN"},"content":{"rendered":"<p>La escuela de voluntariado Mugitzen, es una herramienta destinada a formar y a acercar al trabajo solidario y la realidad social del municipio en el que viven, a los y las j\u00f3venes de bachillerato. Se trata de una etapa de dos a\u00f1os de formaci\u00f3n durante la que se va conociendo la realidad social y realizando labores de voluntariado tanto en Itaka-Escolapios como en otras entidades sociales.<\/p>\n<p>Durante el verano se lleva a cabo un campo de trabajo desarrollando labores de voluntariado en diferentes entidades sociales de las sedes en las que se desarrolla la actividad.<\/p>\n<p>Es un programa de voluntariado que se desarrolla en las sedes de <a href=\"https:\/\/www.itakaescolapios.org\/donde-estamos\/spain\/bilbao\/\" target=\"_blank\" rel=\"noopener\">Bilbao<\/a>, <a href=\"https:\/\/www.itakaescolapios.org\/donde-estamos\/spain\/pamplona-iruna\/\" target=\"_blank\" rel=\"noopener\">Pamplona-Iru\u00f1a<\/a>, <a href=\"https:\/\/www.itakaescolapios.org\/donde-estamos\/spain\/tafalla\/\" target=\"_blank\" rel=\"noopener\">Tafalla<\/a>, <a href=\"https:\/\/www.itakaescolapios.org\/donde-estamos\/spain\/tolosa\/\" target=\"_blank\" rel=\"noopener\">Tolosa <\/a>y <a href=\"https:\/\/www.itakaescolapios.org\/donde-estamos\/spain\/vitoria\/\" target=\"_blank\" rel=\"noopener\">Vitoria-Gasteiz<\/a>.<!--more--><\/p>\n","protected":false},"excerpt":{"rendered":"<p>La escuela de voluntariado Mugitzen, es una herramienta destinada a formar y a acercar al trabajo solidario y la realidad social del municipio en el que viven, a los y [&hellip;]<\/p>\n","protected":false},"author":1,"featured_media":1804,"parent":98,"menu_order":3,"comment_status":"closed","ping_status":"closed","template":"","meta":{"_et_pb_use_builder":"","_et_pb_old_content":"","_et_gb_content_width":"","footnotes":""},"class_list":["post-415","page","type-page","status-publish","has-post-thumbnail","hentry"],"yoast_head":"<!-- This site is optimized with the Yoast SEO plugin v27.3 - https:\/\/yoast.com\/product\/yoast-seo-wordpress\/ -->\n<title>ESCUELA DE VOLUNTARIADO MUGITZEN<\/title>\n<meta name=\"description\" content=\"La escuela de voluntariado Mugitzen, es una herramienta destinada a formar y a acercar al trabajo solidario y la realidad social del municipio en el que viven, a los y las j\u00f3venes de bachillerato. Se trata de una etapa de dos a\u00f1os de formaci\u00f3n durante la que se va conociendo la realidad social y realizando&hellip;\" \/>\n<meta name=\"robots\" content=\"index, follow, max-snippet:-1, max-image-preview:large, max-video-preview:-1\" \/>\n<link rel=\"canonical\" href=\"http:\/\/La%20escuela%20de%20voluntariado%20Mugitzen,%20es%20una%20herramienta%20destinada%20a%20formar%20y%20a%20acercar%20al%20trabajo%20solidario%20y%20la%20realidad%20social%20del%20municipio%20en%20el%20que%20viven,%20a%20los%20y%20las%20j\u00f3venes%20de%20bachillerato.%20Se%20trata%20de%20una%20etapa%20de%20dos%20a\u00f1os%20de%20formaci\u00f3n%20durante%20la%20que%20se%20va%20conociendo%20la%20realidad%20social%20y%20realizando&hellip;\" \/>\n<meta property=\"og:locale\" content=\"ca_ES\" \/>\n<meta property=\"og:type\" content=\"article\" \/>\n<meta property=\"og:title\" content=\"ESCUELA DE VOLUNTARIADO MUGITZEN\" \/>\n<meta property=\"og:description\" content=\"La escuela de voluntariado Mugitzen, es una herramienta destinada a formar y a acercar al trabajo solidario y la realidad social del municipio en el que viven, a los y las j\u00f3venes de bachillerato. Se trata de una etapa de dos a\u00f1os de formaci\u00f3n durante la que se va conociendo la realidad social y realizando&hellip;\" \/>\n<meta property=\"og:url\" content=\"https:\/\/www.itakaescolapios.org\/ca\/que-fem\/voluntariado\/mugitzen-tafalla\/\" \/>\n<meta property=\"og:site_name\" content=\"Itaka-Escolapios\" \/>\n<meta property=\"article:modified_time\" content=\"2023-11-28T11:39:46+00:00\" \/>\n<meta property=\"og:image\" content=\"https:\/\/www.itakaescolapios.org\/wp-content\/uploads\/2012\/06\/Voluntariado-Mugitzen-Tafalla.jpg\" \/>\n\t<meta property=\"og:image:width\" content=\"1200\" \/>\n\t<meta property=\"og:image:height\" content=\"999\" \/>\n\t<meta property=\"og:image:type\" content=\"image\/jpeg\" \/>\n<meta name=\"twitter:card\" content=\"summary_large_image\" \/>\n<meta name=\"twitter:label1\" content=\"Temps estimat de lectura\" \/>\n\t<meta name=\"twitter:data1\" content=\"1 minut\" \/>\n<script type=\"application\/ld+json\" class=\"yoast-schema-graph\">{\"@context\":\"https:\\\/\\\/schema.org\",\"@graph\":[{\"@type\":\"WebPage\",\"@id\":\"https:\\\/\\\/www.itakaescolapios.org\\\/ca\\\/que-fem\\\/voluntariado\\\/mugitzen-tafalla\\\/\",\"url\":\"https:\\\/\\\/www.itakaescolapios.org\\\/ca\\\/que-fem\\\/voluntariado\\\/mugitzen-tafalla\\\/\",\"name\":\"ESCUELA DE VOLUNTARIADO MUGITZEN - Itaka-Escolapios\",\"isPartOf\":{\"@id\":\"https:\\\/\\\/www.itakaescolapios.org\\\/es\\\/#website\"},\"primaryImageOfPage\":{\"@id\":\"https:\\\/\\\/www.itakaescolapios.org\\\/ca\\\/que-fem\\\/voluntariado\\\/mugitzen-tafalla\\\/#primaryimage\"},\"image\":{\"@id\":\"https:\\\/\\\/www.itakaescolapios.org\\\/ca\\\/que-fem\\\/voluntariado\\\/mugitzen-tafalla\\\/#primaryimage\"},\"thumbnailUrl\":\"https:\\\/\\\/www.itakaescolapios.org\\\/wp-content\\\/uploads\\\/2012\\\/06\\\/Voluntariado-Mugitzen-Tafalla.jpg\",\"datePublished\":\"2012-06-04T11:02:50+00:00\",\"dateModified\":\"2023-11-28T11:39:46+00:00\",\"breadcrumb\":{\"@id\":\"https:\\\/\\\/www.itakaescolapios.org\\\/ca\\\/que-fem\\\/voluntariado\\\/mugitzen-tafalla\\\/#breadcrumb\"},\"inLanguage\":\"ca\",\"potentialAction\":[{\"@type\":\"ReadAction\",\"target\":[\"https:\\\/\\\/www.itakaescolapios.org\\\/ca\\\/que-fem\\\/voluntariado\\\/mugitzen-tafalla\\\/\"]}]},{\"@type\":\"ImageObject\",\"inLanguage\":\"ca\",\"@id\":\"https:\\\/\\\/www.itakaescolapios.org\\\/ca\\\/que-fem\\\/voluntariado\\\/mugitzen-tafalla\\\/#primaryimage\",\"url\":\"https:\\\/\\\/www.itakaescolapios.org\\\/wp-content\\\/uploads\\\/2012\\\/06\\\/Voluntariado-Mugitzen-Tafalla.jpg\",\"contentUrl\":\"https:\\\/\\\/www.itakaescolapios.org\\\/wp-content\\\/uploads\\\/2012\\\/06\\\/Voluntariado-Mugitzen-Tafalla.jpg\",\"width\":\"1200\",\"height\":\"999\"},{\"@type\":\"BreadcrumbList\",\"@id\":\"https:\\\/\\\/www.itakaescolapios.org\\\/ca\\\/que-fem\\\/voluntariado\\\/mugitzen-tafalla\\\/#breadcrumb\",\"itemListElement\":[{\"@type\":\"ListItem\",\"position\":1,\"name\":\"Itaka-Escolapios\",\"item\":\"https:\\\/\\\/www.itakaescolapios.org\\\/es\\\/\"},{\"@type\":\"ListItem\",\"position\":2,\"name\":\"Qu\u00e8 fem\",\"item\":\"https:\\\/\\\/www.itakaescolapios.org\\\/es\\\/que-hacemos\\\/\"},{\"@type\":\"ListItem\",\"position\":3,\"name\":\"Voluntariado\",\"item\":\"https:\\\/\\\/www.itakaescolapios.org\\\/es\\\/que-hacemos\\\/voluntariado\\\/\"},{\"@type\":\"ListItem\",\"position\":4,\"name\":\"ESCUELA DE VOLUNTARIADO MUGITZEN\"}]},{\"@type\":\"WebSite\",\"@id\":\"https:\\\/\\\/www.itakaescolapios.org\\\/ca\\\/es\\\/#website\",\"url\":\"https:\\\/\\\/www.itakaescolapios.org\\\/ca\\\/es\\\/\",\"name\":\"Itaka-Escolapios\",\"description\":\"Red de Itaka-Escolapios\",\"publisher\":{\"@id\":\"https:\\\/\\\/www.itakaescolapios.org\\\/ca\\\/es\\\/#organization\"},\"potentialAction\":[{\"@type\":\"SearchAction\",\"target\":{\"@type\":\"EntryPoint\",\"urlTemplate\":\"https:\\\/\\\/www.itakaescolapios.org\\\/ca\\\/es\\\/?s={search_term_string}\"},\"query-input\":{\"@type\":\"PropertyValueSpecification\",\"valueRequired\":true,\"valueName\":\"search_term_string\"}}],\"inLanguage\":\"ca\"},{\"@type\":\"Organization\",\"@id\":\"https:\\\/\\\/www.itakaescolapios.org\\\/ca\\\/es\\\/#organization\",\"name\":\"Fundaci\u00f3 Itaka-Escolapios\",\"url\":\"https:\\\/\\\/www.itakaescolapios.org\\\/ca\\\/es\\\/\",\"logo\":{\"@type\":\"ImageObject\",\"inLanguage\":\"ca\",\"@id\":\"https:\\\/\\\/www.itakaescolapios.org\\\/ca\\\/es\\\/#\\\/schema\\\/logo\\\/image\\\/\",\"url\":\"https:\\\/\\\/www.itakaescolapios.org\\\/wp-content\\\/uploads\\\/2024\\\/04\\\/Logo-itakaescolapios-peque.png\",\"contentUrl\":\"https:\\\/\\\/www.itakaescolapios.org\\\/wp-content\\\/uploads\\\/2024\\\/04\\\/Logo-itakaescolapios-peque.png\",\"width\":500,\"height\":199,\"caption\":\"Fundaci\u00f3 Itaka-Escolapios\"},\"image\":{\"@id\":\"https:\\\/\\\/www.itakaescolapios.org\\\/ca\\\/es\\\/#\\\/schema\\\/logo\\\/image\\\/\"}}]}<\/script>\n<!-- \/ Yoast SEO plugin. -->","yoast_head_json":{"title":"ESCUELA DE VOLUNTARIADO MUGITZEN","description":"La escuela de voluntariado Mugitzen, es una herramienta destinada a formar y a acercar al trabajo solidario y la realidad social del municipio en el que viven, a los y las j\u00f3venes de bachillerato. Se trata de una etapa de dos a\u00f1os de formaci\u00f3n durante la que se va conociendo la realidad social y realizando&hellip;","robots":{"index":"index","follow":"follow","max-snippet":"max-snippet:-1","max-image-preview":"max-image-preview:large","max-video-preview":"max-video-preview:-1"},"canonical":"La escuela de voluntariado Mugitzen, es una herramienta destinada a formar y a acercar al trabajo solidario y la realidad social del municipio en el que viven, a los y las j\u00f3venes de bachillerato. Se trata de una etapa de dos a\u00f1os de formaci\u00f3n durante la que se va conociendo la realidad social y realizando&hellip;","og_locale":"ca_ES","og_type":"article","og_title":"ESCUELA DE VOLUNTARIADO MUGITZEN","og_description":"La escuela de voluntariado Mugitzen, es una herramienta destinada a formar y a acercar al trabajo solidario y la realidad social del municipio en el que viven, a los y las j\u00f3venes de bachillerato. Se trata de una etapa de dos a\u00f1os de formaci\u00f3n durante la que se va conociendo la realidad social y realizando&hellip;","og_url":"https:\/\/www.itakaescolapios.org\/ca\/que-fem\/voluntariado\/mugitzen-tafalla\/","og_site_name":"Itaka-Escolapios","article_modified_time":"2023-11-28T11:39:46+00:00","og_image":[{"width":1200,"height":999,"url":"https:\/\/www.itakaescolapios.org\/wp-content\/uploads\/2012\/06\/Voluntariado-Mugitzen-Tafalla.jpg","type":"image\/jpeg"}],"twitter_card":"summary_large_image","twitter_misc":{"Temps estimat de lectura":"1 minut"},"schema":{"@context":"https:\/\/schema.org","@graph":[{"@type":"WebPage","@id":"https:\/\/www.itakaescolapios.org\/ca\/que-fem\/voluntariado\/mugitzen-tafalla\/","url":"https:\/\/www.itakaescolapios.org\/ca\/que-fem\/voluntariado\/mugitzen-tafalla\/","name":"ESCUELA DE VOLUNTARIADO MUGITZEN - Itaka-Escolapios","isPartOf":{"@id":"https:\/\/www.itakaescolapios.org\/es\/#website"},"primaryImageOfPage":{"@id":"https:\/\/www.itakaescolapios.org\/ca\/que-fem\/voluntariado\/mugitzen-tafalla\/#primaryimage"},"image":{"@id":"https:\/\/www.itakaescolapios.org\/ca\/que-fem\/voluntariado\/mugitzen-tafalla\/#primaryimage"},"thumbnailUrl":"https:\/\/www.itakaescolapios.org\/wp-content\/uploads\/2012\/06\/Voluntariado-Mugitzen-Tafalla.jpg","datePublished":"2012-06-04T11:02:50+00:00","dateModified":"2023-11-28T11:39:46+00:00","breadcrumb":{"@id":"https:\/\/www.itakaescolapios.org\/ca\/que-fem\/voluntariado\/mugitzen-tafalla\/#breadcrumb"},"inLanguage":"ca","potentialAction":[{"@type":"ReadAction","target":["https:\/\/www.itakaescolapios.org\/ca\/que-fem\/voluntariado\/mugitzen-tafalla\/"]}]},{"@type":"ImageObject","inLanguage":"ca","@id":"https:\/\/www.itakaescolapios.org\/ca\/que-fem\/voluntariado\/mugitzen-tafalla\/#primaryimage","url":"https:\/\/www.itakaescolapios.org\/wp-content\/uploads\/2012\/06\/Voluntariado-Mugitzen-Tafalla.jpg","contentUrl":"https:\/\/www.itakaescolapios.org\/wp-content\/uploads\/2012\/06\/Voluntariado-Mugitzen-Tafalla.jpg","width":"1200","height":"999"},{"@type":"BreadcrumbList","@id":"https:\/\/www.itakaescolapios.org\/ca\/que-fem\/voluntariado\/mugitzen-tafalla\/#breadcrumb","itemListElement":[{"@type":"ListItem","position":1,"name":"Itaka-Escolapios","item":"https:\/\/www.itakaescolapios.org\/es\/"},{"@type":"ListItem","position":2,"name":"Qu\u00e8 fem","item":"https:\/\/www.itakaescolapios.org\/es\/que-hacemos\/"},{"@type":"ListItem","position":3,"name":"Voluntariado","item":"https:\/\/www.itakaescolapios.org\/es\/que-hacemos\/voluntariado\/"},{"@type":"ListItem","position":4,"name":"ESCUELA DE VOLUNTARIADO MUGITZEN"}]},{"@type":"WebSite","@id":"https:\/\/www.itakaescolapios.org\/ca\/es\/#website","url":"https:\/\/www.itakaescolapios.org\/ca\/es\/","name":"Itaka-Escolapios","description":"Red de Itaka-Escolapios","publisher":{"@id":"https:\/\/www.itakaescolapios.org\/ca\/es\/#organization"},"potentialAction":[{"@type":"SearchAction","target":{"@type":"EntryPoint","urlTemplate":"https:\/\/www.itakaescolapios.org\/ca\/es\/?s={search_term_string}"},"query-input":{"@type":"PropertyValueSpecification","valueRequired":true,"valueName":"search_term_string"}}],"inLanguage":"ca"},{"@type":"Organization","@id":"https:\/\/www.itakaescolapios.org\/ca\/es\/#organization","name":"Fundaci\u00f3 Itaka-Escolapios","url":"https:\/\/www.itakaescolapios.org\/ca\/es\/","logo":{"@type":"ImageObject","inLanguage":"ca","@id":"https:\/\/www.itakaescolapios.org\/ca\/es\/#\/schema\/logo\/image\/","url":"https:\/\/www.itakaescolapios.org\/wp-content\/uploads\/2024\/04\/Logo-itakaescolapios-peque.png","contentUrl":"https:\/\/www.itakaescolapios.org\/wp-content\/uploads\/2024\/04\/Logo-itakaescolapios-peque.png","width":500,"height":199,"caption":"Fundaci\u00f3 Itaka-Escolapios"},"image":{"@id":"https:\/\/www.itakaescolapios.org\/ca\/es\/#\/schema\/logo\/image\/"}}]}},"_links":{"self":[{"href":"https:\/\/www.itakaescolapios.org\/ca\/wp-json\/wp\/v2\/pages\/415","targetHints":{"allow":["GET"]}}],"collection":[{"href":"https:\/\/www.itakaescolapios.org\/ca\/wp-json\/wp\/v2\/pages"}],"about":[{"href":"https:\/\/www.itakaescolapios.org\/ca\/wp-json\/wp\/v2\/types\/page"}],"author":[{"embeddable":true,"href":"https:\/\/www.itakaescolapios.org\/ca\/wp-json\/wp\/v2\/users\/1"}],"replies":[{"embeddable":true,"href":"https:\/\/www.itakaescolapios.org\/ca\/wp-json\/wp\/v2\/comments?post=415"}],"version-history":[{"count":17,"href":"https:\/\/www.itakaescolapios.org\/ca\/wp-json\/wp\/v2\/pages\/415\/revisions"}],"predecessor-version":[{"id":50223,"href":"https:\/\/www.itakaescolapios.org\/ca\/wp-json\/wp\/v2\/pages\/415\/revisions\/50223"}],"up":[{"embeddable":true,"href":"https:\/\/www.itakaescolapios.org\/ca\/wp-json\/wp\/v2\/pages\/98"}],"wp:featuredmedia":[{"embeddable":true,"href":"https:\/\/www.itakaescolapios.org\/ca\/wp-json\/wp\/v2\/media\/1804"}],"wp:attachment":[{"href":"https:\/\/www.itakaescolapios.org\/ca\/wp-json\/wp\/v2\/media?parent=415"}],"curies":[{"name":"wp","href":"https:\/\/api.w.org\/{rel}","templated":true}]}}