{"id":4251,"date":"2012-11-09T11:03:15","date_gmt":"2012-11-09T10:03:15","guid":{"rendered":"https:\/\/www.itakaescolapios.org\/?page_id=4251"},"modified":"2023-11-28T12:39:34","modified_gmt":"2023-11-28T11:39:34","slug":"a-que-cole-vas","status":"publish","type":"page","link":"https:\/\/www.itakaescolapios.org\/ca\/campanas\/educacion-futuro\/a-que-cole-vas\/","title":{"rendered":"\u00bfC\u00d3MO ES MI COLE?"},"content":{"rendered":"<p style=\"text-align: center;\"><a href=\"https:\/\/www.itakaescolapios.org\/campanas\/a-que-cole-vas\/apoyo-a-centros-escolares-escuelas-bamendjou-3-mboum\/\" rel=\"attachment wp-att-4331\"><img decoding=\"async\" class=\"size-full wp-image-4331\" title=\"Apoyo a Centros Escolares Escuelas Bamendjou 3 Mboum\" src=\"https:\/\/www.itakaescolapios.org\/wp-content\/uploads\/2012\/11\/Apoyo-a-Centros-Escolares-Escuelas-Bamendjou-3-Mboum.jpg\" alt=\"\" width=\"440\" height=\"212\" srcset=\"https:\/\/www.itakaescolapios.org\/wp-content\/uploads\/2012\/11\/Apoyo-a-Centros-Escolares-Escuelas-Bamendjou-3-Mboum.jpg 440w, https:\/\/www.itakaescolapios.org\/wp-content\/uploads\/2012\/11\/Apoyo-a-Centros-Escolares-Escuelas-Bamendjou-3-Mboum-300x144.jpg 300w, https:\/\/www.itakaescolapios.org\/wp-content\/uploads\/2012\/11\/Apoyo-a-Centros-Escolares-Escuelas-Bamendjou-3-Mboum-250x120.jpg 250w\" sizes=\"(max-width: 440px) 100vw, 440px\" \/><\/a><\/p>\n<p style=\"text-align: justify;\">Cada ma\u00f1ana en el mundo, m\u00e1s de 125.000 ni\u00f1os y ni\u00f1as se levantan para ir a estudiar a alguna de las casi doscientas escuelas en las que los escolapios contin\u00faan, despu\u00e9s de m\u00e1s de 400 a\u00f1os, la labor que Calasanz inici\u00f3 en el barrio del Trast\u00e9vere en Roma.<\/p>\n<p style=\"text-align: justify;\">En la din\u00e1mica que presentamos a continuaci\u00f3n queremos se\u00f1alar las diferentes realidades de la educaci\u00f3n en los pa\u00edses donde la Fundaci\u00f3n Itaka-Escolapios acompa\u00f1a a los escolapios en su labor educativa.<\/p>\n<p style=\"text-align: justify;\">Puedes descargarte las fichas en el enlace que tienes a continuaci\u00f3n y trabajar en el aula:<\/p>\n<ul>\n<li>La historia personal de los ni\u00f1os y ni\u00f1as entrevistados en cada pa\u00eds<\/li>\n<li>El modelo educativo<\/li>\n<li>Las\u00a0dificultades\u00a0que expresan los y las ni\u00f1as o el profesorado.<\/li>\n<li>Las diferencias con los ni\u00f1os y ni\u00f1as de tu colegio.<\/li>\n<\/ul>\n<p>ACTIVIDADES<\/p>\n<table width=\"482\" border=\"1\" cellspacing=\"0\" cellpadding=\"0\" align=\"left\">\n<tbody>\n<tr>\n<td width=\"122\"><strong><a href=\"http:\/\/www.educa.itakaescolapios.org\/cooperacion-norte-sur\/campana-2012-13.-bfcomo-es-mi-cole\/?searchterm=%C2%BFCOMO*%20ES*%20MI*%20COLE?*\">\u00bfC\u00d3MO ES MI COMO ES MI COLE?<\/a><\/strong><\/td>\n<td colspan=\"2\" width=\"187\">\n<p align=\"center\"><strong>Todas las edades y cualquier asignatura<\/strong><\/p>\n<\/td>\n<td width=\"173\"><strong>Fichas complementarias a las actividades.<\/strong><\/td>\n<\/tr>\n<tr>\n<td width=\"122\"><a href=\"http:\/\/www.educa.itakaescolapios.org\/cooperacion-norte-sur\/campana-2012-13.-escuelas-del-mundo\/?searchterm=ESCUELAS*%20DEL*%20MUNDO*\">Escuelas del mundo<\/a><strong><em><\/em><\/strong><\/td>\n<td width=\"89\">\n<p align=\"center\">2 a 5 a\u00f1os<\/p>\n<p align=\"center\">Infantil<\/p>\n<\/td>\n<td width=\"98\">\n<p align=\"center\">Todas<\/p>\n<\/td>\n<td width=\"173\">Mural para trabajar similitudes y diferencias con otros ni\u00f1os y otros colegios.<\/td>\n<\/tr>\n<tr>\n<td width=\"122\"><a href=\"http:\/\/www.educa.itakaescolapios.org\/cooperacion-norte-sur\/campana-2012-13.-el-puzle-de-eugenio\/?searchterm=EL*%20PUZZLE*%20DE*%20EUGENIO*\">El puzle de Eugenio<\/a><strong><em><\/em><\/strong><\/td>\n<td width=\"89\">\n<p align=\"center\">De 6 a 11<\/p>\n<p align=\"center\">Primaria<\/p>\n<\/td>\n<td width=\"98\">\n<p align=\"center\">Varias<\/p>\n<\/td>\n<td width=\"173\">Sencillos puzles con im\u00e1genes para conocer a Eugenio y su realidad escolar<\/td>\n<\/tr>\n<tr>\n<td width=\"122\"><a href=\"http:\/\/www.educa.itakaescolapios.org\/cooperacion-norte-sur\/campana-2012-13.-horarios-diferentes\/?searchterm=HORARIOS*%20DIFERENTES*\">Horarios diferentes<\/a><strong><em><\/em><\/strong><\/td>\n<td width=\"89\">\n<p align=\"center\">De 6 a 11<\/p>\n<p align=\"center\">Primaria (3\u00ba a 6\u00ba )<\/p>\n<\/td>\n<td width=\"98\">\n<p align=\"center\">varias<\/p>\n<\/td>\n<td width=\"173\">Di\u00e1logo para acercarnos a la realidad de ni\u00f1os y ni\u00f1as de otros pa\u00edses.<\/td>\n<\/tr>\n<tr>\n<td width=\"122\"><a href=\"http:\/\/www.educa.itakaescolapios.org\/cooperacion-norte-sur\/campana-2012-13.-todos-juntos-construimos-escuela\/?searchterm=TODOS*%20JUNTOS*%20CONSTRUIMOS*\">Todos juntos, construimos escuela<\/a><strong><em><\/em><\/strong><\/td>\n<td width=\"89\">\n<p align=\"center\">De 6 a 11<\/p>\n<p align=\"center\">Primaria<\/p>\n<p align=\"center\">3\u00ba y 4\u00ba<\/p>\n<\/td>\n<td width=\"98\">\n<p align=\"center\">Pl\u00e1stica, tutor\u00eda, sociales\u2026<\/p>\n<\/td>\n<td width=\"173\">Din\u00e1mica activa para conocer otros colegios escolapios\u00a0 y \u201cconstruir una escuela com\u00fan\u201d<\/td>\n<\/tr>\n<tr>\n<td width=\"122\"><a href=\"http:\/\/www.educa.itakaescolapios.org\/cooperacion-norte-sur\/campana-2012-13.-educacion-escolapia\/?searchterm=EDUCACION*%20ESCOLAPIA*\">Educaci\u00f3n escolapia<\/a><strong><em><\/em><\/strong><\/td>\n<td width=\"89\">\n<p align=\"center\">De 6 a 11<\/p>\n<p align=\"center\">Primaria<\/p>\n<p align=\"center\">3\u00ba y 4\u00ba<\/p>\n<\/td>\n<td width=\"98\">\n<p align=\"center\">Conocimiento del Medio<\/p>\n<\/td>\n<td width=\"173\">Din\u00e1mica para localizar y conocer en un mapa escuelas y Obras apoyadas\u00a0 durante la campa\u00f1a.<\/td>\n<\/tr>\n<tr>\n<td width=\"122\"><a href=\"http:\/\/www.educa.itakaescolapios.org\/cooperacion-norte-sur\/campana-2012-13.-diferencias-y-similitudes\/?searchterm=DIFERENCIAS*%20Y*%20SIMILITUDES*\">Diferencias y similitudes.<\/a><\/td>\n<td width=\"89\">\n<p align=\"center\">De 10 a 16<\/p>\n<p align=\"center\">1\u00ba y 2\u00ba de secundaria<\/p>\n<\/td>\n<td width=\"98\">\n<p align=\"center\">varias<\/p>\n<\/td>\n<td width=\"173\">Trabajo para comparar el acceso a educaci\u00f3n y su importancia<\/td>\n<\/tr>\n<tr>\n<td width=\"122\"><a href=\"http:\/\/www.educa.itakaescolapios.org\/cooperacion-norte-sur\/campana-2012-13.-lo-que-mas-me-sorprende\/?searchterm=LO*%20QUE*%20M%C3%81S*%20ME*%20SORPRENDE*\">Lo que m\u00e1s me sorprende.<\/a><\/td>\n<td width=\"89\">\n<p align=\"center\">De 10 a 16<\/p>\n<p align=\"center\">1\u00ba y 2\u00ba de secundaria<\/p>\n<\/td>\n<td width=\"98\">\n<p align=\"center\">varias<\/p>\n<\/td>\n<td width=\"173\">Conocemos otras realidades educativas y compartimos qu\u00e9 es lo que m\u00e1s nos sorprende<\/td>\n<\/tr>\n<tr>\n<td width=\"122\"><a href=\"http:\/\/www.educa.itakaescolapios.org\/cooperacion-norte-sur\/campana-2012-13.-bfavanzamos-hacia-la-educacion-universal-y-de-calidad\/?searchterm=EDUCACI%C3%93N*%20DE*%20CALIDAD*\">\u00bfAvanzamos hacia la educaci\u00f3n universal y de calidad?<\/a><\/td>\n<td width=\"89\">\n<p align=\"center\">De 14 a 18<\/p>\n<p align=\"center\">ESO y Bachillerato.<\/p>\n<\/td>\n<td width=\"98\">\n<p align=\"center\">varias<\/p>\n<\/td>\n<td width=\"173\">Investigamos sobre La situaci\u00f3n del ODM 2 , su progresi\u00f3n y debatimos sobre ello<\/td>\n<\/tr>\n<\/tbody>\n<\/table>\n<p><!--more--><\/p>\n","protected":false},"excerpt":{"rendered":"<p>Cada ma\u00f1ana en el mundo, m\u00e1s de 125.000 ni\u00f1os y ni\u00f1as se levantan para ir a estudiar a alguna de las casi doscientas escuelas en las que los escolapios contin\u00faan, [&hellip;]<\/p>\n","protected":false},"author":46,"featured_media":0,"parent":3983,"menu_order":6,"comment_status":"closed","ping_status":"closed","template":"","meta":{"_et_pb_use_builder":"","_et_pb_old_content":"","_et_gb_content_width":"","footnotes":""},"class_list":["post-4251","page","type-page","status-publish","hentry"],"yoast_head":"<!-- This site is optimized with the Yoast SEO plugin v27.3 - https:\/\/yoast.com\/product\/yoast-seo-wordpress\/ -->\n<title>\u00bfC\u00d3MO ES MI COLE?<\/title>\n<meta name=\"description\" content=\"Cada ma\u00f1ana en el mundo, m\u00e1s de 125.000 ni\u00f1os y ni\u00f1as se levantan para ir a estudiar a alguna de las casi doscientas escuelas en las que los escolapios contin\u00faan, despu\u00e9s de m\u00e1s de 400 a\u00f1os, la labor que Calasanz inici\u00f3 en el barrio del Trast\u00e9vere en Roma. En la din\u00e1mica que presentamos a continuaci\u00f3n&hellip;\" \/>\n<meta name=\"robots\" content=\"index, follow, max-snippet:-1, max-image-preview:large, max-video-preview:-1\" \/>\n<link rel=\"canonical\" href=\"http:\/\/Cada%20ma\u00f1ana%20en%20el%20mundo,%20m\u00e1s%20de%20125.000%20ni\u00f1os%20y%20ni\u00f1as%20se%20levantan%20para%20ir%20a%20estudiar%20a%20alguna%20de%20las%20casi%20doscientas%20escuelas%20en%20las%20que%20los%20escolapios%20contin\u00faan,%20despu\u00e9s%20de%20m\u00e1s%20de%20400%20a\u00f1os,%20la%20labor%20que%20Calasanz%20inici\u00f3%20en%20el%20barrio%20del%20Trast\u00e9vere%20en%20Roma.%20En%20la%20din\u00e1mica%20que%20presentamos%20a%20continuaci\u00f3n&hellip;\" \/>\n<meta property=\"og:locale\" content=\"ca_ES\" \/>\n<meta property=\"og:type\" content=\"article\" \/>\n<meta property=\"og:title\" content=\"\u00bfC\u00d3MO ES MI COLE?\" \/>\n<meta property=\"og:description\" content=\"Cada ma\u00f1ana en el mundo, m\u00e1s de 125.000 ni\u00f1os y ni\u00f1as se levantan para ir a estudiar a alguna de las casi doscientas escuelas en las que los escolapios contin\u00faan, despu\u00e9s de m\u00e1s de 400 a\u00f1os, la labor que Calasanz inici\u00f3 en el barrio del Trast\u00e9vere en Roma. En la din\u00e1mica que presentamos a continuaci\u00f3n&hellip;\" \/>\n<meta property=\"og:url\" content=\"https:\/\/www.itakaescolapios.org\/ca\/campanas\/educacion-futuro\/a-que-cole-vas\/\" \/>\n<meta property=\"og:site_name\" content=\"Itaka-Escolapios\" \/>\n<meta property=\"article:modified_time\" content=\"2023-11-28T11:39:34+00:00\" \/>\n<meta property=\"og:image\" content=\"https:\/\/www.itakaescolapios.org\/wp-content\/uploads\/2012\/11\/Apoyo-a-Centros-Escolares-Escuelas-Bamendjou-3-Mboum.jpg\" \/>\n\t<meta property=\"og:image:width\" content=\"440\" \/>\n\t<meta property=\"og:image:height\" content=\"212\" \/>\n\t<meta property=\"og:image:type\" content=\"image\/jpeg\" \/>\n<meta name=\"twitter:card\" content=\"summary_large_image\" \/>\n<meta name=\"twitter:label1\" content=\"Temps estimat de lectura\" \/>\n\t<meta name=\"twitter:data1\" content=\"2 minuts\" \/>\n<script type=\"application\/ld+json\" class=\"yoast-schema-graph\">{\"@context\":\"https:\\\/\\\/schema.org\",\"@graph\":[{\"@type\":\"WebPage\",\"@id\":\"https:\\\/\\\/www.itakaescolapios.org\\\/ca\\\/campanas\\\/educacion-futuro\\\/a-que-cole-vas\\\/\",\"url\":\"https:\\\/\\\/www.itakaescolapios.org\\\/ca\\\/campanas\\\/educacion-futuro\\\/a-que-cole-vas\\\/\",\"name\":\"\u00bfC\u00d3MO ES MI COLE? - Itaka-Escolapios\",\"isPartOf\":{\"@id\":\"https:\\\/\\\/www.itakaescolapios.org\\\/es\\\/#website\"},\"primaryImageOfPage\":{\"@id\":\"https:\\\/\\\/www.itakaescolapios.org\\\/ca\\\/campanas\\\/educacion-futuro\\\/a-que-cole-vas\\\/#primaryimage\"},\"image\":{\"@id\":\"https:\\\/\\\/www.itakaescolapios.org\\\/ca\\\/campanas\\\/educacion-futuro\\\/a-que-cole-vas\\\/#primaryimage\"},\"thumbnailUrl\":\"https:\\\/\\\/www.itakaescolapios.org\\\/wp-content\\\/uploads\\\/2012\\\/11\\\/Apoyo-a-Centros-Escolares-Escuelas-Bamendjou-3-Mboum.jpg\",\"datePublished\":\"2012-11-09T10:03:15+00:00\",\"dateModified\":\"2023-11-28T11:39:34+00:00\",\"breadcrumb\":{\"@id\":\"https:\\\/\\\/www.itakaescolapios.org\\\/ca\\\/campanas\\\/educacion-futuro\\\/a-que-cole-vas\\\/#breadcrumb\"},\"inLanguage\":\"ca\",\"potentialAction\":[{\"@type\":\"ReadAction\",\"target\":[\"https:\\\/\\\/www.itakaescolapios.org\\\/ca\\\/campanas\\\/educacion-futuro\\\/a-que-cole-vas\\\/\"]}]},{\"@type\":\"ImageObject\",\"inLanguage\":\"ca\",\"@id\":\"https:\\\/\\\/www.itakaescolapios.org\\\/ca\\\/campanas\\\/educacion-futuro\\\/a-que-cole-vas\\\/#primaryimage\",\"url\":\"https:\\\/\\\/www.itakaescolapios.org\\\/wp-content\\\/uploads\\\/2012\\\/11\\\/Apoyo-a-Centros-Escolares-Escuelas-Bamendjou-3-Mboum.jpg\",\"contentUrl\":\"https:\\\/\\\/www.itakaescolapios.org\\\/wp-content\\\/uploads\\\/2012\\\/11\\\/Apoyo-a-Centros-Escolares-Escuelas-Bamendjou-3-Mboum.jpg\"},{\"@type\":\"BreadcrumbList\",\"@id\":\"https:\\\/\\\/www.itakaescolapios.org\\\/ca\\\/campanas\\\/educacion-futuro\\\/a-que-cole-vas\\\/#breadcrumb\",\"itemListElement\":[{\"@type\":\"ListItem\",\"position\":1,\"name\":\"Itaka-Escolapios\",\"item\":\"https:\\\/\\\/www.itakaescolapios.org\\\/es\\\/\"},{\"@type\":\"ListItem\",\"position\":2,\"name\":\"Campa\u00f1as\",\"item\":\"https:\\\/\\\/www.itakaescolapios.org\\\/es\\\/campanas\\\/\"},{\"@type\":\"ListItem\",\"position\":3,\"name\":\"2012-2013 LA EDUCACI\u00d3N MULTIPLICA EL FUTURO\",\"item\":\"https:\\\/\\\/www.itakaescolapios.org\\\/es\\\/campanas\\\/educacion-futuro\\\/\"},{\"@type\":\"ListItem\",\"position\":4,\"name\":\"\u00bfC\u00d3MO ES MI COLE?\"}]},{\"@type\":\"WebSite\",\"@id\":\"https:\\\/\\\/www.itakaescolapios.org\\\/ca\\\/es\\\/#website\",\"url\":\"https:\\\/\\\/www.itakaescolapios.org\\\/ca\\\/es\\\/\",\"name\":\"Itaka-Escolapios\",\"description\":\"Red de Itaka-Escolapios\",\"publisher\":{\"@id\":\"https:\\\/\\\/www.itakaescolapios.org\\\/ca\\\/es\\\/#organization\"},\"potentialAction\":[{\"@type\":\"SearchAction\",\"target\":{\"@type\":\"EntryPoint\",\"urlTemplate\":\"https:\\\/\\\/www.itakaescolapios.org\\\/ca\\\/es\\\/?s={search_term_string}\"},\"query-input\":{\"@type\":\"PropertyValueSpecification\",\"valueRequired\":true,\"valueName\":\"search_term_string\"}}],\"inLanguage\":\"ca\"},{\"@type\":\"Organization\",\"@id\":\"https:\\\/\\\/www.itakaescolapios.org\\\/ca\\\/es\\\/#organization\",\"name\":\"Fundaci\u00f3 Itaka-Escolapios\",\"url\":\"https:\\\/\\\/www.itakaescolapios.org\\\/ca\\\/es\\\/\",\"logo\":{\"@type\":\"ImageObject\",\"inLanguage\":\"ca\",\"@id\":\"https:\\\/\\\/www.itakaescolapios.org\\\/ca\\\/es\\\/#\\\/schema\\\/logo\\\/image\\\/\",\"url\":\"https:\\\/\\\/www.itakaescolapios.org\\\/wp-content\\\/uploads\\\/2024\\\/04\\\/Logo-itakaescolapios-peque.png\",\"contentUrl\":\"https:\\\/\\\/www.itakaescolapios.org\\\/wp-content\\\/uploads\\\/2024\\\/04\\\/Logo-itakaescolapios-peque.png\",\"width\":500,\"height\":199,\"caption\":\"Fundaci\u00f3 Itaka-Escolapios\"},\"image\":{\"@id\":\"https:\\\/\\\/www.itakaescolapios.org\\\/ca\\\/es\\\/#\\\/schema\\\/logo\\\/image\\\/\"}}]}<\/script>\n<!-- \/ Yoast SEO plugin. -->","yoast_head_json":{"title":"\u00bfC\u00d3MO ES MI COLE?","description":"Cada ma\u00f1ana en el mundo, m\u00e1s de 125.000 ni\u00f1os y ni\u00f1as se levantan para ir a estudiar a alguna de las casi doscientas escuelas en las que los escolapios contin\u00faan, despu\u00e9s de m\u00e1s de 400 a\u00f1os, la labor que Calasanz inici\u00f3 en el barrio del Trast\u00e9vere en Roma. En la din\u00e1mica que presentamos a continuaci\u00f3n&hellip;","robots":{"index":"index","follow":"follow","max-snippet":"max-snippet:-1","max-image-preview":"max-image-preview:large","max-video-preview":"max-video-preview:-1"},"canonical":"Cada ma\u00f1ana en el mundo, m\u00e1s de 125.000 ni\u00f1os y ni\u00f1as se levantan para ir a estudiar a alguna de las casi doscientas escuelas en las que los escolapios contin\u00faan, despu\u00e9s de m\u00e1s de 400 a\u00f1os, la labor que Calasanz inici\u00f3 en el barrio del Trast\u00e9vere en Roma. En la din\u00e1mica que presentamos a continuaci\u00f3n&hellip;","og_locale":"ca_ES","og_type":"article","og_title":"\u00bfC\u00d3MO ES MI COLE?","og_description":"Cada ma\u00f1ana en el mundo, m\u00e1s de 125.000 ni\u00f1os y ni\u00f1as se levantan para ir a estudiar a alguna de las casi doscientas escuelas en las que los escolapios contin\u00faan, despu\u00e9s de m\u00e1s de 400 a\u00f1os, la labor que Calasanz inici\u00f3 en el barrio del Trast\u00e9vere en Roma. En la din\u00e1mica que presentamos a continuaci\u00f3n&hellip;","og_url":"https:\/\/www.itakaescolapios.org\/ca\/campanas\/educacion-futuro\/a-que-cole-vas\/","og_site_name":"Itaka-Escolapios","article_modified_time":"2023-11-28T11:39:34+00:00","og_image":[{"width":440,"height":212,"url":"https:\/\/www.itakaescolapios.org\/wp-content\/uploads\/2012\/11\/Apoyo-a-Centros-Escolares-Escuelas-Bamendjou-3-Mboum.jpg","type":"image\/jpeg"}],"twitter_card":"summary_large_image","twitter_misc":{"Temps estimat de lectura":"2 minuts"},"schema":{"@context":"https:\/\/schema.org","@graph":[{"@type":"WebPage","@id":"https:\/\/www.itakaescolapios.org\/ca\/campanas\/educacion-futuro\/a-que-cole-vas\/","url":"https:\/\/www.itakaescolapios.org\/ca\/campanas\/educacion-futuro\/a-que-cole-vas\/","name":"\u00bfC\u00d3MO ES MI COLE? - Itaka-Escolapios","isPartOf":{"@id":"https:\/\/www.itakaescolapios.org\/es\/#website"},"primaryImageOfPage":{"@id":"https:\/\/www.itakaescolapios.org\/ca\/campanas\/educacion-futuro\/a-que-cole-vas\/#primaryimage"},"image":{"@id":"https:\/\/www.itakaescolapios.org\/ca\/campanas\/educacion-futuro\/a-que-cole-vas\/#primaryimage"},"thumbnailUrl":"https:\/\/www.itakaescolapios.org\/wp-content\/uploads\/2012\/11\/Apoyo-a-Centros-Escolares-Escuelas-Bamendjou-3-Mboum.jpg","datePublished":"2012-11-09T10:03:15+00:00","dateModified":"2023-11-28T11:39:34+00:00","breadcrumb":{"@id":"https:\/\/www.itakaescolapios.org\/ca\/campanas\/educacion-futuro\/a-que-cole-vas\/#breadcrumb"},"inLanguage":"ca","potentialAction":[{"@type":"ReadAction","target":["https:\/\/www.itakaescolapios.org\/ca\/campanas\/educacion-futuro\/a-que-cole-vas\/"]}]},{"@type":"ImageObject","inLanguage":"ca","@id":"https:\/\/www.itakaescolapios.org\/ca\/campanas\/educacion-futuro\/a-que-cole-vas\/#primaryimage","url":"https:\/\/www.itakaescolapios.org\/wp-content\/uploads\/2012\/11\/Apoyo-a-Centros-Escolares-Escuelas-Bamendjou-3-Mboum.jpg","contentUrl":"https:\/\/www.itakaescolapios.org\/wp-content\/uploads\/2012\/11\/Apoyo-a-Centros-Escolares-Escuelas-Bamendjou-3-Mboum.jpg"},{"@type":"BreadcrumbList","@id":"https:\/\/www.itakaescolapios.org\/ca\/campanas\/educacion-futuro\/a-que-cole-vas\/#breadcrumb","itemListElement":[{"@type":"ListItem","position":1,"name":"Itaka-Escolapios","item":"https:\/\/www.itakaescolapios.org\/es\/"},{"@type":"ListItem","position":2,"name":"Campa\u00f1as","item":"https:\/\/www.itakaescolapios.org\/es\/campanas\/"},{"@type":"ListItem","position":3,"name":"2012-2013 LA EDUCACI\u00d3N MULTIPLICA EL FUTURO","item":"https:\/\/www.itakaescolapios.org\/es\/campanas\/educacion-futuro\/"},{"@type":"ListItem","position":4,"name":"\u00bfC\u00d3MO ES MI COLE?"}]},{"@type":"WebSite","@id":"https:\/\/www.itakaescolapios.org\/ca\/es\/#website","url":"https:\/\/www.itakaescolapios.org\/ca\/es\/","name":"Itaka-Escolapios","description":"Red de Itaka-Escolapios","publisher":{"@id":"https:\/\/www.itakaescolapios.org\/ca\/es\/#organization"},"potentialAction":[{"@type":"SearchAction","target":{"@type":"EntryPoint","urlTemplate":"https:\/\/www.itakaescolapios.org\/ca\/es\/?s={search_term_string}"},"query-input":{"@type":"PropertyValueSpecification","valueRequired":true,"valueName":"search_term_string"}}],"inLanguage":"ca"},{"@type":"Organization","@id":"https:\/\/www.itakaescolapios.org\/ca\/es\/#organization","name":"Fundaci\u00f3 Itaka-Escolapios","url":"https:\/\/www.itakaescolapios.org\/ca\/es\/","logo":{"@type":"ImageObject","inLanguage":"ca","@id":"https:\/\/www.itakaescolapios.org\/ca\/es\/#\/schema\/logo\/image\/","url":"https:\/\/www.itakaescolapios.org\/wp-content\/uploads\/2024\/04\/Logo-itakaescolapios-peque.png","contentUrl":"https:\/\/www.itakaescolapios.org\/wp-content\/uploads\/2024\/04\/Logo-itakaescolapios-peque.png","width":500,"height":199,"caption":"Fundaci\u00f3 Itaka-Escolapios"},"image":{"@id":"https:\/\/www.itakaescolapios.org\/ca\/es\/#\/schema\/logo\/image\/"}}]}},"_links":{"self":[{"href":"https:\/\/www.itakaescolapios.org\/ca\/wp-json\/wp\/v2\/pages\/4251","targetHints":{"allow":["GET"]}}],"collection":[{"href":"https:\/\/www.itakaescolapios.org\/ca\/wp-json\/wp\/v2\/pages"}],"about":[{"href":"https:\/\/www.itakaescolapios.org\/ca\/wp-json\/wp\/v2\/types\/page"}],"author":[{"embeddable":true,"href":"https:\/\/www.itakaescolapios.org\/ca\/wp-json\/wp\/v2\/users\/46"}],"replies":[{"embeddable":true,"href":"https:\/\/www.itakaescolapios.org\/ca\/wp-json\/wp\/v2\/comments?post=4251"}],"version-history":[{"count":39,"href":"https:\/\/www.itakaescolapios.org\/ca\/wp-json\/wp\/v2\/pages\/4251\/revisions"}],"predecessor-version":[{"id":49916,"href":"https:\/\/www.itakaescolapios.org\/ca\/wp-json\/wp\/v2\/pages\/4251\/revisions\/49916"}],"up":[{"embeddable":true,"href":"https:\/\/www.itakaescolapios.org\/ca\/wp-json\/wp\/v2\/pages\/3983"}],"wp:attachment":[{"href":"https:\/\/www.itakaescolapios.org\/ca\/wp-json\/wp\/v2\/media?parent=4251"}],"curies":[{"name":"wp","href":"https:\/\/api.w.org\/{rel}","templated":true}]}}