{"id":7556,"date":"2013-10-23T15:34:20","date_gmt":"2013-10-23T14:34:20","guid":{"rendered":"https:\/\/www.itakaescolapios.org\/?page_id=7556"},"modified":"2023-11-28T12:39:15","modified_gmt":"2023-11-28T11:39:15","slug":"campana-de-solidaridad-2013-2014","status":"publish","type":"page","link":"https:\/\/www.itakaescolapios.org\/ca\/campanas\/estamos-por-ti-educamos-contigo\/campana-de-solidaridad-2013-2014\/","title":{"rendered":"ESTAMOS POR TI, EDUCAMOS CONTIGO"},"content":{"rendered":"<p style=\"text-align: left;\"><strong><span style=\"color: #666600;\">Campa\u00f1a de solidaridad Itaka-Escolapios 2013-14<\/span><\/strong><\/p>\n<p style=\"text-align: right;\" align=\"right\"><i>\u201cSi desde la infancia los ni\u00f1os son imbuidos diligentemente en la Piedad y en las Letras, ha de preverse, con fundamento, un feliz transcurso de toda su vida\u201d<\/i><\/p>\n<p style=\"text-align: right;\" align=\"right\">S. Jos\u00e9 de Calasanz (Constituciones de las Escuelas P\u00edas, 1622)<\/p>\n<p style=\"text-align: left;\"><img decoding=\"async\" class=\"alignleft  wp-image-7673\" alt=\"Mano para recortar\" src=\"https:\/\/www.itakaescolapios.org\/wp-content\/uploads\/2013\/10\/Mano-para-recortar-520x1024.jpg\" width=\"196\" height=\"387\" srcset=\"https:\/\/www.itakaescolapios.org\/wp-content\/uploads\/2013\/10\/Mano-para-recortar-520x1024.jpg 520w, https:\/\/www.itakaescolapios.org\/wp-content\/uploads\/2013\/10\/Mano-para-recortar-152x300.jpg 152w\" sizes=\"(max-width: 196px) 100vw, 196px\" \/>Desde los tiempos de su fundaci\u00f3n, las Escuelas P\u00edas han orientado su misi\u00f3n y sus esfuerzos a extender el acceso a la educaci\u00f3n a todas las personas, especialmente a la infancia en situaci\u00f3n m\u00e1s desfavorecida.<\/p>\n<p style=\"text-align: left;\">San Jos\u00e9 de Calasanz, quien inici\u00f3 en 1597 la primera escuela popular gratuita de Europa en el Trast\u00e9vere de Roma, promovi\u00f3 algo revolucionario en su tiempo: ofrecer una educaci\u00f3n integral para todos, como condici\u00f3n para el desarrollo de una vida digna y plena. As\u00ed mismo, Calasanz uni\u00f3 su vocaci\u00f3n educativa a una certeza: la del extraordinario poder de la educaci\u00f3n para transformar la sociedad, que la convierte en clave para construir un mundo mejor.<\/p>\n<p style=\"text-align: left;\">Hoy en d\u00eda, m\u00e1s de cuatro siglos despu\u00e9s, los planteamientos sobre la importancia de la educaci\u00f3n han sido asumidos de forma general, pero el logro de la educaci\u00f3n para todas las personas es una asignatura pendiente a\u00fan para la humanidad.<\/p>\n<p style=\"text-align: left;\">Aunque hay que reconocer avances en los \u00faltimos a\u00f1os, los datos oficiales de Naciones Unidas respecto a los Objetivos de Desarrollo del Milenio reflejan que la meta para 2015 de lograr la ense\u00f1anza primaria universal va a quedar incumplida, ya que 57 millones de ni\u00f1os, en edad de recibir ense\u00f1anza primaria no est\u00e1n escolarizados. Por otra parte, conseguir que los ni\u00f1os asistan a la escuela es b\u00e1sico, pero solo representa un primer paso. Deben tenerse en cuenta, adem\u00e1s, otros elementos esenciales, tales como la permanencia en la escuela (se prev\u00e9 que al menos uno de cuatro ni\u00f1os escolarizados la abandonar\u00e1 antes de terminar la primaria), as\u00ed como si la ense\u00f1anza posee o no una calidad m\u00ednima que permita realmente a los ni\u00f1os y ni\u00f1as aprender lo necesario.<\/p>\n<p style=\"text-align: left;\">La UNESCO, en su informe de 2013 titulado <a href=\"http:\/\/unesdoc.unesco.org\/images\/0022\/002231\/223115s.pdf\" target=\"_blank\" rel=\"noopener\"><i>\u201cLa educaci\u00f3n transforma la vida\u201d<\/i><\/a> insiste en una idea que nos trae a la actualidad ecos de las palabras de Calasanz: <i>\u201cLa educaci\u00f3n ilumina cada etapa del camino hacia una vida mejor, especialmente el de las personas pobres y las m\u00e1s vulnerables\u201d<\/i>. La educaci\u00f3n es un pilar insustituible del desarrollo humano, entendido este como proceso de ampliaci\u00f3n de las opciones y capacidades de las personas, porque cumple funciones indispensables. En primer lugar, porque permite acceder a un conjunto de conocimientos y habilidades b\u00e1sicas para todos. Ello cambia la vida y la mejora en muy diferentes esferas, tanto materiales como inmateriales: las posibilidades de empleo y de bienestar econ\u00f3mico, la salud, la igualdad, la tolerancia entre las personas, as\u00ed como el cuidado del medio ambiente.<\/p>\n<p style=\"text-align: left;\">Pero adem\u00e1s, la educaci\u00f3n es esencial en el camino para descubrir los dones y el talento particular que cada ser humano, lo cual es la llave para nuestro pleno desarrollo como personas, as\u00ed como tambi\u00e9n de la sociedad y de los pueblos. Algo que Calasanz supo leer, sin duda, desde la realidad de su tiempo.<\/p>\n<p style=\"text-align: left;\">Mediante la campa\u00f1a de solidaridad de este curso, en Itaka-Escolapios queremos seguir sumando nuestro esfuerzo para acercar una educaci\u00f3n de calidad a tantos lugares del mundo empobrecido. Compromiso en el que caminamos de la mano de los escolapios, quienes al igual que en aquel Trast\u00e9vere de Roma siguen yendo hoy all\u00e1 donde la necesidad educativa es mayor.<\/p>\n<p style=\"text-align: left;\">Pero no pensemos que conseguir la educaci\u00f3n para todos es tarea solo de las instituciones o de personas excepcionales. Se trata de algo en lo que todos tenemos mucho que aportar, a partir de nuestros propios dones (desarrollados en parte gracias a la educaci\u00f3n) y de nuestro compromiso. Buena prueba de ello es la colaboraci\u00f3n a trav\u00e9s de la red de solidaridad de Itaka-Escolapios, que gracias a las personas voluntarias, socias y colaboradoras est\u00e1 permitiendo a\u00f1o tras a\u00f1o contar con un apoyo vital para la misi\u00f3n educativa escolapia.<\/p>\n<p style=\"text-align: left;\">Por eso, a trav\u00e9s de esta campa\u00f1a queremos expresar algo a cada ni\u00f1a, ni\u00f1o o joven del mundo empobrecido: ESTAMOS POR TI, para acompa\u00f1arte a trav\u00e9s de la educaci\u00f3n en tu camino hacia un futuro mejor.<\/p>\n<p style=\"text-align: left;\">As\u00ed mismo, a cada persona en el entorno de Itaka-Escolapios y de los centros educativos participantes, decimos algo: Sin ti nuestra misi\u00f3n educativa es imposible y por tanto, ESTAMOS POR TI, EDUCAMOS CONTIGO.<\/p>\n<p><!--more--><\/p>\n","protected":false},"excerpt":{"rendered":"<p>Campa\u00f1a de solidaridad Itaka-Escolapios 2013-14 \u201cSi desde la infancia los ni\u00f1os son imbuidos diligentemente en la Piedad y en las Letras, ha de preverse, con fundamento, un feliz transcurso de [&hellip;]<\/p>\n","protected":false},"author":46,"featured_media":0,"parent":7545,"menu_order":3,"comment_status":"closed","ping_status":"closed","template":"","meta":{"_et_pb_use_builder":"","_et_pb_old_content":"","_et_gb_content_width":"","footnotes":""},"class_list":["post-7556","page","type-page","status-publish","hentry"],"yoast_head":"<!-- This site is optimized with the Yoast SEO plugin v27.3 - https:\/\/yoast.com\/product\/yoast-seo-wordpress\/ -->\n<title>ESTAMOS POR TI, EDUCAMOS CONTIGO<\/title>\n<meta name=\"description\" content=\"Campa\u00f1a de solidaridad Itaka-Escolapios 2013-14 \u201cSi desde la infancia los ni\u00f1os son imbuidos diligentemente en la Piedad y en las Letras, ha de preverse, con fundamento, un feliz transcurso de toda su vida\u201d S. Jos\u00e9 de Calasanz (Constituciones de las Escuelas P\u00edas, 1622) Desde los tiempos de su fundaci\u00f3n, las Escuelas P\u00edas han orientado su&hellip;\" \/>\n<meta name=\"robots\" content=\"index, follow, max-snippet:-1, max-image-preview:large, max-video-preview:-1\" \/>\n<link rel=\"canonical\" href=\"http:\/\/Campa\u00f1a%20de%20solidaridad%20Itaka-Escolapios%202013-14%20\u201cSi%20desde%20la%20infancia%20los%20ni\u00f1os%20son%20imbuidos%20diligentemente%20en%20la%20Piedad%20y%20en%20las%20Letras,%20ha%20de%20preverse,%20con%20fundamento,%20un%20feliz%20transcurso%20de%20toda%20su%20vida\u201d%20S.%20Jos\u00e9%20de%20Calasanz%20(Constituciones%20de%20las%20Escuelas%20P\u00edas,%201622)%20Desde%20los%20tiempos%20de%20su%20fundaci\u00f3n,%20las%20Escuelas%20P\u00edas%20han%20orientado%20su&hellip;\" \/>\n<meta property=\"og:locale\" content=\"ca_ES\" \/>\n<meta property=\"og:type\" content=\"article\" \/>\n<meta property=\"og:title\" content=\"ESTAMOS POR TI, EDUCAMOS CONTIGO\" \/>\n<meta property=\"og:description\" content=\"Campa\u00f1a de solidaridad Itaka-Escolapios 2013-14 \u201cSi desde la infancia los ni\u00f1os son imbuidos diligentemente en la Piedad y en las Letras, ha de preverse, con fundamento, un feliz transcurso de toda su vida\u201d S. Jos\u00e9 de Calasanz (Constituciones de las Escuelas P\u00edas, 1622) Desde los tiempos de su fundaci\u00f3n, las Escuelas P\u00edas han orientado su&hellip;\" \/>\n<meta property=\"og:url\" content=\"https:\/\/www.itakaescolapios.org\/ca\/campanas\/estamos-por-ti-educamos-contigo\/campana-de-solidaridad-2013-2014\/\" \/>\n<meta property=\"og:site_name\" content=\"Itaka-Escolapios\" \/>\n<meta property=\"article:modified_time\" content=\"2023-11-28T11:39:15+00:00\" \/>\n<meta property=\"og:image\" content=\"https:\/\/www.itakaescolapios.org\/wp-content\/uploads\/2013\/10\/Mano-para-recortar.jpg\" \/>\n\t<meta property=\"og:image:width\" content=\"763\" \/>\n\t<meta property=\"og:image:height\" content=\"1500\" \/>\n\t<meta property=\"og:image:type\" content=\"image\/jpeg\" \/>\n<meta name=\"twitter:card\" content=\"summary_large_image\" \/>\n<meta name=\"twitter:label1\" content=\"Temps estimat de lectura\" \/>\n\t<meta name=\"twitter:data1\" content=\"4 minuts\" \/>\n<script type=\"application\/ld+json\" class=\"yoast-schema-graph\">{\"@context\":\"https:\\\/\\\/schema.org\",\"@graph\":[{\"@type\":\"WebPage\",\"@id\":\"https:\\\/\\\/www.itakaescolapios.org\\\/ca\\\/campanas\\\/estamos-por-ti-educamos-contigo\\\/campana-de-solidaridad-2013-2014\\\/\",\"url\":\"https:\\\/\\\/www.itakaescolapios.org\\\/ca\\\/campanas\\\/estamos-por-ti-educamos-contigo\\\/campana-de-solidaridad-2013-2014\\\/\",\"name\":\"ESTAMOS POR TI, EDUCAMOS CONTIGO - Itaka-Escolapios\",\"isPartOf\":{\"@id\":\"https:\\\/\\\/www.itakaescolapios.org\\\/es\\\/#website\"},\"primaryImageOfPage\":{\"@id\":\"https:\\\/\\\/www.itakaescolapios.org\\\/ca\\\/campanas\\\/estamos-por-ti-educamos-contigo\\\/campana-de-solidaridad-2013-2014\\\/#primaryimage\"},\"image\":{\"@id\":\"https:\\\/\\\/www.itakaescolapios.org\\\/ca\\\/campanas\\\/estamos-por-ti-educamos-contigo\\\/campana-de-solidaridad-2013-2014\\\/#primaryimage\"},\"thumbnailUrl\":\"https:\\\/\\\/www.itakaescolapios.org\\\/wp-content\\\/uploads\\\/2013\\\/10\\\/Mano-para-recortar-520x1024.jpg\",\"datePublished\":\"2013-10-23T14:34:20+00:00\",\"dateModified\":\"2023-11-28T11:39:15+00:00\",\"breadcrumb\":{\"@id\":\"https:\\\/\\\/www.itakaescolapios.org\\\/ca\\\/campanas\\\/estamos-por-ti-educamos-contigo\\\/campana-de-solidaridad-2013-2014\\\/#breadcrumb\"},\"inLanguage\":\"ca\",\"potentialAction\":[{\"@type\":\"ReadAction\",\"target\":[\"https:\\\/\\\/www.itakaescolapios.org\\\/ca\\\/campanas\\\/estamos-por-ti-educamos-contigo\\\/campana-de-solidaridad-2013-2014\\\/\"]}]},{\"@type\":\"ImageObject\",\"inLanguage\":\"ca\",\"@id\":\"https:\\\/\\\/www.itakaescolapios.org\\\/ca\\\/campanas\\\/estamos-por-ti-educamos-contigo\\\/campana-de-solidaridad-2013-2014\\\/#primaryimage\",\"url\":\"https:\\\/\\\/www.itakaescolapios.org\\\/wp-content\\\/uploads\\\/2013\\\/10\\\/Mano-para-recortar-520x1024.jpg\",\"contentUrl\":\"https:\\\/\\\/www.itakaescolapios.org\\\/wp-content\\\/uploads\\\/2013\\\/10\\\/Mano-para-recortar-520x1024.jpg\"},{\"@type\":\"BreadcrumbList\",\"@id\":\"https:\\\/\\\/www.itakaescolapios.org\\\/ca\\\/campanas\\\/estamos-por-ti-educamos-contigo\\\/campana-de-solidaridad-2013-2014\\\/#breadcrumb\",\"itemListElement\":[{\"@type\":\"ListItem\",\"position\":1,\"name\":\"Itaka-Escolapios\",\"item\":\"https:\\\/\\\/www.itakaescolapios.org\\\/es\\\/\"},{\"@type\":\"ListItem\",\"position\":2,\"name\":\"Campa\u00f1as\",\"item\":\"https:\\\/\\\/www.itakaescolapios.org\\\/es\\\/campanas\\\/\"},{\"@type\":\"ListItem\",\"position\":3,\"name\":\"2013-2014 ESTAMOS POR TI, EDUCAMOS CONTIGO\",\"item\":\"https:\\\/\\\/www.itakaescolapios.org\\\/es\\\/campanas\\\/estamos-por-ti-educamos-contigo\\\/\"},{\"@type\":\"ListItem\",\"position\":4,\"name\":\"ESTAMOS POR TI, EDUCAMOS CONTIGO\"}]},{\"@type\":\"WebSite\",\"@id\":\"https:\\\/\\\/www.itakaescolapios.org\\\/ca\\\/es\\\/#website\",\"url\":\"https:\\\/\\\/www.itakaescolapios.org\\\/ca\\\/es\\\/\",\"name\":\"Itaka-Escolapios\",\"description\":\"Red de Itaka-Escolapios\",\"publisher\":{\"@id\":\"https:\\\/\\\/www.itakaescolapios.org\\\/ca\\\/es\\\/#organization\"},\"potentialAction\":[{\"@type\":\"SearchAction\",\"target\":{\"@type\":\"EntryPoint\",\"urlTemplate\":\"https:\\\/\\\/www.itakaescolapios.org\\\/ca\\\/es\\\/?s={search_term_string}\"},\"query-input\":{\"@type\":\"PropertyValueSpecification\",\"valueRequired\":true,\"valueName\":\"search_term_string\"}}],\"inLanguage\":\"ca\"},{\"@type\":\"Organization\",\"@id\":\"https:\\\/\\\/www.itakaescolapios.org\\\/ca\\\/es\\\/#organization\",\"name\":\"Fundaci\u00f3 Itaka-Escolapios\",\"url\":\"https:\\\/\\\/www.itakaescolapios.org\\\/ca\\\/es\\\/\",\"logo\":{\"@type\":\"ImageObject\",\"inLanguage\":\"ca\",\"@id\":\"https:\\\/\\\/www.itakaescolapios.org\\\/ca\\\/es\\\/#\\\/schema\\\/logo\\\/image\\\/\",\"url\":\"https:\\\/\\\/www.itakaescolapios.org\\\/wp-content\\\/uploads\\\/2024\\\/04\\\/Logo-itakaescolapios-peque.png\",\"contentUrl\":\"https:\\\/\\\/www.itakaescolapios.org\\\/wp-content\\\/uploads\\\/2024\\\/04\\\/Logo-itakaescolapios-peque.png\",\"width\":500,\"height\":199,\"caption\":\"Fundaci\u00f3 Itaka-Escolapios\"},\"image\":{\"@id\":\"https:\\\/\\\/www.itakaescolapios.org\\\/ca\\\/es\\\/#\\\/schema\\\/logo\\\/image\\\/\"}}]}<\/script>\n<!-- \/ Yoast SEO plugin. -->","yoast_head_json":{"title":"ESTAMOS POR TI, EDUCAMOS CONTIGO","description":"Campa\u00f1a de solidaridad Itaka-Escolapios 2013-14 \u201cSi desde la infancia los ni\u00f1os son imbuidos diligentemente en la Piedad y en las Letras, ha de preverse, con fundamento, un feliz transcurso de toda su vida\u201d S. Jos\u00e9 de Calasanz (Constituciones de las Escuelas P\u00edas, 1622) Desde los tiempos de su fundaci\u00f3n, las Escuelas P\u00edas han orientado su&hellip;","robots":{"index":"index","follow":"follow","max-snippet":"max-snippet:-1","max-image-preview":"max-image-preview:large","max-video-preview":"max-video-preview:-1"},"canonical":"Campa\u00f1a de solidaridad Itaka-Escolapios 2013-14 \u201cSi desde la infancia los ni\u00f1os son imbuidos diligentemente en la Piedad y en las Letras, ha de preverse, con fundamento, un feliz transcurso de toda su vida\u201d S. Jos\u00e9 de Calasanz (Constituciones de las Escuelas P\u00edas, 1622) Desde los tiempos de su fundaci\u00f3n, las Escuelas P\u00edas han orientado su&hellip;","og_locale":"ca_ES","og_type":"article","og_title":"ESTAMOS POR TI, EDUCAMOS CONTIGO","og_description":"Campa\u00f1a de solidaridad Itaka-Escolapios 2013-14 \u201cSi desde la infancia los ni\u00f1os son imbuidos diligentemente en la Piedad y en las Letras, ha de preverse, con fundamento, un feliz transcurso de toda su vida\u201d S. Jos\u00e9 de Calasanz (Constituciones de las Escuelas P\u00edas, 1622) Desde los tiempos de su fundaci\u00f3n, las Escuelas P\u00edas han orientado su&hellip;","og_url":"https:\/\/www.itakaescolapios.org\/ca\/campanas\/estamos-por-ti-educamos-contigo\/campana-de-solidaridad-2013-2014\/","og_site_name":"Itaka-Escolapios","article_modified_time":"2023-11-28T11:39:15+00:00","og_image":[{"width":763,"height":1500,"url":"https:\/\/www.itakaescolapios.org\/wp-content\/uploads\/2013\/10\/Mano-para-recortar.jpg","type":"image\/jpeg"}],"twitter_card":"summary_large_image","twitter_misc":{"Temps estimat de lectura":"4 minuts"},"schema":{"@context":"https:\/\/schema.org","@graph":[{"@type":"WebPage","@id":"https:\/\/www.itakaescolapios.org\/ca\/campanas\/estamos-por-ti-educamos-contigo\/campana-de-solidaridad-2013-2014\/","url":"https:\/\/www.itakaescolapios.org\/ca\/campanas\/estamos-por-ti-educamos-contigo\/campana-de-solidaridad-2013-2014\/","name":"ESTAMOS POR TI, EDUCAMOS CONTIGO - Itaka-Escolapios","isPartOf":{"@id":"https:\/\/www.itakaescolapios.org\/es\/#website"},"primaryImageOfPage":{"@id":"https:\/\/www.itakaescolapios.org\/ca\/campanas\/estamos-por-ti-educamos-contigo\/campana-de-solidaridad-2013-2014\/#primaryimage"},"image":{"@id":"https:\/\/www.itakaescolapios.org\/ca\/campanas\/estamos-por-ti-educamos-contigo\/campana-de-solidaridad-2013-2014\/#primaryimage"},"thumbnailUrl":"https:\/\/www.itakaescolapios.org\/wp-content\/uploads\/2013\/10\/Mano-para-recortar-520x1024.jpg","datePublished":"2013-10-23T14:34:20+00:00","dateModified":"2023-11-28T11:39:15+00:00","breadcrumb":{"@id":"https:\/\/www.itakaescolapios.org\/ca\/campanas\/estamos-por-ti-educamos-contigo\/campana-de-solidaridad-2013-2014\/#breadcrumb"},"inLanguage":"ca","potentialAction":[{"@type":"ReadAction","target":["https:\/\/www.itakaescolapios.org\/ca\/campanas\/estamos-por-ti-educamos-contigo\/campana-de-solidaridad-2013-2014\/"]}]},{"@type":"ImageObject","inLanguage":"ca","@id":"https:\/\/www.itakaescolapios.org\/ca\/campanas\/estamos-por-ti-educamos-contigo\/campana-de-solidaridad-2013-2014\/#primaryimage","url":"https:\/\/www.itakaescolapios.org\/wp-content\/uploads\/2013\/10\/Mano-para-recortar-520x1024.jpg","contentUrl":"https:\/\/www.itakaescolapios.org\/wp-content\/uploads\/2013\/10\/Mano-para-recortar-520x1024.jpg"},{"@type":"BreadcrumbList","@id":"https:\/\/www.itakaescolapios.org\/ca\/campanas\/estamos-por-ti-educamos-contigo\/campana-de-solidaridad-2013-2014\/#breadcrumb","itemListElement":[{"@type":"ListItem","position":1,"name":"Itaka-Escolapios","item":"https:\/\/www.itakaescolapios.org\/es\/"},{"@type":"ListItem","position":2,"name":"Campa\u00f1as","item":"https:\/\/www.itakaescolapios.org\/es\/campanas\/"},{"@type":"ListItem","position":3,"name":"2013-2014 ESTAMOS POR TI, EDUCAMOS CONTIGO","item":"https:\/\/www.itakaescolapios.org\/es\/campanas\/estamos-por-ti-educamos-contigo\/"},{"@type":"ListItem","position":4,"name":"ESTAMOS POR TI, EDUCAMOS CONTIGO"}]},{"@type":"WebSite","@id":"https:\/\/www.itakaescolapios.org\/ca\/es\/#website","url":"https:\/\/www.itakaescolapios.org\/ca\/es\/","name":"Itaka-Escolapios","description":"Red de Itaka-Escolapios","publisher":{"@id":"https:\/\/www.itakaescolapios.org\/ca\/es\/#organization"},"potentialAction":[{"@type":"SearchAction","target":{"@type":"EntryPoint","urlTemplate":"https:\/\/www.itakaescolapios.org\/ca\/es\/?s={search_term_string}"},"query-input":{"@type":"PropertyValueSpecification","valueRequired":true,"valueName":"search_term_string"}}],"inLanguage":"ca"},{"@type":"Organization","@id":"https:\/\/www.itakaescolapios.org\/ca\/es\/#organization","name":"Fundaci\u00f3 Itaka-Escolapios","url":"https:\/\/www.itakaescolapios.org\/ca\/es\/","logo":{"@type":"ImageObject","inLanguage":"ca","@id":"https:\/\/www.itakaescolapios.org\/ca\/es\/#\/schema\/logo\/image\/","url":"https:\/\/www.itakaescolapios.org\/wp-content\/uploads\/2024\/04\/Logo-itakaescolapios-peque.png","contentUrl":"https:\/\/www.itakaescolapios.org\/wp-content\/uploads\/2024\/04\/Logo-itakaescolapios-peque.png","width":500,"height":199,"caption":"Fundaci\u00f3 Itaka-Escolapios"},"image":{"@id":"https:\/\/www.itakaescolapios.org\/ca\/es\/#\/schema\/logo\/image\/"}}]}},"_links":{"self":[{"href":"https:\/\/www.itakaescolapios.org\/ca\/wp-json\/wp\/v2\/pages\/7556","targetHints":{"allow":["GET"]}}],"collection":[{"href":"https:\/\/www.itakaescolapios.org\/ca\/wp-json\/wp\/v2\/pages"}],"about":[{"href":"https:\/\/www.itakaescolapios.org\/ca\/wp-json\/wp\/v2\/types\/page"}],"author":[{"embeddable":true,"href":"https:\/\/www.itakaescolapios.org\/ca\/wp-json\/wp\/v2\/users\/46"}],"replies":[{"embeddable":true,"href":"https:\/\/www.itakaescolapios.org\/ca\/wp-json\/wp\/v2\/comments?post=7556"}],"version-history":[{"count":29,"href":"https:\/\/www.itakaescolapios.org\/ca\/wp-json\/wp\/v2\/pages\/7556\/revisions"}],"predecessor-version":[{"id":49387,"href":"https:\/\/www.itakaescolapios.org\/ca\/wp-json\/wp\/v2\/pages\/7556\/revisions\/49387"}],"up":[{"embeddable":true,"href":"https:\/\/www.itakaescolapios.org\/ca\/wp-json\/wp\/v2\/pages\/7545"}],"wp:attachment":[{"href":"https:\/\/www.itakaescolapios.org\/ca\/wp-json\/wp\/v2\/media?parent=7556"}],"curies":[{"name":"wp","href":"https:\/\/api.w.org\/{rel}","templated":true}]}}