{"id":7571,"date":"2013-10-23T15:41:12","date_gmt":"2013-10-23T14:41:12","guid":{"rendered":"https:\/\/www.itakaescolapios.org\/?page_id=7571"},"modified":"2023-11-28T12:39:14","modified_gmt":"2023-11-28T11:39:14","slug":"dossier-de-actividades","status":"publish","type":"page","link":"https:\/\/www.itakaescolapios.org\/ca\/campanas\/estamos-por-ti-educamos-contigo\/dossier-de-actividades\/","title":{"rendered":"DOSSIER DE ACTIVIDADES"},"content":{"rendered":"<p><img decoding=\"async\" class=\"alignleft  wp-image-7802\" alt=\"Equipo puzzle\" src=\"https:\/\/www.itakaescolapios.org\/wp-content\/uploads\/2013\/10\/Equipo-puzzle.jpg\" width=\"240\" height=\"278\" srcset=\"https:\/\/www.itakaescolapios.org\/wp-content\/uploads\/2013\/10\/Equipo-puzzle.jpg 535w, https:\/\/www.itakaescolapios.org\/wp-content\/uploads\/2013\/10\/Equipo-puzzle-258x300.jpg 258w, https:\/\/www.itakaescolapios.org\/wp-content\/uploads\/2013\/10\/Equipo-puzzle-250x289.jpg 250w\" sizes=\"(max-width: 240px) 100vw, 240px\" \/><\/p>\n<p style=\"text-align: justify;\">A continuaci\u00f3n presentamos una serie de actividades orientativas para trabajar en las aulas (tambi\u00e9n pueden ser trasladadas al \u00e1mbito extraescolar), la importancia de la educaci\u00f3n como elemento de cambio personal y el valor de poner los dones que cada persona tiene al servicio de los dem\u00e1s.<\/p>\n<p style=\"text-align: justify;\"><strong>&#8220;LOS PORTI&#8221;<\/strong> nos invitan en el apartado <a href=\"https:\/\/www.itakaescolapios.org\/campanas\/estamos-por-ti-educamos-contigo\/superheroes-al-servicio-de-la-educacion\/\" target=\"_blank\" rel=\"noopener\">&#8220;superh\u00e9roes al servicio de la educaci\u00f3n&#8221;<\/a>\u00a0a disfrutar disfraz\u00e1ndonos, a recortar y fabricar una mano gigante con el lema de la campa\u00f1a y a sacarnos una foto con nuestra pandilla.<\/p>\n<p style=\"text-align: justify;\">Adem\u00e1s de esto, nos proponen una actividad especial. Nos invitan a que cada una y cada uno de nosotros cambiemos la cara de su cartel\u00a0por una foto nuestra, se\u00f1alando en ese nuevo cartel el don que podemos poner al servicio de los dem\u00e1s. Puedes encontrar la informaci\u00f3n sobre esta dinamica en el siguiente enlace: <a href=\"http:\/\/www.educa.itakaescolapios.org\/cooperacion-norte-sur\/campana-2013-2014-cadena-solidaria-soy-un-superheroe\/\" target=\"_blank\" rel=\"noopener\">CADENA SOLIDARIA &#8211; SOY UN SUPERH\u00c9ROE<\/a><\/p>\n<p style=\"text-align: justify;\"><strong>TROCO<\/strong>, siempre alerta, nos hace una invitaci\u00f3n especial. Nos propone ayudar al mundo con el <strong>reciclaje de m\u00f3viles<\/strong>,\u00a0en desuso, de nuestras familias y amistades. Con el reciclaje de m\u00f3viles conseguiremos reducir el consumo de nueva materia prima, reducir el uso de energ\u00eda y, reducir la contaminaci\u00f3n. Pero adem\u00e1s conseguiremos fondos para los proyectos educativos presentados en esta campa\u00f1a.<\/p>\n<table border=\"1\" cellspacing=\"0\" cellpadding=\"0\">\n<tbody>\n<tr>\n<td colspan=\"3\" width=\"576\">\n<p style=\"text-align: center;\" align=\"center\"><span style=\"color: #ff3399;\"><b>INFANTIL<\/b><\/span><b><\/b><\/p>\n<\/td>\n<\/tr>\n<tr>\n<td width=\"192\"><a href=\"http:\/\/www.educa.itakaescolapios.org\/cooperacion-norte-sur\/campana-2013-2014.-tardes-solidarias\/\" target=\"_blank\" rel=\"noopener\"><em><strong>TARDES SOLIDARIAS<\/strong><\/em><\/a><\/td>\n<td width=\"192\">\n<p align=\"center\">2-3 a\u00f1os<\/p>\n<\/td>\n<td valign=\"top\" width=\"192\">Actividades a trabajar y conocer cada uno de los \u00a0 superh\u00e9roes:<\/p>\n<ul>\n<li>\u00a0 CAP: cuenta cuentos<\/li>\n<li>\u00a0 TROCO: fichas de caritas con sentimientos<\/li>\n<li>\u00a0 Voyage: danzas del mundo<\/li>\n<li>\u00a0 JOY: disfraces de superh\u00e9roes<\/li>\n<li>\u00a0 ERRUKI: peque\u00f1a oraci\u00f3n<\/li>\n<\/ul>\n<\/td>\n<\/tr>\n<tr>\n<td width=\"192\"><a href=\"http:\/\/www.educa.itakaescolapios.org\/cooperacion-norte-sur\/campana-2013-2014.-los-porti-en-tu-mano\/\" target=\"_blank\" rel=\"noopener\"><em><strong>LOS PORTI EN TU MANO<\/strong><\/em><\/a><\/td>\n<td width=\"192\">\n<p align=\"center\">4-5 a\u00f1os<\/p>\n<\/td>\n<td style=\"text-align: justify;\" width=\"192\">Los peque\u00f1os construir\u00e1n marionetas de dedo (en \u00a0 papel). Y despu\u00e9s aprender\u00e1n una poes\u00eda sobre los superh\u00e9roes.<\/td>\n<\/tr>\n<tr>\n<td style=\"text-align: left;\" width=\"192\"><a href=\"http:\/\/www.educa.itakaescolapios.org\/cooperacion-norte-sur\/campana-2013-2014-foto-baila\/\" target=\"_blank\" rel=\"noopener\"><em><strong>FOTO BAILA<\/strong><\/em><\/a><\/td>\n<td width=\"192\">\n<p align=\"center\">4-5 a\u00f1os<\/p>\n<\/td>\n<td valign=\"top\" width=\"192\">A trav\u00e9s de fotograf\u00edas, los ni\u00f1os podr\u00e1n ver las \u00a0 diferencias\u00a0 y similitudes entre la \u00a0 realidad del norte y la del sur. Utilizamos el fotobaila para que conozcan \u00a0 los distintos \u201ctrast\u00e9veres\u201d donde se llevan a cabo nuestros proyectos.<\/td>\n<\/tr>\n<tr>\n<td colspan=\"3\" valign=\"top\" width=\"576\">\n<p style=\"text-align: center;\" align=\"center\"><span style=\"color: #ff3399;\"><b>PRIMARIA<\/b><\/span><b><\/b><\/p>\n<\/td>\n<\/tr>\n<tr>\n<td width=\"192\"><a href=\"http:\/\/www.educa.itakaescolapios.org\/cooperacion-norte-sur\/campana-2013-2014-y-tu-bfcomo-te-sientes\/\" target=\"_blank\" rel=\"noopener\"><em><strong>Y T\u00da, \u00bfC\u00d3MO TE SIENTES?<\/strong><\/em><\/a><\/td>\n<td width=\"192\">\n<p align=\"center\">1<sup>er<\/sup> Ciclo<\/p>\n<\/td>\n<td valign=\"top\" width=\"192\">Actividad que promueve el conocimiento de los \u00a0 compa\u00f1eros de clase, la empat\u00eda y c\u00f3mo deber\u00eda ser nuestra relaci\u00f3n con los \u00a0 amigos\/compa\u00f1eros.<\/p>\n<p>Esta din\u00e1mica la presenta TROCO, y se pretende \u00a0 trabajar c\u00f3mo expresamos nuestros sentimientos, c\u00f3mo interpretar los de los \u00a0 dem\u00e1s y c\u00f3mo reaccionar ante ellos.<\/td>\n<\/tr>\n<tr>\n<td width=\"192\"><a href=\"http:\/\/www.educa.itakaescolapios.org\/cooperacion-norte-sur\/campana-2013-2014-juegos-del-mundo-1\/?searchterm=juegos*\" target=\"_blank\" rel=\"noopener\"><em><strong>JUEGOS DEL MUNDO<\/strong><\/em><\/a><\/td>\n<td width=\"192\">\n<p align=\"center\">1<sup>er<\/sup> Ciclo<\/p>\n<\/td>\n<td valign=\"top\" width=\"192\">JOY es el encargado de presentar las realidades \u00a0 donde desarrollamos proyectos de educaci\u00f3n no formal, y como a trav\u00e9s del \u00a0 juego tambi\u00e9n se educa. Jugaremos despu\u00e9s a juegos populares de distintos \u00a0 pa\u00edses.<\/td>\n<\/tr>\n<tr>\n<td width=\"192\"><a href=\"http:\/\/www.educa.itakaescolapios.org\/cooperacion-norte-sur\/campana-2013-2014-luz-para-los-amigos\/\" target=\"_blank\" rel=\"noopener\"><em><strong>LUZ PARA LOS AMIGOS<\/strong><\/em><\/a><\/td>\n<td width=\"192\">\n<p align=\"center\">2\u00ba Ciclo<\/p>\n<\/td>\n<td valign=\"top\" width=\"192\">Actividad en la que se trabaja el \u00a0 autoconocimiento y, en especial las propias cualidades que podemos poner al servicio \u00a0 a los dem\u00e1s. A trav\u00e9s de un taller en el que construir\u00e1n un farolillo \u00a0 personalizado, que se utilizar\u00e1 en una sencilla oraci\u00f3n.<\/td>\n<\/tr>\n<tr>\n<td width=\"192\"><a href=\"http:\/\/www.educa.itakaescolapios.org\/cooperacion-norte-sur\/campana-2013-2014-investigando-con-cap\/\" target=\"_blank\" rel=\"noopener\"><em><strong>INVESTIGANDO CON CAP<\/strong><\/em><\/a><\/td>\n<td width=\"192\">\n<p align=\"center\">2\u00ba Ciclo<\/p>\n<\/td>\n<td valign=\"top\" width=\"192\">Juego de pistas por el colegio en el que han \u00a0 de descubrir realidades\/proyectos con los que trabajamos. Servir\u00e1 para \u00a0 conocer mejor un proyecto concreto que despu\u00e9s expondr\u00e1n al resto de la clase.<\/td>\n<\/tr>\n<tr>\n<td width=\"192\"><a href=\"http:\/\/www.educa.itakaescolapios.org\/cooperacion-norte-sur\/campana-2013-2014-noticias-para-educar\/\" target=\"_blank\" rel=\"noopener\"><em><strong>NOTICIAS PARA EDUCAR<\/strong><\/em><\/a><\/td>\n<td width=\"192\">\n<p align=\"center\">3<sup>er<\/sup> Ciclo<\/p>\n<\/td>\n<td valign=\"top\" width=\"192\">An\u00e1lisis de noticias que relaten \u00a0 dificultades educativas. Con un sencillo juego conocer\u00e1n las historias, y \u00a0 despu\u00e9s de analizarlas y dialogar sobre las situaciones descritas, los \u00a0 alumnos plantear\u00e1n ideas para concretar su acci\u00f3n: \u00bfC\u00f3mo puede los alumnos \u00a0 dar a conocer la situaci\u00f3n?<\/td>\n<\/tr>\n<tr>\n<td width=\"192\"><a href=\"http:\/\/www.educa.itakaescolapios.org\/cooperacion-norte-sur\/campana-2013-2014-llevar-la-esperanza-a-los-trasteveres-del-mundo\/?searchterm=Campa%C3%B1a*%202013-2014*\" target=\"_blank\" rel=\"noopener\"><em><strong>LLEVAR LA ESPERANZA A LOS TRAST\u00c9VERES DEL \u00a0 MUNDO<\/strong><\/em><\/a><\/td>\n<td width=\"192\">\n<p align=\"center\">3<sup>er<\/sup> Ciclo<\/p>\n<\/td>\n<td valign=\"top\" width=\"192\">Despu\u00e9s de presentar y dialogar sobre los \u00a0 proyectos\/trast\u00e9veres que se van a apoyar durante la campa\u00f1a, los alumnos\/as \u00a0 elaborar\u00e1n sencillas oraciones personales por los usuarios de los mismos, por \u00a0 los voluntarios, escolapios o trabajadores que los llevan a cabo, por las \u00a0 comunidades afectadas, etc.<\/td>\n<\/tr>\n<tr>\n<td colspan=\"3\" valign=\"top\" width=\"576\">\n<p style=\"text-align: center;\" align=\"center\"><span style=\"color: #ff3399;\"><b>SECUNDARIA<\/b><\/span><b><\/b><\/p>\n<\/td>\n<\/tr>\n<tr>\n<td width=\"192\"><a href=\"http:\/\/www.educa.itakaescolapios.org\/cooperacion-norte-sur\/campana-2013-2014-porty-co\/\" target=\"_blank\" rel=\"noopener\"><em><strong>PORTI &amp; Co<\/strong><\/em><\/a><\/td>\n<td width=\"192\">\n<p align=\"center\">1<sup>er<\/sup> Ciclo<\/p>\n<\/td>\n<td valign=\"top\" width=\"192\">Se propone un juego para el aula similar al \u00a0 \u201cPARTY\u201d en el que por equipos y seg\u00fan la casilla que les vaya tocando, los \u00a0 alumnos deber\u00e1n realizar pruebas como: m\u00edmica, preguntas o canciones.<\/td>\n<\/tr>\n<tr>\n<td width=\"192\"><a href=\"http:\/\/www.educa.itakaescolapios.org\/cooperacion-norte-sur\/campana-2013-2014-carteles-de-la-campana\/\" target=\"_blank\" rel=\"noopener\"><em><strong>CARTELES DE LA CAMPA\u00d1A<\/strong><\/em><\/a><\/td>\n<td width=\"192\">\n<p align=\"center\">1<sup>er<\/sup> Ciclo<\/p>\n<\/td>\n<td valign=\"top\" width=\"192\">Se propone reflexionar sobre la importancia \u00a0 de dar a conocer las diversas realidades y trabajar por lograr el acceso a la \u00a0 educaci\u00f3n. Como acci\u00f3n se plantea, despu\u00e9s de conocer la realidad de los <i>\u201ctrast\u00e9veres\u201d<\/i>, la elaboraci\u00f3n de los \u00a0 carteles de la campa\u00f1a.<\/td>\n<\/tr>\n<tr>\n<td width=\"192\"><a href=\"http:\/\/www.educa.itakaescolapios.org\/cooperacion-norte-sur\/campana-2013-2014-bfque-puedes-hacer-tu\/\" target=\"_blank\" rel=\"noopener\"><em><strong>\u00bfQU\u00c9 PUEDES HACER T\u00da?<\/strong><\/em><\/a><\/td>\n<td width=\"192\">\n<p align=\"center\">2\u00ba Ciclo<\/p>\n<\/td>\n<td valign=\"top\" width=\"192\">Tras el visionado de algunas historias de \u00a0 personas vinculadas a los <i>\u201ctrast\u00e9veres\u201d<\/i> \u00a0 en los que trabajamos, se reflexiona sobre la participaci\u00f3n de los chavales \u00a0 en estos u otros proyectos.<\/td>\n<\/tr>\n<tr>\n<td width=\"192\"><a href=\"http:\/\/www.educa.itakaescolapios.org\/cooperacion-norte-sur\/campana-2013-2014-todos-somos-superheroes-y-estamos-por-ti\/\" target=\"_blank\" rel=\"noopener\"><em><strong>TODOS SOMOS SUPERH\u00c9ROES Y ESTAMOS POR TI<\/strong><\/em><\/a><\/td>\n<td width=\"192\">\n<p align=\"center\">2\u00ba Ciclo<\/p>\n<\/td>\n<td valign=\"top\" width=\"192\">En estos cursos, se propone a los muchachos que \u00a0 se disfracen de superh\u00e9roes y en coordinaci\u00f3n con los profes de Infantil, \u00a0 ayuden a los peque\u00f1os a conocer cada uno de los personajes, y qu\u00e9 es lo que \u00a0 \u00e9ste mejor hace.<\/td>\n<\/tr>\n<tr>\n<td colspan=\"3\" valign=\"top\" width=\"576\">\n<p style=\"text-align: center;\" align=\"center\"><span style=\"color: #ff3399;\"><b>BACHILLERATO<\/b><\/span><\/p>\n<\/td>\n<\/tr>\n<tr>\n<td width=\"192\"><a href=\"http:\/\/www.educa.itakaescolapios.org\/cooperacion-norte-sur\/campana-2013-2014-cap-ideas-que-construyen\/\" target=\"_blank\" rel=\"noopener\"><em><strong>IDEAS QUE CONSTRUYEN<\/strong><\/em><\/a><\/td>\n<td width=\"192\">\n<p align=\"center\">1\u00ba y 2\u00ba Bachillerato<\/p>\n<\/td>\n<td valign=\"top\" width=\"192\">A partir de la visi\u00f3n de diferentes historias se \u00a0 reflexiona sobre la utilizaci\u00f3n del conocimiento y la formaci\u00f3n propia para \u00a0 conseguir mejorar la realidad de nuestro entorno. Para finalizar la actividad \u00a0 se prepara una exposici\u00f3n que recoja diversas ideas para construir un mundo \u00a0 mejor.<\/td>\n<\/tr>\n<tr>\n<td width=\"192\"><a href=\"http:\/\/www.educa.itakaescolapios.org\/cooperacion-norte-sur\/campana-2013-2014-escolapios-que-construyen\/\" target=\"_blank\" rel=\"noopener\"><em><strong>ESCOLAPIOS QUE CONSTRUYEN<\/strong><\/em><\/a><\/td>\n<td width=\"192\">\n<p align=\"center\">1\u00ba y 2\u00ba Bachillerato<\/p>\n<\/td>\n<td valign=\"top\" width=\"192\">Actividad que \u00a0permite reflexionar sobre la labor y misi\u00f3n de los escolapios en los diferentes proyectos y trast\u00e9veres que apoya la campa\u00f1a, analizando en ellos c\u00f3mo la educaci\u00f3n puede ser una herramienta que construya un mundo mejor.<\/td>\n<\/tr>\n<\/tbody>\n<\/table>\n","protected":false},"excerpt":{"rendered":"<p>A continuaci\u00f3n presentamos una serie de actividades orientativas para trabajar en las aulas (tambi\u00e9n pueden ser trasladadas al \u00e1mbito extraescolar), la importancia de la educaci\u00f3n como elemento de cambio personal [&hellip;]<\/p>\n","protected":false},"author":46,"featured_media":0,"parent":7545,"menu_order":9,"comment_status":"closed","ping_status":"closed","template":"","meta":{"_et_pb_use_builder":"","_et_pb_old_content":"","_et_gb_content_width":"","footnotes":""},"class_list":["post-7571","page","type-page","status-publish","hentry"],"yoast_head":"<!-- This site is optimized with the Yoast SEO plugin v27.3 - https:\/\/yoast.com\/product\/yoast-seo-wordpress\/ -->\n<title>DOSSIER DE ACTIVIDADES<\/title>\n<meta name=\"description\" content=\"A continuaci\u00f3n presentamos una serie de actividades orientativas para trabajar en las aulas (tambi\u00e9n pueden ser trasladadas al \u00e1mbito extraescolar), la importancia de la educaci\u00f3n como elemento de cambio personal y el valor de poner los dones que cada persona tiene al servicio de los dem\u00e1s. &quot;LOS PORTI&quot; nos invitan en el apartado &quot;superh\u00e9roes al&hellip;\" \/>\n<meta name=\"robots\" content=\"index, follow, max-snippet:-1, max-image-preview:large, max-video-preview:-1\" \/>\n<link rel=\"canonical\" href=\"http:\/\/A%20continuaci\u00f3n%20presentamos%20una%20serie%20de%20actividades%20orientativas%20para%20trabajar%20en%20las%20aulas%20(tambi\u00e9n%20pueden%20ser%20trasladadas%20al%20\u00e1mbito%20extraescolar),%20la%20importancia%20de%20la%20educaci\u00f3n%20como%20elemento%20de%20cambio%20personal%20y%20el%20valor%20de%20poner%20los%20dones%20que%20cada%20persona%20tiene%20al%20servicio%20de%20los%20dem\u00e1s.%20LOS%20PORTI%20nos%20invitan%20en%20el%20apartado%20superh\u00e9roes%20al&hellip;\" \/>\n<meta property=\"og:locale\" content=\"ca_ES\" \/>\n<meta property=\"og:type\" content=\"article\" \/>\n<meta property=\"og:title\" content=\"DOSSIER DE ACTIVIDADES\" \/>\n<meta property=\"og:description\" content=\"A continuaci\u00f3n presentamos una serie de actividades orientativas para trabajar en las aulas (tambi\u00e9n pueden ser trasladadas al \u00e1mbito extraescolar), la importancia de la educaci\u00f3n como elemento de cambio personal y el valor de poner los dones que cada persona tiene al servicio de los dem\u00e1s. &quot;LOS PORTI&quot; nos invitan en el apartado &quot;superh\u00e9roes al&hellip;\" \/>\n<meta property=\"og:url\" content=\"https:\/\/www.itakaescolapios.org\/ca\/campanas\/estamos-por-ti-educamos-contigo\/dossier-de-actividades\/\" \/>\n<meta property=\"og:site_name\" content=\"Itaka-Escolapios\" \/>\n<meta property=\"article:modified_time\" content=\"2023-11-28T11:39:14+00:00\" \/>\n<meta property=\"og:image\" content=\"https:\/\/www.itakaescolapios.org\/wp-content\/uploads\/2013\/10\/Equipo-puzzle.jpg\" \/>\n\t<meta property=\"og:image:width\" content=\"535\" \/>\n\t<meta property=\"og:image:height\" content=\"620\" \/>\n\t<meta property=\"og:image:type\" content=\"image\/jpeg\" \/>\n<meta name=\"twitter:card\" content=\"summary_large_image\" \/>\n<meta name=\"twitter:label1\" content=\"Temps estimat de lectura\" \/>\n\t<meta name=\"twitter:data1\" content=\"5 minuts\" \/>\n<script type=\"application\/ld+json\" class=\"yoast-schema-graph\">{\"@context\":\"https:\\\/\\\/schema.org\",\"@graph\":[{\"@type\":\"WebPage\",\"@id\":\"https:\\\/\\\/www.itakaescolapios.org\\\/ca\\\/campanas\\\/estamos-por-ti-educamos-contigo\\\/dossier-de-actividades\\\/\",\"url\":\"https:\\\/\\\/www.itakaescolapios.org\\\/ca\\\/campanas\\\/estamos-por-ti-educamos-contigo\\\/dossier-de-actividades\\\/\",\"name\":\"DOSSIER DE ACTIVIDADES - Itaka-Escolapios\",\"isPartOf\":{\"@id\":\"https:\\\/\\\/www.itakaescolapios.org\\\/es\\\/#website\"},\"primaryImageOfPage\":{\"@id\":\"https:\\\/\\\/www.itakaescolapios.org\\\/ca\\\/campanas\\\/estamos-por-ti-educamos-contigo\\\/dossier-de-actividades\\\/#primaryimage\"},\"image\":{\"@id\":\"https:\\\/\\\/www.itakaescolapios.org\\\/ca\\\/campanas\\\/estamos-por-ti-educamos-contigo\\\/dossier-de-actividades\\\/#primaryimage\"},\"thumbnailUrl\":\"https:\\\/\\\/www.itakaescolapios.org\\\/wp-content\\\/uploads\\\/2013\\\/10\\\/Equipo-puzzle.jpg\",\"datePublished\":\"2013-10-23T14:41:12+00:00\",\"dateModified\":\"2023-11-28T11:39:14+00:00\",\"breadcrumb\":{\"@id\":\"https:\\\/\\\/www.itakaescolapios.org\\\/ca\\\/campanas\\\/estamos-por-ti-educamos-contigo\\\/dossier-de-actividades\\\/#breadcrumb\"},\"inLanguage\":\"ca\",\"potentialAction\":[{\"@type\":\"ReadAction\",\"target\":[\"https:\\\/\\\/www.itakaescolapios.org\\\/ca\\\/campanas\\\/estamos-por-ti-educamos-contigo\\\/dossier-de-actividades\\\/\"]}]},{\"@type\":\"ImageObject\",\"inLanguage\":\"ca\",\"@id\":\"https:\\\/\\\/www.itakaescolapios.org\\\/ca\\\/campanas\\\/estamos-por-ti-educamos-contigo\\\/dossier-de-actividades\\\/#primaryimage\",\"url\":\"https:\\\/\\\/www.itakaescolapios.org\\\/wp-content\\\/uploads\\\/2013\\\/10\\\/Equipo-puzzle.jpg\",\"contentUrl\":\"https:\\\/\\\/www.itakaescolapios.org\\\/wp-content\\\/uploads\\\/2013\\\/10\\\/Equipo-puzzle.jpg\"},{\"@type\":\"BreadcrumbList\",\"@id\":\"https:\\\/\\\/www.itakaescolapios.org\\\/ca\\\/campanas\\\/estamos-por-ti-educamos-contigo\\\/dossier-de-actividades\\\/#breadcrumb\",\"itemListElement\":[{\"@type\":\"ListItem\",\"position\":1,\"name\":\"Itaka-Escolapios\",\"item\":\"https:\\\/\\\/www.itakaescolapios.org\\\/es\\\/\"},{\"@type\":\"ListItem\",\"position\":2,\"name\":\"Campa\u00f1as\",\"item\":\"https:\\\/\\\/www.itakaescolapios.org\\\/es\\\/campanas\\\/\"},{\"@type\":\"ListItem\",\"position\":3,\"name\":\"2013-2014 ESTAMOS POR TI, EDUCAMOS CONTIGO\",\"item\":\"https:\\\/\\\/www.itakaescolapios.org\\\/es\\\/campanas\\\/estamos-por-ti-educamos-contigo\\\/\"},{\"@type\":\"ListItem\",\"position\":4,\"name\":\"DOSSIER DE ACTIVIDADES\"}]},{\"@type\":\"WebSite\",\"@id\":\"https:\\\/\\\/www.itakaescolapios.org\\\/ca\\\/es\\\/#website\",\"url\":\"https:\\\/\\\/www.itakaescolapios.org\\\/ca\\\/es\\\/\",\"name\":\"Itaka-Escolapios\",\"description\":\"Red de Itaka-Escolapios\",\"publisher\":{\"@id\":\"https:\\\/\\\/www.itakaescolapios.org\\\/ca\\\/es\\\/#organization\"},\"potentialAction\":[{\"@type\":\"SearchAction\",\"target\":{\"@type\":\"EntryPoint\",\"urlTemplate\":\"https:\\\/\\\/www.itakaescolapios.org\\\/ca\\\/es\\\/?s={search_term_string}\"},\"query-input\":{\"@type\":\"PropertyValueSpecification\",\"valueRequired\":true,\"valueName\":\"search_term_string\"}}],\"inLanguage\":\"ca\"},{\"@type\":\"Organization\",\"@id\":\"https:\\\/\\\/www.itakaescolapios.org\\\/ca\\\/es\\\/#organization\",\"name\":\"Fundaci\u00f3 Itaka-Escolapios\",\"url\":\"https:\\\/\\\/www.itakaescolapios.org\\\/ca\\\/es\\\/\",\"logo\":{\"@type\":\"ImageObject\",\"inLanguage\":\"ca\",\"@id\":\"https:\\\/\\\/www.itakaescolapios.org\\\/ca\\\/es\\\/#\\\/schema\\\/logo\\\/image\\\/\",\"url\":\"https:\\\/\\\/www.itakaescolapios.org\\\/wp-content\\\/uploads\\\/2024\\\/04\\\/Logo-itakaescolapios-peque.png\",\"contentUrl\":\"https:\\\/\\\/www.itakaescolapios.org\\\/wp-content\\\/uploads\\\/2024\\\/04\\\/Logo-itakaescolapios-peque.png\",\"width\":500,\"height\":199,\"caption\":\"Fundaci\u00f3 Itaka-Escolapios\"},\"image\":{\"@id\":\"https:\\\/\\\/www.itakaescolapios.org\\\/ca\\\/es\\\/#\\\/schema\\\/logo\\\/image\\\/\"}}]}<\/script>\n<!-- \/ Yoast SEO plugin. -->","yoast_head_json":{"title":"DOSSIER DE ACTIVIDADES","description":"A continuaci\u00f3n presentamos una serie de actividades orientativas para trabajar en las aulas (tambi\u00e9n pueden ser trasladadas al \u00e1mbito extraescolar), la importancia de la educaci\u00f3n como elemento de cambio personal y el valor de poner los dones que cada persona tiene al servicio de los dem\u00e1s. \"LOS PORTI\" nos invitan en el apartado \"superh\u00e9roes al&hellip;","robots":{"index":"index","follow":"follow","max-snippet":"max-snippet:-1","max-image-preview":"max-image-preview:large","max-video-preview":"max-video-preview:-1"},"canonical":"A continuaci\u00f3n presentamos una serie de actividades orientativas para trabajar en las aulas (tambi\u00e9n pueden ser trasladadas al \u00e1mbito extraescolar), la importancia de la educaci\u00f3n como elemento de cambio personal y el valor de poner los dones que cada persona tiene al servicio de los dem\u00e1s. \"LOS PORTI\" nos invitan en el apartado \"superh\u00e9roes al&hellip;","og_locale":"ca_ES","og_type":"article","og_title":"DOSSIER DE ACTIVIDADES","og_description":"A continuaci\u00f3n presentamos una serie de actividades orientativas para trabajar en las aulas (tambi\u00e9n pueden ser trasladadas al \u00e1mbito extraescolar), la importancia de la educaci\u00f3n como elemento de cambio personal y el valor de poner los dones que cada persona tiene al servicio de los dem\u00e1s. \"LOS PORTI\" nos invitan en el apartado \"superh\u00e9roes al&hellip;","og_url":"https:\/\/www.itakaescolapios.org\/ca\/campanas\/estamos-por-ti-educamos-contigo\/dossier-de-actividades\/","og_site_name":"Itaka-Escolapios","article_modified_time":"2023-11-28T11:39:14+00:00","og_image":[{"width":535,"height":620,"url":"https:\/\/www.itakaescolapios.org\/wp-content\/uploads\/2013\/10\/Equipo-puzzle.jpg","type":"image\/jpeg"}],"twitter_card":"summary_large_image","twitter_misc":{"Temps estimat de lectura":"5 minuts"},"schema":{"@context":"https:\/\/schema.org","@graph":[{"@type":"WebPage","@id":"https:\/\/www.itakaescolapios.org\/ca\/campanas\/estamos-por-ti-educamos-contigo\/dossier-de-actividades\/","url":"https:\/\/www.itakaescolapios.org\/ca\/campanas\/estamos-por-ti-educamos-contigo\/dossier-de-actividades\/","name":"DOSSIER DE ACTIVIDADES - Itaka-Escolapios","isPartOf":{"@id":"https:\/\/www.itakaescolapios.org\/es\/#website"},"primaryImageOfPage":{"@id":"https:\/\/www.itakaescolapios.org\/ca\/campanas\/estamos-por-ti-educamos-contigo\/dossier-de-actividades\/#primaryimage"},"image":{"@id":"https:\/\/www.itakaescolapios.org\/ca\/campanas\/estamos-por-ti-educamos-contigo\/dossier-de-actividades\/#primaryimage"},"thumbnailUrl":"https:\/\/www.itakaescolapios.org\/wp-content\/uploads\/2013\/10\/Equipo-puzzle.jpg","datePublished":"2013-10-23T14:41:12+00:00","dateModified":"2023-11-28T11:39:14+00:00","breadcrumb":{"@id":"https:\/\/www.itakaescolapios.org\/ca\/campanas\/estamos-por-ti-educamos-contigo\/dossier-de-actividades\/#breadcrumb"},"inLanguage":"ca","potentialAction":[{"@type":"ReadAction","target":["https:\/\/www.itakaescolapios.org\/ca\/campanas\/estamos-por-ti-educamos-contigo\/dossier-de-actividades\/"]}]},{"@type":"ImageObject","inLanguage":"ca","@id":"https:\/\/www.itakaescolapios.org\/ca\/campanas\/estamos-por-ti-educamos-contigo\/dossier-de-actividades\/#primaryimage","url":"https:\/\/www.itakaescolapios.org\/wp-content\/uploads\/2013\/10\/Equipo-puzzle.jpg","contentUrl":"https:\/\/www.itakaescolapios.org\/wp-content\/uploads\/2013\/10\/Equipo-puzzle.jpg"},{"@type":"BreadcrumbList","@id":"https:\/\/www.itakaescolapios.org\/ca\/campanas\/estamos-por-ti-educamos-contigo\/dossier-de-actividades\/#breadcrumb","itemListElement":[{"@type":"ListItem","position":1,"name":"Itaka-Escolapios","item":"https:\/\/www.itakaescolapios.org\/es\/"},{"@type":"ListItem","position":2,"name":"Campa\u00f1as","item":"https:\/\/www.itakaescolapios.org\/es\/campanas\/"},{"@type":"ListItem","position":3,"name":"2013-2014 ESTAMOS POR TI, EDUCAMOS CONTIGO","item":"https:\/\/www.itakaescolapios.org\/es\/campanas\/estamos-por-ti-educamos-contigo\/"},{"@type":"ListItem","position":4,"name":"DOSSIER DE ACTIVIDADES"}]},{"@type":"WebSite","@id":"https:\/\/www.itakaescolapios.org\/ca\/es\/#website","url":"https:\/\/www.itakaescolapios.org\/ca\/es\/","name":"Itaka-Escolapios","description":"Red de Itaka-Escolapios","publisher":{"@id":"https:\/\/www.itakaescolapios.org\/ca\/es\/#organization"},"potentialAction":[{"@type":"SearchAction","target":{"@type":"EntryPoint","urlTemplate":"https:\/\/www.itakaescolapios.org\/ca\/es\/?s={search_term_string}"},"query-input":{"@type":"PropertyValueSpecification","valueRequired":true,"valueName":"search_term_string"}}],"inLanguage":"ca"},{"@type":"Organization","@id":"https:\/\/www.itakaescolapios.org\/ca\/es\/#organization","name":"Fundaci\u00f3 Itaka-Escolapios","url":"https:\/\/www.itakaescolapios.org\/ca\/es\/","logo":{"@type":"ImageObject","inLanguage":"ca","@id":"https:\/\/www.itakaescolapios.org\/ca\/es\/#\/schema\/logo\/image\/","url":"https:\/\/www.itakaescolapios.org\/wp-content\/uploads\/2024\/04\/Logo-itakaescolapios-peque.png","contentUrl":"https:\/\/www.itakaescolapios.org\/wp-content\/uploads\/2024\/04\/Logo-itakaescolapios-peque.png","width":500,"height":199,"caption":"Fundaci\u00f3 Itaka-Escolapios"},"image":{"@id":"https:\/\/www.itakaescolapios.org\/ca\/es\/#\/schema\/logo\/image\/"}}]}},"_links":{"self":[{"href":"https:\/\/www.itakaescolapios.org\/ca\/wp-json\/wp\/v2\/pages\/7571","targetHints":{"allow":["GET"]}}],"collection":[{"href":"https:\/\/www.itakaescolapios.org\/ca\/wp-json\/wp\/v2\/pages"}],"about":[{"href":"https:\/\/www.itakaescolapios.org\/ca\/wp-json\/wp\/v2\/types\/page"}],"author":[{"embeddable":true,"href":"https:\/\/www.itakaescolapios.org\/ca\/wp-json\/wp\/v2\/users\/46"}],"replies":[{"embeddable":true,"href":"https:\/\/www.itakaescolapios.org\/ca\/wp-json\/wp\/v2\/comments?post=7571"}],"version-history":[{"count":75,"href":"https:\/\/www.itakaescolapios.org\/ca\/wp-json\/wp\/v2\/pages\/7571\/revisions"}],"predecessor-version":[{"id":49377,"href":"https:\/\/www.itakaescolapios.org\/ca\/wp-json\/wp\/v2\/pages\/7571\/revisions\/49377"}],"up":[{"embeddable":true,"href":"https:\/\/www.itakaescolapios.org\/ca\/wp-json\/wp\/v2\/pages\/7545"}],"wp:attachment":[{"href":"https:\/\/www.itakaescolapios.org\/ca\/wp-json\/wp\/v2\/media?parent=7571"}],"curies":[{"name":"wp","href":"https:\/\/api.w.org\/{rel}","templated":true}]}}