{"id":98,"date":"2012-05-24T17:08:43","date_gmt":"2012-05-24T16:08:43","guid":{"rendered":"https:\/\/www.itakaescolapios.org\/?page_id=98"},"modified":"2023-11-28T12:39:50","modified_gmt":"2023-11-28T11:39:50","slug":"voluntariado","status":"publish","type":"page","link":"https:\/\/www.itakaescolapios.org\/ca\/que-fem\/voluntariado\/","title":{"rendered":"Voluntariado"},"content":{"rendered":"<pre><code>[meteor_slideshow slideshow=\"voluntariado-2\"]<\/code><\/pre>\n<p>La Fundaci\u00f3n Itaka-Escolapios apuesta por el voluntariado como columna fundamental en cada una de sus \u00e1reas y proyectos. Todas nuestras acciones deben <span style=\"color: #808000;\"><strong>promover la participaci\u00f3n<\/strong> <\/span>de personas voluntarias en funci\u00f3n de sus caracter\u00edsticas como primera tarea hacia la sociedad.<\/p>\n<p>Queremos resaltar los principios de <span style=\"color: #808000;\"><strong>gratuidad y solidaridad <\/strong><\/span>que son propios de este tipo de vinculaci\u00f3n a Itaka-Escolapios. Una gratuidad que rechaza intereses y ambiciones personales que se olviden de poner en primer lugar a los ni\u00f1os, ni\u00f1as y j\u00f3venes. Y una solidaridad que ofrece lo m\u00e1s valioso que tenemos las personas; nuestro tiempo y nuestra vida para ayudar a los que m\u00e1s lo necesitan.<\/p>\n<p>A continuaci\u00f3n te puedes descargar el <strong><span style=\"color: #808000;\"><a href=\"https:\/\/www.itakaescolapios.org\/wp-content\/uploads\/2012\/05\/Plan-General-Voluntariado.pdf\"><span style=\"color: #808000;\">PLAN GENERAL DE VOLUNTARIADO DE ITAKA ESCOLAPIOS<\/span><\/a><\/span><\/strong><!--more--><\/p>\n","protected":false},"excerpt":{"rendered":"<p>[meteor_slideshow slideshow=&#8221;voluntariado-2&#8243;] La Fundaci\u00f3n Itaka-Escolapios apuesta por el voluntariado como columna fundamental en cada una de sus \u00e1reas y proyectos. Todas nuestras acciones deben promover la participaci\u00f3n de personas voluntarias [&hellip;]<\/p>\n","protected":false},"author":1,"featured_media":0,"parent":5,"menu_order":11,"comment_status":"closed","ping_status":"closed","template":"","meta":{"_et_pb_use_builder":"","_et_pb_old_content":"","_et_gb_content_width":"","footnotes":""},"class_list":["post-98","page","type-page","status-publish","hentry"],"yoast_head":"<!-- This site is optimized with the Yoast SEO plugin v27.3 - https:\/\/yoast.com\/product\/yoast-seo-wordpress\/ -->\n<title>Voluntariado<\/title>\n<meta name=\"description\" content=\"[meteor_slideshow slideshow=&quot;voluntariado-2&quot;] La Fundaci\u00f3n Itaka-Escolapios apuesta por el voluntariado como columna fundamental en cada una de sus \u00e1reas y proyectos. Todas nuestras acciones deben promover la participaci\u00f3n de personas voluntarias en funci\u00f3n de sus caracter\u00edsticas como primera tarea hacia la sociedad. Queremos resaltar los principios de gratuidad y solidaridad que son propios de este tipo&hellip;\" \/>\n<meta name=\"robots\" content=\"index, follow, max-snippet:-1, max-image-preview:large, max-video-preview:-1\" \/>\n<link rel=\"canonical\" href=\"http:\/\/[meteor_slideshow%20slideshow=voluntariado-2]%20La%20Fundaci\u00f3n%20Itaka-Escolapios%20apuesta%20por%20el%20voluntariado%20como%20columna%20fundamental%20en%20cada%20una%20de%20sus%20\u00e1reas%20y%20proyectos.%20Todas%20nuestras%20acciones%20deben%20promover%20la%20participaci\u00f3n%20de%20personas%20voluntarias%20en%20funci\u00f3n%20de%20sus%20caracter\u00edsticas%20como%20primera%20tarea%20hacia%20la%20sociedad.%20Queremos%20resaltar%20los%20principios%20de%20gratuidad%20y%20solidaridad%20que%20son%20propios%20de%20este%20tipo&hellip;\" \/>\n<meta property=\"og:locale\" content=\"ca_ES\" \/>\n<meta property=\"og:type\" content=\"article\" \/>\n<meta property=\"og:title\" content=\"Voluntariado\" \/>\n<meta property=\"og:description\" content=\"[meteor_slideshow slideshow=&quot;voluntariado-2&quot;] La Fundaci\u00f3n Itaka-Escolapios apuesta por el voluntariado como columna fundamental en cada una de sus \u00e1reas y proyectos. Todas nuestras acciones deben promover la participaci\u00f3n de personas voluntarias en funci\u00f3n de sus caracter\u00edsticas como primera tarea hacia la sociedad. Queremos resaltar los principios de gratuidad y solidaridad que son propios de este tipo&hellip;\" \/>\n<meta property=\"og:url\" content=\"https:\/\/www.itakaescolapios.org\/ca\/que-fem\/voluntariado\/\" \/>\n<meta property=\"og:site_name\" content=\"Itaka-Escolapios\" \/>\n<meta property=\"article:modified_time\" content=\"2023-11-28T11:39:50+00:00\" \/>\n<meta name=\"twitter:card\" content=\"summary_large_image\" \/>\n<meta name=\"twitter:label1\" content=\"Temps estimat de lectura\" \/>\n\t<meta name=\"twitter:data1\" content=\"1 minut\" \/>\n<script type=\"application\/ld+json\" class=\"yoast-schema-graph\">{\"@context\":\"https:\\\/\\\/schema.org\",\"@graph\":[{\"@type\":\"WebPage\",\"@id\":\"https:\\\/\\\/www.itakaescolapios.org\\\/ca\\\/que-fem\\\/voluntariado\\\/\",\"url\":\"https:\\\/\\\/www.itakaescolapios.org\\\/ca\\\/que-fem\\\/voluntariado\\\/\",\"name\":\"Voluntariado - Itaka-Escolapios\",\"isPartOf\":{\"@id\":\"https:\\\/\\\/www.itakaescolapios.org\\\/es\\\/#website\"},\"datePublished\":\"2012-05-24T16:08:43+00:00\",\"dateModified\":\"2023-11-28T11:39:50+00:00\",\"breadcrumb\":{\"@id\":\"https:\\\/\\\/www.itakaescolapios.org\\\/ca\\\/que-fem\\\/voluntariado\\\/#breadcrumb\"},\"inLanguage\":\"ca\",\"potentialAction\":[{\"@type\":\"ReadAction\",\"target\":[\"https:\\\/\\\/www.itakaescolapios.org\\\/ca\\\/que-fem\\\/voluntariado\\\/\"]}]},{\"@type\":\"BreadcrumbList\",\"@id\":\"https:\\\/\\\/www.itakaescolapios.org\\\/ca\\\/que-fem\\\/voluntariado\\\/#breadcrumb\",\"itemListElement\":[{\"@type\":\"ListItem\",\"position\":1,\"name\":\"Itaka-Escolapios\",\"item\":\"https:\\\/\\\/www.itakaescolapios.org\\\/es\\\/\"},{\"@type\":\"ListItem\",\"position\":2,\"name\":\"Qu\u00e8 fem\",\"item\":\"https:\\\/\\\/www.itakaescolapios.org\\\/es\\\/que-hacemos\\\/\"},{\"@type\":\"ListItem\",\"position\":3,\"name\":\"Voluntariado\"}]},{\"@type\":\"WebSite\",\"@id\":\"https:\\\/\\\/www.itakaescolapios.org\\\/ca\\\/es\\\/#website\",\"url\":\"https:\\\/\\\/www.itakaescolapios.org\\\/ca\\\/es\\\/\",\"name\":\"Itaka-Escolapios\",\"description\":\"Red de Itaka-Escolapios\",\"publisher\":{\"@id\":\"https:\\\/\\\/www.itakaescolapios.org\\\/ca\\\/es\\\/#organization\"},\"potentialAction\":[{\"@type\":\"SearchAction\",\"target\":{\"@type\":\"EntryPoint\",\"urlTemplate\":\"https:\\\/\\\/www.itakaescolapios.org\\\/ca\\\/es\\\/?s={search_term_string}\"},\"query-input\":{\"@type\":\"PropertyValueSpecification\",\"valueRequired\":true,\"valueName\":\"search_term_string\"}}],\"inLanguage\":\"ca\"},{\"@type\":\"Organization\",\"@id\":\"https:\\\/\\\/www.itakaescolapios.org\\\/ca\\\/es\\\/#organization\",\"name\":\"Fundaci\u00f3 Itaka-Escolapios\",\"url\":\"https:\\\/\\\/www.itakaescolapios.org\\\/ca\\\/es\\\/\",\"logo\":{\"@type\":\"ImageObject\",\"inLanguage\":\"ca\",\"@id\":\"https:\\\/\\\/www.itakaescolapios.org\\\/ca\\\/es\\\/#\\\/schema\\\/logo\\\/image\\\/\",\"url\":\"https:\\\/\\\/www.itakaescolapios.org\\\/wp-content\\\/uploads\\\/2024\\\/04\\\/Logo-itakaescolapios-peque.png\",\"contentUrl\":\"https:\\\/\\\/www.itakaescolapios.org\\\/wp-content\\\/uploads\\\/2024\\\/04\\\/Logo-itakaescolapios-peque.png\",\"width\":500,\"height\":199,\"caption\":\"Fundaci\u00f3 Itaka-Escolapios\"},\"image\":{\"@id\":\"https:\\\/\\\/www.itakaescolapios.org\\\/ca\\\/es\\\/#\\\/schema\\\/logo\\\/image\\\/\"}}]}<\/script>\n<!-- \/ Yoast SEO plugin. -->","yoast_head_json":{"title":"Voluntariado","description":"[meteor_slideshow slideshow=\"voluntariado-2\"] La Fundaci\u00f3n Itaka-Escolapios apuesta por el voluntariado como columna fundamental en cada una de sus \u00e1reas y proyectos. Todas nuestras acciones deben promover la participaci\u00f3n de personas voluntarias en funci\u00f3n de sus caracter\u00edsticas como primera tarea hacia la sociedad. Queremos resaltar los principios de gratuidad y solidaridad que son propios de este tipo&hellip;","robots":{"index":"index","follow":"follow","max-snippet":"max-snippet:-1","max-image-preview":"max-image-preview:large","max-video-preview":"max-video-preview:-1"},"canonical":"[meteor_slideshow slideshow=\"voluntariado-2\"] La Fundaci\u00f3n Itaka-Escolapios apuesta por el voluntariado como columna fundamental en cada una de sus \u00e1reas y proyectos. Todas nuestras acciones deben promover la participaci\u00f3n de personas voluntarias en funci\u00f3n de sus caracter\u00edsticas como primera tarea hacia la sociedad. Queremos resaltar los principios de gratuidad y solidaridad que son propios de este tipo&hellip;","og_locale":"ca_ES","og_type":"article","og_title":"Voluntariado","og_description":"[meteor_slideshow slideshow=\"voluntariado-2\"] La Fundaci\u00f3n Itaka-Escolapios apuesta por el voluntariado como columna fundamental en cada una de sus \u00e1reas y proyectos. Todas nuestras acciones deben promover la participaci\u00f3n de personas voluntarias en funci\u00f3n de sus caracter\u00edsticas como primera tarea hacia la sociedad. Queremos resaltar los principios de gratuidad y solidaridad que son propios de este tipo&hellip;","og_url":"https:\/\/www.itakaescolapios.org\/ca\/que-fem\/voluntariado\/","og_site_name":"Itaka-Escolapios","article_modified_time":"2023-11-28T11:39:50+00:00","twitter_card":"summary_large_image","twitter_misc":{"Temps estimat de lectura":"1 minut"},"schema":{"@context":"https:\/\/schema.org","@graph":[{"@type":"WebPage","@id":"https:\/\/www.itakaescolapios.org\/ca\/que-fem\/voluntariado\/","url":"https:\/\/www.itakaescolapios.org\/ca\/que-fem\/voluntariado\/","name":"Voluntariado - Itaka-Escolapios","isPartOf":{"@id":"https:\/\/www.itakaescolapios.org\/es\/#website"},"datePublished":"2012-05-24T16:08:43+00:00","dateModified":"2023-11-28T11:39:50+00:00","breadcrumb":{"@id":"https:\/\/www.itakaescolapios.org\/ca\/que-fem\/voluntariado\/#breadcrumb"},"inLanguage":"ca","potentialAction":[{"@type":"ReadAction","target":["https:\/\/www.itakaescolapios.org\/ca\/que-fem\/voluntariado\/"]}]},{"@type":"BreadcrumbList","@id":"https:\/\/www.itakaescolapios.org\/ca\/que-fem\/voluntariado\/#breadcrumb","itemListElement":[{"@type":"ListItem","position":1,"name":"Itaka-Escolapios","item":"https:\/\/www.itakaescolapios.org\/es\/"},{"@type":"ListItem","position":2,"name":"Qu\u00e8 fem","item":"https:\/\/www.itakaescolapios.org\/es\/que-hacemos\/"},{"@type":"ListItem","position":3,"name":"Voluntariado"}]},{"@type":"WebSite","@id":"https:\/\/www.itakaescolapios.org\/ca\/es\/#website","url":"https:\/\/www.itakaescolapios.org\/ca\/es\/","name":"Itaka-Escolapios","description":"Red de Itaka-Escolapios","publisher":{"@id":"https:\/\/www.itakaescolapios.org\/ca\/es\/#organization"},"potentialAction":[{"@type":"SearchAction","target":{"@type":"EntryPoint","urlTemplate":"https:\/\/www.itakaescolapios.org\/ca\/es\/?s={search_term_string}"},"query-input":{"@type":"PropertyValueSpecification","valueRequired":true,"valueName":"search_term_string"}}],"inLanguage":"ca"},{"@type":"Organization","@id":"https:\/\/www.itakaescolapios.org\/ca\/es\/#organization","name":"Fundaci\u00f3 Itaka-Escolapios","url":"https:\/\/www.itakaescolapios.org\/ca\/es\/","logo":{"@type":"ImageObject","inLanguage":"ca","@id":"https:\/\/www.itakaescolapios.org\/ca\/es\/#\/schema\/logo\/image\/","url":"https:\/\/www.itakaescolapios.org\/wp-content\/uploads\/2024\/04\/Logo-itakaescolapios-peque.png","contentUrl":"https:\/\/www.itakaescolapios.org\/wp-content\/uploads\/2024\/04\/Logo-itakaescolapios-peque.png","width":500,"height":199,"caption":"Fundaci\u00f3 Itaka-Escolapios"},"image":{"@id":"https:\/\/www.itakaescolapios.org\/ca\/es\/#\/schema\/logo\/image\/"}}]}},"_links":{"self":[{"href":"https:\/\/www.itakaescolapios.org\/ca\/wp-json\/wp\/v2\/pages\/98","targetHints":{"allow":["GET"]}}],"collection":[{"href":"https:\/\/www.itakaescolapios.org\/ca\/wp-json\/wp\/v2\/pages"}],"about":[{"href":"https:\/\/www.itakaescolapios.org\/ca\/wp-json\/wp\/v2\/types\/page"}],"author":[{"embeddable":true,"href":"https:\/\/www.itakaescolapios.org\/ca\/wp-json\/wp\/v2\/users\/1"}],"replies":[{"embeddable":true,"href":"https:\/\/www.itakaescolapios.org\/ca\/wp-json\/wp\/v2\/comments?post=98"}],"version-history":[{"count":16,"href":"https:\/\/www.itakaescolapios.org\/ca\/wp-json\/wp\/v2\/pages\/98\/revisions"}],"predecessor-version":[{"id":50334,"href":"https:\/\/www.itakaescolapios.org\/ca\/wp-json\/wp\/v2\/pages\/98\/revisions\/50334"}],"up":[{"embeddable":true,"href":"https:\/\/www.itakaescolapios.org\/ca\/wp-json\/wp\/v2\/pages\/5"}],"wp:attachment":[{"href":"https:\/\/www.itakaescolapios.org\/ca\/wp-json\/wp\/v2\/media?parent=98"}],"curies":[{"name":"wp","href":"https:\/\/api.w.org\/{rel}","templated":true}]}}