{"id":11453,"date":"2015-01-12T11:02:09","date_gmt":"2015-01-12T10:02:09","guid":{"rendered":"https:\/\/www.itakaescolapios.org\/?page_id=11453"},"modified":"2023-11-28T12:38:50","modified_gmt":"2023-11-28T11:38:50","slug":"dia-escolar-de-la-no-violencia-y-la-paz","status":"publish","type":"page","link":"https:\/\/www.itakaescolapios.org\/en\/semanas-de-la-paz\/2014-2015-semana-de-la-paz\/dia-escolar-de-la-no-violencia-y-la-paz\/","title":{"rendered":"D\u00cdA ESCOLAR DE LA NO-VIOLENCIA Y LA PAZ"},"content":{"rendered":"<p style=\"text-align: justify;\"><a href=\"https:\/\/www.itakaescolapios.org\/wp-content\/uploads\/2015\/01\/pau.jpg\"><img decoding=\"async\" class=\" wp-image-11455 alignright\" alt=\"pau\" src=\"https:\/\/www.itakaescolapios.org\/wp-content\/uploads\/2015\/01\/pau.jpg\" width=\"317\" height=\"286\" srcset=\"https:\/\/www.itakaescolapios.org\/wp-content\/uploads\/2015\/01\/pau.jpg 396w, https:\/\/www.itakaescolapios.org\/wp-content\/uploads\/2015\/01\/pau-300x270.jpg 300w, https:\/\/www.itakaescolapios.org\/wp-content\/uploads\/2015\/01\/pau-250x225.jpg 250w\" sizes=\"(max-width: 317px) 100vw, 317px\" \/><\/a><\/p>\n<p style=\"text-align: justify;\">El D\u00eda Escolar de la No Violencia y la Paz, se celebra el 30 de enero de cada a\u00f1o conmemorando la muerte del l\u00edder nacional y espiritual de la India, el Mahatma Gandhi, el 30 de Enero de 1948. Natural de la India, Gandhi dedic\u00f3 gran parte de su vida a la lucha a favor de los derechos de las personas y los pueblos, siempre a trav\u00e9s de acciones pac\u00edficas, basadas en la no violencia. En 1948 Gandhi mor\u00eda asesinado, v\u00edctima del enfrentamiento entre musulmanes e hind\u00faes que viv\u00eda su pa\u00eds. Su figura, seguida por millones de personas, ha continuado creciendo hasta llegar hasta nuestros d\u00edas como el m\u00e1ximo exponente del pacifismo mundial.<\/p>\n<p style=\"text-align: justify;\">Desde 1964, gracias al inspector de ense\u00f1anza andaluz Lorenzo Vidal, se celebra en Espa\u00f1a el D\u00eda Escolar de la No Violencia y la Paz (DENIP, reconocido por la Unesco en 1993). Se trata de una jornada educativa, en la que se recuerda la necesidad de la educaci\u00f3n para la tolerancia, la solidaridad, el respeto a los Derechos Humanos, la no violencia y la paz. El lema de este d\u00eda es: \u2018amor universal, no-violencia y paz. El amor universal es mejor que el ego\u00edsmo, la no- violencia es mejor que la violencia y la paz es mejor que la guerra\u2019.<\/p>\n","protected":false},"excerpt":{"rendered":"<p>El D\u00eda Escolar de la No Violencia y la Paz, se celebra el 30 de enero de cada a\u00f1o conmemorando la muerte del l\u00edder nacional y espiritual de la India, [&hellip;]<\/p>\n","protected":false},"author":46,"featured_media":0,"parent":11443,"menu_order":0,"comment_status":"closed","ping_status":"closed","template":"","meta":{"_et_pb_use_builder":"","_et_pb_old_content":"","_et_gb_content_width":"","footnotes":""},"class_list":["post-11453","page","type-page","status-publish","hentry"],"yoast_head":"<!-- This site is optimized with the Yoast SEO plugin v27.3 - https:\/\/yoast.com\/product\/yoast-seo-wordpress\/ -->\n<title>D\u00cdA ESCOLAR DE LA NO-VIOLENCIA Y LA PAZ<\/title>\n<meta name=\"description\" content=\"El D\u00eda Escolar de la No Violencia y la Paz, se celebra el 30 de enero de cada a\u00f1o conmemorando la muerte del l\u00edder nacional y espiritual de la India, el Mahatma Gandhi, el 30 de Enero de 1948. Natural de la India, Gandhi dedic\u00f3 gran parte de su vida a la lucha a favor&hellip;\" \/>\n<meta name=\"robots\" content=\"index, follow, max-snippet:-1, max-image-preview:large, max-video-preview:-1\" \/>\n<link rel=\"canonical\" href=\"http:\/\/El%20D\u00eda%20Escolar%20de%20la%20No%20Violencia%20y%20la%20Paz,%20se%20celebra%20el%2030%20de%20enero%20de%20cada%20a\u00f1o%20conmemorando%20la%20muerte%20del%20l\u00edder%20nacional%20y%20espiritual%20de%20la%20India,%20el%20Mahatma%20Gandhi,%20el%2030%20de%20Enero%20de%201948.%20Natural%20de%20la%20India,%20Gandhi%20dedic\u00f3%20gran%20parte%20de%20su%20vida%20a%20la%20lucha%20a%20favor&hellip;\" \/>\n<meta property=\"og:locale\" content=\"en_US\" \/>\n<meta property=\"og:type\" content=\"article\" \/>\n<meta property=\"og:title\" content=\"D\u00cdA ESCOLAR DE LA NO-VIOLENCIA Y LA PAZ\" \/>\n<meta property=\"og:description\" content=\"El D\u00eda Escolar de la No Violencia y la Paz, se celebra el 30 de enero de cada a\u00f1o conmemorando la muerte del l\u00edder nacional y espiritual de la India, el Mahatma Gandhi, el 30 de Enero de 1948. Natural de la India, Gandhi dedic\u00f3 gran parte de su vida a la lucha a favor&hellip;\" \/>\n<meta property=\"og:url\" content=\"https:\/\/www.itakaescolapios.org\/en\/semanas-de-la-paz\/2014-2015-semana-de-la-paz\/dia-escolar-de-la-no-violencia-y-la-paz\/\" \/>\n<meta property=\"og:site_name\" content=\"Proofs in Itaka-Escolapios\" \/>\n<meta property=\"article:modified_time\" content=\"2023-11-28T11:38:50+00:00\" \/>\n<meta property=\"og:image\" content=\"https:\/\/www.itakaescolapios.org\/wp-content\/uploads\/2015\/01\/pau.jpg\" \/>\n\t<meta property=\"og:image:width\" content=\"396\" \/>\n\t<meta property=\"og:image:height\" content=\"357\" \/>\n\t<meta property=\"og:image:type\" content=\"image\/jpeg\" \/>\n<meta name=\"twitter:card\" content=\"summary_large_image\" \/>\n<meta name=\"twitter:label1\" content=\"Est. reading time\" \/>\n\t<meta name=\"twitter:data1\" content=\"1 minute\" \/>\n<script type=\"application\/ld+json\" class=\"yoast-schema-graph\">{\"@context\":\"https:\\\/\\\/schema.org\",\"@graph\":[{\"@type\":\"WebPage\",\"@id\":\"https:\\\/\\\/www.itakaescolapios.org\\\/en\\\/semanas-de-la-paz\\\/2014-2015-semana-de-la-paz\\\/dia-escolar-de-la-no-violencia-y-la-paz\\\/\",\"url\":\"https:\\\/\\\/www.itakaescolapios.org\\\/en\\\/semanas-de-la-paz\\\/2014-2015-semana-de-la-paz\\\/dia-escolar-de-la-no-violencia-y-la-paz\\\/\",\"name\":\"D\u00cdA ESCOLAR DE LA NO-VIOLENCIA Y LA PAZ - Proofs in Itaka-Escolapios\",\"isPartOf\":{\"@id\":\"https:\\\/\\\/www.itakaescolapios.org\\\/es\\\/#website\"},\"primaryImageOfPage\":{\"@id\":\"https:\\\/\\\/www.itakaescolapios.org\\\/en\\\/semanas-de-la-paz\\\/2014-2015-semana-de-la-paz\\\/dia-escolar-de-la-no-violencia-y-la-paz\\\/#primaryimage\"},\"image\":{\"@id\":\"https:\\\/\\\/www.itakaescolapios.org\\\/en\\\/semanas-de-la-paz\\\/2014-2015-semana-de-la-paz\\\/dia-escolar-de-la-no-violencia-y-la-paz\\\/#primaryimage\"},\"thumbnailUrl\":\"https:\\\/\\\/www.itakaescolapios.org\\\/wp-content\\\/uploads\\\/2015\\\/01\\\/pau.jpg\",\"datePublished\":\"2015-01-12T10:02:09+00:00\",\"dateModified\":\"2023-11-28T11:38:50+00:00\",\"breadcrumb\":{\"@id\":\"https:\\\/\\\/www.itakaescolapios.org\\\/en\\\/semanas-de-la-paz\\\/2014-2015-semana-de-la-paz\\\/dia-escolar-de-la-no-violencia-y-la-paz\\\/#breadcrumb\"},\"inLanguage\":\"en-US\",\"potentialAction\":[{\"@type\":\"ReadAction\",\"target\":[\"https:\\\/\\\/www.itakaescolapios.org\\\/en\\\/semanas-de-la-paz\\\/2014-2015-semana-de-la-paz\\\/dia-escolar-de-la-no-violencia-y-la-paz\\\/\"]}]},{\"@type\":\"ImageObject\",\"inLanguage\":\"en-US\",\"@id\":\"https:\\\/\\\/www.itakaescolapios.org\\\/en\\\/semanas-de-la-paz\\\/2014-2015-semana-de-la-paz\\\/dia-escolar-de-la-no-violencia-y-la-paz\\\/#primaryimage\",\"url\":\"https:\\\/\\\/www.itakaescolapios.org\\\/wp-content\\\/uploads\\\/2015\\\/01\\\/pau.jpg\",\"contentUrl\":\"https:\\\/\\\/www.itakaescolapios.org\\\/wp-content\\\/uploads\\\/2015\\\/01\\\/pau.jpg\"},{\"@type\":\"BreadcrumbList\",\"@id\":\"https:\\\/\\\/www.itakaescolapios.org\\\/en\\\/semanas-de-la-paz\\\/2014-2015-semana-de-la-paz\\\/dia-escolar-de-la-no-violencia-y-la-paz\\\/#breadcrumb\",\"itemListElement\":[{\"@type\":\"ListItem\",\"position\":1,\"name\":\"Proof\",\"item\":\"https:\\\/\\\/www.itakaescolapios.org\\\/es\\\/\"},{\"@type\":\"ListItem\",\"position\":2,\"name\":\"Semanas de la paz\",\"item\":\"https:\\\/\\\/www.itakaescolapios.org\\\/es\\\/semanas-de-la-paz\\\/\"},{\"@type\":\"ListItem\",\"position\":3,\"name\":\"2014-2015 VEN Y VER\u00c1S UN MUNDO EN PAZ\",\"item\":\"https:\\\/\\\/www.itakaescolapios.org\\\/es\\\/semanas-de-la-paz\\\/2014-2015-semana-de-la-paz\\\/\"},{\"@type\":\"ListItem\",\"position\":4,\"name\":\"D\u00cdA ESCOLAR DE LA NO-VIOLENCIA Y LA PAZ\"}]},{\"@type\":\"WebSite\",\"@id\":\"https:\\\/\\\/www.itakaescolapios.org\\\/en\\\/es\\\/#website\",\"url\":\"https:\\\/\\\/www.itakaescolapios.org\\\/en\\\/es\\\/\",\"name\":\"Itaka-Escolapios\",\"description\":\"Red de Itaka-Escolapios\",\"publisher\":{\"@id\":\"https:\\\/\\\/www.itakaescolapios.org\\\/en\\\/es\\\/#organization\"},\"potentialAction\":[{\"@type\":\"SearchAction\",\"target\":{\"@type\":\"EntryPoint\",\"urlTemplate\":\"https:\\\/\\\/www.itakaescolapios.org\\\/en\\\/es\\\/?s={search_term_string}\"},\"query-input\":{\"@type\":\"PropertyValueSpecification\",\"valueRequired\":true,\"valueName\":\"search_term_string\"}}],\"inLanguage\":\"en-US\"},{\"@type\":\"Organization\",\"@id\":\"https:\\\/\\\/www.itakaescolapios.org\\\/en\\\/es\\\/#organization\",\"name\":\"Fundaci\u00f3 Itaka-Escolapios\",\"url\":\"https:\\\/\\\/www.itakaescolapios.org\\\/en\\\/es\\\/\",\"logo\":{\"@type\":\"ImageObject\",\"inLanguage\":\"en-US\",\"@id\":\"https:\\\/\\\/www.itakaescolapios.org\\\/en\\\/es\\\/#\\\/schema\\\/logo\\\/image\\\/\",\"url\":\"https:\\\/\\\/www.itakaescolapios.org\\\/wp-content\\\/uploads\\\/2024\\\/04\\\/Logo-itakaescolapios-peque.png\",\"contentUrl\":\"https:\\\/\\\/www.itakaescolapios.org\\\/wp-content\\\/uploads\\\/2024\\\/04\\\/Logo-itakaescolapios-peque.png\",\"width\":500,\"height\":199,\"caption\":\"Fundaci\u00f3 Itaka-Escolapios\"},\"image\":{\"@id\":\"https:\\\/\\\/www.itakaescolapios.org\\\/en\\\/es\\\/#\\\/schema\\\/logo\\\/image\\\/\"}}]}<\/script>\n<!-- \/ Yoast SEO plugin. -->","yoast_head_json":{"title":"D\u00cdA ESCOLAR DE LA NO-VIOLENCIA Y LA PAZ","description":"El D\u00eda Escolar de la No Violencia y la Paz, se celebra el 30 de enero de cada a\u00f1o conmemorando la muerte del l\u00edder nacional y espiritual de la India, el Mahatma Gandhi, el 30 de Enero de 1948. Natural de la India, Gandhi dedic\u00f3 gran parte de su vida a la lucha a favor&hellip;","robots":{"index":"index","follow":"follow","max-snippet":"max-snippet:-1","max-image-preview":"max-image-preview:large","max-video-preview":"max-video-preview:-1"},"canonical":"El D\u00eda Escolar de la No Violencia y la Paz, se celebra el 30 de enero de cada a\u00f1o conmemorando la muerte del l\u00edder nacional y espiritual de la India, el Mahatma Gandhi, el 30 de Enero de 1948. Natural de la India, Gandhi dedic\u00f3 gran parte de su vida a la lucha a favor&hellip;","og_locale":"en_US","og_type":"article","og_title":"D\u00cdA ESCOLAR DE LA NO-VIOLENCIA Y LA PAZ","og_description":"El D\u00eda Escolar de la No Violencia y la Paz, se celebra el 30 de enero de cada a\u00f1o conmemorando la muerte del l\u00edder nacional y espiritual de la India, el Mahatma Gandhi, el 30 de Enero de 1948. Natural de la India, Gandhi dedic\u00f3 gran parte de su vida a la lucha a favor&hellip;","og_url":"https:\/\/www.itakaescolapios.org\/en\/semanas-de-la-paz\/2014-2015-semana-de-la-paz\/dia-escolar-de-la-no-violencia-y-la-paz\/","og_site_name":"Proofs in Itaka-Escolapios","article_modified_time":"2023-11-28T11:38:50+00:00","og_image":[{"width":396,"height":357,"url":"https:\/\/www.itakaescolapios.org\/wp-content\/uploads\/2015\/01\/pau.jpg","type":"image\/jpeg"}],"twitter_card":"summary_large_image","twitter_misc":{"Est. reading time":"1 minute"},"schema":{"@context":"https:\/\/schema.org","@graph":[{"@type":"WebPage","@id":"https:\/\/www.itakaescolapios.org\/en\/semanas-de-la-paz\/2014-2015-semana-de-la-paz\/dia-escolar-de-la-no-violencia-y-la-paz\/","url":"https:\/\/www.itakaescolapios.org\/en\/semanas-de-la-paz\/2014-2015-semana-de-la-paz\/dia-escolar-de-la-no-violencia-y-la-paz\/","name":"D\u00cdA ESCOLAR DE LA NO-VIOLENCIA Y LA PAZ - Proofs in Itaka-Escolapios","isPartOf":{"@id":"https:\/\/www.itakaescolapios.org\/es\/#website"},"primaryImageOfPage":{"@id":"https:\/\/www.itakaescolapios.org\/en\/semanas-de-la-paz\/2014-2015-semana-de-la-paz\/dia-escolar-de-la-no-violencia-y-la-paz\/#primaryimage"},"image":{"@id":"https:\/\/www.itakaescolapios.org\/en\/semanas-de-la-paz\/2014-2015-semana-de-la-paz\/dia-escolar-de-la-no-violencia-y-la-paz\/#primaryimage"},"thumbnailUrl":"https:\/\/www.itakaescolapios.org\/wp-content\/uploads\/2015\/01\/pau.jpg","datePublished":"2015-01-12T10:02:09+00:00","dateModified":"2023-11-28T11:38:50+00:00","breadcrumb":{"@id":"https:\/\/www.itakaescolapios.org\/en\/semanas-de-la-paz\/2014-2015-semana-de-la-paz\/dia-escolar-de-la-no-violencia-y-la-paz\/#breadcrumb"},"inLanguage":"en-US","potentialAction":[{"@type":"ReadAction","target":["https:\/\/www.itakaescolapios.org\/en\/semanas-de-la-paz\/2014-2015-semana-de-la-paz\/dia-escolar-de-la-no-violencia-y-la-paz\/"]}]},{"@type":"ImageObject","inLanguage":"en-US","@id":"https:\/\/www.itakaescolapios.org\/en\/semanas-de-la-paz\/2014-2015-semana-de-la-paz\/dia-escolar-de-la-no-violencia-y-la-paz\/#primaryimage","url":"https:\/\/www.itakaescolapios.org\/wp-content\/uploads\/2015\/01\/pau.jpg","contentUrl":"https:\/\/www.itakaescolapios.org\/wp-content\/uploads\/2015\/01\/pau.jpg"},{"@type":"BreadcrumbList","@id":"https:\/\/www.itakaescolapios.org\/en\/semanas-de-la-paz\/2014-2015-semana-de-la-paz\/dia-escolar-de-la-no-violencia-y-la-paz\/#breadcrumb","itemListElement":[{"@type":"ListItem","position":1,"name":"Proof","item":"https:\/\/www.itakaescolapios.org\/es\/"},{"@type":"ListItem","position":2,"name":"Semanas de la paz","item":"https:\/\/www.itakaescolapios.org\/es\/semanas-de-la-paz\/"},{"@type":"ListItem","position":3,"name":"2014-2015 VEN Y VER\u00c1S UN MUNDO EN PAZ","item":"https:\/\/www.itakaescolapios.org\/es\/semanas-de-la-paz\/2014-2015-semana-de-la-paz\/"},{"@type":"ListItem","position":4,"name":"D\u00cdA ESCOLAR DE LA NO-VIOLENCIA Y LA PAZ"}]},{"@type":"WebSite","@id":"https:\/\/www.itakaescolapios.org\/en\/es\/#website","url":"https:\/\/www.itakaescolapios.org\/en\/es\/","name":"Itaka-Escolapios","description":"Red de Itaka-Escolapios","publisher":{"@id":"https:\/\/www.itakaescolapios.org\/en\/es\/#organization"},"potentialAction":[{"@type":"SearchAction","target":{"@type":"EntryPoint","urlTemplate":"https:\/\/www.itakaescolapios.org\/en\/es\/?s={search_term_string}"},"query-input":{"@type":"PropertyValueSpecification","valueRequired":true,"valueName":"search_term_string"}}],"inLanguage":"en-US"},{"@type":"Organization","@id":"https:\/\/www.itakaescolapios.org\/en\/es\/#organization","name":"Fundaci\u00f3 Itaka-Escolapios","url":"https:\/\/www.itakaescolapios.org\/en\/es\/","logo":{"@type":"ImageObject","inLanguage":"en-US","@id":"https:\/\/www.itakaescolapios.org\/en\/es\/#\/schema\/logo\/image\/","url":"https:\/\/www.itakaescolapios.org\/wp-content\/uploads\/2024\/04\/Logo-itakaescolapios-peque.png","contentUrl":"https:\/\/www.itakaescolapios.org\/wp-content\/uploads\/2024\/04\/Logo-itakaescolapios-peque.png","width":500,"height":199,"caption":"Fundaci\u00f3 Itaka-Escolapios"},"image":{"@id":"https:\/\/www.itakaescolapios.org\/en\/es\/#\/schema\/logo\/image\/"}}]}},"_links":{"self":[{"href":"https:\/\/www.itakaescolapios.org\/en\/wp-json\/wp\/v2\/pages\/11453","targetHints":{"allow":["GET"]}}],"collection":[{"href":"https:\/\/www.itakaescolapios.org\/en\/wp-json\/wp\/v2\/pages"}],"about":[{"href":"https:\/\/www.itakaescolapios.org\/en\/wp-json\/wp\/v2\/types\/page"}],"author":[{"embeddable":true,"href":"https:\/\/www.itakaescolapios.org\/en\/wp-json\/wp\/v2\/users\/46"}],"replies":[{"embeddable":true,"href":"https:\/\/www.itakaescolapios.org\/en\/wp-json\/wp\/v2\/comments?post=11453"}],"version-history":[{"count":5,"href":"https:\/\/www.itakaescolapios.org\/en\/wp-json\/wp\/v2\/pages\/11453\/revisions"}],"predecessor-version":[{"id":48837,"href":"https:\/\/www.itakaescolapios.org\/en\/wp-json\/wp\/v2\/pages\/11453\/revisions\/48837"}],"up":[{"embeddable":true,"href":"https:\/\/www.itakaescolapios.org\/en\/wp-json\/wp\/v2\/pages\/11443"}],"wp:attachment":[{"href":"https:\/\/www.itakaescolapios.org\/en\/wp-json\/wp\/v2\/media?parent=11453"}],"curies":[{"name":"wp","href":"https:\/\/api.w.org\/{rel}","templated":true}]}}