{"id":14736,"date":"2016-02-25T10:03:26","date_gmt":"2016-02-25T09:03:26","guid":{"rendered":"https:\/\/www.itakaescolapios.org\/?page_id=14736"},"modified":"2023-11-28T12:38:28","modified_gmt":"2023-11-28T11:38:28","slug":"centro-cultural-calasanz-barquisimeto","status":"publish","type":"page","link":"https:\/\/www.itakaescolapios.org\/en\/what-we-do\/centros-socio-educativos\/centro-cultural-calasanz-barquisimeto\/","title":{"rendered":"CENTRO CULTURAL CALASANZ BARQUISIMETO (VENEZUELA)"},"content":{"rendered":"<p>El Centro Cultural Calasanz da servicio a las comunidades populares del barrio del Trompillo de la ciudad de Barquisimeto. Se marca como objetivo el trabajo educativo con ni\u00f1os, ni\u00f1as, j\u00f3venes y familias vulnerables para la mejora integral de las personas en su calidad de vida. Por eso el centro se configura como un espacio dedicado a la educaci\u00f3n y al seguimiento acad\u00e9mico de los ni\u00f1os, ni\u00f1as y j\u00f3venes del Barrio del Trompillo.<\/p>\n<p>Son cinco los proyectos que se desarrollan en el centro: educarte, apoyo escolar, formaT, Calasanz nos Une y valores.<\/p>\n","protected":false},"excerpt":{"rendered":"<p>El Centro Cultural Calasanz da servicio a las comunidades populares del barrio del Trompillo de la ciudad de Barquisimeto. Se marca como objetivo el trabajo educativo con ni\u00f1os, ni\u00f1as, j\u00f3venes [&hellip;]<\/p>\n","protected":false},"author":46,"featured_media":14740,"parent":83,"menu_order":5,"comment_status":"closed","ping_status":"closed","template":"","meta":{"_et_pb_use_builder":"","_et_pb_old_content":"","_et_gb_content_width":"","footnotes":""},"class_list":["post-14736","page","type-page","status-publish","has-post-thumbnail","hentry"],"yoast_head":"<!-- This site is optimized with the Yoast SEO plugin v27.3 - https:\/\/yoast.com\/product\/yoast-seo-wordpress\/ -->\n<title>CENTRO CULTURAL CALASANZ BARQUISIMETO (VENEZUELA)<\/title>\n<meta name=\"description\" content=\"El Centro Cultural Calasanz da servicio a las comunidades populares del barrio del Trompillo de la ciudad de Barquisimeto. Se marca como objetivo el trabajo educativo con ni\u00f1os, ni\u00f1as, j\u00f3venes y familias vulnerables para la mejora integral de las personas en su calidad de vida. Por eso el centro se configura como un espacio dedicado&hellip;\" \/>\n<meta name=\"robots\" content=\"index, follow, max-snippet:-1, max-image-preview:large, max-video-preview:-1\" \/>\n<link rel=\"canonical\" href=\"http:\/\/El%20Centro%20Cultural%20Calasanz%20da%20servicio%20a%20las%20comunidades%20populares%20del%20barrio%20del%20Trompillo%20de%20la%20ciudad%20de%20Barquisimeto.%20Se%20marca%20como%20objetivo%20el%20trabajo%20educativo%20con%20ni\u00f1os,%20ni\u00f1as,%20j\u00f3venes%20y%20familias%20vulnerables%20para%20la%20mejora%20integral%20de%20las%20personas%20en%20su%20calidad%20de%20vida.%20Por%20eso%20el%20centro%20se%20configura%20como%20un%20espacio%20dedicado&hellip;\" \/>\n<meta property=\"og:locale\" content=\"en_US\" \/>\n<meta property=\"og:type\" content=\"article\" \/>\n<meta property=\"og:title\" content=\"CENTRO CULTURAL CALASANZ BARQUISIMETO (VENEZUELA)\" \/>\n<meta property=\"og:description\" content=\"El Centro Cultural Calasanz da servicio a las comunidades populares del barrio del Trompillo de la ciudad de Barquisimeto. Se marca como objetivo el trabajo educativo con ni\u00f1os, ni\u00f1as, j\u00f3venes y familias vulnerables para la mejora integral de las personas en su calidad de vida. Por eso el centro se configura como un espacio dedicado&hellip;\" \/>\n<meta property=\"og:url\" content=\"https:\/\/www.itakaescolapios.org\/en\/what-we-do\/centros-socio-educativos\/centro-cultural-calasanz-barquisimeto\/\" \/>\n<meta property=\"og:site_name\" content=\"Proofs in Itaka-Escolapios\" \/>\n<meta property=\"article:modified_time\" content=\"2023-11-28T11:38:28+00:00\" \/>\n<meta property=\"og:image\" content=\"https:\/\/www.itakaescolapios.org\/wp-content\/uploads\/2016\/02\/CCC-Barquisimeto-1.jpg\" \/>\n\t<meta property=\"og:image:width\" content=\"2000\" \/>\n\t<meta property=\"og:image:height\" content=\"1500\" \/>\n\t<meta property=\"og:image:type\" content=\"image\/jpeg\" \/>\n<meta name=\"twitter:card\" content=\"summary_large_image\" \/>\n<script type=\"application\/ld+json\" class=\"yoast-schema-graph\">{\"@context\":\"https:\\\/\\\/schema.org\",\"@graph\":[{\"@type\":\"WebPage\",\"@id\":\"https:\\\/\\\/www.itakaescolapios.org\\\/en\\\/what-we-do\\\/centros-socio-educativos\\\/centro-cultural-calasanz-barquisimeto\\\/\",\"url\":\"https:\\\/\\\/www.itakaescolapios.org\\\/en\\\/what-we-do\\\/centros-socio-educativos\\\/centro-cultural-calasanz-barquisimeto\\\/\",\"name\":\"CENTRO CULTURAL CALASANZ BARQUISIMETO (VENEZUELA) - Proofs in Itaka-Escolapios\",\"isPartOf\":{\"@id\":\"https:\\\/\\\/www.itakaescolapios.org\\\/es\\\/#website\"},\"primaryImageOfPage\":{\"@id\":\"https:\\\/\\\/www.itakaescolapios.org\\\/en\\\/what-we-do\\\/centros-socio-educativos\\\/centro-cultural-calasanz-barquisimeto\\\/#primaryimage\"},\"image\":{\"@id\":\"https:\\\/\\\/www.itakaescolapios.org\\\/en\\\/what-we-do\\\/centros-socio-educativos\\\/centro-cultural-calasanz-barquisimeto\\\/#primaryimage\"},\"thumbnailUrl\":\"https:\\\/\\\/www.itakaescolapios.org\\\/wp-content\\\/uploads\\\/2016\\\/02\\\/CCC-Barquisimeto-1.jpg\",\"datePublished\":\"2016-02-25T09:03:26+00:00\",\"dateModified\":\"2023-11-28T11:38:28+00:00\",\"breadcrumb\":{\"@id\":\"https:\\\/\\\/www.itakaescolapios.org\\\/en\\\/what-we-do\\\/centros-socio-educativos\\\/centro-cultural-calasanz-barquisimeto\\\/#breadcrumb\"},\"inLanguage\":\"en-US\",\"potentialAction\":[{\"@type\":\"ReadAction\",\"target\":[\"https:\\\/\\\/www.itakaescolapios.org\\\/en\\\/what-we-do\\\/centros-socio-educativos\\\/centro-cultural-calasanz-barquisimeto\\\/\"]}]},{\"@type\":\"ImageObject\",\"inLanguage\":\"en-US\",\"@id\":\"https:\\\/\\\/www.itakaescolapios.org\\\/en\\\/what-we-do\\\/centros-socio-educativos\\\/centro-cultural-calasanz-barquisimeto\\\/#primaryimage\",\"url\":\"https:\\\/\\\/www.itakaescolapios.org\\\/wp-content\\\/uploads\\\/2016\\\/02\\\/CCC-Barquisimeto-1.jpg\",\"contentUrl\":\"https:\\\/\\\/www.itakaescolapios.org\\\/wp-content\\\/uploads\\\/2016\\\/02\\\/CCC-Barquisimeto-1.jpg\",\"width\":2000,\"height\":1500},{\"@type\":\"BreadcrumbList\",\"@id\":\"https:\\\/\\\/www.itakaescolapios.org\\\/en\\\/what-we-do\\\/centros-socio-educativos\\\/centro-cultural-calasanz-barquisimeto\\\/#breadcrumb\",\"itemListElement\":[{\"@type\":\"ListItem\",\"position\":1,\"name\":\"Proof\",\"item\":\"https:\\\/\\\/www.itakaescolapios.org\\\/es\\\/\"},{\"@type\":\"ListItem\",\"position\":2,\"name\":\"What we do\",\"item\":\"https:\\\/\\\/www.itakaescolapios.org\\\/es\\\/que-hacemos\\\/\"},{\"@type\":\"ListItem\",\"position\":3,\"name\":\"Socio Educational-centres\",\"item\":\"https:\\\/\\\/www.itakaescolapios.org\\\/es\\\/que-hacemos\\\/centros-socio-educativos\\\/\"},{\"@type\":\"ListItem\",\"position\":4,\"name\":\"CENTRO CULTURAL CALASANZ BARQUISIMETO (VENEZUELA)\"}]},{\"@type\":\"WebSite\",\"@id\":\"https:\\\/\\\/www.itakaescolapios.org\\\/en\\\/es\\\/#website\",\"url\":\"https:\\\/\\\/www.itakaescolapios.org\\\/en\\\/es\\\/\",\"name\":\"Itaka-Escolapios\",\"description\":\"Red de Itaka-Escolapios\",\"publisher\":{\"@id\":\"https:\\\/\\\/www.itakaescolapios.org\\\/en\\\/es\\\/#organization\"},\"potentialAction\":[{\"@type\":\"SearchAction\",\"target\":{\"@type\":\"EntryPoint\",\"urlTemplate\":\"https:\\\/\\\/www.itakaescolapios.org\\\/en\\\/es\\\/?s={search_term_string}\"},\"query-input\":{\"@type\":\"PropertyValueSpecification\",\"valueRequired\":true,\"valueName\":\"search_term_string\"}}],\"inLanguage\":\"en-US\"},{\"@type\":\"Organization\",\"@id\":\"https:\\\/\\\/www.itakaescolapios.org\\\/en\\\/es\\\/#organization\",\"name\":\"Fundaci\u00f3 Itaka-Escolapios\",\"url\":\"https:\\\/\\\/www.itakaescolapios.org\\\/en\\\/es\\\/\",\"logo\":{\"@type\":\"ImageObject\",\"inLanguage\":\"en-US\",\"@id\":\"https:\\\/\\\/www.itakaescolapios.org\\\/en\\\/es\\\/#\\\/schema\\\/logo\\\/image\\\/\",\"url\":\"https:\\\/\\\/www.itakaescolapios.org\\\/wp-content\\\/uploads\\\/2024\\\/04\\\/Logo-itakaescolapios-peque.png\",\"contentUrl\":\"https:\\\/\\\/www.itakaescolapios.org\\\/wp-content\\\/uploads\\\/2024\\\/04\\\/Logo-itakaescolapios-peque.png\",\"width\":500,\"height\":199,\"caption\":\"Fundaci\u00f3 Itaka-Escolapios\"},\"image\":{\"@id\":\"https:\\\/\\\/www.itakaescolapios.org\\\/en\\\/es\\\/#\\\/schema\\\/logo\\\/image\\\/\"}}]}<\/script>\n<!-- \/ Yoast SEO plugin. -->","yoast_head_json":{"title":"CENTRO CULTURAL CALASANZ BARQUISIMETO (VENEZUELA)","description":"El Centro Cultural Calasanz da servicio a las comunidades populares del barrio del Trompillo de la ciudad de Barquisimeto. Se marca como objetivo el trabajo educativo con ni\u00f1os, ni\u00f1as, j\u00f3venes y familias vulnerables para la mejora integral de las personas en su calidad de vida. Por eso el centro se configura como un espacio dedicado&hellip;","robots":{"index":"index","follow":"follow","max-snippet":"max-snippet:-1","max-image-preview":"max-image-preview:large","max-video-preview":"max-video-preview:-1"},"canonical":"El Centro Cultural Calasanz da servicio a las comunidades populares del barrio del Trompillo de la ciudad de Barquisimeto. Se marca como objetivo el trabajo educativo con ni\u00f1os, ni\u00f1as, j\u00f3venes y familias vulnerables para la mejora integral de las personas en su calidad de vida. Por eso el centro se configura como un espacio dedicado&hellip;","og_locale":"en_US","og_type":"article","og_title":"CENTRO CULTURAL CALASANZ BARQUISIMETO (VENEZUELA)","og_description":"El Centro Cultural Calasanz da servicio a las comunidades populares del barrio del Trompillo de la ciudad de Barquisimeto. Se marca como objetivo el trabajo educativo con ni\u00f1os, ni\u00f1as, j\u00f3venes y familias vulnerables para la mejora integral de las personas en su calidad de vida. Por eso el centro se configura como un espacio dedicado&hellip;","og_url":"https:\/\/www.itakaescolapios.org\/en\/what-we-do\/centros-socio-educativos\/centro-cultural-calasanz-barquisimeto\/","og_site_name":"Proofs in Itaka-Escolapios","article_modified_time":"2023-11-28T11:38:28+00:00","og_image":[{"width":2000,"height":1500,"url":"https:\/\/www.itakaescolapios.org\/wp-content\/uploads\/2016\/02\/CCC-Barquisimeto-1.jpg","type":"image\/jpeg"}],"twitter_card":"summary_large_image","schema":{"@context":"https:\/\/schema.org","@graph":[{"@type":"WebPage","@id":"https:\/\/www.itakaescolapios.org\/en\/what-we-do\/centros-socio-educativos\/centro-cultural-calasanz-barquisimeto\/","url":"https:\/\/www.itakaescolapios.org\/en\/what-we-do\/centros-socio-educativos\/centro-cultural-calasanz-barquisimeto\/","name":"CENTRO CULTURAL CALASANZ BARQUISIMETO (VENEZUELA) - Proofs in Itaka-Escolapios","isPartOf":{"@id":"https:\/\/www.itakaescolapios.org\/es\/#website"},"primaryImageOfPage":{"@id":"https:\/\/www.itakaescolapios.org\/en\/what-we-do\/centros-socio-educativos\/centro-cultural-calasanz-barquisimeto\/#primaryimage"},"image":{"@id":"https:\/\/www.itakaescolapios.org\/en\/what-we-do\/centros-socio-educativos\/centro-cultural-calasanz-barquisimeto\/#primaryimage"},"thumbnailUrl":"https:\/\/www.itakaescolapios.org\/wp-content\/uploads\/2016\/02\/CCC-Barquisimeto-1.jpg","datePublished":"2016-02-25T09:03:26+00:00","dateModified":"2023-11-28T11:38:28+00:00","breadcrumb":{"@id":"https:\/\/www.itakaescolapios.org\/en\/what-we-do\/centros-socio-educativos\/centro-cultural-calasanz-barquisimeto\/#breadcrumb"},"inLanguage":"en-US","potentialAction":[{"@type":"ReadAction","target":["https:\/\/www.itakaescolapios.org\/en\/what-we-do\/centros-socio-educativos\/centro-cultural-calasanz-barquisimeto\/"]}]},{"@type":"ImageObject","inLanguage":"en-US","@id":"https:\/\/www.itakaescolapios.org\/en\/what-we-do\/centros-socio-educativos\/centro-cultural-calasanz-barquisimeto\/#primaryimage","url":"https:\/\/www.itakaescolapios.org\/wp-content\/uploads\/2016\/02\/CCC-Barquisimeto-1.jpg","contentUrl":"https:\/\/www.itakaescolapios.org\/wp-content\/uploads\/2016\/02\/CCC-Barquisimeto-1.jpg","width":2000,"height":1500},{"@type":"BreadcrumbList","@id":"https:\/\/www.itakaescolapios.org\/en\/what-we-do\/centros-socio-educativos\/centro-cultural-calasanz-barquisimeto\/#breadcrumb","itemListElement":[{"@type":"ListItem","position":1,"name":"Proof","item":"https:\/\/www.itakaescolapios.org\/es\/"},{"@type":"ListItem","position":2,"name":"What we do","item":"https:\/\/www.itakaescolapios.org\/es\/que-hacemos\/"},{"@type":"ListItem","position":3,"name":"Socio Educational-centres","item":"https:\/\/www.itakaescolapios.org\/es\/que-hacemos\/centros-socio-educativos\/"},{"@type":"ListItem","position":4,"name":"CENTRO CULTURAL CALASANZ BARQUISIMETO (VENEZUELA)"}]},{"@type":"WebSite","@id":"https:\/\/www.itakaescolapios.org\/en\/es\/#website","url":"https:\/\/www.itakaescolapios.org\/en\/es\/","name":"Itaka-Escolapios","description":"Red de Itaka-Escolapios","publisher":{"@id":"https:\/\/www.itakaescolapios.org\/en\/es\/#organization"},"potentialAction":[{"@type":"SearchAction","target":{"@type":"EntryPoint","urlTemplate":"https:\/\/www.itakaescolapios.org\/en\/es\/?s={search_term_string}"},"query-input":{"@type":"PropertyValueSpecification","valueRequired":true,"valueName":"search_term_string"}}],"inLanguage":"en-US"},{"@type":"Organization","@id":"https:\/\/www.itakaescolapios.org\/en\/es\/#organization","name":"Fundaci\u00f3 Itaka-Escolapios","url":"https:\/\/www.itakaescolapios.org\/en\/es\/","logo":{"@type":"ImageObject","inLanguage":"en-US","@id":"https:\/\/www.itakaescolapios.org\/en\/es\/#\/schema\/logo\/image\/","url":"https:\/\/www.itakaescolapios.org\/wp-content\/uploads\/2024\/04\/Logo-itakaescolapios-peque.png","contentUrl":"https:\/\/www.itakaescolapios.org\/wp-content\/uploads\/2024\/04\/Logo-itakaescolapios-peque.png","width":500,"height":199,"caption":"Fundaci\u00f3 Itaka-Escolapios"},"image":{"@id":"https:\/\/www.itakaescolapios.org\/en\/es\/#\/schema\/logo\/image\/"}}]}},"_links":{"self":[{"href":"https:\/\/www.itakaescolapios.org\/en\/wp-json\/wp\/v2\/pages\/14736","targetHints":{"allow":["GET"]}}],"collection":[{"href":"https:\/\/www.itakaescolapios.org\/en\/wp-json\/wp\/v2\/pages"}],"about":[{"href":"https:\/\/www.itakaescolapios.org\/en\/wp-json\/wp\/v2\/types\/page"}],"author":[{"embeddable":true,"href":"https:\/\/www.itakaescolapios.org\/en\/wp-json\/wp\/v2\/users\/46"}],"replies":[{"embeddable":true,"href":"https:\/\/www.itakaescolapios.org\/en\/wp-json\/wp\/v2\/comments?post=14736"}],"version-history":[{"count":6,"href":"https:\/\/www.itakaescolapios.org\/en\/wp-json\/wp\/v2\/pages\/14736\/revisions"}],"predecessor-version":[{"id":48383,"href":"https:\/\/www.itakaescolapios.org\/en\/wp-json\/wp\/v2\/pages\/14736\/revisions\/48383"}],"up":[{"embeddable":true,"href":"https:\/\/www.itakaescolapios.org\/en\/wp-json\/wp\/v2\/pages\/83"}],"wp:featuredmedia":[{"embeddable":true,"href":"https:\/\/www.itakaescolapios.org\/en\/wp-json\/wp\/v2\/media\/14740"}],"wp:attachment":[{"href":"https:\/\/www.itakaescolapios.org\/en\/wp-json\/wp\/v2\/media?parent=14736"}],"curies":[{"name":"wp","href":"https:\/\/api.w.org\/{rel}","templated":true}]}}