{"id":16898,"date":"2016-11-02T10:54:46","date_gmt":"2016-11-02T09:54:46","guid":{"rendered":"https:\/\/www.itakaescolapios.org\/?page_id=16898"},"modified":"2023-11-28T12:38:18","modified_gmt":"2023-11-28T11:38:18","slug":"carteleria","status":"publish","type":"page","link":"https:\/\/www.itakaescolapios.org\/en\/campanas\/2016-2017-expedicion-kamda-educar-anunciar-transformar\/carteleria\/","title":{"rendered":"POSTERS"},"content":{"rendered":"<p style=\"text-align: center;\"><a href=\"https:\/\/www.itakaescolapios.org\/wp-content\/uploads\/2016\/11\/cartel-campa\u00f1a-1617-ESP.jpg\"><img decoding=\"async\" class=\"aligncenter\" alt=\"cartel-campana-1617-esp\" src=\"https:\/\/www.itakaescolapios.org\/wp-content\/uploads\/2016\/11\/cartel-campa\u00f1a-1617-ESP-1024x731.jpg\" width=\"517\" height=\"369\" \/><\/a><\/p>\n<p>Download the poster and images of the campaign, by clicking on each of the links:<\/p>\n<table width=\"364\" border=\"0\" cellspacing=\"0\" cellpadding=\"0\">\n<tbody>\n<tr>\n<td colspan=\"2\" width=\"182\" height=\"20\">CARTEL<\/td>\n<td colspan=\"2\" width=\"182\">PERSONAJES<\/td>\n<\/tr>\n<tr>\n<td width=\"91\" height=\"40\">\u00a0KAMDA EXPEDITION<\/td>\n<td width=\"91\">\u00a0ATAMB\u00daA<\/td>\n<td width=\"91\">COLOR<\/td>\n<td width=\"91\">TO COLOR<\/td>\n<\/tr>\n<tr>\n<td height=\"20\"><strong><a href=\"https:\/\/www.itakaescolapios.org\/wp-content\/uploads\/2016\/11\/cartel-campa\u00f1a-1617-ESP.pdf\">ESPA\u00d1OL<\/a><\/strong><\/td>\n<td><strong><a href=\"https:\/\/www.itakaescolapios.org\/wp-content\/uploads\/2016\/11\/CARTEL-GRACIAS-ESPA\u00d1OL.pdf\">GRACIAS<\/a><\/strong><\/td>\n<td><strong><a href=\"https:\/\/www.itakaescolapios.org\/wp-content\/uploads\/2016\/11\/AUTOB\u00daS.pdf\">AUTOB\u00daS<\/a><\/strong><\/td>\n<td><strong><a href=\"https:\/\/www.itakaescolapios.org\/wp-content\/uploads\/2016\/11\/autobus-linea.pdf\">AUTOB\u00daS L\u00cdNEA<\/a><\/strong><\/td>\n<\/tr>\n<tr>\n<td height=\"20\"><strong><a href=\"https:\/\/www.itakaescolapios.org\/wp-content\/uploads\/2016\/11\/cartel-campa\u00f1a-1617-ING.pdf\">INGL\u00c9S<\/a><\/strong><\/td>\n<td><\/td>\n<td><strong><a href=\"https:\/\/www.itakaescolapios.org\/wp-content\/uploads\/2016\/11\/CALASANZ-EXPEDICI\u00d3N.pdf\">CALASANZ<\/a><\/strong><\/td>\n<td><strong><a href=\"https:\/\/www.itakaescolapios.org\/wp-content\/uploads\/2016\/11\/CALASANZ-linea.pdf\">CALASANZ L\u00cdNEA<\/a><\/strong><\/td>\n<\/tr>\n<tr>\n<td height=\"20\"><strong>FRANC\u00c9S<\/strong><\/td>\n<td><\/td>\n<td><strong><a href=\"https:\/\/www.itakaescolapios.org\/wp-content\/uploads\/2016\/11\/QUISAP-EXPEDICI\u00d3N.pdf\">QUISAP<\/a><\/strong><\/td>\n<td><strong><a href=\"https:\/\/www.itakaescolapios.org\/wp-content\/uploads\/2016\/11\/quisap-linea.pdf\">QUISAP L\u00cdNEA<\/a><\/strong><\/td>\n<\/tr>\n<tr>\n<td height=\"20\"><strong>PORTUGU\u00c9S<\/strong><\/td>\n<td><\/td>\n<td><strong><a href=\"https:\/\/www.itakaescolapios.org\/wp-content\/uploads\/2016\/11\/MARINE-EXPEDICI\u00d3N.pdf\">MARINE<\/a><\/strong><\/td>\n<td><strong><a href=\"https:\/\/www.itakaescolapios.org\/wp-content\/uploads\/2016\/11\/MARINE-linea.pdf\">MARINE L\u00cdNEA<\/a><\/strong><\/td>\n<\/tr>\n<tr>\n<td height=\"20\"><strong><a href=\"https:\/\/www.itakaescolapios.org\/wp-content\/uploads\/2016\/11\/cartel-campa\u00f1a-1617-eusk.pdf\">EUSKERA<\/a><\/strong><\/td>\n<td><strong><a href=\"https:\/\/www.itakaescolapios.org\/wp-content\/uploads\/2016\/11\/CARTEL-GRACIAS-EUSKERA.pdf\">ESKERRIK ASKO<\/a><\/strong><\/td>\n<td><strong><a href=\"https:\/\/www.itakaescolapios.org\/wp-content\/uploads\/2016\/11\/JIWA-EXPEDICI\u00d3N.pdf\">JIWA<\/a><\/strong><\/td>\n<td><strong><a href=\"https:\/\/www.itakaescolapios.org\/wp-content\/uploads\/2016\/11\/JIWA-linea.pdf\">JIWA L\u00cdNEA<\/a><\/strong><\/td>\n<\/tr>\n<tr>\n<td height=\"20\"><strong><a href=\"https:\/\/www.itakaescolapios.org\/wp-content\/uploads\/2016\/11\/cartel-campa\u00f1a-1617-VAL.pdf\">VALENCIANO<\/a><\/strong><\/td>\n<td><strong><a href=\"https:\/\/www.itakaescolapios.org\/wp-content\/uploads\/2016\/11\/CARTEL-GRACIAS-VALENCIANO.pdf\">GRACIES<\/a><\/strong><\/td>\n<td><strong><a href=\"https:\/\/www.itakaescolapios.org\/wp-content\/uploads\/2016\/11\/SUKAL-EXPEDICI\u00d3N.pdf\">SUKAL<\/a><\/strong><\/td>\n<td><strong><a href=\"https:\/\/www.itakaescolapios.org\/wp-content\/uploads\/2016\/11\/sukal-linea.pdf\">SUKAL L\u00cdNEA<\/a><\/strong><\/td>\n<\/tr>\n<tr>\n<td height=\"20\"><strong><a href=\"https:\/\/www.itakaescolapios.org\/wp-content\/uploads\/2016\/11\/cartel-campa\u00f1a-1617-GAL.pdf\">GALLEGO<\/a><\/strong><\/td>\n<td><\/td>\n<td><strong><a href=\"https:\/\/www.itakaescolapios.org\/wp-content\/uploads\/2016\/11\/BLA-EXPEDICI\u00d3N.pdf\">BLA<\/a><\/strong><\/td>\n<td><strong><a href=\"https:\/\/www.itakaescolapios.org\/wp-content\/uploads\/2016\/11\/BLA_linea.pdf\">BLA L\u00cdNEA<\/a><\/strong><\/td>\n<\/tr>\n<\/tbody>\n<\/table>\n","protected":false},"excerpt":{"rendered":"<p>Download the poster and images of the campaign, by clicking on each of the links: CARTEL PERSONAJES \u00a0KAMDA EXPEDITION \u00a0ATAMB\u00daA COLOR TO COLOR ESPA\u00d1OL GRACIAS AUTOB\u00daS AUTOB\u00daS L\u00cdNEA INGL\u00c9S CALASANZ [&hellip;]<\/p>\n","protected":false},"author":46,"featured_media":0,"parent":16881,"menu_order":7,"comment_status":"closed","ping_status":"closed","template":"","meta":{"_et_pb_use_builder":"","_et_pb_old_content":"","_et_gb_content_width":"","footnotes":""},"class_list":["post-16898","page","type-page","status-publish","hentry"],"yoast_head":"<!-- This site is optimized with the Yoast SEO plugin v27.3 - https:\/\/yoast.com\/product\/yoast-seo-wordpress\/ -->\n<title>POSTERS<\/title>\n<meta name=\"description\" content=\"Download the poster and images of the campaign, by clicking on each of the links: CARTEL PERSONAJES \u00a0KAMDA EXPEDITION \u00a0ATAMB\u00daA COLOR TO COLOR ESPA\u00d1OL GRACIAS AUTOB\u00daS AUTOB\u00daS L\u00cdNEA INGL\u00c9S CALASANZ CALASANZ L\u00cdNEA FRANC\u00c9S QUISAP QUISAP L\u00cdNEA PORTUGU\u00c9S MARINE MARINE L\u00cdNEA EUSKERA ESKERRIK ASKO JIWA JIWA L\u00cdNEA VALENCIANO GRACIES SUKAL SUKAL L\u00cdNEA GALLEGO BLA BLA L\u00cdNEA\" \/>\n<meta name=\"robots\" content=\"index, follow, max-snippet:-1, max-image-preview:large, max-video-preview:-1\" \/>\n<link rel=\"canonical\" href=\"\" \/>\n<meta property=\"og:locale\" content=\"en_US\" \/>\n<meta property=\"og:type\" content=\"article\" \/>\n<meta property=\"og:title\" content=\"POSTERS\" \/>\n<meta property=\"og:description\" content=\"Download the poster and images of the campaign, by clicking on each of the links: CARTEL PERSONAJES \u00a0KAMDA EXPEDITION \u00a0ATAMB\u00daA COLOR TO COLOR ESPA\u00d1OL GRACIAS AUTOB\u00daS AUTOB\u00daS L\u00cdNEA INGL\u00c9S CALASANZ CALASANZ L\u00cdNEA FRANC\u00c9S QUISAP QUISAP L\u00cdNEA PORTUGU\u00c9S MARINE MARINE L\u00cdNEA EUSKERA ESKERRIK ASKO JIWA JIWA L\u00cdNEA VALENCIANO GRACIES SUKAL SUKAL L\u00cdNEA GALLEGO BLA BLA L\u00cdNEA\" \/>\n<meta property=\"og:url\" content=\"https:\/\/www.itakaescolapios.org\/en\/campanas\/2016-2017-expedicion-kamda-educar-anunciar-transformar\/carteleria\/\" \/>\n<meta property=\"og:site_name\" content=\"Proofs in Itaka-Escolapios\" \/>\n<meta property=\"article:modified_time\" content=\"2023-11-28T11:38:18+00:00\" \/>\n<meta name=\"twitter:card\" content=\"summary_large_image\" \/>\n<script type=\"application\/ld+json\" class=\"yoast-schema-graph\">{\"@context\":\"https:\\\/\\\/schema.org\",\"@graph\":[{\"@type\":\"WebPage\",\"@id\":\"https:\\\/\\\/www.itakaescolapios.org\\\/en\\\/campanas\\\/2016-2017-expedicion-kamda-educar-anunciar-transformar\\\/carteleria\\\/\",\"url\":\"https:\\\/\\\/www.itakaescolapios.org\\\/en\\\/campanas\\\/2016-2017-expedicion-kamda-educar-anunciar-transformar\\\/carteleria\\\/\",\"name\":\"CARTELER\u00cdA - Proofs in Itaka-Escolapios\",\"isPartOf\":{\"@id\":\"https:\\\/\\\/www.itakaescolapios.org\\\/es\\\/#website\"},\"datePublished\":\"2016-11-02T09:54:46+00:00\",\"dateModified\":\"2023-11-28T11:38:18+00:00\",\"breadcrumb\":{\"@id\":\"https:\\\/\\\/www.itakaescolapios.org\\\/en\\\/campanas\\\/2016-2017-expedicion-kamda-educar-anunciar-transformar\\\/carteleria\\\/#breadcrumb\"},\"inLanguage\":\"en-US\",\"potentialAction\":[{\"@type\":\"ReadAction\",\"target\":[\"https:\\\/\\\/www.itakaescolapios.org\\\/en\\\/campanas\\\/2016-2017-expedicion-kamda-educar-anunciar-transformar\\\/carteleria\\\/\"]}]},{\"@type\":\"BreadcrumbList\",\"@id\":\"https:\\\/\\\/www.itakaescolapios.org\\\/en\\\/campanas\\\/2016-2017-expedicion-kamda-educar-anunciar-transformar\\\/carteleria\\\/#breadcrumb\",\"itemListElement\":[{\"@type\":\"ListItem\",\"position\":1,\"name\":\"Proof\",\"item\":\"https:\\\/\\\/www.itakaescolapios.org\\\/es\\\/\"},{\"@type\":\"ListItem\",\"position\":2,\"name\":\"Campaigns\",\"item\":\"https:\\\/\\\/www.itakaescolapios.org\\\/es\\\/campanas\\\/\"},{\"@type\":\"ListItem\",\"position\":3,\"name\":\"2016-2017 KAMDA EXPEDITION: TO EDUCATE, PROCLAIM AND TO TRANSFORM\",\"item\":\"https:\\\/\\\/www.itakaescolapios.org\\\/es\\\/campanas\\\/2016-2017-expedicion-kamda-educar-anunciar-transformar\\\/\"},{\"@type\":\"ListItem\",\"position\":4,\"name\":\"POSTERS\"}]},{\"@type\":\"WebSite\",\"@id\":\"https:\\\/\\\/www.itakaescolapios.org\\\/en\\\/es\\\/#website\",\"url\":\"https:\\\/\\\/www.itakaescolapios.org\\\/en\\\/es\\\/\",\"name\":\"Itaka-Escolapios\",\"description\":\"Red de Itaka-Escolapios\",\"publisher\":{\"@id\":\"https:\\\/\\\/www.itakaescolapios.org\\\/en\\\/es\\\/#organization\"},\"potentialAction\":[{\"@type\":\"SearchAction\",\"target\":{\"@type\":\"EntryPoint\",\"urlTemplate\":\"https:\\\/\\\/www.itakaescolapios.org\\\/en\\\/es\\\/?s={search_term_string}\"},\"query-input\":{\"@type\":\"PropertyValueSpecification\",\"valueRequired\":true,\"valueName\":\"search_term_string\"}}],\"inLanguage\":\"en-US\"},{\"@type\":\"Organization\",\"@id\":\"https:\\\/\\\/www.itakaescolapios.org\\\/en\\\/es\\\/#organization\",\"name\":\"Fundaci\u00f3 Itaka-Escolapios\",\"url\":\"https:\\\/\\\/www.itakaescolapios.org\\\/en\\\/es\\\/\",\"logo\":{\"@type\":\"ImageObject\",\"inLanguage\":\"en-US\",\"@id\":\"https:\\\/\\\/www.itakaescolapios.org\\\/en\\\/es\\\/#\\\/schema\\\/logo\\\/image\\\/\",\"url\":\"https:\\\/\\\/www.itakaescolapios.org\\\/wp-content\\\/uploads\\\/2024\\\/04\\\/Logo-itakaescolapios-peque.png\",\"contentUrl\":\"https:\\\/\\\/www.itakaescolapios.org\\\/wp-content\\\/uploads\\\/2024\\\/04\\\/Logo-itakaescolapios-peque.png\",\"width\":500,\"height\":199,\"caption\":\"Fundaci\u00f3 Itaka-Escolapios\"},\"image\":{\"@id\":\"https:\\\/\\\/www.itakaescolapios.org\\\/en\\\/es\\\/#\\\/schema\\\/logo\\\/image\\\/\"}}]}<\/script>\n<!-- \/ Yoast SEO plugin. -->","yoast_head_json":{"title":"POSTERS","description":"Download the poster and images of the campaign, by clicking on each of the links: CARTEL PERSONAJES \u00a0KAMDA EXPEDITION \u00a0ATAMB\u00daA COLOR TO COLOR ESPA\u00d1OL GRACIAS AUTOB\u00daS AUTOB\u00daS L\u00cdNEA INGL\u00c9S CALASANZ CALASANZ L\u00cdNEA FRANC\u00c9S QUISAP QUISAP L\u00cdNEA PORTUGU\u00c9S MARINE MARINE L\u00cdNEA EUSKERA ESKERRIK ASKO JIWA JIWA L\u00cdNEA VALENCIANO GRACIES SUKAL SUKAL L\u00cdNEA GALLEGO BLA BLA L\u00cdNEA","robots":{"index":"index","follow":"follow","max-snippet":"max-snippet:-1","max-image-preview":"max-image-preview:large","max-video-preview":"max-video-preview:-1"},"canonical":"Download the poster and images of the campaign, by clicking on each of the links: CARTEL PERSONAJES \u00a0KAMDA EXPEDITION \u00a0ATAMB\u00daA COLOR TO COLOR ESPA\u00d1OL GRACIAS AUTOB\u00daS AUTOB\u00daS L\u00cdNEA INGL\u00c9S CALASANZ CALASANZ L\u00cdNEA FRANC\u00c9S QUISAP QUISAP L\u00cdNEA PORTUGU\u00c9S MARINE MARINE L\u00cdNEA EUSKERA ESKERRIK ASKO JIWA JIWA L\u00cdNEA VALENCIANO GRACIES SUKAL SUKAL L\u00cdNEA GALLEGO BLA BLA L\u00cdNEA","og_locale":"en_US","og_type":"article","og_title":"POSTERS","og_description":"Download the poster and images of the campaign, by clicking on each of the links: CARTEL PERSONAJES \u00a0KAMDA EXPEDITION \u00a0ATAMB\u00daA COLOR TO COLOR ESPA\u00d1OL GRACIAS AUTOB\u00daS AUTOB\u00daS L\u00cdNEA INGL\u00c9S CALASANZ CALASANZ L\u00cdNEA FRANC\u00c9S QUISAP QUISAP L\u00cdNEA PORTUGU\u00c9S MARINE MARINE L\u00cdNEA EUSKERA ESKERRIK ASKO JIWA JIWA L\u00cdNEA VALENCIANO GRACIES SUKAL SUKAL L\u00cdNEA GALLEGO BLA BLA L\u00cdNEA","og_url":"https:\/\/www.itakaescolapios.org\/en\/campanas\/2016-2017-expedicion-kamda-educar-anunciar-transformar\/carteleria\/","og_site_name":"Proofs in Itaka-Escolapios","article_modified_time":"2023-11-28T11:38:18+00:00","twitter_card":"summary_large_image","schema":{"@context":"https:\/\/schema.org","@graph":[{"@type":"WebPage","@id":"https:\/\/www.itakaescolapios.org\/en\/campanas\/2016-2017-expedicion-kamda-educar-anunciar-transformar\/carteleria\/","url":"https:\/\/www.itakaescolapios.org\/en\/campanas\/2016-2017-expedicion-kamda-educar-anunciar-transformar\/carteleria\/","name":"CARTELER\u00cdA - Proofs in Itaka-Escolapios","isPartOf":{"@id":"https:\/\/www.itakaescolapios.org\/es\/#website"},"datePublished":"2016-11-02T09:54:46+00:00","dateModified":"2023-11-28T11:38:18+00:00","breadcrumb":{"@id":"https:\/\/www.itakaescolapios.org\/en\/campanas\/2016-2017-expedicion-kamda-educar-anunciar-transformar\/carteleria\/#breadcrumb"},"inLanguage":"en-US","potentialAction":[{"@type":"ReadAction","target":["https:\/\/www.itakaescolapios.org\/en\/campanas\/2016-2017-expedicion-kamda-educar-anunciar-transformar\/carteleria\/"]}]},{"@type":"BreadcrumbList","@id":"https:\/\/www.itakaescolapios.org\/en\/campanas\/2016-2017-expedicion-kamda-educar-anunciar-transformar\/carteleria\/#breadcrumb","itemListElement":[{"@type":"ListItem","position":1,"name":"Proof","item":"https:\/\/www.itakaescolapios.org\/es\/"},{"@type":"ListItem","position":2,"name":"Campaigns","item":"https:\/\/www.itakaescolapios.org\/es\/campanas\/"},{"@type":"ListItem","position":3,"name":"2016-2017 KAMDA EXPEDITION: TO EDUCATE, PROCLAIM AND TO TRANSFORM","item":"https:\/\/www.itakaescolapios.org\/es\/campanas\/2016-2017-expedicion-kamda-educar-anunciar-transformar\/"},{"@type":"ListItem","position":4,"name":"POSTERS"}]},{"@type":"WebSite","@id":"https:\/\/www.itakaescolapios.org\/en\/es\/#website","url":"https:\/\/www.itakaescolapios.org\/en\/es\/","name":"Itaka-Escolapios","description":"Red de Itaka-Escolapios","publisher":{"@id":"https:\/\/www.itakaescolapios.org\/en\/es\/#organization"},"potentialAction":[{"@type":"SearchAction","target":{"@type":"EntryPoint","urlTemplate":"https:\/\/www.itakaescolapios.org\/en\/es\/?s={search_term_string}"},"query-input":{"@type":"PropertyValueSpecification","valueRequired":true,"valueName":"search_term_string"}}],"inLanguage":"en-US"},{"@type":"Organization","@id":"https:\/\/www.itakaescolapios.org\/en\/es\/#organization","name":"Fundaci\u00f3 Itaka-Escolapios","url":"https:\/\/www.itakaescolapios.org\/en\/es\/","logo":{"@type":"ImageObject","inLanguage":"en-US","@id":"https:\/\/www.itakaescolapios.org\/en\/es\/#\/schema\/logo\/image\/","url":"https:\/\/www.itakaescolapios.org\/wp-content\/uploads\/2024\/04\/Logo-itakaescolapios-peque.png","contentUrl":"https:\/\/www.itakaescolapios.org\/wp-content\/uploads\/2024\/04\/Logo-itakaescolapios-peque.png","width":500,"height":199,"caption":"Fundaci\u00f3 Itaka-Escolapios"},"image":{"@id":"https:\/\/www.itakaescolapios.org\/en\/es\/#\/schema\/logo\/image\/"}}]}},"_links":{"self":[{"href":"https:\/\/www.itakaescolapios.org\/en\/wp-json\/wp\/v2\/pages\/16898","targetHints":{"allow":["GET"]}}],"collection":[{"href":"https:\/\/www.itakaescolapios.org\/en\/wp-json\/wp\/v2\/pages"}],"about":[{"href":"https:\/\/www.itakaescolapios.org\/en\/wp-json\/wp\/v2\/types\/page"}],"author":[{"embeddable":true,"href":"https:\/\/www.itakaescolapios.org\/en\/wp-json\/wp\/v2\/users\/46"}],"replies":[{"embeddable":true,"href":"https:\/\/www.itakaescolapios.org\/en\/wp-json\/wp\/v2\/comments?post=16898"}],"version-history":[{"count":19,"href":"https:\/\/www.itakaescolapios.org\/en\/wp-json\/wp\/v2\/pages\/16898\/revisions"}],"predecessor-version":[{"id":48125,"href":"https:\/\/www.itakaescolapios.org\/en\/wp-json\/wp\/v2\/pages\/16898\/revisions\/48125"}],"up":[{"embeddable":true,"href":"https:\/\/www.itakaescolapios.org\/en\/wp-json\/wp\/v2\/pages\/16881"}],"wp:attachment":[{"href":"https:\/\/www.itakaescolapios.org\/en\/wp-json\/wp\/v2\/media?parent=16898"}],"curies":[{"name":"wp","href":"https:\/\/api.w.org\/{rel}","templated":true}]}}