{"id":17094,"date":"2016-11-08T16:01:37","date_gmt":"2016-11-08T15:01:37","guid":{"rendered":"https:\/\/www.itakaescolapios.org\/?page_id=17094"},"modified":"2023-11-28T12:38:18","modified_gmt":"2023-11-28T11:38:18","slug":"oramos-con-kamda","status":"publish","type":"page","link":"https:\/\/www.itakaescolapios.org\/en\/oramos-con-kamda\/","title":{"rendered":"ORAMOS CON KAMDA"},"content":{"rendered":"<p><a href=\"https:\/\/www.itakaescolapios.org\/wp-content\/uploads\/2016\/11\/a-tu-amparo-web.png\"><img decoding=\"async\" class=\"alignleft\" alt=\"a-tu-amparo-web\" src=\"https:\/\/www.itakaescolapios.org\/wp-content\/uploads\/2016\/11\/a-tu-amparo-web.png\" width=\"240\" height=\"290\" \/><\/a><\/p>\n<p>San Jose de Calasanz always had prayer in all his schools, so our character proposes five prayers with which to start the activities in the morning during the dates of the solidarity campaign.<\/p>\n<table width=\"475\" border=\"0\" cellspacing=\"0\" cellpadding=\"0\">\n<tbody>\n<tr>\n<td width=\"116\" height=\"24\">\n<table width=\"475\" border=\"0\" cellspacing=\"0\" cellpadding=\"0\">\n<tbody>\n<tr>\n<td width=\"116\" height=\"24\"><strong>ORACI\u00d3N<\/strong><\/td>\n<td width=\"116\"><strong>PRAYER<\/strong><\/td>\n<td width=\"134\"><strong>ORA\u00c7\u00c3O<\/strong><\/td>\n<td width=\"109\"><strong>OTOITZA<\/strong><\/td>\n<\/tr>\n<tr>\n<td height=\"24\"><strong><a href=\"https:\/\/www.itakaescolapios.org\/wp-content\/uploads\/2016\/11\/LUNES.pdf\" target=\"_blank\">LUNES<\/a><\/strong><\/td>\n<td><strong>MONDAY<\/strong><\/td>\n<td>SEGUNDA-FEIRA<\/td>\n<td><strong><a href=\"https:\/\/www.itakaescolapios.org\/wp-content\/uploads\/2016\/11\/ASTELEHENA.pdf\" target=\"_blank\">ASTELEHENA<\/a><\/strong><\/td>\n<\/tr>\n<tr>\n<td height=\"24\"><strong><a href=\"https:\/\/www.itakaescolapios.org\/wp-content\/uploads\/2016\/11\/MARTES.pdf\" target=\"_blank\">MARTES<\/a><\/strong><\/td>\n<td><strong><a href=\"https:\/\/www.itakaescolapios.org\/wp-content\/uploads\/2016\/11\/martes.pdf\">TUESDAY<\/a><\/strong><\/td>\n<td>TER\u00c7A-FEIRA<\/td>\n<td><strong><a href=\"https:\/\/www.itakaescolapios.org\/wp-content\/uploads\/2016\/11\/ASTEARTEA.pdf\" target=\"_blank\">ASTEARTEA<\/a><\/strong><\/td>\n<\/tr>\n<tr>\n<td height=\"24\"><strong><a href=\"https:\/\/www.itakaescolapios.org\/wp-content\/uploads\/2016\/11\/MI\u00c9RCOLES.pdf\" target=\"_blank\">MI\u00c9RCOLES<\/a><\/strong><\/td>\n<td><strong><a href=\"https:\/\/www.itakaescolapios.org\/wp-content\/uploads\/2016\/11\/miercoles.pdf\">WEDNESDAY<\/a><\/strong><\/td>\n<td>QUARTA-FEIRA<\/td>\n<td><strong><a href=\"https:\/\/www.itakaescolapios.org\/wp-content\/uploads\/2016\/11\/ASTEAZKENA.pdf\" target=\"_blank\">ASTEAZKENA<\/a><\/strong><\/td>\n<\/tr>\n<tr>\n<td height=\"24\"><strong><a href=\"https:\/\/www.itakaescolapios.org\/wp-content\/uploads\/2016\/11\/JUEVES.pdf\" target=\"_blank\">JUEVES<\/a><\/strong><\/td>\n<td><strong><a href=\"https:\/\/www.itakaescolapios.org\/wp-content\/uploads\/2016\/11\/jueves.pdf\">THURSDAY<\/a><\/strong><\/td>\n<td>QUINTA-FEIRA<\/td>\n<td><strong><a href=\"https:\/\/www.itakaescolapios.org\/wp-content\/uploads\/2016\/11\/OSTEGUNA.pdf\" target=\"_blank\">OSTEGUNA<\/a><\/strong><\/td>\n<\/tr>\n<tr>\n<td height=\"24\"><strong><a href=\"https:\/\/www.itakaescolapios.org\/wp-content\/uploads\/2016\/11\/VIERNES.pdf\" target=\"_blank\">VIERNES<\/a><\/strong><\/td>\n<td><strong><a href=\"https:\/\/www.itakaescolapios.org\/wp-content\/uploads\/2016\/11\/viernes.pdf\">FRIDAY<\/a><\/strong><\/td>\n<td>SEXTA-FEIRA<\/td>\n<td><strong><a href=\"https:\/\/www.itakaescolapios.org\/wp-content\/uploads\/2016\/11\/OSTIRALA.pdf\" target=\"_blank\">OSTIRALA<\/a><\/strong><\/td>\n<\/tr>\n<\/tbody>\n<\/table>\n<\/td>\n<td width=\"116\"><\/td>\n<td width=\"134\"><\/td>\n<td width=\"109\"><\/td>\n<\/tr>\n<tr>\n<td height=\"24\"><\/td>\n<td><\/td>\n<td><\/td>\n<td><\/td>\n<\/tr>\n<tr>\n<td height=\"24\"><\/td>\n<td><\/td>\n<td><\/td>\n<td><\/td>\n<\/tr>\n<tr>\n<td height=\"24\"><\/td>\n<td><\/td>\n<td><\/td>\n<td><\/td>\n<\/tr>\n<tr>\n<td height=\"24\"><\/td>\n<td><\/td>\n<td><\/td>\n<td><\/td>\n<\/tr>\n<tr>\n<td height=\"24\"><\/td>\n<td><\/td>\n<td><\/td>\n<td><\/td>\n<\/tr>\n<\/tbody>\n<\/table>\n","protected":false},"excerpt":{"rendered":"<p>San Jose de Calasanz always had prayer in all his schools, so our character proposes five prayers with which to start the activities in the morning during the dates of [&hellip;]<\/p>\n","protected":false},"author":46,"featured_media":0,"parent":0,"menu_order":0,"comment_status":"closed","ping_status":"closed","template":"","meta":{"_et_pb_use_builder":"","_et_pb_old_content":"","_et_gb_content_width":"","footnotes":""},"class_list":["post-17094","page","type-page","status-publish","hentry"],"yoast_head":"<!-- This site is optimized with the Yoast SEO plugin v27.3 - https:\/\/yoast.com\/product\/yoast-seo-wordpress\/ -->\n<title>ORAMOS CON KAMDA - Proofs in Itaka-Escolapios<\/title>\n<meta name=\"description\" content=\"San Jose de Calasanz always had prayer in all his schools, so our character proposes five prayers with which to start the activities in the morning during the dates of the solidarity campaign. ORACI\u00d3N PRAYER ORA\u00c7\u00c3O OTOITZA LUNES MONDAY SEGUNDA-FEIRA ASTELEHENA MARTES TUESDAY TER\u00c7A-FEIRA ASTEARTEA MI\u00c9RCOLES WEDNESDAY QUARTA-FEIRA ASTEAZKENA JUEVES THURSDAY QUINTA-FEIRA OSTEGUNA VIERNES FRIDAY&hellip;\" \/>\n<meta name=\"robots\" content=\"index, follow, max-snippet:-1, max-image-preview:large, max-video-preview:-1\" \/>\n<link rel=\"canonical\" href=\"http:\/\/San%20Jose%20de%20Calasanz%20always%20had%20prayer%20in%20all%20his%20schools,%20so%20our%20character%20proposes%20five%20prayers%20with%20which%20to%20start%20the%20activities%20in%20the%20morning%20during%20the%20dates%20of%20the%20solidarity%20campaign.%20ORACI\u00d3N%20PRAYER%20ORA\u00c7\u00c3O%20OTOITZA%20LUNES%20MONDAY%20SEGUNDA-FEIRA%20ASTELEHENA%20MARTES%20TUESDAY%20TER\u00c7A-FEIRA%20ASTEARTEA%20MI\u00c9RCOLES%20WEDNESDAY%20QUARTA-FEIRA%20ASTEAZKENA%20JUEVES%20THURSDAY%20QUINTA-FEIRA%20OSTEGUNA%20VIERNES%20FRIDAY&hellip;\" \/>\n<meta property=\"og:locale\" content=\"en_US\" \/>\n<meta property=\"og:type\" content=\"article\" \/>\n<meta property=\"og:title\" content=\"ORAMOS CON KAMDA - Proofs in Itaka-Escolapios\" \/>\n<meta property=\"og:description\" content=\"San Jose de Calasanz always had prayer in all his schools, so our character proposes five prayers with which to start the activities in the morning during the dates of the solidarity campaign. ORACI\u00d3N PRAYER ORA\u00c7\u00c3O OTOITZA LUNES MONDAY SEGUNDA-FEIRA ASTELEHENA MARTES TUESDAY TER\u00c7A-FEIRA ASTEARTEA MI\u00c9RCOLES WEDNESDAY QUARTA-FEIRA ASTEAZKENA JUEVES THURSDAY QUINTA-FEIRA OSTEGUNA VIERNES FRIDAY&hellip;\" \/>\n<meta property=\"og:url\" content=\"https:\/\/www.itakaescolapios.org\/en\/oramos-con-kamda\/\" \/>\n<meta property=\"og:site_name\" content=\"Proofs in Itaka-Escolapios\" \/>\n<meta property=\"article:modified_time\" content=\"2023-11-28T11:38:18+00:00\" \/>\n<meta property=\"og:image\" content=\"https:\/\/www.itakaescolapios.org\/wp-content\/uploads\/2016\/11\/a-tu-amparo-web.png\" \/>\n\t<meta property=\"og:image:width\" content=\"240\" \/>\n\t<meta property=\"og:image:height\" content=\"290\" \/>\n\t<meta property=\"og:image:type\" content=\"image\/png\" \/>\n<meta name=\"twitter:card\" content=\"summary_large_image\" \/>\n<script type=\"application\/ld+json\" class=\"yoast-schema-graph\">{\"@context\":\"https:\\\/\\\/schema.org\",\"@graph\":[{\"@type\":\"WebPage\",\"@id\":\"https:\\\/\\\/www.itakaescolapios.org\\\/en\\\/oramos-con-kamda\\\/\",\"url\":\"https:\\\/\\\/www.itakaescolapios.org\\\/en\\\/oramos-con-kamda\\\/\",\"name\":\"ORAMOS CON KAMDA - Proofs in Itaka-Escolapios\",\"isPartOf\":{\"@id\":\"https:\\\/\\\/www.itakaescolapios.org\\\/es\\\/#website\"},\"primaryImageOfPage\":{\"@id\":\"https:\\\/\\\/www.itakaescolapios.org\\\/en\\\/oramos-con-kamda\\\/#primaryimage\"},\"image\":{\"@id\":\"https:\\\/\\\/www.itakaescolapios.org\\\/en\\\/oramos-con-kamda\\\/#primaryimage\"},\"thumbnailUrl\":\"https:\\\/\\\/www.itakaescolapios.org\\\/wp-content\\\/uploads\\\/2016\\\/11\\\/a-tu-amparo-web.png\",\"datePublished\":\"2016-11-08T15:01:37+00:00\",\"dateModified\":\"2023-11-28T11:38:18+00:00\",\"breadcrumb\":{\"@id\":\"https:\\\/\\\/www.itakaescolapios.org\\\/en\\\/oramos-con-kamda\\\/#breadcrumb\"},\"inLanguage\":\"en-US\",\"potentialAction\":[{\"@type\":\"ReadAction\",\"target\":[\"https:\\\/\\\/www.itakaescolapios.org\\\/en\\\/oramos-con-kamda\\\/\"]}]},{\"@type\":\"ImageObject\",\"inLanguage\":\"en-US\",\"@id\":\"https:\\\/\\\/www.itakaescolapios.org\\\/en\\\/oramos-con-kamda\\\/#primaryimage\",\"url\":\"https:\\\/\\\/www.itakaescolapios.org\\\/wp-content\\\/uploads\\\/2016\\\/11\\\/a-tu-amparo-web.png\",\"contentUrl\":\"https:\\\/\\\/www.itakaescolapios.org\\\/wp-content\\\/uploads\\\/2016\\\/11\\\/a-tu-amparo-web.png\"},{\"@type\":\"BreadcrumbList\",\"@id\":\"https:\\\/\\\/www.itakaescolapios.org\\\/en\\\/oramos-con-kamda\\\/#breadcrumb\",\"itemListElement\":[{\"@type\":\"ListItem\",\"position\":1,\"name\":\"Proof\",\"item\":\"https:\\\/\\\/www.itakaescolapios.org\\\/es\\\/\"},{\"@type\":\"ListItem\",\"position\":2,\"name\":\"ORAMOS CON KAMDA\"}]},{\"@type\":\"WebSite\",\"@id\":\"https:\\\/\\\/www.itakaescolapios.org\\\/en\\\/es\\\/#website\",\"url\":\"https:\\\/\\\/www.itakaescolapios.org\\\/en\\\/es\\\/\",\"name\":\"Itaka-Escolapios\",\"description\":\"Red de Itaka-Escolapios\",\"publisher\":{\"@id\":\"https:\\\/\\\/www.itakaescolapios.org\\\/en\\\/es\\\/#organization\"},\"potentialAction\":[{\"@type\":\"SearchAction\",\"target\":{\"@type\":\"EntryPoint\",\"urlTemplate\":\"https:\\\/\\\/www.itakaescolapios.org\\\/en\\\/es\\\/?s={search_term_string}\"},\"query-input\":{\"@type\":\"PropertyValueSpecification\",\"valueRequired\":true,\"valueName\":\"search_term_string\"}}],\"inLanguage\":\"en-US\"},{\"@type\":\"Organization\",\"@id\":\"https:\\\/\\\/www.itakaescolapios.org\\\/en\\\/es\\\/#organization\",\"name\":\"Fundaci\u00f3 Itaka-Escolapios\",\"url\":\"https:\\\/\\\/www.itakaescolapios.org\\\/en\\\/es\\\/\",\"logo\":{\"@type\":\"ImageObject\",\"inLanguage\":\"en-US\",\"@id\":\"https:\\\/\\\/www.itakaescolapios.org\\\/en\\\/es\\\/#\\\/schema\\\/logo\\\/image\\\/\",\"url\":\"https:\\\/\\\/www.itakaescolapios.org\\\/wp-content\\\/uploads\\\/2024\\\/04\\\/Logo-itakaescolapios-peque.png\",\"contentUrl\":\"https:\\\/\\\/www.itakaescolapios.org\\\/wp-content\\\/uploads\\\/2024\\\/04\\\/Logo-itakaescolapios-peque.png\",\"width\":500,\"height\":199,\"caption\":\"Fundaci\u00f3 Itaka-Escolapios\"},\"image\":{\"@id\":\"https:\\\/\\\/www.itakaescolapios.org\\\/en\\\/es\\\/#\\\/schema\\\/logo\\\/image\\\/\"}}]}<\/script>\n<!-- \/ Yoast SEO plugin. -->","yoast_head_json":{"title":"ORAMOS CON KAMDA - Proofs in Itaka-Escolapios","description":"San Jose de Calasanz always had prayer in all his schools, so our character proposes five prayers with which to start the activities in the morning during the dates of the solidarity campaign. ORACI\u00d3N PRAYER ORA\u00c7\u00c3O OTOITZA LUNES MONDAY SEGUNDA-FEIRA ASTELEHENA MARTES TUESDAY TER\u00c7A-FEIRA ASTEARTEA MI\u00c9RCOLES WEDNESDAY QUARTA-FEIRA ASTEAZKENA JUEVES THURSDAY QUINTA-FEIRA OSTEGUNA VIERNES FRIDAY&hellip;","robots":{"index":"index","follow":"follow","max-snippet":"max-snippet:-1","max-image-preview":"max-image-preview:large","max-video-preview":"max-video-preview:-1"},"canonical":"San Jose de Calasanz always had prayer in all his schools, so our character proposes five prayers with which to start the activities in the morning during the dates of the solidarity campaign. ORACI\u00d3N PRAYER ORA\u00c7\u00c3O OTOITZA LUNES MONDAY SEGUNDA-FEIRA ASTELEHENA MARTES TUESDAY TER\u00c7A-FEIRA ASTEARTEA MI\u00c9RCOLES WEDNESDAY QUARTA-FEIRA ASTEAZKENA JUEVES THURSDAY QUINTA-FEIRA OSTEGUNA VIERNES FRIDAY&hellip;","og_locale":"en_US","og_type":"article","og_title":"ORAMOS CON KAMDA - Proofs in Itaka-Escolapios","og_description":"San Jose de Calasanz always had prayer in all his schools, so our character proposes five prayers with which to start the activities in the morning during the dates of the solidarity campaign. ORACI\u00d3N PRAYER ORA\u00c7\u00c3O OTOITZA LUNES MONDAY SEGUNDA-FEIRA ASTELEHENA MARTES TUESDAY TER\u00c7A-FEIRA ASTEARTEA MI\u00c9RCOLES WEDNESDAY QUARTA-FEIRA ASTEAZKENA JUEVES THURSDAY QUINTA-FEIRA OSTEGUNA VIERNES FRIDAY&hellip;","og_url":"https:\/\/www.itakaescolapios.org\/en\/oramos-con-kamda\/","og_site_name":"Proofs in Itaka-Escolapios","article_modified_time":"2023-11-28T11:38:18+00:00","og_image":[{"width":240,"height":290,"url":"https:\/\/www.itakaescolapios.org\/wp-content\/uploads\/2016\/11\/a-tu-amparo-web.png","type":"image\/png"}],"twitter_card":"summary_large_image","schema":{"@context":"https:\/\/schema.org","@graph":[{"@type":"WebPage","@id":"https:\/\/www.itakaescolapios.org\/en\/oramos-con-kamda\/","url":"https:\/\/www.itakaescolapios.org\/en\/oramos-con-kamda\/","name":"ORAMOS CON KAMDA - Proofs in Itaka-Escolapios","isPartOf":{"@id":"https:\/\/www.itakaescolapios.org\/es\/#website"},"primaryImageOfPage":{"@id":"https:\/\/www.itakaescolapios.org\/en\/oramos-con-kamda\/#primaryimage"},"image":{"@id":"https:\/\/www.itakaescolapios.org\/en\/oramos-con-kamda\/#primaryimage"},"thumbnailUrl":"https:\/\/www.itakaescolapios.org\/wp-content\/uploads\/2016\/11\/a-tu-amparo-web.png","datePublished":"2016-11-08T15:01:37+00:00","dateModified":"2023-11-28T11:38:18+00:00","breadcrumb":{"@id":"https:\/\/www.itakaescolapios.org\/en\/oramos-con-kamda\/#breadcrumb"},"inLanguage":"en-US","potentialAction":[{"@type":"ReadAction","target":["https:\/\/www.itakaescolapios.org\/en\/oramos-con-kamda\/"]}]},{"@type":"ImageObject","inLanguage":"en-US","@id":"https:\/\/www.itakaescolapios.org\/en\/oramos-con-kamda\/#primaryimage","url":"https:\/\/www.itakaescolapios.org\/wp-content\/uploads\/2016\/11\/a-tu-amparo-web.png","contentUrl":"https:\/\/www.itakaescolapios.org\/wp-content\/uploads\/2016\/11\/a-tu-amparo-web.png"},{"@type":"BreadcrumbList","@id":"https:\/\/www.itakaescolapios.org\/en\/oramos-con-kamda\/#breadcrumb","itemListElement":[{"@type":"ListItem","position":1,"name":"Proof","item":"https:\/\/www.itakaescolapios.org\/es\/"},{"@type":"ListItem","position":2,"name":"ORAMOS CON KAMDA"}]},{"@type":"WebSite","@id":"https:\/\/www.itakaescolapios.org\/en\/es\/#website","url":"https:\/\/www.itakaescolapios.org\/en\/es\/","name":"Itaka-Escolapios","description":"Red de Itaka-Escolapios","publisher":{"@id":"https:\/\/www.itakaescolapios.org\/en\/es\/#organization"},"potentialAction":[{"@type":"SearchAction","target":{"@type":"EntryPoint","urlTemplate":"https:\/\/www.itakaescolapios.org\/en\/es\/?s={search_term_string}"},"query-input":{"@type":"PropertyValueSpecification","valueRequired":true,"valueName":"search_term_string"}}],"inLanguage":"en-US"},{"@type":"Organization","@id":"https:\/\/www.itakaescolapios.org\/en\/es\/#organization","name":"Fundaci\u00f3 Itaka-Escolapios","url":"https:\/\/www.itakaescolapios.org\/en\/es\/","logo":{"@type":"ImageObject","inLanguage":"en-US","@id":"https:\/\/www.itakaescolapios.org\/en\/es\/#\/schema\/logo\/image\/","url":"https:\/\/www.itakaescolapios.org\/wp-content\/uploads\/2024\/04\/Logo-itakaescolapios-peque.png","contentUrl":"https:\/\/www.itakaescolapios.org\/wp-content\/uploads\/2024\/04\/Logo-itakaescolapios-peque.png","width":500,"height":199,"caption":"Fundaci\u00f3 Itaka-Escolapios"},"image":{"@id":"https:\/\/www.itakaescolapios.org\/en\/es\/#\/schema\/logo\/image\/"}}]}},"_links":{"self":[{"href":"https:\/\/www.itakaescolapios.org\/en\/wp-json\/wp\/v2\/pages\/17094","targetHints":{"allow":["GET"]}}],"collection":[{"href":"https:\/\/www.itakaescolapios.org\/en\/wp-json\/wp\/v2\/pages"}],"about":[{"href":"https:\/\/www.itakaescolapios.org\/en\/wp-json\/wp\/v2\/types\/page"}],"author":[{"embeddable":true,"href":"https:\/\/www.itakaescolapios.org\/en\/wp-json\/wp\/v2\/users\/46"}],"replies":[{"embeddable":true,"href":"https:\/\/www.itakaescolapios.org\/en\/wp-json\/wp\/v2\/comments?post=17094"}],"version-history":[{"count":31,"href":"https:\/\/www.itakaescolapios.org\/en\/wp-json\/wp\/v2\/pages\/17094\/revisions"}],"predecessor-version":[{"id":48109,"href":"https:\/\/www.itakaescolapios.org\/en\/wp-json\/wp\/v2\/pages\/17094\/revisions\/48109"}],"wp:attachment":[{"href":"https:\/\/www.itakaescolapios.org\/en\/wp-json\/wp\/v2\/media?parent=17094"}],"curies":[{"name":"wp","href":"https:\/\/api.w.org\/{rel}","templated":true}]}}