{"id":20708,"date":"2017-10-30T12:02:05","date_gmt":"2017-10-30T11:02:05","guid":{"rendered":"https:\/\/www.itakaescolapios.org\/?page_id=20708"},"modified":"2023-11-28T12:37:47","modified_gmt":"2023-11-28T11:37:47","slug":"carteleria","status":"publish","type":"page","link":"https:\/\/www.itakaescolapios.org\/en\/campanas\/2017-2018-el-tesoro-de-senegal\/carteleria\/","title":{"rendered":"POSTERS"},"content":{"rendered":"<p>Download the campaign&#8217;s posters and images, click on each one of the links:<\/p>\n<p>\u00a0<\/p>\n<table width=\"499\" border=\"0\" cellspacing=\"0\" cellpadding=\"0\">\n<tbody>\n<tr>\n<td style=\"text-align: center;\" colspan=\"3\" width=\"297\" height=\"22\"><span style=\"color: #333333;\"><strong>POSTERS<\/strong><\/span><\/td>\n<td style=\"text-align: center;\" colspan=\"2\" width=\"202\"><strong><span style=\"color: #333333;\">CHARACTERS<\/span><\/strong><\/td>\n<\/tr>\n<tr>\n<td width=\"99\" height=\"64\"><span style=\"color: #808000;\"><strong>CAMPAIGN LOGO<br \/>\n<\/strong><\/span><\/td>\n<td width=\"100\"><span style=\"color: #808000;\"><strong><strong>CAMPAIGN<\/strong> POSTER<\/strong><\/span><\/td>\n<td width=\"98\"><span style=\"color: #808000;\"><strong>THANK YOU KAMDA<\/strong><\/span><\/td>\n<td width=\"96\"><span style=\"color: #808000;\"><strong>COLOR<\/strong><\/span><\/td>\n<td width=\"106\"><span style=\"color: #808000;\"><strong>TO COLOR<\/strong><\/span><\/td>\n<\/tr>\n<tr>\n<td width=\"99\" height=\"41\"><span style=\"color: #800000;\"><strong><a href=\"https:\/\/www.itakaescolapios.org\/wp-content\/uploads\/2017\/10\/LOGO-ETS-ESP.pdf\" target=\"_blank\"><span style=\"color: #800000;\">ESPA\u00d1OL<\/span><\/a><\/strong><\/span><\/td>\n<td width=\"100\"><span style=\"color: #008000;\"><strong><a href=\"https:\/\/www.itakaescolapios.org\/wp-content\/uploads\/2017\/10\/CARTEL-ESPA\u00d1OL.pdf\" target=\"_blank\"><span style=\"color: #008000;\">ESPA\u00d1OL<\/span><\/a><\/strong><\/span><\/td>\n<td width=\"98\"><span style=\"color: #0000ff;\"><strong><a href=\"https:\/\/www.itakaescolapios.org\/wp-content\/uploads\/2017\/10\/cartel-GRACIAS-2017-ESP.pdf\" target=\"_blank\"><span style=\"color: #0000ff;\">GRACIAS<\/span><\/a><\/strong><\/span><\/td>\n<td width=\"96\"><span style=\"color: #ff6600;\"><strong><a href=\"https:\/\/www.itakaescolapios.org\/wp-content\/uploads\/2017\/10\/calasanz-sin-fondo.pdf\" target=\"_blank\"><span style=\"color: #ff6600;\">CALASANZ<\/span><\/a><\/strong><\/span><\/td>\n<td width=\"106\"><span style=\"color: #800080;\"><strong><a href=\"https:\/\/www.itakaescolapios.org\/wp-content\/uploads\/2017\/10\/calasanz_blanco-y-negro.pdf\" target=\"_blank\"><span style=\"color: #800080;\">CALASANZ l\u00ednea<\/span><\/a><\/strong><\/span><\/td>\n<\/tr>\n<tr>\n<td width=\"99\" height=\"41\"><span style=\"color: #800000;\"><strong><a href=\"https:\/\/www.itakaescolapios.org\/wp-content\/uploads\/2017\/10\/LOGO-ETS-ENG.pdf\" target=\"_blank\"><span style=\"color: #800000;\">INGL\u00c9S<\/span><\/a><\/strong><\/span><\/td>\n<td width=\"100\"><span style=\"color: #008000;\"><strong><a href=\"https:\/\/www.itakaescolapios.org\/wp-content\/uploads\/2017\/10\/CARTEL-INGL\u00c9S.pdf\" target=\"_blank\"><span style=\"color: #008000;\">INGL\u00c9S<\/span><\/a><\/strong><\/span><\/td>\n<td width=\"98\"><\/td>\n<td width=\"96\"><span style=\"color: #ff6600;\"><strong><a href=\"https:\/\/www.itakaescolapios.org\/wp-content\/uploads\/2017\/10\/marine-sin-fondo.pdf\" target=\"_blank\"><span style=\"color: #ff6600;\">MARINE<\/span><\/a><\/strong><\/span><\/td>\n<td width=\"106\"><span style=\"color: #800080;\"><strong><a href=\"https:\/\/www.itakaescolapios.org\/wp-content\/uploads\/2017\/10\/marine_blanco-y-negro.pdf\" target=\"_blank\"><span style=\"color: #800080;\">MARINE l\u00ednea<\/span><\/a><\/strong><\/span><\/td>\n<\/tr>\n<tr>\n<td width=\"99\" height=\"22\"><span style=\"color: #800000;\"><strong><a href=\"https:\/\/www.itakaescolapios.org\/wp-content\/uploads\/2017\/10\/LOGO-ETS-FRA.pdf\" target=\"_blank\"><span style=\"color: #800000;\">FRANC\u00c9S<\/span><\/a><\/strong><\/span><\/td>\n<td width=\"100\"><span style=\"color: #008000;\"><strong><a href=\"https:\/\/www.itakaescolapios.org\/wp-content\/uploads\/2017\/10\/CARTEL-ITAKA-C1718-FRA.pdf\" target=\"_blank\"><span style=\"color: #008000;\">FRANC\u00c9S<\/span><\/a><\/strong><\/span><\/td>\n<td width=\"98\"><\/td>\n<td width=\"96\"><span style=\"color: #ff6600;\"><strong><a href=\"https:\/\/www.itakaescolapios.org\/wp-content\/uploads\/2017\/10\/bla_3-sin-fondo.pdf\" target=\"_blank\"><span style=\"color: #ff6600;\">BLA<\/span><\/a><\/strong><\/span><\/td>\n<td width=\"106\"><span style=\"color: #800080;\"><strong><a href=\"https:\/\/www.itakaescolapios.org\/wp-content\/uploads\/2017\/10\/bla_blanco-y-negro.pdf\" target=\"_blank\"><span style=\"color: #800080;\">BLA l\u00ednea<\/span><\/a><\/strong><\/span><\/td>\n<\/tr>\n<tr>\n<td width=\"99\" height=\"41\"><span style=\"color: #800000;\"><strong><a href=\"https:\/\/www.itakaescolapios.org\/wp-content\/uploads\/2017\/10\/LOGO-ETS-PORT.pdf\" target=\"_blank\"><span style=\"color: #800000;\">PORTUGU\u00c9S<\/span><\/a><\/strong><\/span><\/td>\n<td width=\"100\"><span style=\"color: #008000;\"><strong><a href=\"https:\/\/www.itakaescolapios.org\/wp-content\/uploads\/2017\/10\/CARTEL-PORTUGUES1.pdf\" target=\"_blank\"><span style=\"color: #008000;\">PORTUGU\u00c9S<\/span><\/a><\/strong><\/span><\/td>\n<td width=\"98\"><\/td>\n<td width=\"96\"><span style=\"color: #ff6600;\"><strong><a href=\"https:\/\/www.itakaescolapios.org\/wp-content\/uploads\/2017\/10\/jiwa-sin-fondo.pdf\" target=\"_blank\"><span style=\"color: #ff6600;\">JIWA<\/span><\/a><\/strong><\/span><\/td>\n<td width=\"106\"><span style=\"color: #800080;\"><strong><a href=\"https:\/\/www.itakaescolapios.org\/wp-content\/uploads\/2017\/10\/jiwa_blanco-y-negro.pdf\" target=\"_blank\"><span style=\"color: #800080;\">JIWA l\u00ednea<\/span><\/a><\/strong><\/span><\/td>\n<\/tr>\n<tr>\n<td width=\"99\" height=\"41\"><span style=\"color: #800000;\"><strong><a href=\"https:\/\/www.itakaescolapios.org\/wp-content\/uploads\/2017\/10\/LOGO-ETS-EUSK.pdf\" target=\"_blank\"><span style=\"color: #800000;\">EUSKERA<\/span><\/a><\/strong><\/span><\/td>\n<td width=\"100\"><span style=\"color: #008000;\"><strong><a href=\"https:\/\/www.itakaescolapios.org\/wp-content\/uploads\/2017\/10\/CARTEL-EUSKERA.pdf\" target=\"_blank\"><span style=\"color: #008000;\">EUSKERA<\/span><\/a><\/strong><\/span><\/td>\n<td width=\"98\"><span style=\"color: #0000ff;\"><strong><a href=\"https:\/\/www.itakaescolapios.org\/wp-content\/uploads\/2017\/10\/cartel-GRACIAS-2017-EUSK.pdf\" target=\"_blank\"><span style=\"color: #0000ff;\">ESKERRIK ASKO<\/span><\/a><\/strong><\/span><\/td>\n<td width=\"96\"><span style=\"color: #ff6600;\"><strong><a href=\"https:\/\/www.itakaescolapios.org\/wp-content\/uploads\/2017\/10\/sukal__-sin-fondo.pdf\" target=\"_blank\"><span style=\"color: #ff6600;\">SUKAL<\/span><\/a><\/strong><\/span><\/td>\n<td width=\"106\"><span style=\"color: #800080;\"><strong><a href=\"https:\/\/www.itakaescolapios.org\/wp-content\/uploads\/2017\/10\/sukal_blanco-y-negro.pdf\" target=\"_blank\"><span style=\"color: #800080;\">SUKAL l\u00ednea<\/span><\/a><\/strong><\/span><\/td>\n<\/tr>\n<tr>\n<td width=\"99\" height=\"41\"><span style=\"color: #800000;\"><strong><a href=\"https:\/\/www.itakaescolapios.org\/wp-content\/uploads\/2017\/10\/LOGO-ETS-VAL.pdf\" target=\"_blank\"><span style=\"color: #800000;\">VALENCIANO<\/span><\/a><\/strong><\/span><\/td>\n<td width=\"100\"><span style=\"color: #008000;\"><strong><a href=\"https:\/\/www.itakaescolapios.org\/wp-content\/uploads\/2017\/10\/CARTEL-VALENCIANO.pdf\" target=\"_blank\"><span style=\"color: #008000;\">VALENCIANO<\/span><\/a><\/strong><\/span><\/td>\n<td width=\"98\"><span style=\"color: #0000ff;\"><strong>GRACIES<\/strong><\/span><\/td>\n<td width=\"96\"><span style=\"color: #ff6600;\"><strong><a href=\"https:\/\/www.itakaescolapios.org\/wp-content\/uploads\/2017\/10\/quisap4-sin-fondo.pdf\" target=\"_blank\"><span style=\"color: #ff6600;\">QUISAP<\/span><\/a><\/strong><\/span><\/td>\n<td width=\"106\"><span style=\"color: #800080;\"><strong><a href=\"https:\/\/www.itakaescolapios.org\/wp-content\/uploads\/2017\/10\/quisap_blanco-y-negro.pdf\" target=\"_blank\"><span style=\"color: #800080;\">QUISAP l\u00ednea<\/span><\/a><\/strong><\/span><\/td>\n<\/tr>\n<tr>\n<td width=\"99\" height=\"41\"><span style=\"color: #800000;\"><strong><a href=\"https:\/\/www.itakaescolapios.org\/wp-content\/uploads\/2017\/10\/LOGO-ETS-GAL.pdf\" target=\"_blank\"><span style=\"color: #800000;\">GALLEGO<\/span><\/a><\/strong><\/span><\/td>\n<td width=\"100\"><span style=\"color: #008000;\"><strong><a href=\"https:\/\/www.itakaescolapios.org\/wp-content\/uploads\/2017\/10\/CARTEL-GALLEGO.pdf\" target=\"_blank\"><span style=\"color: #008000;\">GALLEGO<\/span><\/a><\/strong><\/span><\/td>\n<td width=\"98\"><\/td>\n<td width=\"96\"><span style=\"color: #ff6600;\"><strong><a href=\"https:\/\/www.itakaescolapios.org\/wp-content\/uploads\/2017\/10\/canoa1.pdf\" target=\"_blank\"><span style=\"color: #ff6600;\">CANOA<\/span><\/a><\/strong><\/span><\/td>\n<td width=\"106\"><span style=\"color: #800080;\"><strong><a href=\"https:\/\/www.itakaescolapios.org\/wp-content\/uploads\/2017\/10\/canoa_blanco-y-negro.pdf\" target=\"_blank\"><span style=\"color: #800080;\">CANOA l\u00ednea<\/span><\/a><\/strong><\/span><\/td>\n<\/tr>\n<tr>\n<td width=\"99\" height=\"22\"><span style=\"color: #800000;\"><strong><a href=\"https:\/\/www.itakaescolapios.org\/wp-content\/uploads\/2017\/10\/LOGO-ETS-QUECHUA.pdf\" target=\"_blank\"><span style=\"color: #800000;\">QUECHUA<\/span><\/a><\/strong><\/span><\/td>\n<td width=\"100\"><span style=\"color: #008000;\"><strong><a href=\"https:\/\/www.itakaescolapios.org\/wp-content\/uploads\/2017\/10\/CARTEL-QUECHUA.pdf\" target=\"_blank\"><span style=\"color: #008000;\">QUECHUA<\/span><\/a><\/strong><\/span><\/td>\n<td width=\"98\"><\/td>\n<td width=\"96\"><\/td>\n<td width=\"106\"><\/td>\n<\/tr>\n<tr>\n<td width=\"99\" height=\"22\"><span style=\"color: #800000;\"><strong><a href=\"https:\/\/www.itakaescolapios.org\/wp-content\/uploads\/2017\/10\/LOGO-ETS-WOLOF.pdf\" target=\"_blank\"><span style=\"color: #800000;\">WOLOF<\/span><\/a><\/strong><\/span><\/td>\n<td width=\"100\"><\/td>\n<td width=\"98\"><\/td>\n<td width=\"96\"><\/td>\n<td width=\"106\"><\/td>\n<\/tr>\n<tr>\n<td width=\"99\" height=\"22\"><span style=\"color: #800000;\"><strong><a href=\"https:\/\/www.itakaescolapios.org\/wp-content\/uploads\/2017\/10\/LOGO-ETS-BAHASA.pdf\" target=\"_blank\"><span style=\"color: #800000;\">BAHASA<\/span><\/a><\/strong><\/span><\/td>\n<td width=\"100\"><span style=\"color: #008000;\"><strong><a href=\"https:\/\/www.itakaescolapios.org\/wp-content\/uploads\/2017\/10\/CARTEL-ITAKA-C1718-INDO.pdf\" target=\"_blank\"><span style=\"color: #008000;\">BAHASA<\/span><\/a><\/strong><\/span><\/td>\n<td width=\"98\"><\/td>\n<td width=\"96\"><\/td>\n<td width=\"106\"><\/td>\n<\/tr>\n<tr>\n<td width=\"99\" height=\"22\"><span style=\"color: #800000;\"><strong><a href=\"https:\/\/www.itakaescolapios.org\/wp-content\/uploads\/2017\/10\/LOGO-ETS-TAGALO.pdf\"><span style=\"color: #800000;\">TAGALO<\/span><\/a><\/strong><\/span><\/td>\n<td width=\"100\"><span style=\"color: #008000;\"><strong><a href=\"https:\/\/www.itakaescolapios.org\/wp-content\/uploads\/2017\/10\/CARTEL-ITAKA-C1718-TAGALO.pdf\"><span style=\"color: #008000;\">TAGALO<\/span><\/a><\/strong><\/span><\/td>\n<td width=\"98\"><\/td>\n<td width=\"96\"><\/td>\n<td width=\"106\"><\/td>\n<\/tr>\n<\/tbody>\n<\/table>\n","protected":false},"excerpt":{"rendered":"<p>Download the campaign&#8217;s posters and images, click on each one of the links: \u00a0 POSTERS CHARACTERS CAMPAIGN LOGO CAMPAIGN POSTER THANK YOU KAMDA COLOR TO COLOR ESPA\u00d1OL ESPA\u00d1OL GRACIAS CALASANZ [&hellip;]<\/p>\n","protected":false},"author":46,"featured_media":0,"parent":20613,"menu_order":7,"comment_status":"closed","ping_status":"closed","template":"","meta":{"_et_pb_use_builder":"","_et_pb_old_content":"","_et_gb_content_width":"","footnotes":""},"class_list":["post-20708","page","type-page","status-publish","hentry"],"yoast_head":"<!-- This site is optimized with the Yoast SEO plugin v27.5 - https:\/\/yoast.com\/product\/yoast-seo-wordpress\/ -->\n<title>POSTERS<\/title>\n<meta name=\"description\" content=\"Download the campaign&#039;s posters and images, click on each one of the links: \u00a0 POSTERS CHARACTERS CAMPAIGN LOGO CAMPAIGN POSTER THANK YOU KAMDA COLOR TO COLOR ESPA\u00d1OL ESPA\u00d1OL GRACIAS CALASANZ CALASANZ l\u00ednea INGL\u00c9S INGL\u00c9S MARINE MARINE l\u00ednea FRANC\u00c9S FRANC\u00c9S BLA BLA l\u00ednea PORTUGU\u00c9S PORTUGU\u00c9S JIWA JIWA l\u00ednea EUSKERA EUSKERA ESKERRIK ASKO SUKAL SUKAL l\u00ednea VALENCIANO&hellip;\" \/>\n<meta name=\"robots\" content=\"index, follow, max-snippet:-1, max-image-preview:large, max-video-preview:-1\" \/>\n<link rel=\"canonical\" href=\"\" \/>\n<meta property=\"og:locale\" content=\"en_US\" \/>\n<meta property=\"og:type\" content=\"article\" \/>\n<meta property=\"og:title\" content=\"POSTERS\" \/>\n<meta property=\"og:description\" content=\"Download the campaign&#039;s posters and images, click on each one of the links: \u00a0 POSTERS CHARACTERS CAMPAIGN LOGO CAMPAIGN POSTER THANK YOU KAMDA COLOR TO COLOR ESPA\u00d1OL ESPA\u00d1OL GRACIAS CALASANZ CALASANZ l\u00ednea INGL\u00c9S INGL\u00c9S MARINE MARINE l\u00ednea FRANC\u00c9S FRANC\u00c9S BLA BLA l\u00ednea PORTUGU\u00c9S PORTUGU\u00c9S JIWA JIWA l\u00ednea EUSKERA EUSKERA ESKERRIK ASKO SUKAL SUKAL l\u00ednea VALENCIANO&hellip;\" \/>\n<meta property=\"og:url\" content=\"https:\/\/www.itakaescolapios.org\/en\/campanas\/2017-2018-el-tesoro-de-senegal\/carteleria\/\" \/>\n<meta property=\"og:site_name\" content=\"Proofs in Itaka-Escolapios\" \/>\n<meta property=\"article:modified_time\" content=\"2023-11-28T11:37:47+00:00\" \/>\n<meta name=\"twitter:card\" content=\"summary_large_image\" \/>\n<script type=\"application\/ld+json\" class=\"yoast-schema-graph\">{\"@context\":\"https:\\\/\\\/schema.org\",\"@graph\":[{\"@type\":\"WebPage\",\"@id\":\"https:\\\/\\\/www.itakaescolapios.org\\\/en\\\/campanas\\\/2017-2018-el-tesoro-de-senegal\\\/carteleria\\\/\",\"url\":\"https:\\\/\\\/www.itakaescolapios.org\\\/en\\\/campanas\\\/2017-2018-el-tesoro-de-senegal\\\/carteleria\\\/\",\"name\":\"CARTELER\u00cdA - Proofs in Itaka-Escolapios\",\"isPartOf\":{\"@id\":\"https:\\\/\\\/www.itakaescolapios.org\\\/es\\\/#website\"},\"datePublished\":\"2017-10-30T11:02:05+00:00\",\"dateModified\":\"2023-11-28T11:37:47+00:00\",\"breadcrumb\":{\"@id\":\"https:\\\/\\\/www.itakaescolapios.org\\\/en\\\/campanas\\\/2017-2018-el-tesoro-de-senegal\\\/carteleria\\\/#breadcrumb\"},\"inLanguage\":\"en-US\",\"potentialAction\":[{\"@type\":\"ReadAction\",\"target\":[\"https:\\\/\\\/www.itakaescolapios.org\\\/en\\\/campanas\\\/2017-2018-el-tesoro-de-senegal\\\/carteleria\\\/\"]}]},{\"@type\":\"BreadcrumbList\",\"@id\":\"https:\\\/\\\/www.itakaescolapios.org\\\/en\\\/campanas\\\/2017-2018-el-tesoro-de-senegal\\\/carteleria\\\/#breadcrumb\",\"itemListElement\":[{\"@type\":\"ListItem\",\"position\":1,\"name\":\"Itaka-Escolapios\",\"item\":\"https:\\\/\\\/www.itakaescolapios.org\\\/es\\\/\"},{\"@type\":\"ListItem\",\"position\":2,\"name\":\"Campaigns\",\"item\":\"https:\\\/\\\/www.itakaescolapios.org\\\/es\\\/campanas\\\/\"},{\"@type\":\"ListItem\",\"position\":3,\"name\":\"2017-2018 SENEGAL\u2019S TREASURE\",\"item\":\"https:\\\/\\\/www.itakaescolapios.org\\\/es\\\/campanas\\\/2017-2018-el-tesoro-de-senegal\\\/\"},{\"@type\":\"ListItem\",\"position\":4,\"name\":\"POSTERS\"}]},{\"@type\":\"WebSite\",\"@id\":\"https:\\\/\\\/www.itakaescolapios.org\\\/en\\\/es\\\/#website\",\"url\":\"https:\\\/\\\/www.itakaescolapios.org\\\/en\\\/es\\\/\",\"name\":\"Itaka-Escolapios\",\"description\":\"Red de Itaka-Escolapios\",\"publisher\":{\"@id\":\"https:\\\/\\\/www.itakaescolapios.org\\\/en\\\/es\\\/#organization\"},\"potentialAction\":[{\"@type\":\"SearchAction\",\"target\":{\"@type\":\"EntryPoint\",\"urlTemplate\":\"https:\\\/\\\/www.itakaescolapios.org\\\/en\\\/es\\\/?s={search_term_string}\"},\"query-input\":{\"@type\":\"PropertyValueSpecification\",\"valueRequired\":true,\"valueName\":\"search_term_string\"}}],\"inLanguage\":\"en-US\"},{\"@type\":\"Organization\",\"@id\":\"https:\\\/\\\/www.itakaescolapios.org\\\/en\\\/es\\\/#organization\",\"name\":\"Fundaci\u00f3 Itaka-Escolapios\",\"url\":\"https:\\\/\\\/www.itakaescolapios.org\\\/en\\\/es\\\/\",\"logo\":{\"@type\":\"ImageObject\",\"inLanguage\":\"en-US\",\"@id\":\"https:\\\/\\\/www.itakaescolapios.org\\\/en\\\/es\\\/#\\\/schema\\\/logo\\\/image\\\/\",\"url\":\"https:\\\/\\\/www.itakaescolapios.org\\\/wp-content\\\/uploads\\\/2024\\\/04\\\/Logo-itakaescolapios-peque.png\",\"contentUrl\":\"https:\\\/\\\/www.itakaescolapios.org\\\/wp-content\\\/uploads\\\/2024\\\/04\\\/Logo-itakaescolapios-peque.png\",\"width\":500,\"height\":199,\"caption\":\"Fundaci\u00f3 Itaka-Escolapios\"},\"image\":{\"@id\":\"https:\\\/\\\/www.itakaescolapios.org\\\/en\\\/es\\\/#\\\/schema\\\/logo\\\/image\\\/\"}}]}<\/script>\n<!-- \/ Yoast SEO plugin. -->","yoast_head_json":{"title":"POSTERS","description":"Download the campaign's posters and images, click on each one of the links: \u00a0 POSTERS CHARACTERS CAMPAIGN LOGO CAMPAIGN POSTER THANK YOU KAMDA COLOR TO COLOR ESPA\u00d1OL ESPA\u00d1OL GRACIAS CALASANZ CALASANZ l\u00ednea INGL\u00c9S INGL\u00c9S MARINE MARINE l\u00ednea FRANC\u00c9S FRANC\u00c9S BLA BLA l\u00ednea PORTUGU\u00c9S PORTUGU\u00c9S JIWA JIWA l\u00ednea EUSKERA EUSKERA ESKERRIK ASKO SUKAL SUKAL l\u00ednea VALENCIANO&hellip;","robots":{"index":"index","follow":"follow","max-snippet":"max-snippet:-1","max-image-preview":"max-image-preview:large","max-video-preview":"max-video-preview:-1"},"canonical":"Download the campaign's posters and images, click on each one of the links: \u00a0 POSTERS CHARACTERS CAMPAIGN LOGO CAMPAIGN POSTER THANK YOU KAMDA COLOR TO COLOR ESPA\u00d1OL ESPA\u00d1OL GRACIAS CALASANZ CALASANZ l\u00ednea INGL\u00c9S INGL\u00c9S MARINE MARINE l\u00ednea FRANC\u00c9S FRANC\u00c9S BLA BLA l\u00ednea PORTUGU\u00c9S PORTUGU\u00c9S JIWA JIWA l\u00ednea EUSKERA EUSKERA ESKERRIK ASKO SUKAL SUKAL l\u00ednea VALENCIANO&hellip;","og_locale":"en_US","og_type":"article","og_title":"POSTERS","og_description":"Download the campaign's posters and images, click on each one of the links: \u00a0 POSTERS CHARACTERS CAMPAIGN LOGO CAMPAIGN POSTER THANK YOU KAMDA COLOR TO COLOR ESPA\u00d1OL ESPA\u00d1OL GRACIAS CALASANZ CALASANZ l\u00ednea INGL\u00c9S INGL\u00c9S MARINE MARINE l\u00ednea FRANC\u00c9S FRANC\u00c9S BLA BLA l\u00ednea PORTUGU\u00c9S PORTUGU\u00c9S JIWA JIWA l\u00ednea EUSKERA EUSKERA ESKERRIK ASKO SUKAL SUKAL l\u00ednea VALENCIANO&hellip;","og_url":"https:\/\/www.itakaescolapios.org\/en\/campanas\/2017-2018-el-tesoro-de-senegal\/carteleria\/","og_site_name":"Proofs in Itaka-Escolapios","article_modified_time":"2023-11-28T11:37:47+00:00","twitter_card":"summary_large_image","schema":{"@context":"https:\/\/schema.org","@graph":[{"@type":"WebPage","@id":"https:\/\/www.itakaescolapios.org\/en\/campanas\/2017-2018-el-tesoro-de-senegal\/carteleria\/","url":"https:\/\/www.itakaescolapios.org\/en\/campanas\/2017-2018-el-tesoro-de-senegal\/carteleria\/","name":"CARTELER\u00cdA - Proofs in Itaka-Escolapios","isPartOf":{"@id":"https:\/\/www.itakaescolapios.org\/es\/#website"},"datePublished":"2017-10-30T11:02:05+00:00","dateModified":"2023-11-28T11:37:47+00:00","breadcrumb":{"@id":"https:\/\/www.itakaescolapios.org\/en\/campanas\/2017-2018-el-tesoro-de-senegal\/carteleria\/#breadcrumb"},"inLanguage":"en-US","potentialAction":[{"@type":"ReadAction","target":["https:\/\/www.itakaescolapios.org\/en\/campanas\/2017-2018-el-tesoro-de-senegal\/carteleria\/"]}]},{"@type":"BreadcrumbList","@id":"https:\/\/www.itakaescolapios.org\/en\/campanas\/2017-2018-el-tesoro-de-senegal\/carteleria\/#breadcrumb","itemListElement":[{"@type":"ListItem","position":1,"name":"Itaka-Escolapios","item":"https:\/\/www.itakaescolapios.org\/es\/"},{"@type":"ListItem","position":2,"name":"Campaigns","item":"https:\/\/www.itakaescolapios.org\/es\/campanas\/"},{"@type":"ListItem","position":3,"name":"2017-2018 SENEGAL\u2019S TREASURE","item":"https:\/\/www.itakaescolapios.org\/es\/campanas\/2017-2018-el-tesoro-de-senegal\/"},{"@type":"ListItem","position":4,"name":"POSTERS"}]},{"@type":"WebSite","@id":"https:\/\/www.itakaescolapios.org\/en\/es\/#website","url":"https:\/\/www.itakaescolapios.org\/en\/es\/","name":"Itaka-Escolapios","description":"Red de Itaka-Escolapios","publisher":{"@id":"https:\/\/www.itakaescolapios.org\/en\/es\/#organization"},"potentialAction":[{"@type":"SearchAction","target":{"@type":"EntryPoint","urlTemplate":"https:\/\/www.itakaescolapios.org\/en\/es\/?s={search_term_string}"},"query-input":{"@type":"PropertyValueSpecification","valueRequired":true,"valueName":"search_term_string"}}],"inLanguage":"en-US"},{"@type":"Organization","@id":"https:\/\/www.itakaescolapios.org\/en\/es\/#organization","name":"Fundaci\u00f3 Itaka-Escolapios","url":"https:\/\/www.itakaescolapios.org\/en\/es\/","logo":{"@type":"ImageObject","inLanguage":"en-US","@id":"https:\/\/www.itakaescolapios.org\/en\/es\/#\/schema\/logo\/image\/","url":"https:\/\/www.itakaescolapios.org\/wp-content\/uploads\/2024\/04\/Logo-itakaescolapios-peque.png","contentUrl":"https:\/\/www.itakaescolapios.org\/wp-content\/uploads\/2024\/04\/Logo-itakaescolapios-peque.png","width":500,"height":199,"caption":"Fundaci\u00f3 Itaka-Escolapios"},"image":{"@id":"https:\/\/www.itakaescolapios.org\/en\/es\/#\/schema\/logo\/image\/"}}]}},"_links":{"self":[{"href":"https:\/\/www.itakaescolapios.org\/en\/wp-json\/wp\/v2\/pages\/20708","targetHints":{"allow":["GET"]}}],"collection":[{"href":"https:\/\/www.itakaescolapios.org\/en\/wp-json\/wp\/v2\/pages"}],"about":[{"href":"https:\/\/www.itakaescolapios.org\/en\/wp-json\/wp\/v2\/types\/page"}],"author":[{"embeddable":true,"href":"https:\/\/www.itakaescolapios.org\/en\/wp-json\/wp\/v2\/users\/46"}],"replies":[{"embeddable":true,"href":"https:\/\/www.itakaescolapios.org\/en\/wp-json\/wp\/v2\/comments?post=20708"}],"version-history":[{"count":33,"href":"https:\/\/www.itakaescolapios.org\/en\/wp-json\/wp\/v2\/pages\/20708\/revisions"}],"predecessor-version":[{"id":47286,"href":"https:\/\/www.itakaescolapios.org\/en\/wp-json\/wp\/v2\/pages\/20708\/revisions\/47286"}],"up":[{"embeddable":true,"href":"https:\/\/www.itakaescolapios.org\/en\/wp-json\/wp\/v2\/pages\/20613"}],"wp:attachment":[{"href":"https:\/\/www.itakaescolapios.org\/en\/wp-json\/wp\/v2\/media?parent=20708"}],"curies":[{"name":"wp","href":"https:\/\/api.w.org\/{rel}","templated":true}]}}