{"id":21041,"date":"2017-11-14T17:57:19","date_gmt":"2017-11-14T16:57:19","guid":{"rendered":"https:\/\/www.itakaescolapios.org\/?page_id=21041"},"modified":"2023-11-28T12:37:46","modified_gmt":"2023-11-28T11:37:46","slug":"internado-de-sokone-senegal","status":"publish","type":"page","link":"https:\/\/www.itakaescolapios.org\/en\/what-we-do\/internados\/internado-de-sokone-senegal\/","title":{"rendered":"INTERNADO DE SOKONE (SENEGAL)"},"content":{"rendered":"<p>El internado de Sokone ofrece una soluci\u00f3n a las dificultades educativas que algunos padres encuentran en las zonas rurales. En particular, ofrecen un hogar a los ni\u00f1os y ni\u00f1as que vienen de las aldeas vecinas para estudiar. Cabe se\u00f1alar tambi\u00e9n que muchos padres, fuera de la ciudad, env\u00edan a sus hijos a estudiar all\u00ed por los buenos resultados obtenidos en las escuelas p\u00fablicas y privadas. El mayor desaf\u00edo del internado es ayudar a los padres en su misi\u00f3n educativa. Gracias al clima creado en el internado, los internos adquieren muchos vaores: solidaridad, fraternidad, respeto al pr\u00f3jimo, convivencia, tolerancia religiosa, interculturalidad, sacrificio escolar, esp\u00edritu de grupo, &#8230; Terminan su educaci\u00f3n con un plus que les permitir\u00e1 luchar a nivel acad\u00e9mico y social para triunfar en la vida profesional e incluso social. Debido a su naturaleza mixta, el internado Sokone, dividido en dos grandes edificios, proporciona un entorno ideal para que los ni\u00f1os y ni\u00f1as se desarrollen en todos los niveles y satisfagan las necesidades de la poblaci\u00f3n rural. Todo este trabajo realizado por los Padres Escolapios responde a su vocaci\u00f3n primordial de evangelizar educando a los ni\u00f1os y j\u00f3venes, especialmente a los m\u00e1s pobres, a trav\u00e9s de su binomio: la piedad y las letras. Los padres sienten que los est\u00e1n apoyando en su trabajo a trav\u00e9s del apoyo que reciben de los Padres Escolapios. Este a\u00f1o escolar 2016-2017, este internado mixto ha atendido a 86 internos, entre ellos 41 ni\u00f1as y 45 ni\u00f1os.<\/p>\n","protected":false},"excerpt":{"rendered":"<p>El internado de Sokone ofrece una soluci\u00f3n a las dificultades educativas que algunos padres encuentran en las zonas rurales. En particular, ofrecen un hogar a los ni\u00f1os y ni\u00f1as que [&hellip;]<\/p>\n","protected":false},"author":46,"featured_media":21042,"parent":93,"menu_order":7,"comment_status":"closed","ping_status":"closed","template":"","meta":{"_et_pb_use_builder":"","_et_pb_old_content":"","_et_gb_content_width":"","footnotes":""},"class_list":["post-21041","page","type-page","status-publish","has-post-thumbnail","hentry"],"yoast_head":"<!-- This site is optimized with the Yoast SEO plugin v27.3 - https:\/\/yoast.com\/product\/yoast-seo-wordpress\/ -->\n<title>INTERNADO DE SOKONE (SENEGAL)<\/title>\n<meta name=\"description\" content=\"El internado de Sokone ofrece una soluci\u00f3n a las dificultades educativas que algunos padres encuentran en las zonas rurales. En particular, ofrecen un hogar a los ni\u00f1os y ni\u00f1as que vienen de las aldeas vecinas para estudiar. Cabe se\u00f1alar tambi\u00e9n que muchos padres, fuera de la ciudad, env\u00edan a sus hijos a estudiar all\u00ed por&hellip;\" \/>\n<meta name=\"robots\" content=\"index, follow, max-snippet:-1, max-image-preview:large, max-video-preview:-1\" \/>\n<link rel=\"canonical\" href=\"http:\/\/El%20internado%20de%20Sokone%20ofrece%20una%20soluci\u00f3n%20a%20las%20dificultades%20educativas%20que%20algunos%20padres%20encuentran%20en%20las%20zonas%20rurales.%20En%20particular,%20ofrecen%20un%20hogar%20a%20los%20ni\u00f1os%20y%20ni\u00f1as%20que%20vienen%20de%20las%20aldeas%20vecinas%20para%20estudiar.%20Cabe%20se\u00f1alar%20tambi\u00e9n%20que%20muchos%20padres,%20fuera%20de%20la%20ciudad,%20env\u00edan%20a%20sus%20hijos%20a%20estudiar%20all\u00ed%20por&hellip;\" \/>\n<meta property=\"og:locale\" content=\"en_US\" \/>\n<meta property=\"og:type\" content=\"article\" \/>\n<meta property=\"og:title\" content=\"INTERNADO DE SOKONE (SENEGAL)\" \/>\n<meta property=\"og:description\" content=\"El internado de Sokone ofrece una soluci\u00f3n a las dificultades educativas que algunos padres encuentran en las zonas rurales. En particular, ofrecen un hogar a los ni\u00f1os y ni\u00f1as que vienen de las aldeas vecinas para estudiar. Cabe se\u00f1alar tambi\u00e9n que muchos padres, fuera de la ciudad, env\u00edan a sus hijos a estudiar all\u00ed por&hellip;\" \/>\n<meta property=\"og:url\" content=\"https:\/\/www.itakaescolapios.org\/en\/what-we-do\/internados\/internado-de-sokone-senegal\/\" \/>\n<meta property=\"og:site_name\" content=\"Proofs in Itaka-Escolapios\" \/>\n<meta property=\"article:modified_time\" content=\"2023-11-28T11:37:46+00:00\" \/>\n<meta property=\"og:image\" content=\"https:\/\/www.itakaescolapios.org\/wp-content\/uploads\/2017\/11\/Internat-de-Sokone-1.jpg\" \/>\n\t<meta property=\"og:image:width\" content=\"1040\" \/>\n\t<meta property=\"og:image:height\" content=\"780\" \/>\n\t<meta property=\"og:image:type\" content=\"image\/jpeg\" \/>\n<meta name=\"twitter:card\" content=\"summary_large_image\" \/>\n<meta name=\"twitter:label1\" content=\"Est. reading time\" \/>\n\t<meta name=\"twitter:data1\" content=\"1 minute\" \/>\n<script type=\"application\/ld+json\" class=\"yoast-schema-graph\">{\"@context\":\"https:\\\/\\\/schema.org\",\"@graph\":[{\"@type\":\"WebPage\",\"@id\":\"https:\\\/\\\/www.itakaescolapios.org\\\/en\\\/what-we-do\\\/internados\\\/internado-de-sokone-senegal\\\/\",\"url\":\"https:\\\/\\\/www.itakaescolapios.org\\\/en\\\/what-we-do\\\/internados\\\/internado-de-sokone-senegal\\\/\",\"name\":\"INTERNADO DE SOKONE (SENEGAL) - Proofs in Itaka-Escolapios\",\"isPartOf\":{\"@id\":\"https:\\\/\\\/www.itakaescolapios.org\\\/es\\\/#website\"},\"primaryImageOfPage\":{\"@id\":\"https:\\\/\\\/www.itakaescolapios.org\\\/en\\\/what-we-do\\\/internados\\\/internado-de-sokone-senegal\\\/#primaryimage\"},\"image\":{\"@id\":\"https:\\\/\\\/www.itakaescolapios.org\\\/en\\\/what-we-do\\\/internados\\\/internado-de-sokone-senegal\\\/#primaryimage\"},\"thumbnailUrl\":\"https:\\\/\\\/www.itakaescolapios.org\\\/wp-content\\\/uploads\\\/2017\\\/11\\\/Internat-de-Sokone-1.jpg\",\"datePublished\":\"2017-11-14T16:57:19+00:00\",\"dateModified\":\"2023-11-28T11:37:46+00:00\",\"breadcrumb\":{\"@id\":\"https:\\\/\\\/www.itakaescolapios.org\\\/en\\\/what-we-do\\\/internados\\\/internado-de-sokone-senegal\\\/#breadcrumb\"},\"inLanguage\":\"en-US\",\"potentialAction\":[{\"@type\":\"ReadAction\",\"target\":[\"https:\\\/\\\/www.itakaescolapios.org\\\/en\\\/what-we-do\\\/internados\\\/internado-de-sokone-senegal\\\/\"]}]},{\"@type\":\"ImageObject\",\"inLanguage\":\"en-US\",\"@id\":\"https:\\\/\\\/www.itakaescolapios.org\\\/en\\\/what-we-do\\\/internados\\\/internado-de-sokone-senegal\\\/#primaryimage\",\"url\":\"https:\\\/\\\/www.itakaescolapios.org\\\/wp-content\\\/uploads\\\/2017\\\/11\\\/Internat-de-Sokone-1.jpg\",\"contentUrl\":\"https:\\\/\\\/www.itakaescolapios.org\\\/wp-content\\\/uploads\\\/2017\\\/11\\\/Internat-de-Sokone-1.jpg\",\"width\":1040,\"height\":780},{\"@type\":\"BreadcrumbList\",\"@id\":\"https:\\\/\\\/www.itakaescolapios.org\\\/en\\\/what-we-do\\\/internados\\\/internado-de-sokone-senegal\\\/#breadcrumb\",\"itemListElement\":[{\"@type\":\"ListItem\",\"position\":1,\"name\":\"Proof\",\"item\":\"https:\\\/\\\/www.itakaescolapios.org\\\/es\\\/\"},{\"@type\":\"ListItem\",\"position\":2,\"name\":\"What we do\",\"item\":\"https:\\\/\\\/www.itakaescolapios.org\\\/es\\\/que-hacemos\\\/\"},{\"@type\":\"ListItem\",\"position\":3,\"name\":\"BOARDING SCHOOLS\",\"item\":\"https:\\\/\\\/www.itakaescolapios.org\\\/es\\\/que-hacemos\\\/internados\\\/\"},{\"@type\":\"ListItem\",\"position\":4,\"name\":\"INTERNADO DE SOKONE (SENEGAL)\"}]},{\"@type\":\"WebSite\",\"@id\":\"https:\\\/\\\/www.itakaescolapios.org\\\/en\\\/es\\\/#website\",\"url\":\"https:\\\/\\\/www.itakaescolapios.org\\\/en\\\/es\\\/\",\"name\":\"Itaka-Escolapios\",\"description\":\"Red de Itaka-Escolapios\",\"publisher\":{\"@id\":\"https:\\\/\\\/www.itakaescolapios.org\\\/en\\\/es\\\/#organization\"},\"potentialAction\":[{\"@type\":\"SearchAction\",\"target\":{\"@type\":\"EntryPoint\",\"urlTemplate\":\"https:\\\/\\\/www.itakaescolapios.org\\\/en\\\/es\\\/?s={search_term_string}\"},\"query-input\":{\"@type\":\"PropertyValueSpecification\",\"valueRequired\":true,\"valueName\":\"search_term_string\"}}],\"inLanguage\":\"en-US\"},{\"@type\":\"Organization\",\"@id\":\"https:\\\/\\\/www.itakaescolapios.org\\\/en\\\/es\\\/#organization\",\"name\":\"Fundaci\u00f3 Itaka-Escolapios\",\"url\":\"https:\\\/\\\/www.itakaescolapios.org\\\/en\\\/es\\\/\",\"logo\":{\"@type\":\"ImageObject\",\"inLanguage\":\"en-US\",\"@id\":\"https:\\\/\\\/www.itakaescolapios.org\\\/en\\\/es\\\/#\\\/schema\\\/logo\\\/image\\\/\",\"url\":\"https:\\\/\\\/www.itakaescolapios.org\\\/wp-content\\\/uploads\\\/2024\\\/04\\\/Logo-itakaescolapios-peque.png\",\"contentUrl\":\"https:\\\/\\\/www.itakaescolapios.org\\\/wp-content\\\/uploads\\\/2024\\\/04\\\/Logo-itakaescolapios-peque.png\",\"width\":500,\"height\":199,\"caption\":\"Fundaci\u00f3 Itaka-Escolapios\"},\"image\":{\"@id\":\"https:\\\/\\\/www.itakaescolapios.org\\\/en\\\/es\\\/#\\\/schema\\\/logo\\\/image\\\/\"}}]}<\/script>\n<!-- \/ Yoast SEO plugin. -->","yoast_head_json":{"title":"INTERNADO DE SOKONE (SENEGAL)","description":"El internado de Sokone ofrece una soluci\u00f3n a las dificultades educativas que algunos padres encuentran en las zonas rurales. En particular, ofrecen un hogar a los ni\u00f1os y ni\u00f1as que vienen de las aldeas vecinas para estudiar. Cabe se\u00f1alar tambi\u00e9n que muchos padres, fuera de la ciudad, env\u00edan a sus hijos a estudiar all\u00ed por&hellip;","robots":{"index":"index","follow":"follow","max-snippet":"max-snippet:-1","max-image-preview":"max-image-preview:large","max-video-preview":"max-video-preview:-1"},"canonical":"El internado de Sokone ofrece una soluci\u00f3n a las dificultades educativas que algunos padres encuentran en las zonas rurales. En particular, ofrecen un hogar a los ni\u00f1os y ni\u00f1as que vienen de las aldeas vecinas para estudiar. Cabe se\u00f1alar tambi\u00e9n que muchos padres, fuera de la ciudad, env\u00edan a sus hijos a estudiar all\u00ed por&hellip;","og_locale":"en_US","og_type":"article","og_title":"INTERNADO DE SOKONE (SENEGAL)","og_description":"El internado de Sokone ofrece una soluci\u00f3n a las dificultades educativas que algunos padres encuentran en las zonas rurales. En particular, ofrecen un hogar a los ni\u00f1os y ni\u00f1as que vienen de las aldeas vecinas para estudiar. Cabe se\u00f1alar tambi\u00e9n que muchos padres, fuera de la ciudad, env\u00edan a sus hijos a estudiar all\u00ed por&hellip;","og_url":"https:\/\/www.itakaescolapios.org\/en\/what-we-do\/internados\/internado-de-sokone-senegal\/","og_site_name":"Proofs in Itaka-Escolapios","article_modified_time":"2023-11-28T11:37:46+00:00","og_image":[{"width":1040,"height":780,"url":"https:\/\/www.itakaescolapios.org\/wp-content\/uploads\/2017\/11\/Internat-de-Sokone-1.jpg","type":"image\/jpeg"}],"twitter_card":"summary_large_image","twitter_misc":{"Est. reading time":"1 minute"},"schema":{"@context":"https:\/\/schema.org","@graph":[{"@type":"WebPage","@id":"https:\/\/www.itakaescolapios.org\/en\/what-we-do\/internados\/internado-de-sokone-senegal\/","url":"https:\/\/www.itakaescolapios.org\/en\/what-we-do\/internados\/internado-de-sokone-senegal\/","name":"INTERNADO DE SOKONE (SENEGAL) - Proofs in Itaka-Escolapios","isPartOf":{"@id":"https:\/\/www.itakaescolapios.org\/es\/#website"},"primaryImageOfPage":{"@id":"https:\/\/www.itakaescolapios.org\/en\/what-we-do\/internados\/internado-de-sokone-senegal\/#primaryimage"},"image":{"@id":"https:\/\/www.itakaescolapios.org\/en\/what-we-do\/internados\/internado-de-sokone-senegal\/#primaryimage"},"thumbnailUrl":"https:\/\/www.itakaescolapios.org\/wp-content\/uploads\/2017\/11\/Internat-de-Sokone-1.jpg","datePublished":"2017-11-14T16:57:19+00:00","dateModified":"2023-11-28T11:37:46+00:00","breadcrumb":{"@id":"https:\/\/www.itakaescolapios.org\/en\/what-we-do\/internados\/internado-de-sokone-senegal\/#breadcrumb"},"inLanguage":"en-US","potentialAction":[{"@type":"ReadAction","target":["https:\/\/www.itakaescolapios.org\/en\/what-we-do\/internados\/internado-de-sokone-senegal\/"]}]},{"@type":"ImageObject","inLanguage":"en-US","@id":"https:\/\/www.itakaescolapios.org\/en\/what-we-do\/internados\/internado-de-sokone-senegal\/#primaryimage","url":"https:\/\/www.itakaescolapios.org\/wp-content\/uploads\/2017\/11\/Internat-de-Sokone-1.jpg","contentUrl":"https:\/\/www.itakaescolapios.org\/wp-content\/uploads\/2017\/11\/Internat-de-Sokone-1.jpg","width":1040,"height":780},{"@type":"BreadcrumbList","@id":"https:\/\/www.itakaescolapios.org\/en\/what-we-do\/internados\/internado-de-sokone-senegal\/#breadcrumb","itemListElement":[{"@type":"ListItem","position":1,"name":"Proof","item":"https:\/\/www.itakaescolapios.org\/es\/"},{"@type":"ListItem","position":2,"name":"What we do","item":"https:\/\/www.itakaescolapios.org\/es\/que-hacemos\/"},{"@type":"ListItem","position":3,"name":"BOARDING SCHOOLS","item":"https:\/\/www.itakaescolapios.org\/es\/que-hacemos\/internados\/"},{"@type":"ListItem","position":4,"name":"INTERNADO DE SOKONE (SENEGAL)"}]},{"@type":"WebSite","@id":"https:\/\/www.itakaescolapios.org\/en\/es\/#website","url":"https:\/\/www.itakaescolapios.org\/en\/es\/","name":"Itaka-Escolapios","description":"Red de Itaka-Escolapios","publisher":{"@id":"https:\/\/www.itakaescolapios.org\/en\/es\/#organization"},"potentialAction":[{"@type":"SearchAction","target":{"@type":"EntryPoint","urlTemplate":"https:\/\/www.itakaescolapios.org\/en\/es\/?s={search_term_string}"},"query-input":{"@type":"PropertyValueSpecification","valueRequired":true,"valueName":"search_term_string"}}],"inLanguage":"en-US"},{"@type":"Organization","@id":"https:\/\/www.itakaescolapios.org\/en\/es\/#organization","name":"Fundaci\u00f3 Itaka-Escolapios","url":"https:\/\/www.itakaescolapios.org\/en\/es\/","logo":{"@type":"ImageObject","inLanguage":"en-US","@id":"https:\/\/www.itakaescolapios.org\/en\/es\/#\/schema\/logo\/image\/","url":"https:\/\/www.itakaescolapios.org\/wp-content\/uploads\/2024\/04\/Logo-itakaescolapios-peque.png","contentUrl":"https:\/\/www.itakaescolapios.org\/wp-content\/uploads\/2024\/04\/Logo-itakaescolapios-peque.png","width":500,"height":199,"caption":"Fundaci\u00f3 Itaka-Escolapios"},"image":{"@id":"https:\/\/www.itakaescolapios.org\/en\/es\/#\/schema\/logo\/image\/"}}]}},"_links":{"self":[{"href":"https:\/\/www.itakaescolapios.org\/en\/wp-json\/wp\/v2\/pages\/21041","targetHints":{"allow":["GET"]}}],"collection":[{"href":"https:\/\/www.itakaescolapios.org\/en\/wp-json\/wp\/v2\/pages"}],"about":[{"href":"https:\/\/www.itakaescolapios.org\/en\/wp-json\/wp\/v2\/types\/page"}],"author":[{"embeddable":true,"href":"https:\/\/www.itakaescolapios.org\/en\/wp-json\/wp\/v2\/users\/46"}],"replies":[{"embeddable":true,"href":"https:\/\/www.itakaescolapios.org\/en\/wp-json\/wp\/v2\/comments?post=21041"}],"version-history":[{"count":3,"href":"https:\/\/www.itakaescolapios.org\/en\/wp-json\/wp\/v2\/pages\/21041\/revisions"}],"predecessor-version":[{"id":47262,"href":"https:\/\/www.itakaescolapios.org\/en\/wp-json\/wp\/v2\/pages\/21041\/revisions\/47262"}],"up":[{"embeddable":true,"href":"https:\/\/www.itakaescolapios.org\/en\/wp-json\/wp\/v2\/pages\/93"}],"wp:featuredmedia":[{"embeddable":true,"href":"https:\/\/www.itakaescolapios.org\/en\/wp-json\/wp\/v2\/media\/21042"}],"wp:attachment":[{"href":"https:\/\/www.itakaescolapios.org\/en\/wp-json\/wp\/v2\/media?parent=21041"}],"curies":[{"name":"wp","href":"https:\/\/api.w.org\/{rel}","templated":true}]}}