{"id":2225,"date":"2012-07-04T13:02:17","date_gmt":"2012-07-04T12:02:17","guid":{"rendered":"https:\/\/www.itakaescolapios.org\/?page_id=2225"},"modified":"2025-03-07T13:07:24","modified_gmt":"2025-03-07T12:07:24","slug":"publicaciones","status":"publish","type":"page","link":"https:\/\/www.itakaescolapios.org\/en\/publicaciones\/","title":{"rendered":"Publications"},"content":{"rendered":"<p>[et_pb_section fb_built=&#8221;1&#8243; _builder_version=&#8221;4.27.4&#8243; _module_preset=&#8221;default&#8221; da_disable_devices=&#8221;off|off|off&#8221; global_colors_info=&#8221;{}&#8221; da_is_popup=&#8221;off&#8221; da_exit_intent=&#8221;off&#8221; da_has_close=&#8221;on&#8221; da_alt_close=&#8221;off&#8221; da_dark_close=&#8221;off&#8221; da_not_modal=&#8221;on&#8221; da_is_singular=&#8221;off&#8221; da_with_loader=&#8221;off&#8221; da_has_shadow=&#8221;on&#8221;][et_pb_row _builder_version=&#8221;4.27.4&#8243; _module_preset=&#8221;default&#8221; max_width=&#8221;3333px&#8221; module_alignment=&#8221;center&#8221; global_colors_info=&#8221;{}&#8221; custom_padding=&#8221;||0px|||&#8221;][et_pb_column type=&#8221;4_4&#8243; _builder_version=&#8221;4.27.4&#8243; _module_preset=&#8221;default&#8221; global_colors_info=&#8221;{}&#8221;][et_pb_text admin_label=&#8221;NOMBRE DE PROGRAMA&#8221; _builder_version=&#8221;4.27.4&#8243; _module_preset=&#8221;default&#8221; header_font=&#8221;Titulo Itaka-Escolapios|700|||||||&#8221; header_text_color=&#8221;gcid-cca90ba6-297c-4d63-9e2c-8201011ef870&#8243; header_font_size=&#8221;55px&#8221; custom_margin=&#8221;||20px||false|false&#8221; custom_margin_tablet=&#8221;||20px||false|false&#8221; custom_margin_phone=&#8221;||20px||false|false&#8221; custom_margin_last_edited=&#8221;on|desktop&#8221; header_font_size_tablet=&#8221;55px&#8221; header_font_size_phone=&#8221;45px&#8221; header_font_size_last_edited=&#8221;on|phone&#8221; content_en_us=&#8221;<\/p>\n<h1>Publications<\/h1>\n<p>&#8221; content_fr_fr=&#8221;<\/p>\n<h1>Publications<\/h1>\n<p>&#8221; content_eu=&#8221;<\/p>\n<h1>Argitalpenak<\/h1>\n<p>&#8221; content_ca=&#8221;<\/p>\n<h1>Publicacions<\/h1>\n<p>&#8221; content_pt_br=&#8221;<\/p>\n<h1>Publica\u00e7\u00f5es<\/h1>\n<p>&#8221; global_colors_info=&#8221;{%22gcid-cca90ba6-297c-4d63-9e2c-8201011ef870%22:%91%22header_text_color%22%93}&#8221;]<\/p>\n<h1>Publicaciones<\/h1>\n<p>[\/et_pb_text][\/et_pb_column][\/et_pb_row][et_pb_row column_structure=&#8221;1_2,1_2&#8243; make_equal=&#8221;on&#8221; _builder_version=&#8221;4.27.4&#8243; _module_preset=&#8221;default&#8221; global_colors_info=&#8221;{}&#8221;][et_pb_column type=&#8221;1_2&#8243; module_class=&#8221;alineavertical&#8221; _builder_version=&#8221;4.27.4&#8243; _module_preset=&#8221;default&#8221; global_colors_info=&#8221;{}&#8221;][et_pb_text _builder_version=&#8221;4.27.4&#8243; _module_preset=&#8221;default&#8221; text_font=&#8221;IBM Plex Sans||||||||&#8221; text_font_size=&#8221;18px&#8221; text_line_height=&#8221;1.4em&#8221; content_en_us=&#8221;<\/p>\n<p><strong>Memoirs, newsletters, local magazines, and other publications<\/strong> that we offer to those interested. Through them, we share information and disseminate the projects and reflections we carry out at Itaka &#8211; Escolapios<\/p>\n<p>&#8221; content_fr_fr=&#8221;<\/p>\n<p><strong>M\u00e9moires, bulletins d&#8217;information, magazines locaux et autres publications<\/strong> que nous offrons \u00e0 ceux qui sont int\u00e9ress\u00e9s. \u00c0 travers eux, nous partageons des informations et diffusons les projets et r\u00e9flexions que nous menons \u00e0 Itaka &#8211; Escolapios.<\/p>\n<p>&#8221; content_eu=&#8221;<\/p>\n<p><strong>Memoriak, informazio-boletinak, tokiko aldizkariak eta beste argitalpen batzuk<\/strong> interesatzen zaien guztiei eskaintzen dizkiegu. Horien bidez, informazioa partekatzen dugu eta Itaka &#8211; Eskolapioetan egiten ditugun proiektuak eta hausnarketak zabaltzen ditugu.<\/p>\n<p>&#8221; content_ca=&#8221;<\/p>\n<p><strong>Mem\u00f2ries, butlletins informatius, revistes locals i altres publicacions<\/strong> que oferim a qui interessi. Mitjan\u00e7ant elles, transmetem informaci\u00f3 i difondrem els projectes i reflexions que duem a terme a Itaka &#8211; Escolapis.<\/p>\n<p>&#8221; content_pt_br=&#8221;<\/p>\n<p><strong>Mem\u00f3rias, boletins informativos, revistas locais e outras publica\u00e7\u00f5es<\/strong> que oferecemos a quem se interessar. Por meio delas, transmitimos informa\u00e7\u00f5es e divulgamos os projetos e reflex\u00f5es que realizamos na Itaka &#8211; Escolapios.<\/p>\n<p>&#8221; global_colors_info=&#8221;{}&#8221;]<\/p>\n<p><strong>Memorias, boletines informativos, revistas locales y otras publicaciones<\/strong> que ofrecemos a quien interese, por medio de ellas transmitimos informaci\u00f3n y divulgamos los proyectos y reflexiones que llevamos a cabo en Itaka &#8211; Escolapios<\/p>\n<p>[\/et_pb_text][\/et_pb_column][et_pb_column type=&#8221;1_2&#8243; _builder_version=&#8221;4.27.4&#8243; _module_preset=&#8221;default&#8221; global_colors_info=&#8221;{}&#8221;][et_pb_image src=&#8221;https:\/\/www.itakaescolapios.org\/wp-content\/uploads\/2012\/07\/Publicaciones.jpg&#8221; title_text=&#8221;Publicaciones&#8221; _builder_version=&#8221;4.27.4&#8243; _module_preset=&#8221;default&#8221; global_colors_info=&#8221;{}&#8221;][\/et_pb_image][\/et_pb_column][\/et_pb_row][et_pb_row column_structure=&#8221;1_2,1_2&#8243; _builder_version=&#8221;4.27.4&#8243; _module_preset=&#8221;default&#8221; global_colors_info=&#8221;{}&#8221;][et_pb_column type=&#8221;1_2&#8243; _builder_version=&#8221;4.27.4&#8243; _module_preset=&#8221;default&#8221; global_colors_info=&#8221;{}&#8221;][difl_advanced_blurb title=&#8221;Revistas&#8221; badge_background_bgcolor=&#8221;#FFFFFF&#8221; image=&#8221;https:\/\/www.itakaescolapios.org\/wp-content\/uploads\/2025\/03\/newspaper.png&#8221; content_area_alignment=&#8221;center&#8221; order_enable=&#8221;on&#8221; image_order=&#8221;4&#8243; title_order=&#8221;5&#8243; content_order=&#8221;6&#8243; image_width=&#8221;40%&#8221; title_margin=&#8221;20px||||false|false&#8221; _builder_version=&#8221;4.27.4&#8243; _module_preset=&#8221;default&#8221; title_font=&#8221;Merriweather|700|||||||&#8221; title_text_align=&#8221;center&#8221; title_text_color=&#8221;gcid-b1ace166-c11d-4c70-a679-55884e9ca298&#8243; title_font_size=&#8221;30px&#8221; content_body_font=&#8221;IBM Plex Sans||||||||&#8221; content_body_text_color=&#8221;gcid-cca90ba6-297c-4d63-9e2c-8201011ef870&#8243; content_body_font_size=&#8221;24px&#8221; transform_scale=&#8221;110%|110%&#8221; module_alignment=&#8221;center&#8221; link_option_url=&#8221;\/publicaciones\/revistas-2\/&#8221; custom_css_free_form=&#8221;selector .df_ab_blurb_image {text-align: center !important;}&#8221; title_en_us=&#8221;Magazines&#8221; content_en_us=&#8221;<\/p>\n<p style=%22text-align: center;%22>Periodic publications from the different headquarters<\/p>\n<p>&#8221; title_fr_fr=&#8221;Revues&#8221; content_fr_fr=&#8221;<\/p>\n<p style=%22text-align: center;%22>Publications p\u00e9riodiques des diff\u00e9rents si\u00e8ges<\/p>\n<p>&#8221; title_eu=&#8221;Aldizkariak&#8221; content_eu=&#8221;<\/p>\n<p style=%22text-align: center;%22>Egoitza desberdinetako argitalpen periodikoak<\/p>\n<p>&#8221; title_ca=&#8221;Revistes&#8221; content_ca=&#8221;<\/p>\n<p style=%22text-align: center;%22>Publicacions peri\u00f2diques de les diferents seus<\/p>\n<p>&#8221; title_pt_br=&#8221;Revistas&#8221; content_pt_br=&#8221;<\/p>\n<p style=%22text-align: center;%22>Publica\u00e7\u00f5es peri\u00f3dicas das diferentes sedes<\/p>\n<p>&#8221; global_colors_info=&#8221;{%22gcid-b1ace166-c11d-4c70-a679-55884e9ca298%22:%91%22title_text_color%22,%22badge_icon_color%22,%22title_text_color%22,%22badge_icon_color%22,%22title_text_color%22,%22badge_icon_color%22%93,%22gcid-cca90ba6-297c-4d63-9e2c-8201011ef870%22:%91%22content_body_text_color%22,%22content_body_text_color%22,%22content_body_text_color%22%93}&#8221; transform_styles__hover_enabled=&#8221;on|desktop&#8221; transform_scale__hover_enabled=&#8221;on|desktop&#8221; transform_translate__hover_enabled=&#8221;on|desktop&#8221; transform_rotate__hover_enabled=&#8221;on|desktop&#8221; transform_skew__hover_enabled=&#8221;on|desktop&#8221; transform_origin__hover_enabled=&#8221;on|desktop&#8221; filter_hue_rotate__hover_enabled=&#8221;on|hover&#8221; filter_hue_rotate__hover=&#8221;180deg&#8221; transform_scale__hover=&#8221;110%|110%&#8221;]<\/p>\n<p style=\"text-align: center;\">Publicaciones peri\u00f3dicas de las diferentes sedes<\/p>\n<p>[\/difl_advanced_blurb][\/et_pb_column][et_pb_column type=&#8221;1_2&#8243; _builder_version=&#8221;4.27.4&#8243; _module_preset=&#8221;default&#8221; global_colors_info=&#8221;{}&#8221;][difl_advanced_blurb title=&#8221;Difusi\u00f3n&#8221; badge_background_bgcolor=&#8221;#FFFFFF&#8221; image=&#8221;https:\/\/www.itakaescolapios.org\/wp-content\/uploads\/2025\/03\/market.png&#8221; content_area_alignment=&#8221;center&#8221; order_enable=&#8221;on&#8221; image_order=&#8221;4&#8243; title_order=&#8221;5&#8243; content_order=&#8221;6&#8243; image_width=&#8221;40%&#8221; title_margin=&#8221;20px||||false|false&#8221; _builder_version=&#8221;4.27.4&#8243; _module_preset=&#8221;default&#8221; title_font=&#8221;Merriweather|700|||||||&#8221; title_text_align=&#8221;center&#8221; title_text_color=&#8221;gcid-b1ace166-c11d-4c70-a679-55884e9ca298&#8243; title_font_size=&#8221;30px&#8221; content_body_font=&#8221;IBM Plex Sans||||||||&#8221; content_body_text_color=&#8221;gcid-cca90ba6-297c-4d63-9e2c-8201011ef870&#8243; content_body_font_size=&#8221;24px&#8221; transform_scale=&#8221;110%|110%&#8221; module_alignment=&#8221;center&#8221; link_option_url=&#8221;\/publicaciones\/materiales-de-difusion-de-itaka-escolapios\/&#8221; custom_css_free_form=&#8221;selector .df_ab_blurb_image {text-align: center !important;}&#8221; title_en_us=&#8221;Dissemination &#8221; content_en_us=&#8221;<\/p>\n<p style=%22text-align: center;%22>Different dissemination materials<\/p>\n<p>&#8221; title_fr_fr=&#8221;Diffusion&#8221; content_fr_fr=&#8221;<\/p>\n<p style=%22text-align: center;%22>Diff\u00e9rents mat\u00e9riaux de diffusion<\/p>\n<p>&#8221; title_eu=&#8221;Hedabideetakoak&#8221; content_eu=&#8221;<\/p>\n<p style=%22text-align: center;%22>Hedabideetako material desberdinak<\/p>\n<p>&#8221; title_ca=&#8221;Difusi\u00f3&#8221; content_ca=&#8221;<\/p>\n<p style=%22text-align: center;%22>Diferents materials de difusi\u00f3<\/p>\n<p>&#8221; title_pt_br=&#8221;Divulga\u00e7\u00e3o&#8221; content_pt_br=&#8221;<\/p>\n<p style=%22text-align: center;%22>Diferentes materiais de divulga\u00e7\u00e3o<\/p>\n<p>&#8221; global_colors_info=&#8221;{%22gcid-b1ace166-c11d-4c70-a679-55884e9ca298%22:%91%22title_text_color%22,%22badge_icon_color%22,%22title_text_color%22,%22badge_icon_color%22,%22title_text_color%22,%22badge_icon_color%22,%22title_text_color%22,%22badge_icon_color%22,%22title_text_color%22,%22badge_icon_color%22,%22title_text_color%22,%22badge_icon_color%22,%22title_text_color%22,%22badge_icon_color%22,%22title_text_color%22,%22badge_icon_color%22,%22title_text_color%22,%22badge_icon_color%22%93,%22gcid-cca90ba6-297c-4d63-9e2c-8201011ef870%22:%91%22content_body_text_color%22,%22content_body_text_color%22,%22content_body_text_color%22,%22content_body_text_color%22,%22content_body_text_color%22,%22content_body_text_color%22,%22content_body_text_color%22,%22content_body_text_color%22,%22content_body_text_color%22%93}&#8221; transform_styles__hover_enabled=&#8221;on|desktop&#8221; transform_translate__hover_enabled=&#8221;on|desktop&#8221; transform_rotate__hover_enabled=&#8221;on|desktop&#8221; transform_skew__hover_enabled=&#8221;on|desktop&#8221; transform_origin__hover_enabled=&#8221;on|desktop&#8221; transform_scale__hover_enabled=&#8221;on|desktop&#8221; filter_hue_rotate__hover=&#8221;180deg&#8221; filter_hue_rotate__hover_enabled=&#8221;on|hover&#8221; transform_scale__hover=&#8221;110%|110%&#8221;]<\/p>\n<p style=\"text-align: center;\">Diferentes materiales de difusi\u00f3n<\/p>\n<p>[\/difl_advanced_blurb][\/et_pb_column][\/et_pb_row][\/et_pb_section]<\/p>\n","protected":false},"excerpt":{"rendered":"<p>Memoirs, information newsletters, local magazines, and other publications we offer to whoever can be interested, through them we transmit information and we disclose the projects and thoughts we do in [&hellip;]<\/p>\n","protected":false},"author":1,"featured_media":0,"parent":0,"menu_order":0,"comment_status":"closed","ping_status":"closed","template":"","meta":{"_et_pb_use_builder":"on","_et_pb_old_content":"","_et_gb_content_width":"","footnotes":""},"class_list":["post-2225","page","type-page","status-publish","hentry"],"yoast_head":"<!-- This site is optimized with the Yoast SEO plugin v27.3 - https:\/\/yoast.com\/product\/yoast-seo-wordpress\/ -->\n<title>Publications<\/title>\n<meta name=\"description\" content=\"Memoirs, information newsletters, local magazines, and other publications we offer to whoever can be interested, through them we transmit information and we disclose the projects and thoughts we do in Itaka-Escolapios.\" \/>\n<meta name=\"robots\" content=\"index, follow, max-snippet:-1, max-image-preview:large, max-video-preview:-1\" \/>\n<link rel=\"canonical\" href=\"http:\/\/Memoirs,%20information%20newsletters,%20local%20magazines,%20and%20other%20publications%20we%20offer%20to%20whoever%20can%20be%20interested,%20through%20them%20we%20transmit%20information%20and%20we%20disclose%20the%20projects%20and%20thoughts%20we%20do%20in%20Itaka-Escolapios.\" \/>\n<meta property=\"og:locale\" content=\"en_US\" \/>\n<meta property=\"og:type\" content=\"article\" \/>\n<meta property=\"og:title\" content=\"Publications\" \/>\n<meta property=\"og:description\" content=\"Memoirs, information newsletters, local magazines, and other publications we offer to whoever can be interested, through them we transmit information and we disclose the projects and thoughts we do in Itaka-Escolapios.\" \/>\n<meta property=\"og:url\" content=\"https:\/\/www.itakaescolapios.org\/en\/publicaciones\/\" \/>\n<meta property=\"og:site_name\" content=\"Proofs in Itaka-Escolapios\" \/>\n<meta property=\"article:modified_time\" content=\"2025-03-07T12:07:24+00:00\" \/>\n<meta name=\"twitter:card\" content=\"summary_large_image\" \/>\n<meta name=\"twitter:label1\" content=\"Est. reading time\" \/>\n\t<meta name=\"twitter:data1\" content=\"6 minutes\" \/>\n<script type=\"application\/ld+json\" class=\"yoast-schema-graph\">{\"@context\":\"https:\\\/\\\/schema.org\",\"@graph\":[{\"@type\":\"WebPage\",\"@id\":\"https:\\\/\\\/www.itakaescolapios.org\\\/en\\\/publicaciones\\\/\",\"url\":\"https:\\\/\\\/www.itakaescolapios.org\\\/en\\\/publicaciones\\\/\",\"name\":\"Publicaciones - Proofs in Itaka-Escolapios\",\"isPartOf\":{\"@id\":\"https:\\\/\\\/www.itakaescolapios.org\\\/es\\\/#website\"},\"datePublished\":\"2012-07-04T12:02:17+00:00\",\"dateModified\":\"2025-03-07T12:07:24+00:00\",\"breadcrumb\":{\"@id\":\"https:\\\/\\\/www.itakaescolapios.org\\\/en\\\/publicaciones\\\/#breadcrumb\"},\"inLanguage\":\"en-US\",\"potentialAction\":[{\"@type\":\"ReadAction\",\"target\":[\"https:\\\/\\\/www.itakaescolapios.org\\\/en\\\/publicaciones\\\/\"]}]},{\"@type\":\"BreadcrumbList\",\"@id\":\"https:\\\/\\\/www.itakaescolapios.org\\\/en\\\/publicaciones\\\/#breadcrumb\",\"itemListElement\":[{\"@type\":\"ListItem\",\"position\":1,\"name\":\"Proof\",\"item\":\"https:\\\/\\\/www.itakaescolapios.org\\\/es\\\/\"},{\"@type\":\"ListItem\",\"position\":2,\"name\":\"Publications\"}]},{\"@type\":\"WebSite\",\"@id\":\"https:\\\/\\\/www.itakaescolapios.org\\\/en\\\/es\\\/#website\",\"url\":\"https:\\\/\\\/www.itakaescolapios.org\\\/en\\\/es\\\/\",\"name\":\"Itaka-Escolapios\",\"description\":\"Red de Itaka-Escolapios\",\"publisher\":{\"@id\":\"https:\\\/\\\/www.itakaescolapios.org\\\/en\\\/es\\\/#organization\"},\"potentialAction\":[{\"@type\":\"SearchAction\",\"target\":{\"@type\":\"EntryPoint\",\"urlTemplate\":\"https:\\\/\\\/www.itakaescolapios.org\\\/en\\\/es\\\/?s={search_term_string}\"},\"query-input\":{\"@type\":\"PropertyValueSpecification\",\"valueRequired\":true,\"valueName\":\"search_term_string\"}}],\"inLanguage\":\"en-US\"},{\"@type\":\"Organization\",\"@id\":\"https:\\\/\\\/www.itakaescolapios.org\\\/en\\\/es\\\/#organization\",\"name\":\"Fundaci\u00f3 Itaka-Escolapios\",\"url\":\"https:\\\/\\\/www.itakaescolapios.org\\\/en\\\/es\\\/\",\"logo\":{\"@type\":\"ImageObject\",\"inLanguage\":\"en-US\",\"@id\":\"https:\\\/\\\/www.itakaescolapios.org\\\/en\\\/es\\\/#\\\/schema\\\/logo\\\/image\\\/\",\"url\":\"https:\\\/\\\/www.itakaescolapios.org\\\/wp-content\\\/uploads\\\/2024\\\/04\\\/Logo-itakaescolapios-peque.png\",\"contentUrl\":\"https:\\\/\\\/www.itakaescolapios.org\\\/wp-content\\\/uploads\\\/2024\\\/04\\\/Logo-itakaescolapios-peque.png\",\"width\":500,\"height\":199,\"caption\":\"Fundaci\u00f3 Itaka-Escolapios\"},\"image\":{\"@id\":\"https:\\\/\\\/www.itakaescolapios.org\\\/en\\\/es\\\/#\\\/schema\\\/logo\\\/image\\\/\"}}]}<\/script>\n<!-- \/ Yoast SEO plugin. -->","yoast_head_json":{"title":"Publications","description":"Memoirs, information newsletters, local magazines, and other publications we offer to whoever can be interested, through them we transmit information and we disclose the projects and thoughts we do in Itaka-Escolapios.","robots":{"index":"index","follow":"follow","max-snippet":"max-snippet:-1","max-image-preview":"max-image-preview:large","max-video-preview":"max-video-preview:-1"},"canonical":"Memoirs, information newsletters, local magazines, and other publications we offer to whoever can be interested, through them we transmit information and we disclose the projects and thoughts we do in Itaka-Escolapios.","og_locale":"en_US","og_type":"article","og_title":"Publications","og_description":"Memoirs, information newsletters, local magazines, and other publications we offer to whoever can be interested, through them we transmit information and we disclose the projects and thoughts we do in Itaka-Escolapios.","og_url":"https:\/\/www.itakaescolapios.org\/en\/publicaciones\/","og_site_name":"Proofs in Itaka-Escolapios","article_modified_time":"2025-03-07T12:07:24+00:00","twitter_card":"summary_large_image","twitter_misc":{"Est. reading time":"6 minutes"},"schema":{"@context":"https:\/\/schema.org","@graph":[{"@type":"WebPage","@id":"https:\/\/www.itakaescolapios.org\/en\/publicaciones\/","url":"https:\/\/www.itakaescolapios.org\/en\/publicaciones\/","name":"Publicaciones - Proofs in Itaka-Escolapios","isPartOf":{"@id":"https:\/\/www.itakaescolapios.org\/es\/#website"},"datePublished":"2012-07-04T12:02:17+00:00","dateModified":"2025-03-07T12:07:24+00:00","breadcrumb":{"@id":"https:\/\/www.itakaescolapios.org\/en\/publicaciones\/#breadcrumb"},"inLanguage":"en-US","potentialAction":[{"@type":"ReadAction","target":["https:\/\/www.itakaescolapios.org\/en\/publicaciones\/"]}]},{"@type":"BreadcrumbList","@id":"https:\/\/www.itakaescolapios.org\/en\/publicaciones\/#breadcrumb","itemListElement":[{"@type":"ListItem","position":1,"name":"Proof","item":"https:\/\/www.itakaescolapios.org\/es\/"},{"@type":"ListItem","position":2,"name":"Publications"}]},{"@type":"WebSite","@id":"https:\/\/www.itakaescolapios.org\/en\/es\/#website","url":"https:\/\/www.itakaescolapios.org\/en\/es\/","name":"Itaka-Escolapios","description":"Red de Itaka-Escolapios","publisher":{"@id":"https:\/\/www.itakaescolapios.org\/en\/es\/#organization"},"potentialAction":[{"@type":"SearchAction","target":{"@type":"EntryPoint","urlTemplate":"https:\/\/www.itakaescolapios.org\/en\/es\/?s={search_term_string}"},"query-input":{"@type":"PropertyValueSpecification","valueRequired":true,"valueName":"search_term_string"}}],"inLanguage":"en-US"},{"@type":"Organization","@id":"https:\/\/www.itakaescolapios.org\/en\/es\/#organization","name":"Fundaci\u00f3 Itaka-Escolapios","url":"https:\/\/www.itakaescolapios.org\/en\/es\/","logo":{"@type":"ImageObject","inLanguage":"en-US","@id":"https:\/\/www.itakaescolapios.org\/en\/es\/#\/schema\/logo\/image\/","url":"https:\/\/www.itakaescolapios.org\/wp-content\/uploads\/2024\/04\/Logo-itakaescolapios-peque.png","contentUrl":"https:\/\/www.itakaescolapios.org\/wp-content\/uploads\/2024\/04\/Logo-itakaescolapios-peque.png","width":500,"height":199,"caption":"Fundaci\u00f3 Itaka-Escolapios"},"image":{"@id":"https:\/\/www.itakaescolapios.org\/en\/es\/#\/schema\/logo\/image\/"}}]}},"_links":{"self":[{"href":"https:\/\/www.itakaescolapios.org\/en\/wp-json\/wp\/v2\/pages\/2225","targetHints":{"allow":["GET"]}}],"collection":[{"href":"https:\/\/www.itakaescolapios.org\/en\/wp-json\/wp\/v2\/pages"}],"about":[{"href":"https:\/\/www.itakaescolapios.org\/en\/wp-json\/wp\/v2\/types\/page"}],"author":[{"embeddable":true,"href":"https:\/\/www.itakaescolapios.org\/en\/wp-json\/wp\/v2\/users\/1"}],"replies":[{"embeddable":true,"href":"https:\/\/www.itakaescolapios.org\/en\/wp-json\/wp\/v2\/comments?post=2225"}],"version-history":[{"count":10,"href":"https:\/\/www.itakaescolapios.org\/en\/wp-json\/wp\/v2\/pages\/2225\/revisions"}],"predecessor-version":[{"id":325070,"href":"https:\/\/www.itakaescolapios.org\/en\/wp-json\/wp\/v2\/pages\/2225\/revisions\/325070"}],"wp:attachment":[{"href":"https:\/\/www.itakaescolapios.org\/en\/wp-json\/wp\/v2\/media?parent=2225"}],"curies":[{"name":"wp","href":"https:\/\/api.w.org\/{rel}","templated":true}]}}