{"id":24871,"date":"2018-10-17T14:08:50","date_gmt":"2018-10-17T13:08:50","guid":{"rendered":"https:\/\/www.itakaescolapios.org\/?page_id=24871"},"modified":"2023-11-28T12:37:11","modified_gmt":"2023-11-28T11:37:11","slug":"orando-con-calasanz","status":"publish","type":"page","link":"https:\/\/www.itakaescolapios.org\/en\/orando-con-calasanz\/","title":{"rendered":"WE PRAY WITH CALASANZ"},"content":{"rendered":"<p><a href=\"https:\/\/www.itakaescolapios.org\/wp-content\/uploads\/2018\/10\/calasanz.png\"><img decoding=\"async\" class=\"alignleft  wp-image-25019\" alt=\"calasanz\" src=\"https:\/\/www.itakaescolapios.org\/wp-content\/uploads\/2018\/10\/calasanz-149x300.png\" width=\"149\" height=\"300\" srcset=\"https:\/\/www.itakaescolapios.org\/wp-content\/uploads\/2018\/10\/calasanz-149x300.png 149w, https:\/\/www.itakaescolapios.org\/wp-content\/uploads\/2018\/10\/calasanz-510x1024.png 510w, https:\/\/www.itakaescolapios.org\/wp-content\/uploads\/2018\/10\/calasanz-250x501.png 250w, https:\/\/www.itakaescolapios.org\/wp-content\/uploads\/2018\/10\/calasanz.png 747w\" sizes=\"(max-width: 149px) 100vw, 149px\" \/><\/a><\/p>\n<p>Calasanz leads the expedition with one single commitment, to spread \u201cmercy and words\u201d to every corner of the planet. He arrived in the Democratic Republic of the Congo with the goal of claiming for everyone the universal right to education.<\/p>\n<p>We are invited to pray for the Congo when we start our activity at school every morning. The proposal is to alternate between five prayers throughout the duration of the campaign, ending the prayer with the Lord\u2019s prayer or \u201cAve Maria\u201d in the language of any of the countries where the solidarity campaign takes place.<\/p>\n<p>&nbsp;<\/p>\n<p><strong><span style=\"color: #808000;\"><a href=\"https:\/\/www.itakaescolapios.org\/wp-content\/uploads\/2018\/10\/PADRE-NUESTRO2.pdf\" target=\"_blank\"><span style=\"color: #808000;\">PADRE NUESTRO &#8211; NOTRE P\u00c8RE &#8211; OUR FATHER &#8211; PAI NOSSO &#8211; TAT\u00c1 WA BIS\u00d3 &#8211; GURE AITA<\/span><\/a><\/span><\/strong><\/p>\n<p><a href=\"https:\/\/www.itakaescolapios.org\/wp-content\/uploads\/2018\/10\/AVE-MARIA.pdf\" target=\"_blank\"><strong><span style=\"color: #808000;\">AVE MAR\u00cdA &#8211; JE VOUS SALUE, MARIE &#8211; HAIL MARY &#8211; AV\u00c9 MARIA &#8211; LOSAKO MARIA &#8211; AGUR MARI<\/span><span style=\"color: #808000;\">A<\/span><\/strong><\/a><\/p>\n<table width=\"476\" border=\"0\" cellspacing=\"0\" cellpadding=\"0\">\n<tbody>\n<tr>\n<td style=\"text-align: center;\" width=\"80\" height=\"88\"><strong>ORAMOS CON CALASANZ<\/strong><\/td>\n<td style=\"text-align: center;\" width=\"94\"><strong>WE PRAY WITH CALASANZ<\/strong><\/td>\n<td style=\"text-align: center;\" width=\"80\"><strong>NOUS PRIONS AVEC CALASANZ<\/strong><\/td>\n<td style=\"text-align: center;\" width=\"111\"><strong>ORAMOS COM CALASANZ<\/strong><\/td>\n<td style=\"text-align: center;\" width=\"111\"><strong>CALASANZEKIN OTOITZ EGITEN DUGU<\/strong><\/td>\n<\/tr>\n<tr>\n<td width=\"80\" height=\"22\"><strong><span style=\"color: #993300;\"><a href=\"https:\/\/www.itakaescolapios.org\/wp-content\/uploads\/2018\/10\/ORACION-c1819-lunes.pdf\" target=\"_blank\"><span style=\"color: #993300;\">LUNES<\/span><\/a><\/span><\/strong><\/td>\n<td width=\"94\"><strong><span style=\"color: #000080;\"><a href=\"https:\/\/www.itakaescolapios.org\/wp-content\/uploads\/2018\/11\/PRAY-MONDAY-c1819.pdf\" target=\"_blank\"><span style=\"color: #000080;\">MONDAY<\/span><\/a><\/span><\/strong><\/td>\n<td width=\"80\"><strong><span style=\"color: #008000;\"><a href=\"https:\/\/www.itakaescolapios.org\/wp-content\/uploads\/2018\/11\/PRIERE-LUNDI.pdf\" target=\"_blank\"><span style=\"color: #008000;\">LUNDI<\/span><\/a><\/span><\/strong><\/td>\n<td width=\"111\"><strong><span style=\"color: #ff6600;\"><a href=\"https:\/\/www.itakaescolapios.org\/wp-content\/uploads\/2018\/11\/ORACAO-SEGUNDAF.pdf\" target=\"_blank\"><span style=\"color: #ff6600;\">SEGUNDA-FEIRA<\/span><\/a><\/span><\/strong><\/td>\n<td width=\"111\"><strong><span style=\"color: #99cc00;\"><a href=\"https:\/\/www.itakaescolapios.org\/wp-content\/uploads\/2018\/10\/ORACION-c1819-Astelehena.pdf\"><span style=\"color: #99cc00;\">ASTELEHENA<\/span><\/a><\/span><\/strong><\/td>\n<\/tr>\n<tr>\n<td width=\"80\" height=\"22\"><strong><span style=\"color: #993300;\"><a href=\"https:\/\/www.itakaescolapios.org\/wp-content\/uploads\/2018\/10\/ORACION-c1819-martes.pdf\" target=\"_blank\"><span style=\"color: #993300;\">MARTES<\/span><\/a><\/span><\/strong><\/td>\n<td width=\"94\"><strong><span style=\"color: #000080;\"><a href=\"https:\/\/www.itakaescolapios.org\/wp-content\/uploads\/2018\/11\/PRAY-TUESDAY-c1819.pdf\" target=\"_blank\"><span style=\"color: #000080;\">TUESDAY<\/span><\/a><\/span><\/strong><\/td>\n<td width=\"80\"><strong><span style=\"color: #008000;\"><a href=\"https:\/\/www.itakaescolapios.org\/wp-content\/uploads\/2018\/11\/PRIERE-MARTI.pdf\" target=\"_blank\"><span style=\"color: #008000;\">MARTI<\/span><\/a><\/span><\/strong><\/td>\n<td width=\"111\"><strong><span style=\"color: #ff6600;\"><a href=\"https:\/\/www.itakaescolapios.org\/wp-content\/uploads\/2018\/11\/ORACAO-TERCAF.pdf\" target=\"_blank\"><span style=\"color: #ff6600;\">TER\u00e7A-FEIRA<\/span><\/a><\/span><\/strong><\/td>\n<td width=\"111\"><strong><span style=\"color: #99cc00;\"><a href=\"https:\/\/www.itakaescolapios.org\/wp-content\/uploads\/2018\/10\/ORACION-c1819-Asteartea.pdf\"><span style=\"color: #99cc00;\">ASTEARTEA<\/span><\/a><\/span><\/strong><\/td>\n<\/tr>\n<tr>\n<td width=\"80\" height=\"22\"><span style=\"color: #993300;\"><strong><a href=\"https:\/\/www.itakaescolapios.org\/wp-content\/uploads\/2018\/10\/ORACION-c1819-miercoles.pdf\" target=\"_blank\"><span style=\"color: #993300;\">MI\u00c9RCOLES<\/span><\/a><\/strong><\/span><\/td>\n<td width=\"94\"><span style=\"color: #000080;\"><strong><a href=\"https:\/\/www.itakaescolapios.org\/wp-content\/uploads\/2018\/11\/PRAY-WEDNESDAY-c1819.pdf\" target=\"_blank\"><span style=\"color: #000080;\">WEDNESDAY<\/span><\/a><\/strong><\/span><\/td>\n<td width=\"80\"><strong><span style=\"color: #008000;\"><a href=\"https:\/\/www.itakaescolapios.org\/wp-content\/uploads\/2018\/11\/PRIERE-MERCREDI.pdf\" target=\"_blank\"><span style=\"color: #008000;\">MERCREDI<\/span><\/a><\/span><\/strong><\/td>\n<td width=\"111\"><strong><span style=\"color: #ff6600;\"><a href=\"https:\/\/www.itakaescolapios.org\/wp-content\/uploads\/2018\/11\/ORACAO-QUARTAF.pdf\" target=\"_blank\"><span style=\"color: #ff6600;\">QUARTA-FEIRA<\/span><\/a><\/span><\/strong><\/td>\n<td width=\"111\"><strong><span style=\"color: #99cc00;\"><a href=\"https:\/\/www.itakaescolapios.org\/wp-content\/uploads\/2018\/10\/ORACION-c1819-Asteazkena.pdf\"><span style=\"color: #99cc00;\">ASTEAZKENA<\/span><\/a><\/span><\/strong><\/td>\n<\/tr>\n<tr>\n<td width=\"80\" height=\"22\"><strong><span style=\"color: #993300;\"><a href=\"https:\/\/www.itakaescolapios.org\/wp-content\/uploads\/2018\/10\/ORACION-c1819-jueves.pdf\" target=\"_blank\"><span style=\"color: #993300;\">JUEVES<\/span><\/a><\/span><\/strong><\/td>\n<td width=\"94\"><strong><span style=\"color: #000080;\"><a href=\"https:\/\/www.itakaescolapios.org\/wp-content\/uploads\/2018\/11\/PRAY-THURSDAY-c1819.pdf\" target=\"_blank\"><span style=\"color: #000080;\">THURSDAY<\/span><\/a><\/span><\/strong><\/td>\n<td width=\"80\"><strong><span style=\"color: #008000;\"><a href=\"https:\/\/www.itakaescolapios.org\/wp-content\/uploads\/2018\/11\/PRIERE-JEUDI.pdf\" target=\"_blank\"><span style=\"color: #008000;\"> JEUDI<\/span><\/a><\/span><\/strong><\/td>\n<td width=\"111\"><strong><a href=\"https:\/\/www.itakaescolapios.org\/wp-content\/uploads\/2018\/11\/ORACAO-QUINTAF.pdf\"><span style=\"color: #ff6600;\">QUINTA-FEIRA<\/span> <\/a><\/strong><\/td>\n<td width=\"111\"><strong><span style=\"color: #99cc00;\"><a href=\"https:\/\/www.itakaescolapios.org\/wp-content\/uploads\/2018\/10\/ORACION-c1819-Osteguna.pdf\"><span style=\"color: #99cc00;\">OSTEGUNA<\/span><\/a><\/span><\/strong><\/td>\n<\/tr>\n<tr>\n<td width=\"80\" height=\"22\"><strong><span style=\"color: #993300;\"><a href=\"https:\/\/www.itakaescolapios.org\/wp-content\/uploads\/2018\/10\/ORACION-c1819-viernes.pdf\" target=\"_blank\"><span style=\"color: #993300;\">VIERNES<\/span><\/a><\/span><\/strong><\/td>\n<td width=\"94\"><strong><span style=\"color: #000080;\"><a href=\"https:\/\/www.itakaescolapios.org\/wp-content\/uploads\/2018\/11\/PRAY-FRIDAY-c1819.pdf\" target=\"_blank\"><span style=\"color: #000080;\">FRIDAY<\/span><\/a><\/span><\/strong><\/td>\n<td width=\"80\"><strong><span style=\"color: #008000;\"><a href=\"https:\/\/www.itakaescolapios.org\/wp-content\/uploads\/2018\/11\/PRIERE-VENDREDI.pdf\" target=\"_blank\"><span style=\"color: #008000;\">VENDREDI<\/span><\/a><\/span><\/strong><\/td>\n<td width=\"111\"><strong><a href=\"https:\/\/www.itakaescolapios.org\/wp-content\/uploads\/2018\/11\/ORACAO-SEXTAF.pdf\" target=\"_blank\"><span style=\"color: #ff6600;\">SEXTA-FEIRA<\/span> <\/a><\/strong><\/td>\n<td width=\"111\"><strong><span style=\"color: #99cc00;\"><a href=\"https:\/\/www.itakaescolapios.org\/wp-content\/uploads\/2018\/10\/ORACION-c1819-Ostirala.pdf\"><span style=\"color: #99cc00;\">OSTIRALA<\/span><\/a><\/span><\/strong><\/td>\n<\/tr>\n<\/tbody>\n<\/table>\n","protected":false},"excerpt":{"rendered":"<p>Calasanz leads the expedition with one single commitment, to spread \u201cmercy and words\u201d to every corner of the planet. He arrived in the Democratic Republic of the Congo with the [&hellip;]<\/p>\n","protected":false},"author":46,"featured_media":0,"parent":0,"menu_order":0,"comment_status":"closed","ping_status":"closed","template":"","meta":{"_et_pb_use_builder":"","_et_pb_old_content":"","_et_gb_content_width":"","footnotes":""},"class_list":["post-24871","page","type-page","status-publish","hentry"],"yoast_head":"<!-- This site is optimized with the Yoast SEO plugin v27.3 - https:\/\/yoast.com\/product\/yoast-seo-wordpress\/ -->\n<title>WE PRAY WITH CALASANZ<\/title>\n<meta name=\"description\" content=\"Calasanz leads the expedition with one single commitment, to spread \u201cmercy and words\u201d to every corner of the planet. He arrived in the Democratic Republic of the Congo with the goal of claiming for everyone the universal right to education. We are invited to pray for the Congo when we start our activity at school&hellip;\" \/>\n<meta name=\"robots\" content=\"index, follow, max-snippet:-1, max-image-preview:large, max-video-preview:-1\" \/>\n<link rel=\"canonical\" href=\"http:\/\/Calasanz%20leads%20the%20expedition%20with%20one%20single%20commitment,%20to%20spread%20\u201cmercy%20and%20words\u201d%20to%20every%20corner%20of%20the%20planet.%20He%20arrived%20in%20the%20Democratic%20Republic%20of%20the%20Congo%20with%20the%20goal%20of%20claiming%20for%20everyone%20the%20universal%20right%20to%20education.%20We%20are%20invited%20to%20pray%20for%20the%20Congo%20when%20we%20start%20our%20activity%20at%20school&hellip;\" \/>\n<meta property=\"og:locale\" content=\"en_US\" \/>\n<meta property=\"og:type\" content=\"article\" \/>\n<meta property=\"og:title\" content=\"WE PRAY WITH CALASANZ\" \/>\n<meta property=\"og:description\" content=\"Calasanz leads the expedition with one single commitment, to spread \u201cmercy and words\u201d to every corner of the planet. He arrived in the Democratic Republic of the Congo with the goal of claiming for everyone the universal right to education. We are invited to pray for the Congo when we start our activity at school&hellip;\" \/>\n<meta property=\"og:url\" content=\"https:\/\/www.itakaescolapios.org\/en\/orando-con-calasanz\/\" \/>\n<meta property=\"og:site_name\" content=\"Proofs in Itaka-Escolapios\" \/>\n<meta property=\"article:modified_time\" content=\"2023-11-28T11:37:11+00:00\" \/>\n<meta property=\"og:image\" content=\"https:\/\/www.itakaescolapios.org\/wp-content\/uploads\/2018\/10\/calasanz.png\" \/>\n\t<meta property=\"og:image:width\" content=\"747\" \/>\n\t<meta property=\"og:image:height\" content=\"1500\" \/>\n\t<meta property=\"og:image:type\" content=\"image\/png\" \/>\n<meta name=\"twitter:card\" content=\"summary_large_image\" \/>\n<meta name=\"twitter:label1\" content=\"Est. reading time\" \/>\n\t<meta name=\"twitter:data1\" content=\"1 minute\" \/>\n<script type=\"application\/ld+json\" class=\"yoast-schema-graph\">{\"@context\":\"https:\\\/\\\/schema.org\",\"@graph\":[{\"@type\":\"WebPage\",\"@id\":\"https:\\\/\\\/www.itakaescolapios.org\\\/en\\\/orando-con-calasanz\\\/\",\"url\":\"https:\\\/\\\/www.itakaescolapios.org\\\/en\\\/orando-con-calasanz\\\/\",\"name\":\"ORANDO CON CALASANZ - Proofs in Itaka-Escolapios\",\"isPartOf\":{\"@id\":\"https:\\\/\\\/www.itakaescolapios.org\\\/es\\\/#website\"},\"primaryImageOfPage\":{\"@id\":\"https:\\\/\\\/www.itakaescolapios.org\\\/en\\\/orando-con-calasanz\\\/#primaryimage\"},\"image\":{\"@id\":\"https:\\\/\\\/www.itakaescolapios.org\\\/en\\\/orando-con-calasanz\\\/#primaryimage\"},\"thumbnailUrl\":\"https:\\\/\\\/www.itakaescolapios.org\\\/wp-content\\\/uploads\\\/2018\\\/10\\\/calasanz-149x300.png\",\"datePublished\":\"2018-10-17T13:08:50+00:00\",\"dateModified\":\"2023-11-28T11:37:11+00:00\",\"breadcrumb\":{\"@id\":\"https:\\\/\\\/www.itakaescolapios.org\\\/en\\\/orando-con-calasanz\\\/#breadcrumb\"},\"inLanguage\":\"en-US\",\"potentialAction\":[{\"@type\":\"ReadAction\",\"target\":[\"https:\\\/\\\/www.itakaescolapios.org\\\/en\\\/orando-con-calasanz\\\/\"]}]},{\"@type\":\"ImageObject\",\"inLanguage\":\"en-US\",\"@id\":\"https:\\\/\\\/www.itakaescolapios.org\\\/en\\\/orando-con-calasanz\\\/#primaryimage\",\"url\":\"https:\\\/\\\/www.itakaescolapios.org\\\/wp-content\\\/uploads\\\/2018\\\/10\\\/calasanz-149x300.png\",\"contentUrl\":\"https:\\\/\\\/www.itakaescolapios.org\\\/wp-content\\\/uploads\\\/2018\\\/10\\\/calasanz-149x300.png\"},{\"@type\":\"BreadcrumbList\",\"@id\":\"https:\\\/\\\/www.itakaescolapios.org\\\/en\\\/orando-con-calasanz\\\/#breadcrumb\",\"itemListElement\":[{\"@type\":\"ListItem\",\"position\":1,\"name\":\"Proof\",\"item\":\"https:\\\/\\\/www.itakaescolapios.org\\\/es\\\/\"},{\"@type\":\"ListItem\",\"position\":2,\"name\":\"WE PRAY WITH CALASANZ\"}]},{\"@type\":\"WebSite\",\"@id\":\"https:\\\/\\\/www.itakaescolapios.org\\\/en\\\/es\\\/#website\",\"url\":\"https:\\\/\\\/www.itakaescolapios.org\\\/en\\\/es\\\/\",\"name\":\"Itaka-Escolapios\",\"description\":\"Red de Itaka-Escolapios\",\"publisher\":{\"@id\":\"https:\\\/\\\/www.itakaescolapios.org\\\/en\\\/es\\\/#organization\"},\"potentialAction\":[{\"@type\":\"SearchAction\",\"target\":{\"@type\":\"EntryPoint\",\"urlTemplate\":\"https:\\\/\\\/www.itakaescolapios.org\\\/en\\\/es\\\/?s={search_term_string}\"},\"query-input\":{\"@type\":\"PropertyValueSpecification\",\"valueRequired\":true,\"valueName\":\"search_term_string\"}}],\"inLanguage\":\"en-US\"},{\"@type\":\"Organization\",\"@id\":\"https:\\\/\\\/www.itakaescolapios.org\\\/en\\\/es\\\/#organization\",\"name\":\"Fundaci\u00f3 Itaka-Escolapios\",\"url\":\"https:\\\/\\\/www.itakaescolapios.org\\\/en\\\/es\\\/\",\"logo\":{\"@type\":\"ImageObject\",\"inLanguage\":\"en-US\",\"@id\":\"https:\\\/\\\/www.itakaescolapios.org\\\/en\\\/es\\\/#\\\/schema\\\/logo\\\/image\\\/\",\"url\":\"https:\\\/\\\/www.itakaescolapios.org\\\/wp-content\\\/uploads\\\/2024\\\/04\\\/Logo-itakaescolapios-peque.png\",\"contentUrl\":\"https:\\\/\\\/www.itakaescolapios.org\\\/wp-content\\\/uploads\\\/2024\\\/04\\\/Logo-itakaescolapios-peque.png\",\"width\":500,\"height\":199,\"caption\":\"Fundaci\u00f3 Itaka-Escolapios\"},\"image\":{\"@id\":\"https:\\\/\\\/www.itakaescolapios.org\\\/en\\\/es\\\/#\\\/schema\\\/logo\\\/image\\\/\"}}]}<\/script>\n<!-- \/ Yoast SEO plugin. -->","yoast_head_json":{"title":"WE PRAY WITH CALASANZ","description":"Calasanz leads the expedition with one single commitment, to spread \u201cmercy and words\u201d to every corner of the planet. He arrived in the Democratic Republic of the Congo with the goal of claiming for everyone the universal right to education. We are invited to pray for the Congo when we start our activity at school&hellip;","robots":{"index":"index","follow":"follow","max-snippet":"max-snippet:-1","max-image-preview":"max-image-preview:large","max-video-preview":"max-video-preview:-1"},"canonical":"Calasanz leads the expedition with one single commitment, to spread \u201cmercy and words\u201d to every corner of the planet. He arrived in the Democratic Republic of the Congo with the goal of claiming for everyone the universal right to education. We are invited to pray for the Congo when we start our activity at school&hellip;","og_locale":"en_US","og_type":"article","og_title":"WE PRAY WITH CALASANZ","og_description":"Calasanz leads the expedition with one single commitment, to spread \u201cmercy and words\u201d to every corner of the planet. He arrived in the Democratic Republic of the Congo with the goal of claiming for everyone the universal right to education. We are invited to pray for the Congo when we start our activity at school&hellip;","og_url":"https:\/\/www.itakaescolapios.org\/en\/orando-con-calasanz\/","og_site_name":"Proofs in Itaka-Escolapios","article_modified_time":"2023-11-28T11:37:11+00:00","og_image":[{"width":747,"height":1500,"url":"https:\/\/www.itakaescolapios.org\/wp-content\/uploads\/2018\/10\/calasanz.png","type":"image\/png"}],"twitter_card":"summary_large_image","twitter_misc":{"Est. reading time":"1 minute"},"schema":{"@context":"https:\/\/schema.org","@graph":[{"@type":"WebPage","@id":"https:\/\/www.itakaescolapios.org\/en\/orando-con-calasanz\/","url":"https:\/\/www.itakaescolapios.org\/en\/orando-con-calasanz\/","name":"ORANDO CON CALASANZ - Proofs in Itaka-Escolapios","isPartOf":{"@id":"https:\/\/www.itakaescolapios.org\/es\/#website"},"primaryImageOfPage":{"@id":"https:\/\/www.itakaescolapios.org\/en\/orando-con-calasanz\/#primaryimage"},"image":{"@id":"https:\/\/www.itakaescolapios.org\/en\/orando-con-calasanz\/#primaryimage"},"thumbnailUrl":"https:\/\/www.itakaescolapios.org\/wp-content\/uploads\/2018\/10\/calasanz-149x300.png","datePublished":"2018-10-17T13:08:50+00:00","dateModified":"2023-11-28T11:37:11+00:00","breadcrumb":{"@id":"https:\/\/www.itakaescolapios.org\/en\/orando-con-calasanz\/#breadcrumb"},"inLanguage":"en-US","potentialAction":[{"@type":"ReadAction","target":["https:\/\/www.itakaescolapios.org\/en\/orando-con-calasanz\/"]}]},{"@type":"ImageObject","inLanguage":"en-US","@id":"https:\/\/www.itakaescolapios.org\/en\/orando-con-calasanz\/#primaryimage","url":"https:\/\/www.itakaescolapios.org\/wp-content\/uploads\/2018\/10\/calasanz-149x300.png","contentUrl":"https:\/\/www.itakaescolapios.org\/wp-content\/uploads\/2018\/10\/calasanz-149x300.png"},{"@type":"BreadcrumbList","@id":"https:\/\/www.itakaescolapios.org\/en\/orando-con-calasanz\/#breadcrumb","itemListElement":[{"@type":"ListItem","position":1,"name":"Proof","item":"https:\/\/www.itakaescolapios.org\/es\/"},{"@type":"ListItem","position":2,"name":"WE PRAY WITH CALASANZ"}]},{"@type":"WebSite","@id":"https:\/\/www.itakaescolapios.org\/en\/es\/#website","url":"https:\/\/www.itakaescolapios.org\/en\/es\/","name":"Itaka-Escolapios","description":"Red de Itaka-Escolapios","publisher":{"@id":"https:\/\/www.itakaescolapios.org\/en\/es\/#organization"},"potentialAction":[{"@type":"SearchAction","target":{"@type":"EntryPoint","urlTemplate":"https:\/\/www.itakaescolapios.org\/en\/es\/?s={search_term_string}"},"query-input":{"@type":"PropertyValueSpecification","valueRequired":true,"valueName":"search_term_string"}}],"inLanguage":"en-US"},{"@type":"Organization","@id":"https:\/\/www.itakaescolapios.org\/en\/es\/#organization","name":"Fundaci\u00f3 Itaka-Escolapios","url":"https:\/\/www.itakaescolapios.org\/en\/es\/","logo":{"@type":"ImageObject","inLanguage":"en-US","@id":"https:\/\/www.itakaescolapios.org\/en\/es\/#\/schema\/logo\/image\/","url":"https:\/\/www.itakaescolapios.org\/wp-content\/uploads\/2024\/04\/Logo-itakaescolapios-peque.png","contentUrl":"https:\/\/www.itakaescolapios.org\/wp-content\/uploads\/2024\/04\/Logo-itakaescolapios-peque.png","width":500,"height":199,"caption":"Fundaci\u00f3 Itaka-Escolapios"},"image":{"@id":"https:\/\/www.itakaescolapios.org\/en\/es\/#\/schema\/logo\/image\/"}}]}},"_links":{"self":[{"href":"https:\/\/www.itakaescolapios.org\/en\/wp-json\/wp\/v2\/pages\/24871","targetHints":{"allow":["GET"]}}],"collection":[{"href":"https:\/\/www.itakaescolapios.org\/en\/wp-json\/wp\/v2\/pages"}],"about":[{"href":"https:\/\/www.itakaescolapios.org\/en\/wp-json\/wp\/v2\/types\/page"}],"author":[{"embeddable":true,"href":"https:\/\/www.itakaescolapios.org\/en\/wp-json\/wp\/v2\/users\/46"}],"replies":[{"embeddable":true,"href":"https:\/\/www.itakaescolapios.org\/en\/wp-json\/wp\/v2\/comments?post=24871"}],"version-history":[{"count":30,"href":"https:\/\/www.itakaescolapios.org\/en\/wp-json\/wp\/v2\/pages\/24871\/revisions"}],"predecessor-version":[{"id":46238,"href":"https:\/\/www.itakaescolapios.org\/en\/wp-json\/wp\/v2\/pages\/24871\/revisions\/46238"}],"wp:attachment":[{"href":"https:\/\/www.itakaescolapios.org\/en\/wp-json\/wp\/v2\/media?parent=24871"}],"curies":[{"name":"wp","href":"https:\/\/api.w.org\/{rel}","templated":true}]}}