{"id":26383,"date":"2019-01-16T12:10:15","date_gmt":"2019-01-16T11:10:15","guid":{"rendered":"https:\/\/www.itakaescolapios.org\/?page_id=26383"},"modified":"2023-11-28T12:37:02","modified_gmt":"2023-11-28T11:37:02","slug":"carteleria","status":"publish","type":"page","link":"https:\/\/www.itakaescolapios.org\/en\/semanas-de-la-paz\/2018-2019-la-paz-esta-en-tus-manos\/carteleria\/","title":{"rendered":"CARTELER\u00cdA"},"content":{"rendered":"<p>Puedes descargarte aqu\u00ed el banner y el cartel de la Campa\u00f1a &#8220;LA PAZ EST\u00c1 EN TUS MANOS&#8221;<\/p>\n<p style=\"text-align: center;\"><a href=\"https:\/\/www.itakaescolapios.org\/wp-content\/uploads\/2019\/01\/banner-paz-2019.jpg\"><img decoding=\"async\" class=\"size-medium wp-image-26384 aligncenter\" alt=\"banner paz 2019\" src=\"https:\/\/www.itakaescolapios.org\/wp-content\/uploads\/2019\/01\/banner-paz-2019-300x111.jpg\" width=\"300\" height=\"111\" srcset=\"https:\/\/www.itakaescolapios.org\/wp-content\/uploads\/2019\/01\/banner-paz-2019-300x111.jpg 300w, https:\/\/www.itakaescolapios.org\/wp-content\/uploads\/2019\/01\/banner-paz-2019-1024x378.jpg 1024w, https:\/\/www.itakaescolapios.org\/wp-content\/uploads\/2019\/01\/banner-paz-2019-250x92.jpg 250w, https:\/\/www.itakaescolapios.org\/wp-content\/uploads\/2019\/01\/banner-paz-2019.jpg 2000w\" sizes=\"(max-width: 300px) 100vw, 300px\" \/><\/a><\/p>\n<p style=\"text-align: center;\"><strong><span style=\"color: #808000;\"><a href=\"https:\/\/www.itakaescolapios.org\/wp-content\/uploads\/2019\/01\/paz-2019.pdf\" target=\"_blank\" rel=\"noopener\"><span style=\"color: #808000;\">CARTEL &#8220;LA PAZ EST\u00c1 EN TUS MANOS&#8221;<\/span><\/a><\/span><\/strong><\/p>\n","protected":false},"excerpt":{"rendered":"<p>Puedes descargarte aqu\u00ed el banner y el cartel de la Campa\u00f1a &#8220;LA PAZ EST\u00c1 EN TUS MANOS&#8221; CARTEL &#8220;LA PAZ EST\u00c1 EN TUS MANOS&#8221;<\/p>\n","protected":false},"author":46,"featured_media":0,"parent":26276,"menu_order":6,"comment_status":"closed","ping_status":"closed","template":"","meta":{"_et_pb_use_builder":"","_et_pb_old_content":"","_et_gb_content_width":"","footnotes":""},"class_list":["post-26383","page","type-page","status-publish","hentry"],"yoast_head":"<!-- This site is optimized with the Yoast SEO plugin v27.5 - https:\/\/yoast.com\/product\/yoast-seo-wordpress\/ -->\n<title>CARTELER\u00cdA<\/title>\n<meta name=\"description\" content=\"Puedes descargarte aqu\u00ed el banner y el cartel de la Campa\u00f1a &quot;LA PAZ EST\u00c1 EN TUS MANOS&quot; CARTEL &quot;LA PAZ EST\u00c1 EN TUS MANOS&quot;\" \/>\n<meta name=\"robots\" content=\"index, follow, max-snippet:-1, max-image-preview:large, max-video-preview:-1\" \/>\n<link rel=\"canonical\" href=\"http:\/\/Puedes%20descargarte%20aqu\u00ed%20el%20banner%20y%20el%20cartel%20de%20la%20Campa\u00f1a%20LA%20PAZ%20EST\u00c1%20EN%20TUS%20MANOS%20CARTEL%20LA%20PAZ%20EST\u00c1%20EN%20TUS%20MANOS\" \/>\n<meta property=\"og:locale\" content=\"en_US\" \/>\n<meta property=\"og:type\" content=\"article\" \/>\n<meta property=\"og:title\" content=\"CARTELER\u00cdA\" \/>\n<meta property=\"og:description\" content=\"Puedes descargarte aqu\u00ed el banner y el cartel de la Campa\u00f1a &quot;LA PAZ EST\u00c1 EN TUS MANOS&quot; CARTEL &quot;LA PAZ EST\u00c1 EN TUS MANOS&quot;\" \/>\n<meta property=\"og:url\" content=\"https:\/\/www.itakaescolapios.org\/en\/semanas-de-la-paz\/2018-2019-la-paz-esta-en-tus-manos\/carteleria\/\" \/>\n<meta property=\"og:site_name\" content=\"Proofs in Itaka-Escolapios\" \/>\n<meta property=\"article:modified_time\" content=\"2023-11-28T11:37:02+00:00\" \/>\n<meta property=\"og:image\" content=\"https:\/\/www.itakaescolapios.org\/wp-content\/uploads\/2019\/01\/banner-paz-2019.jpg\" \/>\n\t<meta property=\"og:image:width\" content=\"2000\" \/>\n\t<meta property=\"og:image:height\" content=\"740\" \/>\n\t<meta property=\"og:image:type\" content=\"image\/jpeg\" \/>\n<meta name=\"twitter:card\" content=\"summary_large_image\" \/>\n<script type=\"application\/ld+json\" class=\"yoast-schema-graph\">{\"@context\":\"https:\\\/\\\/schema.org\",\"@graph\":[{\"@type\":\"WebPage\",\"@id\":\"https:\\\/\\\/www.itakaescolapios.org\\\/en\\\/semanas-de-la-paz\\\/2018-2019-la-paz-esta-en-tus-manos\\\/carteleria\\\/\",\"url\":\"https:\\\/\\\/www.itakaescolapios.org\\\/en\\\/semanas-de-la-paz\\\/2018-2019-la-paz-esta-en-tus-manos\\\/carteleria\\\/\",\"name\":\"CARTELER\u00cdA - Proofs in Itaka-Escolapios\",\"isPartOf\":{\"@id\":\"https:\\\/\\\/www.itakaescolapios.org\\\/es\\\/#website\"},\"primaryImageOfPage\":{\"@id\":\"https:\\\/\\\/www.itakaescolapios.org\\\/en\\\/semanas-de-la-paz\\\/2018-2019-la-paz-esta-en-tus-manos\\\/carteleria\\\/#primaryimage\"},\"image\":{\"@id\":\"https:\\\/\\\/www.itakaescolapios.org\\\/en\\\/semanas-de-la-paz\\\/2018-2019-la-paz-esta-en-tus-manos\\\/carteleria\\\/#primaryimage\"},\"thumbnailUrl\":\"https:\\\/\\\/www.itakaescolapios.org\\\/wp-content\\\/uploads\\\/2019\\\/01\\\/banner-paz-2019-300x111.jpg\",\"datePublished\":\"2019-01-16T11:10:15+00:00\",\"dateModified\":\"2023-11-28T11:37:02+00:00\",\"breadcrumb\":{\"@id\":\"https:\\\/\\\/www.itakaescolapios.org\\\/en\\\/semanas-de-la-paz\\\/2018-2019-la-paz-esta-en-tus-manos\\\/carteleria\\\/#breadcrumb\"},\"inLanguage\":\"en-US\",\"potentialAction\":[{\"@type\":\"ReadAction\",\"target\":[\"https:\\\/\\\/www.itakaescolapios.org\\\/en\\\/semanas-de-la-paz\\\/2018-2019-la-paz-esta-en-tus-manos\\\/carteleria\\\/\"]}]},{\"@type\":\"ImageObject\",\"inLanguage\":\"en-US\",\"@id\":\"https:\\\/\\\/www.itakaescolapios.org\\\/en\\\/semanas-de-la-paz\\\/2018-2019-la-paz-esta-en-tus-manos\\\/carteleria\\\/#primaryimage\",\"url\":\"https:\\\/\\\/www.itakaescolapios.org\\\/wp-content\\\/uploads\\\/2019\\\/01\\\/banner-paz-2019-300x111.jpg\",\"contentUrl\":\"https:\\\/\\\/www.itakaescolapios.org\\\/wp-content\\\/uploads\\\/2019\\\/01\\\/banner-paz-2019-300x111.jpg\"},{\"@type\":\"BreadcrumbList\",\"@id\":\"https:\\\/\\\/www.itakaescolapios.org\\\/en\\\/semanas-de-la-paz\\\/2018-2019-la-paz-esta-en-tus-manos\\\/carteleria\\\/#breadcrumb\",\"itemListElement\":[{\"@type\":\"ListItem\",\"position\":1,\"name\":\"Itaka-Escolapios\",\"item\":\"https:\\\/\\\/www.itakaescolapios.org\\\/es\\\/\"},{\"@type\":\"ListItem\",\"position\":2,\"name\":\"Semanas de la paz\",\"item\":\"https:\\\/\\\/www.itakaescolapios.org\\\/es\\\/semanas-de-la-paz\\\/\"},{\"@type\":\"ListItem\",\"position\":3,\"name\":\"2018-2019 LA PAZ EST\u00c1 EN TUS MANOS\",\"item\":\"https:\\\/\\\/www.itakaescolapios.org\\\/es\\\/semanas-de-la-paz\\\/2018-2019-la-paz-esta-en-tus-manos\\\/\"},{\"@type\":\"ListItem\",\"position\":4,\"name\":\"CARTELER\u00cdA\"}]},{\"@type\":\"WebSite\",\"@id\":\"https:\\\/\\\/www.itakaescolapios.org\\\/en\\\/es\\\/#website\",\"url\":\"https:\\\/\\\/www.itakaescolapios.org\\\/en\\\/es\\\/\",\"name\":\"Itaka-Escolapios\",\"description\":\"Red de Itaka-Escolapios\",\"publisher\":{\"@id\":\"https:\\\/\\\/www.itakaescolapios.org\\\/en\\\/es\\\/#organization\"},\"potentialAction\":[{\"@type\":\"SearchAction\",\"target\":{\"@type\":\"EntryPoint\",\"urlTemplate\":\"https:\\\/\\\/www.itakaescolapios.org\\\/en\\\/es\\\/?s={search_term_string}\"},\"query-input\":{\"@type\":\"PropertyValueSpecification\",\"valueRequired\":true,\"valueName\":\"search_term_string\"}}],\"inLanguage\":\"en-US\"},{\"@type\":\"Organization\",\"@id\":\"https:\\\/\\\/www.itakaescolapios.org\\\/en\\\/es\\\/#organization\",\"name\":\"Fundaci\u00f3 Itaka-Escolapios\",\"url\":\"https:\\\/\\\/www.itakaescolapios.org\\\/en\\\/es\\\/\",\"logo\":{\"@type\":\"ImageObject\",\"inLanguage\":\"en-US\",\"@id\":\"https:\\\/\\\/www.itakaescolapios.org\\\/en\\\/es\\\/#\\\/schema\\\/logo\\\/image\\\/\",\"url\":\"https:\\\/\\\/www.itakaescolapios.org\\\/wp-content\\\/uploads\\\/2024\\\/04\\\/Logo-itakaescolapios-peque.png\",\"contentUrl\":\"https:\\\/\\\/www.itakaescolapios.org\\\/wp-content\\\/uploads\\\/2024\\\/04\\\/Logo-itakaescolapios-peque.png\",\"width\":500,\"height\":199,\"caption\":\"Fundaci\u00f3 Itaka-Escolapios\"},\"image\":{\"@id\":\"https:\\\/\\\/www.itakaescolapios.org\\\/en\\\/es\\\/#\\\/schema\\\/logo\\\/image\\\/\"}}]}<\/script>\n<!-- \/ Yoast SEO plugin. -->","yoast_head_json":{"title":"CARTELER\u00cdA","description":"Puedes descargarte aqu\u00ed el banner y el cartel de la Campa\u00f1a \"LA PAZ EST\u00c1 EN TUS MANOS\" CARTEL \"LA PAZ EST\u00c1 EN TUS MANOS\"","robots":{"index":"index","follow":"follow","max-snippet":"max-snippet:-1","max-image-preview":"max-image-preview:large","max-video-preview":"max-video-preview:-1"},"canonical":"Puedes descargarte aqu\u00ed el banner y el cartel de la Campa\u00f1a \"LA PAZ EST\u00c1 EN TUS MANOS\" CARTEL \"LA PAZ EST\u00c1 EN TUS MANOS\"","og_locale":"en_US","og_type":"article","og_title":"CARTELER\u00cdA","og_description":"Puedes descargarte aqu\u00ed el banner y el cartel de la Campa\u00f1a \"LA PAZ EST\u00c1 EN TUS MANOS\" CARTEL \"LA PAZ EST\u00c1 EN TUS MANOS\"","og_url":"https:\/\/www.itakaescolapios.org\/en\/semanas-de-la-paz\/2018-2019-la-paz-esta-en-tus-manos\/carteleria\/","og_site_name":"Proofs in Itaka-Escolapios","article_modified_time":"2023-11-28T11:37:02+00:00","og_image":[{"width":2000,"height":740,"url":"https:\/\/www.itakaescolapios.org\/wp-content\/uploads\/2019\/01\/banner-paz-2019.jpg","type":"image\/jpeg"}],"twitter_card":"summary_large_image","schema":{"@context":"https:\/\/schema.org","@graph":[{"@type":"WebPage","@id":"https:\/\/www.itakaescolapios.org\/en\/semanas-de-la-paz\/2018-2019-la-paz-esta-en-tus-manos\/carteleria\/","url":"https:\/\/www.itakaescolapios.org\/en\/semanas-de-la-paz\/2018-2019-la-paz-esta-en-tus-manos\/carteleria\/","name":"CARTELER\u00cdA - Proofs in Itaka-Escolapios","isPartOf":{"@id":"https:\/\/www.itakaescolapios.org\/es\/#website"},"primaryImageOfPage":{"@id":"https:\/\/www.itakaescolapios.org\/en\/semanas-de-la-paz\/2018-2019-la-paz-esta-en-tus-manos\/carteleria\/#primaryimage"},"image":{"@id":"https:\/\/www.itakaescolapios.org\/en\/semanas-de-la-paz\/2018-2019-la-paz-esta-en-tus-manos\/carteleria\/#primaryimage"},"thumbnailUrl":"https:\/\/www.itakaescolapios.org\/wp-content\/uploads\/2019\/01\/banner-paz-2019-300x111.jpg","datePublished":"2019-01-16T11:10:15+00:00","dateModified":"2023-11-28T11:37:02+00:00","breadcrumb":{"@id":"https:\/\/www.itakaescolapios.org\/en\/semanas-de-la-paz\/2018-2019-la-paz-esta-en-tus-manos\/carteleria\/#breadcrumb"},"inLanguage":"en-US","potentialAction":[{"@type":"ReadAction","target":["https:\/\/www.itakaescolapios.org\/en\/semanas-de-la-paz\/2018-2019-la-paz-esta-en-tus-manos\/carteleria\/"]}]},{"@type":"ImageObject","inLanguage":"en-US","@id":"https:\/\/www.itakaescolapios.org\/en\/semanas-de-la-paz\/2018-2019-la-paz-esta-en-tus-manos\/carteleria\/#primaryimage","url":"https:\/\/www.itakaescolapios.org\/wp-content\/uploads\/2019\/01\/banner-paz-2019-300x111.jpg","contentUrl":"https:\/\/www.itakaescolapios.org\/wp-content\/uploads\/2019\/01\/banner-paz-2019-300x111.jpg"},{"@type":"BreadcrumbList","@id":"https:\/\/www.itakaescolapios.org\/en\/semanas-de-la-paz\/2018-2019-la-paz-esta-en-tus-manos\/carteleria\/#breadcrumb","itemListElement":[{"@type":"ListItem","position":1,"name":"Itaka-Escolapios","item":"https:\/\/www.itakaescolapios.org\/es\/"},{"@type":"ListItem","position":2,"name":"Semanas de la paz","item":"https:\/\/www.itakaescolapios.org\/es\/semanas-de-la-paz\/"},{"@type":"ListItem","position":3,"name":"2018-2019 LA PAZ EST\u00c1 EN TUS MANOS","item":"https:\/\/www.itakaescolapios.org\/es\/semanas-de-la-paz\/2018-2019-la-paz-esta-en-tus-manos\/"},{"@type":"ListItem","position":4,"name":"CARTELER\u00cdA"}]},{"@type":"WebSite","@id":"https:\/\/www.itakaescolapios.org\/en\/es\/#website","url":"https:\/\/www.itakaescolapios.org\/en\/es\/","name":"Itaka-Escolapios","description":"Red de Itaka-Escolapios","publisher":{"@id":"https:\/\/www.itakaescolapios.org\/en\/es\/#organization"},"potentialAction":[{"@type":"SearchAction","target":{"@type":"EntryPoint","urlTemplate":"https:\/\/www.itakaescolapios.org\/en\/es\/?s={search_term_string}"},"query-input":{"@type":"PropertyValueSpecification","valueRequired":true,"valueName":"search_term_string"}}],"inLanguage":"en-US"},{"@type":"Organization","@id":"https:\/\/www.itakaescolapios.org\/en\/es\/#organization","name":"Fundaci\u00f3 Itaka-Escolapios","url":"https:\/\/www.itakaescolapios.org\/en\/es\/","logo":{"@type":"ImageObject","inLanguage":"en-US","@id":"https:\/\/www.itakaescolapios.org\/en\/es\/#\/schema\/logo\/image\/","url":"https:\/\/www.itakaescolapios.org\/wp-content\/uploads\/2024\/04\/Logo-itakaescolapios-peque.png","contentUrl":"https:\/\/www.itakaescolapios.org\/wp-content\/uploads\/2024\/04\/Logo-itakaescolapios-peque.png","width":500,"height":199,"caption":"Fundaci\u00f3 Itaka-Escolapios"},"image":{"@id":"https:\/\/www.itakaescolapios.org\/en\/es\/#\/schema\/logo\/image\/"}}]}},"_links":{"self":[{"href":"https:\/\/www.itakaescolapios.org\/en\/wp-json\/wp\/v2\/pages\/26383","targetHints":{"allow":["GET"]}}],"collection":[{"href":"https:\/\/www.itakaescolapios.org\/en\/wp-json\/wp\/v2\/pages"}],"about":[{"href":"https:\/\/www.itakaescolapios.org\/en\/wp-json\/wp\/v2\/types\/page"}],"author":[{"embeddable":true,"href":"https:\/\/www.itakaescolapios.org\/en\/wp-json\/wp\/v2\/users\/46"}],"replies":[{"embeddable":true,"href":"https:\/\/www.itakaescolapios.org\/en\/wp-json\/wp\/v2\/comments?post=26383"}],"version-history":[{"count":5,"href":"https:\/\/www.itakaescolapios.org\/en\/wp-json\/wp\/v2\/pages\/26383\/revisions"}],"predecessor-version":[{"id":45970,"href":"https:\/\/www.itakaescolapios.org\/en\/wp-json\/wp\/v2\/pages\/26383\/revisions\/45970"}],"up":[{"embeddable":true,"href":"https:\/\/www.itakaescolapios.org\/en\/wp-json\/wp\/v2\/pages\/26276"}],"wp:attachment":[{"href":"https:\/\/www.itakaescolapios.org\/en\/wp-json\/wp\/v2\/media?parent=26383"}],"curies":[{"name":"wp","href":"https:\/\/api.w.org\/{rel}","templated":true}]}}