{"id":27190,"date":"2019-03-28T16:51:30","date_gmt":"2019-03-28T15:51:30","guid":{"rendered":"https:\/\/www.itakaescolapios.org\/?page_id=27190"},"modified":"2023-11-28T12:36:54","modified_gmt":"2023-11-28T11:36:54","slug":"ojala-tafalla","status":"publish","type":"page","link":"https:\/\/www.itakaescolapios.org\/en\/ojala-tafalla\/","title":{"rendered":"OJAL\u00c1 TAFALLA"},"content":{"rendered":"<p>Un proyecto conjuntamente elaborado con el Ayuntamiento de Tafalla donde se ofrecen cursos de castellano y alfabetizaci\u00f3n a personas inmigrantes (hombre y mujeres) que derivan de servicios sociales y de empleo. Se imparten las clases en los locales de Itaka Escolapios.<a href=\"https:\/\/www.itakaescolapios.org\/ojala-tafalla\/ojala-sin-fondo\/\" rel=\"attachment wp-att-27193\"><img decoding=\"async\" class=\"alignright  wp-image-27193\" alt=\"Ojal\u00e1 sin fondo\" src=\"https:\/\/www.itakaescolapios.org\/wp-content\/uploads\/2019\/03\/Ojal\u00e1-sin-fondo-1024x691.png\" width=\"300\" height=\"200\" \/><\/a><\/p>\n<p>Los objetivos son:<\/p>\n<ul>\n<li>Adquirir un buen nivel de compresi\u00f3n y expresi\u00f3n del castellano hablado.<\/li>\n<li>Adquirir habilidades de la comunicaci\u00f3n y relaci\u00f3n para la vida diaria, tales como la escucha y la empat\u00eda.<\/li>\n<li>Participar activamente en las actividades propuestas y conocer e intercambiar aspectos culturales de la ciudad y de sus pa\u00edses de origen.<\/li>\n<li>Sensibilizar en nuestro entorno sobre la realidad de las personas inmigrantes.<\/li>\n<li>Ofrecer un lugar de referencia para nuestro alumnado.<\/li>\n<li>Informar de los recursos disponibles a los que tiene acceso la poblaci\u00f3n inmigrante.<\/li>\n<\/ul>\n<p>Las personas beneficiarias de este programa son personas adultas inmigrantes en procesos de inserci\u00f3n laboral, con dificultades socio-econ\u00f3micas, que no se encuentran dentro del sistema educativo formal y que demuestran inter\u00e9s en realizar un proceso de alfabetizaci\u00f3n. Las mujeres tienen prioridad de atenci\u00f3n en el programa.<\/p>\n<p>A ra\u00edz de este proyecto surgieron otros cursos, como el de costura a m\u00e1quina, clases de conversaci\u00f3n y d\u00edas de cocina donde se intercambian recetas de diferentes pa\u00edses.<\/p>\n<p>Los grupos se dividen por niveles desde nivel 0 (alfabetizaci\u00f3n) hasta nivel A2.<\/p>\n<p>Las clases se realizan entre semana de 9:15h a 10:45h.<\/p>\n<p>Todo el trabajo se realiza con voluntariado.<\/p>\n\n\t\t<style type=\"text\/css\">\n\t\t\t#gallery-1 {\n\t\t\t\tmargin: auto;\n\t\t\t}\n\t\t\t#gallery-1 .gallery-item {\n\t\t\t\tfloat: left;\n\t\t\t\tmargin-top: 10px;\n\t\t\t\ttext-align: center;\n\t\t\t\twidth: 33%;\n\t\t\t}\n\t\t\t#gallery-1 img {\n\t\t\t\tborder: 2px solid #cfcfcf;\n\t\t\t}\n\t\t\t#gallery-1 .gallery-caption {\n\t\t\t\tmargin-left: 0;\n\t\t\t}\n\t\t\t\/* see gallery_shortcode() in wp-includes\/media.php *\/\n\t\t<\/style>\n\t\t<div id='gallery-1' class='gallery galleryid-27190 gallery-columns-3 gallery-size-thumbnail'><dl class='gallery-item'>\n\t\t\t<dt class='gallery-icon landscape'>\n\t\t\t\t<a href='https:\/\/www.itakaescolapios.org\/en\/ojala-tafalla\/ojala-sin-fondo\/'><img decoding=\"async\" width=\"90\" height=\"90\" src=\"https:\/\/www.itakaescolapios.org\/wp-content\/uploads\/2019\/03\/Ojal\u00e1-sin-fondo-90x90.png\" class=\"attachment-thumbnail size-thumbnail\" alt=\"\" \/><\/a>\n\t\t\t<\/dt><\/dl><dl class='gallery-item'>\n\t\t\t<dt class='gallery-icon landscape'>\n\t\t\t\t<a href='https:\/\/www.itakaescolapios.org\/en\/ojala-tafalla\/sdr-4\/'><img decoding=\"async\" width=\"90\" height=\"90\" src=\"https:\/\/www.itakaescolapios.org\/wp-content\/uploads\/2019\/03\/ojala-2-90x90.jpg\" class=\"attachment-thumbnail size-thumbnail\" alt=\"\" \/><\/a>\n\t\t\t<\/dt><\/dl><dl class='gallery-item'>\n\t\t\t<dt class='gallery-icon landscape'>\n\t\t\t\t<a href='https:\/\/www.itakaescolapios.org\/en\/ojala-tafalla\/sdr-3\/'><img decoding=\"async\" width=\"90\" height=\"90\" src=\"https:\/\/www.itakaescolapios.org\/wp-content\/uploads\/2019\/03\/ojala-1-90x90.jpg\" class=\"attachment-thumbnail size-thumbnail\" alt=\"\" \/><\/a>\n\t\t\t<\/dt><\/dl><br style=\"clear: both\" \/>\n\t\t<\/div>\n\n","protected":false},"excerpt":{"rendered":"<p>Un proyecto conjuntamente elaborado con el Ayuntamiento de Tafalla donde se ofrecen cursos de castellano y alfabetizaci\u00f3n a personas inmigrantes (hombre y mujeres) que derivan de servicios sociales y de [&hellip;]<\/p>\n","protected":false},"author":4,"featured_media":0,"parent":0,"menu_order":0,"comment_status":"closed","ping_status":"closed","template":"","meta":{"_et_pb_use_builder":"","_et_pb_old_content":"","_et_gb_content_width":"","footnotes":""},"class_list":["post-27190","page","type-page","status-publish","hentry"],"yoast_head":"<!-- This site is optimized with the Yoast SEO plugin v27.3 - https:\/\/yoast.com\/product\/yoast-seo-wordpress\/ -->\n<title>OJAL\u00c1 TAFALLA<\/title>\n<meta name=\"description\" content=\"Un proyecto conjuntamente elaborado con el Ayuntamiento de Tafalla donde se ofrecen cursos de castellano y alfabetizaci\u00f3n a personas inmigrantes (hombre y mujeres) que derivan de servicios sociales y de empleo. Se imparten las clases en los locales de Itaka Escolapios. Los objetivos son: Adquirir un buen nivel de compresi\u00f3n y expresi\u00f3n del castellano hablado.&hellip;\" \/>\n<meta name=\"robots\" content=\"index, follow, max-snippet:-1, max-image-preview:large, max-video-preview:-1\" \/>\n<link rel=\"canonical\" href=\"\" \/>\n<meta property=\"og:locale\" content=\"en_US\" \/>\n<meta property=\"og:type\" content=\"article\" \/>\n<meta property=\"og:title\" content=\"OJAL\u00c1 TAFALLA\" \/>\n<meta property=\"og:description\" content=\"Un proyecto conjuntamente elaborado con el Ayuntamiento de Tafalla donde se ofrecen cursos de castellano y alfabetizaci\u00f3n a personas inmigrantes (hombre y mujeres) que derivan de servicios sociales y de empleo. Se imparten las clases en los locales de Itaka Escolapios. Los objetivos son: Adquirir un buen nivel de compresi\u00f3n y expresi\u00f3n del castellano hablado.&hellip;\" \/>\n<meta property=\"og:url\" content=\"https:\/\/www.itakaescolapios.org\/en\/ojala-tafalla\/\" \/>\n<meta property=\"og:site_name\" content=\"Proofs in Itaka-Escolapios\" \/>\n<meta property=\"article:modified_time\" content=\"2023-11-28T11:36:54+00:00\" \/>\n<meta property=\"og:image\" content=\"https:\/\/www.itakaescolapios.org\/wp-content\/uploads\/2019\/03\/Ojal\u00e1-sin-fondo-90x90.png\" \/>\n<meta name=\"twitter:card\" content=\"summary_large_image\" \/>\n<meta name=\"twitter:label1\" content=\"Est. reading time\" \/>\n\t<meta name=\"twitter:data1\" content=\"1 minute\" \/>\n<script type=\"application\/ld+json\" class=\"yoast-schema-graph\">{\"@context\":\"https:\\\/\\\/schema.org\",\"@graph\":[{\"@type\":\"WebPage\",\"@id\":\"https:\\\/\\\/www.itakaescolapios.org\\\/en\\\/ojala-tafalla\\\/\",\"url\":\"https:\\\/\\\/www.itakaescolapios.org\\\/en\\\/ojala-tafalla\\\/\",\"name\":\"OJAL\u00c1 TAFALLA - Proofs in Itaka-Escolapios\",\"isPartOf\":{\"@id\":\"https:\\\/\\\/www.itakaescolapios.org\\\/es\\\/#website\"},\"datePublished\":\"2019-03-28T15:51:30+00:00\",\"dateModified\":\"2023-11-28T11:36:54+00:00\",\"breadcrumb\":{\"@id\":\"https:\\\/\\\/www.itakaescolapios.org\\\/en\\\/ojala-tafalla\\\/#breadcrumb\"},\"inLanguage\":\"en-US\",\"potentialAction\":[{\"@type\":\"ReadAction\",\"target\":[\"https:\\\/\\\/www.itakaescolapios.org\\\/en\\\/ojala-tafalla\\\/\"]}]},{\"@type\":\"BreadcrumbList\",\"@id\":\"https:\\\/\\\/www.itakaescolapios.org\\\/en\\\/ojala-tafalla\\\/#breadcrumb\",\"itemListElement\":[{\"@type\":\"ListItem\",\"position\":1,\"name\":\"Proof\",\"item\":\"https:\\\/\\\/www.itakaescolapios.org\\\/es\\\/\"},{\"@type\":\"ListItem\",\"position\":2,\"name\":\"OJAL\u00c1 TAFALLA\"}]},{\"@type\":\"WebSite\",\"@id\":\"https:\\\/\\\/www.itakaescolapios.org\\\/en\\\/es\\\/#website\",\"url\":\"https:\\\/\\\/www.itakaescolapios.org\\\/en\\\/es\\\/\",\"name\":\"Itaka-Escolapios\",\"description\":\"Red de Itaka-Escolapios\",\"publisher\":{\"@id\":\"https:\\\/\\\/www.itakaescolapios.org\\\/en\\\/es\\\/#organization\"},\"potentialAction\":[{\"@type\":\"SearchAction\",\"target\":{\"@type\":\"EntryPoint\",\"urlTemplate\":\"https:\\\/\\\/www.itakaescolapios.org\\\/en\\\/es\\\/?s={search_term_string}\"},\"query-input\":{\"@type\":\"PropertyValueSpecification\",\"valueRequired\":true,\"valueName\":\"search_term_string\"}}],\"inLanguage\":\"en-US\"},{\"@type\":\"Organization\",\"@id\":\"https:\\\/\\\/www.itakaescolapios.org\\\/en\\\/es\\\/#organization\",\"name\":\"Fundaci\u00f3 Itaka-Escolapios\",\"url\":\"https:\\\/\\\/www.itakaescolapios.org\\\/en\\\/es\\\/\",\"logo\":{\"@type\":\"ImageObject\",\"inLanguage\":\"en-US\",\"@id\":\"https:\\\/\\\/www.itakaescolapios.org\\\/en\\\/es\\\/#\\\/schema\\\/logo\\\/image\\\/\",\"url\":\"https:\\\/\\\/www.itakaescolapios.org\\\/wp-content\\\/uploads\\\/2024\\\/04\\\/Logo-itakaescolapios-peque.png\",\"contentUrl\":\"https:\\\/\\\/www.itakaescolapios.org\\\/wp-content\\\/uploads\\\/2024\\\/04\\\/Logo-itakaescolapios-peque.png\",\"width\":500,\"height\":199,\"caption\":\"Fundaci\u00f3 Itaka-Escolapios\"},\"image\":{\"@id\":\"https:\\\/\\\/www.itakaescolapios.org\\\/en\\\/es\\\/#\\\/schema\\\/logo\\\/image\\\/\"}}]}<\/script>\n<!-- \/ Yoast SEO plugin. -->","yoast_head_json":{"title":"OJAL\u00c1 TAFALLA","description":"Un proyecto conjuntamente elaborado con el Ayuntamiento de Tafalla donde se ofrecen cursos de castellano y alfabetizaci\u00f3n a personas inmigrantes (hombre y mujeres) que derivan de servicios sociales y de empleo. Se imparten las clases en los locales de Itaka Escolapios. Los objetivos son: Adquirir un buen nivel de compresi\u00f3n y expresi\u00f3n del castellano hablado.&hellip;","robots":{"index":"index","follow":"follow","max-snippet":"max-snippet:-1","max-image-preview":"max-image-preview:large","max-video-preview":"max-video-preview:-1"},"canonical":"Un proyecto conjuntamente elaborado con el Ayuntamiento de Tafalla donde se ofrecen cursos de castellano y alfabetizaci\u00f3n a personas inmigrantes (hombre y mujeres) que derivan de servicios sociales y de empleo. Se imparten las clases en los locales de Itaka Escolapios. Los objetivos son: Adquirir un buen nivel de compresi\u00f3n y expresi\u00f3n del castellano hablado.&hellip;","og_locale":"en_US","og_type":"article","og_title":"OJAL\u00c1 TAFALLA","og_description":"Un proyecto conjuntamente elaborado con el Ayuntamiento de Tafalla donde se ofrecen cursos de castellano y alfabetizaci\u00f3n a personas inmigrantes (hombre y mujeres) que derivan de servicios sociales y de empleo. Se imparten las clases en los locales de Itaka Escolapios. Los objetivos son: Adquirir un buen nivel de compresi\u00f3n y expresi\u00f3n del castellano hablado.&hellip;","og_url":"https:\/\/www.itakaescolapios.org\/en\/ojala-tafalla\/","og_site_name":"Proofs in Itaka-Escolapios","article_modified_time":"2023-11-28T11:36:54+00:00","og_image":[{"url":"https:\/\/www.itakaescolapios.org\/wp-content\/uploads\/2019\/03\/Ojal\u00e1-sin-fondo-90x90.png","type":"","width":"","height":""}],"twitter_card":"summary_large_image","twitter_misc":{"Est. reading time":"1 minute"},"schema":{"@context":"https:\/\/schema.org","@graph":[{"@type":"WebPage","@id":"https:\/\/www.itakaescolapios.org\/en\/ojala-tafalla\/","url":"https:\/\/www.itakaescolapios.org\/en\/ojala-tafalla\/","name":"OJAL\u00c1 TAFALLA - Proofs in Itaka-Escolapios","isPartOf":{"@id":"https:\/\/www.itakaescolapios.org\/es\/#website"},"datePublished":"2019-03-28T15:51:30+00:00","dateModified":"2023-11-28T11:36:54+00:00","breadcrumb":{"@id":"https:\/\/www.itakaescolapios.org\/en\/ojala-tafalla\/#breadcrumb"},"inLanguage":"en-US","potentialAction":[{"@type":"ReadAction","target":["https:\/\/www.itakaescolapios.org\/en\/ojala-tafalla\/"]}]},{"@type":"BreadcrumbList","@id":"https:\/\/www.itakaescolapios.org\/en\/ojala-tafalla\/#breadcrumb","itemListElement":[{"@type":"ListItem","position":1,"name":"Proof","item":"https:\/\/www.itakaescolapios.org\/es\/"},{"@type":"ListItem","position":2,"name":"OJAL\u00c1 TAFALLA"}]},{"@type":"WebSite","@id":"https:\/\/www.itakaescolapios.org\/en\/es\/#website","url":"https:\/\/www.itakaescolapios.org\/en\/es\/","name":"Itaka-Escolapios","description":"Red de Itaka-Escolapios","publisher":{"@id":"https:\/\/www.itakaescolapios.org\/en\/es\/#organization"},"potentialAction":[{"@type":"SearchAction","target":{"@type":"EntryPoint","urlTemplate":"https:\/\/www.itakaescolapios.org\/en\/es\/?s={search_term_string}"},"query-input":{"@type":"PropertyValueSpecification","valueRequired":true,"valueName":"search_term_string"}}],"inLanguage":"en-US"},{"@type":"Organization","@id":"https:\/\/www.itakaescolapios.org\/en\/es\/#organization","name":"Fundaci\u00f3 Itaka-Escolapios","url":"https:\/\/www.itakaescolapios.org\/en\/es\/","logo":{"@type":"ImageObject","inLanguage":"en-US","@id":"https:\/\/www.itakaescolapios.org\/en\/es\/#\/schema\/logo\/image\/","url":"https:\/\/www.itakaescolapios.org\/wp-content\/uploads\/2024\/04\/Logo-itakaescolapios-peque.png","contentUrl":"https:\/\/www.itakaescolapios.org\/wp-content\/uploads\/2024\/04\/Logo-itakaescolapios-peque.png","width":500,"height":199,"caption":"Fundaci\u00f3 Itaka-Escolapios"},"image":{"@id":"https:\/\/www.itakaescolapios.org\/en\/es\/#\/schema\/logo\/image\/"}}]}},"_links":{"self":[{"href":"https:\/\/www.itakaescolapios.org\/en\/wp-json\/wp\/v2\/pages\/27190","targetHints":{"allow":["GET"]}}],"collection":[{"href":"https:\/\/www.itakaescolapios.org\/en\/wp-json\/wp\/v2\/pages"}],"about":[{"href":"https:\/\/www.itakaescolapios.org\/en\/wp-json\/wp\/v2\/types\/page"}],"author":[{"embeddable":true,"href":"https:\/\/www.itakaescolapios.org\/en\/wp-json\/wp\/v2\/users\/4"}],"replies":[{"embeddable":true,"href":"https:\/\/www.itakaescolapios.org\/en\/wp-json\/wp\/v2\/comments?post=27190"}],"version-history":[{"count":4,"href":"https:\/\/www.itakaescolapios.org\/en\/wp-json\/wp\/v2\/pages\/27190\/revisions"}],"predecessor-version":[{"id":45783,"href":"https:\/\/www.itakaescolapios.org\/en\/wp-json\/wp\/v2\/pages\/27190\/revisions\/45783"}],"wp:attachment":[{"href":"https:\/\/www.itakaescolapios.org\/en\/wp-json\/wp\/v2\/media?parent=27190"}],"curies":[{"name":"wp","href":"https:\/\/api.w.org\/{rel}","templated":true}]}}