{"id":30015,"date":"2020-02-14T12:49:14","date_gmt":"2020-02-14T11:49:14","guid":{"rendered":"https:\/\/www.itakaescolapios.org\/?page_id=30015"},"modified":"2023-11-28T12:36:29","modified_gmt":"2023-11-28T11:36:29","slug":"campana-de-solidaridad-escolapia","status":"publish","type":"page","link":"https:\/\/www.itakaescolapios.org\/en\/what-we-do\/sensibilizacion\/campana-de-solidaridad-escolapia\/","title":{"rendered":"CAMPA\u00d1A DE SOLIDARIDAD ESCOLAPIA"},"content":{"rendered":"<p>Con esta campa\u00f1a pretendemos conocer, sensibilizar y comprometernos con los proyectos escolapios que m\u00e1s necesidades tienen, as\u00ed como la cooperaci\u00f3n internacional, la lucha contra las desigualdades y el enriquecimiento mutuo entre los pueblos de la Tierra.<br \/>\nLa campa\u00f1a de solidaridad escolapia Itaka-Escolapios se realiza al menos en diez pa\u00edses, 7 demarcaciones y 79 presencias escolapias.<\/p>\n<p>Esta campa\u00f1a nos ha permitido ampliar nuestra mirada y crear red Itaka-Escolapios, red escolapia.<\/p>\n<p>Informaci\u00f3n y recursos en:<\/p>\n<blockquote class=\"wp-embedded-content\" data-secret=\"SeDgu5lPbw\"><p><a href=\"https:\/\/www.educa.itakaescolapios.org\/campanas\">Campa\u00f1as<\/a><\/p><\/blockquote>\n<p><iframe loading=\"lazy\" class=\"wp-embedded-content\" sandbox=\"allow-scripts\" security=\"restricted\" style=\"position: absolute; visibility: hidden;\" title=\"\u00abCampa\u00f1as\u00bb \u2014 educa\" src=\"https:\/\/www.educa.itakaescolapios.org\/campanas\/embed#?secret=2CXdgRgaY7#?secret=SeDgu5lPbw\" data-secret=\"SeDgu5lPbw\" width=\"600\" height=\"338\" frameborder=\"0\" marginwidth=\"0\" marginheight=\"0\" scrolling=\"no\"><\/iframe><\/p>\n<p>https:\/\/www.itakaescolapios.org\/hemeroteca\/<\/p>\n","protected":false},"excerpt":{"rendered":"<p>Con esta campa\u00f1a pretendemos conocer, sensibilizar y comprometernos con los proyectos escolapios que m\u00e1s necesidades tienen, as\u00ed como la cooperaci\u00f3n internacional, la lucha contra las desigualdades y el enriquecimiento mutuo [&hellip;]<\/p>\n","protected":false},"author":4,"featured_media":0,"parent":95,"menu_order":2,"comment_status":"closed","ping_status":"closed","template":"","meta":{"_et_pb_use_builder":"","_et_pb_old_content":"","_et_gb_content_width":"","footnotes":""},"class_list":["post-30015","page","type-page","status-publish","hentry"],"yoast_head":"<!-- This site is optimized with the Yoast SEO plugin v27.3 - https:\/\/yoast.com\/product\/yoast-seo-wordpress\/ -->\n<title>CAMPA\u00d1A DE SOLIDARIDAD ESCOLAPIA<\/title>\n<meta name=\"description\" content=\"Con esta campa\u00f1a pretendemos conocer, sensibilizar y comprometernos con los proyectos escolapios que m\u00e1s necesidades tienen, as\u00ed como la cooperaci\u00f3n internacional, la lucha contra las desigualdades y el enriquecimiento mutuo entre los pueblos de la Tierra. La campa\u00f1a de solidaridad escolapia Itaka-Escolapios se realiza al menos en diez pa\u00edses, 7 demarcaciones y 79 presencias escolapias.&hellip;\" \/>\n<meta name=\"robots\" content=\"index, follow, max-snippet:-1, max-image-preview:large, max-video-preview:-1\" \/>\n<link rel=\"canonical\" href=\"http:\/\/Con%20esta%20campa\u00f1a%20pretendemos%20conocer,%20sensibilizar%20y%20comprometernos%20con%20los%20proyectos%20escolapios%20que%20m\u00e1s%20necesidades%20tienen,%20as\u00ed%20como%20la%20cooperaci\u00f3n%20internacional,%20la%20lucha%20contra%20las%20desigualdades%20y%20el%20enriquecimiento%20mutuo%20entre%20los%20pueblos%20de%20la%20Tierra.%20La%20campa\u00f1a%20de%20solidaridad%20escolapia%20Itaka-Escolapios%20se%20realiza%20al%20menos%20en%20diez%20pa\u00edses,%207%20demarcaciones%20y%2079%20presencias%20escolapias.&hellip;\" \/>\n<meta property=\"og:locale\" content=\"en_US\" \/>\n<meta property=\"og:type\" content=\"article\" \/>\n<meta property=\"og:title\" content=\"CAMPA\u00d1A DE SOLIDARIDAD ESCOLAPIA\" \/>\n<meta property=\"og:description\" content=\"Con esta campa\u00f1a pretendemos conocer, sensibilizar y comprometernos con los proyectos escolapios que m\u00e1s necesidades tienen, as\u00ed como la cooperaci\u00f3n internacional, la lucha contra las desigualdades y el enriquecimiento mutuo entre los pueblos de la Tierra. La campa\u00f1a de solidaridad escolapia Itaka-Escolapios se realiza al menos en diez pa\u00edses, 7 demarcaciones y 79 presencias escolapias.&hellip;\" \/>\n<meta property=\"og:url\" content=\"https:\/\/www.itakaescolapios.org\/en\/what-we-do\/sensibilizacion\/campana-de-solidaridad-escolapia\/\" \/>\n<meta property=\"og:site_name\" content=\"Proofs in Itaka-Escolapios\" \/>\n<meta property=\"article:modified_time\" content=\"2023-11-28T11:36:29+00:00\" \/>\n<meta name=\"twitter:card\" content=\"summary_large_image\" \/>\n<script type=\"application\/ld+json\" class=\"yoast-schema-graph\">{\"@context\":\"https:\\\/\\\/schema.org\",\"@graph\":[{\"@type\":\"WebPage\",\"@id\":\"https:\\\/\\\/www.itakaescolapios.org\\\/en\\\/what-we-do\\\/sensibilizacion\\\/campana-de-solidaridad-escolapia\\\/\",\"url\":\"https:\\\/\\\/www.itakaescolapios.org\\\/en\\\/what-we-do\\\/sensibilizacion\\\/campana-de-solidaridad-escolapia\\\/\",\"name\":\"CAMPA\u00d1A DE SOLIDARIDAD ESCOLAPIA - Proofs in Itaka-Escolapios\",\"isPartOf\":{\"@id\":\"https:\\\/\\\/www.itakaescolapios.org\\\/es\\\/#website\"},\"datePublished\":\"2020-02-14T11:49:14+00:00\",\"dateModified\":\"2023-11-28T11:36:29+00:00\",\"breadcrumb\":{\"@id\":\"https:\\\/\\\/www.itakaescolapios.org\\\/en\\\/what-we-do\\\/sensibilizacion\\\/campana-de-solidaridad-escolapia\\\/#breadcrumb\"},\"inLanguage\":\"en-US\",\"potentialAction\":[{\"@type\":\"ReadAction\",\"target\":[\"https:\\\/\\\/www.itakaescolapios.org\\\/en\\\/what-we-do\\\/sensibilizacion\\\/campana-de-solidaridad-escolapia\\\/\"]}]},{\"@type\":\"BreadcrumbList\",\"@id\":\"https:\\\/\\\/www.itakaescolapios.org\\\/en\\\/what-we-do\\\/sensibilizacion\\\/campana-de-solidaridad-escolapia\\\/#breadcrumb\",\"itemListElement\":[{\"@type\":\"ListItem\",\"position\":1,\"name\":\"Proof\",\"item\":\"https:\\\/\\\/www.itakaescolapios.org\\\/es\\\/\"},{\"@type\":\"ListItem\",\"position\":2,\"name\":\"What we do\",\"item\":\"https:\\\/\\\/www.itakaescolapios.org\\\/es\\\/que-hacemos\\\/\"},{\"@type\":\"ListItem\",\"position\":3,\"name\":\"Awareness\",\"item\":\"https:\\\/\\\/www.itakaescolapios.org\\\/es\\\/que-hacemos\\\/sensibilizacion\\\/\"},{\"@type\":\"ListItem\",\"position\":4,\"name\":\"CAMPA\u00d1A DE SOLIDARIDAD ESCOLAPIA\"}]},{\"@type\":\"WebSite\",\"@id\":\"https:\\\/\\\/www.itakaescolapios.org\\\/en\\\/es\\\/#website\",\"url\":\"https:\\\/\\\/www.itakaescolapios.org\\\/en\\\/es\\\/\",\"name\":\"Itaka-Escolapios\",\"description\":\"Red de Itaka-Escolapios\",\"publisher\":{\"@id\":\"https:\\\/\\\/www.itakaescolapios.org\\\/en\\\/es\\\/#organization\"},\"potentialAction\":[{\"@type\":\"SearchAction\",\"target\":{\"@type\":\"EntryPoint\",\"urlTemplate\":\"https:\\\/\\\/www.itakaescolapios.org\\\/en\\\/es\\\/?s={search_term_string}\"},\"query-input\":{\"@type\":\"PropertyValueSpecification\",\"valueRequired\":true,\"valueName\":\"search_term_string\"}}],\"inLanguage\":\"en-US\"},{\"@type\":\"Organization\",\"@id\":\"https:\\\/\\\/www.itakaescolapios.org\\\/en\\\/es\\\/#organization\",\"name\":\"Fundaci\u00f3 Itaka-Escolapios\",\"url\":\"https:\\\/\\\/www.itakaescolapios.org\\\/en\\\/es\\\/\",\"logo\":{\"@type\":\"ImageObject\",\"inLanguage\":\"en-US\",\"@id\":\"https:\\\/\\\/www.itakaescolapios.org\\\/en\\\/es\\\/#\\\/schema\\\/logo\\\/image\\\/\",\"url\":\"https:\\\/\\\/www.itakaescolapios.org\\\/wp-content\\\/uploads\\\/2024\\\/04\\\/Logo-itakaescolapios-peque.png\",\"contentUrl\":\"https:\\\/\\\/www.itakaescolapios.org\\\/wp-content\\\/uploads\\\/2024\\\/04\\\/Logo-itakaescolapios-peque.png\",\"width\":500,\"height\":199,\"caption\":\"Fundaci\u00f3 Itaka-Escolapios\"},\"image\":{\"@id\":\"https:\\\/\\\/www.itakaescolapios.org\\\/en\\\/es\\\/#\\\/schema\\\/logo\\\/image\\\/\"}}]}<\/script>\n<!-- \/ Yoast SEO plugin. -->","yoast_head_json":{"title":"CAMPA\u00d1A DE SOLIDARIDAD ESCOLAPIA","description":"Con esta campa\u00f1a pretendemos conocer, sensibilizar y comprometernos con los proyectos escolapios que m\u00e1s necesidades tienen, as\u00ed como la cooperaci\u00f3n internacional, la lucha contra las desigualdades y el enriquecimiento mutuo entre los pueblos de la Tierra. La campa\u00f1a de solidaridad escolapia Itaka-Escolapios se realiza al menos en diez pa\u00edses, 7 demarcaciones y 79 presencias escolapias.&hellip;","robots":{"index":"index","follow":"follow","max-snippet":"max-snippet:-1","max-image-preview":"max-image-preview:large","max-video-preview":"max-video-preview:-1"},"canonical":"Con esta campa\u00f1a pretendemos conocer, sensibilizar y comprometernos con los proyectos escolapios que m\u00e1s necesidades tienen, as\u00ed como la cooperaci\u00f3n internacional, la lucha contra las desigualdades y el enriquecimiento mutuo entre los pueblos de la Tierra. La campa\u00f1a de solidaridad escolapia Itaka-Escolapios se realiza al menos en diez pa\u00edses, 7 demarcaciones y 79 presencias escolapias.&hellip;","og_locale":"en_US","og_type":"article","og_title":"CAMPA\u00d1A DE SOLIDARIDAD ESCOLAPIA","og_description":"Con esta campa\u00f1a pretendemos conocer, sensibilizar y comprometernos con los proyectos escolapios que m\u00e1s necesidades tienen, as\u00ed como la cooperaci\u00f3n internacional, la lucha contra las desigualdades y el enriquecimiento mutuo entre los pueblos de la Tierra. La campa\u00f1a de solidaridad escolapia Itaka-Escolapios se realiza al menos en diez pa\u00edses, 7 demarcaciones y 79 presencias escolapias.&hellip;","og_url":"https:\/\/www.itakaescolapios.org\/en\/what-we-do\/sensibilizacion\/campana-de-solidaridad-escolapia\/","og_site_name":"Proofs in Itaka-Escolapios","article_modified_time":"2023-11-28T11:36:29+00:00","twitter_card":"summary_large_image","schema":{"@context":"https:\/\/schema.org","@graph":[{"@type":"WebPage","@id":"https:\/\/www.itakaescolapios.org\/en\/what-we-do\/sensibilizacion\/campana-de-solidaridad-escolapia\/","url":"https:\/\/www.itakaescolapios.org\/en\/what-we-do\/sensibilizacion\/campana-de-solidaridad-escolapia\/","name":"CAMPA\u00d1A DE SOLIDARIDAD ESCOLAPIA - Proofs in Itaka-Escolapios","isPartOf":{"@id":"https:\/\/www.itakaescolapios.org\/es\/#website"},"datePublished":"2020-02-14T11:49:14+00:00","dateModified":"2023-11-28T11:36:29+00:00","breadcrumb":{"@id":"https:\/\/www.itakaescolapios.org\/en\/what-we-do\/sensibilizacion\/campana-de-solidaridad-escolapia\/#breadcrumb"},"inLanguage":"en-US","potentialAction":[{"@type":"ReadAction","target":["https:\/\/www.itakaescolapios.org\/en\/what-we-do\/sensibilizacion\/campana-de-solidaridad-escolapia\/"]}]},{"@type":"BreadcrumbList","@id":"https:\/\/www.itakaescolapios.org\/en\/what-we-do\/sensibilizacion\/campana-de-solidaridad-escolapia\/#breadcrumb","itemListElement":[{"@type":"ListItem","position":1,"name":"Proof","item":"https:\/\/www.itakaescolapios.org\/es\/"},{"@type":"ListItem","position":2,"name":"What we do","item":"https:\/\/www.itakaescolapios.org\/es\/que-hacemos\/"},{"@type":"ListItem","position":3,"name":"Awareness","item":"https:\/\/www.itakaescolapios.org\/es\/que-hacemos\/sensibilizacion\/"},{"@type":"ListItem","position":4,"name":"CAMPA\u00d1A DE SOLIDARIDAD ESCOLAPIA"}]},{"@type":"WebSite","@id":"https:\/\/www.itakaescolapios.org\/en\/es\/#website","url":"https:\/\/www.itakaescolapios.org\/en\/es\/","name":"Itaka-Escolapios","description":"Red de Itaka-Escolapios","publisher":{"@id":"https:\/\/www.itakaescolapios.org\/en\/es\/#organization"},"potentialAction":[{"@type":"SearchAction","target":{"@type":"EntryPoint","urlTemplate":"https:\/\/www.itakaescolapios.org\/en\/es\/?s={search_term_string}"},"query-input":{"@type":"PropertyValueSpecification","valueRequired":true,"valueName":"search_term_string"}}],"inLanguage":"en-US"},{"@type":"Organization","@id":"https:\/\/www.itakaescolapios.org\/en\/es\/#organization","name":"Fundaci\u00f3 Itaka-Escolapios","url":"https:\/\/www.itakaescolapios.org\/en\/es\/","logo":{"@type":"ImageObject","inLanguage":"en-US","@id":"https:\/\/www.itakaescolapios.org\/en\/es\/#\/schema\/logo\/image\/","url":"https:\/\/www.itakaescolapios.org\/wp-content\/uploads\/2024\/04\/Logo-itakaescolapios-peque.png","contentUrl":"https:\/\/www.itakaescolapios.org\/wp-content\/uploads\/2024\/04\/Logo-itakaescolapios-peque.png","width":500,"height":199,"caption":"Fundaci\u00f3 Itaka-Escolapios"},"image":{"@id":"https:\/\/www.itakaescolapios.org\/en\/es\/#\/schema\/logo\/image\/"}}]}},"_links":{"self":[{"href":"https:\/\/www.itakaescolapios.org\/en\/wp-json\/wp\/v2\/pages\/30015","targetHints":{"allow":["GET"]}}],"collection":[{"href":"https:\/\/www.itakaescolapios.org\/en\/wp-json\/wp\/v2\/pages"}],"about":[{"href":"https:\/\/www.itakaescolapios.org\/en\/wp-json\/wp\/v2\/types\/page"}],"author":[{"embeddable":true,"href":"https:\/\/www.itakaescolapios.org\/en\/wp-json\/wp\/v2\/users\/4"}],"replies":[{"embeddable":true,"href":"https:\/\/www.itakaescolapios.org\/en\/wp-json\/wp\/v2\/comments?post=30015"}],"version-history":[{"count":3,"href":"https:\/\/www.itakaescolapios.org\/en\/wp-json\/wp\/v2\/pages\/30015\/revisions"}],"predecessor-version":[{"id":45098,"href":"https:\/\/www.itakaescolapios.org\/en\/wp-json\/wp\/v2\/pages\/30015\/revisions\/45098"}],"up":[{"embeddable":true,"href":"https:\/\/www.itakaescolapios.org\/en\/wp-json\/wp\/v2\/pages\/95"}],"wp:attachment":[{"href":"https:\/\/www.itakaescolapios.org\/en\/wp-json\/wp\/v2\/media?parent=30015"}],"curies":[{"name":"wp","href":"https:\/\/api.w.org\/{rel}","templated":true}]}}