{"id":30020,"date":"2020-02-14T16:39:54","date_gmt":"2020-02-14T15:39:54","guid":{"rendered":"https:\/\/www.itakaescolapios.org\/?page_id=30020"},"modified":"2023-11-28T12:36:29","modified_gmt":"2023-11-28T11:36:29","slug":"campana-contra-la-exclusion-y-la-pobreza","status":"publish","type":"page","link":"https:\/\/www.itakaescolapios.org\/en\/what-we-do\/sensibilizacion\/campana-contra-la-exclusion-y-la-pobreza\/","title":{"rendered":"CAMPA\u00d1A CONTRA LA EXCLUSI\u00d3N Y LA POBREZA"},"content":{"rendered":"<p><strong>Campa\u00f1as diversas<\/strong>, en cada sede de Itaka-Escolapios y presencia escolapia, mediante las cuales <strong>apoyamos a colectivos desfavorecidos<\/strong> y a las entidades que trabajan junto a ellos.<br \/>\nPodemos apoyar y conocer proyectos escolapios, o no, <strong>de nuestro entorno m\u00e1s cercano.<\/strong><br \/>\nEl objetivo es comprometernos con situaciones de injusticia, exclusi\u00f3n social o vulnerabilidad, desde las claves del compromiso de Jes\u00fas de Nazaret, con los excluidos de nuestra sociedad.<\/p>\n<p>Recursos en:<\/p>\n<blockquote class=\"wp-embedded-content\" data-secret=\"iQZwBwUik4\"><p><a href=\"https:\/\/www.educa.itakaescolapios.org\/recursos\">Recursos educativos<\/a><\/p><\/blockquote>\n<p><iframe loading=\"lazy\" class=\"wp-embedded-content\" sandbox=\"allow-scripts\" security=\"restricted\" style=\"position: absolute; visibility: hidden;\" title=\"\u00abRecursos educativos\u00bb \u2014 educa\" src=\"https:\/\/www.educa.itakaescolapios.org\/recursos\/embed#?secret=3ekM873DZA#?secret=iQZwBwUik4\" data-secret=\"iQZwBwUik4\" width=\"600\" height=\"338\" frameborder=\"0\" marginwidth=\"0\" marginheight=\"0\" scrolling=\"no\"><\/iframe><\/p>\n<p>&nbsp;<\/p>\n","protected":false},"excerpt":{"rendered":"<p>Campa\u00f1as diversas, en cada sede de Itaka-Escolapios y presencia escolapia, mediante las cuales apoyamos a colectivos desfavorecidos y a las entidades que trabajan junto a ellos. Podemos apoyar y conocer [&hellip;]<\/p>\n","protected":false},"author":4,"featured_media":0,"parent":95,"menu_order":3,"comment_status":"closed","ping_status":"closed","template":"","meta":{"_et_pb_use_builder":"","_et_pb_old_content":"","_et_gb_content_width":"","footnotes":""},"class_list":["post-30020","page","type-page","status-publish","hentry"],"yoast_head":"<!-- This site is optimized with the Yoast SEO plugin v27.3 - https:\/\/yoast.com\/product\/yoast-seo-wordpress\/ -->\n<title>CAMPA\u00d1A CONTRA LA EXCLUSI\u00d3N Y LA POBREZA<\/title>\n<meta name=\"description\" content=\"Campa\u00f1as diversas, en cada sede de Itaka-Escolapios y presencia escolapia, mediante las cuales apoyamos a colectivos desfavorecidos y a las entidades que trabajan junto a ellos. Podemos apoyar y conocer proyectos escolapios, o no, de nuestro entorno m\u00e1s cercano. El objetivo es comprometernos con situaciones de injusticia, exclusi\u00f3n social o vulnerabilidad, desde las claves del&hellip;\" \/>\n<meta name=\"robots\" content=\"index, follow, max-snippet:-1, max-image-preview:large, max-video-preview:-1\" \/>\n<link rel=\"canonical\" href=\"http:\/\/Campa\u00f1as%20diversas,%20en%20cada%20sede%20de%20Itaka-Escolapios%20y%20presencia%20escolapia,%20mediante%20las%20cuales%20apoyamos%20a%20colectivos%20desfavorecidos%20y%20a%20las%20entidades%20que%20trabajan%20junto%20a%20ellos.%20Podemos%20apoyar%20y%20conocer%20proyectos%20escolapios,%20o%20no,%20de%20nuestro%20entorno%20m\u00e1s%20cercano.%20El%20objetivo%20es%20comprometernos%20con%20situaciones%20de%20injusticia,%20exclusi\u00f3n%20social%20o%20vulnerabilidad,%20desde%20las%20claves%20del&hellip;\" \/>\n<meta property=\"og:locale\" content=\"en_US\" \/>\n<meta property=\"og:type\" content=\"article\" \/>\n<meta property=\"og:title\" content=\"CAMPA\u00d1A CONTRA LA EXCLUSI\u00d3N Y LA POBREZA\" \/>\n<meta property=\"og:description\" content=\"Campa\u00f1as diversas, en cada sede de Itaka-Escolapios y presencia escolapia, mediante las cuales apoyamos a colectivos desfavorecidos y a las entidades que trabajan junto a ellos. Podemos apoyar y conocer proyectos escolapios, o no, de nuestro entorno m\u00e1s cercano. El objetivo es comprometernos con situaciones de injusticia, exclusi\u00f3n social o vulnerabilidad, desde las claves del&hellip;\" \/>\n<meta property=\"og:url\" content=\"https:\/\/www.itakaescolapios.org\/en\/what-we-do\/sensibilizacion\/campana-contra-la-exclusion-y-la-pobreza\/\" \/>\n<meta property=\"og:site_name\" content=\"Proofs in Itaka-Escolapios\" \/>\n<meta property=\"article:modified_time\" content=\"2023-11-28T11:36:29+00:00\" \/>\n<meta name=\"twitter:card\" content=\"summary_large_image\" \/>\n<script type=\"application\/ld+json\" class=\"yoast-schema-graph\">{\"@context\":\"https:\\\/\\\/schema.org\",\"@graph\":[{\"@type\":\"WebPage\",\"@id\":\"https:\\\/\\\/www.itakaescolapios.org\\\/en\\\/what-we-do\\\/sensibilizacion\\\/campana-contra-la-exclusion-y-la-pobreza\\\/\",\"url\":\"https:\\\/\\\/www.itakaescolapios.org\\\/en\\\/what-we-do\\\/sensibilizacion\\\/campana-contra-la-exclusion-y-la-pobreza\\\/\",\"name\":\"CAMPA\u00d1A CONTRA LA EXCLUSI\u00d3N Y LA POBREZA - Proofs in Itaka-Escolapios\",\"isPartOf\":{\"@id\":\"https:\\\/\\\/www.itakaescolapios.org\\\/es\\\/#website\"},\"datePublished\":\"2020-02-14T15:39:54+00:00\",\"dateModified\":\"2023-11-28T11:36:29+00:00\",\"breadcrumb\":{\"@id\":\"https:\\\/\\\/www.itakaescolapios.org\\\/en\\\/what-we-do\\\/sensibilizacion\\\/campana-contra-la-exclusion-y-la-pobreza\\\/#breadcrumb\"},\"inLanguage\":\"en-US\",\"potentialAction\":[{\"@type\":\"ReadAction\",\"target\":[\"https:\\\/\\\/www.itakaescolapios.org\\\/en\\\/what-we-do\\\/sensibilizacion\\\/campana-contra-la-exclusion-y-la-pobreza\\\/\"]}]},{\"@type\":\"BreadcrumbList\",\"@id\":\"https:\\\/\\\/www.itakaescolapios.org\\\/en\\\/what-we-do\\\/sensibilizacion\\\/campana-contra-la-exclusion-y-la-pobreza\\\/#breadcrumb\",\"itemListElement\":[{\"@type\":\"ListItem\",\"position\":1,\"name\":\"Proof\",\"item\":\"https:\\\/\\\/www.itakaescolapios.org\\\/es\\\/\"},{\"@type\":\"ListItem\",\"position\":2,\"name\":\"What we do\",\"item\":\"https:\\\/\\\/www.itakaescolapios.org\\\/es\\\/que-hacemos\\\/\"},{\"@type\":\"ListItem\",\"position\":3,\"name\":\"Awareness\",\"item\":\"https:\\\/\\\/www.itakaescolapios.org\\\/es\\\/que-hacemos\\\/sensibilizacion\\\/\"},{\"@type\":\"ListItem\",\"position\":4,\"name\":\"CAMPA\u00d1A CONTRA LA EXCLUSI\u00d3N Y LA POBREZA\"}]},{\"@type\":\"WebSite\",\"@id\":\"https:\\\/\\\/www.itakaescolapios.org\\\/en\\\/es\\\/#website\",\"url\":\"https:\\\/\\\/www.itakaescolapios.org\\\/en\\\/es\\\/\",\"name\":\"Itaka-Escolapios\",\"description\":\"Red de Itaka-Escolapios\",\"publisher\":{\"@id\":\"https:\\\/\\\/www.itakaescolapios.org\\\/en\\\/es\\\/#organization\"},\"potentialAction\":[{\"@type\":\"SearchAction\",\"target\":{\"@type\":\"EntryPoint\",\"urlTemplate\":\"https:\\\/\\\/www.itakaescolapios.org\\\/en\\\/es\\\/?s={search_term_string}\"},\"query-input\":{\"@type\":\"PropertyValueSpecification\",\"valueRequired\":true,\"valueName\":\"search_term_string\"}}],\"inLanguage\":\"en-US\"},{\"@type\":\"Organization\",\"@id\":\"https:\\\/\\\/www.itakaescolapios.org\\\/en\\\/es\\\/#organization\",\"name\":\"Fundaci\u00f3 Itaka-Escolapios\",\"url\":\"https:\\\/\\\/www.itakaescolapios.org\\\/en\\\/es\\\/\",\"logo\":{\"@type\":\"ImageObject\",\"inLanguage\":\"en-US\",\"@id\":\"https:\\\/\\\/www.itakaescolapios.org\\\/en\\\/es\\\/#\\\/schema\\\/logo\\\/image\\\/\",\"url\":\"https:\\\/\\\/www.itakaescolapios.org\\\/wp-content\\\/uploads\\\/2024\\\/04\\\/Logo-itakaescolapios-peque.png\",\"contentUrl\":\"https:\\\/\\\/www.itakaescolapios.org\\\/wp-content\\\/uploads\\\/2024\\\/04\\\/Logo-itakaescolapios-peque.png\",\"width\":500,\"height\":199,\"caption\":\"Fundaci\u00f3 Itaka-Escolapios\"},\"image\":{\"@id\":\"https:\\\/\\\/www.itakaescolapios.org\\\/en\\\/es\\\/#\\\/schema\\\/logo\\\/image\\\/\"}}]}<\/script>\n<!-- \/ Yoast SEO plugin. -->","yoast_head_json":{"title":"CAMPA\u00d1A CONTRA LA EXCLUSI\u00d3N Y LA POBREZA","description":"Campa\u00f1as diversas, en cada sede de Itaka-Escolapios y presencia escolapia, mediante las cuales apoyamos a colectivos desfavorecidos y a las entidades que trabajan junto a ellos. Podemos apoyar y conocer proyectos escolapios, o no, de nuestro entorno m\u00e1s cercano. El objetivo es comprometernos con situaciones de injusticia, exclusi\u00f3n social o vulnerabilidad, desde las claves del&hellip;","robots":{"index":"index","follow":"follow","max-snippet":"max-snippet:-1","max-image-preview":"max-image-preview:large","max-video-preview":"max-video-preview:-1"},"canonical":"Campa\u00f1as diversas, en cada sede de Itaka-Escolapios y presencia escolapia, mediante las cuales apoyamos a colectivos desfavorecidos y a las entidades que trabajan junto a ellos. Podemos apoyar y conocer proyectos escolapios, o no, de nuestro entorno m\u00e1s cercano. El objetivo es comprometernos con situaciones de injusticia, exclusi\u00f3n social o vulnerabilidad, desde las claves del&hellip;","og_locale":"en_US","og_type":"article","og_title":"CAMPA\u00d1A CONTRA LA EXCLUSI\u00d3N Y LA POBREZA","og_description":"Campa\u00f1as diversas, en cada sede de Itaka-Escolapios y presencia escolapia, mediante las cuales apoyamos a colectivos desfavorecidos y a las entidades que trabajan junto a ellos. Podemos apoyar y conocer proyectos escolapios, o no, de nuestro entorno m\u00e1s cercano. El objetivo es comprometernos con situaciones de injusticia, exclusi\u00f3n social o vulnerabilidad, desde las claves del&hellip;","og_url":"https:\/\/www.itakaescolapios.org\/en\/what-we-do\/sensibilizacion\/campana-contra-la-exclusion-y-la-pobreza\/","og_site_name":"Proofs in Itaka-Escolapios","article_modified_time":"2023-11-28T11:36:29+00:00","twitter_card":"summary_large_image","schema":{"@context":"https:\/\/schema.org","@graph":[{"@type":"WebPage","@id":"https:\/\/www.itakaescolapios.org\/en\/what-we-do\/sensibilizacion\/campana-contra-la-exclusion-y-la-pobreza\/","url":"https:\/\/www.itakaescolapios.org\/en\/what-we-do\/sensibilizacion\/campana-contra-la-exclusion-y-la-pobreza\/","name":"CAMPA\u00d1A CONTRA LA EXCLUSI\u00d3N Y LA POBREZA - Proofs in Itaka-Escolapios","isPartOf":{"@id":"https:\/\/www.itakaescolapios.org\/es\/#website"},"datePublished":"2020-02-14T15:39:54+00:00","dateModified":"2023-11-28T11:36:29+00:00","breadcrumb":{"@id":"https:\/\/www.itakaescolapios.org\/en\/what-we-do\/sensibilizacion\/campana-contra-la-exclusion-y-la-pobreza\/#breadcrumb"},"inLanguage":"en-US","potentialAction":[{"@type":"ReadAction","target":["https:\/\/www.itakaescolapios.org\/en\/what-we-do\/sensibilizacion\/campana-contra-la-exclusion-y-la-pobreza\/"]}]},{"@type":"BreadcrumbList","@id":"https:\/\/www.itakaescolapios.org\/en\/what-we-do\/sensibilizacion\/campana-contra-la-exclusion-y-la-pobreza\/#breadcrumb","itemListElement":[{"@type":"ListItem","position":1,"name":"Proof","item":"https:\/\/www.itakaescolapios.org\/es\/"},{"@type":"ListItem","position":2,"name":"What we do","item":"https:\/\/www.itakaescolapios.org\/es\/que-hacemos\/"},{"@type":"ListItem","position":3,"name":"Awareness","item":"https:\/\/www.itakaescolapios.org\/es\/que-hacemos\/sensibilizacion\/"},{"@type":"ListItem","position":4,"name":"CAMPA\u00d1A CONTRA LA EXCLUSI\u00d3N Y LA POBREZA"}]},{"@type":"WebSite","@id":"https:\/\/www.itakaescolapios.org\/en\/es\/#website","url":"https:\/\/www.itakaescolapios.org\/en\/es\/","name":"Itaka-Escolapios","description":"Red de Itaka-Escolapios","publisher":{"@id":"https:\/\/www.itakaescolapios.org\/en\/es\/#organization"},"potentialAction":[{"@type":"SearchAction","target":{"@type":"EntryPoint","urlTemplate":"https:\/\/www.itakaescolapios.org\/en\/es\/?s={search_term_string}"},"query-input":{"@type":"PropertyValueSpecification","valueRequired":true,"valueName":"search_term_string"}}],"inLanguage":"en-US"},{"@type":"Organization","@id":"https:\/\/www.itakaescolapios.org\/en\/es\/#organization","name":"Fundaci\u00f3 Itaka-Escolapios","url":"https:\/\/www.itakaescolapios.org\/en\/es\/","logo":{"@type":"ImageObject","inLanguage":"en-US","@id":"https:\/\/www.itakaescolapios.org\/en\/es\/#\/schema\/logo\/image\/","url":"https:\/\/www.itakaescolapios.org\/wp-content\/uploads\/2024\/04\/Logo-itakaescolapios-peque.png","contentUrl":"https:\/\/www.itakaescolapios.org\/wp-content\/uploads\/2024\/04\/Logo-itakaescolapios-peque.png","width":500,"height":199,"caption":"Fundaci\u00f3 Itaka-Escolapios"},"image":{"@id":"https:\/\/www.itakaescolapios.org\/en\/es\/#\/schema\/logo\/image\/"}}]}},"_links":{"self":[{"href":"https:\/\/www.itakaescolapios.org\/en\/wp-json\/wp\/v2\/pages\/30020","targetHints":{"allow":["GET"]}}],"collection":[{"href":"https:\/\/www.itakaescolapios.org\/en\/wp-json\/wp\/v2\/pages"}],"about":[{"href":"https:\/\/www.itakaescolapios.org\/en\/wp-json\/wp\/v2\/types\/page"}],"author":[{"embeddable":true,"href":"https:\/\/www.itakaescolapios.org\/en\/wp-json\/wp\/v2\/users\/4"}],"replies":[{"embeddable":true,"href":"https:\/\/www.itakaescolapios.org\/en\/wp-json\/wp\/v2\/comments?post=30020"}],"version-history":[{"count":3,"href":"https:\/\/www.itakaescolapios.org\/en\/wp-json\/wp\/v2\/pages\/30020\/revisions"}],"predecessor-version":[{"id":45096,"href":"https:\/\/www.itakaescolapios.org\/en\/wp-json\/wp\/v2\/pages\/30020\/revisions\/45096"}],"up":[{"embeddable":true,"href":"https:\/\/www.itakaescolapios.org\/en\/wp-json\/wp\/v2\/pages\/95"}],"wp:attachment":[{"href":"https:\/\/www.itakaescolapios.org\/en\/wp-json\/wp\/v2\/media?parent=30020"}],"curies":[{"name":"wp","href":"https:\/\/api.w.org\/{rel}","templated":true}]}}