{"id":30026,"date":"2020-02-14T16:46:37","date_gmt":"2020-02-14T15:46:37","guid":{"rendered":"https:\/\/www.itakaescolapios.org\/?page_id=30026"},"modified":"2023-11-28T12:36:29","modified_gmt":"2023-11-28T11:36:29","slug":"semana-escolapia","status":"publish","type":"page","link":"https:\/\/www.itakaescolapios.org\/en\/what-we-do\/sensibilizacion\/semana-escolapia\/","title":{"rendered":"SEMANA ESCOLAPIA"},"content":{"rendered":"<p>Semana en la que conocemos, destacamos y<strong> actualizamos la figura de San Jos\u00e9 de Calasanz<\/strong>, acerc\u00e1ndonos a las presencias escolapias de todo el mundo. Es una semana en la que tambi\u00e9n hacemos hincapi\u00e9 en <strong>el valor de la educaci\u00f3n y la vida en clave vocacional.<\/strong><\/p>\n<p>Recursos en:<\/p>\n<blockquote class=\"wp-embedded-content\" data-secret=\"JfguIoNhiZ\"><p><a href=\"https:\/\/www.educa.itakaescolapios.org\/recursos\">Recursos educativos<\/a><\/p><\/blockquote>\n<p><iframe loading=\"lazy\" class=\"wp-embedded-content\" sandbox=\"allow-scripts\" security=\"restricted\" style=\"position: absolute; visibility: hidden;\" title=\"\u00abRecursos educativos\u00bb \u2014 educa\" src=\"https:\/\/www.educa.itakaescolapios.org\/recursos\/embed#?secret=1F5qrBY5ed#?secret=JfguIoNhiZ\" data-secret=\"JfguIoNhiZ\" width=\"600\" height=\"338\" frameborder=\"0\" marginwidth=\"0\" marginheight=\"0\" scrolling=\"no\"><\/iframe><\/p>\n","protected":false},"excerpt":{"rendered":"<p>Semana en la que conocemos, destacamos y actualizamos la figura de San Jos\u00e9 de Calasanz, acerc\u00e1ndonos a las presencias escolapias de todo el mundo. Es una semana en la que [&hellip;]<\/p>\n","protected":false},"author":4,"featured_media":0,"parent":95,"menu_order":5,"comment_status":"closed","ping_status":"closed","template":"","meta":{"_et_pb_use_builder":"","_et_pb_old_content":"","_et_gb_content_width":"","footnotes":""},"class_list":["post-30026","page","type-page","status-publish","hentry"],"yoast_head":"<!-- This site is optimized with the Yoast SEO plugin v27.3 - https:\/\/yoast.com\/product\/yoast-seo-wordpress\/ -->\n<title>SEMANA ESCOLAPIA<\/title>\n<meta name=\"description\" content=\"Semana en la que conocemos, destacamos y actualizamos la figura de San Jos\u00e9 de Calasanz, acerc\u00e1ndonos a las presencias escolapias de todo el mundo. Es una semana en la que tambi\u00e9n hacemos hincapi\u00e9 en el valor de la educaci\u00f3n y la vida en clave vocacional. Recursos en: https:\/\/www.educa.itakaescolapios.org\/recursos\" \/>\n<meta name=\"robots\" content=\"index, follow, max-snippet:-1, max-image-preview:large, max-video-preview:-1\" \/>\n<link rel=\"canonical\" href=\"\" \/>\n<meta property=\"og:locale\" content=\"en_US\" \/>\n<meta property=\"og:type\" content=\"article\" \/>\n<meta property=\"og:title\" content=\"SEMANA ESCOLAPIA\" \/>\n<meta property=\"og:description\" content=\"Semana en la que conocemos, destacamos y actualizamos la figura de San Jos\u00e9 de Calasanz, acerc\u00e1ndonos a las presencias escolapias de todo el mundo. Es una semana en la que tambi\u00e9n hacemos hincapi\u00e9 en el valor de la educaci\u00f3n y la vida en clave vocacional. Recursos en: https:\/\/www.educa.itakaescolapios.org\/recursos\" \/>\n<meta property=\"og:url\" content=\"https:\/\/www.itakaescolapios.org\/en\/what-we-do\/sensibilizacion\/semana-escolapia\/\" \/>\n<meta property=\"og:site_name\" content=\"Proofs in Itaka-Escolapios\" \/>\n<meta property=\"article:modified_time\" content=\"2023-11-28T11:36:29+00:00\" \/>\n<meta name=\"twitter:card\" content=\"summary_large_image\" \/>\n<script type=\"application\/ld+json\" class=\"yoast-schema-graph\">{\"@context\":\"https:\\\/\\\/schema.org\",\"@graph\":[{\"@type\":\"WebPage\",\"@id\":\"https:\\\/\\\/www.itakaescolapios.org\\\/en\\\/what-we-do\\\/sensibilizacion\\\/semana-escolapia\\\/\",\"url\":\"https:\\\/\\\/www.itakaescolapios.org\\\/en\\\/what-we-do\\\/sensibilizacion\\\/semana-escolapia\\\/\",\"name\":\"SEMANA ESCOLAPIA - Proofs in Itaka-Escolapios\",\"isPartOf\":{\"@id\":\"https:\\\/\\\/www.itakaescolapios.org\\\/es\\\/#website\"},\"datePublished\":\"2020-02-14T15:46:37+00:00\",\"dateModified\":\"2023-11-28T11:36:29+00:00\",\"breadcrumb\":{\"@id\":\"https:\\\/\\\/www.itakaescolapios.org\\\/en\\\/what-we-do\\\/sensibilizacion\\\/semana-escolapia\\\/#breadcrumb\"},\"inLanguage\":\"en-US\",\"potentialAction\":[{\"@type\":\"ReadAction\",\"target\":[\"https:\\\/\\\/www.itakaescolapios.org\\\/en\\\/what-we-do\\\/sensibilizacion\\\/semana-escolapia\\\/\"]}]},{\"@type\":\"BreadcrumbList\",\"@id\":\"https:\\\/\\\/www.itakaescolapios.org\\\/en\\\/what-we-do\\\/sensibilizacion\\\/semana-escolapia\\\/#breadcrumb\",\"itemListElement\":[{\"@type\":\"ListItem\",\"position\":1,\"name\":\"Proof\",\"item\":\"https:\\\/\\\/www.itakaescolapios.org\\\/es\\\/\"},{\"@type\":\"ListItem\",\"position\":2,\"name\":\"What we do\",\"item\":\"https:\\\/\\\/www.itakaescolapios.org\\\/es\\\/que-hacemos\\\/\"},{\"@type\":\"ListItem\",\"position\":3,\"name\":\"Awareness\",\"item\":\"https:\\\/\\\/www.itakaescolapios.org\\\/es\\\/que-hacemos\\\/sensibilizacion\\\/\"},{\"@type\":\"ListItem\",\"position\":4,\"name\":\"SEMANA ESCOLAPIA\"}]},{\"@type\":\"WebSite\",\"@id\":\"https:\\\/\\\/www.itakaescolapios.org\\\/en\\\/es\\\/#website\",\"url\":\"https:\\\/\\\/www.itakaescolapios.org\\\/en\\\/es\\\/\",\"name\":\"Itaka-Escolapios\",\"description\":\"Red de Itaka-Escolapios\",\"publisher\":{\"@id\":\"https:\\\/\\\/www.itakaescolapios.org\\\/en\\\/es\\\/#organization\"},\"potentialAction\":[{\"@type\":\"SearchAction\",\"target\":{\"@type\":\"EntryPoint\",\"urlTemplate\":\"https:\\\/\\\/www.itakaescolapios.org\\\/en\\\/es\\\/?s={search_term_string}\"},\"query-input\":{\"@type\":\"PropertyValueSpecification\",\"valueRequired\":true,\"valueName\":\"search_term_string\"}}],\"inLanguage\":\"en-US\"},{\"@type\":\"Organization\",\"@id\":\"https:\\\/\\\/www.itakaescolapios.org\\\/en\\\/es\\\/#organization\",\"name\":\"Fundaci\u00f3 Itaka-Escolapios\",\"url\":\"https:\\\/\\\/www.itakaescolapios.org\\\/en\\\/es\\\/\",\"logo\":{\"@type\":\"ImageObject\",\"inLanguage\":\"en-US\",\"@id\":\"https:\\\/\\\/www.itakaescolapios.org\\\/en\\\/es\\\/#\\\/schema\\\/logo\\\/image\\\/\",\"url\":\"https:\\\/\\\/www.itakaescolapios.org\\\/wp-content\\\/uploads\\\/2024\\\/04\\\/Logo-itakaescolapios-peque.png\",\"contentUrl\":\"https:\\\/\\\/www.itakaescolapios.org\\\/wp-content\\\/uploads\\\/2024\\\/04\\\/Logo-itakaescolapios-peque.png\",\"width\":500,\"height\":199,\"caption\":\"Fundaci\u00f3 Itaka-Escolapios\"},\"image\":{\"@id\":\"https:\\\/\\\/www.itakaescolapios.org\\\/en\\\/es\\\/#\\\/schema\\\/logo\\\/image\\\/\"}}]}<\/script>\n<!-- \/ Yoast SEO plugin. -->","yoast_head_json":{"title":"SEMANA ESCOLAPIA","description":"Semana en la que conocemos, destacamos y actualizamos la figura de San Jos\u00e9 de Calasanz, acerc\u00e1ndonos a las presencias escolapias de todo el mundo. Es una semana en la que tambi\u00e9n hacemos hincapi\u00e9 en el valor de la educaci\u00f3n y la vida en clave vocacional. Recursos en: https:\/\/www.educa.itakaescolapios.org\/recursos","robots":{"index":"index","follow":"follow","max-snippet":"max-snippet:-1","max-image-preview":"max-image-preview:large","max-video-preview":"max-video-preview:-1"},"canonical":"Semana en la que conocemos, destacamos y actualizamos la figura de San Jos\u00e9 de Calasanz, acerc\u00e1ndonos a las presencias escolapias de todo el mundo. Es una semana en la que tambi\u00e9n hacemos hincapi\u00e9 en el valor de la educaci\u00f3n y la vida en clave vocacional. Recursos en: https:\/\/www.educa.itakaescolapios.org\/recursos","og_locale":"en_US","og_type":"article","og_title":"SEMANA ESCOLAPIA","og_description":"Semana en la que conocemos, destacamos y actualizamos la figura de San Jos\u00e9 de Calasanz, acerc\u00e1ndonos a las presencias escolapias de todo el mundo. Es una semana en la que tambi\u00e9n hacemos hincapi\u00e9 en el valor de la educaci\u00f3n y la vida en clave vocacional. Recursos en: https:\/\/www.educa.itakaescolapios.org\/recursos","og_url":"https:\/\/www.itakaescolapios.org\/en\/what-we-do\/sensibilizacion\/semana-escolapia\/","og_site_name":"Proofs in Itaka-Escolapios","article_modified_time":"2023-11-28T11:36:29+00:00","twitter_card":"summary_large_image","schema":{"@context":"https:\/\/schema.org","@graph":[{"@type":"WebPage","@id":"https:\/\/www.itakaescolapios.org\/en\/what-we-do\/sensibilizacion\/semana-escolapia\/","url":"https:\/\/www.itakaescolapios.org\/en\/what-we-do\/sensibilizacion\/semana-escolapia\/","name":"SEMANA ESCOLAPIA - Proofs in Itaka-Escolapios","isPartOf":{"@id":"https:\/\/www.itakaescolapios.org\/es\/#website"},"datePublished":"2020-02-14T15:46:37+00:00","dateModified":"2023-11-28T11:36:29+00:00","breadcrumb":{"@id":"https:\/\/www.itakaescolapios.org\/en\/what-we-do\/sensibilizacion\/semana-escolapia\/#breadcrumb"},"inLanguage":"en-US","potentialAction":[{"@type":"ReadAction","target":["https:\/\/www.itakaescolapios.org\/en\/what-we-do\/sensibilizacion\/semana-escolapia\/"]}]},{"@type":"BreadcrumbList","@id":"https:\/\/www.itakaescolapios.org\/en\/what-we-do\/sensibilizacion\/semana-escolapia\/#breadcrumb","itemListElement":[{"@type":"ListItem","position":1,"name":"Proof","item":"https:\/\/www.itakaescolapios.org\/es\/"},{"@type":"ListItem","position":2,"name":"What we do","item":"https:\/\/www.itakaescolapios.org\/es\/que-hacemos\/"},{"@type":"ListItem","position":3,"name":"Awareness","item":"https:\/\/www.itakaescolapios.org\/es\/que-hacemos\/sensibilizacion\/"},{"@type":"ListItem","position":4,"name":"SEMANA ESCOLAPIA"}]},{"@type":"WebSite","@id":"https:\/\/www.itakaescolapios.org\/en\/es\/#website","url":"https:\/\/www.itakaescolapios.org\/en\/es\/","name":"Itaka-Escolapios","description":"Red de Itaka-Escolapios","publisher":{"@id":"https:\/\/www.itakaescolapios.org\/en\/es\/#organization"},"potentialAction":[{"@type":"SearchAction","target":{"@type":"EntryPoint","urlTemplate":"https:\/\/www.itakaescolapios.org\/en\/es\/?s={search_term_string}"},"query-input":{"@type":"PropertyValueSpecification","valueRequired":true,"valueName":"search_term_string"}}],"inLanguage":"en-US"},{"@type":"Organization","@id":"https:\/\/www.itakaescolapios.org\/en\/es\/#organization","name":"Fundaci\u00f3 Itaka-Escolapios","url":"https:\/\/www.itakaescolapios.org\/en\/es\/","logo":{"@type":"ImageObject","inLanguage":"en-US","@id":"https:\/\/www.itakaescolapios.org\/en\/es\/#\/schema\/logo\/image\/","url":"https:\/\/www.itakaescolapios.org\/wp-content\/uploads\/2024\/04\/Logo-itakaescolapios-peque.png","contentUrl":"https:\/\/www.itakaescolapios.org\/wp-content\/uploads\/2024\/04\/Logo-itakaescolapios-peque.png","width":500,"height":199,"caption":"Fundaci\u00f3 Itaka-Escolapios"},"image":{"@id":"https:\/\/www.itakaescolapios.org\/en\/es\/#\/schema\/logo\/image\/"}}]}},"_links":{"self":[{"href":"https:\/\/www.itakaescolapios.org\/en\/wp-json\/wp\/v2\/pages\/30026","targetHints":{"allow":["GET"]}}],"collection":[{"href":"https:\/\/www.itakaescolapios.org\/en\/wp-json\/wp\/v2\/pages"}],"about":[{"href":"https:\/\/www.itakaescolapios.org\/en\/wp-json\/wp\/v2\/types\/page"}],"author":[{"embeddable":true,"href":"https:\/\/www.itakaescolapios.org\/en\/wp-json\/wp\/v2\/users\/4"}],"replies":[{"embeddable":true,"href":"https:\/\/www.itakaescolapios.org\/en\/wp-json\/wp\/v2\/comments?post=30026"}],"version-history":[{"count":3,"href":"https:\/\/www.itakaescolapios.org\/en\/wp-json\/wp\/v2\/pages\/30026\/revisions"}],"predecessor-version":[{"id":45092,"href":"https:\/\/www.itakaescolapios.org\/en\/wp-json\/wp\/v2\/pages\/30026\/revisions\/45092"}],"up":[{"embeddable":true,"href":"https:\/\/www.itakaescolapios.org\/en\/wp-json\/wp\/v2\/pages\/95"}],"wp:attachment":[{"href":"https:\/\/www.itakaescolapios.org\/en\/wp-json\/wp\/v2\/media?parent=30026"}],"curies":[{"name":"wp","href":"https:\/\/api.w.org\/{rel}","templated":true}]}}