{"id":30760,"date":"2020-05-18T09:57:40","date_gmt":"2020-05-18T08:57:40","guid":{"rendered":"https:\/\/www.itakaescolapios.org\/?page_id=30760"},"modified":"2023-11-28T12:36:20","modified_gmt":"2023-11-28T11:36:20","slug":"transferencia-bancaria-a-donasolidaridad","status":"publish","type":"page","link":"https:\/\/www.itakaescolapios.org\/en\/transferencia-bancaria-a-donasolidaridad\/","title":{"rendered":"TRANSFERENCIA BANCARIA #MICROSOLIDARIAS"},"content":{"rendered":"<p>Si eliges hacer una transferencia bancaria puedes hacer el ingreso en cualquiera de las cuentas que te indicamos a continuaci\u00f3n.<\/p>\n<table width=\"551\">\n<tbody>\n<tr>\n<td width=\"127\">ENTIDAD<\/td>\n<td width=\"239\">CUENTA \u2013 IBAN<\/td>\n<td width=\"98\">SWIFT -BIC<\/td>\n<\/tr>\n<tr>\n<td width=\"127\">Fiare Banca \u00c9tica<\/td>\n<td width=\"239\">ES39 1550 0001 2500 04594222<\/td>\n<td width=\"98\">ETICES21XXX<\/td>\n<\/tr>\n<tr>\n<td width=\"127\">Caixabank<\/td>\n<td width=\"239\">ES69 2100 0732 24 0201043335<\/td>\n<td width=\"98\">CAIXESBBXXX<\/td>\n<\/tr>\n<tr>\n<td width=\"127\">Bankinter<\/td>\n<td width=\"239\">ES22 0128 0362 59 0100008641<\/td>\n<td width=\"98\">BKBKESMMXXX<\/td>\n<\/tr>\n<\/tbody>\n<\/table>\n<p>&nbsp;<\/p>\n<p>No olvides enviarnos\u00a0un correo electr\u00f3nico a\u00a0<strong>colabora@itakaescolapios.org,\u00a0<\/strong>de esta manera adem\u00e1s de destinar el importe a las personas m\u00e1s vulnerables de la red Itaka-Escolapios, te remitiremos el certificado de la donaci\u00f3n para tu declaraci\u00f3n de la renta o impuesto de sociedades.<\/p>\n<ul>\n<li>Nombre y dos apellidos<\/li>\n<li>DNI o NIE<\/li>\n<li>Direcci\u00f3n postal<\/li>\n<li>Importe del donativo<\/li>\n<li>Concepto: #MICROSOLIDARIAS<\/li>\n<\/ul>\n","protected":false},"excerpt":{"rendered":"<p>Si eliges hacer una transferencia bancaria puedes hacer el ingreso en cualquiera de las cuentas que te indicamos a continuaci\u00f3n. ENTIDAD CUENTA \u2013 IBAN SWIFT -BIC Fiare Banca \u00c9tica ES39 [&hellip;]<\/p>\n","protected":false},"author":46,"featured_media":0,"parent":0,"menu_order":0,"comment_status":"closed","ping_status":"closed","template":"","meta":{"_et_pb_use_builder":"","_et_pb_old_content":"","_et_gb_content_width":"","footnotes":""},"class_list":["post-30760","page","type-page","status-publish","hentry"],"yoast_head":"<!-- This site is optimized with the Yoast SEO plugin v27.3 - https:\/\/yoast.com\/product\/yoast-seo-wordpress\/ -->\n<title>TRANSFERENCIA BANCARIA #MICROSOLIDARIAS<\/title>\n<meta name=\"description\" content=\"Si eliges hacer una transferencia bancaria puedes hacer el ingreso en cualquiera de las cuentas que te indicamos a continuaci\u00f3n. ENTIDAD CUENTA \u2013 IBAN SWIFT -BIC Fiare Banca \u00c9tica ES39 1550 0001 2500 04594222 ETICES21XXX Caixabank ES69 2100 0732 24 0201043335 CAIXESBBXXX Bankinter ES22 0128 0362 59 0100008641 BKBKESMMXXX &nbsp; No olvides enviarnos\u00a0un correo electr\u00f3nico&hellip;\" \/>\n<meta name=\"robots\" content=\"index, follow, max-snippet:-1, max-image-preview:large, max-video-preview:-1\" \/>\n<link rel=\"canonical\" href=\"http:\/\/Si%20eliges%20hacer%20una%20transferencia%20bancaria%20puedes%20hacer%20el%20ingreso%20en%20cualquiera%20de%20las%20cuentas%20que%20te%20indicamos%20a%20continuaci\u00f3n.%20ENTIDAD%20CUENTA%20\u2013%20IBAN%20SWIFT%20-BIC%20Fiare%20Banca%20\u00c9tica%20ES39%201550%200001%202500%2004594222%20ETICES21XXX%20Caixabank%20ES69%202100%200732%2024%200201043335%20CAIXESBBXXX%20Bankinter%20ES22%200128%200362%2059%200100008641%20BKBKESMMXXX%20&nbsp;%20No%20olvides%20enviarnos\u00a0un%20correo%20electr\u00f3nico&hellip;\" \/>\n<meta property=\"og:locale\" content=\"en_US\" \/>\n<meta property=\"og:type\" content=\"article\" \/>\n<meta property=\"og:title\" content=\"TRANSFERENCIA BANCARIA #MICROSOLIDARIAS\" \/>\n<meta property=\"og:description\" content=\"Si eliges hacer una transferencia bancaria puedes hacer el ingreso en cualquiera de las cuentas que te indicamos a continuaci\u00f3n. ENTIDAD CUENTA \u2013 IBAN SWIFT -BIC Fiare Banca \u00c9tica ES39 1550 0001 2500 04594222 ETICES21XXX Caixabank ES69 2100 0732 24 0201043335 CAIXESBBXXX Bankinter ES22 0128 0362 59 0100008641 BKBKESMMXXX &nbsp; No olvides enviarnos\u00a0un correo electr\u00f3nico&hellip;\" \/>\n<meta property=\"og:url\" content=\"https:\/\/www.itakaescolapios.org\/en\/transferencia-bancaria-a-donasolidaridad\/\" \/>\n<meta property=\"og:site_name\" content=\"Proofs in Itaka-Escolapios\" \/>\n<meta property=\"article:modified_time\" content=\"2023-11-28T11:36:20+00:00\" \/>\n<meta name=\"twitter:card\" content=\"summary_large_image\" \/>\n<meta name=\"twitter:label1\" content=\"Est. reading time\" \/>\n\t<meta name=\"twitter:data1\" content=\"1 minute\" \/>\n<script type=\"application\/ld+json\" class=\"yoast-schema-graph\">{\"@context\":\"https:\\\/\\\/schema.org\",\"@graph\":[{\"@type\":\"WebPage\",\"@id\":\"https:\\\/\\\/www.itakaescolapios.org\\\/en\\\/transferencia-bancaria-a-donasolidaridad\\\/\",\"url\":\"https:\\\/\\\/www.itakaescolapios.org\\\/en\\\/transferencia-bancaria-a-donasolidaridad\\\/\",\"name\":\"TRANSFERENCIA BANCARIA #MICROSOLIDARIAS - Proofs in Itaka-Escolapios\",\"isPartOf\":{\"@id\":\"https:\\\/\\\/www.itakaescolapios.org\\\/es\\\/#website\"},\"datePublished\":\"2020-05-18T08:57:40+00:00\",\"dateModified\":\"2023-11-28T11:36:20+00:00\",\"breadcrumb\":{\"@id\":\"https:\\\/\\\/www.itakaescolapios.org\\\/en\\\/transferencia-bancaria-a-donasolidaridad\\\/#breadcrumb\"},\"inLanguage\":\"en-US\",\"potentialAction\":[{\"@type\":\"ReadAction\",\"target\":[\"https:\\\/\\\/www.itakaescolapios.org\\\/en\\\/transferencia-bancaria-a-donasolidaridad\\\/\"]}]},{\"@type\":\"BreadcrumbList\",\"@id\":\"https:\\\/\\\/www.itakaescolapios.org\\\/en\\\/transferencia-bancaria-a-donasolidaridad\\\/#breadcrumb\",\"itemListElement\":[{\"@type\":\"ListItem\",\"position\":1,\"name\":\"Proof\",\"item\":\"https:\\\/\\\/www.itakaescolapios.org\\\/es\\\/\"},{\"@type\":\"ListItem\",\"position\":2,\"name\":\"TRANSFERENCIA BANCARIA #MICROSOLIDARIAS\"}]},{\"@type\":\"WebSite\",\"@id\":\"https:\\\/\\\/www.itakaescolapios.org\\\/en\\\/es\\\/#website\",\"url\":\"https:\\\/\\\/www.itakaescolapios.org\\\/en\\\/es\\\/\",\"name\":\"Itaka-Escolapios\",\"description\":\"Red de Itaka-Escolapios\",\"publisher\":{\"@id\":\"https:\\\/\\\/www.itakaescolapios.org\\\/en\\\/es\\\/#organization\"},\"potentialAction\":[{\"@type\":\"SearchAction\",\"target\":{\"@type\":\"EntryPoint\",\"urlTemplate\":\"https:\\\/\\\/www.itakaescolapios.org\\\/en\\\/es\\\/?s={search_term_string}\"},\"query-input\":{\"@type\":\"PropertyValueSpecification\",\"valueRequired\":true,\"valueName\":\"search_term_string\"}}],\"inLanguage\":\"en-US\"},{\"@type\":\"Organization\",\"@id\":\"https:\\\/\\\/www.itakaescolapios.org\\\/en\\\/es\\\/#organization\",\"name\":\"Fundaci\u00f3 Itaka-Escolapios\",\"url\":\"https:\\\/\\\/www.itakaescolapios.org\\\/en\\\/es\\\/\",\"logo\":{\"@type\":\"ImageObject\",\"inLanguage\":\"en-US\",\"@id\":\"https:\\\/\\\/www.itakaescolapios.org\\\/en\\\/es\\\/#\\\/schema\\\/logo\\\/image\\\/\",\"url\":\"https:\\\/\\\/www.itakaescolapios.org\\\/wp-content\\\/uploads\\\/2024\\\/04\\\/Logo-itakaescolapios-peque.png\",\"contentUrl\":\"https:\\\/\\\/www.itakaescolapios.org\\\/wp-content\\\/uploads\\\/2024\\\/04\\\/Logo-itakaescolapios-peque.png\",\"width\":500,\"height\":199,\"caption\":\"Fundaci\u00f3 Itaka-Escolapios\"},\"image\":{\"@id\":\"https:\\\/\\\/www.itakaescolapios.org\\\/en\\\/es\\\/#\\\/schema\\\/logo\\\/image\\\/\"}}]}<\/script>\n<!-- \/ Yoast SEO plugin. -->","yoast_head_json":{"title":"TRANSFERENCIA BANCARIA #MICROSOLIDARIAS","description":"Si eliges hacer una transferencia bancaria puedes hacer el ingreso en cualquiera de las cuentas que te indicamos a continuaci\u00f3n. ENTIDAD CUENTA \u2013 IBAN SWIFT -BIC Fiare Banca \u00c9tica ES39 1550 0001 2500 04594222 ETICES21XXX Caixabank ES69 2100 0732 24 0201043335 CAIXESBBXXX Bankinter ES22 0128 0362 59 0100008641 BKBKESMMXXX &nbsp; No olvides enviarnos\u00a0un correo electr\u00f3nico&hellip;","robots":{"index":"index","follow":"follow","max-snippet":"max-snippet:-1","max-image-preview":"max-image-preview:large","max-video-preview":"max-video-preview:-1"},"canonical":"Si eliges hacer una transferencia bancaria puedes hacer el ingreso en cualquiera de las cuentas que te indicamos a continuaci\u00f3n. ENTIDAD CUENTA \u2013 IBAN SWIFT -BIC Fiare Banca \u00c9tica ES39 1550 0001 2500 04594222 ETICES21XXX Caixabank ES69 2100 0732 24 0201043335 CAIXESBBXXX Bankinter ES22 0128 0362 59 0100008641 BKBKESMMXXX &nbsp; No olvides enviarnos\u00a0un correo electr\u00f3nico&hellip;","og_locale":"en_US","og_type":"article","og_title":"TRANSFERENCIA BANCARIA #MICROSOLIDARIAS","og_description":"Si eliges hacer una transferencia bancaria puedes hacer el ingreso en cualquiera de las cuentas que te indicamos a continuaci\u00f3n. ENTIDAD CUENTA \u2013 IBAN SWIFT -BIC Fiare Banca \u00c9tica ES39 1550 0001 2500 04594222 ETICES21XXX Caixabank ES69 2100 0732 24 0201043335 CAIXESBBXXX Bankinter ES22 0128 0362 59 0100008641 BKBKESMMXXX &nbsp; No olvides enviarnos\u00a0un correo electr\u00f3nico&hellip;","og_url":"https:\/\/www.itakaescolapios.org\/en\/transferencia-bancaria-a-donasolidaridad\/","og_site_name":"Proofs in Itaka-Escolapios","article_modified_time":"2023-11-28T11:36:20+00:00","twitter_card":"summary_large_image","twitter_misc":{"Est. reading time":"1 minute"},"schema":{"@context":"https:\/\/schema.org","@graph":[{"@type":"WebPage","@id":"https:\/\/www.itakaescolapios.org\/en\/transferencia-bancaria-a-donasolidaridad\/","url":"https:\/\/www.itakaescolapios.org\/en\/transferencia-bancaria-a-donasolidaridad\/","name":"TRANSFERENCIA BANCARIA #MICROSOLIDARIAS - Proofs in Itaka-Escolapios","isPartOf":{"@id":"https:\/\/www.itakaescolapios.org\/es\/#website"},"datePublished":"2020-05-18T08:57:40+00:00","dateModified":"2023-11-28T11:36:20+00:00","breadcrumb":{"@id":"https:\/\/www.itakaescolapios.org\/en\/transferencia-bancaria-a-donasolidaridad\/#breadcrumb"},"inLanguage":"en-US","potentialAction":[{"@type":"ReadAction","target":["https:\/\/www.itakaescolapios.org\/en\/transferencia-bancaria-a-donasolidaridad\/"]}]},{"@type":"BreadcrumbList","@id":"https:\/\/www.itakaescolapios.org\/en\/transferencia-bancaria-a-donasolidaridad\/#breadcrumb","itemListElement":[{"@type":"ListItem","position":1,"name":"Proof","item":"https:\/\/www.itakaescolapios.org\/es\/"},{"@type":"ListItem","position":2,"name":"TRANSFERENCIA BANCARIA #MICROSOLIDARIAS"}]},{"@type":"WebSite","@id":"https:\/\/www.itakaescolapios.org\/en\/es\/#website","url":"https:\/\/www.itakaescolapios.org\/en\/es\/","name":"Itaka-Escolapios","description":"Red de Itaka-Escolapios","publisher":{"@id":"https:\/\/www.itakaescolapios.org\/en\/es\/#organization"},"potentialAction":[{"@type":"SearchAction","target":{"@type":"EntryPoint","urlTemplate":"https:\/\/www.itakaescolapios.org\/en\/es\/?s={search_term_string}"},"query-input":{"@type":"PropertyValueSpecification","valueRequired":true,"valueName":"search_term_string"}}],"inLanguage":"en-US"},{"@type":"Organization","@id":"https:\/\/www.itakaescolapios.org\/en\/es\/#organization","name":"Fundaci\u00f3 Itaka-Escolapios","url":"https:\/\/www.itakaescolapios.org\/en\/es\/","logo":{"@type":"ImageObject","inLanguage":"en-US","@id":"https:\/\/www.itakaescolapios.org\/en\/es\/#\/schema\/logo\/image\/","url":"https:\/\/www.itakaescolapios.org\/wp-content\/uploads\/2024\/04\/Logo-itakaescolapios-peque.png","contentUrl":"https:\/\/www.itakaescolapios.org\/wp-content\/uploads\/2024\/04\/Logo-itakaescolapios-peque.png","width":500,"height":199,"caption":"Fundaci\u00f3 Itaka-Escolapios"},"image":{"@id":"https:\/\/www.itakaescolapios.org\/en\/es\/#\/schema\/logo\/image\/"}}]}},"_links":{"self":[{"href":"https:\/\/www.itakaescolapios.org\/en\/wp-json\/wp\/v2\/pages\/30760","targetHints":{"allow":["GET"]}}],"collection":[{"href":"https:\/\/www.itakaescolapios.org\/en\/wp-json\/wp\/v2\/pages"}],"about":[{"href":"https:\/\/www.itakaescolapios.org\/en\/wp-json\/wp\/v2\/types\/page"}],"author":[{"embeddable":true,"href":"https:\/\/www.itakaescolapios.org\/en\/wp-json\/wp\/v2\/users\/46"}],"replies":[{"embeddable":true,"href":"https:\/\/www.itakaescolapios.org\/en\/wp-json\/wp\/v2\/comments?post=30760"}],"version-history":[{"count":4,"href":"https:\/\/www.itakaescolapios.org\/en\/wp-json\/wp\/v2\/pages\/30760\/revisions"}],"predecessor-version":[{"id":44818,"href":"https:\/\/www.itakaescolapios.org\/en\/wp-json\/wp\/v2\/pages\/30760\/revisions\/44818"}],"wp:attachment":[{"href":"https:\/\/www.itakaescolapios.org\/en\/wp-json\/wp\/v2\/media?parent=30760"}],"curies":[{"name":"wp","href":"https:\/\/api.w.org\/{rel}","templated":true}]}}