{"id":32768,"date":"2021-03-25T10:40:49","date_gmt":"2021-03-25T09:40:49","guid":{"rendered":"https:\/\/www.itakaescolapios.org\/?page_id=32768"},"modified":"2023-11-28T12:36:03","modified_gmt":"2023-11-28T11:36:03","slug":"proyecto-hogar-social-itaka-escolapios","status":"publish","type":"page","link":"https:\/\/www.itakaescolapios.org\/en\/what-we-do\/hogares\/proyecto-hogar-social-itaka-escolapios\/","title":{"rendered":"PROYECTO HOGAR SOCIAL ITAKA- ESCOLAPIOS"},"content":{"rendered":"<p>El Hogar Itaka nace con la voluntad de dar respuesta a las necesidades de tres mujeres solteras con menores a su cargo, y que se encuentran en una dif\u00edcil situaci\u00f3n tanto a nivel econ\u00f3mico como a nivel social. En relaci\u00f3n a los valores escolapios a trav\u00e9s de un asesoramiento cercano y profesional, se busca desde este hogar, ofrecer un lugar seguro y acompa\u00f1ado a estas tres mujeres para que puedan encauzar su vida, y por consiguiente la de sus hijos.<\/p>\n<p>La duraci\u00f3n del proyecto como m\u00e1ximo, es de dos a\u00f1os, a trav\u00e9s de los cuales se pretende cumplir con el objetivo de haber podido encontrar un trabajo digno y estable sobre el cual estas mujeres puedan desarrollar su vida. Para conseguir el objetivo, se les asesora en el \u00e1mbito educativo y laboral, para que puedan formarse y escoger la mejor opci\u00f3n educativa, que les de paso a obtener un trabajo que de verdad les guste.<\/p>\n<p>Desde este proyecto, se busca la implicaci\u00f3n de esas mujeres en la consecuci\u00f3n de su propio futuro, es decir, Itaka hace un gran esfuerzo econ\u00f3mico (asume los gastos del piso y de la vida de las mujeres y de sus hijos, hasta que ellas puedan trabajar y por tanto empezar a contribuir a los gastos que vayan surgiendo) y humano (gracias a profesionales y voluntarios que participan en el proyecto) para ayudar a esas tres mujeres, pero tambi\u00e9n es muy importante que ellas pongan de su parte, por eso se establecen al inicio del proyecto una serie de condiciones que estas mujeres tienen que ir cumpliendo si quieren seguir en el proyecto y por tanto viviendo en el piso. Esas condiciones tienen que ver con el uso adecuado del piso, la coordinaci\u00f3n para la realizaci\u00f3n de las tareas del Hogar, la implicaci\u00f3n en los estudios,\u00a0 etc\u2026<\/p>\n<p>&nbsp;<\/p>\n<p><strong><em>En estas fotos pod\u00e9is observar, a los monitores y monitoras del movimiento Calasanz, que durante el verano 2020 se encargaron de manera voluntaria de limpiar, pintar y adecuar el hogar, con muebles que donaron las familias del colegio Escolapios Logro\u00f1o.<\/em><\/strong><\/p>\n<p>&nbsp;<\/p>\n\n\t\t<style type=\"text\/css\">\n\t\t\t#gallery-1 {\n\t\t\t\tmargin: auto;\n\t\t\t}\n\t\t\t#gallery-1 .gallery-item {\n\t\t\t\tfloat: left;\n\t\t\t\tmargin-top: 10px;\n\t\t\t\ttext-align: center;\n\t\t\t\twidth: 33%;\n\t\t\t}\n\t\t\t#gallery-1 img {\n\t\t\t\tborder: 2px solid #cfcfcf;\n\t\t\t}\n\t\t\t#gallery-1 .gallery-caption {\n\t\t\t\tmargin-left: 0;\n\t\t\t}\n\t\t\t\/* see gallery_shortcode() in wp-includes\/media.php *\/\n\t\t<\/style>\n\t\t<div id='gallery-1' class='gallery galleryid-32768 gallery-columns-3 gallery-size-thumbnail'><dl class='gallery-item'>\n\t\t\t<dt class='gallery-icon landscape'>\n\t\t\t\t<a href='https:\/\/www.itakaescolapios.org\/en\/hogar-logrono-2\/'><img decoding=\"async\" width=\"90\" height=\"90\" src=\"https:\/\/www.itakaescolapios.org\/wp-content\/uploads\/2021\/03\/HOGAR-LOGRO\u00d1O-2-90x90.jpg\" class=\"attachment-thumbnail size-thumbnail\" alt=\"\" \/><\/a>\n\t\t\t<\/dt><\/dl><dl class='gallery-item'>\n\t\t\t<dt class='gallery-icon landscape'>\n\t\t\t\t<a href='https:\/\/www.itakaescolapios.org\/en\/hogar-logrono-1\/'><img decoding=\"async\" width=\"90\" height=\"90\" src=\"https:\/\/www.itakaescolapios.org\/wp-content\/uploads\/2021\/03\/HOGAR-LOGRO\u00d1O-1-90x90.png\" class=\"attachment-thumbnail size-thumbnail\" alt=\"\" \/><\/a>\n\t\t\t<\/dt><\/dl>\n\t\t\t<br style='clear: both' \/>\n\t\t<\/div>\n\n","protected":false},"excerpt":{"rendered":"<p>El Hogar Itaka nace con la voluntad de dar respuesta a las necesidades de tres mujeres solteras con menores a su cargo, y que se encuentran en una dif\u00edcil situaci\u00f3n [&hellip;]<\/p>\n","protected":false},"author":4,"featured_media":32770,"parent":91,"menu_order":0,"comment_status":"closed","ping_status":"closed","template":"","meta":{"_et_pb_use_builder":"","_et_pb_old_content":"","_et_gb_content_width":"","footnotes":""},"class_list":["post-32768","page","type-page","status-publish","has-post-thumbnail","hentry"],"yoast_head":"<!-- This site is optimized with the Yoast SEO plugin v27.3 - https:\/\/yoast.com\/product\/yoast-seo-wordpress\/ -->\n<title>PROYECTO HOGAR SOCIAL ITAKA- ESCOLAPIOS<\/title>\n<meta name=\"description\" content=\"El Hogar Itaka nace con la voluntad de dar respuesta a las necesidades de tres mujeres solteras con menores a su cargo, y que se encuentran en una dif\u00edcil situaci\u00f3n tanto a nivel econ\u00f3mico como a nivel social. En relaci\u00f3n a los valores escolapios a trav\u00e9s de un asesoramiento cercano y profesional, se busca desde&hellip;\" \/>\n<meta name=\"robots\" content=\"index, follow, max-snippet:-1, max-image-preview:large, max-video-preview:-1\" \/>\n<link rel=\"canonical\" href=\"http:\/\/El%20Hogar%20Itaka%20nace%20con%20la%20voluntad%20de%20dar%20respuesta%20a%20las%20necesidades%20de%20tres%20mujeres%20solteras%20con%20menores%20a%20su%20cargo,%20y%20que%20se%20encuentran%20en%20una%20dif\u00edcil%20situaci\u00f3n%20tanto%20a%20nivel%20econ\u00f3mico%20como%20a%20nivel%20social.%20En%20relaci\u00f3n%20a%20los%20valores%20escolapios%20a%20trav\u00e9s%20de%20un%20asesoramiento%20cercano%20y%20profesional,%20se%20busca%20desde&hellip;\" \/>\n<meta property=\"og:locale\" content=\"en_US\" \/>\n<meta property=\"og:type\" content=\"article\" \/>\n<meta property=\"og:title\" content=\"PROYECTO HOGAR SOCIAL ITAKA- ESCOLAPIOS\" \/>\n<meta property=\"og:description\" content=\"El Hogar Itaka nace con la voluntad de dar respuesta a las necesidades de tres mujeres solteras con menores a su cargo, y que se encuentran en una dif\u00edcil situaci\u00f3n tanto a nivel econ\u00f3mico como a nivel social. En relaci\u00f3n a los valores escolapios a trav\u00e9s de un asesoramiento cercano y profesional, se busca desde&hellip;\" \/>\n<meta property=\"og:url\" content=\"https:\/\/www.itakaescolapios.org\/en\/what-we-do\/hogares\/proyecto-hogar-social-itaka-escolapios\/\" \/>\n<meta property=\"og:site_name\" content=\"Proofs in Itaka-Escolapios\" \/>\n<meta property=\"article:modified_time\" content=\"2023-11-28T11:36:03+00:00\" \/>\n<meta property=\"og:image\" content=\"https:\/\/www.itakaescolapios.org\/wp-content\/uploads\/2021\/03\/HOGAR-LOGRO\u00d1O-1.png\" \/>\n\t<meta property=\"og:image:width\" content=\"447\" \/>\n\t<meta property=\"og:image:height\" content=\"319\" \/>\n\t<meta property=\"og:image:type\" content=\"image\/png\" \/>\n<meta name=\"twitter:card\" content=\"summary_large_image\" \/>\n<meta name=\"twitter:label1\" content=\"Est. reading time\" \/>\n\t<meta name=\"twitter:data1\" content=\"2 minutes\" \/>\n<script type=\"application\/ld+json\" class=\"yoast-schema-graph\">{\"@context\":\"https:\\\/\\\/schema.org\",\"@graph\":[{\"@type\":\"WebPage\",\"@id\":\"https:\\\/\\\/www.itakaescolapios.org\\\/en\\\/what-we-do\\\/hogares\\\/proyecto-hogar-social-itaka-escolapios\\\/\",\"url\":\"https:\\\/\\\/www.itakaescolapios.org\\\/en\\\/what-we-do\\\/hogares\\\/proyecto-hogar-social-itaka-escolapios\\\/\",\"name\":\"PROYECTO HOGAR SOCIAL ITAKA- ESCOLAPIOS - Proofs in Itaka-Escolapios\",\"isPartOf\":{\"@id\":\"https:\\\/\\\/www.itakaescolapios.org\\\/es\\\/#website\"},\"primaryImageOfPage\":{\"@id\":\"https:\\\/\\\/www.itakaescolapios.org\\\/en\\\/what-we-do\\\/hogares\\\/proyecto-hogar-social-itaka-escolapios\\\/#primaryimage\"},\"image\":{\"@id\":\"https:\\\/\\\/www.itakaescolapios.org\\\/en\\\/what-we-do\\\/hogares\\\/proyecto-hogar-social-itaka-escolapios\\\/#primaryimage\"},\"thumbnailUrl\":\"https:\\\/\\\/www.itakaescolapios.org\\\/wp-content\\\/uploads\\\/2021\\\/03\\\/HOGAR-LOGRO\u00d1O-1.png\",\"datePublished\":\"2021-03-25T09:40:49+00:00\",\"dateModified\":\"2023-11-28T11:36:03+00:00\",\"breadcrumb\":{\"@id\":\"https:\\\/\\\/www.itakaescolapios.org\\\/en\\\/what-we-do\\\/hogares\\\/proyecto-hogar-social-itaka-escolapios\\\/#breadcrumb\"},\"inLanguage\":\"en-US\",\"potentialAction\":[{\"@type\":\"ReadAction\",\"target\":[\"https:\\\/\\\/www.itakaescolapios.org\\\/en\\\/what-we-do\\\/hogares\\\/proyecto-hogar-social-itaka-escolapios\\\/\"]}]},{\"@type\":\"ImageObject\",\"inLanguage\":\"en-US\",\"@id\":\"https:\\\/\\\/www.itakaescolapios.org\\\/en\\\/what-we-do\\\/hogares\\\/proyecto-hogar-social-itaka-escolapios\\\/#primaryimage\",\"url\":\"https:\\\/\\\/www.itakaescolapios.org\\\/wp-content\\\/uploads\\\/2021\\\/03\\\/HOGAR-LOGRO\u00d1O-1.png\",\"contentUrl\":\"https:\\\/\\\/www.itakaescolapios.org\\\/wp-content\\\/uploads\\\/2021\\\/03\\\/HOGAR-LOGRO\u00d1O-1.png\",\"width\":447,\"height\":319},{\"@type\":\"BreadcrumbList\",\"@id\":\"https:\\\/\\\/www.itakaescolapios.org\\\/en\\\/what-we-do\\\/hogares\\\/proyecto-hogar-social-itaka-escolapios\\\/#breadcrumb\",\"itemListElement\":[{\"@type\":\"ListItem\",\"position\":1,\"name\":\"Proof\",\"item\":\"https:\\\/\\\/www.itakaescolapios.org\\\/es\\\/\"},{\"@type\":\"ListItem\",\"position\":2,\"name\":\"What we do\",\"item\":\"https:\\\/\\\/www.itakaescolapios.org\\\/es\\\/que-hacemos\\\/\"},{\"@type\":\"ListItem\",\"position\":3,\"name\":\"HOMES\",\"item\":\"https:\\\/\\\/www.itakaescolapios.org\\\/es\\\/que-hacemos\\\/hogares\\\/\"},{\"@type\":\"ListItem\",\"position\":4,\"name\":\"PROYECTO HOGAR SOCIAL ITAKA- ESCOLAPIOS\"}]},{\"@type\":\"WebSite\",\"@id\":\"https:\\\/\\\/www.itakaescolapios.org\\\/en\\\/es\\\/#website\",\"url\":\"https:\\\/\\\/www.itakaescolapios.org\\\/en\\\/es\\\/\",\"name\":\"Itaka-Escolapios\",\"description\":\"Red de Itaka-Escolapios\",\"publisher\":{\"@id\":\"https:\\\/\\\/www.itakaescolapios.org\\\/en\\\/es\\\/#organization\"},\"potentialAction\":[{\"@type\":\"SearchAction\",\"target\":{\"@type\":\"EntryPoint\",\"urlTemplate\":\"https:\\\/\\\/www.itakaescolapios.org\\\/en\\\/es\\\/?s={search_term_string}\"},\"query-input\":{\"@type\":\"PropertyValueSpecification\",\"valueRequired\":true,\"valueName\":\"search_term_string\"}}],\"inLanguage\":\"en-US\"},{\"@type\":\"Organization\",\"@id\":\"https:\\\/\\\/www.itakaescolapios.org\\\/en\\\/es\\\/#organization\",\"name\":\"Fundaci\u00f3 Itaka-Escolapios\",\"url\":\"https:\\\/\\\/www.itakaescolapios.org\\\/en\\\/es\\\/\",\"logo\":{\"@type\":\"ImageObject\",\"inLanguage\":\"en-US\",\"@id\":\"https:\\\/\\\/www.itakaescolapios.org\\\/en\\\/es\\\/#\\\/schema\\\/logo\\\/image\\\/\",\"url\":\"https:\\\/\\\/www.itakaescolapios.org\\\/wp-content\\\/uploads\\\/2024\\\/04\\\/Logo-itakaescolapios-peque.png\",\"contentUrl\":\"https:\\\/\\\/www.itakaescolapios.org\\\/wp-content\\\/uploads\\\/2024\\\/04\\\/Logo-itakaescolapios-peque.png\",\"width\":500,\"height\":199,\"caption\":\"Fundaci\u00f3 Itaka-Escolapios\"},\"image\":{\"@id\":\"https:\\\/\\\/www.itakaescolapios.org\\\/en\\\/es\\\/#\\\/schema\\\/logo\\\/image\\\/\"}}]}<\/script>\n<!-- \/ Yoast SEO plugin. -->","yoast_head_json":{"title":"PROYECTO HOGAR SOCIAL ITAKA- ESCOLAPIOS","description":"El Hogar Itaka nace con la voluntad de dar respuesta a las necesidades de tres mujeres solteras con menores a su cargo, y que se encuentran en una dif\u00edcil situaci\u00f3n tanto a nivel econ\u00f3mico como a nivel social. En relaci\u00f3n a los valores escolapios a trav\u00e9s de un asesoramiento cercano y profesional, se busca desde&hellip;","robots":{"index":"index","follow":"follow","max-snippet":"max-snippet:-1","max-image-preview":"max-image-preview:large","max-video-preview":"max-video-preview:-1"},"canonical":"El Hogar Itaka nace con la voluntad de dar respuesta a las necesidades de tres mujeres solteras con menores a su cargo, y que se encuentran en una dif\u00edcil situaci\u00f3n tanto a nivel econ\u00f3mico como a nivel social. En relaci\u00f3n a los valores escolapios a trav\u00e9s de un asesoramiento cercano y profesional, se busca desde&hellip;","og_locale":"en_US","og_type":"article","og_title":"PROYECTO HOGAR SOCIAL ITAKA- ESCOLAPIOS","og_description":"El Hogar Itaka nace con la voluntad de dar respuesta a las necesidades de tres mujeres solteras con menores a su cargo, y que se encuentran en una dif\u00edcil situaci\u00f3n tanto a nivel econ\u00f3mico como a nivel social. En relaci\u00f3n a los valores escolapios a trav\u00e9s de un asesoramiento cercano y profesional, se busca desde&hellip;","og_url":"https:\/\/www.itakaescolapios.org\/en\/what-we-do\/hogares\/proyecto-hogar-social-itaka-escolapios\/","og_site_name":"Proofs in Itaka-Escolapios","article_modified_time":"2023-11-28T11:36:03+00:00","og_image":[{"width":447,"height":319,"url":"https:\/\/www.itakaescolapios.org\/wp-content\/uploads\/2021\/03\/HOGAR-LOGRO\u00d1O-1.png","type":"image\/png"}],"twitter_card":"summary_large_image","twitter_misc":{"Est. reading time":"2 minutes"},"schema":{"@context":"https:\/\/schema.org","@graph":[{"@type":"WebPage","@id":"https:\/\/www.itakaescolapios.org\/en\/what-we-do\/hogares\/proyecto-hogar-social-itaka-escolapios\/","url":"https:\/\/www.itakaescolapios.org\/en\/what-we-do\/hogares\/proyecto-hogar-social-itaka-escolapios\/","name":"PROYECTO HOGAR SOCIAL ITAKA- ESCOLAPIOS - Proofs in Itaka-Escolapios","isPartOf":{"@id":"https:\/\/www.itakaescolapios.org\/es\/#website"},"primaryImageOfPage":{"@id":"https:\/\/www.itakaescolapios.org\/en\/what-we-do\/hogares\/proyecto-hogar-social-itaka-escolapios\/#primaryimage"},"image":{"@id":"https:\/\/www.itakaescolapios.org\/en\/what-we-do\/hogares\/proyecto-hogar-social-itaka-escolapios\/#primaryimage"},"thumbnailUrl":"https:\/\/www.itakaescolapios.org\/wp-content\/uploads\/2021\/03\/HOGAR-LOGRO\u00d1O-1.png","datePublished":"2021-03-25T09:40:49+00:00","dateModified":"2023-11-28T11:36:03+00:00","breadcrumb":{"@id":"https:\/\/www.itakaescolapios.org\/en\/what-we-do\/hogares\/proyecto-hogar-social-itaka-escolapios\/#breadcrumb"},"inLanguage":"en-US","potentialAction":[{"@type":"ReadAction","target":["https:\/\/www.itakaescolapios.org\/en\/what-we-do\/hogares\/proyecto-hogar-social-itaka-escolapios\/"]}]},{"@type":"ImageObject","inLanguage":"en-US","@id":"https:\/\/www.itakaescolapios.org\/en\/what-we-do\/hogares\/proyecto-hogar-social-itaka-escolapios\/#primaryimage","url":"https:\/\/www.itakaescolapios.org\/wp-content\/uploads\/2021\/03\/HOGAR-LOGRO\u00d1O-1.png","contentUrl":"https:\/\/www.itakaescolapios.org\/wp-content\/uploads\/2021\/03\/HOGAR-LOGRO\u00d1O-1.png","width":447,"height":319},{"@type":"BreadcrumbList","@id":"https:\/\/www.itakaescolapios.org\/en\/what-we-do\/hogares\/proyecto-hogar-social-itaka-escolapios\/#breadcrumb","itemListElement":[{"@type":"ListItem","position":1,"name":"Proof","item":"https:\/\/www.itakaescolapios.org\/es\/"},{"@type":"ListItem","position":2,"name":"What we do","item":"https:\/\/www.itakaescolapios.org\/es\/que-hacemos\/"},{"@type":"ListItem","position":3,"name":"HOMES","item":"https:\/\/www.itakaescolapios.org\/es\/que-hacemos\/hogares\/"},{"@type":"ListItem","position":4,"name":"PROYECTO HOGAR SOCIAL ITAKA- ESCOLAPIOS"}]},{"@type":"WebSite","@id":"https:\/\/www.itakaescolapios.org\/en\/es\/#website","url":"https:\/\/www.itakaescolapios.org\/en\/es\/","name":"Itaka-Escolapios","description":"Red de Itaka-Escolapios","publisher":{"@id":"https:\/\/www.itakaescolapios.org\/en\/es\/#organization"},"potentialAction":[{"@type":"SearchAction","target":{"@type":"EntryPoint","urlTemplate":"https:\/\/www.itakaescolapios.org\/en\/es\/?s={search_term_string}"},"query-input":{"@type":"PropertyValueSpecification","valueRequired":true,"valueName":"search_term_string"}}],"inLanguage":"en-US"},{"@type":"Organization","@id":"https:\/\/www.itakaescolapios.org\/en\/es\/#organization","name":"Fundaci\u00f3 Itaka-Escolapios","url":"https:\/\/www.itakaescolapios.org\/en\/es\/","logo":{"@type":"ImageObject","inLanguage":"en-US","@id":"https:\/\/www.itakaescolapios.org\/en\/es\/#\/schema\/logo\/image\/","url":"https:\/\/www.itakaescolapios.org\/wp-content\/uploads\/2024\/04\/Logo-itakaescolapios-peque.png","contentUrl":"https:\/\/www.itakaescolapios.org\/wp-content\/uploads\/2024\/04\/Logo-itakaescolapios-peque.png","width":500,"height":199,"caption":"Fundaci\u00f3 Itaka-Escolapios"},"image":{"@id":"https:\/\/www.itakaescolapios.org\/en\/es\/#\/schema\/logo\/image\/"}}]}},"_links":{"self":[{"href":"https:\/\/www.itakaescolapios.org\/en\/wp-json\/wp\/v2\/pages\/32768","targetHints":{"allow":["GET"]}}],"collection":[{"href":"https:\/\/www.itakaescolapios.org\/en\/wp-json\/wp\/v2\/pages"}],"about":[{"href":"https:\/\/www.itakaescolapios.org\/en\/wp-json\/wp\/v2\/types\/page"}],"author":[{"embeddable":true,"href":"https:\/\/www.itakaescolapios.org\/en\/wp-json\/wp\/v2\/users\/4"}],"replies":[{"embeddable":true,"href":"https:\/\/www.itakaescolapios.org\/en\/wp-json\/wp\/v2\/comments?post=32768"}],"version-history":[{"count":3,"href":"https:\/\/www.itakaescolapios.org\/en\/wp-json\/wp\/v2\/pages\/32768\/revisions"}],"predecessor-version":[{"id":44340,"href":"https:\/\/www.itakaescolapios.org\/en\/wp-json\/wp\/v2\/pages\/32768\/revisions\/44340"}],"up":[{"embeddable":true,"href":"https:\/\/www.itakaescolapios.org\/en\/wp-json\/wp\/v2\/pages\/91"}],"wp:featuredmedia":[{"embeddable":true,"href":"https:\/\/www.itakaescolapios.org\/en\/wp-json\/wp\/v2\/media\/32770"}],"wp:attachment":[{"href":"https:\/\/www.itakaescolapios.org\/en\/wp-json\/wp\/v2\/media?parent=32768"}],"curies":[{"name":"wp","href":"https:\/\/api.w.org\/{rel}","templated":true}]}}