{"id":4251,"date":"2012-11-09T11:03:15","date_gmt":"2012-11-09T10:03:15","guid":{"rendered":"https:\/\/www.itakaescolapios.org\/?page_id=4251"},"modified":"2023-11-28T12:39:34","modified_gmt":"2023-11-28T11:39:34","slug":"a-que-cole-vas","status":"publish","type":"page","link":"https:\/\/www.itakaescolapios.org\/en\/campanas\/educacion-futuro\/a-que-cole-vas\/","title":{"rendered":"how is my school?"},"content":{"rendered":"<p><a href=\"https:\/\/www.itakaescolapios.org\/campanas\/a-que-cole-vas\/apoyo-a-centros-escolares-escuelas-bamendjou-3-mboum\/\" rel=\"attachment wp-att-4331\"><img decoding=\"async\" class=\"wp-image-4331 aligncenter\" title=\"Apoyo a Centros Escolares Escuelas Bamendjou 3 Mboum\" src=\"https:\/\/www.itakaescolapios.org\/wp-content\/uploads\/2012\/11\/Apoyo-a-Centros-Escolares-Escuelas-Bamendjou-3-Mboum.jpg\" alt=\"\" width=\"482\" height=\"257\" \/><\/a><\/p>\n<p>Every morning more than 125,000 children all over the world get up to go to any of the nearly two hundred schools in which the \u00a0Piarists continue the work which Calasanz started in the Trastevere area in Rome more than 400 years ago.<\/p>\n<p>In the activity which appears below we would like to show the different realities of education in the countries where the Itaka-Escolapios Foundation supports the Piarists in their educational task.<\/p>\n<p>You can download the worksheets using the link you have below and do some class work on:<\/p>\n<ul>\n<li>The personal history of the children interviewed in each country<\/li>\n<li>The educational model<\/li>\n<li>The difficulties that those children express.<\/li>\n<li>The differences with the children from your own school.<\/li>\n<\/ul>\n<div>ACTIVITIES (only in spanish):<\/div>\n<div><\/div>\n<table width=\"482\" border=\"1\" cellspacing=\"0\" cellpadding=\"0\" align=\"left\">\n<tbody>\n<tr>\n<td width=\"122\"><strong><a href=\"http:\/\/www.educa.itakaescolapios.org\/cooperacion-norte-sur\/campana-2012-13.-bfcomo-es-mi-cole\/?searchterm=%C2%BFCOMO*%20ES*%20MI*%20COLE?*\">\u00bfC\u00d3MO ES MI COMO ES MI COLE?<\/a><\/strong><\/td>\n<td colspan=\"2\" width=\"187\">\n<p align=\"center\"><strong>Todas las edades y cualquier asignatura<\/strong><\/p>\n<\/td>\n<td width=\"173\"><strong>Fichas complementarias a las actividades.<\/strong><\/td>\n<\/tr>\n<tr>\n<td width=\"122\"><a href=\"http:\/\/www.educa.itakaescolapios.org\/cooperacion-norte-sur\/campana-2012-13.-escuelas-del-mundo\/?searchterm=ESCUELAS*%20DEL*%20MUNDO*\">Escuelas del mundo<\/a><strong><em><\/em><\/strong><\/td>\n<td width=\"89\">\n<p align=\"center\">2 a 5 a\u00f1os<\/p>\n<p align=\"center\">Infantil<\/p>\n<\/td>\n<td width=\"98\">\n<p align=\"center\">Todas<\/p>\n<\/td>\n<td width=\"173\">Mural para trabajar similitudes y diferencias con otros ni\u00f1os y otros colegios.<\/td>\n<\/tr>\n<tr>\n<td width=\"122\"><a href=\"http:\/\/www.educa.itakaescolapios.org\/cooperacion-norte-sur\/campana-2012-13.-el-puzle-de-eugenio\/?searchterm=EL*%20PUZZLE*%20DE*%20EUGENIO*\">El puzle de Eugenio<\/a><strong><em><\/em><\/strong><\/td>\n<td width=\"89\">\n<p align=\"center\">De 6 a 11<\/p>\n<p align=\"center\">Primaria<\/p>\n<\/td>\n<td width=\"98\">\n<p align=\"center\">Varias<\/p>\n<\/td>\n<td width=\"173\">Sencillos puzles con im\u00e1genes para conocer a Eugenio y su realidad escolar<\/td>\n<\/tr>\n<tr>\n<td width=\"122\"><a href=\"http:\/\/www.educa.itakaescolapios.org\/cooperacion-norte-sur\/campana-2012-13.-horarios-diferentes\/?searchterm=HORARIOS*%20DIFERENTES*\">Horarios diferentes<\/a><strong><em><\/em><\/strong><\/td>\n<td width=\"89\">\n<p align=\"center\">De 6 a 11<\/p>\n<p align=\"center\">Primaria (3\u00ba a 6\u00ba )<\/p>\n<\/td>\n<td width=\"98\">\n<p align=\"center\">varias<\/p>\n<\/td>\n<td width=\"173\">Di\u00e1logo para acercarnos a la realidad de ni\u00f1os y ni\u00f1as de otros pa\u00edses.<\/td>\n<\/tr>\n<tr>\n<td width=\"122\"><a href=\"http:\/\/www.educa.itakaescolapios.org\/cooperacion-norte-sur\/campana-2012-13.-todos-juntos-construimos-escuela\/?searchterm=TODOS*%20JUNTOS*%20CONSTRUIMOS*\">Todos juntos, construimos escuela<\/a><strong><em><\/em><\/strong><\/td>\n<td width=\"89\">\n<p align=\"center\">De 6 a 11<\/p>\n<p align=\"center\">Primaria<\/p>\n<p align=\"center\">3\u00ba y 4\u00ba<\/p>\n<\/td>\n<td width=\"98\">\n<p align=\"center\">Pl\u00e1stica, tutor\u00eda, sociales\u2026<\/p>\n<\/td>\n<td width=\"173\">Din\u00e1mica activa para conocer otros colegios escolapios\u00a0 y \u201cconstruir una escuela com\u00fan\u201d<\/td>\n<\/tr>\n<tr>\n<td width=\"122\"><a href=\"http:\/\/www.educa.itakaescolapios.org\/cooperacion-norte-sur\/campana-2012-13.-educacion-escolapia\/?searchterm=EDUCACION*%20ESCOLAPIA*\">Educaci\u00f3n escolapia<\/a><strong><em><\/em><\/strong><\/td>\n<td width=\"89\">\n<p align=\"center\">De 6 a 11<\/p>\n<p align=\"center\">Primaria<\/p>\n<p align=\"center\">3\u00ba y 4\u00ba<\/p>\n<\/td>\n<td width=\"98\">\n<p align=\"center\">Conocimiento del Medio<\/p>\n<\/td>\n<td width=\"173\">Din\u00e1mica para localizar y conocer en un mapa escuelas y Obras apoyadas\u00a0 durante la campa\u00f1a.<\/td>\n<\/tr>\n<tr>\n<td width=\"122\"><a href=\"http:\/\/www.educa.itakaescolapios.org\/cooperacion-norte-sur\/campana-2012-13.-diferencias-y-similitudes\/?searchterm=DIFERENCIAS*%20Y*%20SIMILITUDES*\">Diferencias y similitudes.<\/a><\/td>\n<td width=\"89\">\n<p align=\"center\">De 10 a 16<\/p>\n<p align=\"center\">1\u00ba y 2\u00ba de secundaria<\/p>\n<\/td>\n<td width=\"98\">\n<p align=\"center\">varias<\/p>\n<\/td>\n<td width=\"173\">Trabajo para comparar el acceso a educaci\u00f3n y su importancia<\/td>\n<\/tr>\n<tr>\n<td width=\"122\"><a href=\"http:\/\/www.educa.itakaescolapios.org\/cooperacion-norte-sur\/campana-2012-13.-lo-que-mas-me-sorprende\/?searchterm=LO*%20QUE*%20M%C3%81S*%20ME*%20SORPRENDE*\">Lo que m\u00e1s me sorprende.<\/a><\/td>\n<td width=\"89\">\n<p align=\"center\">De 10 a 16<\/p>\n<p align=\"center\">1\u00ba y 2\u00ba de secundaria<\/p>\n<\/td>\n<td width=\"98\">\n<p align=\"center\">varias<\/p>\n<\/td>\n<td width=\"173\">Conocemos otras realidades educativas y compartimos qu\u00e9 es lo que m\u00e1s nos sorprende<\/td>\n<\/tr>\n<tr>\n<td width=\"122\"><a href=\"http:\/\/www.educa.itakaescolapios.org\/cooperacion-norte-sur\/campana-2012-13.-bfavanzamos-hacia-la-educacion-universal-y-de-calidad\/?searchterm=EDUCACI%C3%93N*%20DE*%20CALIDAD*\">\u00bfAvanzamos hacia la educaci\u00f3n universal y de calidad?<\/a><\/td>\n<td width=\"89\">\n<p align=\"center\">De 14 a 18<\/p>\n<p align=\"center\">ESO y Bachillerato.<\/p>\n<\/td>\n<td width=\"98\">\n<p align=\"center\">varias<\/p>\n<\/td>\n<td width=\"173\">Investigamos sobre La situaci\u00f3n del ODM 2 , su progresi\u00f3n y debatimos sobre ello<\/td>\n<\/tr>\n<\/tbody>\n<\/table>\n","protected":false},"excerpt":{"rendered":"<p>Every morning more than 125,000 children all over the world get up to go to any of the nearly two hundred schools in which the \u00a0Piarists continue the work which [&hellip;]<\/p>\n","protected":false},"author":46,"featured_media":0,"parent":3983,"menu_order":6,"comment_status":"closed","ping_status":"closed","template":"","meta":{"_et_pb_use_builder":"","_et_pb_old_content":"","_et_gb_content_width":"","footnotes":""},"class_list":["post-4251","page","type-page","status-publish","hentry"],"yoast_head":"<!-- This site is optimized with the Yoast SEO plugin v27.4 - https:\/\/yoast.com\/product\/yoast-seo-wordpress\/ -->\n<title>how is my school?<\/title>\n<meta name=\"description\" content=\"Every morning more than 125,000 children all over the world get up to go to any of the nearly two hundred schools in which the \u00a0Piarists continue the work which Calasanz started in the Trastevere area in Rome more than 400 years ago. In the activity which appears below we would like to show the&hellip;\" \/>\n<meta name=\"robots\" content=\"index, follow, max-snippet:-1, max-image-preview:large, max-video-preview:-1\" \/>\n<link rel=\"canonical\" href=\"http:\/\/Every%20morning%20more%20than%20125,000%20children%20all%20over%20the%20world%20get%20up%20to%20go%20to%20any%20of%20the%20nearly%20two%20hundred%20schools%20in%20which%20the%20\u00a0Piarists%20continue%20the%20work%20which%20Calasanz%20started%20in%20the%20Trastevere%20area%20in%20Rome%20more%20than%20400%20years%20ago.%20In%20the%20activity%20which%20appears%20below%20we%20would%20like%20to%20show%20the&hellip;\" \/>\n<meta property=\"og:locale\" content=\"en_US\" \/>\n<meta property=\"og:type\" content=\"article\" \/>\n<meta property=\"og:title\" content=\"how is my school?\" \/>\n<meta property=\"og:description\" content=\"Every morning more than 125,000 children all over the world get up to go to any of the nearly two hundred schools in which the \u00a0Piarists continue the work which Calasanz started in the Trastevere area in Rome more than 400 years ago. In the activity which appears below we would like to show the&hellip;\" \/>\n<meta property=\"og:url\" content=\"https:\/\/www.itakaescolapios.org\/en\/campanas\/educacion-futuro\/a-que-cole-vas\/\" \/>\n<meta property=\"og:site_name\" content=\"Proofs in Itaka-Escolapios\" \/>\n<meta property=\"article:modified_time\" content=\"2023-11-28T11:39:34+00:00\" \/>\n<meta property=\"og:image\" content=\"https:\/\/www.itakaescolapios.org\/wp-content\/uploads\/2012\/11\/Apoyo-a-Centros-Escolares-Escuelas-Bamendjou-3-Mboum.jpg\" \/>\n\t<meta property=\"og:image:width\" content=\"440\" \/>\n\t<meta property=\"og:image:height\" content=\"212\" \/>\n\t<meta property=\"og:image:type\" content=\"image\/jpeg\" \/>\n<meta name=\"twitter:card\" content=\"summary_large_image\" \/>\n<meta name=\"twitter:label1\" content=\"Est. reading time\" \/>\n\t<meta name=\"twitter:data1\" content=\"2 minutes\" \/>\n<script type=\"application\/ld+json\" class=\"yoast-schema-graph\">{\"@context\":\"https:\\\/\\\/schema.org\",\"@graph\":[{\"@type\":\"WebPage\",\"@id\":\"https:\\\/\\\/www.itakaescolapios.org\\\/en\\\/campanas\\\/educacion-futuro\\\/a-que-cole-vas\\\/\",\"url\":\"https:\\\/\\\/www.itakaescolapios.org\\\/en\\\/campanas\\\/educacion-futuro\\\/a-que-cole-vas\\\/\",\"name\":\"\u00bfC\u00d3MO ES MI COLE? - Proofs in Itaka-Escolapios\",\"isPartOf\":{\"@id\":\"https:\\\/\\\/www.itakaescolapios.org\\\/es\\\/#website\"},\"primaryImageOfPage\":{\"@id\":\"https:\\\/\\\/www.itakaescolapios.org\\\/en\\\/campanas\\\/educacion-futuro\\\/a-que-cole-vas\\\/#primaryimage\"},\"image\":{\"@id\":\"https:\\\/\\\/www.itakaescolapios.org\\\/en\\\/campanas\\\/educacion-futuro\\\/a-que-cole-vas\\\/#primaryimage\"},\"thumbnailUrl\":\"https:\\\/\\\/www.itakaescolapios.org\\\/wp-content\\\/uploads\\\/2012\\\/11\\\/Apoyo-a-Centros-Escolares-Escuelas-Bamendjou-3-Mboum.jpg\",\"datePublished\":\"2012-11-09T10:03:15+00:00\",\"dateModified\":\"2023-11-28T11:39:34+00:00\",\"breadcrumb\":{\"@id\":\"https:\\\/\\\/www.itakaescolapios.org\\\/en\\\/campanas\\\/educacion-futuro\\\/a-que-cole-vas\\\/#breadcrumb\"},\"inLanguage\":\"en-US\",\"potentialAction\":[{\"@type\":\"ReadAction\",\"target\":[\"https:\\\/\\\/www.itakaescolapios.org\\\/en\\\/campanas\\\/educacion-futuro\\\/a-que-cole-vas\\\/\"]}]},{\"@type\":\"ImageObject\",\"inLanguage\":\"en-US\",\"@id\":\"https:\\\/\\\/www.itakaescolapios.org\\\/en\\\/campanas\\\/educacion-futuro\\\/a-que-cole-vas\\\/#primaryimage\",\"url\":\"https:\\\/\\\/www.itakaescolapios.org\\\/wp-content\\\/uploads\\\/2012\\\/11\\\/Apoyo-a-Centros-Escolares-Escuelas-Bamendjou-3-Mboum.jpg\",\"contentUrl\":\"https:\\\/\\\/www.itakaescolapios.org\\\/wp-content\\\/uploads\\\/2012\\\/11\\\/Apoyo-a-Centros-Escolares-Escuelas-Bamendjou-3-Mboum.jpg\"},{\"@type\":\"BreadcrumbList\",\"@id\":\"https:\\\/\\\/www.itakaescolapios.org\\\/en\\\/campanas\\\/educacion-futuro\\\/a-que-cole-vas\\\/#breadcrumb\",\"itemListElement\":[{\"@type\":\"ListItem\",\"position\":1,\"name\":\"Proof\",\"item\":\"https:\\\/\\\/www.itakaescolapios.org\\\/es\\\/\"},{\"@type\":\"ListItem\",\"position\":2,\"name\":\"Campaigns\",\"item\":\"https:\\\/\\\/www.itakaescolapios.org\\\/es\\\/campanas\\\/\"},{\"@type\":\"ListItem\",\"position\":3,\"name\":\"2012-2013 Education promoting the future\",\"item\":\"https:\\\/\\\/www.itakaescolapios.org\\\/es\\\/campanas\\\/educacion-futuro\\\/\"},{\"@type\":\"ListItem\",\"position\":4,\"name\":\"how is my school?\"}]},{\"@type\":\"WebSite\",\"@id\":\"https:\\\/\\\/www.itakaescolapios.org\\\/en\\\/es\\\/#website\",\"url\":\"https:\\\/\\\/www.itakaescolapios.org\\\/en\\\/es\\\/\",\"name\":\"Itaka-Escolapios\",\"description\":\"Red de Itaka-Escolapios\",\"publisher\":{\"@id\":\"https:\\\/\\\/www.itakaescolapios.org\\\/en\\\/es\\\/#organization\"},\"potentialAction\":[{\"@type\":\"SearchAction\",\"target\":{\"@type\":\"EntryPoint\",\"urlTemplate\":\"https:\\\/\\\/www.itakaescolapios.org\\\/en\\\/es\\\/?s={search_term_string}\"},\"query-input\":{\"@type\":\"PropertyValueSpecification\",\"valueRequired\":true,\"valueName\":\"search_term_string\"}}],\"inLanguage\":\"en-US\"},{\"@type\":\"Organization\",\"@id\":\"https:\\\/\\\/www.itakaescolapios.org\\\/en\\\/es\\\/#organization\",\"name\":\"Fundaci\u00f3 Itaka-Escolapios\",\"url\":\"https:\\\/\\\/www.itakaescolapios.org\\\/en\\\/es\\\/\",\"logo\":{\"@type\":\"ImageObject\",\"inLanguage\":\"en-US\",\"@id\":\"https:\\\/\\\/www.itakaescolapios.org\\\/en\\\/es\\\/#\\\/schema\\\/logo\\\/image\\\/\",\"url\":\"https:\\\/\\\/www.itakaescolapios.org\\\/wp-content\\\/uploads\\\/2024\\\/04\\\/Logo-itakaescolapios-peque.png\",\"contentUrl\":\"https:\\\/\\\/www.itakaescolapios.org\\\/wp-content\\\/uploads\\\/2024\\\/04\\\/Logo-itakaescolapios-peque.png\",\"width\":500,\"height\":199,\"caption\":\"Fundaci\u00f3 Itaka-Escolapios\"},\"image\":{\"@id\":\"https:\\\/\\\/www.itakaescolapios.org\\\/en\\\/es\\\/#\\\/schema\\\/logo\\\/image\\\/\"}}]}<\/script>\n<!-- \/ Yoast SEO plugin. -->","yoast_head_json":{"title":"how is my school?","description":"Every morning more than 125,000 children all over the world get up to go to any of the nearly two hundred schools in which the \u00a0Piarists continue the work which Calasanz started in the Trastevere area in Rome more than 400 years ago. In the activity which appears below we would like to show the&hellip;","robots":{"index":"index","follow":"follow","max-snippet":"max-snippet:-1","max-image-preview":"max-image-preview:large","max-video-preview":"max-video-preview:-1"},"canonical":"Every morning more than 125,000 children all over the world get up to go to any of the nearly two hundred schools in which the \u00a0Piarists continue the work which Calasanz started in the Trastevere area in Rome more than 400 years ago. In the activity which appears below we would like to show the&hellip;","og_locale":"en_US","og_type":"article","og_title":"how is my school?","og_description":"Every morning more than 125,000 children all over the world get up to go to any of the nearly two hundred schools in which the \u00a0Piarists continue the work which Calasanz started in the Trastevere area in Rome more than 400 years ago. In the activity which appears below we would like to show the&hellip;","og_url":"https:\/\/www.itakaescolapios.org\/en\/campanas\/educacion-futuro\/a-que-cole-vas\/","og_site_name":"Proofs in Itaka-Escolapios","article_modified_time":"2023-11-28T11:39:34+00:00","og_image":[{"width":440,"height":212,"url":"https:\/\/www.itakaescolapios.org\/wp-content\/uploads\/2012\/11\/Apoyo-a-Centros-Escolares-Escuelas-Bamendjou-3-Mboum.jpg","type":"image\/jpeg"}],"twitter_card":"summary_large_image","twitter_misc":{"Est. reading time":"2 minutes"},"schema":{"@context":"https:\/\/schema.org","@graph":[{"@type":"WebPage","@id":"https:\/\/www.itakaescolapios.org\/en\/campanas\/educacion-futuro\/a-que-cole-vas\/","url":"https:\/\/www.itakaescolapios.org\/en\/campanas\/educacion-futuro\/a-que-cole-vas\/","name":"\u00bfC\u00d3MO ES MI COLE? - Proofs in Itaka-Escolapios","isPartOf":{"@id":"https:\/\/www.itakaescolapios.org\/es\/#website"},"primaryImageOfPage":{"@id":"https:\/\/www.itakaescolapios.org\/en\/campanas\/educacion-futuro\/a-que-cole-vas\/#primaryimage"},"image":{"@id":"https:\/\/www.itakaescolapios.org\/en\/campanas\/educacion-futuro\/a-que-cole-vas\/#primaryimage"},"thumbnailUrl":"https:\/\/www.itakaescolapios.org\/wp-content\/uploads\/2012\/11\/Apoyo-a-Centros-Escolares-Escuelas-Bamendjou-3-Mboum.jpg","datePublished":"2012-11-09T10:03:15+00:00","dateModified":"2023-11-28T11:39:34+00:00","breadcrumb":{"@id":"https:\/\/www.itakaescolapios.org\/en\/campanas\/educacion-futuro\/a-que-cole-vas\/#breadcrumb"},"inLanguage":"en-US","potentialAction":[{"@type":"ReadAction","target":["https:\/\/www.itakaescolapios.org\/en\/campanas\/educacion-futuro\/a-que-cole-vas\/"]}]},{"@type":"ImageObject","inLanguage":"en-US","@id":"https:\/\/www.itakaescolapios.org\/en\/campanas\/educacion-futuro\/a-que-cole-vas\/#primaryimage","url":"https:\/\/www.itakaescolapios.org\/wp-content\/uploads\/2012\/11\/Apoyo-a-Centros-Escolares-Escuelas-Bamendjou-3-Mboum.jpg","contentUrl":"https:\/\/www.itakaescolapios.org\/wp-content\/uploads\/2012\/11\/Apoyo-a-Centros-Escolares-Escuelas-Bamendjou-3-Mboum.jpg"},{"@type":"BreadcrumbList","@id":"https:\/\/www.itakaescolapios.org\/en\/campanas\/educacion-futuro\/a-que-cole-vas\/#breadcrumb","itemListElement":[{"@type":"ListItem","position":1,"name":"Proof","item":"https:\/\/www.itakaescolapios.org\/es\/"},{"@type":"ListItem","position":2,"name":"Campaigns","item":"https:\/\/www.itakaescolapios.org\/es\/campanas\/"},{"@type":"ListItem","position":3,"name":"2012-2013 Education promoting the future","item":"https:\/\/www.itakaescolapios.org\/es\/campanas\/educacion-futuro\/"},{"@type":"ListItem","position":4,"name":"how is my school?"}]},{"@type":"WebSite","@id":"https:\/\/www.itakaescolapios.org\/en\/es\/#website","url":"https:\/\/www.itakaescolapios.org\/en\/es\/","name":"Itaka-Escolapios","description":"Red de Itaka-Escolapios","publisher":{"@id":"https:\/\/www.itakaescolapios.org\/en\/es\/#organization"},"potentialAction":[{"@type":"SearchAction","target":{"@type":"EntryPoint","urlTemplate":"https:\/\/www.itakaescolapios.org\/en\/es\/?s={search_term_string}"},"query-input":{"@type":"PropertyValueSpecification","valueRequired":true,"valueName":"search_term_string"}}],"inLanguage":"en-US"},{"@type":"Organization","@id":"https:\/\/www.itakaescolapios.org\/en\/es\/#organization","name":"Fundaci\u00f3 Itaka-Escolapios","url":"https:\/\/www.itakaescolapios.org\/en\/es\/","logo":{"@type":"ImageObject","inLanguage":"en-US","@id":"https:\/\/www.itakaescolapios.org\/en\/es\/#\/schema\/logo\/image\/","url":"https:\/\/www.itakaescolapios.org\/wp-content\/uploads\/2024\/04\/Logo-itakaescolapios-peque.png","contentUrl":"https:\/\/www.itakaescolapios.org\/wp-content\/uploads\/2024\/04\/Logo-itakaescolapios-peque.png","width":500,"height":199,"caption":"Fundaci\u00f3 Itaka-Escolapios"},"image":{"@id":"https:\/\/www.itakaescolapios.org\/en\/es\/#\/schema\/logo\/image\/"}}]}},"_links":{"self":[{"href":"https:\/\/www.itakaescolapios.org\/en\/wp-json\/wp\/v2\/pages\/4251","targetHints":{"allow":["GET"]}}],"collection":[{"href":"https:\/\/www.itakaescolapios.org\/en\/wp-json\/wp\/v2\/pages"}],"about":[{"href":"https:\/\/www.itakaescolapios.org\/en\/wp-json\/wp\/v2\/types\/page"}],"author":[{"embeddable":true,"href":"https:\/\/www.itakaescolapios.org\/en\/wp-json\/wp\/v2\/users\/46"}],"replies":[{"embeddable":true,"href":"https:\/\/www.itakaescolapios.org\/en\/wp-json\/wp\/v2\/comments?post=4251"}],"version-history":[{"count":39,"href":"https:\/\/www.itakaescolapios.org\/en\/wp-json\/wp\/v2\/pages\/4251\/revisions"}],"predecessor-version":[{"id":49916,"href":"https:\/\/www.itakaescolapios.org\/en\/wp-json\/wp\/v2\/pages\/4251\/revisions\/49916"}],"up":[{"embeddable":true,"href":"https:\/\/www.itakaescolapios.org\/en\/wp-json\/wp\/v2\/pages\/3983"}],"wp:attachment":[{"href":"https:\/\/www.itakaescolapios.org\/en\/wp-json\/wp\/v2\/media?parent=4251"}],"curies":[{"name":"wp","href":"https:\/\/api.w.org\/{rel}","templated":true}]}}