{"id":730,"date":"2012-06-14T12:01:40","date_gmt":"2012-06-14T11:01:40","guid":{"rendered":"https:\/\/www.itakaescolapios.org\/?page_id=730"},"modified":"2023-11-28T12:39:42","modified_gmt":"2023-11-28T11:39:42","slug":"hazte-voluntario","status":"publish","type":"page","link":"https:\/\/www.itakaescolapios.org\/en\/que-puedes-hacer-tu\/hazte-voluntario\/","title":{"rendered":"Become volunteer"},"content":{"rendered":"<p lang=\"en-US\" align=\"JUSTIFY\">Become volunteer and collaborate in your nearest office. Every year activities are organised with the purpose of achieve financing for the Itaka-Escolapios projects, there are stables programmes of social action in that you can participate,\u2026 pass for your nearest office and get some information.<\/p>\n<table width=\"520\">\n<thead>\n<tr>\n<td>Sede<\/td>\n<td>Address<\/td>\n<td>Provincia<\/td>\n<td width=\"130\">Tel\u00e9fono<\/td>\n<\/tr>\n<\/thead>\n<tbody>\n<tr>\n<td colspan=\"4\">\n<h3><strong>BOLIVIA<\/strong><\/h3>\n<\/td>\n<\/tr>\n<tr>\n<td>Cochabamba<\/td>\n<td>Jose Antonio Arc, 1292<\/td>\n<td>Cochabamba<\/td>\n<td>(591) 445 404 86<\/td>\n<\/tr>\n<tr>\n<td colspan=\"4\">\n<h3><strong>BRESIL<\/strong><\/h3>\n<\/td>\n<\/tr>\n<tr>\n<td>Belo Horizonte<\/td>\n<td>Rua dos Coqueiros, 205 Maria Goretti<\/td>\n<td>Minas Gerais<\/td>\n<td>(55) 31 343 217 60<\/td>\n<\/tr>\n<tr>\n<td>Governador de Valadares<\/td>\n<td>Rua Carlos Chagas, 66 Bairro Santa Helena<\/td>\n<td>Minas Gerais<\/td>\n<td>(55) 33 327 662 20<\/td>\n<\/tr>\n<tr>\n<td>Serra<\/td>\n<td>Rua Alfredo Galeno 98 Bairro Vila Nova de Colares<\/td>\n<td>Esp\u00edrito Santo<\/td>\n<td>(55) 27 324 350 65<\/td>\n<\/tr>\n<tr>\n<td colspan=\"4\">\n<h3><strong>CAMEROON<\/strong><\/h3>\n<\/td>\n<\/tr>\n<tr>\n<td>Yaound\u00e9<\/td>\n<td>Quatier Cit\u00e9-Vert\u00e9 H10. Messa (junto al colegio alem\u00e1n)<\/td>\n<td>Mfoundi-Centre<\/td>\n<td>(237) 220 459 94<\/td>\n<\/tr>\n<tr>\n<td colspan=\"4\">\n<h3><strong>SPAIN<\/strong><\/h3>\n<\/td>\n<\/tr>\n<tr>\n<td>Bilbao<\/td>\n<td>Juan de Ajuriaguerra, 15<\/td>\n<td>Vizcaya<\/td>\n<td>(34) 944 244 954<\/td>\n<\/tr>\n<tr>\n<td>C\u00f3rdoba<\/td>\n<td>Plaza de la compa\u00f1ia, 6<\/td>\n<td>C\u00f3rdoba<\/td>\n<td>(34) 957 472 341<\/td>\n<\/tr>\n<tr>\n<td>Granada<\/td>\n<td>Paseo de los Basilios,2 bis<\/td>\n<td>Granada<\/td>\n<td>(34) 958 121 225<\/td>\n<\/tr>\n<tr>\n<td>Logro\u00f1o<\/td>\n<td>Avda. Doce Ligero de Artiller\u00eda, 2<\/td>\n<td>Logro\u00f1o<\/td>\n<td>(34) 941 244 100<\/td>\n<\/tr>\n<tr>\n<td>Pamplona<\/td>\n<td>Olite, 1 bajo<\/td>\n<td>Navarra<\/td>\n<td>(34) 948 203 891<\/td>\n<\/tr>\n<tr>\n<td>Montequinto<\/td>\n<td>San Jos\u00e9 de Calasanz s\/n<\/td>\n<td>Seville<\/td>\n<td>(34) 954 121 250<\/td>\n<\/tr>\n<tr>\n<td>Soria<\/td>\n<td>Frentes 2a<\/td>\n<td>Soria<\/td>\n<td>(34) 975 221 162<\/td>\n<\/tr>\n<tr>\n<td>Tafalla<\/td>\n<td>Severino Fern\u00e1ndez, 30<\/td>\n<td>Navarra<\/td>\n<td>(34) 948 700 094<\/td>\n<\/tr>\n<tr>\n<td>Tolosa<\/td>\n<td>Barrio de San Blas, 27B<\/td>\n<td>Guip\u00fazkoa<\/td>\n<td>(34) 943 670 409<\/td>\n<\/tr>\n<tr>\n<td>Valencia<\/td>\n<td>Carniceros 4, 1\u00ba<\/td>\n<td>Valencia<\/td>\n<td>(34) 963 921 373<\/td>\n<\/tr>\n<tr>\n<td>Vitoria<\/td>\n<td>Federico Baraibar, 36.<\/td>\n<td>Alava<\/td>\n<td>(34) 945 284 000<\/td>\n<\/tr>\n<tr>\n<td>Zaragoza<\/td>\n<td>Avda. C\u00e9sar Augusto, 37<\/td>\n<td>Zaragoza<\/td>\n<td>(34) 976 405 135<\/td>\n<\/tr>\n<tr>\n<td colspan=\"4\">\n<h3><strong>INDIA<\/strong><\/h3>\n<\/td>\n<\/tr>\n<tr>\n<td>Bangalore<\/td>\n<td>Sy. 56 Kittakannur Village KR Puram P.O.<\/td>\n<td>Kamataka<\/td>\n<td>(91) 80 324 298 26<\/td>\n<\/tr>\n<tr>\n<td colspan=\"4\">\n<h3><strong>VENEZUELA<\/strong><\/h3>\n<\/td>\n<\/tr>\n<tr>\n<td>Valencia<\/td>\n<td>Miraflores n\u00ba 32-23. Urb. Barrio Impacto 2001<\/td>\n<td>Carabobo<\/td>\n<td>(58) 418 477 484<\/td>\n<\/tr>\n<\/tbody>\n<\/table>\n","protected":false},"excerpt":{"rendered":"<p>Become volunteer and collaborate in your nearest office. Every year activities are organised with the purpose of achieve financing for the Itaka-Escolapios projects, there are stables programmes of social action [&hellip;]<\/p>\n","protected":false},"author":1,"featured_media":0,"parent":9,"menu_order":2,"comment_status":"closed","ping_status":"closed","template":"","meta":{"_et_pb_use_builder":"","_et_pb_old_content":"","_et_gb_content_width":"","footnotes":""},"class_list":["post-730","page","type-page","status-publish","hentry"],"yoast_head":"<!-- This site is optimized with the Yoast SEO plugin v27.3 - https:\/\/yoast.com\/product\/yoast-seo-wordpress\/ -->\n<title>Become volunteer<\/title>\n<meta name=\"description\" content=\"Become volunteer and collaborate in your nearest office. Every year activities are organised with the purpose of achieve financing for the Itaka-Escolapios projects, there are stables programmes of social action in that you can participate,\u2026 pass for your nearest office and get some information. Sede Address Provincia Tel\u00e9fono BOLIVIA Cochabamba Jose Antonio Arc, 1292 Cochabamba&hellip;\" \/>\n<meta name=\"robots\" content=\"index, follow, max-snippet:-1, max-image-preview:large, max-video-preview:-1\" \/>\n<link rel=\"canonical\" href=\"http:\/\/Become%20volunteer%20and%20collaborate%20in%20your%20nearest%20office.%20Every%20year%20activities%20are%20organised%20with%20the%20purpose%20of%20achieve%20financing%20for%20the%20Itaka-Escolapios%20projects,%20there%20are%20stables%20programmes%20of%20social%20action%20in%20that%20you%20can%20participate,\u2026%20pass%20for%20your%20nearest%20office%20and%20get%20some%20information.%20Sede%20Address%20Provincia%20Tel\u00e9fono%20BOLIVIA%20Cochabamba%20Jose%20Antonio%20Arc,%201292%20Cochabamba&hellip;\" \/>\n<meta property=\"og:locale\" content=\"en_US\" \/>\n<meta property=\"og:type\" content=\"article\" \/>\n<meta property=\"og:title\" content=\"Become volunteer\" \/>\n<meta property=\"og:description\" content=\"Become volunteer and collaborate in your nearest office. Every year activities are organised with the purpose of achieve financing for the Itaka-Escolapios projects, there are stables programmes of social action in that you can participate,\u2026 pass for your nearest office and get some information. Sede Address Provincia Tel\u00e9fono BOLIVIA Cochabamba Jose Antonio Arc, 1292 Cochabamba&hellip;\" \/>\n<meta property=\"og:url\" content=\"https:\/\/www.itakaescolapios.org\/en\/que-puedes-hacer-tu\/hazte-voluntario\/\" \/>\n<meta property=\"og:site_name\" content=\"Proofs in Itaka-Escolapios\" \/>\n<meta property=\"article:modified_time\" content=\"2023-11-28T11:39:42+00:00\" \/>\n<meta name=\"twitter:card\" content=\"summary_large_image\" \/>\n<meta name=\"twitter:label1\" content=\"Est. reading time\" \/>\n\t<meta name=\"twitter:data1\" content=\"1 minute\" \/>\n<script type=\"application\/ld+json\" class=\"yoast-schema-graph\">{\"@context\":\"https:\\\/\\\/schema.org\",\"@graph\":[{\"@type\":\"WebPage\",\"@id\":\"https:\\\/\\\/www.itakaescolapios.org\\\/en\\\/que-puedes-hacer-tu\\\/hazte-voluntario\\\/\",\"url\":\"https:\\\/\\\/www.itakaescolapios.org\\\/en\\\/que-puedes-hacer-tu\\\/hazte-voluntario\\\/\",\"name\":\"Hazte voluntario - Proofs in Itaka-Escolapios\",\"isPartOf\":{\"@id\":\"https:\\\/\\\/www.itakaescolapios.org\\\/es\\\/#website\"},\"datePublished\":\"2012-06-14T11:01:40+00:00\",\"dateModified\":\"2023-11-28T11:39:42+00:00\",\"breadcrumb\":{\"@id\":\"https:\\\/\\\/www.itakaescolapios.org\\\/en\\\/que-puedes-hacer-tu\\\/hazte-voluntario\\\/#breadcrumb\"},\"inLanguage\":\"en-US\",\"potentialAction\":[{\"@type\":\"ReadAction\",\"target\":[\"https:\\\/\\\/www.itakaescolapios.org\\\/en\\\/que-puedes-hacer-tu\\\/hazte-voluntario\\\/\"]}]},{\"@type\":\"BreadcrumbList\",\"@id\":\"https:\\\/\\\/www.itakaescolapios.org\\\/en\\\/que-puedes-hacer-tu\\\/hazte-voluntario\\\/#breadcrumb\",\"itemListElement\":[{\"@type\":\"ListItem\",\"position\":1,\"name\":\"Proof\",\"item\":\"https:\\\/\\\/www.itakaescolapios.org\\\/es\\\/\"},{\"@type\":\"ListItem\",\"position\":2,\"name\":\"What you can do\",\"item\":\"https:\\\/\\\/www.itakaescolapios.org\\\/es\\\/que-puedes-hacer-tu\\\/\"},{\"@type\":\"ListItem\",\"position\":3,\"name\":\"Become volunteer\"}]},{\"@type\":\"WebSite\",\"@id\":\"https:\\\/\\\/www.itakaescolapios.org\\\/en\\\/es\\\/#website\",\"url\":\"https:\\\/\\\/www.itakaescolapios.org\\\/en\\\/es\\\/\",\"name\":\"Itaka-Escolapios\",\"description\":\"Red de Itaka-Escolapios\",\"publisher\":{\"@id\":\"https:\\\/\\\/www.itakaescolapios.org\\\/en\\\/es\\\/#organization\"},\"potentialAction\":[{\"@type\":\"SearchAction\",\"target\":{\"@type\":\"EntryPoint\",\"urlTemplate\":\"https:\\\/\\\/www.itakaescolapios.org\\\/en\\\/es\\\/?s={search_term_string}\"},\"query-input\":{\"@type\":\"PropertyValueSpecification\",\"valueRequired\":true,\"valueName\":\"search_term_string\"}}],\"inLanguage\":\"en-US\"},{\"@type\":\"Organization\",\"@id\":\"https:\\\/\\\/www.itakaescolapios.org\\\/en\\\/es\\\/#organization\",\"name\":\"Fundaci\u00f3 Itaka-Escolapios\",\"url\":\"https:\\\/\\\/www.itakaescolapios.org\\\/en\\\/es\\\/\",\"logo\":{\"@type\":\"ImageObject\",\"inLanguage\":\"en-US\",\"@id\":\"https:\\\/\\\/www.itakaescolapios.org\\\/en\\\/es\\\/#\\\/schema\\\/logo\\\/image\\\/\",\"url\":\"https:\\\/\\\/www.itakaescolapios.org\\\/wp-content\\\/uploads\\\/2024\\\/04\\\/Logo-itakaescolapios-peque.png\",\"contentUrl\":\"https:\\\/\\\/www.itakaescolapios.org\\\/wp-content\\\/uploads\\\/2024\\\/04\\\/Logo-itakaescolapios-peque.png\",\"width\":500,\"height\":199,\"caption\":\"Fundaci\u00f3 Itaka-Escolapios\"},\"image\":{\"@id\":\"https:\\\/\\\/www.itakaescolapios.org\\\/en\\\/es\\\/#\\\/schema\\\/logo\\\/image\\\/\"}}]}<\/script>\n<!-- \/ Yoast SEO plugin. -->","yoast_head_json":{"title":"Become volunteer","description":"Become volunteer and collaborate in your nearest office. Every year activities are organised with the purpose of achieve financing for the Itaka-Escolapios projects, there are stables programmes of social action in that you can participate,\u2026 pass for your nearest office and get some information. Sede Address Provincia Tel\u00e9fono BOLIVIA Cochabamba Jose Antonio Arc, 1292 Cochabamba&hellip;","robots":{"index":"index","follow":"follow","max-snippet":"max-snippet:-1","max-image-preview":"max-image-preview:large","max-video-preview":"max-video-preview:-1"},"canonical":"Become volunteer and collaborate in your nearest office. Every year activities are organised with the purpose of achieve financing for the Itaka-Escolapios projects, there are stables programmes of social action in that you can participate,\u2026 pass for your nearest office and get some information. Sede Address Provincia Tel\u00e9fono BOLIVIA Cochabamba Jose Antonio Arc, 1292 Cochabamba&hellip;","og_locale":"en_US","og_type":"article","og_title":"Become volunteer","og_description":"Become volunteer and collaborate in your nearest office. Every year activities are organised with the purpose of achieve financing for the Itaka-Escolapios projects, there are stables programmes of social action in that you can participate,\u2026 pass for your nearest office and get some information. Sede Address Provincia Tel\u00e9fono BOLIVIA Cochabamba Jose Antonio Arc, 1292 Cochabamba&hellip;","og_url":"https:\/\/www.itakaescolapios.org\/en\/que-puedes-hacer-tu\/hazte-voluntario\/","og_site_name":"Proofs in Itaka-Escolapios","article_modified_time":"2023-11-28T11:39:42+00:00","twitter_card":"summary_large_image","twitter_misc":{"Est. reading time":"1 minute"},"schema":{"@context":"https:\/\/schema.org","@graph":[{"@type":"WebPage","@id":"https:\/\/www.itakaescolapios.org\/en\/que-puedes-hacer-tu\/hazte-voluntario\/","url":"https:\/\/www.itakaescolapios.org\/en\/que-puedes-hacer-tu\/hazte-voluntario\/","name":"Hazte voluntario - Proofs in Itaka-Escolapios","isPartOf":{"@id":"https:\/\/www.itakaescolapios.org\/es\/#website"},"datePublished":"2012-06-14T11:01:40+00:00","dateModified":"2023-11-28T11:39:42+00:00","breadcrumb":{"@id":"https:\/\/www.itakaescolapios.org\/en\/que-puedes-hacer-tu\/hazte-voluntario\/#breadcrumb"},"inLanguage":"en-US","potentialAction":[{"@type":"ReadAction","target":["https:\/\/www.itakaescolapios.org\/en\/que-puedes-hacer-tu\/hazte-voluntario\/"]}]},{"@type":"BreadcrumbList","@id":"https:\/\/www.itakaescolapios.org\/en\/que-puedes-hacer-tu\/hazte-voluntario\/#breadcrumb","itemListElement":[{"@type":"ListItem","position":1,"name":"Proof","item":"https:\/\/www.itakaescolapios.org\/es\/"},{"@type":"ListItem","position":2,"name":"What you can do","item":"https:\/\/www.itakaescolapios.org\/es\/que-puedes-hacer-tu\/"},{"@type":"ListItem","position":3,"name":"Become volunteer"}]},{"@type":"WebSite","@id":"https:\/\/www.itakaescolapios.org\/en\/es\/#website","url":"https:\/\/www.itakaescolapios.org\/en\/es\/","name":"Itaka-Escolapios","description":"Red de Itaka-Escolapios","publisher":{"@id":"https:\/\/www.itakaescolapios.org\/en\/es\/#organization"},"potentialAction":[{"@type":"SearchAction","target":{"@type":"EntryPoint","urlTemplate":"https:\/\/www.itakaescolapios.org\/en\/es\/?s={search_term_string}"},"query-input":{"@type":"PropertyValueSpecification","valueRequired":true,"valueName":"search_term_string"}}],"inLanguage":"en-US"},{"@type":"Organization","@id":"https:\/\/www.itakaescolapios.org\/en\/es\/#organization","name":"Fundaci\u00f3 Itaka-Escolapios","url":"https:\/\/www.itakaescolapios.org\/en\/es\/","logo":{"@type":"ImageObject","inLanguage":"en-US","@id":"https:\/\/www.itakaescolapios.org\/en\/es\/#\/schema\/logo\/image\/","url":"https:\/\/www.itakaescolapios.org\/wp-content\/uploads\/2024\/04\/Logo-itakaescolapios-peque.png","contentUrl":"https:\/\/www.itakaescolapios.org\/wp-content\/uploads\/2024\/04\/Logo-itakaescolapios-peque.png","width":500,"height":199,"caption":"Fundaci\u00f3 Itaka-Escolapios"},"image":{"@id":"https:\/\/www.itakaescolapios.org\/en\/es\/#\/schema\/logo\/image\/"}}]}},"_links":{"self":[{"href":"https:\/\/www.itakaescolapios.org\/en\/wp-json\/wp\/v2\/pages\/730","targetHints":{"allow":["GET"]}}],"collection":[{"href":"https:\/\/www.itakaescolapios.org\/en\/wp-json\/wp\/v2\/pages"}],"about":[{"href":"https:\/\/www.itakaescolapios.org\/en\/wp-json\/wp\/v2\/types\/page"}],"author":[{"embeddable":true,"href":"https:\/\/www.itakaescolapios.org\/en\/wp-json\/wp\/v2\/users\/1"}],"replies":[{"embeddable":true,"href":"https:\/\/www.itakaescolapios.org\/en\/wp-json\/wp\/v2\/comments?post=730"}],"version-history":[{"count":65,"href":"https:\/\/www.itakaescolapios.org\/en\/wp-json\/wp\/v2\/pages\/730\/revisions"}],"predecessor-version":[{"id":50133,"href":"https:\/\/www.itakaescolapios.org\/en\/wp-json\/wp\/v2\/pages\/730\/revisions\/50133"}],"up":[{"embeddable":true,"href":"https:\/\/www.itakaescolapios.org\/en\/wp-json\/wp\/v2\/pages\/9"}],"wp:attachment":[{"href":"https:\/\/www.itakaescolapios.org\/en\/wp-json\/wp\/v2\/media?parent=730"}],"curies":[{"name":"wp","href":"https:\/\/api.w.org\/{rel}","templated":true}]}}