{"id":10167,"date":"2014-10-13T14:04:29","date_gmt":"2014-10-13T13:04:29","guid":{"rendered":"https:\/\/www.itakaescolapios.org\/?page_id=10167"},"modified":"2023-11-28T12:38:57","modified_gmt":"2023-11-28T11:38:57","slug":"2014-2015-ven-y-veras-la-realidad-que-hay-detras","status":"publish","type":"page","link":"https:\/\/www.itakaescolapios.org\/es\/campanas\/2014-2015-ven-y-veras-la-realidad-que-hay-detras\/","title":{"rendered":"2014-2015 VEN y VER\u00c1S, LA REALIDAD QUE HAY DETR\u00c1S"},"content":{"rendered":"<p><iframe loading=\"lazy\" title=\"Video de la Campa\u00f1a 2014-2015 Ven y ver\u00e1s, la realidad que hay detr\u00e1s\" width=\"1080\" height=\"608\" src=\"https:\/\/www.youtube.com\/embed\/J1GC1f3Qq4I?feature=oembed\"  allow=\"accelerometer; autoplay; clipboard-write; encrypted-media; gyroscope; picture-in-picture; web-share\" referrerpolicy=\"strict-origin-when-cross-origin\" allowfullscreen><\/iframe><br \/>\nSi algo caracteriza la labor educativa inspirada por S. Jos\u00e9 de Calasanz es la centralidad de los ni\u00f1os y j\u00f3venes: la orientaci\u00f3n fundamental por la cual la plena realizaci\u00f3n y la felicidad de estos constituyen el centro de todo el actuar. Este papel central de los ni\u00f1os y j\u00f3venes ha de impregnar el conjunto de la acci\u00f3n educativa y, antes que nada, la misma forma en la que nos acercamos a la realidad. Calasanz nos invita a mirar la realidad con ojos de ni\u00f1o, especialmente con ojos de ni\u00f1o en situaci\u00f3n de pobreza. Es precisamente este punto de vista el que vamos a tratar de cultivar en la presente campa\u00f1a de solidaridad para, a trav\u00e9s de esta visi\u00f3n, acercarnos a los \u201ctrast\u00e9veres\u201d del mundo actual donde est\u00e1n presentes las Escuelas P\u00edas y la red Itaka-Escolapios. Tal como dir\u00eda Calasanz, la labor educativa integral requiere \u201cabajarse\u201d para dar luz a los m\u00e1s peque\u00f1os y vulnerables. Quien mire la realidad desde estos ojos, desde su altura que es \u201cbajura\u201d, es quien realmente puede responder a las necesidades que desde ah\u00ed se ven: apaciguar los miedos, alentar las ilusiones, dar cauce a los sue\u00f1os\u2026 Puedes acceder a los contenidos de la campa\u00f1a pinchando en cualquiera de las siguientes p\u00e1ginas:<\/p>\n<table border=\"1\" width=\"552\" cellspacing=\"0\" cellpadding=\"0\">\n<tbody>\n<tr>\n<td valign=\"top\" width=\"28\">1<\/td>\n<td valign=\"top\" width=\"524\"><a href=\"https:\/\/www.itakaescolapios.org\/campanas\/2014-2015-ven-y-veras-la-realidad-que-hay-detras\/recordando-la-campana-estamos-por-ti-educamos-contigo\/\" target=\"_blank\" rel=\"noopener noreferrer\">RECORDANDO LA CAMPA\u00d1A: \u201cEstamos por ti, educamos contigo\u201d<\/a><\/td>\n<\/tr>\n<tr>\n<td valign=\"top\" width=\"28\">2<\/td>\n<td valign=\"top\" width=\"524\"><a href=\"https:\/\/www.itakaescolapios.org\/campanas\/2014-2015-ven-y-veras-la-realidad-que-hay-detras\/ven-y-veras-la-realidad-que-hay-detras\/\" target=\"_blank\" rel=\"noopener noreferrer\">VEN Y VER\u00c1S, la realidad que hay detr\u00e1s<\/a><\/td>\n<\/tr>\n<tr>\n<td valign=\"top\" width=\"28\">3<\/td>\n<td valign=\"top\" width=\"524\"><a href=\"https:\/\/www.itakaescolapios.org\/campanas\/2014-2015-ven-y-veras-la-realidad-que-hay-detras\/proyectos-educativos-de-los-escolapios-apoyados-en-la-campana-de-solidaridad\/\" target=\"_blank\" rel=\"noopener noreferrer\">PROYECTOS EDUCATIVOS DE LOS ESCOLAPIOS APOYADOS EN LA CAMPA\u00d1A DE SOLIDARIDAD<\/a><\/td>\n<\/tr>\n<tr>\n<td valign=\"top\" width=\"28\">4<\/td>\n<td valign=\"top\" width=\"524\"><a href=\"https:\/\/www.itakaescolapios.org\/campanas\/2014-2015-ven-y-veras-la-realidad-que-hay-detras\/los-ninos-y-ninas-nos-cuentan-los-proyectos\/\" target=\"_blank\" rel=\"noopener noreferrer\">LOS NI\u00d1OS Y LAS NI\u00d1AS NOS CUENTAN LOS PROYECTOS<\/a><\/td>\n<\/tr>\n<tr>\n<td valign=\"top\" width=\"28\">5<\/td>\n<td valign=\"top\" width=\"524\"><a href=\"https:\/\/www.itakaescolapios.org\/campanas\/2014-2015-ven-y-veras-la-realidad-que-hay-detras\/ojos-bajitos-un-punto-de-vista-diferente\/\" target=\"_blank\" rel=\"noopener noreferrer\">OJOS BAJITOS. Un punto de vista diferente.<\/a><\/td>\n<\/tr>\n<tr>\n<td valign=\"top\" width=\"28\">6<\/td>\n<td valign=\"top\" width=\"524\"><a href=\"https:\/\/www.itakaescolapios.org\/campanas\/2014-2015-ven-y-veras-la-realidad-que-hay-detras\/mira-y-entenderas\/\" target=\"_blank\" rel=\"noopener noreferrer\">MIRA Y ENTENDER\u00c1S.<\/a><\/td>\n<\/tr>\n<tr>\n<td valign=\"top\" width=\"28\">7<\/td>\n<td valign=\"top\" width=\"524\"><a href=\"https:\/\/www.itakaescolapios.org\/campanas\/2014-2015-ven-y-veras-la-realidad-que-hay-detras\/dossier-de-actividades-para-el-aula\/\" target=\"_blank\" rel=\"noopener noreferrer\">DOSSIER DE ACTIVIDADES PARA EL AULA.<\/a><\/td>\n<\/tr>\n<tr>\n<td valign=\"top\" width=\"28\">8<\/td>\n<td valign=\"top\" width=\"524\"><a href=\"https:\/\/www.itakaescolapios.org\/campanas\/2014-2015-ven-y-veras-la-realidad-que-hay-detras\/carteleria\/\" target=\"_blank\" rel=\"noopener noreferrer\">CARTELER\u00cdA.<\/a><\/td>\n<\/tr>\n<tr>\n<td valign=\"top\" width=\"28\">9<\/td>\n<td valign=\"top\" width=\"524\"><a href=\"https:\/\/www.itakaescolapios.org\/campanas\/2014-2015-ven-y-veras-la-realidad-que-hay-detras\/otros-recursos\/\" target=\"_blank\" rel=\"noopener noreferrer\">OTROS RECURSOS<\/a><\/td>\n<\/tr>\n<\/tbody>\n<\/table>\n<p><!--more--><\/p>\n","protected":false},"excerpt":{"rendered":"<p>Si algo caracteriza la labor educativa inspirada por S. Jos\u00e9 de Calasanz es la centralidad de los ni\u00f1os y j\u00f3venes: la orientaci\u00f3n fundamental por la cual la plena realizaci\u00f3n y [&hellip;]<\/p>\n","protected":false},"author":46,"featured_media":0,"parent":7523,"menu_order":7,"comment_status":"closed","ping_status":"closed","template":"","meta":{"_et_pb_use_builder":"","_et_pb_old_content":"","_et_gb_content_width":"","footnotes":""},"class_list":["post-10167","page","type-page","status-publish","hentry"],"yoast_head":"<!-- This site is optimized with the Yoast SEO plugin v27.3 - https:\/\/yoast.com\/product\/yoast-seo-wordpress\/ -->\n<title>2014-2015 VEN y VER\u00c1S, LA REALIDAD QUE HAY DETR\u00c1S - Itaka-Escolapios<\/title>\n<meta name=\"robots\" content=\"index, follow, max-snippet:-1, max-image-preview:large, max-video-preview:-1\" \/>\n<link rel=\"canonical\" href=\"https:\/\/www.itakaescolapios.org\/es\/campanas\/2014-2015-ven-y-veras-la-realidad-que-hay-detras\/\" \/>\n<meta property=\"og:locale\" content=\"es_ES\" \/>\n<meta property=\"og:type\" content=\"article\" \/>\n<meta property=\"og:title\" content=\"2014-2015 VEN y VER\u00c1S, LA REALIDAD QUE HAY DETR\u00c1S - Itaka-Escolapios\" \/>\n<meta property=\"og:description\" content=\"Si algo caracteriza la labor educativa inspirada por S. Jos\u00e9 de Calasanz es la centralidad de los ni\u00f1os y j\u00f3venes: la orientaci\u00f3n fundamental por la cual la plena realizaci\u00f3n y [&hellip;]\" \/>\n<meta property=\"og:url\" content=\"https:\/\/www.itakaescolapios.org\/es\/campanas\/2014-2015-ven-y-veras-la-realidad-que-hay-detras\/\" \/>\n<meta property=\"og:site_name\" content=\"Itaka-Escolapios\" \/>\n<meta property=\"article:modified_time\" content=\"2023-11-28T11:38:57+00:00\" \/>\n<meta name=\"twitter:card\" content=\"summary_large_image\" \/>\n<meta name=\"twitter:label1\" content=\"Tiempo de lectura\" \/>\n\t<meta name=\"twitter:data1\" content=\"1 minuto\" \/>\n<script type=\"application\/ld+json\" class=\"yoast-schema-graph\">{\"@context\":\"https:\\\/\\\/schema.org\",\"@graph\":[{\"@type\":\"WebPage\",\"@id\":\"https:\\\/\\\/www.itakaescolapios.org\\\/es\\\/campanas\\\/2014-2015-ven-y-veras-la-realidad-que-hay-detras\\\/\",\"url\":\"https:\\\/\\\/www.itakaescolapios.org\\\/es\\\/campanas\\\/2014-2015-ven-y-veras-la-realidad-que-hay-detras\\\/\",\"name\":\"2014-2015 VEN y VER\u00c1S, LA REALIDAD QUE HAY DETR\u00c1S - Itaka-Escolapios\",\"isPartOf\":{\"@id\":\"https:\\\/\\\/www.itakaescolapios.org\\\/es\\\/#website\"},\"datePublished\":\"2014-10-13T13:04:29+00:00\",\"dateModified\":\"2023-11-28T11:38:57+00:00\",\"breadcrumb\":{\"@id\":\"https:\\\/\\\/www.itakaescolapios.org\\\/es\\\/campanas\\\/2014-2015-ven-y-veras-la-realidad-que-hay-detras\\\/#breadcrumb\"},\"inLanguage\":\"es\",\"potentialAction\":[{\"@type\":\"ReadAction\",\"target\":[\"https:\\\/\\\/www.itakaescolapios.org\\\/es\\\/campanas\\\/2014-2015-ven-y-veras-la-realidad-que-hay-detras\\\/\"]}]},{\"@type\":\"BreadcrumbList\",\"@id\":\"https:\\\/\\\/www.itakaescolapios.org\\\/es\\\/campanas\\\/2014-2015-ven-y-veras-la-realidad-que-hay-detras\\\/#breadcrumb\",\"itemListElement\":[{\"@type\":\"ListItem\",\"position\":1,\"name\":\"Portada\",\"item\":\"https:\\\/\\\/www.itakaescolapios.org\\\/es\\\/\"},{\"@type\":\"ListItem\",\"position\":2,\"name\":\"Campa\u00f1as\",\"item\":\"https:\\\/\\\/www.itakaescolapios.org\\\/es\\\/campanas\\\/\"},{\"@type\":\"ListItem\",\"position\":3,\"name\":\"2014-2015 VEN y VER\u00c1S, LA REALIDAD QUE HAY DETR\u00c1S\"}]},{\"@type\":\"WebSite\",\"@id\":\"https:\\\/\\\/www.itakaescolapios.org\\\/es\\\/#website\",\"url\":\"https:\\\/\\\/www.itakaescolapios.org\\\/es\\\/\",\"name\":\"Itaka-Escolapios\",\"description\":\"Red de Itaka-Escolapios\",\"publisher\":{\"@id\":\"https:\\\/\\\/www.itakaescolapios.org\\\/es\\\/#organization\"},\"potentialAction\":[{\"@type\":\"SearchAction\",\"target\":{\"@type\":\"EntryPoint\",\"urlTemplate\":\"https:\\\/\\\/www.itakaescolapios.org\\\/es\\\/?s={search_term_string}\"},\"query-input\":{\"@type\":\"PropertyValueSpecification\",\"valueRequired\":true,\"valueName\":\"search_term_string\"}}],\"inLanguage\":\"es\"},{\"@type\":\"Organization\",\"@id\":\"https:\\\/\\\/www.itakaescolapios.org\\\/es\\\/#organization\",\"name\":\"Fundaci\u00f3 Itaka-Escolapios\",\"url\":\"https:\\\/\\\/www.itakaescolapios.org\\\/es\\\/\",\"logo\":{\"@type\":\"ImageObject\",\"inLanguage\":\"es\",\"@id\":\"https:\\\/\\\/www.itakaescolapios.org\\\/es\\\/#\\\/schema\\\/logo\\\/image\\\/\",\"url\":\"https:\\\/\\\/www.itakaescolapios.org\\\/wp-content\\\/uploads\\\/2024\\\/04\\\/Logo-itakaescolapios-peque.png\",\"contentUrl\":\"https:\\\/\\\/www.itakaescolapios.org\\\/wp-content\\\/uploads\\\/2024\\\/04\\\/Logo-itakaescolapios-peque.png\",\"width\":500,\"height\":199,\"caption\":\"Fundaci\u00f3 Itaka-Escolapios\"},\"image\":{\"@id\":\"https:\\\/\\\/www.itakaescolapios.org\\\/es\\\/#\\\/schema\\\/logo\\\/image\\\/\"}}]}<\/script>\n<!-- \/ Yoast SEO plugin. -->","yoast_head_json":{"title":"2014-2015 VEN y VER\u00c1S, LA REALIDAD QUE HAY DETR\u00c1S - Itaka-Escolapios","robots":{"index":"index","follow":"follow","max-snippet":"max-snippet:-1","max-image-preview":"max-image-preview:large","max-video-preview":"max-video-preview:-1"},"canonical":"https:\/\/www.itakaescolapios.org\/es\/campanas\/2014-2015-ven-y-veras-la-realidad-que-hay-detras\/","og_locale":"es_ES","og_type":"article","og_title":"2014-2015 VEN y VER\u00c1S, LA REALIDAD QUE HAY DETR\u00c1S - Itaka-Escolapios","og_description":"Si algo caracteriza la labor educativa inspirada por S. Jos\u00e9 de Calasanz es la centralidad de los ni\u00f1os y j\u00f3venes: la orientaci\u00f3n fundamental por la cual la plena realizaci\u00f3n y [&hellip;]","og_url":"https:\/\/www.itakaescolapios.org\/es\/campanas\/2014-2015-ven-y-veras-la-realidad-que-hay-detras\/","og_site_name":"Itaka-Escolapios","article_modified_time":"2023-11-28T11:38:57+00:00","twitter_card":"summary_large_image","twitter_misc":{"Tiempo de lectura":"1 minuto"},"schema":{"@context":"https:\/\/schema.org","@graph":[{"@type":"WebPage","@id":"https:\/\/www.itakaescolapios.org\/es\/campanas\/2014-2015-ven-y-veras-la-realidad-que-hay-detras\/","url":"https:\/\/www.itakaescolapios.org\/es\/campanas\/2014-2015-ven-y-veras-la-realidad-que-hay-detras\/","name":"2014-2015 VEN y VER\u00c1S, LA REALIDAD QUE HAY DETR\u00c1S - Itaka-Escolapios","isPartOf":{"@id":"https:\/\/www.itakaescolapios.org\/es\/#website"},"datePublished":"2014-10-13T13:04:29+00:00","dateModified":"2023-11-28T11:38:57+00:00","breadcrumb":{"@id":"https:\/\/www.itakaescolapios.org\/es\/campanas\/2014-2015-ven-y-veras-la-realidad-que-hay-detras\/#breadcrumb"},"inLanguage":"es","potentialAction":[{"@type":"ReadAction","target":["https:\/\/www.itakaescolapios.org\/es\/campanas\/2014-2015-ven-y-veras-la-realidad-que-hay-detras\/"]}]},{"@type":"BreadcrumbList","@id":"https:\/\/www.itakaescolapios.org\/es\/campanas\/2014-2015-ven-y-veras-la-realidad-que-hay-detras\/#breadcrumb","itemListElement":[{"@type":"ListItem","position":1,"name":"Portada","item":"https:\/\/www.itakaescolapios.org\/es\/"},{"@type":"ListItem","position":2,"name":"Campa\u00f1as","item":"https:\/\/www.itakaescolapios.org\/es\/campanas\/"},{"@type":"ListItem","position":3,"name":"2014-2015 VEN y VER\u00c1S, LA REALIDAD QUE HAY DETR\u00c1S"}]},{"@type":"WebSite","@id":"https:\/\/www.itakaescolapios.org\/es\/#website","url":"https:\/\/www.itakaescolapios.org\/es\/","name":"Itaka-Escolapios","description":"Red de Itaka-Escolapios","publisher":{"@id":"https:\/\/www.itakaescolapios.org\/es\/#organization"},"potentialAction":[{"@type":"SearchAction","target":{"@type":"EntryPoint","urlTemplate":"https:\/\/www.itakaescolapios.org\/es\/?s={search_term_string}"},"query-input":{"@type":"PropertyValueSpecification","valueRequired":true,"valueName":"search_term_string"}}],"inLanguage":"es"},{"@type":"Organization","@id":"https:\/\/www.itakaescolapios.org\/es\/#organization","name":"Fundaci\u00f3 Itaka-Escolapios","url":"https:\/\/www.itakaescolapios.org\/es\/","logo":{"@type":"ImageObject","inLanguage":"es","@id":"https:\/\/www.itakaescolapios.org\/es\/#\/schema\/logo\/image\/","url":"https:\/\/www.itakaescolapios.org\/wp-content\/uploads\/2024\/04\/Logo-itakaescolapios-peque.png","contentUrl":"https:\/\/www.itakaescolapios.org\/wp-content\/uploads\/2024\/04\/Logo-itakaescolapios-peque.png","width":500,"height":199,"caption":"Fundaci\u00f3 Itaka-Escolapios"},"image":{"@id":"https:\/\/www.itakaescolapios.org\/es\/#\/schema\/logo\/image\/"}}]}},"_links":{"self":[{"href":"https:\/\/www.itakaescolapios.org\/es\/wp-json\/wp\/v2\/pages\/10167","targetHints":{"allow":["GET"]}}],"collection":[{"href":"https:\/\/www.itakaescolapios.org\/es\/wp-json\/wp\/v2\/pages"}],"about":[{"href":"https:\/\/www.itakaescolapios.org\/es\/wp-json\/wp\/v2\/types\/page"}],"author":[{"embeddable":true,"href":"https:\/\/www.itakaescolapios.org\/es\/wp-json\/wp\/v2\/users\/46"}],"replies":[{"embeddable":true,"href":"https:\/\/www.itakaescolapios.org\/es\/wp-json\/wp\/v2\/comments?post=10167"}],"version-history":[{"count":18,"href":"https:\/\/www.itakaescolapios.org\/es\/wp-json\/wp\/v2\/pages\/10167\/revisions"}],"predecessor-version":[{"id":48993,"href":"https:\/\/www.itakaescolapios.org\/es\/wp-json\/wp\/v2\/pages\/10167\/revisions\/48993"}],"up":[{"embeddable":true,"href":"https:\/\/www.itakaescolapios.org\/es\/wp-json\/wp\/v2\/pages\/7523"}],"wp:attachment":[{"href":"https:\/\/www.itakaescolapios.org\/es\/wp-json\/wp\/v2\/media?parent=10167"}],"curies":[{"name":"wp","href":"https:\/\/api.w.org\/{rel}","templated":true}]}}