{"id":10187,"date":"2014-10-13T14:42:53","date_gmt":"2014-10-13T13:42:53","guid":{"rendered":"https:\/\/www.itakaescolapios.org\/?page_id=10187"},"modified":"2023-11-28T12:38:56","modified_gmt":"2023-11-28T11:38:56","slug":"otros-recursos","status":"publish","type":"page","link":"https:\/\/www.itakaescolapios.org\/es\/campanas\/2014-2015-ven-y-veras-la-realidad-que-hay-detras\/otros-recursos\/","title":{"rendered":"OTROS RECURSOS"},"content":{"rendered":"<p>En esta secci\u00f3n puedes descargarte otros recursos\u00a0que\u00a0pueden ayudarte a\u00a0presentar\u00a0la campa\u00f1a y a\u00a0dinamizarla en tu centro educativo, grupo de tiempo libre, parroquia, &#8230;<\/p>\n<p>Desc\u00e1rgate en el siguiente enlace el powerpoint que presenta la Campa\u00f1a de Solidaridad<\/p>\n<p>&nbsp;<\/p>\n<h1 style=\"text-align: center;\"><a href=\"https:\/\/mega.co.nz\/#!IoQ1lTSR!OM0tIDfvrMpvjQ-Tj2-aEYKXftNvyt02hcjFo3UOGkQ\" target=\"_blank\" rel=\"noopener\">VEN y VERAS, la realidad que hay detr\u00e1s<\/a><\/h1>\n<p>&nbsp;<\/p>\n<p>Si te es m\u00e1s c\u00f3modo, a continuaci\u00f3n puedes pinchar en el video presentaci\u00f3n de la Campa\u00f1a de Solidaridad<\/p>\n<p>http:\/\/youtu.be\/7aUvVHfWGeM<\/p>\n","protected":false},"excerpt":{"rendered":"<p>En esta secci\u00f3n puedes descargarte otros recursos\u00a0que\u00a0pueden ayudarte a\u00a0presentar\u00a0la campa\u00f1a y a\u00a0dinamizarla en tu centro educativo, grupo de tiempo libre, parroquia, &#8230; Desc\u00e1rgate en el siguiente enlace el powerpoint que [&hellip;]<\/p>\n","protected":false},"author":46,"featured_media":0,"parent":10167,"menu_order":9,"comment_status":"closed","ping_status":"closed","template":"","meta":{"_et_pb_use_builder":"","_et_pb_old_content":"","_et_gb_content_width":"","footnotes":""},"class_list":["post-10187","page","type-page","status-publish","hentry"],"yoast_head":"<!-- This site is optimized with the Yoast SEO plugin v27.3 - https:\/\/yoast.com\/product\/yoast-seo-wordpress\/ -->\n<title>OTROS RECURSOS - Itaka-Escolapios<\/title>\n<meta name=\"robots\" content=\"index, follow, max-snippet:-1, max-image-preview:large, max-video-preview:-1\" \/>\n<link rel=\"canonical\" href=\"https:\/\/www.itakaescolapios.org\/es\/campanas\/2014-2015-ven-y-veras-la-realidad-que-hay-detras\/otros-recursos\/\" \/>\n<meta property=\"og:locale\" content=\"es_ES\" \/>\n<meta property=\"og:type\" content=\"article\" \/>\n<meta property=\"og:title\" content=\"OTROS RECURSOS - Itaka-Escolapios\" \/>\n<meta property=\"og:description\" content=\"En esta secci\u00f3n puedes descargarte otros recursos\u00a0que\u00a0pueden ayudarte a\u00a0presentar\u00a0la campa\u00f1a y a\u00a0dinamizarla en tu centro educativo, grupo de tiempo libre, parroquia, &#8230; Desc\u00e1rgate en el siguiente enlace el powerpoint que [&hellip;]\" \/>\n<meta property=\"og:url\" content=\"https:\/\/www.itakaescolapios.org\/es\/campanas\/2014-2015-ven-y-veras-la-realidad-que-hay-detras\/otros-recursos\/\" \/>\n<meta property=\"og:site_name\" content=\"Itaka-Escolapios\" \/>\n<meta property=\"article:modified_time\" content=\"2023-11-28T11:38:56+00:00\" \/>\n<meta name=\"twitter:card\" content=\"summary_large_image\" \/>\n<script type=\"application\/ld+json\" class=\"yoast-schema-graph\">{\"@context\":\"https:\\\/\\\/schema.org\",\"@graph\":[{\"@type\":\"WebPage\",\"@id\":\"https:\\\/\\\/www.itakaescolapios.org\\\/es\\\/campanas\\\/2014-2015-ven-y-veras-la-realidad-que-hay-detras\\\/otros-recursos\\\/\",\"url\":\"https:\\\/\\\/www.itakaescolapios.org\\\/es\\\/campanas\\\/2014-2015-ven-y-veras-la-realidad-que-hay-detras\\\/otros-recursos\\\/\",\"name\":\"OTROS RECURSOS - Itaka-Escolapios\",\"isPartOf\":{\"@id\":\"https:\\\/\\\/www.itakaescolapios.org\\\/es\\\/#website\"},\"datePublished\":\"2014-10-13T13:42:53+00:00\",\"dateModified\":\"2023-11-28T11:38:56+00:00\",\"breadcrumb\":{\"@id\":\"https:\\\/\\\/www.itakaescolapios.org\\\/es\\\/campanas\\\/2014-2015-ven-y-veras-la-realidad-que-hay-detras\\\/otros-recursos\\\/#breadcrumb\"},\"inLanguage\":\"es\",\"potentialAction\":[{\"@type\":\"ReadAction\",\"target\":[\"https:\\\/\\\/www.itakaescolapios.org\\\/es\\\/campanas\\\/2014-2015-ven-y-veras-la-realidad-que-hay-detras\\\/otros-recursos\\\/\"]}]},{\"@type\":\"BreadcrumbList\",\"@id\":\"https:\\\/\\\/www.itakaescolapios.org\\\/es\\\/campanas\\\/2014-2015-ven-y-veras-la-realidad-que-hay-detras\\\/otros-recursos\\\/#breadcrumb\",\"itemListElement\":[{\"@type\":\"ListItem\",\"position\":1,\"name\":\"Portada\",\"item\":\"https:\\\/\\\/www.itakaescolapios.org\\\/es\\\/\"},{\"@type\":\"ListItem\",\"position\":2,\"name\":\"Campa\u00f1as\",\"item\":\"https:\\\/\\\/www.itakaescolapios.org\\\/es\\\/campanas\\\/\"},{\"@type\":\"ListItem\",\"position\":3,\"name\":\"2014-2015 VEN y VER\u00c1S, LA REALIDAD QUE HAY DETR\u00c1S\",\"item\":\"https:\\\/\\\/www.itakaescolapios.org\\\/es\\\/campanas\\\/2014-2015-ven-y-veras-la-realidad-que-hay-detras\\\/\"},{\"@type\":\"ListItem\",\"position\":4,\"name\":\"OTROS RECURSOS\"}]},{\"@type\":\"WebSite\",\"@id\":\"https:\\\/\\\/www.itakaescolapios.org\\\/es\\\/#website\",\"url\":\"https:\\\/\\\/www.itakaescolapios.org\\\/es\\\/\",\"name\":\"Itaka-Escolapios\",\"description\":\"Red de Itaka-Escolapios\",\"publisher\":{\"@id\":\"https:\\\/\\\/www.itakaescolapios.org\\\/es\\\/#organization\"},\"potentialAction\":[{\"@type\":\"SearchAction\",\"target\":{\"@type\":\"EntryPoint\",\"urlTemplate\":\"https:\\\/\\\/www.itakaescolapios.org\\\/es\\\/?s={search_term_string}\"},\"query-input\":{\"@type\":\"PropertyValueSpecification\",\"valueRequired\":true,\"valueName\":\"search_term_string\"}}],\"inLanguage\":\"es\"},{\"@type\":\"Organization\",\"@id\":\"https:\\\/\\\/www.itakaescolapios.org\\\/es\\\/#organization\",\"name\":\"Fundaci\u00f3 Itaka-Escolapios\",\"url\":\"https:\\\/\\\/www.itakaescolapios.org\\\/es\\\/\",\"logo\":{\"@type\":\"ImageObject\",\"inLanguage\":\"es\",\"@id\":\"https:\\\/\\\/www.itakaescolapios.org\\\/es\\\/#\\\/schema\\\/logo\\\/image\\\/\",\"url\":\"https:\\\/\\\/www.itakaescolapios.org\\\/wp-content\\\/uploads\\\/2024\\\/04\\\/Logo-itakaescolapios-peque.png\",\"contentUrl\":\"https:\\\/\\\/www.itakaescolapios.org\\\/wp-content\\\/uploads\\\/2024\\\/04\\\/Logo-itakaescolapios-peque.png\",\"width\":500,\"height\":199,\"caption\":\"Fundaci\u00f3 Itaka-Escolapios\"},\"image\":{\"@id\":\"https:\\\/\\\/www.itakaescolapios.org\\\/es\\\/#\\\/schema\\\/logo\\\/image\\\/\"}}]}<\/script>\n<!-- \/ Yoast SEO plugin. -->","yoast_head_json":{"title":"OTROS RECURSOS - Itaka-Escolapios","robots":{"index":"index","follow":"follow","max-snippet":"max-snippet:-1","max-image-preview":"max-image-preview:large","max-video-preview":"max-video-preview:-1"},"canonical":"https:\/\/www.itakaescolapios.org\/es\/campanas\/2014-2015-ven-y-veras-la-realidad-que-hay-detras\/otros-recursos\/","og_locale":"es_ES","og_type":"article","og_title":"OTROS RECURSOS - Itaka-Escolapios","og_description":"En esta secci\u00f3n puedes descargarte otros recursos\u00a0que\u00a0pueden ayudarte a\u00a0presentar\u00a0la campa\u00f1a y a\u00a0dinamizarla en tu centro educativo, grupo de tiempo libre, parroquia, &#8230; Desc\u00e1rgate en el siguiente enlace el powerpoint que [&hellip;]","og_url":"https:\/\/www.itakaescolapios.org\/es\/campanas\/2014-2015-ven-y-veras-la-realidad-que-hay-detras\/otros-recursos\/","og_site_name":"Itaka-Escolapios","article_modified_time":"2023-11-28T11:38:56+00:00","twitter_card":"summary_large_image","schema":{"@context":"https:\/\/schema.org","@graph":[{"@type":"WebPage","@id":"https:\/\/www.itakaescolapios.org\/es\/campanas\/2014-2015-ven-y-veras-la-realidad-que-hay-detras\/otros-recursos\/","url":"https:\/\/www.itakaescolapios.org\/es\/campanas\/2014-2015-ven-y-veras-la-realidad-que-hay-detras\/otros-recursos\/","name":"OTROS RECURSOS - Itaka-Escolapios","isPartOf":{"@id":"https:\/\/www.itakaescolapios.org\/es\/#website"},"datePublished":"2014-10-13T13:42:53+00:00","dateModified":"2023-11-28T11:38:56+00:00","breadcrumb":{"@id":"https:\/\/www.itakaescolapios.org\/es\/campanas\/2014-2015-ven-y-veras-la-realidad-que-hay-detras\/otros-recursos\/#breadcrumb"},"inLanguage":"es","potentialAction":[{"@type":"ReadAction","target":["https:\/\/www.itakaescolapios.org\/es\/campanas\/2014-2015-ven-y-veras-la-realidad-que-hay-detras\/otros-recursos\/"]}]},{"@type":"BreadcrumbList","@id":"https:\/\/www.itakaescolapios.org\/es\/campanas\/2014-2015-ven-y-veras-la-realidad-que-hay-detras\/otros-recursos\/#breadcrumb","itemListElement":[{"@type":"ListItem","position":1,"name":"Portada","item":"https:\/\/www.itakaescolapios.org\/es\/"},{"@type":"ListItem","position":2,"name":"Campa\u00f1as","item":"https:\/\/www.itakaescolapios.org\/es\/campanas\/"},{"@type":"ListItem","position":3,"name":"2014-2015 VEN y VER\u00c1S, LA REALIDAD QUE HAY DETR\u00c1S","item":"https:\/\/www.itakaescolapios.org\/es\/campanas\/2014-2015-ven-y-veras-la-realidad-que-hay-detras\/"},{"@type":"ListItem","position":4,"name":"OTROS RECURSOS"}]},{"@type":"WebSite","@id":"https:\/\/www.itakaescolapios.org\/es\/#website","url":"https:\/\/www.itakaescolapios.org\/es\/","name":"Itaka-Escolapios","description":"Red de Itaka-Escolapios","publisher":{"@id":"https:\/\/www.itakaescolapios.org\/es\/#organization"},"potentialAction":[{"@type":"SearchAction","target":{"@type":"EntryPoint","urlTemplate":"https:\/\/www.itakaescolapios.org\/es\/?s={search_term_string}"},"query-input":{"@type":"PropertyValueSpecification","valueRequired":true,"valueName":"search_term_string"}}],"inLanguage":"es"},{"@type":"Organization","@id":"https:\/\/www.itakaescolapios.org\/es\/#organization","name":"Fundaci\u00f3 Itaka-Escolapios","url":"https:\/\/www.itakaescolapios.org\/es\/","logo":{"@type":"ImageObject","inLanguage":"es","@id":"https:\/\/www.itakaescolapios.org\/es\/#\/schema\/logo\/image\/","url":"https:\/\/www.itakaescolapios.org\/wp-content\/uploads\/2024\/04\/Logo-itakaescolapios-peque.png","contentUrl":"https:\/\/www.itakaescolapios.org\/wp-content\/uploads\/2024\/04\/Logo-itakaescolapios-peque.png","width":500,"height":199,"caption":"Fundaci\u00f3 Itaka-Escolapios"},"image":{"@id":"https:\/\/www.itakaescolapios.org\/es\/#\/schema\/logo\/image\/"}}]}},"_links":{"self":[{"href":"https:\/\/www.itakaescolapios.org\/es\/wp-json\/wp\/v2\/pages\/10187","targetHints":{"allow":["GET"]}}],"collection":[{"href":"https:\/\/www.itakaescolapios.org\/es\/wp-json\/wp\/v2\/pages"}],"about":[{"href":"https:\/\/www.itakaescolapios.org\/es\/wp-json\/wp\/v2\/types\/page"}],"author":[{"embeddable":true,"href":"https:\/\/www.itakaescolapios.org\/es\/wp-json\/wp\/v2\/users\/46"}],"replies":[{"embeddable":true,"href":"https:\/\/www.itakaescolapios.org\/es\/wp-json\/wp\/v2\/comments?post=10187"}],"version-history":[{"count":24,"href":"https:\/\/www.itakaescolapios.org\/es\/wp-json\/wp\/v2\/pages\/10187\/revisions"}],"predecessor-version":[{"id":48977,"href":"https:\/\/www.itakaescolapios.org\/es\/wp-json\/wp\/v2\/pages\/10187\/revisions\/48977"}],"up":[{"embeddable":true,"href":"https:\/\/www.itakaescolapios.org\/es\/wp-json\/wp\/v2\/pages\/10167"}],"wp:attachment":[{"href":"https:\/\/www.itakaescolapios.org\/es\/wp-json\/wp\/v2\/media?parent=10187"}],"curies":[{"name":"wp","href":"https:\/\/api.w.org\/{rel}","templated":true}]}}