{"id":108,"date":"2012-05-28T16:02:56","date_gmt":"2012-05-28T15:02:56","guid":{"rendered":"https:\/\/www.itakaescolapios.org\/?page_id=108"},"modified":"2025-03-19T11:36:12","modified_gmt":"2025-03-19T10:36:12","slug":"lekunetxea","status":"publish","type":"page","link":"https:\/\/www.itakaescolapios.org\/es\/que-hacemos\/albergues-es\/lekunetxea\/","title":{"rendered":"Lekunetxea"},"content":{"rendered":"<p align=\"JUSTIFY\">El albergue est\u00e1 situado en el municipio de Arrazola en Bizkaia, a 43 km de Bilbao.<\/p>\n<p align=\"JUSTIFY\">Para llegar desde Bilbao se puede ir por autopista hasta Durango (A-8 direcci\u00f3n San Sebasti\u00e1n) o por la comarcal (N-634). Desde Durango se coge la carretera local BI-632 direcci\u00f3n Elorrio tomando la salida en Apatamonasterio y pasando el pueblo direcci\u00f3n Arrazola. El albergue se encuentra antes de llegar al n\u00facleo municipal de Arrazola en un camino que sale a la izquierda de la carretera (el albergue es un caser\u00edo de fachada blanca se ve desde la carretera)<\/p>\n<p align=\"JUSTIFY\">Tambi\u00e9n se puede acceder al albergue en transporte p\u00fablico de Bizkaibus. <a href=\"http:\/\/www.bizkaia.net\/herri_lanak\/bizkaibus\/ca_index.asp\" target=\"_blank\" rel=\"noopener\">Horarios Bizkaiabus.<\/a><\/p>\n<p align=\"JUSTIFY\">El albergue tiene capacidad para 60 personas. Dispone de calefacci\u00f3n y agua caliente. En la planta baja cuenta con un comedor muy grande (con futbol\u00edn y mesa de ping pong), una sala peque\u00f1a de reuniones junto a la cocina y zona de ba\u00f1os con duchas.<\/p>\n<p align=\"JUSTIFY\">En la primera planta se encuentran dos dormitorios con literas, un dormitorio con cuatro literas dobles y tres habitaciones individuales. En esta misma planta hay un ba\u00f1o con ba\u00f1era, sala de reuniones grande con TV y DVD y dos salas de almac\u00e9n.<\/p>\n<p align=\"JUSTIFY\">En la 2\u00ba planta accediendo desde una de las habitaciones principales hay una capilla para uso exclusivamente religioso. Desde la otra habitaci\u00f3n podemos acceder a una sala grande y a la terraza del albergue.<\/p>\n<p align=\"JUSTIFY\">El albergue cuenta en su exterior con grandes zonas de esparcimiento, lugar en la parte delantera de la casa, campo de f\u00fatbol y zona verde.<\/p>\n<p align=\"JUSTIFY\">La zona ofrece la posibilidad de infinidad de excursiones al situarse el albergue en el Valle de Atxondo, encontr\u00e1ndose a un paseo las piscinas municipales del municipio de Apatamonasterio.<\/p>\n<p align=\"JUSTIFY\">La casa puede alquilarse al completo y est\u00e1 totalmente equipada. Se exige un n\u00ba m\u00ednimo de 16 personas para su alquiler, para grupos inferiores el precio es mayor.\u00a0Se reserva exclusivamente a\u00a0colegios, ikastolas, parroquias, clubs de tiempo libre y asociaciones de trasfondo principalmente educativo.<\/p>\n<p align=\"JUSTIFY\">Se ofrece el servicio de cocinera previo aviso.<\/p>\n<p align=\"JUSTIFY\">Para consultar los precios y disponibilidad, p\u00f3ngase en contacto con la oficina de la sede de Bilbao de la Fundaci\u00f3n Itaka Escolapios.<\/p>\n<p><!--more--><\/p>\n","protected":false},"excerpt":{"rendered":"<p>El albergue est\u00e1 situado en el municipio de Arrazola en Bizkaia, a 43 km de Bilbao. Para llegar desde Bilbao se puede ir por autopista hasta Durango (A-8 direcci\u00f3n San [&hellip;]<\/p>\n","protected":false},"author":1,"featured_media":1203,"parent":51317,"menu_order":5,"comment_status":"closed","ping_status":"closed","template":"","meta":{"_et_pb_use_builder":"","_et_pb_old_content":"","_et_gb_content_width":"","footnotes":""},"class_list":["post-108","page","type-page","status-publish","has-post-thumbnail","hentry"],"yoast_head":"<!-- This site is optimized with the Yoast SEO plugin v27.4 - https:\/\/yoast.com\/product\/yoast-seo-wordpress\/ -->\n<title>Lekunetxea - Itaka-Escolapios<\/title>\n<meta name=\"robots\" content=\"index, follow, max-snippet:-1, max-image-preview:large, max-video-preview:-1\" \/>\n<link rel=\"canonical\" href=\"https:\/\/www.itakaescolapios.org\/es\/que-hacemos\/albergues-es\/lekunetxea\/\" \/>\n<meta property=\"og:locale\" content=\"es_ES\" \/>\n<meta property=\"og:type\" content=\"article\" \/>\n<meta property=\"og:title\" content=\"Lekunetxea - Itaka-Escolapios\" \/>\n<meta property=\"og:description\" content=\"El albergue est\u00e1 situado en el municipio de Arrazola en Bizkaia, a 43 km de Bilbao. Para llegar desde Bilbao se puede ir por autopista hasta Durango (A-8 direcci\u00f3n San [&hellip;]\" \/>\n<meta property=\"og:url\" content=\"https:\/\/www.itakaescolapios.org\/es\/que-hacemos\/albergues-es\/lekunetxea\/\" \/>\n<meta property=\"og:site_name\" content=\"Itaka-Escolapios\" \/>\n<meta property=\"article:modified_time\" content=\"2025-03-19T10:36:12+00:00\" \/>\n<meta property=\"og:image\" content=\"https:\/\/www.itakaescolapios.org\/wp-content\/uploads\/2012\/05\/Albergues-Lekunetxea-5-Bilbao.jpg\" \/>\n\t<meta property=\"og:image:width\" content=\"1200\" \/>\n\t<meta property=\"og:image:height\" content=\"796\" \/>\n\t<meta property=\"og:image:type\" content=\"image\/jpeg\" \/>\n<meta name=\"twitter:card\" content=\"summary_large_image\" \/>\n<meta name=\"twitter:label1\" content=\"Tiempo de lectura\" \/>\n\t<meta name=\"twitter:data1\" content=\"2 minutos\" \/>\n<script type=\"application\/ld+json\" class=\"yoast-schema-graph\">{\"@context\":\"https:\\\/\\\/schema.org\",\"@graph\":[{\"@type\":\"WebPage\",\"@id\":\"https:\\\/\\\/www.itakaescolapios.org\\\/es\\\/que-hacemos\\\/albergues-es\\\/lekunetxea\\\/\",\"url\":\"https:\\\/\\\/www.itakaescolapios.org\\\/es\\\/que-hacemos\\\/albergues-es\\\/lekunetxea\\\/\",\"name\":\"Lekunetxea - Itaka-Escolapios\",\"isPartOf\":{\"@id\":\"https:\\\/\\\/www.itakaescolapios.org\\\/es\\\/#website\"},\"primaryImageOfPage\":{\"@id\":\"https:\\\/\\\/www.itakaescolapios.org\\\/es\\\/que-hacemos\\\/albergues-es\\\/lekunetxea\\\/#primaryimage\"},\"image\":{\"@id\":\"https:\\\/\\\/www.itakaescolapios.org\\\/es\\\/que-hacemos\\\/albergues-es\\\/lekunetxea\\\/#primaryimage\"},\"thumbnailUrl\":\"https:\\\/\\\/www.itakaescolapios.org\\\/wp-content\\\/uploads\\\/2012\\\/05\\\/Albergues-Lekunetxea-5-Bilbao.jpg\",\"datePublished\":\"2012-05-28T15:02:56+00:00\",\"dateModified\":\"2025-03-19T10:36:12+00:00\",\"breadcrumb\":{\"@id\":\"https:\\\/\\\/www.itakaescolapios.org\\\/es\\\/que-hacemos\\\/albergues-es\\\/lekunetxea\\\/#breadcrumb\"},\"inLanguage\":\"es\",\"potentialAction\":[{\"@type\":\"ReadAction\",\"target\":[\"https:\\\/\\\/www.itakaescolapios.org\\\/es\\\/que-hacemos\\\/albergues-es\\\/lekunetxea\\\/\"]}]},{\"@type\":\"ImageObject\",\"inLanguage\":\"es\",\"@id\":\"https:\\\/\\\/www.itakaescolapios.org\\\/es\\\/que-hacemos\\\/albergues-es\\\/lekunetxea\\\/#primaryimage\",\"url\":\"https:\\\/\\\/www.itakaescolapios.org\\\/wp-content\\\/uploads\\\/2012\\\/05\\\/Albergues-Lekunetxea-5-Bilbao.jpg\",\"contentUrl\":\"https:\\\/\\\/www.itakaescolapios.org\\\/wp-content\\\/uploads\\\/2012\\\/05\\\/Albergues-Lekunetxea-5-Bilbao.jpg\",\"width\":\"1200\",\"height\":\"796\"},{\"@type\":\"BreadcrumbList\",\"@id\":\"https:\\\/\\\/www.itakaescolapios.org\\\/es\\\/que-hacemos\\\/albergues-es\\\/lekunetxea\\\/#breadcrumb\",\"itemListElement\":[{\"@type\":\"ListItem\",\"position\":1,\"name\":\"Portada\",\"item\":\"https:\\\/\\\/www.itakaescolapios.org\\\/es\\\/\"},{\"@type\":\"ListItem\",\"position\":2,\"name\":\"Qu\u00e9 hacemos\",\"item\":\"https:\\\/\\\/www.itakaescolapios.org\\\/es\\\/que-hacemos\\\/\"},{\"@type\":\"ListItem\",\"position\":3,\"name\":\"Albergues\",\"item\":\"https:\\\/\\\/www.itakaescolapios.org\\\/es\\\/que-hacemos\\\/albergues-es\\\/\"},{\"@type\":\"ListItem\",\"position\":4,\"name\":\"Lekunetxea\"}]},{\"@type\":\"WebSite\",\"@id\":\"https:\\\/\\\/www.itakaescolapios.org\\\/es\\\/#website\",\"url\":\"https:\\\/\\\/www.itakaescolapios.org\\\/es\\\/\",\"name\":\"Itaka-Escolapios\",\"description\":\"Red de Itaka-Escolapios\",\"publisher\":{\"@id\":\"https:\\\/\\\/www.itakaescolapios.org\\\/es\\\/#organization\"},\"potentialAction\":[{\"@type\":\"SearchAction\",\"target\":{\"@type\":\"EntryPoint\",\"urlTemplate\":\"https:\\\/\\\/www.itakaescolapios.org\\\/es\\\/?s={search_term_string}\"},\"query-input\":{\"@type\":\"PropertyValueSpecification\",\"valueRequired\":true,\"valueName\":\"search_term_string\"}}],\"inLanguage\":\"es\"},{\"@type\":\"Organization\",\"@id\":\"https:\\\/\\\/www.itakaescolapios.org\\\/es\\\/#organization\",\"name\":\"Fundaci\u00f3 Itaka-Escolapios\",\"url\":\"https:\\\/\\\/www.itakaescolapios.org\\\/es\\\/\",\"logo\":{\"@type\":\"ImageObject\",\"inLanguage\":\"es\",\"@id\":\"https:\\\/\\\/www.itakaescolapios.org\\\/es\\\/#\\\/schema\\\/logo\\\/image\\\/\",\"url\":\"https:\\\/\\\/www.itakaescolapios.org\\\/wp-content\\\/uploads\\\/2024\\\/04\\\/Logo-itakaescolapios-peque.png\",\"contentUrl\":\"https:\\\/\\\/www.itakaescolapios.org\\\/wp-content\\\/uploads\\\/2024\\\/04\\\/Logo-itakaescolapios-peque.png\",\"width\":500,\"height\":199,\"caption\":\"Fundaci\u00f3 Itaka-Escolapios\"},\"image\":{\"@id\":\"https:\\\/\\\/www.itakaescolapios.org\\\/es\\\/#\\\/schema\\\/logo\\\/image\\\/\"}}]}<\/script>\n<!-- \/ Yoast SEO plugin. -->","yoast_head_json":{"title":"Lekunetxea - Itaka-Escolapios","robots":{"index":"index","follow":"follow","max-snippet":"max-snippet:-1","max-image-preview":"max-image-preview:large","max-video-preview":"max-video-preview:-1"},"canonical":"https:\/\/www.itakaescolapios.org\/es\/que-hacemos\/albergues-es\/lekunetxea\/","og_locale":"es_ES","og_type":"article","og_title":"Lekunetxea - Itaka-Escolapios","og_description":"El albergue est\u00e1 situado en el municipio de Arrazola en Bizkaia, a 43 km de Bilbao. Para llegar desde Bilbao se puede ir por autopista hasta Durango (A-8 direcci\u00f3n San [&hellip;]","og_url":"https:\/\/www.itakaescolapios.org\/es\/que-hacemos\/albergues-es\/lekunetxea\/","og_site_name":"Itaka-Escolapios","article_modified_time":"2025-03-19T10:36:12+00:00","og_image":[{"width":1200,"height":796,"url":"https:\/\/www.itakaescolapios.org\/wp-content\/uploads\/2012\/05\/Albergues-Lekunetxea-5-Bilbao.jpg","type":"image\/jpeg"}],"twitter_card":"summary_large_image","twitter_misc":{"Tiempo de lectura":"2 minutos"},"schema":{"@context":"https:\/\/schema.org","@graph":[{"@type":"WebPage","@id":"https:\/\/www.itakaescolapios.org\/es\/que-hacemos\/albergues-es\/lekunetxea\/","url":"https:\/\/www.itakaescolapios.org\/es\/que-hacemos\/albergues-es\/lekunetxea\/","name":"Lekunetxea - Itaka-Escolapios","isPartOf":{"@id":"https:\/\/www.itakaescolapios.org\/es\/#website"},"primaryImageOfPage":{"@id":"https:\/\/www.itakaescolapios.org\/es\/que-hacemos\/albergues-es\/lekunetxea\/#primaryimage"},"image":{"@id":"https:\/\/www.itakaescolapios.org\/es\/que-hacemos\/albergues-es\/lekunetxea\/#primaryimage"},"thumbnailUrl":"https:\/\/www.itakaescolapios.org\/wp-content\/uploads\/2012\/05\/Albergues-Lekunetxea-5-Bilbao.jpg","datePublished":"2012-05-28T15:02:56+00:00","dateModified":"2025-03-19T10:36:12+00:00","breadcrumb":{"@id":"https:\/\/www.itakaescolapios.org\/es\/que-hacemos\/albergues-es\/lekunetxea\/#breadcrumb"},"inLanguage":"es","potentialAction":[{"@type":"ReadAction","target":["https:\/\/www.itakaescolapios.org\/es\/que-hacemos\/albergues-es\/lekunetxea\/"]}]},{"@type":"ImageObject","inLanguage":"es","@id":"https:\/\/www.itakaescolapios.org\/es\/que-hacemos\/albergues-es\/lekunetxea\/#primaryimage","url":"https:\/\/www.itakaescolapios.org\/wp-content\/uploads\/2012\/05\/Albergues-Lekunetxea-5-Bilbao.jpg","contentUrl":"https:\/\/www.itakaescolapios.org\/wp-content\/uploads\/2012\/05\/Albergues-Lekunetxea-5-Bilbao.jpg","width":"1200","height":"796"},{"@type":"BreadcrumbList","@id":"https:\/\/www.itakaescolapios.org\/es\/que-hacemos\/albergues-es\/lekunetxea\/#breadcrumb","itemListElement":[{"@type":"ListItem","position":1,"name":"Portada","item":"https:\/\/www.itakaescolapios.org\/es\/"},{"@type":"ListItem","position":2,"name":"Qu\u00e9 hacemos","item":"https:\/\/www.itakaescolapios.org\/es\/que-hacemos\/"},{"@type":"ListItem","position":3,"name":"Albergues","item":"https:\/\/www.itakaescolapios.org\/es\/que-hacemos\/albergues-es\/"},{"@type":"ListItem","position":4,"name":"Lekunetxea"}]},{"@type":"WebSite","@id":"https:\/\/www.itakaescolapios.org\/es\/#website","url":"https:\/\/www.itakaescolapios.org\/es\/","name":"Itaka-Escolapios","description":"Red de Itaka-Escolapios","publisher":{"@id":"https:\/\/www.itakaescolapios.org\/es\/#organization"},"potentialAction":[{"@type":"SearchAction","target":{"@type":"EntryPoint","urlTemplate":"https:\/\/www.itakaescolapios.org\/es\/?s={search_term_string}"},"query-input":{"@type":"PropertyValueSpecification","valueRequired":true,"valueName":"search_term_string"}}],"inLanguage":"es"},{"@type":"Organization","@id":"https:\/\/www.itakaescolapios.org\/es\/#organization","name":"Fundaci\u00f3 Itaka-Escolapios","url":"https:\/\/www.itakaescolapios.org\/es\/","logo":{"@type":"ImageObject","inLanguage":"es","@id":"https:\/\/www.itakaescolapios.org\/es\/#\/schema\/logo\/image\/","url":"https:\/\/www.itakaescolapios.org\/wp-content\/uploads\/2024\/04\/Logo-itakaescolapios-peque.png","contentUrl":"https:\/\/www.itakaescolapios.org\/wp-content\/uploads\/2024\/04\/Logo-itakaescolapios-peque.png","width":500,"height":199,"caption":"Fundaci\u00f3 Itaka-Escolapios"},"image":{"@id":"https:\/\/www.itakaescolapios.org\/es\/#\/schema\/logo\/image\/"}}]}},"_links":{"self":[{"href":"https:\/\/www.itakaescolapios.org\/es\/wp-json\/wp\/v2\/pages\/108","targetHints":{"allow":["GET"]}}],"collection":[{"href":"https:\/\/www.itakaescolapios.org\/es\/wp-json\/wp\/v2\/pages"}],"about":[{"href":"https:\/\/www.itakaescolapios.org\/es\/wp-json\/wp\/v2\/types\/page"}],"author":[{"embeddable":true,"href":"https:\/\/www.itakaescolapios.org\/es\/wp-json\/wp\/v2\/users\/1"}],"replies":[{"embeddable":true,"href":"https:\/\/www.itakaescolapios.org\/es\/wp-json\/wp\/v2\/comments?post=108"}],"version-history":[{"count":16,"href":"https:\/\/www.itakaescolapios.org\/es\/wp-json\/wp\/v2\/pages\/108\/revisions"}],"predecessor-version":[{"id":50324,"href":"https:\/\/www.itakaescolapios.org\/es\/wp-json\/wp\/v2\/pages\/108\/revisions\/50324"}],"up":[{"embeddable":true,"href":"https:\/\/www.itakaescolapios.org\/es\/wp-json\/wp\/v2\/pages\/51317"}],"wp:featuredmedia":[{"embeddable":true,"href":"https:\/\/www.itakaescolapios.org\/es\/wp-json\/wp\/v2\/media\/1203"}],"wp:attachment":[{"href":"https:\/\/www.itakaescolapios.org\/es\/wp-json\/wp\/v2\/media?parent=108"}],"curies":[{"name":"wp","href":"https:\/\/api.w.org\/{rel}","templated":true}]}}