{"id":11898,"date":"2015-02-11T15:45:54","date_gmt":"2015-02-11T14:45:54","guid":{"rendered":"https:\/\/www.itakaescolapios.org\/?page_id=11898"},"modified":"2023-11-28T12:38:47","modified_gmt":"2023-11-28T11:38:47","slug":"centro-cultural-calasanz-del-barrio-de-la-puya-r-dominicana","status":"publish","type":"page","link":"https:\/\/www.itakaescolapios.org\/es\/que-hacemos\/centros-socio-educativos\/centro-cultural-calasanz-del-barrio-de-la-puya-r-dominicana\/","title":{"rendered":"CENTRO CULTURAL CALASANZ BARRIO DE LA PUYA (R. DOMINICANA)"},"content":{"rendered":"<p>Espacio comunitario inserto en La Puya de Arroyo Hondo, comunidad muy empobrecida de Santo Domingo, para el desarrollo de programas de educaci\u00f3n no formal. Su misi\u00f3n es educar de forma integral a trav\u00e9s de este tipo de programas a ni\u00f1os, j\u00f3venes y familias vulnerables para la mejora de su calidad de vida, al estilo de Calasanz. Las \u00e1reas son apoyo escolar, preescolar, campamentos y deporte, arte y cultura, capacitaci\u00f3n t\u00e9cnico-profesional, valores humanos y espirituales, y desarrollo comunitario a trav\u00e9s de la promoci\u00f3n de la salud y la orientaci\u00f3n familiar. El proyecto est\u00e1 en crecimiento, impactando actualmente a 40 voluntarios y 240 ni\u00f1os, pero queriendo llegar a muchos m\u00e1s.<!--more--><\/p>\n","protected":false},"excerpt":{"rendered":"<p>Espacio comunitario inserto en La Puya de Arroyo Hondo, comunidad muy empobrecida de Santo Domingo, para el desarrollo de programas de educaci\u00f3n no formal. Su misi\u00f3n es educar de forma [&hellip;]<\/p>\n","protected":false},"author":46,"featured_media":11900,"parent":83,"menu_order":10,"comment_status":"closed","ping_status":"closed","template":"","meta":{"_et_pb_use_builder":"","_et_pb_old_content":"","_et_gb_content_width":"","footnotes":""},"class_list":["post-11898","page","type-page","status-publish","has-post-thumbnail","hentry"],"yoast_head":"<!-- This site is optimized with the Yoast SEO plugin v27.3 - https:\/\/yoast.com\/product\/yoast-seo-wordpress\/ -->\n<title>CENTRO CULTURAL CALASANZ BARRIO DE LA PUYA (R. DOMINICANA) - Itaka-Escolapios<\/title>\n<meta name=\"robots\" content=\"index, follow, max-snippet:-1, max-image-preview:large, max-video-preview:-1\" \/>\n<link rel=\"canonical\" href=\"https:\/\/www.itakaescolapios.org\/es\/que-hacemos\/centros-socio-educativos\/centro-cultural-calasanz-del-barrio-de-la-puya-r-dominicana\/\" \/>\n<meta property=\"og:locale\" content=\"es_ES\" \/>\n<meta property=\"og:type\" content=\"article\" \/>\n<meta property=\"og:title\" content=\"CENTRO CULTURAL CALASANZ BARRIO DE LA PUYA (R. DOMINICANA) - Itaka-Escolapios\" \/>\n<meta property=\"og:description\" content=\"Espacio comunitario inserto en La Puya de Arroyo Hondo, comunidad muy empobrecida de Santo Domingo, para el desarrollo de programas de educaci\u00f3n no formal. Su misi\u00f3n es educar de forma [&hellip;]\" \/>\n<meta property=\"og:url\" content=\"https:\/\/www.itakaescolapios.org\/es\/que-hacemos\/centros-socio-educativos\/centro-cultural-calasanz-del-barrio-de-la-puya-r-dominicana\/\" \/>\n<meta property=\"og:site_name\" content=\"Itaka-Escolapios\" \/>\n<meta property=\"article:modified_time\" content=\"2023-11-28T11:38:47+00:00\" \/>\n<meta property=\"og:image\" content=\"https:\/\/www.itakaescolapios.org\/wp-content\/uploads\/2015\/02\/Dominicana.jpg\" \/>\n\t<meta property=\"og:image:width\" content=\"960\" \/>\n\t<meta property=\"og:image:height\" content=\"721\" \/>\n\t<meta property=\"og:image:type\" content=\"image\/jpeg\" \/>\n<meta name=\"twitter:card\" content=\"summary_large_image\" \/>\n<meta name=\"twitter:label1\" content=\"Tiempo de lectura\" \/>\n\t<meta name=\"twitter:data1\" content=\"1 minuto\" \/>\n<script type=\"application\/ld+json\" class=\"yoast-schema-graph\">{\"@context\":\"https:\\\/\\\/schema.org\",\"@graph\":[{\"@type\":\"WebPage\",\"@id\":\"https:\\\/\\\/www.itakaescolapios.org\\\/es\\\/que-hacemos\\\/centros-socio-educativos\\\/centro-cultural-calasanz-del-barrio-de-la-puya-r-dominicana\\\/\",\"url\":\"https:\\\/\\\/www.itakaescolapios.org\\\/es\\\/que-hacemos\\\/centros-socio-educativos\\\/centro-cultural-calasanz-del-barrio-de-la-puya-r-dominicana\\\/\",\"name\":\"CENTRO CULTURAL CALASANZ BARRIO DE LA PUYA (R. DOMINICANA) - Itaka-Escolapios\",\"isPartOf\":{\"@id\":\"https:\\\/\\\/www.itakaescolapios.org\\\/es\\\/#website\"},\"primaryImageOfPage\":{\"@id\":\"https:\\\/\\\/www.itakaescolapios.org\\\/es\\\/que-hacemos\\\/centros-socio-educativos\\\/centro-cultural-calasanz-del-barrio-de-la-puya-r-dominicana\\\/#primaryimage\"},\"image\":{\"@id\":\"https:\\\/\\\/www.itakaescolapios.org\\\/es\\\/que-hacemos\\\/centros-socio-educativos\\\/centro-cultural-calasanz-del-barrio-de-la-puya-r-dominicana\\\/#primaryimage\"},\"thumbnailUrl\":\"https:\\\/\\\/www.itakaescolapios.org\\\/wp-content\\\/uploads\\\/2015\\\/02\\\/Dominicana.jpg\",\"datePublished\":\"2015-02-11T14:45:54+00:00\",\"dateModified\":\"2023-11-28T11:38:47+00:00\",\"breadcrumb\":{\"@id\":\"https:\\\/\\\/www.itakaescolapios.org\\\/es\\\/que-hacemos\\\/centros-socio-educativos\\\/centro-cultural-calasanz-del-barrio-de-la-puya-r-dominicana\\\/#breadcrumb\"},\"inLanguage\":\"es\",\"potentialAction\":[{\"@type\":\"ReadAction\",\"target\":[\"https:\\\/\\\/www.itakaescolapios.org\\\/es\\\/que-hacemos\\\/centros-socio-educativos\\\/centro-cultural-calasanz-del-barrio-de-la-puya-r-dominicana\\\/\"]}]},{\"@type\":\"ImageObject\",\"inLanguage\":\"es\",\"@id\":\"https:\\\/\\\/www.itakaescolapios.org\\\/es\\\/que-hacemos\\\/centros-socio-educativos\\\/centro-cultural-calasanz-del-barrio-de-la-puya-r-dominicana\\\/#primaryimage\",\"url\":\"https:\\\/\\\/www.itakaescolapios.org\\\/wp-content\\\/uploads\\\/2015\\\/02\\\/Dominicana.jpg\",\"contentUrl\":\"https:\\\/\\\/www.itakaescolapios.org\\\/wp-content\\\/uploads\\\/2015\\\/02\\\/Dominicana.jpg\",\"width\":960,\"height\":721},{\"@type\":\"BreadcrumbList\",\"@id\":\"https:\\\/\\\/www.itakaescolapios.org\\\/es\\\/que-hacemos\\\/centros-socio-educativos\\\/centro-cultural-calasanz-del-barrio-de-la-puya-r-dominicana\\\/#breadcrumb\",\"itemListElement\":[{\"@type\":\"ListItem\",\"position\":1,\"name\":\"Portada\",\"item\":\"https:\\\/\\\/www.itakaescolapios.org\\\/es\\\/\"},{\"@type\":\"ListItem\",\"position\":2,\"name\":\"Qu\u00e9 hacemos\",\"item\":\"https:\\\/\\\/www.itakaescolapios.org\\\/es\\\/que-hacemos\\\/\"},{\"@type\":\"ListItem\",\"position\":3,\"name\":\"Centros Socio-Educativos\",\"item\":\"https:\\\/\\\/www.itakaescolapios.org\\\/es\\\/que-hacemos\\\/centros-socio-educativos\\\/\"},{\"@type\":\"ListItem\",\"position\":4,\"name\":\"CENTRO CULTURAL CALASANZ BARRIO DE LA PUYA (R. DOMINICANA)\"}]},{\"@type\":\"WebSite\",\"@id\":\"https:\\\/\\\/www.itakaescolapios.org\\\/es\\\/#website\",\"url\":\"https:\\\/\\\/www.itakaescolapios.org\\\/es\\\/\",\"name\":\"Itaka-Escolapios\",\"description\":\"Red de Itaka-Escolapios\",\"publisher\":{\"@id\":\"https:\\\/\\\/www.itakaescolapios.org\\\/es\\\/#organization\"},\"potentialAction\":[{\"@type\":\"SearchAction\",\"target\":{\"@type\":\"EntryPoint\",\"urlTemplate\":\"https:\\\/\\\/www.itakaescolapios.org\\\/es\\\/?s={search_term_string}\"},\"query-input\":{\"@type\":\"PropertyValueSpecification\",\"valueRequired\":true,\"valueName\":\"search_term_string\"}}],\"inLanguage\":\"es\"},{\"@type\":\"Organization\",\"@id\":\"https:\\\/\\\/www.itakaescolapios.org\\\/es\\\/#organization\",\"name\":\"Fundaci\u00f3 Itaka-Escolapios\",\"url\":\"https:\\\/\\\/www.itakaescolapios.org\\\/es\\\/\",\"logo\":{\"@type\":\"ImageObject\",\"inLanguage\":\"es\",\"@id\":\"https:\\\/\\\/www.itakaescolapios.org\\\/es\\\/#\\\/schema\\\/logo\\\/image\\\/\",\"url\":\"https:\\\/\\\/www.itakaescolapios.org\\\/wp-content\\\/uploads\\\/2024\\\/04\\\/Logo-itakaescolapios-peque.png\",\"contentUrl\":\"https:\\\/\\\/www.itakaescolapios.org\\\/wp-content\\\/uploads\\\/2024\\\/04\\\/Logo-itakaescolapios-peque.png\",\"width\":500,\"height\":199,\"caption\":\"Fundaci\u00f3 Itaka-Escolapios\"},\"image\":{\"@id\":\"https:\\\/\\\/www.itakaescolapios.org\\\/es\\\/#\\\/schema\\\/logo\\\/image\\\/\"}}]}<\/script>\n<!-- \/ Yoast SEO plugin. -->","yoast_head_json":{"title":"CENTRO CULTURAL CALASANZ BARRIO DE LA PUYA (R. DOMINICANA) - Itaka-Escolapios","robots":{"index":"index","follow":"follow","max-snippet":"max-snippet:-1","max-image-preview":"max-image-preview:large","max-video-preview":"max-video-preview:-1"},"canonical":"https:\/\/www.itakaescolapios.org\/es\/que-hacemos\/centros-socio-educativos\/centro-cultural-calasanz-del-barrio-de-la-puya-r-dominicana\/","og_locale":"es_ES","og_type":"article","og_title":"CENTRO CULTURAL CALASANZ BARRIO DE LA PUYA (R. DOMINICANA) - Itaka-Escolapios","og_description":"Espacio comunitario inserto en La Puya de Arroyo Hondo, comunidad muy empobrecida de Santo Domingo, para el desarrollo de programas de educaci\u00f3n no formal. Su misi\u00f3n es educar de forma [&hellip;]","og_url":"https:\/\/www.itakaescolapios.org\/es\/que-hacemos\/centros-socio-educativos\/centro-cultural-calasanz-del-barrio-de-la-puya-r-dominicana\/","og_site_name":"Itaka-Escolapios","article_modified_time":"2023-11-28T11:38:47+00:00","og_image":[{"width":960,"height":721,"url":"https:\/\/www.itakaescolapios.org\/wp-content\/uploads\/2015\/02\/Dominicana.jpg","type":"image\/jpeg"}],"twitter_card":"summary_large_image","twitter_misc":{"Tiempo de lectura":"1 minuto"},"schema":{"@context":"https:\/\/schema.org","@graph":[{"@type":"WebPage","@id":"https:\/\/www.itakaescolapios.org\/es\/que-hacemos\/centros-socio-educativos\/centro-cultural-calasanz-del-barrio-de-la-puya-r-dominicana\/","url":"https:\/\/www.itakaescolapios.org\/es\/que-hacemos\/centros-socio-educativos\/centro-cultural-calasanz-del-barrio-de-la-puya-r-dominicana\/","name":"CENTRO CULTURAL CALASANZ BARRIO DE LA PUYA (R. DOMINICANA) - Itaka-Escolapios","isPartOf":{"@id":"https:\/\/www.itakaescolapios.org\/es\/#website"},"primaryImageOfPage":{"@id":"https:\/\/www.itakaescolapios.org\/es\/que-hacemos\/centros-socio-educativos\/centro-cultural-calasanz-del-barrio-de-la-puya-r-dominicana\/#primaryimage"},"image":{"@id":"https:\/\/www.itakaescolapios.org\/es\/que-hacemos\/centros-socio-educativos\/centro-cultural-calasanz-del-barrio-de-la-puya-r-dominicana\/#primaryimage"},"thumbnailUrl":"https:\/\/www.itakaescolapios.org\/wp-content\/uploads\/2015\/02\/Dominicana.jpg","datePublished":"2015-02-11T14:45:54+00:00","dateModified":"2023-11-28T11:38:47+00:00","breadcrumb":{"@id":"https:\/\/www.itakaescolapios.org\/es\/que-hacemos\/centros-socio-educativos\/centro-cultural-calasanz-del-barrio-de-la-puya-r-dominicana\/#breadcrumb"},"inLanguage":"es","potentialAction":[{"@type":"ReadAction","target":["https:\/\/www.itakaescolapios.org\/es\/que-hacemos\/centros-socio-educativos\/centro-cultural-calasanz-del-barrio-de-la-puya-r-dominicana\/"]}]},{"@type":"ImageObject","inLanguage":"es","@id":"https:\/\/www.itakaescolapios.org\/es\/que-hacemos\/centros-socio-educativos\/centro-cultural-calasanz-del-barrio-de-la-puya-r-dominicana\/#primaryimage","url":"https:\/\/www.itakaescolapios.org\/wp-content\/uploads\/2015\/02\/Dominicana.jpg","contentUrl":"https:\/\/www.itakaescolapios.org\/wp-content\/uploads\/2015\/02\/Dominicana.jpg","width":960,"height":721},{"@type":"BreadcrumbList","@id":"https:\/\/www.itakaescolapios.org\/es\/que-hacemos\/centros-socio-educativos\/centro-cultural-calasanz-del-barrio-de-la-puya-r-dominicana\/#breadcrumb","itemListElement":[{"@type":"ListItem","position":1,"name":"Portada","item":"https:\/\/www.itakaescolapios.org\/es\/"},{"@type":"ListItem","position":2,"name":"Qu\u00e9 hacemos","item":"https:\/\/www.itakaescolapios.org\/es\/que-hacemos\/"},{"@type":"ListItem","position":3,"name":"Centros Socio-Educativos","item":"https:\/\/www.itakaescolapios.org\/es\/que-hacemos\/centros-socio-educativos\/"},{"@type":"ListItem","position":4,"name":"CENTRO CULTURAL CALASANZ BARRIO DE LA PUYA (R. DOMINICANA)"}]},{"@type":"WebSite","@id":"https:\/\/www.itakaescolapios.org\/es\/#website","url":"https:\/\/www.itakaescolapios.org\/es\/","name":"Itaka-Escolapios","description":"Red de Itaka-Escolapios","publisher":{"@id":"https:\/\/www.itakaescolapios.org\/es\/#organization"},"potentialAction":[{"@type":"SearchAction","target":{"@type":"EntryPoint","urlTemplate":"https:\/\/www.itakaescolapios.org\/es\/?s={search_term_string}"},"query-input":{"@type":"PropertyValueSpecification","valueRequired":true,"valueName":"search_term_string"}}],"inLanguage":"es"},{"@type":"Organization","@id":"https:\/\/www.itakaescolapios.org\/es\/#organization","name":"Fundaci\u00f3 Itaka-Escolapios","url":"https:\/\/www.itakaescolapios.org\/es\/","logo":{"@type":"ImageObject","inLanguage":"es","@id":"https:\/\/www.itakaescolapios.org\/es\/#\/schema\/logo\/image\/","url":"https:\/\/www.itakaescolapios.org\/wp-content\/uploads\/2024\/04\/Logo-itakaescolapios-peque.png","contentUrl":"https:\/\/www.itakaescolapios.org\/wp-content\/uploads\/2024\/04\/Logo-itakaescolapios-peque.png","width":500,"height":199,"caption":"Fundaci\u00f3 Itaka-Escolapios"},"image":{"@id":"https:\/\/www.itakaescolapios.org\/es\/#\/schema\/logo\/image\/"}}]}},"_links":{"self":[{"href":"https:\/\/www.itakaescolapios.org\/es\/wp-json\/wp\/v2\/pages\/11898","targetHints":{"allow":["GET"]}}],"collection":[{"href":"https:\/\/www.itakaescolapios.org\/es\/wp-json\/wp\/v2\/pages"}],"about":[{"href":"https:\/\/www.itakaescolapios.org\/es\/wp-json\/wp\/v2\/types\/page"}],"author":[{"embeddable":true,"href":"https:\/\/www.itakaescolapios.org\/es\/wp-json\/wp\/v2\/users\/46"}],"replies":[{"embeddable":true,"href":"https:\/\/www.itakaescolapios.org\/es\/wp-json\/wp\/v2\/comments?post=11898"}],"version-history":[{"count":12,"href":"https:\/\/www.itakaescolapios.org\/es\/wp-json\/wp\/v2\/pages\/11898\/revisions"}],"predecessor-version":[{"id":48751,"href":"https:\/\/www.itakaescolapios.org\/es\/wp-json\/wp\/v2\/pages\/11898\/revisions\/48751"}],"up":[{"embeddable":true,"href":"https:\/\/www.itakaescolapios.org\/es\/wp-json\/wp\/v2\/pages\/83"}],"wp:featuredmedia":[{"embeddable":true,"href":"https:\/\/www.itakaescolapios.org\/es\/wp-json\/wp\/v2\/media\/11900"}],"wp:attachment":[{"href":"https:\/\/www.itakaescolapios.org\/es\/wp-json\/wp\/v2\/media?parent=11898"}],"curies":[{"name":"wp","href":"https:\/\/api.w.org\/{rel}","templated":true}]}}