{"id":13325,"date":"2015-10-22T10:47:21","date_gmt":"2015-10-22T09:47:21","guid":{"rendered":"https:\/\/www.itakaescolapios.org\/?page_id=13325"},"modified":"2023-11-28T12:38:36","modified_gmt":"2023-11-28T11:38:36","slug":"al-encuentro-con-atambua-berjumpa-dengan-atambua","status":"publish","type":"page","link":"https:\/\/www.itakaescolapios.org\/es\/campanas\/2015-2016-al-encuentro-de-atambua\/al-encuentro-con-atambua-berjumpa-dengan-atambua\/","title":{"rendered":"AL ENCUENTRO CON ATAMB\u00daA \/ BERJUMPA DENGAN ATAMBUA"},"content":{"rendered":"<p><a href=\"https:\/\/www.itakaescolapios.org\/wp-content\/uploads\/2015\/10\/cartel-campa\u00f1a-1516-web.jpg\"><img decoding=\"async\" class=\"wp-image-13481 aligncenter\" style=\"width: 454px; height: 305px;\" alt=\"cartel campa\u00f1a 1516 web\" src=\"https:\/\/www.itakaescolapios.org\/wp-content\/uploads\/2015\/10\/cartel-campa\u00f1a-1516-web-300x214.jpg\" width=\"300\" height=\"214\" srcset=\"https:\/\/www.itakaescolapios.org\/wp-content\/uploads\/2015\/10\/cartel-campa\u00f1a-1516-web-300x214.jpg 300w, https:\/\/www.itakaescolapios.org\/wp-content\/uploads\/2015\/10\/cartel-campa\u00f1a-1516-web-1024x731.jpg 1024w, https:\/\/www.itakaescolapios.org\/wp-content\/uploads\/2015\/10\/cartel-campa\u00f1a-1516-web-250x178.jpg 250w, https:\/\/www.itakaescolapios.org\/wp-content\/uploads\/2015\/10\/cartel-campa\u00f1a-1516-web.jpg 2000w\" sizes=\"(max-width: 300px) 100vw, 300px\" \/> <\/a><\/p>\n<p style=\"text-align: justify;\">Durante todo este curso, las Escuelas P\u00edas de muchos lugares estamos compartiendo el lema <i>\u201cAl encuentro\u201d<\/i> como hilo conductor de todo lo que hacemos. En este contexto, <i>nos re-encontramos<\/i> una vez m\u00e1s con una de las iniciativas m\u00e1s significativas que en Itaka-Escolapios impulsamos conjuntamente a lo largo del a\u00f1o: la campa\u00f1a de solidaridad a favor de la misi\u00f3n escolapia en los pa\u00edses empobrecidos del Sur.<\/p>\n<p style=\"text-align: justify;\">Despu\u00e9s de tres a\u00f1os consecutivos en los cuales nuestras campa\u00f1as de solidaridad han ido destinadas a apoyar una pluralidad de pa\u00edses y proyectos, este curso volvemos a centrar nuestra mirada y esfuerzos en la misi\u00f3n escolapia en un \u00fanico pa\u00eds, en este caso Indonesia.<\/p>\n<p style=\"text-align: justify;\">El objetivo de esta campa\u00f1a de solidaridad es doble: por un lado, <i>encontrarnos con<\/i> las Escuelas P\u00edas en Indonesia, una de las presencias escolapias m\u00e1s recientemente fundadas en el mundo. Conoceremos la realidad de la misi\u00f3n de Atamb\u00faa, puesta en marcha en 2013, y nos abriremos a la labor socioeducativa y pastoral que realizan los escolapios all\u00ed, trabajando entre las personas m\u00e1s necesitadas, as\u00ed como compartiremos sus sue\u00f1os para hacer crecer esa misi\u00f3n en el futuro.<\/p>\n<p style=\"text-align: justify;\">Junto a ello, queremos que la campa\u00f1a sirva para que nuestra solidaridad <i>se encuentre con<\/i> la de muchas otras personas, en decenas de ciudades y colegios. Haremos as\u00ed posible un proyecto especialmente necesario hoy en Atamb\u00faa: la construcci\u00f3n de un internado que acoja a ni\u00f1os y j\u00f3venes con escasos recursos procedentes de las zonas rurales pr\u00f3ximas, a fin de que puedan continuar sus estudios de secundaria y tener una mejores expectativas para su vida y para el futuro de sus comunidades.<\/p>\n<p style=\"text-align: justify;\">Desde estos planteamientos ponemos en marcha la campa\u00f1a de solidaridad en 2015-16, con el lema <i>\u201cAl encuentro con Atamb\u00faa\u201d.<\/i> Subrayamos con \u00e9l nuestra propuesta de salir al encuentro y dejarnos encontrar por la misi\u00f3n escolapia en los lugares m\u00e1s empobrecidos. Y por otro lado, la llamada a hacerlo junto con el resto de personas, centros educativos y proyectos que participamos en esta gran red solidaria que es Itaka-Escolapios.<\/p>\n<p style=\"text-align: justify;\">Os invitamos a participar e implicaros con ilusi\u00f3n en esta campa\u00f1a.<\/p>\n<p style=\"text-align: justify;\">Terima kasih banyak. Muchas gracias.<\/p>\n<p><!--more--><\/p>\n","protected":false},"excerpt":{"rendered":"<p>Durante todo este curso, las Escuelas P\u00edas de muchos lugares estamos compartiendo el lema \u201cAl encuentro\u201d como hilo conductor de todo lo que hacemos. En este contexto, nos re-encontramos una [&hellip;]<\/p>\n","protected":false},"author":46,"featured_media":0,"parent":13298,"menu_order":2,"comment_status":"closed","ping_status":"closed","template":"","meta":{"_et_pb_use_builder":"","_et_pb_old_content":"","_et_gb_content_width":"","footnotes":""},"class_list":["post-13325","page","type-page","status-publish","hentry"],"yoast_head":"<!-- This site is optimized with the Yoast SEO plugin v27.3 - https:\/\/yoast.com\/product\/yoast-seo-wordpress\/ -->\n<title>AL ENCUENTRO CON ATAMB\u00daA \/ BERJUMPA DENGAN ATAMBUA - Itaka-Escolapios<\/title>\n<meta name=\"robots\" content=\"index, follow, max-snippet:-1, max-image-preview:large, max-video-preview:-1\" \/>\n<link rel=\"canonical\" href=\"https:\/\/www.itakaescolapios.org\/es\/campanas\/2015-2016-al-encuentro-de-atambua\/al-encuentro-con-atambua-berjumpa-dengan-atambua\/\" \/>\n<meta property=\"og:locale\" content=\"es_ES\" \/>\n<meta property=\"og:type\" content=\"article\" \/>\n<meta property=\"og:title\" content=\"AL ENCUENTRO CON ATAMB\u00daA \/ BERJUMPA DENGAN ATAMBUA - Itaka-Escolapios\" \/>\n<meta property=\"og:description\" content=\"Durante todo este curso, las Escuelas P\u00edas de muchos lugares estamos compartiendo el lema \u201cAl encuentro\u201d como hilo conductor de todo lo que hacemos. En este contexto, nos re-encontramos una [&hellip;]\" \/>\n<meta property=\"og:url\" content=\"https:\/\/www.itakaescolapios.org\/es\/campanas\/2015-2016-al-encuentro-de-atambua\/al-encuentro-con-atambua-berjumpa-dengan-atambua\/\" \/>\n<meta property=\"og:site_name\" content=\"Itaka-Escolapios\" \/>\n<meta property=\"article:modified_time\" content=\"2023-11-28T11:38:36+00:00\" \/>\n<meta name=\"twitter:card\" content=\"summary_large_image\" \/>\n<meta name=\"twitter:label1\" content=\"Tiempo de lectura\" \/>\n\t<meta name=\"twitter:data1\" content=\"2 minutos\" \/>\n<script type=\"application\/ld+json\" class=\"yoast-schema-graph\">{\"@context\":\"https:\\\/\\\/schema.org\",\"@graph\":[{\"@type\":\"WebPage\",\"@id\":\"https:\\\/\\\/www.itakaescolapios.org\\\/es\\\/campanas\\\/2015-2016-al-encuentro-de-atambua\\\/al-encuentro-con-atambua-berjumpa-dengan-atambua\\\/\",\"url\":\"https:\\\/\\\/www.itakaescolapios.org\\\/es\\\/campanas\\\/2015-2016-al-encuentro-de-atambua\\\/al-encuentro-con-atambua-berjumpa-dengan-atambua\\\/\",\"name\":\"AL ENCUENTRO CON ATAMB\u00daA \\\/ BERJUMPA DENGAN ATAMBUA - Itaka-Escolapios\",\"isPartOf\":{\"@id\":\"https:\\\/\\\/www.itakaescolapios.org\\\/es\\\/#website\"},\"datePublished\":\"2015-10-22T09:47:21+00:00\",\"dateModified\":\"2023-11-28T11:38:36+00:00\",\"breadcrumb\":{\"@id\":\"https:\\\/\\\/www.itakaescolapios.org\\\/es\\\/campanas\\\/2015-2016-al-encuentro-de-atambua\\\/al-encuentro-con-atambua-berjumpa-dengan-atambua\\\/#breadcrumb\"},\"inLanguage\":\"es\",\"potentialAction\":[{\"@type\":\"ReadAction\",\"target\":[\"https:\\\/\\\/www.itakaescolapios.org\\\/es\\\/campanas\\\/2015-2016-al-encuentro-de-atambua\\\/al-encuentro-con-atambua-berjumpa-dengan-atambua\\\/\"]}]},{\"@type\":\"BreadcrumbList\",\"@id\":\"https:\\\/\\\/www.itakaescolapios.org\\\/es\\\/campanas\\\/2015-2016-al-encuentro-de-atambua\\\/al-encuentro-con-atambua-berjumpa-dengan-atambua\\\/#breadcrumb\",\"itemListElement\":[{\"@type\":\"ListItem\",\"position\":1,\"name\":\"Portada\",\"item\":\"https:\\\/\\\/www.itakaescolapios.org\\\/es\\\/\"},{\"@type\":\"ListItem\",\"position\":2,\"name\":\"Campa\u00f1as\",\"item\":\"https:\\\/\\\/www.itakaescolapios.org\\\/es\\\/campanas\\\/\"},{\"@type\":\"ListItem\",\"position\":3,\"name\":\"2015-2016 AL ENCUENTRO CON ATAMB\u00daA\",\"item\":\"https:\\\/\\\/www.itakaescolapios.org\\\/es\\\/campanas\\\/2015-2016-al-encuentro-de-atambua\\\/\"},{\"@type\":\"ListItem\",\"position\":4,\"name\":\"AL ENCUENTRO CON ATAMB\u00daA \\\/ BERJUMPA DENGAN ATAMBUA\"}]},{\"@type\":\"WebSite\",\"@id\":\"https:\\\/\\\/www.itakaescolapios.org\\\/es\\\/#website\",\"url\":\"https:\\\/\\\/www.itakaescolapios.org\\\/es\\\/\",\"name\":\"Itaka-Escolapios\",\"description\":\"Red de Itaka-Escolapios\",\"publisher\":{\"@id\":\"https:\\\/\\\/www.itakaescolapios.org\\\/es\\\/#organization\"},\"potentialAction\":[{\"@type\":\"SearchAction\",\"target\":{\"@type\":\"EntryPoint\",\"urlTemplate\":\"https:\\\/\\\/www.itakaescolapios.org\\\/es\\\/?s={search_term_string}\"},\"query-input\":{\"@type\":\"PropertyValueSpecification\",\"valueRequired\":true,\"valueName\":\"search_term_string\"}}],\"inLanguage\":\"es\"},{\"@type\":\"Organization\",\"@id\":\"https:\\\/\\\/www.itakaescolapios.org\\\/es\\\/#organization\",\"name\":\"Fundaci\u00f3 Itaka-Escolapios\",\"url\":\"https:\\\/\\\/www.itakaescolapios.org\\\/es\\\/\",\"logo\":{\"@type\":\"ImageObject\",\"inLanguage\":\"es\",\"@id\":\"https:\\\/\\\/www.itakaescolapios.org\\\/es\\\/#\\\/schema\\\/logo\\\/image\\\/\",\"url\":\"https:\\\/\\\/www.itakaescolapios.org\\\/wp-content\\\/uploads\\\/2024\\\/04\\\/Logo-itakaescolapios-peque.png\",\"contentUrl\":\"https:\\\/\\\/www.itakaescolapios.org\\\/wp-content\\\/uploads\\\/2024\\\/04\\\/Logo-itakaescolapios-peque.png\",\"width\":500,\"height\":199,\"caption\":\"Fundaci\u00f3 Itaka-Escolapios\"},\"image\":{\"@id\":\"https:\\\/\\\/www.itakaescolapios.org\\\/es\\\/#\\\/schema\\\/logo\\\/image\\\/\"}}]}<\/script>\n<!-- \/ Yoast SEO plugin. -->","yoast_head_json":{"title":"AL ENCUENTRO CON ATAMB\u00daA \/ BERJUMPA DENGAN ATAMBUA - Itaka-Escolapios","robots":{"index":"index","follow":"follow","max-snippet":"max-snippet:-1","max-image-preview":"max-image-preview:large","max-video-preview":"max-video-preview:-1"},"canonical":"https:\/\/www.itakaescolapios.org\/es\/campanas\/2015-2016-al-encuentro-de-atambua\/al-encuentro-con-atambua-berjumpa-dengan-atambua\/","og_locale":"es_ES","og_type":"article","og_title":"AL ENCUENTRO CON ATAMB\u00daA \/ BERJUMPA DENGAN ATAMBUA - Itaka-Escolapios","og_description":"Durante todo este curso, las Escuelas P\u00edas de muchos lugares estamos compartiendo el lema \u201cAl encuentro\u201d como hilo conductor de todo lo que hacemos. En este contexto, nos re-encontramos una [&hellip;]","og_url":"https:\/\/www.itakaescolapios.org\/es\/campanas\/2015-2016-al-encuentro-de-atambua\/al-encuentro-con-atambua-berjumpa-dengan-atambua\/","og_site_name":"Itaka-Escolapios","article_modified_time":"2023-11-28T11:38:36+00:00","twitter_card":"summary_large_image","twitter_misc":{"Tiempo de lectura":"2 minutos"},"schema":{"@context":"https:\/\/schema.org","@graph":[{"@type":"WebPage","@id":"https:\/\/www.itakaescolapios.org\/es\/campanas\/2015-2016-al-encuentro-de-atambua\/al-encuentro-con-atambua-berjumpa-dengan-atambua\/","url":"https:\/\/www.itakaescolapios.org\/es\/campanas\/2015-2016-al-encuentro-de-atambua\/al-encuentro-con-atambua-berjumpa-dengan-atambua\/","name":"AL ENCUENTRO CON ATAMB\u00daA \/ BERJUMPA DENGAN ATAMBUA - Itaka-Escolapios","isPartOf":{"@id":"https:\/\/www.itakaescolapios.org\/es\/#website"},"datePublished":"2015-10-22T09:47:21+00:00","dateModified":"2023-11-28T11:38:36+00:00","breadcrumb":{"@id":"https:\/\/www.itakaescolapios.org\/es\/campanas\/2015-2016-al-encuentro-de-atambua\/al-encuentro-con-atambua-berjumpa-dengan-atambua\/#breadcrumb"},"inLanguage":"es","potentialAction":[{"@type":"ReadAction","target":["https:\/\/www.itakaescolapios.org\/es\/campanas\/2015-2016-al-encuentro-de-atambua\/al-encuentro-con-atambua-berjumpa-dengan-atambua\/"]}]},{"@type":"BreadcrumbList","@id":"https:\/\/www.itakaescolapios.org\/es\/campanas\/2015-2016-al-encuentro-de-atambua\/al-encuentro-con-atambua-berjumpa-dengan-atambua\/#breadcrumb","itemListElement":[{"@type":"ListItem","position":1,"name":"Portada","item":"https:\/\/www.itakaescolapios.org\/es\/"},{"@type":"ListItem","position":2,"name":"Campa\u00f1as","item":"https:\/\/www.itakaescolapios.org\/es\/campanas\/"},{"@type":"ListItem","position":3,"name":"2015-2016 AL ENCUENTRO CON ATAMB\u00daA","item":"https:\/\/www.itakaescolapios.org\/es\/campanas\/2015-2016-al-encuentro-de-atambua\/"},{"@type":"ListItem","position":4,"name":"AL ENCUENTRO CON ATAMB\u00daA \/ BERJUMPA DENGAN ATAMBUA"}]},{"@type":"WebSite","@id":"https:\/\/www.itakaescolapios.org\/es\/#website","url":"https:\/\/www.itakaescolapios.org\/es\/","name":"Itaka-Escolapios","description":"Red de Itaka-Escolapios","publisher":{"@id":"https:\/\/www.itakaescolapios.org\/es\/#organization"},"potentialAction":[{"@type":"SearchAction","target":{"@type":"EntryPoint","urlTemplate":"https:\/\/www.itakaescolapios.org\/es\/?s={search_term_string}"},"query-input":{"@type":"PropertyValueSpecification","valueRequired":true,"valueName":"search_term_string"}}],"inLanguage":"es"},{"@type":"Organization","@id":"https:\/\/www.itakaescolapios.org\/es\/#organization","name":"Fundaci\u00f3 Itaka-Escolapios","url":"https:\/\/www.itakaescolapios.org\/es\/","logo":{"@type":"ImageObject","inLanguage":"es","@id":"https:\/\/www.itakaescolapios.org\/es\/#\/schema\/logo\/image\/","url":"https:\/\/www.itakaescolapios.org\/wp-content\/uploads\/2024\/04\/Logo-itakaescolapios-peque.png","contentUrl":"https:\/\/www.itakaescolapios.org\/wp-content\/uploads\/2024\/04\/Logo-itakaescolapios-peque.png","width":500,"height":199,"caption":"Fundaci\u00f3 Itaka-Escolapios"},"image":{"@id":"https:\/\/www.itakaescolapios.org\/es\/#\/schema\/logo\/image\/"}}]}},"_links":{"self":[{"href":"https:\/\/www.itakaescolapios.org\/es\/wp-json\/wp\/v2\/pages\/13325","targetHints":{"allow":["GET"]}}],"collection":[{"href":"https:\/\/www.itakaescolapios.org\/es\/wp-json\/wp\/v2\/pages"}],"about":[{"href":"https:\/\/www.itakaescolapios.org\/es\/wp-json\/wp\/v2\/types\/page"}],"author":[{"embeddable":true,"href":"https:\/\/www.itakaescolapios.org\/es\/wp-json\/wp\/v2\/users\/46"}],"replies":[{"embeddable":true,"href":"https:\/\/www.itakaescolapios.org\/es\/wp-json\/wp\/v2\/comments?post=13325"}],"version-history":[{"count":18,"href":"https:\/\/www.itakaescolapios.org\/es\/wp-json\/wp\/v2\/pages\/13325\/revisions"}],"predecessor-version":[{"id":48584,"href":"https:\/\/www.itakaescolapios.org\/es\/wp-json\/wp\/v2\/pages\/13325\/revisions\/48584"}],"up":[{"embeddable":true,"href":"https:\/\/www.itakaescolapios.org\/es\/wp-json\/wp\/v2\/pages\/13298"}],"wp:attachment":[{"href":"https:\/\/www.itakaescolapios.org\/es\/wp-json\/wp\/v2\/media?parent=13325"}],"curies":[{"name":"wp","href":"https:\/\/api.w.org\/{rel}","templated":true}]}}